{"id":3,"date":"2019-08-21T10:24:42","date_gmt":"2019-08-21T10:24:42","guid":{"rendered":"https:\/\/besterpcba.com\/?page_id=3"},"modified":"2021-09-28T04:02:50","modified_gmt":"2021-09-28T04:02:50","slug":"privacy-policy","status":"publish","type":"page","link":"https:\/\/www.besterpcba.com\/de\/datenschutzbestimmungen\/","title":{"rendered":"Datenschutzbestimmungen"},"content":{"rendered":"<div class=\"wp-block-group terms-page-header-gp\"><div class=\"wp-block-group__inner-container is-layout-flow wp-block-group-is-layout-flow\"><h1 class=\"wp-block-heading\" id=\"privacy-policy\"> Datenschutzbestimmungen<\/h1><\/div><\/div>\n\n\n\n<div class=\"wp-block-group terms-page-header-content-gp\"><div class=\"wp-block-group__inner-container is-layout-flow wp-block-group-is-layout-flow\"><h1 class=\"wp-block-heading\" id=\"privacy-policy\">Datenschutzbestimmungen<\/h1>\n\n\n<p>Vielen Dank, dass Sie sich entschieden haben, Teil unserer Gemeinschaft bei Rayzeek (\"Unternehmen\", \"wir\", \"uns\", \"unser\") zu sein. Wir verpflichten uns, Ihre pers\u00f6nlichen Daten und Ihr Recht auf Privatsph\u00e4re zu sch\u00fctzen. Wenn Sie Fragen oder Bedenken bez\u00fcglich dieser Datenschutzerkl\u00e4rung oder unserer Praktiken in Bezug auf Ihre pers\u00f6nlichen Daten haben, kontaktieren Sie uns bitte unter info@rayzeek.com<\/p>\n\n\n\n<p>Wenn Sie unsere Website rayzeek.com (die \"Website\") besuchen und ganz allgemein einen unserer Dienste (die \"Dienste\", zu denen die Website geh\u00f6rt) nutzen, wissen wir zu sch\u00e4tzen, dass Sie uns Ihre pers\u00f6nlichen Daten anvertrauen. Wir nehmen Ihre Privatsph\u00e4re sehr ernst. In dieser Datenschutzerkl\u00e4rung m\u00f6chten wir Ihnen so klar wie m\u00f6glich erkl\u00e4ren, welche Daten wir sammeln, wie wir sie verwenden und welche Rechte Sie in Bezug auf diese Daten haben. Wir hoffen, dass Sie sich etwas Zeit nehmen, um sie sorgf\u00e4ltig durchzulesen, denn sie ist wichtig. Sollten Sie mit einigen Bestimmungen in dieser Datenschutzerkl\u00e4rung nicht einverstanden sein, stellen Sie bitte die Nutzung unserer Dienste unverz\u00fcglich ein.<\/p>\n\n\n\n<p>Dieser Datenschutzhinweis gilt f\u00fcr alle Informationen, die \u00fcber unsere Dienstleistungen (zu denen, wie oben beschrieben, auch unsere Website geh\u00f6rt) sowie f\u00fcr alle damit verbundenen Dienstleistungen, Verk\u00e4ufe, Marketing oder Veranstaltungen erfasst werden.<\/p>\n\n\n\n<p>Bitte lesen Sie diese Datenschutzerkl\u00e4rung sorgf\u00e4ltig durch, damit Sie verstehen, was wir mit den von uns erfassten Daten tun.<\/p>\n\n\n<h2 class=\"wp-block-heading\" id=\"1-what-information-do-we-collect\">1. WELCHE INFORMATIONEN SAMMELN WIR?<\/h2>\n\n\n<p>Automatisch erfasste Informationen<br>Kurz gesagt: Einige Informationen - wie Ihre Internet-Protokoll-Adresse (IP-Adresse) und\/oder Browser- und Ger\u00e4temerkmale - werden automatisch erfasst, wenn Sie unsere Website besuchen.<\/p>\n\n\n\n<p>Wir erfassen automatisch bestimmte Informationen, wenn Sie die Website besuchen, nutzen oder auf ihr navigieren. Diese Informationen geben keinen Aufschluss \u00fcber Ihre Identit\u00e4t (wie z. B. Ihren Namen oder Ihre Kontaktdaten), k\u00f6nnen aber Ger\u00e4te- und Nutzungsdaten enthalten, wie z. B. Ihre IP-Adresse, Browser- und Ger\u00e4teeigenschaften, Betriebssystem, Spracheinstellungen, verweisende URLs, Ger\u00e4tename, Land, Standort, Informationen dar\u00fcber, wie und wann Sie unsere Website nutzen, und andere technische Informationen. Diese Informationen werden in erster Linie ben\u00f6tigt, um die Sicherheit und den Betrieb unserer Website aufrechtzuerhalten sowie f\u00fcr unsere internen Analyse- und Berichtszwecke.<\/p>\n\n\n\n<p>Wie viele andere Unternehmen sammeln auch wir Informationen durch Cookies und \u00e4hnliche Technologien.<\/p>\n\n\n\n<p>Die von uns gesammelten Informationen umfassen:<br>Protokoll- und Nutzungsdaten. Protokoll- und Nutzungsdaten sind dienstbezogene, diagnostische, Nutzungs- und Leistungsinformationen, die unsere Server automatisch erfassen, wenn Sie auf unsere Website zugreifen oder sie nutzen, und die wir in Protokolldateien aufzeichnen. Je nachdem, wie Sie mit uns interagieren, k\u00f6nnen diese Protokolldaten Ihre IP-Adresse, Ger\u00e4teinformationen, Browsertyp und -einstellungen sowie Informationen \u00fcber Ihre Aktivit\u00e4ten auf der Website (wie z. B. die mit Ihrer Nutzung verbundenen Datums-\/Zeitstempel, aufgerufene Seiten und Dateien, Suchvorg\u00e4nge und andere von Ihnen durchgef\u00fchrte Aktionen, wie z. B. die von Ihnen genutzten Funktionen), Informationen \u00fcber Ger\u00e4teereignisse (wie z. B. Systemaktivit\u00e4ten, Fehlerberichte (manchmal als \"Crash Dumps\" bezeichnet) und Hardware-Einstellungen) enthalten.<br>Ger\u00e4tedaten. Wir erfassen Ger\u00e4tedaten wie Informationen \u00fcber Ihren Computer, Ihr Telefon, Ihr Tablet oder ein anderes Ger\u00e4t, das Sie f\u00fcr den Zugriff auf die Website verwenden. Je nach verwendetem Ger\u00e4t k\u00f6nnen diese Ger\u00e4tedaten Informationen wie Ihre IP-Adresse (oder Proxy-Server), Ger\u00e4te- und Anwendungs-Identifikationsnummern, Standort, Browsertyp, Hardware-Modell, Internetdienstanbieter und\/oder Mobilfunkanbieter, Betriebssystem und Systemkonfigurationsinformationen enthalten.<br>Standortdaten. Wir erheben Standortdaten wie z. B. Informationen \u00fcber den Standort Ihres Ger\u00e4ts, die entweder genau oder ungenau sein k\u00f6nnen. Wie viele Informationen wir erfassen, h\u00e4ngt von der Art und den Einstellungen des Ger\u00e4ts ab, das Sie f\u00fcr den Zugriff auf die Website verwenden. So k\u00f6nnen wir beispielsweise GPS und andere Technologien verwenden, um Geolokalisierungsdaten zu erfassen, die uns Ihren aktuellen Standort mitteilen (basierend auf Ihrer IP-Adresse). Sie k\u00f6nnen der Erfassung dieser Daten widersprechen, indem Sie entweder den Zugriff auf die Daten verweigern oder die Standort-Einstellung auf Ihrem Ger\u00e4t deaktivieren. Beachten Sie jedoch, dass Sie in diesem Fall m\u00f6glicherweise bestimmte Aspekte der Dienste nicht nutzen k\u00f6nnen.<\/p>\n\n\n<h2 class=\"wp-block-heading\" id=\"2-how-do-we-use-your-information\">2. WIE VERWENDEN WIR IHRE INFORMATIONEN?<\/h2>\n\n\n<p>Kurz gesagt: Wir verarbeiten Ihre Daten f\u00fcr Zwecke, die auf legitimen Gesch\u00e4ftsinteressen, der Erf\u00fcllung unseres Vertrags mit Ihnen, der Einhaltung unserer gesetzlichen Verpflichtungen und\/oder Ihrer Zustimmung beruhen.<\/p>\n\n\n\n<p>Wir verwenden personenbezogene Daten, die wir \u00fcber unsere Website gesammelt haben, f\u00fcr eine Reihe von unten beschriebenen Gesch\u00e4ftszwecken. Wir verarbeiten Ihre personenbezogenen Daten zu diesen Zwecken unter Berufung auf unsere legitimen Gesch\u00e4ftsinteressen, um einen Vertrag mit Ihnen abzuschlie\u00dfen oder zu erf\u00fcllen, mit Ihrer Zustimmung und\/oder zur Erf\u00fcllung unserer gesetzlichen Verpflichtungen. Wir geben die spezifischen Verarbeitungsgr\u00fcnde, auf die wir uns st\u00fctzen, neben jedem unten aufgef\u00fchrten Zweck an.<\/p>\n\n\n\n<p>Wir verwenden die Informationen, die wir sammeln oder erhalten:<br>Zur Erleichterung der Kontoerstellung und des Anmeldevorgangs. Wenn Sie sich daf\u00fcr entscheiden, Ihr Konto bei uns mit einem Konto eines Drittanbieters zu verkn\u00fcpfen (z. B. mit Ihrem Google- oder Facebook-Konto), verwenden wir die Informationen, die Sie uns erlaubt haben, von diesen Drittanbietern zu sammeln, um die Kontoerstellung und den Anmeldevorgang f\u00fcr die Erf\u00fcllung des Vertrags zu erleichtern.<br>Um Zeugnisse zu ver\u00f6ffentlichen. Wir ver\u00f6ffentlichen auf unserer Website Erfahrungsberichte, die pers\u00f6nliche Informationen enthalten k\u00f6nnen. Bevor wir ein Zeugnis ver\u00f6ffentlichen, holen wir Ihr Einverst\u00e4ndnis zur Verwendung Ihres Namens und des Inhalts des Zeugnisses ein. Wenn Sie Ihr Zeugnis aktualisieren oder l\u00f6schen m\u00f6chten, wenden Sie sich bitte an info@rayzeek.com und geben Sie unbedingt Ihren Namen, den Ort des Zeugnisses und Ihre Kontaktinformationen an.<br>Feedback anfordern. Wir k\u00f6nnen Ihre Daten verwenden, um Sie um Feedback zu bitten und Sie \u00fcber Ihre Nutzung unserer Website zu informieren.<br>Um die Kommunikation zwischen den Nutzern zu erm\u00f6glichen. Wir k\u00f6nnen Ihre Daten verwenden, um die Kommunikation zwischen den Nutzern zu erm\u00f6glichen, wenn der jeweilige Nutzer zustimmt.<br>Zur Verwaltung von Benutzerkonten. Wir k\u00f6nnen Ihre Daten f\u00fcr die Verwaltung unseres Kontos verwenden und um es in Ordnung zu halten.<br>Um Ihnen administrative Informationen zukommen zu lassen. Wir k\u00f6nnen Ihre pers\u00f6nlichen Daten verwenden, um Ihnen Informationen \u00fcber Produkte, Dienstleistungen und neue Funktionen und\/oder Informationen \u00fcber \u00c4nderungen unserer Bedingungen und Richtlinien zuzusenden.<br>Zum Schutz unserer Dienste. Wir k\u00f6nnen Ihre Daten im Rahmen unserer Bem\u00fchungen, unsere Website sicher zu halten, verwenden (z. B. zur \u00dcberwachung und Verhinderung von Betrug).<br>Zur Durchsetzung unserer Gesch\u00e4ftsbedingungen und Richtlinien f\u00fcr gesch\u00e4ftliche Zwecke, zur Erf\u00fcllung gesetzlicher und beh\u00f6rdlicher Anforderungen oder im Zusammenhang mit unserem Vertrag.<br>Um auf rechtliche Anfragen zu reagieren und Schaden abzuwenden. Wenn wir eine Vorladung oder ein anderes rechtliches Ersuchen erhalten, m\u00fcssen wir m\u00f6glicherweise die in unserem Besitz befindlichen Daten pr\u00fcfen, um festzustellen, wie wir darauf reagieren sollen.<br>Erf\u00fcllen und Verwalten Ihrer Bestellungen. Wir k\u00f6nnen Ihre Daten verwenden, um Ihre \u00fcber die Website get\u00e4tigten Bestellungen, Zahlungen, R\u00fccksendungen und Umt\u00e4usche auszuf\u00fchren und zu verwalten.<br>Verwaltung von Preisausschreiben und Wettbewerben. Wir k\u00f6nnen Ihre Daten zur Verwaltung von Preisausschreiben und Wettbewerben verwenden, wenn Sie sich f\u00fcr die Teilnahme an unseren Wettbewerben entscheiden.<br>Zur Bereitstellung und Erleichterung der Bereitstellung von Dienstleistungen f\u00fcr den Nutzer. Wir k\u00f6nnen Ihre Informationen verwenden, um Ihnen die angeforderte Dienstleistung zu erbringen.<br>Zur Beantwortung von Nutzeranfragen\/zum Anbieten von Support f\u00fcr Nutzer. Wir k\u00f6nnen Ihre Daten verwenden, um Ihre Anfragen zu beantworten und m\u00f6gliche Probleme zu l\u00f6sen, die Sie bei der Nutzung unserer Dienste haben k\u00f6nnten.<br>Um Ihnen Marketing- und Werbemitteilungen zu senden. Wir und\/oder unsere externen Marketingpartner k\u00f6nnen die personenbezogenen Daten, die Sie uns \u00fcbermitteln, f\u00fcr unsere Marketingzwecke verwenden, wenn dies mit Ihren Marketingpr\u00e4ferenzen \u00fcbereinstimmt. Wenn Sie z. B. Interesse an Informationen \u00fcber uns oder unsere Website bekunden, Marketingmaterial abonnieren oder anderweitig mit uns in Kontakt treten, werden wir personenbezogene Daten von Ihnen erfassen. Sie k\u00f6nnen unsere Marketing-E-Mails jederzeit abbestellen (siehe unten \"WAS SIND IHRE PRIVACY-RECHTE\").<br>Gezielte Werbung f\u00fcr Sie zu liefern. Wir k\u00f6nnen Ihre Daten verwenden, um personalisierte Inhalte und Werbung zu entwickeln und anzuzeigen (und mit Dritten zusammenzuarbeiten, die dies tun), die auf Ihre Interessen und\/oder Ihren Standort zugeschnitten sind, und um deren Wirksamkeit zu messen.<br>F\u00fcr andere Gesch\u00e4ftszwecke. Wir k\u00f6nnen Ihre Daten f\u00fcr andere gesch\u00e4ftliche Zwecke verwenden, wie z. B. zur Datenanalyse, zur Ermittlung von Nutzungstrends, zur Bestimmung der Effektivit\u00e4t unserer Werbekampagnen und zur Bewertung und Verbesserung unserer Website, Produkte, des Marketings und Ihrer Erfahrungen. Wir k\u00f6nnen diese Informationen in zusammengefasster und anonymisierter Form verwenden und speichern, so dass sie nicht mit einzelnen Endnutzern in Verbindung gebracht werden k\u00f6nnen und keine pers\u00f6nlichen Informationen enthalten. Ohne Ihre Zustimmung werden wir keine identifizierbaren pers\u00f6nlichen Daten verwenden.<\/p>\n\n\n<h2 class=\"wp-block-heading\" id=\"3-will-your-information-be-shared-with-anyone\">3. WERDEN IHRE INFORMATIONEN AN DRITTE WEITERGEGEBEN?<\/h2>\n\n\n<p>Kurz gesagt: Wir geben Informationen nur mit Ihrem Einverst\u00e4ndnis weiter, um Gesetze einzuhalten, um Ihnen Dienstleistungen zu erbringen, um Ihre Rechte zu sch\u00fctzen oder um gesch\u00e4ftliche Verpflichtungen zu erf\u00fcllen.<\/p>\n\n\n\n<p>Wir k\u00f6nnen Ihre bei uns gespeicherten Daten auf der Grundlage der folgenden Rechtsgrundlage verarbeiten oder weitergeben:<br>Einverst\u00e4ndnis: Wir k\u00f6nnen Ihre Daten verarbeiten, wenn Sie uns Ihre ausdr\u00fcckliche Zustimmung zur Verwendung Ihrer personenbezogenen Daten f\u00fcr einen bestimmten Zweck erteilt haben.<br>Berechtigte Interessen: Wir k\u00f6nnen Ihre Daten verarbeiten, wenn dies zur Wahrung unserer berechtigten Gesch\u00e4ftsinteressen erforderlich ist.<br>Vertragserf\u00fcllung: Wenn wir einen Vertrag mit Ihnen geschlossen haben, k\u00f6nnen wir Ihre personenbezogenen Daten verarbeiten, um die Bedingungen unseres Vertrags zu erf\u00fcllen.<br>Gesetzliche Verpflichtungen: Wir k\u00f6nnen Ihre Daten offenlegen, wenn wir rechtlich dazu verpflichtet sind, um geltendem Recht, beh\u00f6rdlichen Aufforderungen, einem Gerichtsverfahren, einem Gerichtsbeschluss oder einem rechtlichen Verfahren nachzukommen, z. B. als Reaktion auf einen Gerichtsbeschluss oder eine Vorladung (einschlie\u00dflich als Reaktion auf \u00f6ffentliche Beh\u00f6rden zur Erf\u00fcllung nationaler Sicherheits- oder Strafverfolgungsanforderungen).<br>Wichtige Interessen: Wir k\u00f6nnen Ihre Daten offenlegen, wenn wir der Meinung sind, dass dies notwendig ist, um potenzielle Verst\u00f6\u00dfe gegen unsere Richtlinien, Betrugsverdacht, Situationen, die eine potenzielle Bedrohung f\u00fcr die Sicherheit einer Person darstellen, und illegale Aktivit\u00e4ten zu untersuchen, zu verhindern oder Ma\u00dfnahmen zu ergreifen, oder als Beweismittel in Rechtsstreitigkeiten, an denen wir beteiligt sind.<br>Insbesondere in den folgenden F\u00e4llen kann es erforderlich sein, dass wir Ihre Daten verarbeiten oder Ihre pers\u00f6nlichen Informationen weitergeben:<br>Gesch\u00e4fts\u00fcbertragungen. Wir k\u00f6nnen Ihre Daten in Verbindung mit oder w\u00e4hrend der Verhandlungen \u00fcber eine Fusion, den Verkauf von Unternehmensverm\u00f6gen, eine Finanzierung oder die \u00dcbernahme unseres gesamten oder eines Teils unseres Unternehmens durch ein anderes Unternehmen weitergeben oder \u00fcbertragen.<br>Gesch\u00e4ftspartner. Wir k\u00f6nnen Ihre Daten an unsere Gesch\u00e4ftspartner weitergeben, um Ihnen bestimmte Produkte, Dienstleistungen oder Werbeaktionen anzubieten.<\/p>\n\n\n<h2 class=\"wp-block-heading\" id=\"4-do-we-use-cookies-and-other-tracking-technologies\">4. VERWENDEN WIR COOKIES UND ANDERE TRACKING-TECHNOLOGIEN?<\/h2>\n\n\n<p>Kurz gesagt: Wir k\u00f6nnen Cookies und andere Tracking-Technologien verwenden, um Ihre Daten zu erfassen und zu speichern.<\/p>\n\n\n\n<p>Wir k\u00f6nnen Cookies und \u00e4hnliche Tracking-Technologien (wie Web-Beacons und Pixel) verwenden, um Informationen abzurufen oder zu speichern. Spezifische Informationen dar\u00fcber, wie wir solche Technologien verwenden und wie Sie bestimmte Cookies ablehnen k\u00f6nnen, finden Sie in unserem Cookie-Hinweis.<\/p>\n\n\n<h2 class=\"wp-block-heading\" id=\"5-is-your-information-transferred-internationally\">5. WERDEN IHRE DATEN INTERNATIONAL \u00dcBERMITTELT?<\/h2>\n\n\n<p>Kurz gesagt: Wir k\u00f6nnen Ihre Daten in andere L\u00e4nder \u00fcbertragen, speichern und verarbeiten.<\/p>\n\n\n\n<p>Unsere Server befinden sich in. Wenn Sie von au\u00dferhalb auf unsere Website zugreifen, beachten Sie bitte, dass Ihre Daten an unsere Einrichtungen und an Dritte, an die wir Ihre personenbezogenen Daten weitergeben k\u00f6nnen (siehe \"WERDEN IHRE DATEN MIT JEMANDEM GETEILT?\" oben), in und aus anderen L\u00e4ndern \u00fcbertragen, gespeichert und verarbeitet werden k\u00f6nnen.<\/p>\n\n\n\n<p>Wenn Sie im Europ\u00e4ischen Wirtschaftsraum ans\u00e4ssig sind, gelten in diesen L\u00e4ndern nicht unbedingt so umfassende Datenschutzgesetze oder \u00e4hnliche Gesetze wie in Ihrem Land. Wir werden jedoch alle notwendigen Ma\u00dfnahmen ergreifen, um Ihre personenbezogenen Daten in \u00dcbereinstimmung mit dieser Datenschutzerkl\u00e4rung und dem geltenden Recht zu sch\u00fctzen.<\/p>\n\n\n<h2 class=\"wp-block-heading\" id=\"6-how-long-do-we-keep-your-information\">6. WIE LANGE BEWAHREN WIR IHRE INFORMATIONEN AUF?<\/h2>\n\n\n<p>Kurz gesagt: Wir bewahren Ihre Daten so lange auf, wie es f\u00fcr die Erf\u00fcllung der in dieser Datenschutzerkl\u00e4rung genannten Zwecke erforderlich ist, es sei denn, dies ist gesetzlich vorgeschrieben.<\/p>\n\n\n\n<p>Wir werden Ihre personenbezogenen Daten nur so lange aufbewahren, wie es f\u00fcr die in dieser Datenschutzerkl\u00e4rung dargelegten Zwecke erforderlich ist, es sei denn, eine l\u00e4ngere Aufbewahrungsfrist ist gesetzlich vorgeschrieben oder zul\u00e4ssig (z. B. aus steuerlichen, buchhalterischen oder anderen rechtlichen Gr\u00fcnden). F\u00fcr keinen der in dieser Mitteilung genannten Zwecke m\u00fcssen wir Ihre personenbezogenen Daten l\u00e4nger als 90 Tage aufbewahren.<\/p>\n\n\n\n<p>Wenn wir keine weitere legitime gesch\u00e4ftliche Notwendigkeit haben, Ihre personenbezogenen Daten zu verarbeiten, werden wir diese Daten entweder l\u00f6schen oder anonymisieren, oder, falls dies nicht m\u00f6glich ist (z. B. weil Ihre personenbezogenen Daten in Sicherungsarchiven gespeichert wurden), werden wir Ihre personenbezogenen Daten sicher aufbewahren und von jeder weiteren Verarbeitung isolieren, bis eine L\u00f6schung m\u00f6glich ist.<\/p>\n\n\n<h2 class=\"wp-block-heading\" id=\"7-how-do-we-keep-your-information-safe\">7. WIE BEWAHREN WIR IHRE INFORMATIONEN SICHER AUF?<\/h2>\n\n\n<p>Kurz gesagt: Wir sind bestrebt, Ihre pers\u00f6nlichen Daten durch ein System von organisatorischen und technischen Sicherheitsma\u00dfnahmen zu sch\u00fctzen.<\/p>\n\n\n\n<p>Wir haben angemessene technische und organisatorische Sicherheitsma\u00dfnahmen ergriffen, um die Sicherheit der von uns verarbeiteten personenbezogenen Daten zu sch\u00fctzen. Trotz unserer Sicherheitsvorkehrungen und Bem\u00fchungen, Ihre Daten zu sch\u00fctzen, kann jedoch nicht garantiert werden, dass die elektronische \u00dcbertragung \u00fcber das Internet oder die Informationsspeichertechnologie 100% sicher ist, so dass wir nicht versprechen oder garantieren k\u00f6nnen, dass Hacker, Cyberkriminelle oder andere unbefugte Dritte nicht in der Lage sein werden, unsere Sicherheit zu \u00fcberwinden und Ihre Daten unrechtm\u00e4\u00dfig zu erfassen, darauf zuzugreifen, zu stehlen oder zu \u00e4ndern. Obwohl wir unser Bestes tun, um Ihre pers\u00f6nlichen Daten zu sch\u00fctzen, erfolgt die \u00dcbertragung von pers\u00f6nlichen Daten zu und von unserer Website auf Ihr eigenes Risiko. Sie sollten nur innerhalb einer sicheren Umgebung auf die Website zugreifen.<\/p>\n\n\n<h2 class=\"wp-block-heading\" id=\"8-do-we-collect-information-from-minors\">8. SAMMELN WIR INFORMATIONEN VON MINDERJ\u00c4HRIGEN?<\/h2>\n\n\n<p>Kurz gesagt: Wir sammeln nicht wissentlich Daten von Kindern unter 18 Jahren und vermarkten diese auch nicht.<\/p>\n\n\n\n<p>Wir bitten nicht wissentlich um Daten von Kindern unter 18 Jahren und vermarkten diese auch nicht an sie. Durch die Nutzung der Website erkl\u00e4ren Sie, dass Sie mindestens 18 Jahre alt sind oder dass Sie die Eltern oder der Vormund eines solchen Minderj\u00e4hrigen sind und der Nutzung der Website durch diesen Minderj\u00e4hrigen zustimmen. Wenn wir erfahren, dass personenbezogene Daten von Nutzern unter 18 Jahren erfasst wurden, werden wir das Konto deaktivieren und angemessene Ma\u00dfnahmen ergreifen, um diese Daten unverz\u00fcglich aus unseren Aufzeichnungen zu l\u00f6schen. Wenn Sie von Daten erfahren, die wir von Kindern unter 18 Jahren gesammelt haben, kontaktieren Sie uns bitte unter info@rayzeek.com<\/p>\n\n\n<h2 class=\"wp-block-heading\" id=\"9-what-are-your-privacy-rights\">9. WELCHE RECHTE HABEN SIE IN BEZUG AUF IHRE PRIVATSPH\u00c4RE?<\/h2>\n\n\n<p>Kurzum: Sie k\u00f6nnen Ihr Konto jederzeit \u00fcberpr\u00fcfen, \u00e4ndern oder k\u00fcndigen.<\/p>\n\n\n\n<p>Wenn Sie Ihren Wohnsitz im Europ\u00e4ischen Wirtschaftsraum haben und der Meinung sind, dass wir Ihre personenbezogenen Daten unrechtm\u00e4\u00dfig verarbeiten, haben Sie auch das Recht, sich bei Ihrer \u00f6rtlichen Datenschutzaufsichtsbeh\u00f6rde zu beschweren. Deren Kontaktdaten finden Sie hier: http:\/\/ec.europa.eu\/justice\/data-protection\/bodies\/authorities\/index_en.htm.<\/p>\n\n\n\n<p>Wenn Sie in der Schweiz wohnhaft sind, finden Sie die Kontaktdaten der Datenschutzbeh\u00f6rden hier: https:\/\/www.edoeb.admin.ch\/edoeb\/en\/home.html.<\/p>\n\n\n\n<p>Cookies und \u00e4hnliche Technologien: Die meisten Webbrowser sind so eingestellt, dass sie Cookies standardm\u00e4\u00dfig akzeptieren. Wenn Sie es vorziehen, k\u00f6nnen Sie Ihren Browser in der Regel so einstellen, dass er Cookies entfernt oder ablehnt. Wenn Sie sich daf\u00fcr entscheiden, Cookies zu entfernen oder abzulehnen, kann dies bestimmte Funktionen oder Dienste unserer Website beeintr\u00e4chtigen. Um interessenbezogene Werbung durch Werbetreibende auf unserer Website abzulehnen, besuchen Sie http:\/\/www.aboutads.info\/choices\/.<\/p>\n\n\n<h2 class=\"wp-block-heading\" id=\"10-controls-for-donottrack-features\">10. STEUERELEMENTE F\u00dcR \"NICHT VERFOLGEN\"-FUNKTIONEN<\/h2>\n\n\n<p>Die meisten Webbrowser und einige mobile Betriebssysteme und Anwendungen enthalten eine \"Do-Not-Track\"-Funktion oder -Einstellung, die Sie aktivieren k\u00f6nnen, um zu signalisieren, dass Sie nicht m\u00f6chten, dass Daten \u00fcber Ihre Online-Browsing-Aktivit\u00e4ten \u00fcberwacht und gesammelt werden. Zum gegenw\u00e4rtigen Zeitpunkt ist noch kein einheitlicher Technologiestandard f\u00fcr die Erkennung und Umsetzung von DNT-Signalen festgelegt worden. Daher reagieren wir derzeit nicht auf DNT-Browsersignale oder andere Mechanismen, die automatisch mitteilen, dass Sie nicht online verfolgt werden m\u00f6chten. Sollte ein Standard f\u00fcr das Online-Tracking verabschiedet werden, den wir in Zukunft befolgen m\u00fcssen, werden wir Sie in einer \u00fcberarbeiteten Version dieses Datenschutzhinweises \u00fcber diese Praxis informieren.<\/p>\n\n\n<h2 class=\"wp-block-heading\" id=\"11-do-we-make-updates-to-this-notice\">11. WERDEN WIR DIESE MITTEILUNG AKTUALISIEREN?<\/h2>\n\n\n<p>Kurz gesagt: Ja, wir werden diesen Hinweis bei Bedarf aktualisieren, um den einschl\u00e4gigen Gesetzen gerecht zu werden.<\/p>\n\n\n\n<p>Wir k\u00f6nnen diesen Datenschutzhinweis von Zeit zu Zeit aktualisieren. Die aktualisierte Version wird durch ein aktualisiertes \"Revidiert\"-Datum gekennzeichnet, und die aktualisierte Version wird wirksam, sobald sie zug\u00e4nglich ist. Wenn wir wesentliche \u00c4nderungen an diesem Datenschutzhinweis vornehmen, k\u00f6nnen wir Sie entweder durch einen gut sichtbaren Aushang \u00fcber diese \u00c4nderungen informieren oder Ihnen direkt eine Benachrichtigung zusenden. Wir empfehlen Ihnen, diesen Datenschutzhinweis regelm\u00e4\u00dfig zu lesen, um sich dar\u00fcber zu informieren, wie wir Ihre Daten sch\u00fctzen.<\/p>\n\n\n<h2 class=\"wp-block-heading\" id=\"12-how-can-you-contact-us-about-this-notice\">12. WIE K\u00d6NNEN SIE UNS BEZ\u00dcGLICH DIESER MITTEILUNG KONTAKTIEREN?<\/h2>\n\n\n<p>Wenn Sie Fragen oder Anmerkungen zu dieser Mitteilung haben, k\u00f6nnen Sie uns eine E-Mail an info@rayzeek.com schicken.<\/p>\n\n\n<h2 class=\"wp-block-heading\" id=\"13-how-can-you-review-update-or-delete-the-data-we-collect-from-you\">13. WIE K\u00d6NNEN SIE DIE VON UNS GESAMMELTEN DATEN EINSEHEN, AKTUALISIEREN ODER L\u00d6SCHEN?<\/h2>\n\n\n<p>Je nach den in Ihrem Land geltenden Gesetzen haben Sie unter Umst\u00e4nden das Recht, Einsicht in die von uns erfassten personenbezogenen Daten zu verlangen, diese Daten zu \u00e4ndern oder zu l\u00f6schen. Um die \u00dcberpr\u00fcfung, Aktualisierung oder L\u00f6schung Ihrer personenbezogenen Daten zu beantragen, senden Sie bitte ein Antragsformular, indem Sie hier klicken. Wir werden innerhalb von 30 Tagen auf Ihre Anfrage antworten.<\/p>\n<\/div><\/div>","protected":false},"excerpt":{"rendered":"<p>Datenschutzbestimmungen<\/p>\n<p>Datenschutzbestimmungen<\/p>\n<p>Vielen Dank, dass Sie sich entschieden haben, Teil unserer Gemeinschaft bei Rayzeek (\"Unternehmen\", \"wir\", \"uns\", \"unser\") zu sein. Wir verpflichten uns, Ihre pers\u00f6nlichen Daten und Ihr Recht auf Privatsph\u00e4re zu sch\u00fctzen.<\/p>","protected":false},"author":1,"featured_media":0,"parent":0,"menu_order":0,"comment_status":"closed","ping_status":"open","template":"","meta":{"article_term":"","article_term_alternate":"","article_term_def":"","article_hook":"","auto_links":"","article_topic":"","article_fact_check":"","mt_social_share":"","mt_content_meta":"","mt_glossary_display":"","glossary_heading":"","glossary":"","glossary_alter":"","glossary_def":"","article_task":"","footnotes":""},"class_list":["post-3","page","type-page","status-publish"],"_links":{"self":[{"href":"https:\/\/www.besterpcba.com\/de\/wp-json\/wp\/v2\/pages\/3","targetHints":{"allow":["GET"]}}],"collection":[{"href":"https:\/\/www.besterpcba.com\/de\/wp-json\/wp\/v2\/pages"}],"about":[{"href":"https:\/\/www.besterpcba.com\/de\/wp-json\/wp\/v2\/types\/page"}],"author":[{"embeddable":true,"href":"https:\/\/www.besterpcba.com\/de\/wp-json\/wp\/v2\/users\/1"}],"replies":[{"embeddable":true,"href":"https:\/\/www.besterpcba.com\/de\/wp-json\/wp\/v2\/comments?post=3"}],"version-history":[{"count":4,"href":"https:\/\/www.besterpcba.com\/de\/wp-json\/wp\/v2\/pages\/3\/revisions"}],"predecessor-version":[{"id":6561,"href":"https:\/\/www.besterpcba.com\/de\/wp-json\/wp\/v2\/pages\/3\/revisions\/6561"}],"wp:attachment":[{"href":"https:\/\/www.besterpcba.com\/de\/wp-json\/wp\/v2\/media?parent=3"}],"curies":[{"name":"wp","href":"https:\/\/api.w.org\/{rel}","templated":true}]}}