{"id":3316,"date":"2021-09-24T08:53:57","date_gmt":"2021-09-24T08:53:57","guid":{"rendered":"https:\/\/besterpcba.com\/?page_id=3316"},"modified":"2023-07-25T06:27:16","modified_gmt":"2023-07-25T06:27:16","slug":"factory","status":"publish","type":"page","link":"https:\/\/www.besterpcba.com\/de\/werk\/","title":{"rendered":"Fabrik"},"content":{"rendered":"<div class=\"wp-block-cover alignfull base_cover base_cover_overlay_grad\"><span aria-hidden=\"true\" class=\"wp-block-cover__background has-background-dim-0 has-background-dim\"><\/span><img loading=\"lazy\" decoding=\"async\" width=\"1920\" height=\"1280\" class=\"wp-block-cover__image-background wp-image-2909\" alt=\"\" src=\"https:\/\/www.besterpcba.com\/wp-content\/uploads\/2021\/09\/XP6A7933.jpg\" data-object-fit=\"cover\" srcset=\"https:\/\/www.besterpcba.com\/wp-content\/uploads\/2021\/09\/XP6A7933.jpg 1920w, https:\/\/www.besterpcba.com\/wp-content\/uploads\/2021\/09\/XP6A7933-300x200.jpg 300w, https:\/\/www.besterpcba.com\/wp-content\/uploads\/2021\/09\/XP6A7933-1024x683.jpg 1024w, https:\/\/www.besterpcba.com\/wp-content\/uploads\/2021\/09\/XP6A7933-768x512.jpg 768w, https:\/\/www.besterpcba.com\/wp-content\/uploads\/2021\/09\/XP6A7933-1600x1067.jpg 1600w, https:\/\/www.besterpcba.com\/wp-content\/uploads\/2021\/09\/XP6A7933-1536x1024.jpg 1536w\" sizes=\"auto, (max-width: 1920px) 100vw, 1920px\" \/><div class=\"wp-block-cover__inner-container is-layout-flow wp-block-cover-is-layout-flow\">\n<div class=\"wp-block-group\"><div class=\"wp-block-group__inner-container is-layout-constrained wp-block-group-is-layout-constrained\"><div class=\"breadcrumbs\" typeof=\"BreadcrumbList\" vocab=\"https:\/\/schema.org\/\"><span property=\"itemListElement\" typeof=\"ListItem\"><a property=\"item\" typeof=\"WebPage\" title=\"Gehe zu One Stop PCBA Manufacturer.\" href=\"https:\/\/www.besterpcba.com\/de\" class=\"home\" aria-current=\"page\"><span property=\"name\">PCBA-Hersteller aus einer Hand<\/span><\/a><meta property=\"position\" content=\"1\"><\/span><\/div>\n\n<h1 class=\"wp-block-heading\" id=\"factory-tour\">Fabrik-Tour<\/h1>\n\n\n<p class=\"has-text-align-left has-large-font-size\">Besuchen Sie unser Werk in Shenzhen oder sehen Sie sich Videos an, um mehr \u00fcber Bester Tech zu erfahren.<\/p>\n\n\n\n<div class='base_cover_button_wrapper'><p class=\"base_header_button\"><a href=\"https:\/\/www.besterpcba.com\/de\/kontakt\/\" data-type=\"page\" data-id=\"1358\">Kostenloses Angebot erhalten<\/a><\/p><\/div>\n<\/div><\/div>\n<\/div><\/div>\n\n\n\n<div class=\"wp-block-group base_page_text_group\"><div class=\"wp-block-group__inner-container is-layout-flow wp-block-group-is-layout-flow\"><h2 class=\"wp-block-heading\" id=\"bester-tech-alibaba-sgs-inspection\">Bester Tech - Alibaba SGS-Inspektion<\/h2>\n\n\n<p>Als eines der weltweit f\u00fchrenden Inspektions-, Pr\u00fcf-, Test- und Zertifizierungsunternehmen ist SGS als globaler Ma\u00dfstab f\u00fcr Qualit\u00e4t und Integrit\u00e4t anerkannt und verf\u00fcgt \u00fcber mehr als 2600 Niederlassungen und Labors auf der ganzen Welt.<\/p>\n\n\n\n<p>Die Bester-Technologie wurde vor Ort \u00fcberpr\u00fcft und von der SGS-Gruppe bewertet, zertifiziert, beglaubigt und inspiziert.<\/p>\n\n\n\n<p>Wir sind jetzt ein 11 Jahre alter verifizierter Premium-Lieferant auf Alibaba mit Vor-Ort-Materialpr\u00fcfung und einer Gesamtfl\u00e4che von 1.500\u33a1, die von der SGS-Gruppe als Drittpartei gemeldet und gepr\u00fcft wird.<\/p>\n\n\n\n<p>Sehen Sie sich unten das Video der SGS-Inspektion vor Ort an, um eine kurze Werksbesichtigung zu erhalten.<\/p>\n\n\n\n<figure class=\"wp-block-video\"><video height=\"1080\" style=\"aspect-ratio: 1920 \/ 1080;\" width=\"1920\" controls preload=\"none\" src=\"https:\/\/www.besterpcba.com\/wp-content\/uploads\/2023\/06\/bester-factory.mp4\"><\/video><\/figure>\n<\/div><\/div>\n\n\n\n<div class=\"wp-block-group bs_factory_videos\"><div class=\"wp-block-group__inner-container is-layout-flow wp-block-group-is-layout-flow\"><h2 class=\"wp-block-heading underline--magical\" id=\"manufacturing-videos\">Videos zur Herstellung<\/h2>\n\n\n<div class=\"wp-block-group bs_page_flex_gp flex_gp_3\"><div class=\"wp-block-group__inner-container is-layout-constrained wp-block-group-is-layout-constrained\">\n<div class=\"wp-block-group\"><div class=\"wp-block-group__inner-container is-layout-constrained wp-block-group-is-layout-constrained\">\n<figure class=\"wp-block-video\"><video height=\"1080\" style=\"aspect-ratio: 1920 \/ 1080;\" width=\"1920\" controls preload=\"none\" src=\"https:\/\/www.besterpcba.com\/wp-content\/uploads\/2023\/06\/incoming-materials-warehouse.mp4\"><\/video><\/figure>\n\n\n<h3 class=\"wp-block-heading\" id=\"incoming-material-warehouse\">Lager f\u00fcr eingehendes Material<\/h3><\/div><\/div>\n\n\n\n<div class=\"wp-block-group\"><div class=\"wp-block-group__inner-container is-layout-constrained wp-block-group-is-layout-constrained\">\n<figure class=\"wp-block-video\"><video height=\"1080\" style=\"aspect-ratio: 1920 \/ 1080;\" width=\"1920\" controls preload=\"none\" src=\"https:\/\/www.besterpcba.com\/wp-content\/uploads\/2023\/06\/electronic-components-incoming-inspection.mp4\"><\/video><\/figure>\n\n\n<h3 class=\"wp-block-heading\" id=\"electronic-components-incoming-inspection\">Eingangspr\u00fcfung elektronischer Komponenten<\/h3><\/div><\/div>\n\n\n\n<div class=\"wp-block-group\"><div class=\"wp-block-group__inner-container is-layout-constrained wp-block-group-is-layout-constrained\">\n<figure class=\"wp-block-video\"><video height=\"1080\" style=\"aspect-ratio: 1920 \/ 1080;\" width=\"1920\" controls preload=\"none\" src=\"https:\/\/www.besterpcba.com\/wp-content\/uploads\/2023\/06\/dry-cabinet.mp4\"><\/video><\/figure>\n\n\n<h3 class=\"wp-block-heading\" id=\"dry-cabinet\">Trockenes Kabinett<\/h3><\/div><\/div>\n\n\n\n<div class=\"wp-block-group\"><div class=\"wp-block-group__inner-container is-layout-constrained wp-block-group-is-layout-constrained\">\n<figure class=\"wp-block-video\"><video height=\"1080\" style=\"aspect-ratio: 1920 \/ 1080;\" width=\"1920\" controls preload=\"none\" src=\"https:\/\/www.besterpcba.com\/wp-content\/uploads\/2023\/06\/smt-workshop.mp4\"><\/video><\/figure>\n\n\n<h3 class=\"wp-block-heading\" id=\"smt-workshop\">SMT-Werkstatt<\/h3><\/div><\/div>\n\n\n\n<div class=\"wp-block-group\"><div class=\"wp-block-group__inner-container is-layout-constrained wp-block-group-is-layout-constrained\">\n<figure class=\"wp-block-video\"><video height=\"1080\" style=\"aspect-ratio: 1920 \/ 1080;\" width=\"1920\" controls preload=\"none\" src=\"https:\/\/www.besterpcba.com\/wp-content\/uploads\/2023\/06\/gd450-paste-printer.mp4\"><\/video><\/figure>\n\n\n<h3 class=\"wp-block-heading\" id=\"gd-450-paste-printer\">GD 450+ Pastendrucker<\/h3><\/div><\/div>\n\n\n\n<div class=\"wp-block-group\"><div class=\"wp-block-group__inner-container is-layout-constrained wp-block-group-is-layout-constrained\">\n<figure class=\"wp-block-video\"><video height=\"1080\" style=\"aspect-ratio: 1920 \/ 1080;\" width=\"1920\" controls preload=\"none\" src=\"https:\/\/www.besterpcba.com\/wp-content\/uploads\/2023\/06\/stencil-tension-measurement.mp4\"><\/video><\/figure>\n\n\n<h3 class=\"wp-block-heading\" id=\"stencil-tension-measurement\">Messung der Schablonenspannung<\/h3><\/div><\/div>\n\n\n\n<div class=\"wp-block-group\"><div class=\"wp-block-group__inner-container is-layout-constrained wp-block-group-is-layout-constrained\">\n<figure class=\"wp-block-video\"><video height=\"1080\" style=\"aspect-ratio: 1920 \/ 1080;\" width=\"1920\" controls src=\"https:\/\/www.besterpcba.com\/wp-content\/uploads\/2023\/06\/automatic-solder-paste-printer.mp4\"><\/video><\/figure>\n\n\n<h3 class=\"wp-block-heading\" id=\"automatic-solder-paste-printing\">Automatischer L\u00f6tpastendruck<\/h3><\/div><\/div>\n\n\n\n<div class=\"wp-block-group\"><div class=\"wp-block-group__inner-container is-layout-constrained wp-block-group-is-layout-constrained\">\n<figure class=\"wp-block-video\"><video height=\"1080\" style=\"aspect-ratio: 1920 \/ 1080;\" width=\"1920\" controls src=\"https:\/\/www.besterpcba.com\/wp-content\/uploads\/2023\/06\/smt.mp4\"><\/video><\/figure>\n\n\n<h3 class=\"wp-block-heading\" id=\"smt\">SMT<\/h3><\/div><\/div>\n\n\n\n<div class=\"wp-block-group\"><div class=\"wp-block-group__inner-container is-layout-constrained wp-block-group-is-layout-constrained\">\n<figure class=\"wp-block-video\"><video height=\"1080\" style=\"aspect-ratio: 1920 \/ 1080;\" width=\"1920\" controls src=\"https:\/\/www.besterpcba.com\/wp-content\/uploads\/2023\/06\/reflow.mp4\"><\/video><\/figure>\n\n\n<h3 class=\"wp-block-heading\" id=\"reflow\">Reflow<\/h3><\/div><\/div>\n\n\n\n<div class=\"wp-block-group\"><div class=\"wp-block-group__inner-container is-layout-constrained wp-block-group-is-layout-constrained\">\n<figure class=\"wp-block-video\"><video height=\"1080\" style=\"aspect-ratio: 1920 \/ 1080;\" width=\"1920\" controls src=\"https:\/\/www.besterpcba.com\/wp-content\/uploads\/2023\/06\/reflow-end.mp4\"><\/video><\/figure>\n\n\n<h3 class=\"wp-block-heading\" id=\"reflow\">Reflow<\/h3><\/div><\/div>\n\n\n\n<div class=\"wp-block-group\"><div class=\"wp-block-group__inner-container is-layout-constrained wp-block-group-is-layout-constrained\">\n<figure class=\"wp-block-video\"><video height=\"1080\" style=\"aspect-ratio: 1920 \/ 1080;\" width=\"1920\" controls preload=\"none\" src=\"https:\/\/www.besterpcba.com\/wp-content\/uploads\/2023\/06\/AOI.mp4\"><\/video><\/figure>\n\n\n<h3 class=\"wp-block-heading\" id=\"aoi\">AOI<\/h3><\/div><\/div>\n\n\n\n<div class=\"wp-block-group\"><div class=\"wp-block-group__inner-container is-layout-constrained wp-block-group-is-layout-constrained\">\n<figure class=\"wp-block-video\"><video height=\"1080\" style=\"aspect-ratio: 1920 \/ 1080;\" width=\"1920\" controls preload=\"none\" src=\"https:\/\/www.besterpcba.com\/wp-content\/uploads\/2023\/06\/ok-board-unloader.mp4\"><\/video><\/figure>\n\n\n<h3 class=\"wp-block-heading\" id=\"ok-board-unloader\">OK Board Entlader<\/h3><\/div><\/div>\n\n\n\n<div class=\"wp-block-group\"><div class=\"wp-block-group__inner-container is-layout-constrained wp-block-group-is-layout-constrained\">\n<figure class=\"wp-block-video\"><video height=\"1080\" style=\"aspect-ratio: 1920 \/ 1080;\" width=\"1920\" controls preload=\"none\" src=\"https:\/\/www.besterpcba.com\/wp-content\/uploads\/2023\/06\/ng-board-unloader.mp4\"><\/video><\/figure>\n\n\n<h3 class=\"wp-block-heading\" id=\"ng-board-unloader\">NG-Plattenentlader<\/h3><\/div><\/div>\n\n\n\n<div class=\"wp-block-group\"><div class=\"wp-block-group__inner-container is-layout-constrained wp-block-group-is-layout-constrained\">\n<figure class=\"wp-block-video\"><video height=\"1080\" style=\"aspect-ratio: 1920 \/ 1080;\" width=\"1920\" controls preload=\"none\" src=\"https:\/\/www.besterpcba.com\/wp-content\/uploads\/2023\/06\/first-article-inspection.mp4\"><\/video><\/figure>\n\n\n<h3 class=\"wp-block-heading\" id=\"fai\">FAI<\/h3><\/div><\/div>\n\n\n\n<div class=\"wp-block-group\"><div class=\"wp-block-group__inner-container is-layout-constrained wp-block-group-is-layout-constrained\">\n<figure class=\"wp-block-video\"><video height=\"1080\" style=\"aspect-ratio: 1920 \/ 1080;\" width=\"1920\" controls preload=\"none\" src=\"https:\/\/www.besterpcba.com\/wp-content\/uploads\/2023\/06\/dip-workshop.mp4\"><\/video><\/figure>\n\n\n<h3 class=\"wp-block-heading\" id=\"dip-workshop\">DIP-Werkstatt<\/h3><\/div><\/div>\n\n\n\n<div class=\"wp-block-group\"><div class=\"wp-block-group__inner-container is-layout-constrained wp-block-group-is-layout-constrained\">\n<figure class=\"wp-block-video\"><video height=\"1080\" style=\"aspect-ratio: 1920 \/ 1080;\" width=\"1920\" controls preload=\"none\" src=\"https:\/\/www.besterpcba.com\/wp-content\/uploads\/2023\/06\/dip-workshop2.mp4\"><\/video><\/figure>\n\n\n<h3 class=\"wp-block-heading\" id=\"dip-workshop\">DIP-Werkstatt<\/h3><\/div><\/div>\n\n\n\n<div class=\"wp-block-group\"><div class=\"wp-block-group__inner-container is-layout-constrained wp-block-group-is-layout-constrained\">\n<figure class=\"wp-block-video\"><video height=\"1080\" style=\"aspect-ratio: 1920 \/ 1080;\" width=\"1920\" controls preload=\"none\" src=\"https:\/\/www.besterpcba.com\/wp-content\/uploads\/2023\/06\/robotic-soldering.mp4\"><\/video><\/figure>\n\n\n<h3 class=\"wp-block-heading\" id=\"robotic-soldering\">Robotisches L\u00f6ten<\/h3><\/div><\/div>\n\n\n\n<div class=\"wp-block-group\"><div class=\"wp-block-group__inner-container is-layout-constrained wp-block-group-is-layout-constrained\">\n<figure class=\"wp-block-video\"><video height=\"1080\" style=\"aspect-ratio: 1920 \/ 1080;\" width=\"1920\" controls preload=\"none\" src=\"https:\/\/www.besterpcba.com\/wp-content\/uploads\/2023\/06\/automated-conformal-coating.mp4\"><\/video><\/figure>\n\n\n<h3 class=\"wp-block-heading\" id=\"automated-conformal-coating\">Automatisierte konforme Beschichtung<\/h3><\/div><\/div>\n<\/div><\/div>\n<\/div><\/div>\n\n\n<h2 class=\"wp-block-heading has-text-align-center factory-sector-heading\" id=\"more-reasons-to-choose-bester-tech\">Weitere Gr\u00fcnde, sich f\u00fcr Bester Tech zu entscheiden<\/h2>\n\n\n<div class=\"wp-block-cover is-light bs_hp_site_width_cover bs_hp_value bs_video\"><span aria-hidden=\"true\" class=\"wp-block-cover__background has-background-dim-0 has-background-dim\"><\/span><div class=\"wp-block-cover__inner-container is-layout-flow wp-block-cover-is-layout-flow\">\n<div class=\"wp-block-group bs_hp_site_width_cover_img\"><div class=\"wp-block-group__inner-container is-layout-constrained wp-block-group-is-layout-constrained\">\n<figure class=\"wp-block-image size-large\"><img loading=\"lazy\" decoding=\"async\" width=\"1024\" height=\"683\" src=\"https:\/\/www.besterpcba.com\/wp-content\/uploads\/2021\/09\/XP6A1125-1024x683.jpg\" alt=\"\" class=\"wp-image-2828\" srcset=\"https:\/\/www.besterpcba.com\/wp-content\/uploads\/2021\/09\/XP6A1125-1024x683.jpg 1024w, https:\/\/www.besterpcba.com\/wp-content\/uploads\/2021\/09\/XP6A1125-300x200.jpg 300w, https:\/\/www.besterpcba.com\/wp-content\/uploads\/2021\/09\/XP6A1125-768x512.jpg 768w, https:\/\/www.besterpcba.com\/wp-content\/uploads\/2021\/09\/XP6A1125-1600x1067.jpg 1600w, https:\/\/www.besterpcba.com\/wp-content\/uploads\/2021\/09\/XP6A1125-1536x1024.jpg 1536w, https:\/\/www.besterpcba.com\/wp-content\/uploads\/2021\/09\/XP6A1125.jpg 1920w\" sizes=\"auto, (max-width: 1024px) 100vw, 1024px\" \/><\/figure>\n<\/div><\/div>\n\n\n\n<div class=\"wp-block-group bs_hp_site_width_cover_txt\"><div class=\"wp-block-group__inner-container is-layout-constrained wp-block-group-is-layout-constrained\"><h3 class=\"wp-block-heading\" id=\"components\">Komponenten<\/h3>\n\n<h2 class=\"wp-block-heading\" id=\"at-bester-we-have-full-stocking-of-components-for-quick-delievery\">BEI BESTER HABEN WIR EIN GROSSES LAGER AN KOMPONENTEN F\u00dcR EINE SCHNELLE LIEFERUNG.<\/h2>\n\n\n<p>Im Laufe der Jahre haben wir stabile und enge Beziehungen zu erstklassigen Komponentenlieferanten aus dem In- und Ausland aufgebaut. Wir verf\u00fcgen \u00fcber einen gro\u00dfen Vorrat an g\u00e4ngigen, weit verbreiteten Komponenten f\u00fcr eine schnelle Lieferung f\u00fcr Ihre Testprojekte. <\/p>\n<\/div><\/div>\n<\/div><\/div>\n\n\n\n<div class=\"wp-block-cover is-light bs_hp_site_width_cover bs_hp_value bs_hp_cover_reverse bs_video\"><span aria-hidden=\"true\" class=\"wp-block-cover__background has-background-dim-0 has-background-dim\"><\/span><div class=\"wp-block-cover__inner-container is-layout-flow wp-block-cover-is-layout-flow\">\n<div class=\"wp-block-group bs_hp_site_width_cover_img\"><div class=\"wp-block-group__inner-container is-layout-constrained wp-block-group-is-layout-constrained\">\n<figure class=\"wp-block-image size-large\"><img loading=\"lazy\" decoding=\"async\" width=\"1024\" height=\"683\" src=\"https:\/\/www.besterpcba.com\/wp-content\/uploads\/2021\/09\/XP6A4577-1024x683.jpg\" alt=\"\" class=\"wp-image-2889\" srcset=\"https:\/\/www.besterpcba.com\/wp-content\/uploads\/2021\/09\/XP6A4577-1024x683.jpg 1024w, https:\/\/www.besterpcba.com\/wp-content\/uploads\/2021\/09\/XP6A4577-300x200.jpg 300w, https:\/\/www.besterpcba.com\/wp-content\/uploads\/2021\/09\/XP6A4577-768x512.jpg 768w, https:\/\/www.besterpcba.com\/wp-content\/uploads\/2021\/09\/XP6A4577-1600x1067.jpg 1600w, https:\/\/www.besterpcba.com\/wp-content\/uploads\/2021\/09\/XP6A4577-1536x1024.jpg 1536w, https:\/\/www.besterpcba.com\/wp-content\/uploads\/2021\/09\/XP6A4577.jpg 1920w\" sizes=\"auto, (max-width: 1024px) 100vw, 1024px\" \/><\/figure>\n<\/div><\/div>\n\n\n\n<div class=\"wp-block-group bs_hp_site_width_cover_txt\"><div class=\"wp-block-group__inner-container is-layout-constrained wp-block-group-is-layout-constrained\"><h3 class=\"wp-block-heading\" id=\"quality\">Qualit\u00e4t<\/h3>\n\n<h2 class=\"wp-block-heading\" id=\"at-bester-we-check-and-test-every-board-before-delivery\">BEI BESTER WIRD JEDES BOARD VOR DER AUSLIEFERUNG GEPR\u00dcFT UND GETESTET<\/h2>\n\n\n<p>Wir sind bestrebt, unseren Kunden nur erstklassige Qualit\u00e4tsprodukte zu liefern, da die Produkte f\u00fcr sich selbst sprechen werden. Bei Bester bieten wir den \u00fcblichen Inspektionsprozess zusammen mit Funktionstests f\u00fcr maximal gute Ergebnisse.<\/p>\n<\/div><\/div>\n<\/div><\/div>\n\n\n\n<div class=\"wp-block-cover is-light bs_hp_site_width_cover bs_hp_value bs_video\"><span aria-hidden=\"true\" class=\"wp-block-cover__background has-background-dim-0 has-background-dim\"><\/span><div class=\"wp-block-cover__inner-container is-layout-flow wp-block-cover-is-layout-flow\">\n<div class=\"wp-block-group bs_hp_site_width_cover_img\"><div class=\"wp-block-group__inner-container is-layout-constrained wp-block-group-is-layout-constrained\">\n<figure class=\"wp-block-image size-large\"><img loading=\"lazy\" decoding=\"async\" width=\"1024\" height=\"683\" src=\"https:\/\/www.besterpcba.com\/wp-content\/uploads\/2021\/09\/XP6A4577-1024x683.jpg\" alt=\"\" class=\"wp-image-2889\" srcset=\"https:\/\/www.besterpcba.com\/wp-content\/uploads\/2021\/09\/XP6A4577-1024x683.jpg 1024w, https:\/\/www.besterpcba.com\/wp-content\/uploads\/2021\/09\/XP6A4577-300x200.jpg 300w, https:\/\/www.besterpcba.com\/wp-content\/uploads\/2021\/09\/XP6A4577-768x512.jpg 768w, https:\/\/www.besterpcba.com\/wp-content\/uploads\/2021\/09\/XP6A4577-1600x1067.jpg 1600w, https:\/\/www.besterpcba.com\/wp-content\/uploads\/2021\/09\/XP6A4577-1536x1024.jpg 1536w, https:\/\/www.besterpcba.com\/wp-content\/uploads\/2021\/09\/XP6A4577.jpg 1920w\" sizes=\"auto, (max-width: 1024px) 100vw, 1024px\" \/><\/figure>\n<\/div><\/div>\n\n\n\n<div class=\"wp-block-group bs_hp_site_width_cover_txt\"><div class=\"wp-block-group__inner-container is-layout-constrained wp-block-group-is-layout-constrained\"><h3 class=\"wp-block-heading\" id=\"consistency\">Konsistenz<\/h3>\n\n<h2 class=\"wp-block-heading\" id=\"at-bester-we-work-with-quality-and-consistency-as-first-priority\">BEI BESTER STEHEN QUALIT\u00c4T UND BEST\u00c4NDIGKEIT AN ERSTER STELLE<\/h2>\n\n\n<p>Die Best\u00e4ndigkeit unserer hochwertigen Produkte und Dienstleistungen ist der Schl\u00fcssel. <\/p>\n\n\n\n<p>Jeder kann irgendwann einmal gute Produkte und Dienstleistungen anbieten, aber bei Bester streben wir danach, immer die beste Qualit\u00e4t zu liefern, sowohl f\u00fcr unsere Produktleistung als auch f\u00fcr unsere Dienstleistungen.<\/p>\n\n\n\n<p>Die Qualit\u00e4t der Massenbestellungen ist so gut wie die Qualit\u00e4t Ihrer Stichproben, nur besser.<\/p>\n<\/div><\/div>\n<\/div><\/div>\n\n\n\n<div class=\"wp-block-cover alignfull is-light base_footer\"><span aria-hidden=\"true\" class=\"wp-block-cover__background has-background-dim-0 has-background-dim\"><\/span><img loading=\"lazy\" decoding=\"async\" width=\"3226\" height=\"1400\" class=\"wp-block-cover__image-background wp-image-5726\" alt=\"5d10fb377791dacec4062c61 Bg Mid\" src=\"https:\/\/www.besterpcba.com\/wp-content\/uploads\/2023\/06\/5d10fb377791dacec4062c61_bg-mid.png\" data-object-fit=\"cover\" srcset=\"https:\/\/www.besterpcba.com\/wp-content\/uploads\/2023\/06\/5d10fb377791dacec4062c61_bg-mid.png 3226w, https:\/\/www.besterpcba.com\/wp-content\/uploads\/2023\/06\/5d10fb377791dacec4062c61_bg-mid-300x130.png 300w, https:\/\/www.besterpcba.com\/wp-content\/uploads\/2023\/06\/5d10fb377791dacec4062c61_bg-mid-1024x444.png 1024w, https:\/\/www.besterpcba.com\/wp-content\/uploads\/2023\/06\/5d10fb377791dacec4062c61_bg-mid-768x333.png 768w, https:\/\/www.besterpcba.com\/wp-content\/uploads\/2023\/06\/5d10fb377791dacec4062c61_bg-mid-1600x694.png 1600w, https:\/\/www.besterpcba.com\/wp-content\/uploads\/2023\/06\/5d10fb377791dacec4062c61_bg-mid-1536x667.png 1536w, https:\/\/www.besterpcba.com\/wp-content\/uploads\/2023\/06\/5d10fb377791dacec4062c61_bg-mid-2048x889.png 2048w\" sizes=\"auto, (max-width: 3226px) 100vw, 3226px\" \/><div class=\"wp-block-cover__inner-container is-layout-flow wp-block-cover-is-layout-flow\">\n<p class=\"has-text-align-center has-large-font-size\">Sind Sie bereit, Ihr PCB-Best\u00fcckungsprojekt zu starten?<\/p>\n\n\n\n<div class='base_cover_button_wrapper'><p class=\"base_cover_button\"><a href=\"https:\/\/www.besterpcba.com\/de\/kontakt\/\" data-type=\"page\" data-id=\"1358\">Kontakt<\/a><\/p><\/div>\n<\/div><\/div>","protected":false},"excerpt":{"rendered":"<p>PCBA-Hersteller aus einer Hand<\/p>\n<p>Fabrik-Tour<\/p>\n<p>Besuchen Sie unser Werk in Shenzhen oder sehen Sie sich Videos an, um mehr \u00fcber Bester Tech zu erfahren.<\/p>","protected":false},"author":1,"featured_media":0,"parent":0,"menu_order":0,"comment_status":"closed","ping_status":"closed","template":"","meta":{"article_term":"","article_term_alternate":"","article_term_def":"","article_hook":"","auto_links":"","article_topic":"","article_fact_check":"","mt_social_share":"","mt_content_meta":"","mt_glossary_display":"","glossary_heading":"","glossary":"","glossary_alter":"","glossary_def":"","article_task":"","footnotes":""},"class_list":["post-3316","page","type-page","status-publish"],"_links":{"self":[{"href":"https:\/\/www.besterpcba.com\/de\/wp-json\/wp\/v2\/pages\/3316","targetHints":{"allow":["GET"]}}],"collection":[{"href":"https:\/\/www.besterpcba.com\/de\/wp-json\/wp\/v2\/pages"}],"about":[{"href":"https:\/\/www.besterpcba.com\/de\/wp-json\/wp\/v2\/types\/page"}],"author":[{"embeddable":true,"href":"https:\/\/www.besterpcba.com\/de\/wp-json\/wp\/v2\/users\/1"}],"replies":[{"embeddable":true,"href":"https:\/\/www.besterpcba.com\/de\/wp-json\/wp\/v2\/comments?post=3316"}],"version-history":[{"count":30,"href":"https:\/\/www.besterpcba.com\/de\/wp-json\/wp\/v2\/pages\/3316\/revisions"}],"predecessor-version":[{"id":7097,"href":"https:\/\/www.besterpcba.com\/de\/wp-json\/wp\/v2\/pages\/3316\/revisions\/7097"}],"wp:attachment":[{"href":"https:\/\/www.besterpcba.com\/de\/wp-json\/wp\/v2\/media?parent=3316"}],"curies":[{"name":"wp","href":"https:\/\/api.w.org\/{rel}","templated":true}]}}