{"id":3858,"date":"2021-10-09T03:35:00","date_gmt":"2021-10-09T03:35:00","guid":{"rendered":"https:\/\/besterpcba.com\/?page_id=3858"},"modified":"2023-07-25T07:04:30","modified_gmt":"2023-07-25T07:04:30","slug":"company-news","status":"publish","type":"page","link":"https:\/\/www.besterpcba.com\/de\/unternehmensnachrichten\/","title":{"rendered":"Unternehmensnachrichten"},"content":{"rendered":"<div class=\"wp-block-cover alignfull is-light base_cover base_cover_overlay_grad\"><span aria-hidden=\"true\" class=\"wp-block-cover__background has-background-dim-0 has-background-dim\"><\/span><img decoding=\"async\" loading=\"lazy\" width=\"1920\" height=\"1156\" class=\"wp-block-cover__image-background wp-image-3862\" alt=\"\" src=\"https:\/\/www.besterpcba.com\/wp-content\/uploads\/2021\/10\/job-5382501_1920-1.jpg\" data-object-fit=\"cover\" srcset=\"https:\/\/www.besterpcba.com\/wp-content\/uploads\/2021\/10\/job-5382501_1920-1.jpg 1920w, https:\/\/www.besterpcba.com\/wp-content\/uploads\/2021\/10\/job-5382501_1920-1-300x181.jpg 300w, https:\/\/www.besterpcba.com\/wp-content\/uploads\/2021\/10\/job-5382501_1920-1-1024x617.jpg 1024w, https:\/\/www.besterpcba.com\/wp-content\/uploads\/2021\/10\/job-5382501_1920-1-768x462.jpg 768w, https:\/\/www.besterpcba.com\/wp-content\/uploads\/2021\/10\/job-5382501_1920-1-1600x963.jpg 1600w, https:\/\/www.besterpcba.com\/wp-content\/uploads\/2021\/10\/job-5382501_1920-1-1536x925.jpg 1536w\" sizes=\"(max-width: 1920px) 100vw, 1920px\" \/><div class=\"wp-block-cover__inner-container\">\n<div class=\"wp-block-group is-layout-constrained\"><div class=\"wp-block-group__inner-container\"><div class=\"breadcrumbs\" typeof=\"BreadcrumbList\" vocab=\"https:\/\/schema.org\/\"><span property=\"itemListElement\" typeof=\"ListItem\"><a property=\"item\" typeof=\"WebPage\" title=\"Gehe zu One Stop PCBA Manufacturer.\" href=\"https:\/\/www.besterpcba.com\/de\" class=\"home\" aria-current=\"page\"><span property=\"name\">PCBA-Hersteller aus einer Hand<\/span><\/a><meta property=\"position\" content=\"1\"><\/span><\/div>\n\n<h1 class=\"wp-block-heading\" id=\"company-news\">Unternehmensnachrichten<\/h1>\n\n\n<p class=\"has-text-align-left has-large-font-size\">Neueste Nachrichten bei Bester Tech<\/p>\n\n\n\n<div class='base_cover_button_wrapper'><p class=\"base_header_button\"><a href=\"https:\/\/www.besterpcba.com\/de\/kontakt\/\" data-type=\"page\" data-id=\"1358\">Kostenloses Angebot erhalten<\/a><\/p><\/div>\n<\/div><\/div>\n<\/div><\/div>\n\n\n\n<div class=\"wp-block-group head-font factory-video-section is-layout-flow\"><div class=\"wp-block-group__inner-container\"><h2 class=\"wp-block-heading underline--magical\" id=\"news\"> NEWS <\/h2>\n\n\n<div class=\"wp-block-query is-layout-flow\"><ul class=\"is-flex-container columns-3 best-home-news-gp-query wp-block-post-template is-layout-flow\"><li class=\"wp-block-post post-8916 post type-post status-publish format-standard has-post-thumbnail hentry category-news\">\n<figure class=\"alignwide wp-block-post-featured-image\"><a href=\"https:\/\/www.besterpcba.com\/de\/globale-quellen-smart-home-appliances-trade-show-5\/\" target=\"_self\"  ><img width=\"1920\" height=\"1440\" src=\"https:\/\/www.besterpcba.com\/wp-content\/uploads\/2023\/11\/china-uae-fair.jpg\" class=\"attachment-post-thumbnail size-post-thumbnail wp-post-image\" alt=\"Shenzhen Bester Tech Ltd pr\u00e4sentiert PCB-Best\u00fcckung und energiesparende Innovationen auf der China (UAE) Trade Fair 2023\" decoding=\"async\" loading=\"lazy\" srcset=\"https:\/\/www.besterpcba.com\/wp-content\/uploads\/2023\/11\/china-uae-fair.jpg 1920w, https:\/\/www.besterpcba.com\/wp-content\/uploads\/2023\/11\/china-uae-fair-300x225.jpg 300w, https:\/\/www.besterpcba.com\/wp-content\/uploads\/2023\/11\/china-uae-fair-1024x768.jpg 1024w, https:\/\/www.besterpcba.com\/wp-content\/uploads\/2023\/11\/china-uae-fair-768x576.jpg 768w, https:\/\/www.besterpcba.com\/wp-content\/uploads\/2023\/11\/china-uae-fair-1536x1152.jpg 1536w, https:\/\/www.besterpcba.com\/wp-content\/uploads\/2023\/11\/china-uae-fair-16x12.jpg 16w\" sizes=\"(max-width: 1920px) 100vw, 1920px\" \/><\/a><\/figure>\n\n<h2 class=\"wp-block-post-title\"><a href=\"https:\/\/www.besterpcba.com\/de\/globale-quellen-smart-home-appliances-trade-show-5\/\" target=\"_self\" >Shenzhen Bester Tech Ltd pr\u00e4sentiert PCB-Best\u00fcckung und energiesparende Innovationen auf der China (UAE) Trade Fair 2023<\/a><\/h2>\n\n<div class=\"wp-block-post-excerpt\"><p class=\"wp-block-post-excerpt__excerpt\">China (VAE) Fachmesse 2023<\/p><p class=\"wp-block-post-excerpt__more-text\"><a class=\"wp-block-post-excerpt__more-link\" href=\"https:\/\/www.besterpcba.com\/de\/globale-quellen-smart-home-appliances-trade-show-5\/\">Mehr lesen<\/a><\/p><\/div>\n<\/li><li class=\"wp-block-post post-8911 post type-post status-publish format-standard has-post-thumbnail hentry category-news\">\n<figure class=\"alignwide wp-block-post-featured-image\"><a href=\"https:\/\/www.besterpcba.com\/de\/globale-quellen-smart-home-appliances-trade-show-4\/\" target=\"_self\"  ><img width=\"1920\" height=\"1080\" src=\"https:\/\/www.besterpcba.com\/wp-content\/uploads\/2023\/11\/china-indonesia-fair.jpg\" class=\"attachment-post-thumbnail size-post-thumbnail wp-post-image\" alt=\"Besuchen Sie Shenzhen Bester Tech Ltd auf der China (Indonesien) Trade Fair 2023 f\u00fcr hochmoderne PCB-Best\u00fcckungsl\u00f6sungen\" decoding=\"async\" loading=\"lazy\" srcset=\"https:\/\/www.besterpcba.com\/wp-content\/uploads\/2023\/11\/china-indonesia-fair.jpg 1920w, https:\/\/www.besterpcba.com\/wp-content\/uploads\/2023\/11\/china-indonesia-fair-300x169.jpg 300w, https:\/\/www.besterpcba.com\/wp-content\/uploads\/2023\/11\/china-indonesia-fair-1024x576.jpg 1024w, https:\/\/www.besterpcba.com\/wp-content\/uploads\/2023\/11\/china-indonesia-fair-768x432.jpg 768w, https:\/\/www.besterpcba.com\/wp-content\/uploads\/2023\/11\/china-indonesia-fair-1536x864.jpg 1536w, https:\/\/www.besterpcba.com\/wp-content\/uploads\/2023\/11\/china-indonesia-fair-18x10.jpg 18w\" sizes=\"(max-width: 1920px) 100vw, 1920px\" \/><\/a><\/figure>\n\n<h2 class=\"wp-block-post-title\"><a href=\"https:\/\/www.besterpcba.com\/de\/globale-quellen-smart-home-appliances-trade-show-4\/\" target=\"_self\" >Besuchen Sie Shenzhen Bester Tech Ltd auf der China (Indonesien) Trade Fair 2023 f\u00fcr hochmoderne PCB-Best\u00fcckungsl\u00f6sungen<\/a><\/h2>\n\n<div class=\"wp-block-post-excerpt\"><p class=\"wp-block-post-excerpt__excerpt\">China (Indonesien) Fachmesse 2023<\/p><p class=\"wp-block-post-excerpt__more-text\"><a class=\"wp-block-post-excerpt__more-link\" href=\"https:\/\/www.besterpcba.com\/de\/globale-quellen-smart-home-appliances-trade-show-4\/\">Mehr lesen<\/a><\/p><\/div>\n<\/li><li class=\"wp-block-post post-8906 post type-post status-publish format-standard has-post-thumbnail hentry category-news\">\n<figure class=\"alignwide wp-block-post-featured-image\"><a href=\"https:\/\/www.besterpcba.com\/de\/globale-quellen-smart-home-appliances-trade-show-3\/\" target=\"_self\"  ><img width=\"1920\" height=\"1440\" src=\"https:\/\/www.besterpcba.com\/wp-content\/uploads\/2023\/11\/hk-fair-oct2.jpg\" class=\"attachment-post-thumbnail size-post-thumbnail wp-post-image\" alt=\"Bester gl\u00e4nzt auf der HKTDC Hong Kong International Lighting Fair (Herbstausgabe) 2023\" decoding=\"async\" loading=\"lazy\" srcset=\"https:\/\/www.besterpcba.com\/wp-content\/uploads\/2023\/11\/hk-fair-oct2.jpg 1920w, https:\/\/www.besterpcba.com\/wp-content\/uploads\/2023\/11\/hk-fair-oct2-300x225.jpg 300w, https:\/\/www.besterpcba.com\/wp-content\/uploads\/2023\/11\/hk-fair-oct2-1024x768.jpg 1024w, https:\/\/www.besterpcba.com\/wp-content\/uploads\/2023\/11\/hk-fair-oct2-768x576.jpg 768w, https:\/\/www.besterpcba.com\/wp-content\/uploads\/2023\/11\/hk-fair-oct2-1536x1152.jpg 1536w, https:\/\/www.besterpcba.com\/wp-content\/uploads\/2023\/11\/hk-fair-oct2-16x12.jpg 16w\" sizes=\"(max-width: 1920px) 100vw, 1920px\" \/><\/a><\/figure>\n\n<h2 class=\"wp-block-post-title\"><a href=\"https:\/\/www.besterpcba.com\/de\/globale-quellen-smart-home-appliances-trade-show-3\/\" target=\"_self\" >Bester gl\u00e4nzt auf der HKTDC Hong Kong International Lighting Fair (Herbstausgabe) 2023<\/a><\/h2>\n\n<div class=\"wp-block-post-excerpt\"><p class=\"wp-block-post-excerpt__excerpt\">HKTDC Internationale Beleuchtungsmesse Hongkong 2023<\/p><p class=\"wp-block-post-excerpt__more-text\"><a class=\"wp-block-post-excerpt__more-link\" href=\"https:\/\/www.besterpcba.com\/de\/globale-quellen-smart-home-appliances-trade-show-3\/\">Mehr lesen<\/a><\/p><\/div>\n<\/li><li class=\"wp-block-post post-8891 post type-post status-publish format-standard has-post-thumbnail hentry category-news\">\n<figure class=\"alignwide wp-block-post-featured-image\"><a href=\"https:\/\/www.besterpcba.com\/de\/globale-quellen-smart-home-appliances-trade-show-2\/\" target=\"_self\"  ><img width=\"1920\" height=\"1440\" src=\"https:\/\/www.besterpcba.com\/wp-content\/uploads\/2023\/11\/smart-home-security-2023.jpg\" class=\"attachment-post-thumbnail size-post-thumbnail wp-post-image\" alt=\"Bester gl\u00e4nzt auf der Global Sources Smart Home, Security &amp; Appliances Show 2023\" decoding=\"async\" loading=\"lazy\" srcset=\"https:\/\/www.besterpcba.com\/wp-content\/uploads\/2023\/11\/smart-home-security-2023.jpg 1920w, https:\/\/www.besterpcba.com\/wp-content\/uploads\/2023\/11\/smart-home-security-2023-300x225.jpg 300w, https:\/\/www.besterpcba.com\/wp-content\/uploads\/2023\/11\/smart-home-security-2023-1024x768.jpg 1024w, https:\/\/www.besterpcba.com\/wp-content\/uploads\/2023\/11\/smart-home-security-2023-768x576.jpg 768w, https:\/\/www.besterpcba.com\/wp-content\/uploads\/2023\/11\/smart-home-security-2023-1536x1152.jpg 1536w, https:\/\/www.besterpcba.com\/wp-content\/uploads\/2023\/11\/smart-home-security-2023-16x12.jpg 16w\" sizes=\"(max-width: 1920px) 100vw, 1920px\" \/><\/a><\/figure>\n\n<h2 class=\"wp-block-post-title\"><a href=\"https:\/\/www.besterpcba.com\/de\/globale-quellen-smart-home-appliances-trade-show-2\/\" target=\"_self\" >Bester gl\u00e4nzt auf der Global Sources Smart Home, Security &amp; Appliances Show 2023<\/a><\/h2>\n\n<div class=\"wp-block-post-excerpt\"><p class=\"wp-block-post-excerpt__excerpt\">Bester gl\u00e4nzt auf der Global Sources Smart Home, Security &amp; Appliances Show 2023<\/p><p class=\"wp-block-post-excerpt__more-text\"><a class=\"wp-block-post-excerpt__more-link\" href=\"https:\/\/www.besterpcba.com\/de\/globale-quellen-smart-home-appliances-trade-show-2\/\">Mehr lesen<\/a><\/p><\/div>\n<\/li><li class=\"wp-block-post post-4852 post type-post status-publish format-standard has-post-thumbnail hentry category-news\">\n<figure class=\"alignwide wp-block-post-featured-image\"><a href=\"https:\/\/www.besterpcba.com\/de\/iso-factory-audit-2021\/\" target=\"_self\"  ><img width=\"1200\" height=\"1698\" src=\"https:\/\/www.besterpcba.com\/wp-content\/uploads\/2021\/09\/bester-iso-certification.jpg\" class=\"attachment-post-thumbnail size-post-thumbnail wp-post-image\" alt=\"Bester besteht ISO 9001:2015 Zertifizierungsaudit\" decoding=\"async\" loading=\"lazy\" srcset=\"https:\/\/www.besterpcba.com\/wp-content\/uploads\/2021\/09\/bester-iso-certification.jpg 1200w, https:\/\/www.besterpcba.com\/wp-content\/uploads\/2021\/09\/bester-iso-certification-212x300.jpg 212w, https:\/\/www.besterpcba.com\/wp-content\/uploads\/2021\/09\/bester-iso-certification-724x1024.jpg 724w, https:\/\/www.besterpcba.com\/wp-content\/uploads\/2021\/09\/bester-iso-certification-768x1087.jpg 768w, https:\/\/www.besterpcba.com\/wp-content\/uploads\/2021\/09\/bester-iso-certification-1086x1536.jpg 1086w\" sizes=\"(max-width: 1200px) 100vw, 1200px\" \/><\/a><\/figure>\n\n<h2 class=\"wp-block-post-title\"><a href=\"https:\/\/www.besterpcba.com\/de\/iso-factory-audit-2021\/\" target=\"_self\" >Bester besteht ISO 9001:2015 Zertifizierungsaudit<\/a><\/h2>\n\n<div class=\"wp-block-post-excerpt\"><p class=\"wp-block-post-excerpt__excerpt\">Bester wurde erfolgreich als High Technology Expertise (HNTE) verifiziert.<\/p><p class=\"wp-block-post-excerpt__more-text\"><a class=\"wp-block-post-excerpt__more-link\" href=\"https:\/\/www.besterpcba.com\/de\/iso-factory-audit-2021\/\">Mehr lesen<\/a><\/p><\/div>\n<\/li><li class=\"wp-block-post post-4859 post type-post status-publish format-standard has-post-thumbnail hentry category-news\">\n<figure class=\"alignwide wp-block-post-featured-image\"><a href=\"https:\/\/www.besterpcba.com\/de\/globale-quellen-smart-home-appliances-trade-show-2023\/\" target=\"_self\"  ><img width=\"1200\" height=\"800\" src=\"https:\/\/www.besterpcba.com\/wp-content\/uploads\/2021\/09\/bester-hk-fair-23.jpg\" class=\"attachment-post-thumbnail size-post-thumbnail wp-post-image\" alt=\"Global Sources Smart Home &amp; Appliances Messe 2023\" decoding=\"async\" loading=\"lazy\" srcset=\"https:\/\/www.besterpcba.com\/wp-content\/uploads\/2021\/09\/bester-hk-fair-23.jpg 1200w, https:\/\/www.besterpcba.com\/wp-content\/uploads\/2021\/09\/bester-hk-fair-23-300x200.jpg 300w, https:\/\/www.besterpcba.com\/wp-content\/uploads\/2021\/09\/bester-hk-fair-23-1024x683.jpg 1024w, https:\/\/www.besterpcba.com\/wp-content\/uploads\/2021\/09\/bester-hk-fair-23-768x512.jpg 768w, https:\/\/www.besterpcba.com\/wp-content\/uploads\/2021\/09\/bester-hk-fair-23-600x400.jpg 600w\" sizes=\"(max-width: 1200px) 100vw, 1200px\" \/><\/a><\/figure>\n\n<h2 class=\"wp-block-post-title\"><a href=\"https:\/\/www.besterpcba.com\/de\/globale-quellen-smart-home-appliances-trade-show-2023\/\" target=\"_self\" >Global Sources Smart Home &amp; Appliances Messe 2023<\/a><\/h2>\n\n<div class=\"wp-block-post-excerpt\"><p class=\"wp-block-post-excerpt__excerpt\">Global Sources Smart Home &amp; Appliances Messe 2023<\/p><p class=\"wp-block-post-excerpt__more-text\"><a class=\"wp-block-post-excerpt__more-link\" href=\"https:\/\/www.besterpcba.com\/de\/globale-quellen-smart-home-appliances-trade-show-2023\/\">Mehr lesen<\/a><\/p><\/div>\n<\/li><\/ul><\/div>\n<\/div><\/div>","protected":false},"excerpt":{"rendered":"<p>CORPERATE NEWS<\/p>\n<p>Global Sources Smart Home &amp; Appliances Messe 2023<\/p>\n<p>Horace He | Apr 18, 2023 | 4 min lesen<\/p>","protected":false},"author":1,"featured_media":0,"parent":0,"menu_order":0,"comment_status":"closed","ping_status":"closed","template":"","meta":{"article_term":"","article_term_alternate":"","article_term_def":"","article_hook":"","auto_links":"","article_topic":"","article_fact_check":"","mt_social_share":"","mt_content_meta":"","mt_glossary_display":"","glossary_heading":"","glossary":"","glossary_alter":"","glossary_def":"","article_task":""},"_links":{"self":[{"href":"https:\/\/www.besterpcba.com\/de\/wp-json\/wp\/v2\/pages\/3858"}],"collection":[{"href":"https:\/\/www.besterpcba.com\/de\/wp-json\/wp\/v2\/pages"}],"about":[{"href":"https:\/\/www.besterpcba.com\/de\/wp-json\/wp\/v2\/types\/page"}],"author":[{"embeddable":true,"href":"https:\/\/www.besterpcba.com\/de\/wp-json\/wp\/v2\/users\/1"}],"replies":[{"embeddable":true,"href":"https:\/\/www.besterpcba.com\/de\/wp-json\/wp\/v2\/comments?post=3858"}],"version-history":[{"count":11,"href":"https:\/\/www.besterpcba.com\/de\/wp-json\/wp\/v2\/pages\/3858\/revisions"}],"predecessor-version":[{"id":7148,"href":"https:\/\/www.besterpcba.com\/de\/wp-json\/wp\/v2\/pages\/3858\/revisions\/7148"}],"wp:attachment":[{"href":"https:\/\/www.besterpcba.com\/de\/wp-json\/wp\/v2\/media?parent=3858"}],"curies":[{"name":"wp","href":"https:\/\/api.w.org\/{rel}","templated":true}]}}