{"id":3911,"date":"2021-10-11T06:37:00","date_gmt":"2021-10-11T06:37:00","guid":{"rendered":"https:\/\/besterpcba.com\/?page_id=3911"},"modified":"2023-07-25T07:04:34","modified_gmt":"2023-07-25T07:04:34","slug":"blog","status":"publish","type":"page","link":"https:\/\/www.besterpcba.com\/de\/blog\/","title":{"rendered":"Blog"},"content":{"rendered":"<div class=\"wp-block-cover alignfull is-light base_cover base_cover_overlay_grad\"><span aria-hidden=\"true\" class=\"wp-block-cover__background has-background-dim-0 has-background-dim\"><\/span><img loading=\"lazy\" decoding=\"async\" width=\"1920\" height=\"1156\" class=\"wp-block-cover__image-background wp-image-3862\" alt=\"\" src=\"https:\/\/www.besterpcba.com\/wp-content\/uploads\/2021\/10\/job-5382501_1920-1.jpg\" data-object-fit=\"cover\" srcset=\"https:\/\/www.besterpcba.com\/wp-content\/uploads\/2021\/10\/job-5382501_1920-1.jpg 1920w, https:\/\/www.besterpcba.com\/wp-content\/uploads\/2021\/10\/job-5382501_1920-1-300x181.jpg 300w, https:\/\/www.besterpcba.com\/wp-content\/uploads\/2021\/10\/job-5382501_1920-1-1024x617.jpg 1024w, https:\/\/www.besterpcba.com\/wp-content\/uploads\/2021\/10\/job-5382501_1920-1-768x462.jpg 768w, https:\/\/www.besterpcba.com\/wp-content\/uploads\/2021\/10\/job-5382501_1920-1-1600x963.jpg 1600w, https:\/\/www.besterpcba.com\/wp-content\/uploads\/2021\/10\/job-5382501_1920-1-1536x925.jpg 1536w\" sizes=\"auto, (max-width: 1920px) 100vw, 1920px\" \/><div class=\"wp-block-cover__inner-container is-layout-flow wp-block-cover-is-layout-flow\">\n<div class=\"wp-block-group\"><div class=\"wp-block-group__inner-container is-layout-constrained wp-block-group-is-layout-constrained\"><div class=\"breadcrumbs\" typeof=\"BreadcrumbList\" vocab=\"https:\/\/schema.org\/\"><span property=\"itemListElement\" typeof=\"ListItem\"><a property=\"item\" typeof=\"WebPage\" title=\"Gehe zu One Stop PCBA Manufacturer.\" href=\"https:\/\/www.besterpcba.com\/de\" class=\"home\" aria-current=\"page\"><span property=\"name\">PCBA-Hersteller aus einer Hand<\/span><\/a><meta property=\"position\" content=\"1\"><\/span><\/div>\n\n<h1 class=\"wp-block-heading\" id=\"blog\">Blog<\/h1>\n\n\n<p class=\"has-text-align-left has-large-font-size\">Lesen Sie unsere Blogs und Einblicke in die PCB- und PCBA-Industrie.<\/p>\n\n\n\n<div class='base_cover_button_wrapper'><p class=\"base_header_button\"><a href=\"https:\/\/www.besterpcba.com\/de\/kontakt\/\" data-type=\"page\" data-id=\"1358\">Kostenloses Angebot erhalten<\/a><\/p><\/div>\n<\/div><\/div>\n<\/div><\/div>\n\n\n\n<div class=\"wp-block-group bs_common_page_group bs_group_gap\"><div class=\"wp-block-group__inner-container is-layout-flow wp-block-group-is-layout-flow\"><h2 class=\"wp-block-heading underline--magical\" id=\"blog\"> Blog <\/h2>\n\n\n<div class=\"wp-block-query is-layout-flow wp-block-query-is-layout-flow\"><ul class=\"is-flex-container columns-3 best-home-news-gp-query wp-block-post-template is-layout-flow wp-block-post-template-is-layout-flow\"><li class=\"wp-block-post post-10727 post type-post status-publish format-standard has-post-thumbnail hentry category-blog\">\n<figure class=\"alignwide wp-block-post-featured-image\"><a href=\"https:\/\/www.besterpcba.com\/de\/makler-kaufkontrolle\/\" target=\"_self\"  ><img loading=\"lazy\" decoding=\"async\" width=\"1200\" height=\"800\" src=\"https:\/\/www.besterpcba.com\/wp-content\/uploads\/2026\/01\/electronics-quarantine-hold-bin-factory-inspection.png\" class=\"attachment-post-thumbnail size-post-thumbnail wp-post-image\" alt=\"Broker-Kaufkontrolle in der Praxis: Ein Leitfaden f\u00fcr PCBA-Teams, die sich keine Vibes leisten k\u00f6nnen\" style=\"object-fit:cover;\" srcset=\"https:\/\/www.besterpcba.com\/wp-content\/uploads\/2026\/01\/electronics-quarantine-hold-bin-factory-inspection.png 1200w, https:\/\/www.besterpcba.com\/wp-content\/uploads\/2026\/01\/electronics-quarantine-hold-bin-factory-inspection-300x200.png 300w, https:\/\/www.besterpcba.com\/wp-content\/uploads\/2026\/01\/electronics-quarantine-hold-bin-factory-inspection-1024x683.png 1024w, https:\/\/www.besterpcba.com\/wp-content\/uploads\/2026\/01\/electronics-quarantine-hold-bin-factory-inspection-768x512.png 768w, https:\/\/www.besterpcba.com\/wp-content\/uploads\/2026\/01\/electronics-quarantine-hold-bin-factory-inspection-18x12.png 18w, https:\/\/www.besterpcba.com\/wp-content\/uploads\/2026\/01\/electronics-quarantine-hold-bin-factory-inspection-600x400.png 600w\" sizes=\"auto, (max-width: 1200px) 100vw, 1200px\" \/><\/a><\/figure>\n\n<h2 class=\"wp-block-post-title\"><a href=\"https:\/\/www.besterpcba.com\/de\/makler-kaufkontrolle\/\" target=\"_self\" >Broker-Kaufkontrolle in der Praxis: Ein Leitfaden f\u00fcr PCBA-Teams, die sich keine Vibes leisten k\u00f6nnen<\/a><\/h2>\n\n<div class=\"wp-block-post-excerpt\"><p class=\"wp-block-post-excerpt__excerpt\">Ein praktischer Leitfaden f\u00fcr PCBA-Teams, die \u00fcber Broker einkaufen: Wie man Quarant\u00e4ne, Risikostufen, verteidigungsf\u00e4hige Stichproben ausw\u00e4hlt und triggerbasierte Eskalationen nutzt, damit Unsicherheit schrumpft, bevor Teile in die Produktion gehen.<\/p><p class=\"wp-block-post-excerpt__more-text\"><a class=\"wp-block-post-excerpt__more-link\" href=\"https:\/\/www.besterpcba.com\/de\/makler-kaufkontrolle\/\">Mehr lesen<\/a><\/p><\/div>\n<\/li><li class=\"wp-block-post post-10721 post type-post status-publish format-standard has-post-thumbnail hentry category-blog\">\n<figure class=\"alignwide wp-block-post-featured-image\"><a href=\"https:\/\/www.besterpcba.com\/de\/staking-potting-heisfallen\/\" target=\"_self\"  ><img loading=\"lazy\" decoding=\"async\" width=\"1200\" height=\"800\" src=\"https:\/\/www.besterpcba.com\/wp-content\/uploads\/2026\/01\/unpotted-vs-potted-mosfet-heat-trap.png\" class=\"attachment-post-thumbnail size-post-thumbnail wp-post-image\" alt=\"Verkapselung und Verguss ohne W\u00e4rmesperre: Ein Leitfaden f\u00fcr die H\u00e4rtung von Baugruppen\" style=\"object-fit:cover;\" srcset=\"https:\/\/www.besterpcba.com\/wp-content\/uploads\/2026\/01\/unpotted-vs-potted-mosfet-heat-trap.png 1200w, https:\/\/www.besterpcba.com\/wp-content\/uploads\/2026\/01\/unpotted-vs-potted-mosfet-heat-trap-300x200.png 300w, https:\/\/www.besterpcba.com\/wp-content\/uploads\/2026\/01\/unpotted-vs-potted-mosfet-heat-trap-1024x683.png 1024w, https:\/\/www.besterpcba.com\/wp-content\/uploads\/2026\/01\/unpotted-vs-potted-mosfet-heat-trap-768x512.png 768w, https:\/\/www.besterpcba.com\/wp-content\/uploads\/2026\/01\/unpotted-vs-potted-mosfet-heat-trap-18x12.png 18w, https:\/\/www.besterpcba.com\/wp-content\/uploads\/2026\/01\/unpotted-vs-potted-mosfet-heat-trap-600x400.png 600w\" sizes=\"auto, (max-width: 1200px) 100vw, 1200px\" \/><\/a><\/figure>\n\n<h2 class=\"wp-block-post-title\"><a href=\"https:\/\/www.besterpcba.com\/de\/staking-potting-heisfallen\/\" target=\"_self\" >Verkapselung und Verguss ohne W\u00e4rmesperre: Ein Leitfaden f\u00fcr die H\u00e4rtung von Baugruppen<\/a><\/h2>\n\n<div class=\"wp-block-post-excerpt\"><p class=\"wp-block-post-excerpt__excerpt\">Verguss und Verkapselung k\u00f6nnen Elektronik h\u00e4rten, w\u00e4hrend sie leise thermische Wege und Wartungsf\u00e4higkeit beeintr\u00e4chtigen. Dieser Leitfaden zeigt, wie man Last- und W\u00e4rmewege kartiert, die am wenigsten irreversible L\u00f6sung ausw\u00e4hlt und mit einem einfachen instrumentierten A\/B-MVQ validiert.<\/p><p class=\"wp-block-post-excerpt__more-text\"><a class=\"wp-block-post-excerpt__more-link\" href=\"https:\/\/www.besterpcba.com\/de\/staking-potting-heisfallen\/\">Mehr lesen<\/a><\/p><\/div>\n<\/li><li class=\"wp-block-post post-10722 post type-post status-publish format-standard has-post-thumbnail hentry category-blog\">\n<figure class=\"alignwide wp-block-post-featured-image\"><a href=\"https:\/\/www.besterpcba.com\/de\/rma-fehleranalyse-schleife\/\" target=\"_self\"  ><img loading=\"lazy\" decoding=\"async\" width=\"1200\" height=\"800\" src=\"https:\/\/www.besterpcba.com\/wp-content\/uploads\/2026\/01\/factory-triage-meeting-digital-dashboard.png\" class=\"attachment-post-thumbnail size-post-thumbnail wp-post-image\" alt=\"RMA-Fehleranalyse, die den Kreis tats\u00e4chlich schlie\u00dft (schnell)\" style=\"object-fit:cover;\" srcset=\"https:\/\/www.besterpcba.com\/wp-content\/uploads\/2026\/01\/factory-triage-meeting-digital-dashboard.png 1200w, https:\/\/www.besterpcba.com\/wp-content\/uploads\/2026\/01\/factory-triage-meeting-digital-dashboard-300x200.png 300w, https:\/\/www.besterpcba.com\/wp-content\/uploads\/2026\/01\/factory-triage-meeting-digital-dashboard-1024x683.png 1024w, https:\/\/www.besterpcba.com\/wp-content\/uploads\/2026\/01\/factory-triage-meeting-digital-dashboard-768x512.png 768w, https:\/\/www.besterpcba.com\/wp-content\/uploads\/2026\/01\/factory-triage-meeting-digital-dashboard-18x12.png 18w, https:\/\/www.besterpcba.com\/wp-content\/uploads\/2026\/01\/factory-triage-meeting-digital-dashboard-600x400.png 600w\" sizes=\"auto, (max-width: 1200px) 100vw, 1200px\" \/><\/a><\/figure>\n\n<h2 class=\"wp-block-post-title\"><a href=\"https:\/\/www.besterpcba.com\/de\/rma-fehleranalyse-schleife\/\" target=\"_self\" >RMA-Fehleranalyse, die den Kreis tats\u00e4chlich schlie\u00dft (schnell)<\/a><\/h2>\n\n<div class=\"wp-block-post-excerpt\"><p class=\"wp-block-post-excerpt__excerpt\">Ein gestaffelter RMA-Fehleranalyse-Loop, der schnelle Entscheidungen trifft, ohne \u00dcbertreibungen: diszipliniertes Intake, 48-Stunden-Triage, parallele Eind\u00e4mmung und Korrekturma\u00dfnahmen, die in kontrollierten Dokumenten landen. Stoppen Sie die Unsicherheit beim Versand und schlie\u00dfen Sie den Kreis mit Beweisen, die die Pr\u00fcfung bestehen.<\/p><p class=\"wp-block-post-excerpt__more-text\"><a class=\"wp-block-post-excerpt__more-link\" href=\"https:\/\/www.besterpcba.com\/de\/rma-fehleranalyse-schleife\/\">Mehr lesen<\/a><\/p><\/div>\n<\/li><li class=\"wp-block-post post-10720 post type-post status-publish format-standard has-post-thumbnail hentry category-blog\">\n<figure class=\"alignwide wp-block-post-featured-image\"><a href=\"https:\/\/www.besterpcba.com\/de\/selektive-konformbeschichtungstestbarkeit\/\" target=\"_self\"  ><img loading=\"lazy\" decoding=\"async\" width=\"1200\" height=\"800\" src=\"https:\/\/www.besterpcba.com\/wp-content\/uploads\/2026\/01\/robotic-nozzle-selective-coating-pcb.png\" class=\"attachment-post-thumbnail size-post-thumbnail wp-post-image\" alt=\"Selektive Konformalbeschichtung, die Tests nicht behindert oder Nacharbeiten zur Folklore macht\" style=\"object-fit:cover;\" srcset=\"https:\/\/www.besterpcba.com\/wp-content\/uploads\/2026\/01\/robotic-nozzle-selective-coating-pcb.png 1200w, https:\/\/www.besterpcba.com\/wp-content\/uploads\/2026\/01\/robotic-nozzle-selective-coating-pcb-300x200.png 300w, https:\/\/www.besterpcba.com\/wp-content\/uploads\/2026\/01\/robotic-nozzle-selective-coating-pcb-1024x683.png 1024w, https:\/\/www.besterpcba.com\/wp-content\/uploads\/2026\/01\/robotic-nozzle-selective-coating-pcb-768x512.png 768w, https:\/\/www.besterpcba.com\/wp-content\/uploads\/2026\/01\/robotic-nozzle-selective-coating-pcb-18x12.png 18w, https:\/\/www.besterpcba.com\/wp-content\/uploads\/2026\/01\/robotic-nozzle-selective-coating-pcb-600x400.png 600w\" sizes=\"auto, (max-width: 1200px) 100vw, 1200px\" \/><\/a><\/figure>\n\n<h2 class=\"wp-block-post-title\"><a href=\"https:\/\/www.besterpcba.com\/de\/selektive-konformbeschichtungstestbarkeit\/\" target=\"_self\" >Selektive Konformalbeschichtung, die Tests nicht behindert oder Nacharbeiten zur Folklore macht<\/a><\/h2>\n\n<div class=\"wp-block-post-excerpt\"><p class=\"wp-block-post-excerpt__excerpt\">Selektive Konformalbeschichtung kann die Zuverl\u00e4ssigkeit erh\u00f6hen, w\u00e4hrend sie leise ICT, Steckverbinderleistung, RF-Verhalten und Nacharbeitszeit beeintr\u00e4chtigt. Dieser Artikel zeigt, wie Ausschl\u00fcsse, kontrollierte Dicke, Verifizierungsnachweise und ein definierter Nacharbeitskreis kostspielige Fehlalarme und \u201eMysterien\u201c-Intermittierende verhindern.<\/p><p class=\"wp-block-post-excerpt__more-text\"><a class=\"wp-block-post-excerpt__more-link\" href=\"https:\/\/www.besterpcba.com\/de\/selektive-konformbeschichtungstestbarkeit\/\">Mehr lesen<\/a><\/p><\/div>\n<\/li><li class=\"wp-block-post post-10717 post type-post status-publish format-standard has-post-thumbnail hentry category-blog\">\n<figure class=\"alignwide wp-block-post-featured-image\"><a href=\"https:\/\/www.besterpcba.com\/de\/smt-ruckverfolgbarkeitslinien-geschwindigkeit\/\" target=\"_self\"  ><img loading=\"lazy\" decoding=\"async\" width=\"1200\" height=\"800\" src=\"https:\/\/www.besterpcba.com\/wp-content\/uploads\/2026\/01\/smt-team-reviewing-recall-spreadsheet-at-monitor.png\" class=\"attachment-post-thumbnail size-post-thumbnail wp-post-image\" alt=\"R\u00fcckverfolgbarkeit, die keine Sekunden stiehlt: Ein Leitfaden f\u00fcr SMT-Teams, die noch versenden m\u00fcssen\" style=\"object-fit:cover;\" srcset=\"https:\/\/www.besterpcba.com\/wp-content\/uploads\/2026\/01\/smt-team-reviewing-recall-spreadsheet-at-monitor.png 1200w, https:\/\/www.besterpcba.com\/wp-content\/uploads\/2026\/01\/smt-team-reviewing-recall-spreadsheet-at-monitor-300x200.png 300w, https:\/\/www.besterpcba.com\/wp-content\/uploads\/2026\/01\/smt-team-reviewing-recall-spreadsheet-at-monitor-1024x683.png 1024w, https:\/\/www.besterpcba.com\/wp-content\/uploads\/2026\/01\/smt-team-reviewing-recall-spreadsheet-at-monitor-768x512.png 768w, https:\/\/www.besterpcba.com\/wp-content\/uploads\/2026\/01\/smt-team-reviewing-recall-spreadsheet-at-monitor-18x12.png 18w, https:\/\/www.besterpcba.com\/wp-content\/uploads\/2026\/01\/smt-team-reviewing-recall-spreadsheet-at-monitor-600x400.png 600w\" sizes=\"auto, (max-width: 1200px) 100vw, 1200px\" \/><\/a><\/figure>\n\n<h2 class=\"wp-block-post-title\"><a href=\"https:\/\/www.besterpcba.com\/de\/smt-ruckverfolgbarkeitslinien-geschwindigkeit\/\" target=\"_self\" >R\u00fcckverfolgbarkeit, die keine Sekunden stiehlt: Ein Leitfaden f\u00fcr SMT-Teams, die noch versenden m\u00fcssen<\/a><\/h2>\n\n<div class=\"wp-block-post-excerpt\"><p class=\"wp-block-post-excerpt__excerpt\">R\u00fcckverfolgbarkeit auf R\u00fcckrufniveau ist die F\u00e4higkeit, die Eind\u00e4mmungsfrage schnell zu beantworten: Welche versendeten Serien verwendeten eine bestimmte Lieferantencharge. Dieser Leitfaden zeigt, wie man verteidigbare Materialverbindungen upstream erfasst, f\u00fcr Ausnahmen plant und Berichte versendet, die Beschaffung und Qualit\u00e4t vertrauen k\u00f6nnen, ohne die Linie zu verlangsamen.<\/p><p class=\"wp-block-post-excerpt__more-text\"><a class=\"wp-block-post-excerpt__more-link\" href=\"https:\/\/www.besterpcba.com\/de\/smt-ruckverfolgbarkeitslinien-geschwindigkeit\/\">Mehr lesen<\/a><\/p><\/div>\n<\/li><li class=\"wp-block-post post-10716 post type-post status-publish format-standard has-post-thumbnail hentry category-blog\">\n<figure class=\"alignwide wp-block-post-featured-image\"><a href=\"https:\/\/www.besterpcba.com\/de\/gestaffelte-builds-wip-steuerung\/\" target=\"_self\"  ><img loading=\"lazy\" decoding=\"async\" width=\"1200\" height=\"800\" src=\"https:\/\/www.besterpcba.com\/wp-content\/uploads\/2026\/01\/electronics-assembly-floor-with-wip-totes.png\" class=\"attachment-post-thumbnail size-post-thumbnail wp-post-image\" alt=\"Gestaffelte Builds ohne Chaos durch doppelte Handhabung: Ein Leitfaden, der WIP wie einen Prozess behandelt\" style=\"object-fit:cover;\" srcset=\"https:\/\/www.besterpcba.com\/wp-content\/uploads\/2026\/01\/electronics-assembly-floor-with-wip-totes.png 1200w, https:\/\/www.besterpcba.com\/wp-content\/uploads\/2026\/01\/electronics-assembly-floor-with-wip-totes-300x200.png 300w, https:\/\/www.besterpcba.com\/wp-content\/uploads\/2026\/01\/electronics-assembly-floor-with-wip-totes-1024x683.png 1024w, https:\/\/www.besterpcba.com\/wp-content\/uploads\/2026\/01\/electronics-assembly-floor-with-wip-totes-768x512.png 768w, https:\/\/www.besterpcba.com\/wp-content\/uploads\/2026\/01\/electronics-assembly-floor-with-wip-totes-18x12.png 18w, https:\/\/www.besterpcba.com\/wp-content\/uploads\/2026\/01\/electronics-assembly-floor-with-wip-totes-600x400.png 600w\" sizes=\"auto, (max-width: 1200px) 100vw, 1200px\" \/><\/a><\/figure>\n\n<h2 class=\"wp-block-post-title\"><a href=\"https:\/\/www.besterpcba.com\/de\/gestaffelte-builds-wip-steuerung\/\" target=\"_self\" >Gestaffelte Builds ohne Chaos durch doppelte Handhabung: Ein Leitfaden, der WIP wie einen Prozess behandelt<\/a><\/h2>\n\n<div class=\"wp-block-post-excerpt\"><p class=\"wp-block-post-excerpt__excerpt\">Gestaffelte Builds scheitern, wenn der Work-in-Progress unbekannt wird. Dieser Leitfaden zeigt, wie man das Staging wie einen echten Prozess mit definierten WIP-Zust\u00e4nden, Haltepunkten, Quarant\u00e4ne, thermischen und MSL-Kontrollen sowie Lager- und Kitting-Disziplin durchf\u00fchrt \u2013 damit \u201efast fertig\u201c niemals in unerkl\u00e4rliche Nacharbeit umschl\u00e4gt.<\/p><p class=\"wp-block-post-excerpt__more-text\"><a class=\"wp-block-post-excerpt__more-link\" href=\"https:\/\/www.besterpcba.com\/de\/gestaffelte-builds-wip-steuerung\/\">Mehr lesen<\/a><\/p><\/div>\n<\/li><\/ul>\n\n<nav class=\"wp-block-query-pagination is-layout-flex wp-block-query-pagination-is-layout-flex\" aria-label=\"Seitennummerierung\">\n\n\n<div class=\"wp-block-query-pagination-numbers\"><span aria-current=\"page\" class=\"page-numbers current\">1<\/span>\n<a class=\"page-numbers\" href=\"?query-45-page=2\">2<\/a>\n<a class=\"page-numbers\" href=\"?query-45-page=3\">3<\/a>\n<span class=\"page-numbers dots\">...<\/span>\n<a class=\"page-numbers\" href=\"?query-45-page=31\">31<\/a><\/div>\n\n<a href=\"\/de\/wp-json\/wp\/v2\/pages\/3911?query-45-page=2\" class=\"wp-block-query-pagination-next\">N\u00e4chste Seite<\/a>\n<\/nav><\/div>\n<\/div><\/div>","protected":false},"excerpt":{"rendered":"<p>Ein Maklerlos kann sauber aussehen, zum Wunderrpreis angeboten werden und wie eine Gebetserh\u00f6rung getimt sein. Genau dann wird es gef\u00e4hrlich.<\/p>","protected":false},"author":1,"featured_media":0,"parent":0,"menu_order":0,"comment_status":"closed","ping_status":"closed","template":"","meta":{"article_term":"","article_term_alternate":"","article_term_def":"","article_hook":"","auto_links":"","article_topic":"","article_fact_check":"","mt_social_share":"","mt_content_meta":"","mt_glossary_display":"","glossary_heading":"","glossary":"","glossary_alter":"","glossary_def":"","article_task":"","footnotes":""},"class_list":["post-3911","page","type-page","status-publish"],"_links":{"self":[{"href":"https:\/\/www.besterpcba.com\/de\/wp-json\/wp\/v2\/pages\/3911","targetHints":{"allow":["GET"]}}],"collection":[{"href":"https:\/\/www.besterpcba.com\/de\/wp-json\/wp\/v2\/pages"}],"about":[{"href":"https:\/\/www.besterpcba.com\/de\/wp-json\/wp\/v2\/types\/page"}],"author":[{"embeddable":true,"href":"https:\/\/www.besterpcba.com\/de\/wp-json\/wp\/v2\/users\/1"}],"replies":[{"embeddable":true,"href":"https:\/\/www.besterpcba.com\/de\/wp-json\/wp\/v2\/comments?post=3911"}],"version-history":[{"count":14,"href":"https:\/\/www.besterpcba.com\/de\/wp-json\/wp\/v2\/pages\/3911\/revisions"}],"predecessor-version":[{"id":7149,"href":"https:\/\/www.besterpcba.com\/de\/wp-json\/wp\/v2\/pages\/3911\/revisions\/7149"}],"wp:attachment":[{"href":"https:\/\/www.besterpcba.com\/de\/wp-json\/wp\/v2\/media?parent=3911"}],"curies":[{"name":"wp","href":"https:\/\/api.w.org\/{rel}","templated":true}]}}