{"id":4328,"date":"2021-10-22T03:17:05","date_gmt":"2021-10-22T03:17:05","guid":{"rendered":"https:\/\/besterpcba.com\/?page_id=4328"},"modified":"2023-07-25T07:17:37","modified_gmt":"2023-07-25T07:17:37","slug":"capabilities","status":"publish","type":"page","link":"https:\/\/www.besterpcba.com\/de\/fahigkeiten\/","title":{"rendered":"F\u00e4higkeiten"},"content":{"rendered":"<div class=\"wp-block-cover alignfull base_cover base_cover_overlay_grad\"><span aria-hidden=\"true\" class=\"wp-block-cover__background has-background-dim-0 has-background-dim\"><\/span><img decoding=\"async\" loading=\"lazy\" width=\"1920\" height=\"1280\" class=\"wp-block-cover__image-background wp-image-2889\" alt=\"\" src=\"https:\/\/www.besterpcba.com\/wp-content\/uploads\/2021\/09\/XP6A4577.jpg\" data-object-fit=\"cover\" srcset=\"https:\/\/www.besterpcba.com\/wp-content\/uploads\/2021\/09\/XP6A4577.jpg 1920w, https:\/\/www.besterpcba.com\/wp-content\/uploads\/2021\/09\/XP6A4577-300x200.jpg 300w, https:\/\/www.besterpcba.com\/wp-content\/uploads\/2021\/09\/XP6A4577-1024x683.jpg 1024w, https:\/\/www.besterpcba.com\/wp-content\/uploads\/2021\/09\/XP6A4577-768x512.jpg 768w, https:\/\/www.besterpcba.com\/wp-content\/uploads\/2021\/09\/XP6A4577-1600x1067.jpg 1600w, https:\/\/www.besterpcba.com\/wp-content\/uploads\/2021\/09\/XP6A4577-1536x1024.jpg 1536w\" sizes=\"(max-width: 1920px) 100vw, 1920px\" \/><div class=\"wp-block-cover__inner-container\">\n<div class=\"wp-block-group is-layout-constrained\"><div class=\"wp-block-group__inner-container\"><div class=\"breadcrumbs\" typeof=\"BreadcrumbList\" vocab=\"https:\/\/schema.org\/\"><span property=\"itemListElement\" typeof=\"ListItem\"><a property=\"item\" typeof=\"WebPage\" title=\"Gehe zu One Stop PCBA Manufacturer.\" href=\"https:\/\/www.besterpcba.com\/de\" class=\"home\" aria-current=\"page\"><span property=\"name\">PCBA-Hersteller aus einer Hand<\/span><\/a><meta property=\"position\" content=\"1\"><\/span><\/div>\n\n<h1 class=\"wp-block-heading\" id=\"pcb-capabilities\">PCB-F\u00e4higkeiten<\/h1>\n\n\n<p class=\"has-text-align-left has-large-font-size\">Bester Tech PCB&amp;PCBA-F\u00e4higkeiten<\/p>\n\n\n\n<div class='base_cover_button_wrapper'><p class=\"base_header_button\"><a href=\"https:\/\/www.besterpcba.com\/de\/kontakt\/\" data-type=\"page\" data-id=\"1358\">Kostenloses Angebot erhalten<\/a><\/p><\/div>\n<\/div><\/div>\n<\/div><\/div>\n\n\n\n<div class=\"wp-block-group faq is-layout-flow\"><div class=\"wp-block-group__inner-container\"><h2 class=\"wp-block-heading\" id=\"pcb-fabrication-capabilities\"> PCB-Fertigungskapazit\u00e4ten <\/h2>\n\n\n<div class=\"tabs\">\n   <div class=\"tab\">\n      <input type=\"checkbox\" id=\"chck1\">\n      <label class=\"tab-label\" for=\"chck1\">PCB PROTOTYP<\/label>\n      <div class=\"tab-content\">\n         <figure class=\"wp-block-table product-spec-table\"><table><thead><tr><th>Merkmal<\/th><th>F\u00e4higkeiten<\/th><\/tr><\/thead><tbody><tr><th>Qualit\u00e4tsstufe<\/th><td>Standard IPC 1<\/td><\/tr><tr><th>Anzahl der Schichten<\/th><td>1 - 8 Schichten<\/td><\/tr><tr><th>Menge bestellen<\/th><td>5 - 100St\u00fcck<\/td><\/tr><tr><th>Bauzeit<\/th><td>2 - 7 Tage<\/td><\/tr><tr><th>Material<\/th><td>FR-4 Standard Tg 140\u00b0C<\/td><\/tr><tr><th>Gr\u00f6\u00dfe der Karte<\/th><td>Mindestens 6 mm x 6 mm<br>Maximal 500mm x 500mm<\/td><\/tr><tr><th>Dicke der Platte<\/th><td>0,4 mm - 2,0 mm<\/td><\/tr><tr><th>Kupfer Gewicht<\/th><td>1.0oz - 2.0oz<\/td><\/tr><tr><th>Min Tracing\/Abstand<\/th><td>5mil\/6mil (Kupfergewicht: 1 Unze)<br>8mil\/8mil (Kupfergewicht: 2oz)<\/td><\/tr><tr><th>L\u00f6tmasken-Seiten<\/th><td>Gem\u00e4\u00df der Akte<\/td><\/tr><tr><th>Farbe der L\u00f6tmaske<\/th><td>Gr\u00fcn, Wei\u00df, Blau, Schwarz, Rot, Gelb<\/td><\/tr><tr><th><strong>Siebdruck-Seiten<\/strong><\/th><td>Gem\u00e4\u00df der Akte<\/td><\/tr><tr><th><strong>Siebdruck Farbe<\/strong><\/th><td>Wei\u00df, Schwarz<\/td><\/tr><tr><th>Oberfl\u00e4che<\/th><td>Bleifreies HASL - RoHS<br>HASL - Hei\u00dfluftl\u00f6ten - Nivellierung<br>ENIG - Chemisch Nickel\/Schmelzgold - RoHS<\/td><\/tr><tr><th>Min. Ringf\u00f6rmiger Ring<\/th><td>5mil<\/td><\/tr><tr><th>Min. Durchmesser des Bohrlochs<\/th><td>8 Millionen<\/td><\/tr><tr><th>Minimale Breite des Ausschnitts (NPTH)<\/th><td>0,8 mm<\/td><\/tr><tr><th>Mindestbreite des Schlitzlochs (PTH)<\/th><td>0,6 mm<\/td><\/tr><tr><th>Oberfl\u00e4che\/Loch \u00dcberzugsdicke<\/th><td>20\u03bcm - 30\u03bcm<\/td><\/tr><tr><th>Bildseitenverh\u00e4ltnis<\/th><td>10:1 (Plattendicke: Lochgr\u00f6\u00dfe)<\/td><\/tr><tr><th>Test<\/th><td>10V - 250V, fliegende Sonde oder Pr\u00fcfvorrichtung<\/td><\/tr><\/tbody><\/table><\/figure>\n      <\/div>\n   <\/div>\n   <div class=\"tab\">\n      <input type=\"checkbox\" id=\"chck2\">\n      <label class=\"tab-label\" for=\"chck2\">RIGID PCB<\/label>\n      <div class=\"tab-content\">\n         <figure class=\"wp-block-table product-spec-table\"><table><thead><tr><th>Merkmal<\/th><th>F\u00e4higkeiten<\/th><\/tr><\/thead><tbody><tr><th>Qualit\u00e4tsstufe<\/th><td>Standard IPC 2<\/td><\/tr><tr><th>Anzahl der Schichten<\/th><td>1 - 32Schichten<\/td><\/tr><tr><th>Menge bestellen<\/th><td>1St\u00fcck - 10.000.000 St\u00fcck<\/td><\/tr><tr><th>Bauzeit<\/th><td>2Tage - 5Wochen<\/td><\/tr><tr><th>Material<\/th><td>FR-4 Standard Tg 150\u00b0C, FR4-High Tg 170\u00b0C, FR4-High-Tg 180\u00b0C, FR4-Halogenfrei, FR4-Halogenfrei &amp; High-Tg<\/td><\/tr><tr><th>Gr\u00f6\u00dfe der Karte<\/th><td>Mindestens 6 mm x 6 mm<br>Maximal 600mm x 700mm<\/td><\/tr><tr><th>Dicke der Platte<\/th><td>0,4 mm - 3,2 mm<\/td><\/tr><tr><th>Kupfer Gewicht<\/th><td>0,5oz - 6,0oz<\/td><\/tr><tr><th>Min Tracing\/Abstand<\/th><td>3mil\/3mil<\/td><\/tr><tr><th>L\u00f6tmasken-Seiten<\/th><td>Gem\u00e4\u00df der Akte<\/td><\/tr><tr><th>Farbe der L\u00f6tmaske<\/th><td>Gr\u00fcn, Wei\u00df, Blau, Schwarz, Rot, Gelb<\/td><\/tr><tr><th><strong>Siebdruck-Seiten<\/strong><\/th><td>Gem\u00e4\u00df der Akte<\/td><\/tr><tr><th>Oberfl\u00e4che<\/th><td>HASL - Hei\u00dfluftl\u00f6ten - Nivellierung<br>Bleifreies HASL - RoHS<br>ENIG - Chemisch Nickel\/Schmelzgold - RoHS<br>ENEPIG - Chemisch Nickel Chemisch Palladium Chemisch Gold - RoHS<br>Tauchsilber - RoHS<br>Chemisch Zinn - RoHS<br>OSP -Organische L\u00f6tbarkeitskonservierungsmittel - RoHS<\/td><\/tr><tr><th>Min. Ringf\u00f6rmiger Ring<\/th><td>3 Millionen<\/td><\/tr><tr><th>Min. Durchmesser des Bohrlochs<\/th><td>6mil, 4mil-Laserbohrer<\/td><\/tr><tr><th>Minimale Breite des Ausschnitts (NPTH)<\/th><td>0,8 mm<\/td><\/tr><tr><th>Mindestbreite des Schlitzlochs (PTH)<\/th><td>0,6 mm<\/td><\/tr><tr><th>Oberfl\u00e4che\/Loch \u00dcberzugsdicke<\/th><td>20\u03bcm - 30\u03bcm<\/td><\/tr><tr><th>Bildseitenverh\u00e4ltnis<\/th><td>1:10 (Lochgr\u00f6\u00dfe: Plattendicke)<\/td><\/tr><tr><th>Test<\/th><td>10V - 250V, fliegende Sonde oder Pr\u00fcfvorrichtung<\/td><\/tr><tr><th>Impedanztoleranz<\/th><td>\u00b15% - \u00b110%<\/td><\/tr><tr><th>SMD-Teilung<\/th><td>0,2mm(8mil)<\/td><\/tr><tr><th>BGA-Teilung<\/th><td>0,2mm(8mil)<\/td><\/tr><tr><th>Fase von Gold Fingers<\/th><td>20, 30, 45, 60<\/td><\/tr><tr><th>Andere Techniken<\/th><td>Goldene Finger<br>Sackl\u00f6cher und vergrabene L\u00f6cher<br>abziehbare L\u00f6tmaske<br>Kantenplattierung<br>Kohlenstoffmaske<br>Kaptonband<br>Senkung\/Senkbohrung<br>Halbgeschnittenes\/kastelliertes Loch<br>Presspassung Loch<br>\u00dcberdacht\/mit Harz bedeckt<br>Durchgang verstopft\/mit Harz gef\u00fcllt<br>\u00dcber in Pad<br>Elektrischer Test<\/td><\/tr><\/tbody><\/table><\/figure>\n      <\/div>\n   <\/div>\n   <div class=\"tab\">\n      <input type=\"checkbox\" id=\"chck3\">\n      <label class=\"tab-label\" for=\"chck3\">FLEXIBLE PCB<\/label>\n      <div class=\"tab-content\">\n         <figure class=\"wp-block-table product-spec-table\"><table><thead><tr><th>Merkmal<\/th><th>F\u00e4higkeiten<\/th><\/tr><\/thead><tbody><tr><th>Qualit\u00e4tsstufe<\/th><td>Standard IPC 2<\/td><\/tr><tr><th>Anzahl der Schichten<\/th><td>1 - 8Schichten<\/td><\/tr><tr><th>Menge bestellen<\/th><td>1St\u00fcck - 10000+St\u00fcck<\/td><\/tr><tr><th>Bauzeit<\/th><td>2Tage - 5Wochen<\/td><\/tr><tr><th>Material<\/th><td>DuPont PI, Inl\u00e4ndischer Shengyi PI<\/td><\/tr><tr><th>Gr\u00f6\u00dfe der Karte<\/th><td>Mindestens 6 mm x 6 mm<br>Maximal 406mm x 610mm<\/td><\/tr><tr><th>Dicke der Platte<\/th><td>0,1 mm - 0,8 mm<\/td><\/tr><tr><th>Kupfer Gewicht (fertig)<\/th><td>0,5oz - 2,0oz<\/td><\/tr><tr><th>Min Tracing\/Abstand<\/th><td>3mil\/3mil<\/td><\/tr><tr><th>L\u00f6tmasken-Seiten<\/th><td>Gem\u00e4\u00df der Akte<\/td><\/tr><tr><th>Farbe der L\u00f6tmaske<\/th><td>Gr\u00fcn, Wei\u00df, Blau, Schwarz, Rot, Gelb<\/td><\/tr><tr><th>L\u00f6tstopp-Beschichtung-L\u00f6tstopp-Masken\u00f6l<\/th><td>Gr\u00fcn, Wei\u00df, Blau, Schwarz, Rot, Gelb<\/td><\/tr><tr><th>L\u00f6tstoppbeschichtung-Coverlay<\/th><td>PI- und PET-Folie<\/td><\/tr><tr><th><strong>Siebdruck-Seiten<\/strong><\/th><td>Gem\u00e4\u00df der Akte<\/td><\/tr><tr><th>Siebdruck Farbe<\/th><td>Wei\u00df, Schwarz, Gelb<\/td><\/tr><tr><th>Oberfl\u00e4che<\/th><td>HASL - Hei\u00dfluftl\u00f6ten - Nivellierung<br>Bleifreies HASL - RoHS<br>ENIG - RoHS<br>Chemisch Zinn - RoHS<br>OSP - RoHS<\/td><\/tr><tr><th>Min. Ringf\u00f6rmiger Ring<\/th><td>4 Millionen<\/td><\/tr><tr><th>Min. Durchmesser des Bohrlochs<\/th><td>8 Millionen<\/td><\/tr><tr><th>Min. Lochgr\u00f6\u00dfe - Bohren (PTH)<\/th><td>0,2 Mio.<\/td><\/tr><tr><th>Min. Lochgr\u00f6\u00dfe - Stanzen (NPTH)<\/th><td>0,5 Mio.<\/td><\/tr><tr><th>Toleranz der Abmessungen<\/th><td>\u00b10,05 mm<\/td><\/tr><tr><th>Andere Techniken<\/th><td>Abziehbare L\u00f6tmaske<br>Goldene Finger<br>Versteifung (nur f\u00fcr PI\/FR4-Substrat)<\/td><\/tr><\/tbody><\/table><\/figure>\n      <\/div>\n   <\/div>\n   <div class=\"tab\">\n      <input type=\"checkbox\" id=\"chck4\">\n      <label class=\"tab-label\" for=\"chck4\">RIGID-FLEX PCB<\/label>\n      <div class=\"tab-content\">\n         <figure class=\"wp-block-table product-spec-table\"><table><thead><tr><th>Merkmal<\/th><th>F\u00e4higkeiten<\/th><\/tr><\/thead><tbody><tr><th>Qualit\u00e4tsstufe<\/th><td>Standard IPC 2<\/td><\/tr><tr><th>Anzahl der Schichten<\/th><td>2 - 24 Lagen<\/td><\/tr><tr><th>Menge bestellen<\/th><td>1St\u00fcck - 10000+St\u00fcck<\/td><\/tr><tr><th>Bauzeit<\/th><td>2Tage - 5Wochen<\/td><\/tr><tr><th>Material<\/th><td>DuPont (PI25UM), FR4<\/td><\/tr><tr><th>Gr\u00f6\u00dfe der Karte<\/th><td>Mindestens 6 mm x 6 mm<br>Maximal 457mm x 610mm<\/td><\/tr><tr><th>Dicke der Platte<\/th><td>0,6 mm - 5,0 mm<\/td><\/tr><tr><th>Kupfer Gewicht (fertig)<\/th><td>0,5oz - 2,0oz<\/td><\/tr><tr><th>Min Tracing\/Abstand<\/th><td>3mil\/3mil<\/td><\/tr><tr><th>L\u00f6tmasken-Seiten<\/th><td>Gem\u00e4\u00df der Akte<\/td><\/tr><tr><th>Farbe der L\u00f6tmaske<\/th><td>Gr\u00fcn, Wei\u00df, Blau, Schwarz, Rot, Gelb<\/td><\/tr><tr><th><strong>Siebdruck-Seiten<\/strong><\/th><td>Gem\u00e4\u00df der Akte<\/td><\/tr><tr><th>Siebdruck Farbe<\/th><td>Wei\u00df, Schwarz, Gelb<\/td><\/tr><tr><th>Oberfl\u00e4che<\/th><td>HASL - Hei\u00dfluftl\u00f6ten - Nivellierung<br>Bleifreies HASL - RoHS<br>ENIG - RoHS<\/td><\/tr><tr><th>Min. Ringf\u00f6rmiger Ring<\/th><td>4 Millionen<\/td><\/tr><tr><th>Min. Durchmesser des Bohrlochs<\/th><td>8 Millionen<\/td><\/tr><tr><th>Impedanzkontrolle<\/th><td>\u00b110%<\/td><\/tr><tr><th>Andere Techniken<\/th><td>HDI<br>Goldene Finger<br>Versteifung (nur f\u00fcr PI\/FR4-Substrat)<\/td><\/tr><\/tbody><\/table><\/figure>\n      <\/div>\n   <\/div>\n   <div class=\"tab\">\n      <input type=\"checkbox\" id=\"chck5\">\n      <label class=\"tab-label\" for=\"chck5\">ALUMINUM PCB<\/label>\n      <div class=\"tab-content\">\n         <figure class=\"wp-block-table product-spec-table\"><table><thead><tr><th>Merkmal<\/th><th>F\u00e4higkeiten<\/th><\/tr><\/thead><tbody><tr><th>Qualit\u00e4tsstufe<\/th><td>Standard IPC 2<\/td><\/tr><tr><th>Anzahl der Schichten<\/th><td>4 - 24 Lagen<\/td><\/tr><tr><th>Menge bestellen<\/th><td>1St\u00fcck - 10000+St\u00fcck<\/td><\/tr><tr><th>Bauzeit<\/th><td>2Tage - 5Wochen<\/td><\/tr><tr><th>Material<\/th><td>Aluminiumkern (Domestic 1060), Kupferkern, FR4-Abdeckung<\/td><\/tr><tr><th>Gr\u00f6\u00dfe der Karte<\/th><td>Mindestens 6 mm x 6 mm<br>Maximal 610mm x 610mm<\/td><\/tr><tr><th>Dicke der Platte<\/th><td>0,8 mm - 5,0 mm<\/td><\/tr><tr><th>Kupfer Gewicht (fertig)<\/th><td>0,5oz - 10,0oz<\/td><\/tr><tr><th>Min Tracing\/Abstand<\/th><td>4mil\/4mil<\/td><\/tr><tr><th>L\u00f6tmasken-Seiten<\/th><td>Gem\u00e4\u00df der Akte<\/td><\/tr><tr><th>Farbe der L\u00f6tmaske<\/th><td>Gr\u00fcn, Wei\u00df, Blau, Schwarz, Rot, Gelb<\/td><\/tr><tr><th><strong>Siebdruck-Seiten<\/strong><\/th><td>Gem\u00e4\u00df der Akte<\/td><\/tr><tr><th><strong>Siebdruck Farbe<\/strong><\/th><td>Wei\u00df, Schwarz, Gelb<\/td><\/tr><tr><th>Oberfl\u00e4che<\/th><td>HASL - Hei\u00dfluftl\u00f6ten - Nivellierung<br>Bleifreies HASL - RoHS<br>ENIG - Chemisch Nickel\/Schmelzgold - RoHS<\/td><\/tr><tr><th>Min. Ringf\u00f6rmiger Ring<\/th><td>4 Millionen<\/td><\/tr><tr><th>Min. Durchmesser des Bohrlochs<\/th><td>6 Millionen<\/td><\/tr><tr><th>Andere Techniken<\/th><td>Versenkte L\u00f6cher<br>Schraubenl\u00f6cher<\/td><\/tr><\/tbody><\/table><\/figure>\n      <\/div>\n   <\/div>\n   <div class=\"tab\">\n      <input type=\"checkbox\" id=\"chck6\">\n      <label class=\"tab-label\" for=\"chck6\">HDI-LEITERPLATTE<\/label>\n      <div class=\"tab-content\">\n         <figure class=\"wp-block-table product-spec-table\"><table><thead><tr><th>Merkmal<\/th><th>F\u00e4higkeiten<\/th><\/tr><\/thead><tbody><tr><th>Qualit\u00e4tsstufe<\/th><td>Standard IPC 2<\/td><\/tr><tr><th>Anzahl der Schichten<\/th><td>4 - 24 Lagen<\/td><\/tr><tr><th>Menge bestellen<\/th><td>1St\u00fcck - 10000+St\u00fcck<\/td><\/tr><tr><th>Bauzeit<\/th><td>2Tage - 5Wochen<\/td><\/tr><tr><th>Material<\/th><td>FR4 Standard Tg 140\u00b0C,FR4 Hoch Tg 170\u00b0C, FR4 und Rogers kombinierte Laminierung<\/td><\/tr><tr><th>Gr\u00f6\u00dfe der Karte<\/th><td>Min. 6*6mm | Max. 457*610mm<\/td><\/tr><tr><th>Dicke der Platte<\/th><td>0,4 mm - 3,0 mm<\/td><\/tr><tr><th>Kupfer Gewicht (fertig)<\/th><td>0,5oz - 2,0oz<\/td><\/tr><tr><th>Min Tracing\/Abstand<\/th><td>2.5mil\/2.5mil<\/td><\/tr><tr><th>L\u00f6tmasken-Seiten<\/th><td>Gem\u00e4\u00df der Akte<\/td><\/tr><tr><th>Farbe der L\u00f6tmaske<\/th><td>Gr\u00fcn, Wei\u00df, Blau, Schwarz, Rot, Gelb<\/td><\/tr><tr><th>Siebdruck-Seiten<\/th><td>Gem\u00e4\u00df der Akte<\/td><\/tr><tr><th>Siebdruck Farbe<\/th><td>Wei\u00df, Schwarz, Gelb<\/td><\/tr><tr><th>Oberfl\u00e4che<\/th><td>HASL - Hei\u00dfluftl\u00f6ten - Nivellierung<br>Bleifreies HASL - RoHS<br>ENIG - Chemisch Nickel\/Schmelzgold - RoHS<br>Tauchsilber - RoHS<br>Chemisch Zinn - RoHS<br>OSP - Organische Konservierungsmittel f\u00fcr die L\u00f6tbarkeit - RoHS<\/td><\/tr><tr><th>Min. Ringf\u00f6rmiger Ring<\/th><td>4mil, 3mil - Laserbohrer<\/td><\/tr><tr><th>Min. Durchmesser des Bohrlochs<\/th><td>6mil, 4mil - Laserbohrer<\/td><\/tr><tr><th>Maximale Exponenten von Blind\/Buried Vias<\/th><td>gestapelte Durchkontaktierungen f\u00fcr 3 miteinander verbundene Schichten, gestaffelte Durchkontaktierungen f\u00fcr 4 miteinander verbundene Schichten<\/td><\/tr><tr><th>Andere Techniken<\/th><td>Flex-Starr-Kombination<br>\u00dcber In Pad<br>Vergrabener Kondensator (nur f\u00fcr Prototyp-Leiterplatten mit einer Gesamtfl\u00e4che \u22641m\u00b2)<\/td><\/tr><\/tbody><\/table><\/figure>\n      <\/div>\n   <\/div>\n   <div class=\"tab\">\n      <input type=\"checkbox\" id=\"chck7\">\n      <label class=\"tab-label\" for=\"chck7\">HOCHFREQUENZ-LEITERPLATTE<\/label>\n      <div class=\"tab-content\">\n         <figure class=\"wp-block-table product-spec-table\"><table><thead><tr><th>Merkmal<\/th><th>F\u00e4higkeiten<\/th><\/tr><\/thead><tbody><tr><th>Qualit\u00e4tsstufe<\/th><td>Standard IPC 2<\/td><\/tr><tr><th>Anzahl der Schichten<\/th><td>4 - 24 Lagen<\/td><\/tr><tr><th>Menge bestellen<\/th><td>1St\u00fcck - 10000+St\u00fcck<\/td><\/tr><tr><th>Bauzeit<\/th><td>2Tage - 5Wochen<\/td><\/tr><tr><th>Material<\/th><td>RO4003C, RO4350B, Ro3003, Ro3010, RT5880<\/td><\/tr><tr><th>PP<\/th><td>Rogers 4450F, Inlands-(25FR), Inlands-(RF-27), Inlands-(6700)<\/td><\/tr><tr><th>Gr\u00f6\u00dfe der Karte<\/th><td>Mindestens 6 mm x 6 mm<br>Maximal 457mm x 610mm<\/td><\/tr><tr><th>Dicke der Platte<\/th><td>0,4 mm - 5,0 mm<\/td><\/tr><tr><th>Kupfer Gewicht (fertig)<\/th><td>0,5oz - 2,0oz<\/td><\/tr><tr><th>Min Tracing\/Abstand<\/th><td>3mil\/3mil<\/td><\/tr><tr><th>L\u00f6tmasken-Seiten<\/th><td>Gem\u00e4\u00df der Akte<\/td><\/tr><tr><th>Farbe der L\u00f6tmaske<\/th><td>Gr\u00fcn, Wei\u00df, Blau, Schwarz, Rot, Gelb<\/td><\/tr><tr><th><strong>Siebdruck-Seiten<\/strong><\/th><td>Gem\u00e4\u00df der Akte<\/td><\/tr><tr><th><strong>Siebdruck Farbe<\/strong><\/th><td>Wei\u00df, Schwarz, Gelb<\/td><\/tr><tr><th>Oberfl\u00e4che<\/th><td>Chemisch Nickel\/Tauchgold (ENIG) - RoHS<br>Immersionssilber - RoHS<br>Chemisch Zinn - RoHS<br>Organische Konservierungsmittel f\u00fcr die L\u00f6tbarkeit - RoHS<\/td><\/tr><tr><th>Min. Ringf\u00f6rmiger Ring<\/th><td>4 Millionen<\/td><\/tr><tr><th>Min. Durchmesser des Bohrlochs<\/th><td>6 Millionen<\/td><\/tr><tr><th>Impedanztoleranz<\/th><td>\u00b110%<\/td><\/tr><tr><th>Andere Techniken<\/th><td>Abziehbare L\u00f6tmaske<br>Goldene Finger<br>Karbon\u00f6l<br>Versenkte L\u00f6cher<\/td><\/tr><\/tbody><\/table><\/figure>\n      <\/div>\n   <\/div>\n<\/div>\n<\/div><\/div>\n\n\n\n<div class=\"wp-block-group faq is-layout-flow\"><div class=\"wp-block-group__inner-container\"><h2 class=\"wp-block-heading\" id=\"pcb-assembly-capabilities\">PCB-Montage-F\u00e4higkeiten<\/h2>\n\n\n<div class=\"tabs\">\n   <div class=\"tab\">\n      <input type=\"checkbox\" id=\"chck8\">\n      <label class=\"tab-label\" for=\"chck8\">PCB-Fertigung<\/label>\n      <div class=\"tab-content\">\n         <figure class=\"wp-block-table product-spec-table\"><table><thead><tr><th>Merkmal<\/th><th>F\u00e4higkeiten<\/th><\/tr><\/thead><tbody><tr><th>Spezifikationen der Leiterplatte<\/th><td>Maximale Panelgr\u00f6\u00dfe: 19,7\u2033 x 31,5\u2033<br>Maximale Anzahl von Schichten: 1-40<br>Kupferdicke: 0,5 oz bis 5,0 oz<br>Mindestlinienbreite: 3 mil<br>Mindestabstand der Linien: 3 mil<br>Kleinste Bohrung: 0,006\u2033.<br>Blinde, vergrabene und verstopfte Vias<br>Kontrollierte Impedanz<\/td><\/tr><tr><th>Material<\/th><td>Dicke: 0,008\u2033 bis 0,240\u2033.<br>FR-4<br>Hoch TG FR-4<br>PTFE<br>Sockel aus Aluminium<br>Rogers<br>Spezialisiertes Material nach Ihren W\u00fcnschen<\/td><\/tr><tr><th>L\u00f6tmaske<\/th><td>LPI - Gr\u00fcn, Gelb, Schwarz, Rot, Blau, Wei\u00df, usw. (Weitere Optionen auf Anfrage)<br>Abziehbare Maske<\/td><\/tr><tr><th>Endverarbeitungen<\/th><td>SMOBC (HASL)<br>Kohlenstoff<br>Selektive Goldbeschichtung<br>Hart- und Weichgold<br>Immersionsgold<br>Chemisch Silber<br>Immersionsdose<br>OSP<\/td><\/tr><tr><th>Legende<\/th><td>Wei\u00df, Gelb, Schwarz (f\u00fcr weitere Optionen bitte anfragen)<\/td><\/tr><tr><th>Inspektionsmethoden<\/th><td>100% Sichtpr\u00fcfung<br>Elektrische Pr\u00fcfung - Flying Probe oder Nails Bed<br>Kontrolle der Stichprobenpartie<br>Querschnitt<\/td><\/tr><tr><th>Lieferung<\/th><td>Eile: 24 Stunden<br>Standard-Prototyp: 5 Tage<br>Standard Produktion: 10 Tage<\/td><\/tr><\/tbody><\/table><\/figure>\n      <\/div>\n   <\/div>\n   <div class=\"tab\">\n      <input type=\"checkbox\" id=\"chck9\">\n      <label class=\"tab-label\" for=\"chck9\">LEITERPLATTENBEST\u00dcCKUNG<\/label>\n      <div class=\"tab-content\">\n         <figure class=\"wp-block-table product-spec-table\"><table><thead><tr><th>Merkmal<\/th><th>F\u00e4higkeiten<\/th><\/tr><\/thead><tbody><tr><th>Arten der Montage<\/th><td>THD (Thru-Hole Device)<br>SMT (Oberfl\u00e4chenmontagetechnik)<br>SMT &amp; THD gemischt<br>2-seitige SMT- und THD-Best\u00fcckung<\/td><\/tr><tr><th>Bestellmenge<\/th><td>1 bis 10.000 Bretter<\/td><\/tr><tr><th>Komponenten<\/th><td>Passive Teile, kleinste Gr\u00f6\u00dfe 0201<br>Feine Teilung bis 8 Mils<br>BGA, uBGA, QFN, POP und bleifreie Chips<br>Steckverbinder und Klemmen<\/td><\/tr><tr><th>Komponenten-Paket<\/th><td>Rollen<br>Band abschneiden<br>Rohr und Tablett<br>Lose Teile und Sch\u00fcttgut<\/td><\/tr><tr><th>Abmessungen der Platte<\/th><td>Kleinste Gr\u00f6\u00dfe: 0,2\u2033 x 0,2\u2033.<br>Gr\u00f6\u00dftes Format: 15\u2033 x 20\u2033Wei\u00df, Gelb, Schwarz (weitere Optionen auf Anfrage)<\/td><\/tr><tr><th>Form des Brettes<\/th><td>Rechteckig<br>Rund<br>Schlitze und Ausschnitte<br>Komplex und unregelm\u00e4\u00dfig<\/td><\/tr><tr><th>Typ der Karte<\/th><td>Hartes FR-4<br>Rigid-Flex-Platten<\/td><\/tr><tr><th>Montageprozess<\/th><td>Verbleites Verfahren<br>Bleifrei (RoHS)<\/td><\/tr><tr><th>Format der Entwurfsdatei<\/th><td>Gerber RS-274X<br>St\u00fcckliste (Bill of Materials) (.xls, .csv, . xlsx)<br>Schwerpunkt (Pick-N-Place\/XY-Datei)<\/td><\/tr><tr><th>Verkauf und Unterst\u00fctzung<\/th><td>E-Mails<br>Telefonanrufe<br>Web-Online-Angebot f\u00fcr PCB und Montage<\/td><\/tr><tr><th>Elektrische Pr\u00fcfung<\/th><td>R\u00f6ntgeninspektion<br>AOI (Automatisierte optische Inspektion)<br>Funktionspr\u00fcfung<\/td><\/tr><tr><th><strong>Profil des Backofens<\/strong><\/th><td>Standard<br>Benutzerdefiniert<\/td><\/tr><tr><th>Durchlaufzeit<\/th><td>1-5 Tage nur f\u00fcr die PCB-Best\u00fcckung<br>10-16 Tage f\u00fcr die schl\u00fcsselfertige PCB-Best\u00fcckung<\/td><\/tr><\/tbody><\/table><\/figure>\n      <\/div>\n   <\/div>\n<\/div>\n<\/div><\/div>","protected":false},"excerpt":{"rendered":"<p>PCBA-Hersteller aus einer Hand<\/p>\n<p>PCB-F\u00e4higkeiten<\/p>\n<p>Bester Tech PCB&amp;PCBA-F\u00e4higkeiten<\/p>","protected":false},"author":1,"featured_media":0,"parent":0,"menu_order":0,"comment_status":"closed","ping_status":"closed","template":"","meta":{"article_term":"","article_term_alternate":"","article_term_def":"","article_hook":"","auto_links":"","article_topic":"","article_fact_check":"","mt_social_share":"","mt_content_meta":"","mt_glossary_display":"","glossary_heading":"","glossary":"","glossary_alter":"","glossary_def":"","article_task":""},"_links":{"self":[{"href":"https:\/\/www.besterpcba.com\/de\/wp-json\/wp\/v2\/pages\/4328"}],"collection":[{"href":"https:\/\/www.besterpcba.com\/de\/wp-json\/wp\/v2\/pages"}],"about":[{"href":"https:\/\/www.besterpcba.com\/de\/wp-json\/wp\/v2\/types\/page"}],"author":[{"embeddable":true,"href":"https:\/\/www.besterpcba.com\/de\/wp-json\/wp\/v2\/users\/1"}],"replies":[{"embeddable":true,"href":"https:\/\/www.besterpcba.com\/de\/wp-json\/wp\/v2\/comments?post=4328"}],"version-history":[{"count":9,"href":"https:\/\/www.besterpcba.com\/de\/wp-json\/wp\/v2\/pages\/4328\/revisions"}],"predecessor-version":[{"id":7151,"href":"https:\/\/www.besterpcba.com\/de\/wp-json\/wp\/v2\/pages\/4328\/revisions\/7151"}],"wp:attachment":[{"href":"https:\/\/www.besterpcba.com\/de\/wp-json\/wp\/v2\/media?parent=4328"}],"curies":[{"name":"wp","href":"https:\/\/api.w.org\/{rel}","templated":true}]}}