{"id":6125,"date":"2023-07-06T01:31:41","date_gmt":"2023-07-06T01:31:41","guid":{"rendered":"https:\/\/www.besterpcba.com\/?page_id=6125"},"modified":"2023-07-25T02:13:22","modified_gmt":"2023-07-25T02:13:22","slug":"get-a-quote","status":"publish","type":"page","link":"https:\/\/www.besterpcba.com\/de\/angebot-einholen\/","title":{"rendered":"Angebot einholen"},"content":{"rendered":"<div class=\"wp-block-cover alignfull base_cover base_cover_overlay_grad\"><span aria-hidden=\"true\" class=\"wp-block-cover__background has-background-dim-0 has-background-dim\"><\/span><img loading=\"lazy\" decoding=\"async\" width=\"1920\" height=\"768\" class=\"wp-block-cover__image-background wp-image-5170\" alt=\"M\u00fctzen-Banner\" src=\"https:\/\/www.besterpcba.com\/wp-content\/uploads\/2023\/06\/cap-banner.jpg\" data-object-fit=\"cover\" srcset=\"https:\/\/www.besterpcba.com\/wp-content\/uploads\/2023\/06\/cap-banner.jpg 1920w, https:\/\/www.besterpcba.com\/wp-content\/uploads\/2023\/06\/cap-banner-300x120.jpg 300w, https:\/\/www.besterpcba.com\/wp-content\/uploads\/2023\/06\/cap-banner-1024x410.jpg 1024w, https:\/\/www.besterpcba.com\/wp-content\/uploads\/2023\/06\/cap-banner-768x307.jpg 768w, https:\/\/www.besterpcba.com\/wp-content\/uploads\/2023\/06\/cap-banner-1600x640.jpg 1600w, https:\/\/www.besterpcba.com\/wp-content\/uploads\/2023\/06\/cap-banner-1536x614.jpg 1536w\" sizes=\"auto, (max-width: 1920px) 100vw, 1920px\" \/><div class=\"wp-block-cover__inner-container is-layout-flow wp-block-cover-is-layout-flow\">\n<div class=\"wp-block-group\"><div class=\"wp-block-group__inner-container is-layout-constrained wp-block-group-is-layout-constrained\"><div class=\"breadcrumbs\" typeof=\"BreadcrumbList\" vocab=\"https:\/\/schema.org\/\"><span property=\"itemListElement\" typeof=\"ListItem\"><a property=\"item\" typeof=\"WebPage\" title=\"Gehe zu One Stop PCBA Manufacturer.\" href=\"https:\/\/www.besterpcba.com\/de\" class=\"home\" aria-current=\"page\"><span property=\"name\">PCBA-Hersteller aus einer Hand<\/span><\/a><meta property=\"position\" content=\"1\"><\/span><\/div>\n\n<h1 class=\"wp-block-heading\" id=\"get-a-quote\">Angebot einholen<\/h1>\n\n\n<p class=\"has-text-align-left has-large-font-size\">Fordern Sie noch heute ein Angebot f\u00fcr Ihren PCB-Best\u00fcckungsbedarf an!<\/p>\n<\/div><\/div>\n<\/div><\/div>\n\n\n\n<div class=\"wp-block-group alignfull bs_contact_group base_group\"><div class=\"wp-block-group__inner-container is-layout-constrained wp-block-group-is-layout-constrained\">\n<div class=\"wp-block-group bs_contact_info\"><div class=\"wp-block-group__inner-container is-layout-constrained wp-block-group-is-layout-constrained\">\n<div class=\"wp-block-group bs_contact_info_pro\"><div class=\"wp-block-group__inner-container is-layout-constrained wp-block-group-is-layout-constrained\"><h2 class=\"wp-block-heading\" id=\"why-consider-bester-as-your-pcba-partner\">Warum sollten Sie Bester als Ihren PCBA-Partner in Betracht ziehen?<\/h2>\n\n\n<ul class=\"wp-block-list\">\n<li>Umfassende Erfahrung<\/li>\n\n\n\n<li>Qualit\u00e4tssicherung<\/li>\n\n\n\n<li>Technisches Fachwissen<\/li>\n\n\n\n<li>Anpassungsoptionen<\/li>\n\n\n\n<li>Konkurrenzf\u00e4hige Preisgestaltung<\/li>\n\n\n\n<li>Rechtzeitige Lieferung<\/li>\n\n\n\n<li>Ausgezeichnete Kundenbetreuung<\/li>\n\n\n\n<li>Umfassende PCB-Dienstleistungen<\/li>\n\n\n\n<li>Zufriedenheitsgarantie<\/li>\n<\/ul>\n<\/div><\/div>\n\n\n\n<div class=\"wp-block-group bs_contact_info_pro\"><div class=\"wp-block-group__inner-container is-layout-constrained wp-block-group-is-layout-constrained\"><h2 class=\"wp-block-heading\" id=\"for-an-accurate-quote-please-upload-any-of-the-following-information\">Um ein genaues Angebot zu erhalten, laden Sie bitte eine der folgenden Informationen hoch.<\/h2>\n\n\n<ul class=\"wp-block-list\">\n<li>Gerberdaten<\/li>\n\n\n\n<li>Schematische Darstellung<\/li>\n\n\n\n<li>Montagezeichnung<\/li>\n\n\n\n<li>ST\u00dcCKLISTE<\/li>\n\n\n\n<li>Fabrikationszeichnung<\/li>\n\n\n\n<li>Alle anderen relevanten Informationen<\/li>\n<\/ul>\n<\/div><\/div>\n\n\n\n<div class=\"wp-block-group bs_contact_info_connect\"><div class=\"wp-block-group__inner-container is-layout-constrained wp-block-group-is-layout-constrained\">\n<div class=\"wp-block-group\"><div class=\"wp-block-group__inner-container is-layout-constrained wp-block-group-is-layout-constrained\">\n<figure class=\"wp-block-image size-full\"><img decoding=\"async\" src=\"https:\/\/www.besterpcba.com\/wp-content\/uploads\/2023\/06\/worker-svgrepo-com.svg\" alt=\"Arbeiter Svgrepo Com\" class=\"wp-image-5748\"\/><\/figure>\n\n\n\n<div class=\"wp-block-group\"><div class=\"wp-block-group__inner-container is-layout-constrained wp-block-group-is-layout-constrained\"><h3 class=\"wp-block-heading\" id=\"live-support\">Live-Unterst\u00fctzung<\/h3>\n\n\n<p>Sie erhalten Unterst\u00fctzung in Echtzeit, k\u00f6nnen Fragen stellen oder Ihre Projektanforderungen besprechen.<\/p>\n\n\n\n<div class='base_cover_button_wrapper chat-button'><p class=\"base_header_button\">Live-Chat<\/p><\/div>\n<\/div><\/div>\n<\/div><\/div>\n<\/div><\/div>\n<\/div><\/div>\n\n\n\n<div class=\"wp-block-group bs_contact_gg\"><div class=\"wp-block-group__inner-container is-layout-constrained wp-block-group-is-layout-constrained\">\n<div class='contact_form_title'><h2>Schnelles Angebot anfordern<\/h2><\/div>\n\n\n\n<div class=\"wpcf7 no-js\" id=\"wpcf7-f6156-o1\" lang=\"en-US\" dir=\"ltr\">\n<div class=\"screen-reader-response\"><p role=\"status\" aria-live=\"polite\" aria-atomic=\"true\"><\/p> <ul><\/ul><\/div>\n<form action=\"\/de\/wp-json\/wp\/v2\/pages\/6125#wpcf7-f6156-o1\" method=\"post\" class=\"wpcf7-form init\" aria-label=\"Kontakt-Formular\" enctype=\"multipart\/form-data\" novalidate=\"novalidate\" data-status=\"init\" data-trp-original-action=\"\/de\/wp-json\/wp\/v2\/pages\/6125#wpcf7-f6156-o1\">\n<div style=\"display: none;\">\n<input type=\"hidden\" name=\"_wpcf7\" value=\"6156\" \/>\n<input type=\"hidden\" name=\"_wpcf7_version\" value=\"5.7.7\" \/>\n<input type=\"hidden\" name=\"_wpcf7_locale\" value=\"en_US\" \/>\n<input type=\"hidden\" name=\"_wpcf7_unit_tag\" value=\"wpcf7-f6156-o1\" \/>\n<input type=\"hidden\" name=\"_wpcf7_container_post\" value=\"0\" \/>\n<input type=\"hidden\" name=\"_wpcf7_posted_data_hash\" value=\"\" \/>\n<\/div>\n<div class = \"bs_cf_type\">\n\t<p class=\"contact_title\">Angebotstyp:\n\t<\/p>\n\t<p><span class=\"wpcf7-form-control-wrap\" data-name=\"your-quote-type\"><span class=\"wpcf7-form-control wpcf7-checkbox\"><span class=\"wpcf7-list-item first\"><input type=\"checkbox\" name=\"your-quote-type[]\" value=\"Consigned Assembly\" \/><span class=\"wpcf7-list-item-label\">Konsignierte Montage<\/span><\/span><span class=\"wpcf7-list-item\"><input type=\"checkbox\" name=\"your-quote-type[]\" value=\"Turnkey Assembly\" \/><span class=\"wpcf7-list-item-label\">Schl\u00fcsselfertige Montage<\/span><\/span><span class=\"wpcf7-list-item\"><input type=\"checkbox\" name=\"your-quote-type[]\" value=\"Partial Turnkey Assembly\" \/><span class=\"wpcf7-list-item-label\">Teilweise schl\u00fcsselfertige Montage<\/span><\/span><span class=\"wpcf7-list-item last\"><input type=\"checkbox\" name=\"your-quote-type[]\" value=\"Other\" \/><span class=\"wpcf7-list-item-label\">Andere<\/span><\/span><\/span><\/span>\n\t<\/p>\n\t<p class=\"contact_detail\">Konsigniert = Kunde stellt Teile zur Verf\u00fcgung, Schl\u00fcsselfertig = Bester kauft Teile, Teilweise Schl\u00fcsselfertig = Kunde stellt einige Teile zur Verf\u00fcgung und Bester kauft den Rest.\n\t<\/p>\n<\/div>\n<div class = \"bs_cf_name\">\n\t<p class=\"contact_title\">Ihr Name\n\t<\/p>\n\t<div>\n\t\t<p><span> <span class=\"wpcf7-form-control-wrap\" data-name=\"your-name-first\"><input size=\"40\" class=\"wpcf7-form-control wpcf7-text wpcf7-validates-as-required\" aria-required=\"true\" aria-invalid=\"false\" value=\"First Name\" type=\"text\" name=\"your-name-first\" \/><\/span> <\/span><span> <span class=\"wpcf7-form-control-wrap\" data-name=\"your-name-last\"><input size=\"40\" class=\"wpcf7-form-control wpcf7-text wpcf7-validates-as-required\" aria-required=\"true\" aria-invalid=\"false\" value=\"Last Name\" type=\"text\" name=\"your-name-last\" \/><\/span> <\/span>\n\t\t<\/p>\n\t<\/div>\n<\/div>\n<div class = \"bs_cf_mail\">\n\t<p class=\"contact_title\">E-Mail*\n\t<\/p>\n\t<p><label> <span class=\"wpcf7-form-control-wrap\" data-name=\"your-email\"><input size=\"40\" class=\"wpcf7-form-control wpcf7-text wpcf7-email wpcf7-validates-as-required wpcf7-validates-as-email\" aria-required=\"true\" aria-invalid=\"false\" value=\"\" type=\"email\" name=\"your-email\" \/><\/span> <\/label>\n\t<\/p>\n<\/div>\n<div class = \"bs_cf_phone\">\n\t<p class=\"contact_title\">Telefon*\n\t<\/p>\n\t<p><label> <span class=\"wpcf7-form-control-wrap\" data-name=\"your-phone\"><input size=\"40\" class=\"wpcf7-form-control wpcf7-text wpcf7-validates-as-required\" aria-required=\"true\" aria-invalid=\"false\" value=\"\" type=\"text\" name=\"your-phone\" \/><\/span> <\/label>\n\t<\/p>\n<\/div>\n<div class = \"bs_cf_company\">\n\t<p class=\"contact_title\">Name des Unternehmens*\n\t<\/p>\n\t<p><label> <span class=\"wpcf7-form-control-wrap\" data-name=\"your-company\"><input size=\"40\" class=\"wpcf7-form-control wpcf7-text wpcf7-validates-as-required\" aria-required=\"true\" aria-invalid=\"false\" value=\"\" type=\"text\" name=\"your-company\" \/><\/span> <\/label>\n\t<\/p>\n<\/div>\n<div class = \"bs_cf_country\">\n\t<p class=\"contact_title\">Land\n\t<\/p>\n\t<p><label> <span class=\"wpcf7-form-control-wrap\" data-name=\"country\"><select class=\"wpcf7-form-control wpcf7-select\" aria-invalid=\"false\" name=\"country\"><option value=\"\"><\/option><option value=\"Afghanistan\">Afghanistan<\/option><option value=\"Albania\">Albanien<\/option><option value=\"Algeria\">Algerien<\/option><option value=\"American Samoa\">Amerikanisch-Samoa<\/option><option value=\"Andorra\">Andorra<\/option><option value=\"Angola\">Angola<\/option><option value=\"Anguilla\">Anguilla<\/option><option value=\"Antigua and Barbuda\">Antigua und Barbuda<\/option><option value=\"Argentina\">Argentinien<\/option><option value=\"Armenia\">Armenien<\/option><option value=\"Armenia\">Armenien<\/option><option value=\"Aruba\">Aruba<\/option><option value=\"Australia\">Australien<\/option><option value=\"Austria\">\u00d6sterreich<\/option><option value=\"Azerbaijan\">Aserbaidschan<\/option><option value=\"Azerbaijan\">Aserbaidschan<\/option><option value=\"Bahamas\">Bahamas<\/option><option value=\"Bahrain\">Bahrain<\/option><option value=\"Bangladesh\">Bangladesch<\/option><option value=\"Barbados\">Barbados<\/option><option value=\"Belarus\">Wei\u00dfrussland<\/option><option value=\"Belgium\">Belgien<\/option><option value=\"Belize\">Belize<\/option><option value=\"Benin\">Benin<\/option><option value=\"Bermuda\">Bermuda<\/option><option value=\"Bhutan\">Bhutan<\/option><option value=\"Bolivia\">Bolivien<\/option><option value=\"Bonaire\">Bonaire<\/option><option value=\"Bosnia and Herzegovina\">Bosnien und Herzegowina<\/option><option value=\"Botswana\">Botswana<\/option><option value=\"Bouvet Island (Bouvetoya)\">Bouvetinsel (Bouvetoya)<\/option><option value=\"Brazil\">Brasilien<\/option><option value=\"British Indian Ocean Territory (Chagos Archipelago)\">Britisches Territorium im Indischen Ozean (Chagos-Archipel)<\/option><option value=\"British Virgin Islands\">Britische Jungferninseln<\/option><option value=\"Brunei Darussalam\">Brunei Darussalam<\/option><option value=\"Bulgaria\">Bulgarien<\/option><option value=\"Burkina Faso\">Burkina Faso<\/option><option value=\"Burundi\">Burundi<\/option><option value=\"Canada\">Kanada<\/option><option value=\"Cambodia\">Kambodscha<\/option><option value=\"Cameroon\">Kamerun<\/option><option value=\"Cape Verde\">Kap Verde<\/option><option value=\"Cayman Islands\">Kaimaninseln<\/option><option value=\"Central African Republic\">Zentralafrikanische Republik<\/option><option value=\"Chad\">Chad<\/option><option value=\"Chile\">Chile<\/option><option value=\"China\">China<\/option><option value=\"Christmas Island\">Weihnachtsinsel<\/option><option value=\"Cocos (Keeling) Islands\">Cocos (Keeling) Inseln<\/option><option value=\"Colombia\">Kolumbien<\/option><option value=\"Comoros\">Komoren<\/option><option value=\"Congo\">Kongo<\/option><option value=\"Congo\">Kongo<\/option><option value=\"Cook Islands\">Cookinseln<\/option><option value=\"Costa Rica\">Costa Rica<\/option><option value=\"Cote d&#039;Ivoire\">Cote d&#039;Ivoire<\/option><option value=\"Croatia\">Kroatien<\/option><option value=\"Cuba\">Kuba<\/option><option value=\"Cura\u00e7ao\">Cura\u00e7ao<\/option><option value=\"Cyprus\">Zypern<\/option><option value=\"Cyprus\">Zypern<\/option><option value=\"Czech Republic\">Tschechische Republik<\/option><option value=\"Denmark\">D\u00e4nemark<\/option><option value=\"Djibouti\">Dschibuti<\/option><option value=\"Dominica\">Dominica<\/option><option value=\"Dominican Republic\">Dominikanische Republik<\/option><option value=\"Ecuador\">Ecuador<\/option><option value=\"Egypt\">\u00c4gypten<\/option><option value=\"El Salvador\">El Salvador<\/option><option value=\"Equatorial Guinea\">\u00c4quatorialguinea<\/option><option value=\"Eritrea\">Eritrea<\/option><option value=\"Estonia\">Estland<\/option><option value=\"Ethiopia\">\u00c4thiopien<\/option><option value=\"Falkland Islands (Malvinas)\">Falklandinseln (Malwinen)<\/option><option value=\"Faroe Islands\">F\u00e4r\u00f6er Inseln<\/option><option value=\"Fiji\">Fidschi<\/option><option value=\"Finland\">Finnland<\/option><option value=\"France\">Frankreich<\/option><option value=\"French Guiana\">Franz\u00f6sisch-Guayana<\/option><option value=\"French Polynesia\">Franz\u00f6sisch-Polynesien<\/option><option value=\"French Southern Territories\">Franz\u00f6sische S\u00fcd-Territorien<\/option><option value=\"Gabon\">Gabun<\/option><option value=\"Gambia\">Gambia<\/option><option value=\"Georgia\">Georgien<\/option><option value=\"Germany\">Deutschland<\/option><option value=\"Ghana\">Ghana<\/option><option value=\"Gibraltar\">Gibraltar<\/option><option value=\"Greece\">Griechenland<\/option><option value=\"Greenland\">Gr\u00f6nland<\/option><option value=\"Grenada\">Grenada<\/option><option value=\"Guadeloupe\">Guadeloupe<\/option><option value=\"Guam\">Guam<\/option><option value=\"Guatemala\">Guatemala<\/option><option value=\"Guernsey\">Guernsey<\/option><option value=\"Guinea\">Guinea<\/option><option value=\"Guinea-Bissau\">Guinea-Bissau<\/option><option value=\"Guyana\">Guyana<\/option><option value=\"Haiti\">Haiti<\/option><option value=\"Heard Island and McDonald Islands\">Heard-Insel und McDonald-Inseln<\/option><option value=\"Holy See (Vatican City State)\">Heiliger Stuhl (Staat Vatikanstadt)<\/option><option value=\"Honduras\">Honduras<\/option><option value=\"Hong Kong\">Hongkong<\/option><option value=\"Hungary\">Ungarn<\/option><option value=\"Iceland\">Island<\/option><option value=\"India\">Indien<\/option><option value=\"Indonesia\">Indonesien<\/option><option value=\"Iran\">Iran<\/option><option value=\"Iraq\">Irak<\/option><option value=\"Ireland\">Irland<\/option><option value=\"Isle of Man\">Isle of Man<\/option><option value=\"Israel\">Israel<\/option><option value=\"Italy\">Italien<\/option><option value=\"Jamaica\">Jamaika<\/option><option value=\"Japan\">Japan<\/option><option value=\"Jersey\">Jersey<\/option><option value=\"Jordan\">Jordanien<\/option><option value=\"Kazakhstan\">Kasachstan<\/option><option value=\"Kazakhstan\">Kasachstan<\/option><option value=\"Kenya\">Kenia<\/option><option value=\"Kiribati\">Kiribati<\/option><option value=\"Korea\">Korea<\/option><option value=\"Korea\">Korea<\/option><option value=\"Kuwait\">Kuwait<\/option><option value=\"Kyrgyz Republic\">Kirgisische Republik<\/option><option value=\"Lao People&#039;s Democratic Republic\">Demokratische Volksrepublik Laos<\/option><option value=\"Latvia\">Lettland<\/option><option value=\"Lebanon\">Libanon<\/option><option value=\"Lesotho\">Lesotho<\/option><option value=\"Liberia\">Liberia<\/option><option value=\"Libyan Arab Jamahiriya\">Libysch-Arabische Dschamahirija<\/option><option value=\"Liechtenstein\">Liechtenstein<\/option><option value=\"Lithuania\">Litauen<\/option><option value=\"Luxembourg\">Luxemburg<\/option><option value=\"Macao\">Macao<\/option><option value=\"Macedonia\">Mazedonien<\/option><option value=\"Madagascar\">Madagaskar<\/option><option value=\"Malawi\">Malawi<\/option><option value=\"Malaysia\">Malaysia<\/option><option value=\"Maldives\">Malediven<\/option><option value=\"Mali\">Mali<\/option><option value=\"Malta\">Malta<\/option><option value=\"Marshall Islands\">Marshallinseln<\/option><option value=\"Martinique\">Martinique<\/option><option value=\"Mauritania\">Mauretanien<\/option><option value=\"Mauritius\">Mauritius<\/option><option value=\"Mayotte\">Mayotte<\/option><option value=\"Mexico\">Mexiko<\/option><option value=\"Micronesia\">Mikronesien<\/option><option value=\"Moldova\">Moldawien<\/option><option value=\"Monaco\">Monaco<\/option><option value=\"Mongolia\">Mongolei<\/option><option value=\"Montenegro\">Montenegro<\/option><option value=\"Montserrat\">Montserrat<\/option><option value=\"Morocco\">Marokko<\/option><option value=\"Mozambique\">Mosambik<\/option><option value=\"Myanmar\">Myanmar<\/option><option value=\"Namibia\">Namibia<\/option><option value=\"Nauru\">Nauru<\/option><option value=\"Nepal\">Nepal<\/option><option value=\"Netherlands\">Niederlande<\/option><option value=\"Netherlands Antilles\">Niederl\u00e4ndische Antillen<\/option><option value=\"New Caledonia\">Neukaledonien<\/option><option value=\"New Zealand\">Neuseeland<\/option><option value=\"Nicaragua\">Nicaragua<\/option><option value=\"Niger\">Niger<\/option><option value=\"Nigeria\">Nigeria<\/option><option value=\"Niue\">Niue<\/option><option value=\"Norfolk Island\">Norfolkinsel<\/option><option value=\"Northern Mariana Islands\">N\u00f6rdliche Marianen<\/option><option value=\"Norway\">Norwegen<\/option><option value=\"Oman\">Oman<\/option><option value=\"Pakistan\">Pakistan<\/option><option value=\"Palau\">Palau<\/option><option value=\"Palestinian Territory\">Pal\u00e4stinensisches Autonomiegebiet<\/option><option value=\"Panama\">Panama<\/option><option value=\"Papua New Guinea\">Papua-Neuguinea<\/option><option value=\"Paraguay\">Paraguay<\/option><option value=\"Peru\">Peru<\/option><option value=\"Philippines\">Philippinen<\/option><option value=\"Pitcairn Islands\">Pitcairn-Inseln<\/option><option value=\"Poland\">Polen<\/option><option value=\"Portugal\">Portugal<\/option><option value=\"Puerto Rico\">Puerto Rico<\/option><option value=\"Qatar\">Katar<\/option><option value=\"Reunion\">Wiedersehen<\/option><option value=\"Romania\">Rum\u00e4nien<\/option><option value=\"Russian Federation\">Russische F\u00f6deration<\/option><option value=\"Rwanda\">Ruanda<\/option><option value=\"Saint Barthelemy\">St. Barthelemy<\/option><option value=\"Saint Helena\">Sankt Helena<\/option><option value=\"Saint Kitts and Nevis\">St. Kitts und Nevis<\/option><option value=\"Saint Lucia\">St. Lucia<\/option><option value=\"Saint Martin\">Sankt Martin<\/option><option value=\"Saint Pierre and Miquelon\">St. Pierre und Miquelon<\/option><option value=\"Saint Vincent and the Grenadines\">St. Vincent und die Grenadinen<\/option><option value=\"Samoa\">Samoa<\/option><option value=\"San Marino\">San Marino<\/option><option value=\"Sao Tome and Principe\">Sao Tome und Principe<\/option><option value=\"Saudi Arabia\">Saudi-Arabien<\/option><option value=\"Senegal\">Senegal<\/option><option value=\"Serbia\">Serbien<\/option><option value=\"Seychelles\">Seychellen<\/option><option value=\"Sierra Leone\">Sierra Leone<\/option><option value=\"Singapore\">Singapur<\/option><option value=\"Sint Maarten (Netherlands)\">Sint Maarten (Niederlande)<\/option><option value=\"Slovakia (Slovak Republic)\">Slowakei (Slowakische Republik)<\/option><option value=\"Slovenia\">Slowenien<\/option><option value=\"Solomon Islands\">Salomoninseln<\/option><option value=\"Somalia\">Somalia<\/option><option value=\"South Africa\">S\u00fcdafrika<\/option><option value=\"South Georgia &amp; S. Sandwich Islands\">S\u00fcdgeorgien &amp; S. Sandwichinseln<\/option><option value=\"Spain\">Spanien<\/option><option value=\"Sri Lanka\">Sri Lanka<\/option><option value=\"Sudan\">Sudan<\/option><option value=\"Suriname\">Surinam<\/option><option value=\"Svalbard &amp; Jan Mayen Islands\">Svalbard &amp; Jan Mayen Inseln<\/option><option value=\"Swaziland\">Swasiland<\/option><option value=\"Sweden\">Schweden<\/option><option value=\"Switzerland\">Schweiz<\/option><option value=\"Syrian Arab Republic\">Arabische Republik Syrien<\/option><option value=\"Taiwan\">Taiwan<\/option><option value=\"Tajikistan\">Tadschikistan<\/option><option value=\"Tanzania\">Tansania<\/option><option value=\"Thailand\">Thailand<\/option><option value=\"Timor-Leste\">Timor-Leste<\/option><option value=\"Togo\">Togo<\/option><option value=\"Tokelau\">Tokelau<\/option><option value=\"Tonga\">Tonga<\/option><option value=\"Trinidad and Tobago\">Trinidad und Tobago<\/option><option value=\"Tunisia\">Tunesien<\/option><option value=\"Turkey\">T\u00fcrkei<\/option><option value=\"Turkey\">T\u00fcrkei<\/option><option value=\"Turkmenistan\">Turkmenistan<\/option><option value=\"Turks and Caicos Islands\">Turks- und Caicosinseln<\/option><option value=\"Tuvalu\">Tuvalu<\/option><option value=\"U.S. Virgin Islands\">U.S. Jungferninseln<\/option><option value=\"U.S. Minor Outlying Islands\">U.S. Minor Outlying Islands<\/option><option value=\"Uganda\">Uganda<\/option><option value=\"Ukraine\">Ukraine<\/option><option value=\"United Arab Emirates\">Vereinigte Arabische Emirate<\/option><option value=\"Uruguay\">Uruguay<\/option><option value=\"Uzbekistan\">Usbekistan<\/option><option value=\"United Kingdom\">Vereinigtes K\u00f6nigreich<\/option><option value=\"United States\">Vereinigte Staaten<\/option><option value=\"Vanuatu\">Vanuatu<\/option><option value=\"Venezuela\">Venezuela<\/option><option value=\"Vietnam\">Vietnam<\/option><option value=\"Wallis and Futuna\">Wallis und Futuna<\/option><option value=\"Western Sahara\">Westsahara<\/option><option value=\"Yemen\">Jemen<\/option><option value=\"Zambia\">Sambia<\/option><option value=\"Zimbabwe\">Simbabwe<\/option><\/select><\/span><\/label>\n\t<\/p>\n<\/div>\n<div class = \"bs_cf_message\">\n\t<p class=\"contact_title\">Nachricht\n\t<\/p>\n\t<p><span class=\"wpcf7-form-control-wrap\" data-name=\"your-message\"><textarea cols=\"40\" rows=\"10\" class=\"wpcf7-form-control wpcf7-textarea\" aria-invalid=\"false\" name=\"your-message\"><\/textarea><\/span>\n\t<\/p>\n<\/div>\n<div class = \"bs_cf_file\">\n\t<p class=\"contact_title\">Laden Sie Ihre Datei hier hoch\n\t<\/p>\n\t<p>MEHRERE DATEIEN M\u00dcSSEN IN EINEM KOMPRIMIERTEN DATEIFORMAT VORLIEGEN.\n\t<\/p>\n\t<p>Bitte beif\u00fcgen: BOM, GERBER\/PCB FILE f\u00fcr ein Angebot.\n\t<\/p>\n\t<p><span class=\"wpcf7-form-control-wrap\" data-name=\"file-159\"><input size=\"40\" class=\"wpcf7-form-control wpcf7-file\" accept=\"image\/*,.txt,application\/pdf,.zip,.tgz,.7z,.tar,.dxf,.dwg,.xlsx,.xls,.doc,.docx,.xps,.csv,.rtf,.jpg\" aria-invalid=\"false\" type=\"file\" name=\"file-159\" \/><\/span>\n\t<\/p>\n\t<p class=\"contact_detail\">Hochgeladene Datei akzeptiert Typ:zip, tgz, 7z, tar, pdf, dxf, dwg, xlsx, xls, doc, docx, txt, xps, csv, rtf, jpg. Max. Dateigr\u00f6\u00dfe: 25 MB\n\t<\/p>\n<\/div>\n<p><input class=\"wpcf7-form-control has-spinner wpcf7-submit\" type=\"submit\" value=\"Einreichen\" \/>\n<\/p><div class=\"wpcf7-response-output\" aria-hidden=\"true\"><\/div>\n<input type=\"hidden\" name=\"trp-form-language\" value=\"de\"\/><\/form>\n<\/div>\n\n<\/div><\/div>\n<\/div><\/div>\n\n\n\n<div class = \"bs_logos_outer_group\">\n  <div class = \"bs_logos_outer_group_inner\">\n    <div class = 'base_why_us_same_header'>\n        <h2>Unternehmen, die uns vertrauen<\/h2>\n    <\/div>\n    <div class=\"bs_logos\">\n      <div class=\"bs_logos_slide\">\n        <img decoding=\"async\" src=\"https:\/\/www.besterpcba.com\/wp-content\/uploads\/2021\/10\/UL-RED.png\" \/>\n        <img decoding=\"async\" src=\"https:\/\/www.besterpcba.com\/wp-content\/uploads\/2021\/10\/logo-ipc-2.png\" \/>\n        <img decoding=\"async\" src=\"https:\/\/www.besterpcba.com\/wp-content\/uploads\/2021\/10\/rohs-green.png\" \/>\n      <\/div>\n    <\/div>\n  <\/div>\n<\/div>\n\n<script>\n  var copy = document.querySelector(\".bs_logos_slide\").cloneNode(true);\n  document.querySelector(\".bs_logos\").appendChild(copy);\n<\/script>\n\n\n\n<script>(function() {\nfunction onTidioChatApiReady() {\nwindow.tidioChatApi.hide();\n}\n\nif (window.tidioChatApi) {\nwindow.tidioChatApi.on(\"ready\", onTidioChatApiReady);\n}\n\ndocument.querySelector(\".chat-button\").addEventListener(\"click\", function() {\nwindow.tidioChatApi.show();\nwindow.tidioChatApi.open();\n});\n})();<\/script>","protected":false},"excerpt":{"rendered":"","protected":false},"author":1,"featured_media":0,"parent":0,"menu_order":0,"comment_status":"closed","ping_status":"closed","template":"","meta":{"article_term":"","article_term_alternate":"","article_term_def":"","article_hook":"","auto_links":"","article_topic":"","article_fact_check":"","mt_social_share":"","mt_content_meta":"","mt_glossary_display":"","glossary_heading":"","glossary":"","glossary_alter":"","glossary_def":"","article_task":"","footnotes":""},"class_list":["post-6125","page","type-page","status-publish"],"_links":{"self":[{"href":"https:\/\/www.besterpcba.com\/de\/wp-json\/wp\/v2\/pages\/6125","targetHints":{"allow":["GET"]}}],"collection":[{"href":"https:\/\/www.besterpcba.com\/de\/wp-json\/wp\/v2\/pages"}],"about":[{"href":"https:\/\/www.besterpcba.com\/de\/wp-json\/wp\/v2\/types\/page"}],"author":[{"embeddable":true,"href":"https:\/\/www.besterpcba.com\/de\/wp-json\/wp\/v2\/users\/1"}],"replies":[{"embeddable":true,"href":"https:\/\/www.besterpcba.com\/de\/wp-json\/wp\/v2\/comments?post=6125"}],"version-history":[{"count":11,"href":"https:\/\/www.besterpcba.com\/de\/wp-json\/wp\/v2\/pages\/6125\/revisions"}],"predecessor-version":[{"id":6959,"href":"https:\/\/www.besterpcba.com\/de\/wp-json\/wp\/v2\/pages\/6125\/revisions\/6959"}],"wp:attachment":[{"href":"https:\/\/www.besterpcba.com\/de\/wp-json\/wp\/v2\/media?parent=6125"}],"curies":[{"name":"wp","href":"https:\/\/api.w.org\/{rel}","templated":true}]}}