{"id":3,"date":"2019-08-21T10:24:42","date_gmt":"2019-08-21T10:24:42","guid":{"rendered":"https:\/\/besterpcba.com\/?page_id=3"},"modified":"2021-09-28T04:02:50","modified_gmt":"2021-09-28T04:02:50","slug":"privacy-policy","status":"publish","type":"page","link":"https:\/\/www.besterpcba.com\/es\/politica-de-privacidad\/","title":{"rendered":"Pol\u00edtica de privacidad"},"content":{"rendered":"<div class=\"wp-block-group terms-page-header-gp is-layout-flow\"><div class=\"wp-block-group__inner-container\"><h1 class=\"wp-block-heading\" id=\"privacy-policy\"> Pol\u00edtica de privacidad<\/h1><\/div><\/div>\n\n\n\n<div class=\"wp-block-group terms-page-header-content-gp is-layout-flow\"><div class=\"wp-block-group__inner-container\"><h1 class=\"wp-block-heading\" id=\"privacy-policy\">Pol\u00edtica de privacidad<\/h1>\n\n\n<p>Gracias por elegir formar parte de nuestra comunidad en Rayzeek (\"Compa\u00f1\u00eda\", \"nosotros\", \"nos\", \"nuestro\"). Nos comprometemos a proteger su informaci\u00f3n personal y su derecho a la privacidad. Si tiene alguna pregunta o duda sobre este aviso de privacidad, o sobre nuestras pr\u00e1cticas con respecto a su informaci\u00f3n personal, p\u00f3ngase en contacto con nosotros en info@rayzeek.com.<\/p>\n\n\n\n<p>Cuando visita nuestro sitio Web rayzeek.com (el \"Sitio Web\") y, de forma m\u00e1s general, utiliza cualquiera de nuestros servicios (los \"Servicios\", que incluyen el Sitio Web), le agradecemos que nos conf\u00ede su informaci\u00f3n personal. Nos tomamos muy en serio su privacidad. En este aviso de privacidad, pretendemos explicarle de la forma m\u00e1s clara posible qu\u00e9 informaci\u00f3n recogemos, c\u00f3mo la utilizamos y qu\u00e9 derechos tiene en relaci\u00f3n con ella. Esperamos que dedique alg\u00fan tiempo a leerlo detenidamente, ya que es importante. Si hay alg\u00fan t\u00e9rmino de este aviso de privacidad con el que no est\u00e9 de acuerdo, le rogamos que deje de utilizar nuestros Servicios inmediatamente.<\/p>\n\n\n\n<p>Este aviso de privacidad se aplica a toda la informaci\u00f3n recopilada a trav\u00e9s de nuestros Servicios (que, como se ha descrito anteriormente, incluye nuestro Sitio Web), as\u00ed como a cualquier servicio, venta, marketing o evento relacionado.<\/p>\n\n\n\n<p>Le rogamos que lea atentamente este aviso de privacidad, ya que le ayudar\u00e1 a comprender lo que hacemos con la informaci\u00f3n que recopilamos.<\/p>\n\n\n<h2 class=\"wp-block-heading\" id=\"1-what-information-do-we-collect\">1. \u00bfQU\u00c9 INFORMACI\u00d3N RECOGEMOS?<\/h2>\n\n\n<p>Informaci\u00f3n recopilada autom\u00e1ticamente<br>En resumen: algunos datos -como su direcci\u00f3n de Protocolo de Internet (IP) y\/o las caracter\u00edsticas de su navegador y dispositivo- se recogen autom\u00e1ticamente cuando visita nuestro sitio web.<\/p>\n\n\n\n<p>Recogemos autom\u00e1ticamente cierta informaci\u00f3n cuando usted visita, utiliza o navega por el sitio web. Esta informaci\u00f3n no revela su identidad espec\u00edfica (como su nombre o informaci\u00f3n de contacto), pero puede incluir informaci\u00f3n sobre el dispositivo y el uso, como su direcci\u00f3n IP, caracter\u00edsticas del navegador y del dispositivo, sistema operativo, preferencias de idioma, URL de referencia, nombre del dispositivo, pa\u00eds, ubicaci\u00f3n, informaci\u00f3n sobre c\u00f3mo y cu\u00e1ndo utiliza nuestro sitio web y otra informaci\u00f3n t\u00e9cnica. Esta informaci\u00f3n es necesaria principalmente para mantener la seguridad y el funcionamiento de nuestro sitio web, as\u00ed como para nuestros an\u00e1lisis internos y la elaboraci\u00f3n de informes.<\/p>\n\n\n\n<p>Como muchas empresas, tambi\u00e9n recopilamos informaci\u00f3n a trav\u00e9s de cookies y tecnolog\u00edas similares.<\/p>\n\n\n\n<p>La informaci\u00f3n que recopilamos incluye:<br>Datos de registro y uso. Los datos de registro y uso son informaci\u00f3n relacionada con el servicio, el diagn\u00f3stico, el uso y el rendimiento que nuestros servidores recopilan autom\u00e1ticamente cuando usted accede a nuestro sitio web o lo utiliza y que registramos en archivos de registro. Dependiendo de c\u00f3mo interact\u00fae con nosotros, estos datos de registro pueden incluir su direcci\u00f3n IP, informaci\u00f3n del dispositivo, tipo y configuraci\u00f3n del navegador e informaci\u00f3n sobre su actividad en el sitio web (como las marcas de fecha\/hora asociadas a su uso, p\u00e1ginas y archivos vistos, b\u00fasquedas y otras acciones que realice, como las funciones que utiliza), informaci\u00f3n sobre eventos del dispositivo (como actividad del sistema, informes de errores (a veces denominados \"volcados de memoria\") y configuraci\u00f3n del hardware).<br>Datos del dispositivo. Recopilamos datos de dispositivos tales como informaci\u00f3n sobre su ordenador, tel\u00e9fono, tableta u otro dispositivo que utilice para acceder al Sitio Web. Dependiendo del dispositivo utilizado, estos datos del dispositivo pueden incluir informaci\u00f3n como su direcci\u00f3n IP (o servidor proxy), n\u00fameros de identificaci\u00f3n del dispositivo y de la aplicaci\u00f3n, ubicaci\u00f3n, tipo de navegador, modelo de hardware proveedor de servicios de Internet y\/o operador de telefon\u00eda m\u00f3vil, sistema operativo e informaci\u00f3n de configuraci\u00f3n del sistema.<br>Datos de localizaci\u00f3n. Recopilamos datos de localizaci\u00f3n, como informaci\u00f3n sobre la ubicaci\u00f3n de su dispositivo, que puede ser precisa o imprecisa. La cantidad de informaci\u00f3n que recopilamos depende del tipo y la configuraci\u00f3n del dispositivo que utilice para acceder al Sitio Web. Por ejemplo, podemos utilizar el GPS y otras tecnolog\u00edas para recopilar datos de geolocalizaci\u00f3n que nos indican su ubicaci\u00f3n actual (basada en su direcci\u00f3n IP). Usted puede optar por no permitirnos recopilar esta informaci\u00f3n denegando el acceso a la informaci\u00f3n o desactivando la configuraci\u00f3n de localizaci\u00f3n en su dispositivo. Tenga en cuenta, no obstante, que si decide no participar, es posible que no pueda utilizar determinados aspectos de los Servicios.<\/p>\n\n\n<h2 class=\"wp-block-heading\" id=\"2-how-do-we-use-your-information\">2. \u00bfC\u00d3MO UTILIZAMOS SU INFORMACI\u00d3N?<\/h2>\n\n\n<p>En resumen: procesamos su informaci\u00f3n con fines basados en intereses comerciales leg\u00edtimos, el cumplimiento de nuestro contrato con usted, el cumplimiento de nuestras obligaciones legales y\/o su consentimiento.<\/p>\n\n\n\n<p>Utilizamos la informaci\u00f3n personal recopilada a trav\u00e9s de nuestro sitio web para una serie de fines comerciales que se describen a continuaci\u00f3n. Procesamos su informaci\u00f3n personal para estos fines bas\u00e1ndonos en nuestros leg\u00edtimos intereses comerciales, para celebrar o ejecutar un contrato con usted, con su consentimiento y\/o para cumplir con nuestras obligaciones legales. A continuaci\u00f3n, junto a cada finalidad, indicamos los motivos espec\u00edficos de tratamiento en los que nos basamos.<\/p>\n\n\n\n<p>Utilizamos la informaci\u00f3n que recogemos o recibimos:<br>Para facilitar la creaci\u00f3n de la cuenta y el proceso de inicio de sesi\u00f3n. Si decide vincular su cuenta con nosotros a una cuenta de terceros (como su cuenta de Google o Facebook), utilizamos la informaci\u00f3n que nos permiti\u00f3 recopilar de esos terceros para facilitar la creaci\u00f3n de la cuenta y el proceso de inicio de sesi\u00f3n para la ejecuci\u00f3n del contrato.<br>Publicar testimonios. En nuestro sitio web publicamos testimonios que pueden contener informaci\u00f3n personal. Antes de publicar un testimonio, obtendremos su consentimiento para utilizar su nombre y el contenido del testimonio. Si desea actualizar o eliminar su testimonio, p\u00f3ngase en contacto con nosotros en info@rayzeek.com y aseg\u00farese de incluir su nombre, ubicaci\u00f3n del testimonio e informaci\u00f3n de contacto.<br>Solicitar comentarios. Podemos utilizar su informaci\u00f3n para solicitar comentarios y para ponernos en contacto con usted acerca de su uso de nuestro sitio web.<br>Para permitir las comunicaciones entre usuarios. Podemos utilizar su informaci\u00f3n para permitir las comunicaciones de usuario a usuario con el consentimiento de cada usuario.<br>Para gestionar las cuentas de usuario. Podemos utilizar su informaci\u00f3n para gestionar nuestra cuenta y mantenerla en funcionamiento.<br>Para enviarle informaci\u00f3n administrativa. Podemos utilizar su informaci\u00f3n personal para enviarle informaci\u00f3n sobre productos, servicios y nuevas funciones y\/o informaci\u00f3n sobre cambios en nuestros t\u00e9rminos, condiciones y pol\u00edticas.<br>Para proteger nuestros Servicios. Podemos utilizar su informaci\u00f3n como parte de nuestros esfuerzos para mantener nuestro sitio web seguro y protegido (por ejemplo, para la supervisi\u00f3n y prevenci\u00f3n del fraude).<br>Para hacer cumplir nuestros t\u00e9rminos, condiciones y pol\u00edticas con fines comerciales, para cumplir con los requisitos legales y reglamentarios o en relaci\u00f3n con nuestro contrato.<br>Para responder a requerimientos legales y evitar da\u00f1os. Si recibimos una citaci\u00f3n u otra solicitud legal, es posible que necesitemos inspeccionar los datos que tenemos para determinar c\u00f3mo responder.<br>Cumplir y gestionar sus pedidos. Podemos utilizar su informaci\u00f3n para cumplir y gestionar sus pedidos, pagos, devoluciones y cambios realizados a trav\u00e9s del Sitio Web.<br>Administrar sorteos y concursos. Podemos utilizar su informaci\u00f3n para administrar sorteos y concursos cuando decida participar en nuestros concursos.<br>Prestar y facilitar la prestaci\u00f3n de servicios al usuario. Podemos utilizar su informaci\u00f3n para prestarle el servicio solicitado.<br>Responder a las consultas de los usuarios y ofrecerles asistencia. Podemos utilizar su informaci\u00f3n para responder a sus consultas y resolver cualquier posible problema que pueda tener con el uso de nuestros Servicios.<br>Para enviarle comunicaciones promocionales y de marketing. Nosotros y\/o nuestros socios de marketing externos podemos utilizar la informaci\u00f3n personal que nos env\u00ede para nuestros fines de marketing, si esto se ajusta a sus preferencias de marketing. Por ejemplo, cuando exprese su inter\u00e9s en obtener informaci\u00f3n sobre nosotros o sobre nuestro sitio web, cuando se suscriba a nuestras campa\u00f1as de marketing o se ponga en contacto con nosotros de cualquier otra forma, recabaremos sus datos personales. Puede darse de baja de nuestros correos electr\u00f3nicos de marketing en cualquier momento (consulte \"CU\u00c1LES SON SUS DERECHOS DE PRIVACIDAD\" m\u00e1s abajo).<br>Ofrecerle publicidad personalizada. Podemos utilizar su informaci\u00f3n para desarrollar y mostrar contenidos y publicidad personalizados (y trabajar con terceros que lo hagan) adaptados a sus intereses y\/o ubicaci\u00f3n y para medir su eficacia.<br>Para otros fines comerciales. Podemos utilizar su informaci\u00f3n para otros fines comerciales, como el an\u00e1lisis de datos, la identificaci\u00f3n de tendencias de uso, la determinaci\u00f3n de la eficacia de nuestras campa\u00f1as promocionales y para evaluar y mejorar nuestro sitio web, nuestros productos, nuestro marketing y su experiencia. Podemos utilizar y almacenar esta informaci\u00f3n de forma agregada y an\u00f3nima para que no est\u00e9 asociada a usuarios finales individuales y no incluya informaci\u00f3n personal. No utilizaremos informaci\u00f3n personal identificable sin su consentimiento.<\/p>\n\n\n<h2 class=\"wp-block-heading\" id=\"3-will-your-information-be-shared-with-anyone\">3. \u00bfSE COMPARTIR\u00c1 SU INFORMACI\u00d3N CON ALGUIEN?<\/h2>\n\n\n<p>En resumen: s\u00f3lo compartimos informaci\u00f3n con su consentimiento, para cumplir la ley, prestarle servicios, proteger sus derechos o cumplir obligaciones comerciales.<\/p>\n\n\n\n<p>Podemos procesar o compartir los datos que poseemos sobre la base de los siguientes fundamentos jur\u00eddicos:<br>Consentimiento: Podemos tratar sus datos si nos ha dado su consentimiento espec\u00edfico para utilizar su informaci\u00f3n personal para un fin concreto.<br>Intereses leg\u00edtimos: Podemos tratar sus datos cuando sea razonablemente necesario para lograr nuestros intereses comerciales leg\u00edtimos.<br>Cumplimiento de un contrato: cuando hayamos celebrado un contrato con usted, podremos tratar sus datos personales para cumplir los t\u00e9rminos de nuestro contrato.<br>Obligaciones legales: Podemos revelar su informaci\u00f3n cuando estemos legalmente obligados a hacerlo para cumplir con la legislaci\u00f3n aplicable, solicitudes gubernamentales, un procedimiento judicial, una orden judicial o un proceso legal, como en respuesta a una orden judicial o una citaci\u00f3n (incluso en respuesta a las autoridades p\u00fablicas para cumplir con los requisitos de seguridad nacional o de aplicaci\u00f3n de la ley).<br>Intereses vitales: Podemos revelar su informaci\u00f3n cuando creamos que es necesario investigar, prevenir o tomar medidas en relaci\u00f3n con posibles infracciones de nuestras pol\u00edticas, sospechas de fraude, situaciones que impliquen amenazas potenciales a la seguridad de cualquier persona y actividades ilegales, o como prueba en litigios en los que estemos implicados.<br>M\u00e1s concretamente, es posible que necesitemos tratar sus datos o compartir su informaci\u00f3n personal en las siguientes situaciones:<br>Transferencias empresariales. Podemos compartir o transferir su informaci\u00f3n en relaci\u00f3n con, o durante las negociaciones de, cualquier fusi\u00f3n, venta de activos de la empresa, financiaci\u00f3n o adquisici\u00f3n de la totalidad o una parte de nuestro negocio a otra empresa.<br>Socios comerciales. Podemos compartir su informaci\u00f3n con nuestros socios comerciales para ofrecerle determinados productos, servicios o promociones.<\/p>\n\n\n<h2 class=\"wp-block-heading\" id=\"4-do-we-use-cookies-and-other-tracking-technologies\">4. \u00bfUTILIZAMOS COOKIES Y OTRAS TECNOLOG\u00cdAS DE SEGUIMIENTO?<\/h2>\n\n\n<p>En resumen: podemos utilizar cookies y otras tecnolog\u00edas de seguimiento para recopilar y almacenar su informaci\u00f3n.<\/p>\n\n\n\n<p>Podemos utilizar cookies y tecnolog\u00edas de seguimiento similares (como balizas web y p\u00edxeles) para acceder a la informaci\u00f3n o almacenarla. En nuestro Aviso sobre cookies encontrar\u00e1 informaci\u00f3n espec\u00edfica sobre c\u00f3mo utilizamos dichas tecnolog\u00edas y c\u00f3mo puede rechazar determinadas cookies.<\/p>\n\n\n<h2 class=\"wp-block-heading\" id=\"5-is-your-information-transferred-internationally\">5. \u00bfSE TRANSFIEREN SUS DATOS A NIVEL INTERNACIONAL?<\/h2>\n\n\n<p>En resumen: podemos transferir, almacenar y procesar su informaci\u00f3n en pa\u00edses distintos al suyo.<\/p>\n\n\n\n<p>Nuestros servidores est\u00e1n ubicados en. Si accede a nuestro Sitio Web desde el exterior, tenga en cuenta que su informaci\u00f3n puede ser transferida, almacenada y procesada por nosotros en nuestras instalaciones y por aquellos terceros con los que podamos compartir su informaci\u00f3n personal (v\u00e9ase m\u00e1s arriba \"\u00bfSU INFORMACI\u00d3N SER\u00c1 COMPARTIDA CON ALGUIEN?\"), en y otros pa\u00edses.<\/p>\n\n\n\n<p>Si usted reside en el Espacio Econ\u00f3mico Europeo, es posible que estos pa\u00edses no dispongan necesariamente de leyes de protecci\u00f3n de datos u otras similares tan completas como las de su pa\u00eds. No obstante, tomaremos todas las medidas necesarias para proteger sus datos personales de conformidad con el presente aviso de privacidad y la legislaci\u00f3n aplicable.<\/p>\n\n\n<h2 class=\"wp-block-heading\" id=\"6-how-long-do-we-keep-your-information\">6. \u00bfCU\u00c1NTO TIEMPO CONSERVAMOS SUS DATOS?<\/h2>\n\n\n<p>En resumen: conservamos su informaci\u00f3n durante el tiempo necesario para cumplir los fines descritos en este aviso de privacidad, a menos que la ley exija lo contrario.<\/p>\n\n\n\n<p>S\u00f3lo conservaremos su informaci\u00f3n personal durante el tiempo que sea necesario para los fines establecidos en este aviso de privacidad, a menos que la ley exija o permita un per\u00edodo de conservaci\u00f3n m\u00e1s largo (como requisitos fiscales, contables u otros requisitos legales). Ninguna de las finalidades previstas en este aviso nos obligar\u00e1 a conservar sus datos personales durante m\u00e1s de 90 d\u00edas.<\/p>\n\n\n\n<p>Cuando ya no tengamos ninguna necesidad comercial leg\u00edtima de procesar su informaci\u00f3n personal, eliminaremos o anonimizaremos dicha informaci\u00f3n o, si esto no es posible (por ejemplo, porque su informaci\u00f3n personal se ha almacenado en archivos de copia de seguridad), almacenaremos de forma segura su informaci\u00f3n personal y la aislaremos de cualquier procesamiento posterior hasta que sea posible eliminarla.<\/p>\n\n\n<h2 class=\"wp-block-heading\" id=\"7-how-do-we-keep-your-information-safe\">7. \u00bfC\u00d3MO MANTENEMOS SEGURA SU INFORMACI\u00d3N?<\/h2>\n\n\n<p>En resumen: nuestro objetivo es proteger su informaci\u00f3n personal mediante un sistema de medidas de seguridad organizativas y t\u00e9cnicas.<\/p>\n\n\n\n<p>Hemos implantado las medidas de seguridad t\u00e9cnicas y organizativas adecuadas para proteger la seguridad de la informaci\u00f3n personal que procesamos. Sin embargo, a pesar de nuestras salvaguardas y esfuerzos por proteger su informaci\u00f3n, no se puede garantizar que ninguna transmisi\u00f3n electr\u00f3nica por Internet o tecnolog\u00eda de almacenamiento de informaci\u00f3n sea 100% segura, por lo que no podemos prometer ni garantizar que piratas inform\u00e1ticos, ciberdelincuentes u otros terceros no autorizados no puedan burlar nuestra seguridad y recopilar, acceder, robar o modificar indebidamente su informaci\u00f3n. Aunque haremos todo lo posible para proteger su informaci\u00f3n personal, la transmisi\u00f3n de informaci\u00f3n personal hacia y desde nuestro Sitio Web corre por su cuenta y riesgo. S\u00f3lo debe acceder al sitio web en un entorno seguro.<\/p>\n\n\n<h2 class=\"wp-block-heading\" id=\"8-do-we-collect-information-from-minors\">8. \u00bfRECOPILAMOS INFORMACI\u00d3N DE MENORES?<\/h2>\n\n\n<p>En resumen: no recopilamos datos de menores de 18 a\u00f1os ni comercializamos con ellos.<\/p>\n\n\n\n<p>No solicitamos intencionadamente datos de menores de 18 a\u00f1os ni comercializamos con ellos. Al utilizar el Sitio Web, usted declara que tiene al menos 18 a\u00f1os o que es el padre o tutor de dicho menor y da su consentimiento para que dicho menor dependiente utilice el Sitio Web. Si tenemos conocimiento de que se han recopilado datos personales de usuarios menores de 18 a\u00f1os, desactivaremos la cuenta y tomaremos las medidas razonables para eliminar r\u00e1pidamente dichos datos de nuestros registros. Si tiene conocimiento de que hemos recopilado datos de menores de 18 a\u00f1os, p\u00f3ngase en contacto con nosotros en info@rayzeek.com.<\/p>\n\n\n<h2 class=\"wp-block-heading\" id=\"9-what-are-your-privacy-rights\">9. \u00bfCU\u00c1LES SON SUS DERECHOS DE PRIVACIDAD?<\/h2>\n\n\n<p>En resumen: puede revisar, modificar o cancelar su cuenta en cualquier momento.<\/p>\n\n\n\n<p>Si reside en el Espacio Econ\u00f3mico Europeo y cree que estamos tratando ilegalmente sus datos personales, tambi\u00e9n tiene derecho a presentar una reclamaci\u00f3n ante la autoridad supervisora de protecci\u00f3n de datos de su pa\u00eds. Puede encontrar sus datos de contacto aqu\u00ed: http:\/\/ec.europa.eu\/justice\/data-protection\/bodies\/authorities\/index_en.htm.<\/p>\n\n\n\n<p>Si reside en Suiza, los datos de contacto de las autoridades de protecci\u00f3n de datos est\u00e1n disponibles aqu\u00ed: https:\/\/www.edoeb.admin.ch\/edoeb\/en\/home.html.<\/p>\n\n\n\n<p>Cookies y tecnolog\u00edas similares: La mayor\u00eda de los navegadores web est\u00e1n configurados para aceptar cookies por defecto. Si lo prefiere, puede configurar su navegador para que elimine las cookies y las rechace. Si decide eliminar las cookies o rechazarlas, esto podr\u00eda afectar a determinadas funciones o servicios de nuestro Sitio web. Para rechazar la publicidad basada en intereses de los anunciantes en nuestro sitio web, visite http:\/\/www.aboutads.info\/choices\/.<\/p>\n\n\n<h2 class=\"wp-block-heading\" id=\"10-controls-for-donottrack-features\">10. CONTROLES PARA LAS FUNCIONES \"DO-NOT-TRACK<\/h2>\n\n\n<p>La mayor\u00eda de los navegadores web y algunos sistemas operativos y aplicaciones para m\u00f3viles incluyen una funci\u00f3n o configuraci\u00f3n de No rastrear (\"DNT\", Do-Not-Track) que usted puede activar para se\u00f1alar su preferencia de privacidad para que no se controlen ni recopilen datos sobre sus actividades de navegaci\u00f3n en l\u00ednea. Por el momento no se ha ultimado ninguna norma tecnol\u00f3gica uniforme para reconocer y aplicar las se\u00f1ales DNT. Por lo tanto, actualmente no respondemos a las se\u00f1ales DNT del navegador ni a ning\u00fan otro mecanismo que comunique autom\u00e1ticamente su elecci\u00f3n de no ser rastreado en l\u00ednea. Si en el futuro se adopta una norma para el seguimiento en l\u00ednea que debamos seguir, le informaremos sobre dicha pr\u00e1ctica en una versi\u00f3n revisada de este aviso de privacidad.<\/p>\n\n\n<h2 class=\"wp-block-heading\" id=\"11-do-we-make-updates-to-this-notice\">11. \u00bfREALIZAMOS ACTUALIZACIONES DE ESTE AVISO?<\/h2>\n\n\n<p>En pocas palabras: S\u00ed, actualizaremos este aviso cuando sea necesario para seguir cumpliendo la legislaci\u00f3n pertinente.<\/p>\n\n\n\n<p>Podemos actualizar este aviso de privacidad de vez en cuando. La versi\u00f3n actualizada se indicar\u00e1 mediante una fecha \"Revisada\" actualizada y la versi\u00f3n actualizada entrar\u00e1 en vigor tan pronto como sea accesible. Si introducimos cambios sustanciales en este aviso de privacidad, se lo notificaremos publicando un aviso de dichos cambios en un lugar destacado o envi\u00e1ndole directamente una notificaci\u00f3n. Le recomendamos que revise este aviso de privacidad con frecuencia para estar informado de c\u00f3mo protegemos su informaci\u00f3n.<\/p>\n\n\n<h2 class=\"wp-block-heading\" id=\"12-how-can-you-contact-us-about-this-notice\">12. \u00bfC\u00d3MO PUEDE PONERSE EN CONTACTO CON NOSOTROS EN RELACI\u00d3N CON ESTE AVISO?<\/h2>\n\n\n<p>Si tiene preguntas o comentarios sobre este aviso, puede enviarnos un correo electr\u00f3nico a info@rayzeek.com.<\/p>\n\n\n<h2 class=\"wp-block-heading\" id=\"13-how-can-you-review-update-or-delete-the-data-we-collect-from-you\">13. \u00bfC\u00d3MO PUEDE REVISAR, ACTUALIZAR O ELIMINAR LOS DATOS QUE RECOPILAMOS SOBRE USTED?<\/h2>\n\n\n<p>En funci\u00f3n de la legislaci\u00f3n aplicable en su pa\u00eds, es posible que tenga derecho a solicitar acceso a la informaci\u00f3n personal que recopilamos sobre usted, a modificarla o a eliminarla en algunas circunstancias. Para solicitar la revisi\u00f3n, actualizaci\u00f3n o eliminaci\u00f3n de su informaci\u00f3n personal, env\u00ede un formulario de solicitud haciendo clic aqu\u00ed. Responderemos a su solicitud en un plazo de 30 d\u00edas.<\/p>\n<\/div><\/div>","protected":false},"excerpt":{"rendered":"<p>Pol\u00edtica de privacidad<\/p>\n<p>Pol\u00edtica de privacidad<\/p>\n<p>Gracias por elegir formar parte de nuestra comunidad en Rayzeek (\"Compa\u00f1\u00eda\", \"nosotros\", \"nos\", \"nuestro\"). Nos comprometemos a proteger su informaci\u00f3n personal y su derecho a la privacidad.<\/p>","protected":false},"author":1,"featured_media":0,"parent":0,"menu_order":0,"comment_status":"closed","ping_status":"open","template":"","meta":{"article_term":"","article_term_alternate":"","article_term_def":"","article_hook":"","auto_links":"","article_topic":"","article_fact_check":"","mt_social_share":"","mt_content_meta":"","mt_glossary_display":"","glossary_heading":"","glossary":"","glossary_alter":"","glossary_def":"","article_task":""},"_links":{"self":[{"href":"https:\/\/www.besterpcba.com\/es\/wp-json\/wp\/v2\/pages\/3"}],"collection":[{"href":"https:\/\/www.besterpcba.com\/es\/wp-json\/wp\/v2\/pages"}],"about":[{"href":"https:\/\/www.besterpcba.com\/es\/wp-json\/wp\/v2\/types\/page"}],"author":[{"embeddable":true,"href":"https:\/\/www.besterpcba.com\/es\/wp-json\/wp\/v2\/users\/1"}],"replies":[{"embeddable":true,"href":"https:\/\/www.besterpcba.com\/es\/wp-json\/wp\/v2\/comments?post=3"}],"version-history":[{"count":4,"href":"https:\/\/www.besterpcba.com\/es\/wp-json\/wp\/v2\/pages\/3\/revisions"}],"predecessor-version":[{"id":6561,"href":"https:\/\/www.besterpcba.com\/es\/wp-json\/wp\/v2\/pages\/3\/revisions\/6561"}],"wp:attachment":[{"href":"https:\/\/www.besterpcba.com\/es\/wp-json\/wp\/v2\/media?parent=3"}],"curies":[{"name":"wp","href":"https:\/\/api.w.org\/{rel}","templated":true}]}}