{"id":3316,"date":"2021-09-24T08:53:57","date_gmt":"2021-09-24T08:53:57","guid":{"rendered":"https:\/\/besterpcba.com\/?page_id=3316"},"modified":"2023-07-25T06:27:16","modified_gmt":"2023-07-25T06:27:16","slug":"factory","status":"publish","type":"page","link":"https:\/\/www.besterpcba.com\/es\/fabrica\/","title":{"rendered":"F\u00e1brica"},"content":{"rendered":"<div class=\"wp-block-cover alignfull base_cover base_cover_overlay_grad\"><span aria-hidden=\"true\" class=\"wp-block-cover__background has-background-dim-0 has-background-dim\"><\/span><img loading=\"lazy\" decoding=\"async\" width=\"1920\" height=\"1280\" class=\"wp-block-cover__image-background wp-image-2909\" alt=\"\" src=\"https:\/\/www.besterpcba.com\/wp-content\/uploads\/2021\/09\/XP6A7933.jpg\" data-object-fit=\"cover\" srcset=\"https:\/\/www.besterpcba.com\/wp-content\/uploads\/2021\/09\/XP6A7933.jpg 1920w, https:\/\/www.besterpcba.com\/wp-content\/uploads\/2021\/09\/XP6A7933-300x200.jpg 300w, https:\/\/www.besterpcba.com\/wp-content\/uploads\/2021\/09\/XP6A7933-1024x683.jpg 1024w, https:\/\/www.besterpcba.com\/wp-content\/uploads\/2021\/09\/XP6A7933-768x512.jpg 768w, https:\/\/www.besterpcba.com\/wp-content\/uploads\/2021\/09\/XP6A7933-1600x1067.jpg 1600w, https:\/\/www.besterpcba.com\/wp-content\/uploads\/2021\/09\/XP6A7933-1536x1024.jpg 1536w\" sizes=\"auto, (max-width: 1920px) 100vw, 1920px\" \/><div class=\"wp-block-cover__inner-container is-layout-flow wp-block-cover-is-layout-flow\">\n<div class=\"wp-block-group\"><div class=\"wp-block-group__inner-container is-layout-constrained wp-block-group-is-layout-constrained\"><div class=\"breadcrumbs\" typeof=\"BreadcrumbList\" vocab=\"https:\/\/schema.org\/\"><span property=\"itemListElement\" typeof=\"ListItem\"><a property=\"item\" typeof=\"WebPage\" title=\"Ir a One Stop PCBA Manufacturer.\" href=\"https:\/\/www.besterpcba.com\/es\" class=\"home\" aria-current=\"page\"><span property=\"name\">Fabricante integral de PCBA<\/span><\/a><meta property=\"position\" content=\"1\"><\/span><\/div>\n\n<h1 class=\"wp-block-heading\" id=\"factory-tour\">Visita a la f\u00e1brica<\/h1>\n\n\n<p class=\"has-text-align-left has-large-font-size\">Le invitamos a visitar directamente nuestra f\u00e1brica en Shenzhen o puede ver v\u00eddeos para conocer mejor Bester Tech.<\/p>\n\n\n\n<div class='base_cover_button_wrapper'><p class=\"base_header_button\"><a href=\"https:\/\/www.besterpcba.com\/es\/pongase-en-contacto-con\/\" data-type=\"page\" data-id=\"1358\">Obtener presupuesto gratuito<\/a><\/p><\/div>\n<\/div><\/div>\n<\/div><\/div>\n\n\n\n<div class=\"wp-block-group base_page_text_group\"><div class=\"wp-block-group__inner-container is-layout-flow wp-block-group-is-layout-flow\"><h2 class=\"wp-block-heading\" id=\"bester-tech-alibaba-sgs-inspection\">Bester Tech - Alibaba Inspecci\u00f3n SGS<\/h2>\n\n\n<p>Como una de las principales empresas de inspecci\u00f3n, verificaci\u00f3n, pruebas y ensayos y certificaci\u00f3n del mundo, SGS est\u00e1 reconocida como la referencia mundial de calidad e integridad, cuenta con m\u00e1s de 2600 oficinas y laboratorios en todo el mundo.<\/p>\n\n\n\n<p>La tecnolog\u00eda Bester se ha verificado in situ y ha sido evaluada, certificada, autenticada e inspeccionada por el Grupo SGS.<\/p>\n\n\n\n<p>Ahora somos un proveedor premium verificado desde hace 11 a\u00f1os en Alibaba con inspecci\u00f3n de materiales in situ y una superficie total de 1.500\u33a1, informada e inspeccionada por el grupo SGS de 3 terceras partes.<\/p>\n\n\n\n<p>Vea a continuaci\u00f3n el v\u00eddeo de la inspecci\u00f3n in situ de SGS para una r\u00e1pida visita a la f\u00e1brica.<\/p>\n\n\n\n<figure class=\"wp-block-video\"><video height=\"1080\" style=\"aspect-ratio: 1920 \/ 1080;\" width=\"1920\" controls preload=\"none\" src=\"https:\/\/www.besterpcba.com\/wp-content\/uploads\/2023\/06\/bester-factory.mp4\"><\/video><\/figure>\n<\/div><\/div>\n\n\n\n<div class=\"wp-block-group bs_factory_videos\"><div class=\"wp-block-group__inner-container is-layout-flow wp-block-group-is-layout-flow\"><h2 class=\"wp-block-heading underline--magical\" id=\"manufacturing-videos\">V\u00eddeos de fabricaci\u00f3n<\/h2>\n\n\n<div class=\"wp-block-group bs_page_flex_gp flex_gp_3\"><div class=\"wp-block-group__inner-container is-layout-constrained wp-block-group-is-layout-constrained\">\n<div class=\"wp-block-group\"><div class=\"wp-block-group__inner-container is-layout-constrained wp-block-group-is-layout-constrained\">\n<figure class=\"wp-block-video\"><video height=\"1080\" style=\"aspect-ratio: 1920 \/ 1080;\" width=\"1920\" controls preload=\"none\" src=\"https:\/\/www.besterpcba.com\/wp-content\/uploads\/2023\/06\/incoming-materials-warehouse.mp4\"><\/video><\/figure>\n\n\n<h3 class=\"wp-block-heading\" id=\"incoming-material-warehouse\">Almac\u00e9n de material entrante<\/h3><\/div><\/div>\n\n\n\n<div class=\"wp-block-group\"><div class=\"wp-block-group__inner-container is-layout-constrained wp-block-group-is-layout-constrained\">\n<figure class=\"wp-block-video\"><video height=\"1080\" style=\"aspect-ratio: 1920 \/ 1080;\" width=\"1920\" controls preload=\"none\" src=\"https:\/\/www.besterpcba.com\/wp-content\/uploads\/2023\/06\/electronic-components-incoming-inspection.mp4\"><\/video><\/figure>\n\n\n<h3 class=\"wp-block-heading\" id=\"electronic-components-incoming-inspection\">Inspecci\u00f3n de entrada de componentes electr\u00f3nicos<\/h3><\/div><\/div>\n\n\n\n<div class=\"wp-block-group\"><div class=\"wp-block-group__inner-container is-layout-constrained wp-block-group-is-layout-constrained\">\n<figure class=\"wp-block-video\"><video height=\"1080\" style=\"aspect-ratio: 1920 \/ 1080;\" width=\"1920\" controls preload=\"none\" src=\"https:\/\/www.besterpcba.com\/wp-content\/uploads\/2023\/06\/dry-cabinet.mp4\"><\/video><\/figure>\n\n\n<h3 class=\"wp-block-heading\" id=\"dry-cabinet\">Armario seco<\/h3><\/div><\/div>\n\n\n\n<div class=\"wp-block-group\"><div class=\"wp-block-group__inner-container is-layout-constrained wp-block-group-is-layout-constrained\">\n<figure class=\"wp-block-video\"><video height=\"1080\" style=\"aspect-ratio: 1920 \/ 1080;\" width=\"1920\" controls preload=\"none\" src=\"https:\/\/www.besterpcba.com\/wp-content\/uploads\/2023\/06\/smt-workshop.mp4\"><\/video><\/figure>\n\n\n<h3 class=\"wp-block-heading\" id=\"smt-workshop\">Taller SMT<\/h3><\/div><\/div>\n\n\n\n<div class=\"wp-block-group\"><div class=\"wp-block-group__inner-container is-layout-constrained wp-block-group-is-layout-constrained\">\n<figure class=\"wp-block-video\"><video height=\"1080\" style=\"aspect-ratio: 1920 \/ 1080;\" width=\"1920\" controls preload=\"none\" src=\"https:\/\/www.besterpcba.com\/wp-content\/uploads\/2023\/06\/gd450-paste-printer.mp4\"><\/video><\/figure>\n\n\n<h3 class=\"wp-block-heading\" id=\"gd-450-paste-printer\">Impresora de pasta GD 450<\/h3><\/div><\/div>\n\n\n\n<div class=\"wp-block-group\"><div class=\"wp-block-group__inner-container is-layout-constrained wp-block-group-is-layout-constrained\">\n<figure class=\"wp-block-video\"><video height=\"1080\" style=\"aspect-ratio: 1920 \/ 1080;\" width=\"1920\" controls preload=\"none\" src=\"https:\/\/www.besterpcba.com\/wp-content\/uploads\/2023\/06\/stencil-tension-measurement.mp4\"><\/video><\/figure>\n\n\n<h3 class=\"wp-block-heading\" id=\"stencil-tension-measurement\">Medici\u00f3n de la tensi\u00f3n del est\u00e9ncil<\/h3><\/div><\/div>\n\n\n\n<div class=\"wp-block-group\"><div class=\"wp-block-group__inner-container is-layout-constrained wp-block-group-is-layout-constrained\">\n<figure class=\"wp-block-video\"><video height=\"1080\" style=\"aspect-ratio: 1920 \/ 1080;\" width=\"1920\" controls src=\"https:\/\/www.besterpcba.com\/wp-content\/uploads\/2023\/06\/automatic-solder-paste-printer.mp4\"><\/video><\/figure>\n\n\n<h3 class=\"wp-block-heading\" id=\"automatic-solder-paste-printing\">Impresi\u00f3n autom\u00e1tica de pasta de soldadura<\/h3><\/div><\/div>\n\n\n\n<div class=\"wp-block-group\"><div class=\"wp-block-group__inner-container is-layout-constrained wp-block-group-is-layout-constrained\">\n<figure class=\"wp-block-video\"><video height=\"1080\" style=\"aspect-ratio: 1920 \/ 1080;\" width=\"1920\" controls src=\"https:\/\/www.besterpcba.com\/wp-content\/uploads\/2023\/06\/smt.mp4\"><\/video><\/figure>\n\n\n<h3 class=\"wp-block-heading\" id=\"smt\">SMT<\/h3><\/div><\/div>\n\n\n\n<div class=\"wp-block-group\"><div class=\"wp-block-group__inner-container is-layout-constrained wp-block-group-is-layout-constrained\">\n<figure class=\"wp-block-video\"><video height=\"1080\" style=\"aspect-ratio: 1920 \/ 1080;\" width=\"1920\" controls src=\"https:\/\/www.besterpcba.com\/wp-content\/uploads\/2023\/06\/reflow.mp4\"><\/video><\/figure>\n\n\n<h3 class=\"wp-block-heading\" id=\"reflow\">Reflujo<\/h3><\/div><\/div>\n\n\n\n<div class=\"wp-block-group\"><div class=\"wp-block-group__inner-container is-layout-constrained wp-block-group-is-layout-constrained\">\n<figure class=\"wp-block-video\"><video height=\"1080\" style=\"aspect-ratio: 1920 \/ 1080;\" width=\"1920\" controls src=\"https:\/\/www.besterpcba.com\/wp-content\/uploads\/2023\/06\/reflow-end.mp4\"><\/video><\/figure>\n\n\n<h3 class=\"wp-block-heading\" id=\"reflow\">Reflujo<\/h3><\/div><\/div>\n\n\n\n<div class=\"wp-block-group\"><div class=\"wp-block-group__inner-container is-layout-constrained wp-block-group-is-layout-constrained\">\n<figure class=\"wp-block-video\"><video height=\"1080\" style=\"aspect-ratio: 1920 \/ 1080;\" width=\"1920\" controls preload=\"none\" src=\"https:\/\/www.besterpcba.com\/wp-content\/uploads\/2023\/06\/AOI.mp4\"><\/video><\/figure>\n\n\n<h3 class=\"wp-block-heading\" id=\"aoi\">AOI<\/h3><\/div><\/div>\n\n\n\n<div class=\"wp-block-group\"><div class=\"wp-block-group__inner-container is-layout-constrained wp-block-group-is-layout-constrained\">\n<figure class=\"wp-block-video\"><video height=\"1080\" style=\"aspect-ratio: 1920 \/ 1080;\" width=\"1920\" controls preload=\"none\" src=\"https:\/\/www.besterpcba.com\/wp-content\/uploads\/2023\/06\/ok-board-unloader.mp4\"><\/video><\/figure>\n\n\n<h3 class=\"wp-block-heading\" id=\"ok-board-unloader\">Descargador de placas OK<\/h3><\/div><\/div>\n\n\n\n<div class=\"wp-block-group\"><div class=\"wp-block-group__inner-container is-layout-constrained wp-block-group-is-layout-constrained\">\n<figure class=\"wp-block-video\"><video height=\"1080\" style=\"aspect-ratio: 1920 \/ 1080;\" width=\"1920\" controls preload=\"none\" src=\"https:\/\/www.besterpcba.com\/wp-content\/uploads\/2023\/06\/ng-board-unloader.mp4\"><\/video><\/figure>\n\n\n<h3 class=\"wp-block-heading\" id=\"ng-board-unloader\">Descargador de placas NG<\/h3><\/div><\/div>\n\n\n\n<div class=\"wp-block-group\"><div class=\"wp-block-group__inner-container is-layout-constrained wp-block-group-is-layout-constrained\">\n<figure class=\"wp-block-video\"><video height=\"1080\" style=\"aspect-ratio: 1920 \/ 1080;\" width=\"1920\" controls preload=\"none\" src=\"https:\/\/www.besterpcba.com\/wp-content\/uploads\/2023\/06\/first-article-inspection.mp4\"><\/video><\/figure>\n\n\n<h3 class=\"wp-block-heading\" id=\"fai\">FAI<\/h3><\/div><\/div>\n\n\n\n<div class=\"wp-block-group\"><div class=\"wp-block-group__inner-container is-layout-constrained wp-block-group-is-layout-constrained\">\n<figure class=\"wp-block-video\"><video height=\"1080\" style=\"aspect-ratio: 1920 \/ 1080;\" width=\"1920\" controls preload=\"none\" src=\"https:\/\/www.besterpcba.com\/wp-content\/uploads\/2023\/06\/dip-workshop.mp4\"><\/video><\/figure>\n\n\n<h3 class=\"wp-block-heading\" id=\"dip-workshop\">Taller DIP<\/h3><\/div><\/div>\n\n\n\n<div class=\"wp-block-group\"><div class=\"wp-block-group__inner-container is-layout-constrained wp-block-group-is-layout-constrained\">\n<figure class=\"wp-block-video\"><video height=\"1080\" style=\"aspect-ratio: 1920 \/ 1080;\" width=\"1920\" controls preload=\"none\" src=\"https:\/\/www.besterpcba.com\/wp-content\/uploads\/2023\/06\/dip-workshop2.mp4\"><\/video><\/figure>\n\n\n<h3 class=\"wp-block-heading\" id=\"dip-workshop\">Taller DIP<\/h3><\/div><\/div>\n\n\n\n<div class=\"wp-block-group\"><div class=\"wp-block-group__inner-container is-layout-constrained wp-block-group-is-layout-constrained\">\n<figure class=\"wp-block-video\"><video height=\"1080\" style=\"aspect-ratio: 1920 \/ 1080;\" width=\"1920\" controls preload=\"none\" src=\"https:\/\/www.besterpcba.com\/wp-content\/uploads\/2023\/06\/robotic-soldering.mp4\"><\/video><\/figure>\n\n\n<h3 class=\"wp-block-heading\" id=\"robotic-soldering\">Soldadura robotizada<\/h3><\/div><\/div>\n\n\n\n<div class=\"wp-block-group\"><div class=\"wp-block-group__inner-container is-layout-constrained wp-block-group-is-layout-constrained\">\n<figure class=\"wp-block-video\"><video height=\"1080\" style=\"aspect-ratio: 1920 \/ 1080;\" width=\"1920\" controls preload=\"none\" src=\"https:\/\/www.besterpcba.com\/wp-content\/uploads\/2023\/06\/automated-conformal-coating.mp4\"><\/video><\/figure>\n\n\n<h3 class=\"wp-block-heading\" id=\"automated-conformal-coating\">Recubrimiento conforme automatizado<\/h3><\/div><\/div>\n<\/div><\/div>\n<\/div><\/div>\n\n\n<h2 class=\"wp-block-heading has-text-align-center factory-sector-heading\" id=\"more-reasons-to-choose-bester-tech\">M\u00e1s razones para elegir Bester Tech<\/h2>\n\n\n<div class=\"wp-block-cover is-light bs_hp_site_width_cover bs_hp_value bs_video\"><span aria-hidden=\"true\" class=\"wp-block-cover__background has-background-dim-0 has-background-dim\"><\/span><div class=\"wp-block-cover__inner-container is-layout-flow wp-block-cover-is-layout-flow\">\n<div class=\"wp-block-group bs_hp_site_width_cover_img\"><div class=\"wp-block-group__inner-container is-layout-constrained wp-block-group-is-layout-constrained\">\n<figure class=\"wp-block-image size-large\"><img loading=\"lazy\" decoding=\"async\" width=\"1024\" height=\"683\" src=\"https:\/\/www.besterpcba.com\/wp-content\/uploads\/2021\/09\/XP6A1125-1024x683.jpg\" alt=\"\" class=\"wp-image-2828\" srcset=\"https:\/\/www.besterpcba.com\/wp-content\/uploads\/2021\/09\/XP6A1125-1024x683.jpg 1024w, https:\/\/www.besterpcba.com\/wp-content\/uploads\/2021\/09\/XP6A1125-300x200.jpg 300w, https:\/\/www.besterpcba.com\/wp-content\/uploads\/2021\/09\/XP6A1125-768x512.jpg 768w, https:\/\/www.besterpcba.com\/wp-content\/uploads\/2021\/09\/XP6A1125-1600x1067.jpg 1600w, https:\/\/www.besterpcba.com\/wp-content\/uploads\/2021\/09\/XP6A1125-1536x1024.jpg 1536w, https:\/\/www.besterpcba.com\/wp-content\/uploads\/2021\/09\/XP6A1125.jpg 1920w\" sizes=\"auto, (max-width: 1024px) 100vw, 1024px\" \/><\/figure>\n<\/div><\/div>\n\n\n\n<div class=\"wp-block-group bs_hp_site_width_cover_txt\"><div class=\"wp-block-group__inner-container is-layout-constrained wp-block-group-is-layout-constrained\"><h3 class=\"wp-block-heading\" id=\"components\">Componentes<\/h3>\n\n<h2 class=\"wp-block-heading\" id=\"at-bester-we-have-full-stocking-of-components-for-quick-delievery\">EN BESTER, DISPONEMOS DE UN STOCK COMPLETO DE COMPONENTES PARA UNA ENTREGA R\u00c1PIDA<\/h2>\n\n\n<p>A lo largo de los a\u00f1os, hemos establecido relaciones estables y s\u00f3lidas con proveedores de componentes de primera calidad, tanto nacionales como extranjeros. Disponemos de un amplio stock de componentes comunes y ampliamente utilizados para una entrega r\u00e1pida para sus proyectos de pruebas. <\/p>\n<\/div><\/div>\n<\/div><\/div>\n\n\n\n<div class=\"wp-block-cover is-light bs_hp_site_width_cover bs_hp_value bs_hp_cover_reverse bs_video\"><span aria-hidden=\"true\" class=\"wp-block-cover__background has-background-dim-0 has-background-dim\"><\/span><div class=\"wp-block-cover__inner-container is-layout-flow wp-block-cover-is-layout-flow\">\n<div class=\"wp-block-group bs_hp_site_width_cover_img\"><div class=\"wp-block-group__inner-container is-layout-constrained wp-block-group-is-layout-constrained\">\n<figure class=\"wp-block-image size-large\"><img loading=\"lazy\" decoding=\"async\" width=\"1024\" height=\"683\" src=\"https:\/\/www.besterpcba.com\/wp-content\/uploads\/2021\/09\/XP6A4577-1024x683.jpg\" alt=\"\" class=\"wp-image-2889\" srcset=\"https:\/\/www.besterpcba.com\/wp-content\/uploads\/2021\/09\/XP6A4577-1024x683.jpg 1024w, https:\/\/www.besterpcba.com\/wp-content\/uploads\/2021\/09\/XP6A4577-300x200.jpg 300w, https:\/\/www.besterpcba.com\/wp-content\/uploads\/2021\/09\/XP6A4577-768x512.jpg 768w, https:\/\/www.besterpcba.com\/wp-content\/uploads\/2021\/09\/XP6A4577-1600x1067.jpg 1600w, https:\/\/www.besterpcba.com\/wp-content\/uploads\/2021\/09\/XP6A4577-1536x1024.jpg 1536w, https:\/\/www.besterpcba.com\/wp-content\/uploads\/2021\/09\/XP6A4577.jpg 1920w\" sizes=\"auto, (max-width: 1024px) 100vw, 1024px\" \/><\/figure>\n<\/div><\/div>\n\n\n\n<div class=\"wp-block-group bs_hp_site_width_cover_txt\"><div class=\"wp-block-group__inner-container is-layout-constrained wp-block-group-is-layout-constrained\"><h3 class=\"wp-block-heading\" id=\"quality\">Calidad<\/h3>\n\n<h2 class=\"wp-block-heading\" id=\"at-bester-we-check-and-test-every-board-before-delivery\">EN BESTER, COMPROBAMOS Y PROBAMOS CADA PLACA ANTES DE SU ENTREGA<\/h2>\n\n\n<p>Nos esforzamos por entregar a los clientes s\u00f3lo productos de la mejor calidad porque los productos hablar\u00e1n por s\u00ed mismos. En Bester, proporcionamos el proceso de inspecci\u00f3n habitual junto con pruebas funcionales para obtener los m\u00e1ximos buenos resultados.<\/p>\n<\/div><\/div>\n<\/div><\/div>\n\n\n\n<div class=\"wp-block-cover is-light bs_hp_site_width_cover bs_hp_value bs_video\"><span aria-hidden=\"true\" class=\"wp-block-cover__background has-background-dim-0 has-background-dim\"><\/span><div class=\"wp-block-cover__inner-container is-layout-flow wp-block-cover-is-layout-flow\">\n<div class=\"wp-block-group bs_hp_site_width_cover_img\"><div class=\"wp-block-group__inner-container is-layout-constrained wp-block-group-is-layout-constrained\">\n<figure class=\"wp-block-image size-large\"><img loading=\"lazy\" decoding=\"async\" width=\"1024\" height=\"683\" src=\"https:\/\/www.besterpcba.com\/wp-content\/uploads\/2021\/09\/XP6A4577-1024x683.jpg\" alt=\"\" class=\"wp-image-2889\" srcset=\"https:\/\/www.besterpcba.com\/wp-content\/uploads\/2021\/09\/XP6A4577-1024x683.jpg 1024w, https:\/\/www.besterpcba.com\/wp-content\/uploads\/2021\/09\/XP6A4577-300x200.jpg 300w, https:\/\/www.besterpcba.com\/wp-content\/uploads\/2021\/09\/XP6A4577-768x512.jpg 768w, https:\/\/www.besterpcba.com\/wp-content\/uploads\/2021\/09\/XP6A4577-1600x1067.jpg 1600w, https:\/\/www.besterpcba.com\/wp-content\/uploads\/2021\/09\/XP6A4577-1536x1024.jpg 1536w, https:\/\/www.besterpcba.com\/wp-content\/uploads\/2021\/09\/XP6A4577.jpg 1920w\" sizes=\"auto, (max-width: 1024px) 100vw, 1024px\" \/><\/figure>\n<\/div><\/div>\n\n\n\n<div class=\"wp-block-group bs_hp_site_width_cover_txt\"><div class=\"wp-block-group__inner-container is-layout-constrained wp-block-group-is-layout-constrained\"><h3 class=\"wp-block-heading\" id=\"consistency\">Coherencia<\/h3>\n\n<h2 class=\"wp-block-heading\" id=\"at-bester-we-work-with-quality-and-consistency-as-first-priority\">EN BESTER, TRABAJAMOS CON LA CALIDAD Y LA COHERENCIA COMO PRIMERA PRIORIDAD<\/h2>\n\n\n<p>La clave es la constancia en nuestros productos y servicios de alta calidad. <\/p>\n\n\n\n<p>Todo el mundo puede ofrecer buenos productos y servicios en alg\u00fan momento, pero en Bester nos esforzamos por ofrecer la mejor calidad en todo momento, tanto en nuestros productos como en nuestros servicios.<\/p>\n\n\n\n<p>La calidad de los pedidos masivos es tan buena como la de sus pruebas de muestra, s\u00f3lo que mejor.<\/p>\n<\/div><\/div>\n<\/div><\/div>\n\n\n\n<div class=\"wp-block-cover alignfull is-light base_footer\"><span aria-hidden=\"true\" class=\"wp-block-cover__background has-background-dim-0 has-background-dim\"><\/span><img loading=\"lazy\" decoding=\"async\" width=\"3226\" height=\"1400\" class=\"wp-block-cover__image-background wp-image-5726\" alt=\"5d10fb377791dacec4062c61 Bg Mid\" src=\"https:\/\/www.besterpcba.com\/wp-content\/uploads\/2023\/06\/5d10fb377791dacec4062c61_bg-mid.png\" data-object-fit=\"cover\" srcset=\"https:\/\/www.besterpcba.com\/wp-content\/uploads\/2023\/06\/5d10fb377791dacec4062c61_bg-mid.png 3226w, https:\/\/www.besterpcba.com\/wp-content\/uploads\/2023\/06\/5d10fb377791dacec4062c61_bg-mid-300x130.png 300w, https:\/\/www.besterpcba.com\/wp-content\/uploads\/2023\/06\/5d10fb377791dacec4062c61_bg-mid-1024x444.png 1024w, https:\/\/www.besterpcba.com\/wp-content\/uploads\/2023\/06\/5d10fb377791dacec4062c61_bg-mid-768x333.png 768w, https:\/\/www.besterpcba.com\/wp-content\/uploads\/2023\/06\/5d10fb377791dacec4062c61_bg-mid-1600x694.png 1600w, https:\/\/www.besterpcba.com\/wp-content\/uploads\/2023\/06\/5d10fb377791dacec4062c61_bg-mid-1536x667.png 1536w, https:\/\/www.besterpcba.com\/wp-content\/uploads\/2023\/06\/5d10fb377791dacec4062c61_bg-mid-2048x889.png 2048w\" sizes=\"auto, (max-width: 3226px) 100vw, 3226px\" \/><div class=\"wp-block-cover__inner-container is-layout-flow wp-block-cover-is-layout-flow\">\n<p class=\"has-text-align-center has-large-font-size\">\u00bfPreparado para iniciar sus proyectos de montaje de placas de circuito impreso?<\/p>\n\n\n\n<div class='base_cover_button_wrapper'><p class=\"base_cover_button\"><a href=\"https:\/\/www.besterpcba.com\/es\/pongase-en-contacto-con\/\" data-type=\"page\" data-id=\"1358\">Contacte con nosotros<\/a><\/p><\/div>\n<\/div><\/div>","protected":false},"excerpt":{"rendered":"<p>Fabricante integral de PCBA<\/p>\n<p>Visita a la f\u00e1brica<\/p>\n<p>Le invitamos a visitar directamente nuestra f\u00e1brica en Shenzhen o puede ver v\u00eddeos para conocer mejor Bester Tech.<\/p>","protected":false},"author":1,"featured_media":0,"parent":0,"menu_order":0,"comment_status":"closed","ping_status":"closed","template":"","meta":{"article_term":"","article_term_alternate":"","article_term_def":"","article_hook":"","auto_links":"","article_topic":"","article_fact_check":"","mt_social_share":"","mt_content_meta":"","mt_glossary_display":"","glossary_heading":"","glossary":"","glossary_alter":"","glossary_def":"","article_task":"","footnotes":""},"class_list":["post-3316","page","type-page","status-publish"],"_links":{"self":[{"href":"https:\/\/www.besterpcba.com\/es\/wp-json\/wp\/v2\/pages\/3316","targetHints":{"allow":["GET"]}}],"collection":[{"href":"https:\/\/www.besterpcba.com\/es\/wp-json\/wp\/v2\/pages"}],"about":[{"href":"https:\/\/www.besterpcba.com\/es\/wp-json\/wp\/v2\/types\/page"}],"author":[{"embeddable":true,"href":"https:\/\/www.besterpcba.com\/es\/wp-json\/wp\/v2\/users\/1"}],"replies":[{"embeddable":true,"href":"https:\/\/www.besterpcba.com\/es\/wp-json\/wp\/v2\/comments?post=3316"}],"version-history":[{"count":30,"href":"https:\/\/www.besterpcba.com\/es\/wp-json\/wp\/v2\/pages\/3316\/revisions"}],"predecessor-version":[{"id":7097,"href":"https:\/\/www.besterpcba.com\/es\/wp-json\/wp\/v2\/pages\/3316\/revisions\/7097"}],"wp:attachment":[{"href":"https:\/\/www.besterpcba.com\/es\/wp-json\/wp\/v2\/media?parent=3316"}],"curies":[{"name":"wp","href":"https:\/\/api.w.org\/{rel}","templated":true}]}}