{"id":4328,"date":"2021-10-22T03:17:05","date_gmt":"2021-10-22T03:17:05","guid":{"rendered":"https:\/\/besterpcba.com\/?page_id=4328"},"modified":"2023-07-25T07:17:37","modified_gmt":"2023-07-25T07:17:37","slug":"capabilities","status":"publish","type":"page","link":"https:\/\/www.besterpcba.com\/es\/capacidades\/","title":{"rendered":"Capacidades"},"content":{"rendered":"<div class=\"wp-block-cover alignfull base_cover base_cover_overlay_grad\"><span aria-hidden=\"true\" class=\"wp-block-cover__background has-background-dim-0 has-background-dim\"><\/span><img decoding=\"async\" loading=\"lazy\" width=\"1920\" height=\"1280\" class=\"wp-block-cover__image-background wp-image-2889\" alt=\"\" src=\"https:\/\/www.besterpcba.com\/wp-content\/uploads\/2021\/09\/XP6A4577.jpg\" data-object-fit=\"cover\" srcset=\"https:\/\/www.besterpcba.com\/wp-content\/uploads\/2021\/09\/XP6A4577.jpg 1920w, https:\/\/www.besterpcba.com\/wp-content\/uploads\/2021\/09\/XP6A4577-300x200.jpg 300w, https:\/\/www.besterpcba.com\/wp-content\/uploads\/2021\/09\/XP6A4577-1024x683.jpg 1024w, https:\/\/www.besterpcba.com\/wp-content\/uploads\/2021\/09\/XP6A4577-768x512.jpg 768w, https:\/\/www.besterpcba.com\/wp-content\/uploads\/2021\/09\/XP6A4577-1600x1067.jpg 1600w, https:\/\/www.besterpcba.com\/wp-content\/uploads\/2021\/09\/XP6A4577-1536x1024.jpg 1536w\" sizes=\"(max-width: 1920px) 100vw, 1920px\" \/><div class=\"wp-block-cover__inner-container\">\n<div class=\"wp-block-group is-layout-constrained\"><div class=\"wp-block-group__inner-container\"><div class=\"breadcrumbs\" typeof=\"BreadcrumbList\" vocab=\"https:\/\/schema.org\/\"><span property=\"itemListElement\" typeof=\"ListItem\"><a property=\"item\" typeof=\"WebPage\" title=\"Ir a One Stop PCBA Manufacturer.\" href=\"https:\/\/www.besterpcba.com\/es\" class=\"home\" aria-current=\"page\"><span property=\"name\">Fabricante integral de PCBA<\/span><\/a><meta property=\"position\" content=\"1\"><\/span><\/div>\n\n<h1 class=\"wp-block-heading\" id=\"pcb-capabilities\">Capacidades de PCB<\/h1>\n\n\n<p class=\"has-text-align-left has-large-font-size\">Bester Tech PCB&amp;PCBA Capacidades<\/p>\n\n\n\n<div class='base_cover_button_wrapper'><p class=\"base_header_button\"><a href=\"https:\/\/www.besterpcba.com\/es\/pongase-en-contacto-con\/\" data-type=\"page\" data-id=\"1358\">Obtener presupuesto gratuito<\/a><\/p><\/div>\n<\/div><\/div>\n<\/div><\/div>\n\n\n\n<div class=\"wp-block-group faq is-layout-flow\"><div class=\"wp-block-group__inner-container\"><h2 class=\"wp-block-heading\" id=\"pcb-fabrication-capabilities\"> Capacidad de fabricaci\u00f3n de PCB <\/h2>\n\n\n<div class=\"tabs\">\n   <div class=\"tab\">\n      <input type=\"checkbox\" id=\"chck1\">\n      <label class=\"tab-label\" for=\"chck1\">PROTOTIPO DE PCB<\/label>\n      <div class=\"tab-content\">\n         <figure class=\"wp-block-table product-spec-table\"><table><thead><tr><th>Caracter\u00edstica<\/th><th>Capacidades<\/th><\/tr><\/thead><tbody><tr><th>Grado de calidad<\/th><td>Norma IPC 1<\/td><\/tr><tr><th>N\u00famero de capas<\/th><td>1 - 8 capas<\/td><\/tr><tr><th>Cantidad del pedido<\/th><td>5 - 100 unidades<\/td><\/tr><tr><th>Tiempo de construcci\u00f3n<\/th><td>2 - 7 d\u00edas<\/td><\/tr><tr><th>Material<\/th><td>FR-4 Est\u00e1ndar Tg 140\u00b0C<\/td><\/tr><tr><th>Tama\u00f1o del tablero<\/th><td>M\u00ednimo 6mm x 6mm<br>M\u00e1x. 500 mm x 500 mm<\/td><\/tr><tr><th>Grosor del tablero<\/th><td>0,4 mm - 2,0 mm<\/td><\/tr><tr><th>Peso del cobre<\/th><td>1,0 oz - 2,0 oz<\/td><\/tr><tr><th>Rastreo\/espaciado m\u00ednimo<\/th><td>5mil\/6mil (peso del cobre: 1oz)<br>8mil\/8mil (peso del cobre: 2oz)<\/td><\/tr><tr><th>Lados de la m\u00e1scara de soldadura<\/th><td>Seg\u00fan el expediente<\/td><\/tr><tr><th>Color de la m\u00e1scara de soldadura<\/th><td>Verde, Blanco, Azul, Negro, Rojo, Amarillo<\/td><\/tr><tr><th><strong>Lados serigrafiados<\/strong><\/th><td>Seg\u00fan el expediente<\/td><\/tr><tr><th><strong>Serigraf\u00eda Color<\/strong><\/th><td>Blanco, Negro<\/td><\/tr><tr><th>Acabado superficial<\/th><td>HASL sin plomo - RoHS<br>HASL - Nivelaci\u00f3n de soldadura por aire caliente<br>ENIG - N\u00edquel qu\u00edmico\/Oro por inmersi\u00f3n - RoHS<\/td><\/tr><tr><th>Anillo anular m\u00edn.<\/th><td>5 millones<\/td><\/tr><tr><th>Di\u00e1metro m\u00ednimo del orificio de perforaci\u00f3n<\/th><td>8 millones<\/td><\/tr><tr><th>Anchura m\u00ednima del corte (NPTH)<\/th><td>0,8 mm<\/td><\/tr><tr><th>Anchura m\u00ednima de la ranura (PTH)<\/th><td>0,6 mm<\/td><\/tr><tr><th>Superficie\/agujero Espesor de revestimiento<\/th><td>20\u03bcm - 30\u03bcm<\/td><\/tr><tr><th>Relaci\u00f3n de aspecto<\/th><td>10:1 (grosor del tablero: tama\u00f1o del agujero)<\/td><\/tr><tr><th>Prueba<\/th><td>10V - 250V, sonda volante o banco de pruebas<\/td><\/tr><\/tbody><\/table><\/figure>\n      <\/div>\n   <\/div>\n   <div class=\"tab\">\n      <input type=\"checkbox\" id=\"chck2\">\n      <label class=\"tab-label\" for=\"chck2\">PCB R\u00cdGIDO<\/label>\n      <div class=\"tab-content\">\n         <figure class=\"wp-block-table product-spec-table\"><table><thead><tr><th>Caracter\u00edstica<\/th><th>Capacidades<\/th><\/tr><\/thead><tbody><tr><th>Grado de calidad<\/th><td>Est\u00e1ndar IPC 2<\/td><\/tr><tr><th>N\u00famero de capas<\/th><td>1 - 32 capas<\/td><\/tr><tr><th>Cantidad del pedido<\/th><td>1 unidad - 10.000.000 unidades<\/td><\/tr><tr><th>Tiempo de construcci\u00f3n<\/th><td>2d\u00edas - 5semanas<\/td><\/tr><tr><th>Material<\/th><td>FR-4 Tg est\u00e1ndar 150\u00b0C, FR4-Alta Tg 170\u00b0C, FR4-Alta Tg 180\u00b0C, FR4-Libre de hal\u00f3genos, FR4-Libre de hal\u00f3genos y Alta Tg<\/td><\/tr><tr><th>Tama\u00f1o del tablero<\/th><td>M\u00ednimo 6mm x 6mm<br>M\u00e1x. 600 mm x 700 mm<\/td><\/tr><tr><th>Grosor del tablero<\/th><td>0,4 mm - 3,2 mm<\/td><\/tr><tr><th>Peso del cobre<\/th><td>0,5 oz - 6,0 oz<\/td><\/tr><tr><th>Rastreo\/espaciado m\u00ednimo<\/th><td>3mil\/3mil<\/td><\/tr><tr><th>Lados de la m\u00e1scara de soldadura<\/th><td>Seg\u00fan el expediente<\/td><\/tr><tr><th>Color de la m\u00e1scara de soldadura<\/th><td>Verde, Blanco, Azul, Negro, Rojo, Amarillo<\/td><\/tr><tr><th><strong>Lados serigrafiados<\/strong><\/th><td>Seg\u00fan el expediente<\/td><\/tr><tr><th>Acabado superficial<\/th><td>HASL - Nivelaci\u00f3n de soldadura por aire caliente<br>HASL sin plomo - RoHS<br>ENIG - N\u00edquel qu\u00edmico\/Oro por inmersi\u00f3n - RoHS<br>ENEPIG - N\u00edquel Qu\u00edmico Paladio Qu\u00edmico Inmersi\u00f3n Oro - RoHS<br>Plata de inmersi\u00f3n - RoHS<br>Esta\u00f1o de inmersi\u00f3n - RoHS<br>OSP -Organic Solderability Preservatives - RoHS<\/td><\/tr><tr><th>Anillo anular m\u00edn.<\/th><td>3 millones<\/td><\/tr><tr><th>Di\u00e1metro m\u00ednimo del orificio de perforaci\u00f3n<\/th><td>6mil, 4mil-taladro l\u00e1ser<\/td><\/tr><tr><th>Anchura m\u00ednima del corte (NPTH)<\/th><td>0,8 mm<\/td><\/tr><tr><th>Anchura m\u00ednima de la ranura (PTH)<\/th><td>0,6 mm<\/td><\/tr><tr><th>Superficie\/agujero Espesor de revestimiento<\/th><td>20\u03bcm - 30\u03bcm<\/td><\/tr><tr><th>Relaci\u00f3n de aspecto<\/th><td>1:10 (tama\u00f1o del orificio: grosor del tablero)<\/td><\/tr><tr><th>Prueba<\/th><td>10V - 250V, sonda volante o banco de pruebas<\/td><\/tr><tr><th>Tolerancia de impedancia<\/th><td>\u00b15% - \u00b110%<\/td><\/tr><tr><th>Paso SMD<\/th><td>0,2 mm (8 mil\u00edmetros)<\/td><\/tr><tr><th>Paso BGA<\/th><td>0,2 mm (8 mil\u00edmetros)<\/td><\/tr><tr><th>Chafl\u00e1n de los dedos de oro<\/th><td>20, 30, 45, 60<\/td><\/tr><tr><th>Otras t\u00e9cnicas<\/th><td>Dedos de oro<br>Agujeros ciegos y enterrados<br>m\u00e1scara de soldadura pelable<br>Revestimiento de cantos<br>M\u00e1scara de carbono<br>Cinta Kapton<br>Avellanado\/taladro de avellanado<br>Agujero semicortado\/castelado<br>Agujero a presi\u00f3n<br>V\u00eda entoldada\/cubierta de resina<br>V\u00eda taponada\/rellena de resina<br>Via in pad<br>Prueba el\u00e9ctrica<\/td><\/tr><\/tbody><\/table><\/figure>\n      <\/div>\n   <\/div>\n   <div class=\"tab\">\n      <input type=\"checkbox\" id=\"chck3\">\n      <label class=\"tab-label\" for=\"chck3\">PLACA DE CIRCUITO IMPRESO FLEXIBLE<\/label>\n      <div class=\"tab-content\">\n         <figure class=\"wp-block-table product-spec-table\"><table><thead><tr><th>Caracter\u00edstica<\/th><th>Capacidades<\/th><\/tr><\/thead><tbody><tr><th>Grado de calidad<\/th><td>Est\u00e1ndar IPC 2<\/td><\/tr><tr><th>N\u00famero de capas<\/th><td>1 - 8 capas<\/td><\/tr><tr><th>Cantidad del pedido<\/th><td>1ud - 10000+ud<\/td><\/tr><tr><th>Tiempo de construcci\u00f3n<\/th><td>2d\u00edas - 5semanas<\/td><\/tr><tr><th>Material<\/th><td>DuPont PI, Domestic Shengyi PI<\/td><\/tr><tr><th>Tama\u00f1o del tablero<\/th><td>M\u00ednimo 6mm x 6mm<br>M\u00e1x. 406 mm x 610 mm<\/td><\/tr><tr><th>Grosor del tablero<\/th><td>0,1 mm - 0,8 mm<\/td><\/tr><tr><th>Peso del cobre (acabado)<\/th><td>0,5 oz - 2,0 oz<\/td><\/tr><tr><th>Rastreo\/espaciado m\u00ednimo<\/th><td>3mil\/3mil<\/td><\/tr><tr><th>Lados de la m\u00e1scara de soldadura<\/th><td>Seg\u00fan el expediente<\/td><\/tr><tr><th>Color de la m\u00e1scara de soldadura<\/th><td>Verde, Blanco, Azul, Negro, Rojo, Amarillo<\/td><\/tr><tr><th>Recubrimiento antisoldadura-Aceite antisoldadura<\/th><td>Verde, Blanco, Azul, Negro, Rojo, Amarillo<\/td><\/tr><tr><th>Recubrimiento anti-soldadura-Coverlay<\/th><td>PI y pel\u00edcula PET<\/td><\/tr><tr><th><strong>Lados serigrafiados<\/strong><\/th><td>Seg\u00fan el expediente<\/td><\/tr><tr><th>Serigraf\u00eda Color<\/th><td>Blanco, Negro, Amarillo<\/td><\/tr><tr><th>Acabado superficial<\/th><td>HASL - Nivelaci\u00f3n de soldadura por aire caliente<br>HASL sin plomo - RoHS<br>ENIG - RoHS<br>Esta\u00f1o de inmersi\u00f3n - RoHS<br>OSP - RoHS<\/td><\/tr><tr><th>Anillo anular m\u00edn.<\/th><td>4 millones<\/td><\/tr><tr><th>Di\u00e1metro m\u00ednimo del orificio de perforaci\u00f3n<\/th><td>8 millones<\/td><\/tr><tr><th>Tama\u00f1o m\u00edn. de perforaci\u00f3n (PTH)<\/th><td>0,2 millones<\/td><\/tr><tr><th>Tama\u00f1o m\u00edn. del orificio-Punzonado (NPTH)<\/th><td>0,5 millones<\/td><\/tr><tr><th>Tolerancia de dimensi\u00f3n<\/th><td>\u00b10,05 mm<\/td><\/tr><tr><th>Otras t\u00e9cnicas<\/th><td>M\u00e1scara de soldadura pelable<br>Dedos de oro<br>Refuerzo (s\u00f3lo para sustrato PI\/FR4)<\/td><\/tr><\/tbody><\/table><\/figure>\n      <\/div>\n   <\/div>\n   <div class=\"tab\">\n      <input type=\"checkbox\" id=\"chck4\">\n      <label class=\"tab-label\" for=\"chck4\">RIGID-FLEX PCB<\/label>\n      <div class=\"tab-content\">\n         <figure class=\"wp-block-table product-spec-table\"><table><thead><tr><th>Caracter\u00edstica<\/th><th>Capacidades<\/th><\/tr><\/thead><tbody><tr><th>Grado de calidad<\/th><td>Est\u00e1ndar IPC 2<\/td><\/tr><tr><th>N\u00famero de capas<\/th><td>2 - 24 capas<\/td><\/tr><tr><th>Cantidad del pedido<\/th><td>1ud - 10000+ud<\/td><\/tr><tr><th>Tiempo de construcci\u00f3n<\/th><td>2d\u00edas - 5semanas<\/td><\/tr><tr><th>Material<\/th><td>DuPont (PI25UM), FR4<\/td><\/tr><tr><th>Tama\u00f1o del tablero<\/th><td>M\u00ednimo 6mm x 6mm<br>M\u00e1x. 457 mm x 610 mm<\/td><\/tr><tr><th>Grosor del tablero<\/th><td>0,6 mm - 5,0 mm<\/td><\/tr><tr><th>Peso del cobre (acabado)<\/th><td>0,5 oz - 2,0 oz<\/td><\/tr><tr><th>Rastreo\/espaciado m\u00ednimo<\/th><td>3mil\/3mil<\/td><\/tr><tr><th>Lados de la m\u00e1scara de soldadura<\/th><td>Seg\u00fan el expediente<\/td><\/tr><tr><th>Color de la m\u00e1scara de soldadura<\/th><td>Verde, Blanco, Azul, Negro, Rojo, Amarillo<\/td><\/tr><tr><th><strong>Lados serigrafiados<\/strong><\/th><td>Seg\u00fan el expediente<\/td><\/tr><tr><th>Serigraf\u00eda Color<\/th><td>Blanco, Negro, Amarillo<\/td><\/tr><tr><th>Acabado superficial<\/th><td>HASL - Nivelaci\u00f3n de soldadura por aire caliente<br>HASL sin plomo - RoHS<br>ENIG - RoHS<\/td><\/tr><tr><th>Anillo anular m\u00edn.<\/th><td>4 millones<\/td><\/tr><tr><th>Di\u00e1metro m\u00ednimo del orificio de perforaci\u00f3n<\/th><td>8 millones<\/td><\/tr><tr><th>Control de impedancia<\/th><td>\u00b110%<\/td><\/tr><tr><th>Otras t\u00e9cnicas<\/th><td>IDH<br>Dedos de oro<br>Refuerzo (s\u00f3lo para sustrato PI\/FR4)<\/td><\/tr><\/tbody><\/table><\/figure>\n      <\/div>\n   <\/div>\n   <div class=\"tab\">\n      <input type=\"checkbox\" id=\"chck5\">\n      <label class=\"tab-label\" for=\"chck5\">PLACA DE ALUMINIO<\/label>\n      <div class=\"tab-content\">\n         <figure class=\"wp-block-table product-spec-table\"><table><thead><tr><th>Caracter\u00edstica<\/th><th>Capacidades<\/th><\/tr><\/thead><tbody><tr><th>Grado de calidad<\/th><td>Est\u00e1ndar IPC 2<\/td><\/tr><tr><th>N\u00famero de capas<\/th><td>4 - 24 capas<\/td><\/tr><tr><th>Cantidad del pedido<\/th><td>1ud - 10000+ud<\/td><\/tr><tr><th>Tiempo de construcci\u00f3n<\/th><td>2d\u00edas - 5semanas<\/td><\/tr><tr><th>Material<\/th><td>N\u00facleo de aluminio (Domestic 1060), n\u00facleo de cobre, revestimiento FR4<\/td><\/tr><tr><th>Tama\u00f1o del tablero<\/th><td>M\u00ednimo 6mm x 6mm<br>M\u00e1x. 610 mm x 610 mm<\/td><\/tr><tr><th>Grosor del tablero<\/th><td>0,8 mm - 5,0 mm<\/td><\/tr><tr><th>Peso del cobre (acabado)<\/th><td>0,5 oz - 10,0 oz<\/td><\/tr><tr><th>Rastreo\/espaciado m\u00ednimo<\/th><td>4mil\/4mil<\/td><\/tr><tr><th>Lados de la m\u00e1scara de soldadura<\/th><td>Seg\u00fan el expediente<\/td><\/tr><tr><th>Color de la m\u00e1scara de soldadura<\/th><td>Verde, Blanco, Azul, Negro, Rojo, Amarillo<\/td><\/tr><tr><th><strong>Lados serigrafiados<\/strong><\/th><td>Seg\u00fan el expediente<\/td><\/tr><tr><th><strong>Serigraf\u00eda Color<\/strong><\/th><td>Blanco, Negro, Amarillo<\/td><\/tr><tr><th>Acabado superficial<\/th><td>HASL - Nivelaci\u00f3n de soldadura por aire caliente<br>HASL sin plomo - RoHS<br>ENIG - N\u00edquel qu\u00edmico\/Oro por inmersi\u00f3n - RoHS<\/td><\/tr><tr><th>Anillo anular m\u00edn.<\/th><td>4 millones<\/td><\/tr><tr><th>Di\u00e1metro m\u00ednimo del orificio de perforaci\u00f3n<\/th><td>6 millones<\/td><\/tr><tr><th>Otras t\u00e9cnicas<\/th><td>Agujeros avellanados<br>Orificios para tornillos<\/td><\/tr><\/tbody><\/table><\/figure>\n      <\/div>\n   <\/div>\n   <div class=\"tab\">\n      <input type=\"checkbox\" id=\"chck6\">\n      <label class=\"tab-label\" for=\"chck6\">IDH PCB<\/label>\n      <div class=\"tab-content\">\n         <figure class=\"wp-block-table product-spec-table\"><table><thead><tr><th>Caracter\u00edstica<\/th><th>Capacidades<\/th><\/tr><\/thead><tbody><tr><th>Grado de calidad<\/th><td>Est\u00e1ndar IPC 2<\/td><\/tr><tr><th>N\u00famero de capas<\/th><td>4 - 24 capas<\/td><\/tr><tr><th>Cantidad del pedido<\/th><td>1ud - 10000+ud<\/td><\/tr><tr><th>Tiempo de construcci\u00f3n<\/th><td>2d\u00edas - 5semanas<\/td><\/tr><tr><th>Material<\/th><td>FR4 est\u00e1ndar Tg 140\u00b0C,FR4 Alta Tg 170\u00b0C, FR4 y Rogers laminaci\u00f3n combinada<\/td><\/tr><tr><th>Tama\u00f1o del tablero<\/th><td>M\u00edn 6*6mm | M\u00e1x 457*610mm<\/td><\/tr><tr><th>Grosor del tablero<\/th><td>0,4 mm - 3,0 mm<\/td><\/tr><tr><th>Peso del cobre (acabado)<\/th><td>0,5 oz - 2,0 oz<\/td><\/tr><tr><th>Rastreo\/espaciado m\u00ednimo<\/th><td>2,5mil\/2,5mil<\/td><\/tr><tr><th>Lados de la m\u00e1scara de soldadura<\/th><td>Seg\u00fan el expediente<\/td><\/tr><tr><th>Color de la m\u00e1scara de soldadura<\/th><td>Verde, Blanco, Azul, Negro, Rojo, Amarillo<\/td><\/tr><tr><th>Lados serigrafiados<\/th><td>Seg\u00fan el expediente<\/td><\/tr><tr><th>Serigraf\u00eda Color<\/th><td>Blanco, Negro, Amarillo<\/td><\/tr><tr><th>Acabado superficial<\/th><td>HASL - Nivelaci\u00f3n de soldadura por aire caliente<br>HASL sin plomo - RoHS<br>ENIG - N\u00edquel qu\u00edmico\/Oro por inmersi\u00f3n - RoHS<br>Plata de inmersi\u00f3n - RoHS<br>Esta\u00f1o de inmersi\u00f3n - RoHS<br>OSP - Conservantes org\u00e1nicos de soldabilidad - RoHS<\/td><\/tr><tr><th>Anillo anular m\u00edn.<\/th><td>4mil, 3mil - taladro l\u00e1ser<\/td><\/tr><tr><th>Di\u00e1metro m\u00ednimo del orificio de perforaci\u00f3n<\/th><td>6mil, 4mil - taladro l\u00e1ser<\/td><\/tr><tr><th>Exponentes m\u00e1ximos de v\u00edas ciegas\/enterradas<\/th><td>v\u00edas apiladas para 3 capas interconectadas, v\u00edas escalonadas para 4 capas interconectadas<\/td><\/tr><tr><th>Otras t\u00e9cnicas<\/th><td>Combinaci\u00f3n r\u00edgido-flexible<br>V\u00eda In Pad<br>Condensador enterrado (s\u00f3lo para prototipo de placa de circuito impreso de superficie total \u22641m\u00b2)<\/td><\/tr><\/tbody><\/table><\/figure>\n      <\/div>\n   <\/div>\n   <div class=\"tab\">\n      <input type=\"checkbox\" id=\"chck7\">\n      <label class=\"tab-label\" for=\"chck7\">PCB DE ALTA FRECUENCIA<\/label>\n      <div class=\"tab-content\">\n         <figure class=\"wp-block-table product-spec-table\"><table><thead><tr><th>Caracter\u00edstica<\/th><th>Capacidades<\/th><\/tr><\/thead><tbody><tr><th>Grado de calidad<\/th><td>Est\u00e1ndar IPC 2<\/td><\/tr><tr><th>N\u00famero de capas<\/th><td>4 - 24 capas<\/td><\/tr><tr><th>Cantidad del pedido<\/th><td>1ud - 10000+ud<\/td><\/tr><tr><th>Tiempo de construcci\u00f3n<\/th><td>2d\u00edas - 5semanas<\/td><\/tr><tr><th>Material<\/th><td>RO4003C, RO4350B, Ro3003, Ro3010, RT5880<\/td><\/tr><tr><th>PP<\/th><td>Rogers 4450F, Domestic-(25FR), Domestic-(RF-27), Domestic-(6700)<\/td><\/tr><tr><th>Tama\u00f1o del tablero<\/th><td>M\u00ednimo 6mm x 6mm<br>M\u00e1x. 457 mm x 610 mm<\/td><\/tr><tr><th>Grosor del tablero<\/th><td>0,4 mm - 5,0 mm<\/td><\/tr><tr><th>Peso del cobre (acabado)<\/th><td>0,5 oz - 2,0 oz<\/td><\/tr><tr><th>Rastreo\/espaciado m\u00ednimo<\/th><td>3mil\/3mil<\/td><\/tr><tr><th>Lados de la m\u00e1scara de soldadura<\/th><td>Seg\u00fan el expediente<\/td><\/tr><tr><th>Color de la m\u00e1scara de soldadura<\/th><td>Verde, Blanco, Azul, Negro, Rojo, Amarillo<\/td><\/tr><tr><th><strong>Lados serigrafiados<\/strong><\/th><td>Seg\u00fan el expediente<\/td><\/tr><tr><th><strong>Serigraf\u00eda Color<\/strong><\/th><td>Blanco, Negro, Amarillo<\/td><\/tr><tr><th>Acabado superficial<\/th><td>N\u00edquel qu\u00edmico\/oro de inmersi\u00f3n (ENIG) - RoHS<br>Plata de inmersi\u00f3n - RoHS<br>Esta\u00f1o de inmersi\u00f3n - RoHS<br>Conservantes org\u00e1nicos de soldabilidad - RoHS<\/td><\/tr><tr><th>Anillo anular m\u00edn.<\/th><td>4 millones<\/td><\/tr><tr><th>Di\u00e1metro m\u00ednimo del orificio de perforaci\u00f3n<\/th><td>6 millones<\/td><\/tr><tr><th>Tolerancia de impedancia<\/th><td>\u00b110%<\/td><\/tr><tr><th>Otras t\u00e9cnicas<\/th><td>M\u00e1scara de soldadura pelable<br>Dedos de oro<br>Aceite de carbono<br>Agujeros avellanados<\/td><\/tr><\/tbody><\/table><\/figure>\n      <\/div>\n   <\/div>\n<\/div>\n<\/div><\/div>\n\n\n\n<div class=\"wp-block-group faq is-layout-flow\"><div class=\"wp-block-group__inner-container\"><h2 class=\"wp-block-heading\" id=\"pcb-assembly-capabilities\">Capacidades de montaje de PCB<\/h2>\n\n\n<div class=\"tabs\">\n   <div class=\"tab\">\n      <input type=\"checkbox\" id=\"chck8\">\n      <label class=\"tab-label\" for=\"chck8\">Fabricaci\u00f3n de PCB<\/label>\n      <div class=\"tab-content\">\n         <figure class=\"wp-block-table product-spec-table\"><table><thead><tr><th>Caracter\u00edstica<\/th><th>Capacidades<\/th><\/tr><\/thead><tbody><tr><th>Especificaciones de la placa de circuito<\/th><td>Tama\u00f1o m\u00e1ximo del panel: 19,7\u2033 x 31,5\u2033.<br>N\u00famero m\u00e1ximo de capas: 1-40<br>Espesor del cobre: de 0,5 oz a 5,0 oz<br>Anchura m\u00ednima de l\u00ednea: 3 mil<br>Espacio m\u00ednimo entre l\u00edneas: 3 mil<br>Agujero m\u00e1s peque\u00f1o: 0,006\u2033.<br>V\u00edas ciegas, enterradas y taponadas<br>Impedancia controlada<\/td><\/tr><tr><th>Material<\/th><td>Espesor: de 0,008\u2033 a 0,240\u2033.<br>FR-4<br>Alto TG FR-4<br>PTFE<br>Base de aluminio<br>Rogers<br>Material especializado a petici\u00f3n del cliente<\/td><\/tr><tr><th>M\u00e1scara de soldadura<\/th><td>LPI - Verde, amarillo, negro, rojo, azul, blanco, etc. (Consulte m\u00e1s opciones)<br>M\u00e1scara pelable<\/td><\/tr><tr><th>Acabados finales<\/th><td>SMOBC (HASL)<br>Carbono<br>Dorado selectivo<br>Oro duro y blando<br>Inmersi\u00f3n Oro<br>Inmersi\u00f3n Plata<br>Lata de inmersi\u00f3n<br>OSP<\/td><\/tr><tr><th>Leyenda<\/th><td>Blanco, Amarillo, Negro (Consultar para m\u00e1s opciones)<\/td><\/tr><tr><th>M\u00e9todos de inspecci\u00f3n<\/th><td>100% Inspecci\u00f3n visual<br>Pruebas el\u00e9ctricas - Sonda voladora o lecho de clavos<br>Inspecci\u00f3n de lotes de muestras<br>Secci\u00f3n transversal<\/td><\/tr><tr><th>Entrega<\/th><td>Rush: 24 horas<br>Prototipo est\u00e1ndar: 5 d\u00edas<br>Producci\u00f3n est\u00e1ndar: 10 d\u00edas<\/td><\/tr><\/tbody><\/table><\/figure>\n      <\/div>\n   <\/div>\n   <div class=\"tab\">\n      <input type=\"checkbox\" id=\"chck9\">\n      <label class=\"tab-label\" for=\"chck9\">MONTAJE DE PLACAS DE CIRCUITO IMPRESO<\/label>\n      <div class=\"tab-content\">\n         <figure class=\"wp-block-table product-spec-table\"><table><thead><tr><th>Caracter\u00edstica<\/th><th>Capacidades<\/th><\/tr><\/thead><tbody><tr><th>Tipos de montaje<\/th><td>THD (dispositivo pasante)<br>SMT (tecnolog\u00eda de montaje en superficie)<br>SMT y THD mixtos<br>Montaje SMT y THD a 2 caras<\/td><\/tr><tr><th>Cantidad del pedido<\/th><td>De 1 a 10.000 tablas<\/td><\/tr><tr><th>Componentes<\/th><td>Piezas pasivas, tama\u00f1o m\u00e1s peque\u00f1o 0201<br>Paso fino hasta 8 Mils<br>BGA, uBGA, QFN, POP y chips sin plomo<br>Conectores y terminales<\/td><\/tr><tr><th>Paquete de componentes<\/th><td>Carretes<br>Cortar cinta<br>Tubo y bandeja<br>Piezas sueltas y a granel<\/td><\/tr><tr><th>Dimensiones del tablero<\/th><td>Tama\u00f1o m\u00ednimo: 0,2\u2033 x 0,2\u2033.<br>Tama\u00f1o m\u00e1s grande: 15\u2033 x 20\u2033Blanco, amarillo, negro (Solicitar m\u00e1s opciones)<\/td><\/tr><tr><th>Forma del tablero<\/th><td>Rectangular<br>Redondo<br>Ranuras y recortes<br>Complejo e irregular<\/td><\/tr><tr><th>Tipo de tablero<\/th><td>R\u00edgido FR-4<br>Tableros r\u00edgido-flexibles<\/td><\/tr><tr><th>Proceso de montaje<\/th><td>Proceso con plomo<br>Sin plomo (RoHS)<\/td><\/tr><tr><th>Formato del archivo de dise\u00f1o<\/th><td>Gerber RS-274X<br>Lista de materiales (.xls, .csv, . xlsx)<br>Centroide (Pick-N-Place\/archivo XY)<\/td><\/tr><tr><th>Ventas y asistencia<\/th><td>Correos electr\u00f3nicos<br>Llamadas telef\u00f3nicas<br>Presupuesto web en l\u00ednea para PCB y montaje<\/td><\/tr><tr><th>Pruebas el\u00e9ctricas<\/th><td>Inspecci\u00f3n por rayos X<br>AOI (inspecci\u00f3n \u00f3ptica automatizada)<br>Pruebas funcionales<\/td><\/tr><tr><th><strong>Perfil del horno<\/strong><\/th><td>Est\u00e1ndar<br>A medida<\/td><\/tr><tr><th>Plazo de entrega<\/th><td>1-5 d\u00edas s\u00f3lo para el montaje de placas de circuito impreso<br>10-16 d\u00edas para el montaje llave en mano de placas de circuito impreso<\/td><\/tr><\/tbody><\/table><\/figure>\n      <\/div>\n   <\/div>\n<\/div>\n<\/div><\/div>","protected":false},"excerpt":{"rendered":"<p>Fabricante integral de PCBA<\/p>\n<p>Capacidades de PCB<\/p>\n<p>Bester Tech PCB&amp;PCBA Capacidades<\/p>","protected":false},"author":1,"featured_media":0,"parent":0,"menu_order":0,"comment_status":"closed","ping_status":"closed","template":"","meta":{"article_term":"","article_term_alternate":"","article_term_def":"","article_hook":"","auto_links":"","article_topic":"","article_fact_check":"","mt_social_share":"","mt_content_meta":"","mt_glossary_display":"","glossary_heading":"","glossary":"","glossary_alter":"","glossary_def":"","article_task":""},"_links":{"self":[{"href":"https:\/\/www.besterpcba.com\/es\/wp-json\/wp\/v2\/pages\/4328"}],"collection":[{"href":"https:\/\/www.besterpcba.com\/es\/wp-json\/wp\/v2\/pages"}],"about":[{"href":"https:\/\/www.besterpcba.com\/es\/wp-json\/wp\/v2\/types\/page"}],"author":[{"embeddable":true,"href":"https:\/\/www.besterpcba.com\/es\/wp-json\/wp\/v2\/users\/1"}],"replies":[{"embeddable":true,"href":"https:\/\/www.besterpcba.com\/es\/wp-json\/wp\/v2\/comments?post=4328"}],"version-history":[{"count":9,"href":"https:\/\/www.besterpcba.com\/es\/wp-json\/wp\/v2\/pages\/4328\/revisions"}],"predecessor-version":[{"id":7151,"href":"https:\/\/www.besterpcba.com\/es\/wp-json\/wp\/v2\/pages\/4328\/revisions\/7151"}],"wp:attachment":[{"href":"https:\/\/www.besterpcba.com\/es\/wp-json\/wp\/v2\/media?parent=4328"}],"curies":[{"name":"wp","href":"https:\/\/api.w.org\/{rel}","templated":true}]}}