{"id":6125,"date":"2023-07-06T01:31:41","date_gmt":"2023-07-06T01:31:41","guid":{"rendered":"https:\/\/www.besterpcba.com\/?page_id=6125"},"modified":"2023-07-25T02:13:22","modified_gmt":"2023-07-25T02:13:22","slug":"get-a-quote","status":"publish","type":"page","link":"https:\/\/www.besterpcba.com\/es\/obtenga-un-presupuesto\/","title":{"rendered":"Solicitar presupuesto"},"content":{"rendered":"<div class=\"wp-block-cover alignfull base_cover base_cover_overlay_grad\"><span aria-hidden=\"true\" class=\"wp-block-cover__background has-background-dim-0 has-background-dim\"><\/span><img loading=\"lazy\" decoding=\"async\" width=\"1920\" height=\"768\" class=\"wp-block-cover__image-background wp-image-5170\" alt=\"Gorra Banner\" src=\"https:\/\/www.besterpcba.com\/wp-content\/uploads\/2023\/06\/cap-banner.jpg\" data-object-fit=\"cover\" srcset=\"https:\/\/www.besterpcba.com\/wp-content\/uploads\/2023\/06\/cap-banner.jpg 1920w, https:\/\/www.besterpcba.com\/wp-content\/uploads\/2023\/06\/cap-banner-300x120.jpg 300w, https:\/\/www.besterpcba.com\/wp-content\/uploads\/2023\/06\/cap-banner-1024x410.jpg 1024w, https:\/\/www.besterpcba.com\/wp-content\/uploads\/2023\/06\/cap-banner-768x307.jpg 768w, https:\/\/www.besterpcba.com\/wp-content\/uploads\/2023\/06\/cap-banner-1600x640.jpg 1600w, https:\/\/www.besterpcba.com\/wp-content\/uploads\/2023\/06\/cap-banner-1536x614.jpg 1536w\" sizes=\"auto, (max-width: 1920px) 100vw, 1920px\" \/><div class=\"wp-block-cover__inner-container is-layout-flow wp-block-cover-is-layout-flow\">\n<div class=\"wp-block-group\"><div class=\"wp-block-group__inner-container is-layout-constrained wp-block-group-is-layout-constrained\"><div class=\"breadcrumbs\" typeof=\"BreadcrumbList\" vocab=\"https:\/\/schema.org\/\"><span property=\"itemListElement\" typeof=\"ListItem\"><a property=\"item\" typeof=\"WebPage\" title=\"Ir a One Stop PCBA Manufacturer.\" href=\"https:\/\/www.besterpcba.com\/es\" class=\"home\" aria-current=\"page\"><span property=\"name\">Fabricante integral de PCBA<\/span><\/a><meta property=\"position\" content=\"1\"><\/span><\/div>\n\n<h1 class=\"wp-block-heading\" id=\"get-a-quote\">Solicitar presupuesto<\/h1>\n\n\n<p class=\"has-text-align-left has-large-font-size\">Solicite hoy mismo un presupuesto para sus necesidades de montaje de placas de circuito impreso.<\/p>\n<\/div><\/div>\n<\/div><\/div>\n\n\n\n<div class=\"wp-block-group alignfull bs_contact_group base_group\"><div class=\"wp-block-group__inner-container is-layout-constrained wp-block-group-is-layout-constrained\">\n<div class=\"wp-block-group bs_contact_info\"><div class=\"wp-block-group__inner-container is-layout-constrained wp-block-group-is-layout-constrained\">\n<div class=\"wp-block-group bs_contact_info_pro\"><div class=\"wp-block-group__inner-container is-layout-constrained wp-block-group-is-layout-constrained\"><h2 class=\"wp-block-heading\" id=\"why-consider-bester-as-your-pcba-partner\">\u00bfPor qu\u00e9 considerar a Bester como su socio de PCBA?<\/h2>\n\n\n<ul class=\"wp-block-list\">\n<li>Amplia experiencia<\/li>\n\n\n\n<li>Garant\u00eda de calidad<\/li>\n\n\n\n<li>Conocimientos t\u00e9cnicos<\/li>\n\n\n\n<li>Opciones de personalizaci\u00f3n<\/li>\n\n\n\n<li>Precios competitivos<\/li>\n\n\n\n<li>Entrega puntual<\/li>\n\n\n\n<li>Excelente atenci\u00f3n al cliente<\/li>\n\n\n\n<li>Servicios integrales de PCB<\/li>\n\n\n\n<li>Satisfacci\u00f3n garantizada<\/li>\n<\/ul>\n<\/div><\/div>\n\n\n\n<div class=\"wp-block-group bs_contact_info_pro\"><div class=\"wp-block-group__inner-container is-layout-constrained wp-block-group-is-layout-constrained\"><h2 class=\"wp-block-heading\" id=\"for-an-accurate-quote-please-upload-any-of-the-following-information\">Para obtener un presupuesto exacto, cargue cualquiera de los siguientes datos.<\/h2>\n\n\n<ul class=\"wp-block-list\">\n<li>Datos Gerber<\/li>\n\n\n\n<li>Esquema<\/li>\n\n\n\n<li>Plano de montaje<\/li>\n\n\n\n<li>LISTA DE MATERIALES<\/li>\n\n\n\n<li>Plano de fabricaci\u00f3n<\/li>\n\n\n\n<li>Otra informaci\u00f3n pertinente<\/li>\n<\/ul>\n<\/div><\/div>\n\n\n\n<div class=\"wp-block-group bs_contact_info_connect\"><div class=\"wp-block-group__inner-container is-layout-constrained wp-block-group-is-layout-constrained\">\n<div class=\"wp-block-group\"><div class=\"wp-block-group__inner-container is-layout-constrained wp-block-group-is-layout-constrained\">\n<figure class=\"wp-block-image size-full\"><img decoding=\"async\" src=\"https:\/\/www.besterpcba.com\/wp-content\/uploads\/2023\/06\/worker-svgrepo-com.svg\" alt=\"Trabajador Svgrepo Com\" class=\"wp-image-5748\"\/><\/figure>\n\n\n\n<div class=\"wp-block-group\"><div class=\"wp-block-group__inner-container is-layout-constrained wp-block-group-is-layout-constrained\"><h3 class=\"wp-block-heading\" id=\"live-support\">Asistencia en directo<\/h3>\n\n\n<p>Obtenga asistencia en tiempo real, formule preguntas o discuta los requisitos de su proyecto.<\/p>\n\n\n\n<div class='base_cover_button_wrapper chat-button'><p class=\"base_header_button\">Chat en directo<\/p><\/div>\n<\/div><\/div>\n<\/div><\/div>\n<\/div><\/div>\n<\/div><\/div>\n\n\n\n<div class=\"wp-block-group bs_contact_gg\"><div class=\"wp-block-group__inner-container is-layout-constrained wp-block-group-is-layout-constrained\">\n<div class='contact_form_title'><h2>Solicitud de presupuesto r\u00e1pido<\/h2><\/div>\n\n\n\n<div class=\"wpcf7 no-js\" id=\"wpcf7-f6156-o1\" lang=\"en-US\" dir=\"ltr\">\n<div class=\"screen-reader-response\"><p role=\"status\" aria-live=\"polite\" aria-atomic=\"true\"><\/p> <ul><\/ul><\/div>\n<form action=\"\/es\/wp-json\/wp\/v2\/pages\/6125#wpcf7-f6156-o1\" method=\"post\" class=\"wpcf7-form init\" aria-label=\"Formulario de contacto\" enctype=\"multipart\/form-data\" novalidate=\"novalidate\" data-status=\"init\" data-trp-original-action=\"\/es\/wp-json\/wp\/v2\/pages\/6125#wpcf7-f6156-o1\">\n<div style=\"display: none;\">\n<input type=\"hidden\" name=\"_wpcf7\" value=\"6156\" \/>\n<input type=\"hidden\" name=\"_wpcf7_version\" value=\"5.7.7\" \/>\n<input type=\"hidden\" name=\"_wpcf7_locale\" value=\"en_US\" \/>\n<input type=\"hidden\" name=\"_wpcf7_unit_tag\" value=\"wpcf7-f6156-o1\" \/>\n<input type=\"hidden\" name=\"_wpcf7_container_post\" value=\"0\" \/>\n<input type=\"hidden\" name=\"_wpcf7_posted_data_hash\" value=\"\" \/>\n<\/div>\n<div class = \"bs_cf_type\">\n\t<p class=\"contact_title\">Tipo de cotizaci\u00f3n:\n\t<\/p>\n\t<p><span class=\"wpcf7-form-control-wrap\" data-name=\"your-quote-type\"><span class=\"wpcf7-form-control wpcf7-checkbox\"><span class=\"wpcf7-list-item first\"><input type=\"checkbox\" name=\"your-quote-type[]\" value=\"Consigned Assembly\" \/><span class=\"wpcf7-list-item-label\">Montaje consignado<\/span><\/span><span class=\"wpcf7-list-item\"><input type=\"checkbox\" name=\"your-quote-type[]\" value=\"Turnkey Assembly\" \/><span class=\"wpcf7-list-item-label\">Montaje llave en mano<\/span><\/span><span class=\"wpcf7-list-item\"><input type=\"checkbox\" name=\"your-quote-type[]\" value=\"Partial Turnkey Assembly\" \/><span class=\"wpcf7-list-item-label\">Montaje parcial llave en mano<\/span><\/span><span class=\"wpcf7-list-item last\"><input type=\"checkbox\" name=\"your-quote-type[]\" value=\"Other\" \/><span class=\"wpcf7-list-item-label\">Otros<\/span><\/span><\/span><\/span>\n\t<\/p>\n\t<p class=\"contact_detail\">Consignado = El cliente suministra las piezas, Llave en mano = Bester compra las piezas, Llave en mano parcial = El cliente suministra algunas piezas y Bester compra el resto.\n\t<\/p>\n<\/div>\n<div class = \"bs_cf_name\">\n\t<p class=\"contact_title\">Su nombre\n\t<\/p>\n\t<div>\n\t\t<p><span> <span class=\"wpcf7-form-control-wrap\" data-name=\"your-name-first\"><input size=\"40\" class=\"wpcf7-form-control wpcf7-text wpcf7-validates-as-required\" aria-required=\"true\" aria-invalid=\"false\" value=\"First Name\" type=\"text\" name=\"your-name-first\" \/><\/span> <\/span><span> <span class=\"wpcf7-form-control-wrap\" data-name=\"your-name-last\"><input size=\"40\" class=\"wpcf7-form-control wpcf7-text wpcf7-validates-as-required\" aria-required=\"true\" aria-invalid=\"false\" value=\"Last Name\" type=\"text\" name=\"your-name-last\" \/><\/span> <\/span>\n\t\t<\/p>\n\t<\/div>\n<\/div>\n<div class = \"bs_cf_mail\">\n\t<p class=\"contact_title\">Correo electr\u00f3nico\n\t<\/p>\n\t<p><label> <span class=\"wpcf7-form-control-wrap\" data-name=\"your-email\"><input size=\"40\" class=\"wpcf7-form-control wpcf7-text wpcf7-email wpcf7-validates-as-required wpcf7-validates-as-email\" aria-required=\"true\" aria-invalid=\"false\" value=\"\" type=\"email\" name=\"your-email\" \/><\/span> <\/label>\n\t<\/p>\n<\/div>\n<div class = \"bs_cf_phone\">\n\t<p class=\"contact_title\">Tel\u00e9fono\n\t<\/p>\n\t<p><label> <span class=\"wpcf7-form-control-wrap\" data-name=\"your-phone\"><input size=\"40\" class=\"wpcf7-form-control wpcf7-text wpcf7-validates-as-required\" aria-required=\"true\" aria-invalid=\"false\" value=\"\" type=\"text\" name=\"your-phone\" \/><\/span> <\/label>\n\t<\/p>\n<\/div>\n<div class = \"bs_cf_company\">\n\t<p class=\"contact_title\">Nombre de la empresa\n\t<\/p>\n\t<p><label> <span class=\"wpcf7-form-control-wrap\" data-name=\"your-company\"><input size=\"40\" class=\"wpcf7-form-control wpcf7-text wpcf7-validates-as-required\" aria-required=\"true\" aria-invalid=\"false\" value=\"\" type=\"text\" name=\"your-company\" \/><\/span> <\/label>\n\t<\/p>\n<\/div>\n<div class = \"bs_cf_country\">\n\t<p class=\"contact_title\">Pa\u00eds\n\t<\/p>\n\t<p><label> <span class=\"wpcf7-form-control-wrap\" data-name=\"country\"><select class=\"wpcf7-form-control wpcf7-select\" aria-invalid=\"false\" name=\"country\"><option value=\"\"><\/option><option value=\"Afghanistan\">Afganist\u00e1n<\/option><option value=\"Albania\">Albania<\/option><option value=\"Algeria\">Argelia<\/option><option value=\"American Samoa\">Samoa Americana<\/option><option value=\"Andorra\">Andorra<\/option><option value=\"Angola\">Angola<\/option><option value=\"Anguilla\">Anguila<\/option><option value=\"Antigua and Barbuda\">Antigua y Barbuda<\/option><option value=\"Argentina\">Argentina<\/option><option value=\"Armenia\">Armenia<\/option><option value=\"Armenia\">Armenia<\/option><option value=\"Aruba\">Aruba<\/option><option value=\"Australia\">Australia<\/option><option value=\"Austria\">Austria<\/option><option value=\"Azerbaijan\">Azerbaiy\u00e1n<\/option><option value=\"Azerbaijan\">Azerbaiy\u00e1n<\/option><option value=\"Bahamas\">Bahamas<\/option><option value=\"Bahrain\">Bahr\u00e9in<\/option><option value=\"Bangladesh\">Bangladesh<\/option><option value=\"Barbados\">Barbados<\/option><option value=\"Belarus\">Bielorrusia<\/option><option value=\"Belgium\">B\u00e9lgica<\/option><option value=\"Belize\">Belice<\/option><option value=\"Benin\">Ben\u00edn<\/option><option value=\"Bermuda\">Bermudas<\/option><option value=\"Bhutan\">But\u00e1n<\/option><option value=\"Bolivia\">Bolivia<\/option><option value=\"Bonaire\">Bonaire<\/option><option value=\"Bosnia and Herzegovina\">Bosnia y Herzegovina<\/option><option value=\"Botswana\">Botsuana<\/option><option value=\"Bouvet Island (Bouvetoya)\">Isla Bouvet (Bouvetoya)<\/option><option value=\"Brazil\">Brasil<\/option><option value=\"British Indian Ocean Territory (Chagos Archipelago)\">Territorio Brit\u00e1nico del Oc\u00e9ano \u00cdndico (Archipi\u00e9lago de Chagos)<\/option><option value=\"British Virgin Islands\">Islas V\u00edrgenes Brit\u00e1nicas<\/option><option value=\"Brunei Darussalam\">Brunei Darussalam<\/option><option value=\"Bulgaria\">Bulgaria<\/option><option value=\"Burkina Faso\">Burkina Faso<\/option><option value=\"Burundi\">Burundi<\/option><option value=\"Canada\">Canad\u00e1<\/option><option value=\"Cambodia\">Camboya<\/option><option value=\"Cameroon\">Camer\u00fan<\/option><option value=\"Cape Verde\">Cabo Verde<\/option><option value=\"Cayman Islands\">Islas Caim\u00e1n<\/option><option value=\"Central African Republic\">Rep\u00fablica Centroafricana<\/option><option value=\"Chad\">Chad<\/option><option value=\"Chile\">Chile<\/option><option value=\"China\">China<\/option><option value=\"Christmas Island\">Isla de Navidad<\/option><option value=\"Cocos (Keeling) Islands\">Islas Cocos (Keeling)<\/option><option value=\"Colombia\">Colombia<\/option><option value=\"Comoros\">Comoras<\/option><option value=\"Congo\">Congo<\/option><option value=\"Congo\">Congo<\/option><option value=\"Cook Islands\">Islas Cook<\/option><option value=\"Costa Rica\">Costa Rica<\/option><option value=\"Cote d&#039;Ivoire\">Costa de Marfil<\/option><option value=\"Croatia\">Croacia<\/option><option value=\"Cuba\">Cuba<\/option><option value=\"Cura\u00e7ao\">Cura\u00e7ao<\/option><option value=\"Cyprus\">Chipre<\/option><option value=\"Cyprus\">Chipre<\/option><option value=\"Czech Republic\">Rep\u00fablica Checa<\/option><option value=\"Denmark\">Dinamarca<\/option><option value=\"Djibouti\">Yibuti<\/option><option value=\"Dominica\">Dominica<\/option><option value=\"Dominican Republic\">Rep\u00fablica Dominicana<\/option><option value=\"Ecuador\">Ecuador<\/option><option value=\"Egypt\">Egipto<\/option><option value=\"El Salvador\">El Salvador<\/option><option value=\"Equatorial Guinea\">Guinea Ecuatorial<\/option><option value=\"Eritrea\">Eritrea<\/option><option value=\"Estonia\">Estonia<\/option><option value=\"Ethiopia\">Etiop\u00eda<\/option><option value=\"Falkland Islands (Malvinas)\">Islas Malvinas (Falkland Islands)<\/option><option value=\"Faroe Islands\">Islas Feroe<\/option><option value=\"Fiji\">Fiyi<\/option><option value=\"Finland\">Finlandia<\/option><option value=\"France\">Francia<\/option><option value=\"French Guiana\">Guayana Francesa<\/option><option value=\"French Polynesia\">Polinesia Francesa<\/option><option value=\"French Southern Territories\">Territorios Australes Franceses<\/option><option value=\"Gabon\">Gab\u00f3n<\/option><option value=\"Gambia\">Gambia<\/option><option value=\"Georgia\">Georgia<\/option><option value=\"Germany\">Alemania<\/option><option value=\"Ghana\">Ghana<\/option><option value=\"Gibraltar\">Gibraltar<\/option><option value=\"Greece\">Grecia<\/option><option value=\"Greenland\">Groenlandia<\/option><option value=\"Grenada\">Granada<\/option><option value=\"Guadeloupe\">Guadalupe<\/option><option value=\"Guam\">Guam<\/option><option value=\"Guatemala\">Guatemala<\/option><option value=\"Guernsey\">Guernsey<\/option><option value=\"Guinea\">Guinea<\/option><option value=\"Guinea-Bissau\">Guinea-Bissau<\/option><option value=\"Guyana\">Guyana<\/option><option value=\"Haiti\">Hait\u00ed<\/option><option value=\"Heard Island and McDonald Islands\">Islas Heard y McDonald<\/option><option value=\"Holy See (Vatican City State)\">Santa Sede (Estado de la Ciudad del Vaticano)<\/option><option value=\"Honduras\">Honduras<\/option><option value=\"Hong Kong\">Hong Kong<\/option><option value=\"Hungary\">Hungr\u00eda<\/option><option value=\"Iceland\">Islandia<\/option><option value=\"India\">India<\/option><option value=\"Indonesia\">Indonesia<\/option><option value=\"Iran\">Ir\u00e1n<\/option><option value=\"Iraq\">Iraq<\/option><option value=\"Ireland\">Irlanda<\/option><option value=\"Isle of Man\">Isla de Man<\/option><option value=\"Israel\">Israel<\/option><option value=\"Italy\">Italia<\/option><option value=\"Jamaica\">Jamaica<\/option><option value=\"Japan\">Jap\u00f3n<\/option><option value=\"Jersey\">Jersey<\/option><option value=\"Jordan\">Jordan<\/option><option value=\"Kazakhstan\">Kazajst\u00e1n<\/option><option value=\"Kazakhstan\">Kazajst\u00e1n<\/option><option value=\"Kenya\">Kenia<\/option><option value=\"Kiribati\">Kiribati<\/option><option value=\"Korea\">Corea<\/option><option value=\"Korea\">Corea<\/option><option value=\"Kuwait\">Kuwait<\/option><option value=\"Kyrgyz Republic\">Rep\u00fablica Kirguisa<\/option><option value=\"Lao People&#039;s Democratic Republic\">Rep\u00fablica Democr\u00e1tica Popular Lao<\/option><option value=\"Latvia\">Letonia<\/option><option value=\"Lebanon\">L\u00edbano<\/option><option value=\"Lesotho\">Lesotho<\/option><option value=\"Liberia\">Liberia<\/option><option value=\"Libyan Arab Jamahiriya\">Jamahiriya \u00c1rabe Libia<\/option><option value=\"Liechtenstein\">Liechtenstein<\/option><option value=\"Lithuania\">Lituania<\/option><option value=\"Luxembourg\">Luxemburgo<\/option><option value=\"Macao\">Macao<\/option><option value=\"Macedonia\">Macedonia<\/option><option value=\"Madagascar\">Madagascar<\/option><option value=\"Malawi\">Malawi<\/option><option value=\"Malaysia\">Malasia<\/option><option value=\"Maldives\">Maldivas<\/option><option value=\"Mali\">Mali<\/option><option value=\"Malta\">Malta<\/option><option value=\"Marshall Islands\">Islas Marshall<\/option><option value=\"Martinique\">Martinica<\/option><option value=\"Mauritania\">Mauritania<\/option><option value=\"Mauritius\">Mauricio<\/option><option value=\"Mayotte\">Mayotte<\/option><option value=\"Mexico\">M\u00e9xico<\/option><option value=\"Micronesia\">Micronesia<\/option><option value=\"Moldova\">Moldavia<\/option><option value=\"Monaco\">M\u00f3naco<\/option><option value=\"Mongolia\">Mongolia<\/option><option value=\"Montenegro\">Montenegro<\/option><option value=\"Montserrat\">Montserrat<\/option><option value=\"Morocco\">Marruecos<\/option><option value=\"Mozambique\">Mozambique<\/option><option value=\"Myanmar\">Myanmar<\/option><option value=\"Namibia\">Namibia<\/option><option value=\"Nauru\">Nauru<\/option><option value=\"Nepal\">Nepal<\/option><option value=\"Netherlands\">Pa\u00edses Bajos<\/option><option value=\"Netherlands Antilles\">Antillas Neerlandesas<\/option><option value=\"New Caledonia\">Nueva Caledonia<\/option><option value=\"New Zealand\">Nueva Zelanda<\/option><option value=\"Nicaragua\">Nicaragua<\/option><option value=\"Niger\">N\u00edger<\/option><option value=\"Nigeria\">Nigeria<\/option><option value=\"Niue\">Niue<\/option><option value=\"Norfolk Island\">Isla de Norfolk<\/option><option value=\"Northern Mariana Islands\">Islas Marianas del Norte<\/option><option value=\"Norway\">Noruega<\/option><option value=\"Oman\">Om\u00e1n<\/option><option value=\"Pakistan\">Pakist\u00e1n<\/option><option value=\"Palau\">Palau<\/option><option value=\"Palestinian Territory\">Territorio Palestino<\/option><option value=\"Panama\">Panam\u00e1<\/option><option value=\"Papua New Guinea\">Pap\u00faa Nueva Guinea<\/option><option value=\"Paraguay\">Paraguay<\/option><option value=\"Peru\">Per\u00fa<\/option><option value=\"Philippines\">Filipinas<\/option><option value=\"Pitcairn Islands\">Islas Pitcairn<\/option><option value=\"Poland\">Polonia<\/option><option value=\"Portugal\">Portugal<\/option><option value=\"Puerto Rico\">Puerto Rico<\/option><option value=\"Qatar\">Qatar<\/option><option value=\"Reunion\">Reuni\u00f3n<\/option><option value=\"Romania\">Ruman\u00eda<\/option><option value=\"Russian Federation\">Federaci\u00f3n de Rusia<\/option><option value=\"Rwanda\">Ruanda<\/option><option value=\"Saint Barthelemy\">San Bartolom\u00e9<\/option><option value=\"Saint Helena\">Santa Elena<\/option><option value=\"Saint Kitts and Nevis\">San Crist\u00f3bal y Nieves<\/option><option value=\"Saint Lucia\">Santa Luc\u00eda<\/option><option value=\"Saint Martin\">San Mart\u00edn<\/option><option value=\"Saint Pierre and Miquelon\">San Pedro y Miquel\u00f3n<\/option><option value=\"Saint Vincent and the Grenadines\">San Vicente y las Granadinas<\/option><option value=\"Samoa\">Samoa<\/option><option value=\"San Marino\">San Marino<\/option><option value=\"Sao Tome and Principe\">Santo Tom\u00e9 y Pr\u00edncipe<\/option><option value=\"Saudi Arabia\">Arabia Saud\u00ed<\/option><option value=\"Senegal\">Senegal<\/option><option value=\"Serbia\">Serbia<\/option><option value=\"Seychelles\">Seychelles<\/option><option value=\"Sierra Leone\">Sierra Leona<\/option><option value=\"Singapore\">Singapur<\/option><option value=\"Sint Maarten (Netherlands)\">Sint Maarten (Pa\u00edses Bajos)<\/option><option value=\"Slovakia (Slovak Republic)\">Eslovaquia (Rep\u00fablica Eslovaca)<\/option><option value=\"Slovenia\">Eslovenia<\/option><option value=\"Solomon Islands\">Islas Salom\u00f3n<\/option><option value=\"Somalia\">Somalia<\/option><option value=\"South Africa\">Sud\u00e1frica<\/option><option value=\"South Georgia &amp; S. Sandwich Islands\">Georgia del Sur e Islas Sandwich del Sur<\/option><option value=\"Spain\">Espa\u00f1a<\/option><option value=\"Sri Lanka\">Sri Lanka<\/option><option value=\"Sudan\">Sud\u00e1n<\/option><option value=\"Suriname\">Surinam<\/option><option value=\"Svalbard &amp; Jan Mayen Islands\">Islas Svalbard y Jan Mayen<\/option><option value=\"Swaziland\">Suazilandia<\/option><option value=\"Sweden\">Suecia<\/option><option value=\"Switzerland\">Suiza<\/option><option value=\"Syrian Arab Republic\">Rep\u00fablica \u00c1rabe Siria<\/option><option value=\"Taiwan\">Taiw\u00e1n<\/option><option value=\"Tajikistan\">Tayikist\u00e1n<\/option><option value=\"Tanzania\">Tanzania<\/option><option value=\"Thailand\">Tailandia<\/option><option value=\"Timor-Leste\">Timor Oriental<\/option><option value=\"Togo\">Togo<\/option><option value=\"Tokelau\">Tokelau<\/option><option value=\"Tonga\">Tonga<\/option><option value=\"Trinidad and Tobago\">Trinidad y Tobago<\/option><option value=\"Tunisia\">T\u00fanez<\/option><option value=\"Turkey\">Turqu\u00eda<\/option><option value=\"Turkey\">Turqu\u00eda<\/option><option value=\"Turkmenistan\">Turkmenist\u00e1n<\/option><option value=\"Turks and Caicos Islands\">Islas Turcas y Caicos<\/option><option value=\"Tuvalu\">Tuvalu<\/option><option value=\"U.S. Virgin Islands\">Islas V\u00edrgenes de EE.UU.<\/option><option value=\"U.S. Minor Outlying Islands\">Islas perif\u00e9ricas menores de EE.UU.<\/option><option value=\"Uganda\">Uganda<\/option><option value=\"Ukraine\">Ucrania<\/option><option value=\"United Arab Emirates\">Emiratos \u00c1rabes Unidos<\/option><option value=\"Uruguay\">Uruguay<\/option><option value=\"Uzbekistan\">Uzbekist\u00e1n<\/option><option value=\"United Kingdom\">Reino Unido<\/option><option value=\"United States\">Estados Unidos<\/option><option value=\"Vanuatu\">Vanuatu<\/option><option value=\"Venezuela\">Venezuela<\/option><option value=\"Vietnam\">Vietnam<\/option><option value=\"Wallis and Futuna\">Wallis y Futuna<\/option><option value=\"Western Sahara\">S\u00e1hara Occidental<\/option><option value=\"Yemen\">Yemen<\/option><option value=\"Zambia\">Zambia<\/option><option value=\"Zimbabwe\">Zimbabue<\/option><\/select><\/span><\/label>\n\t<\/p>\n<\/div>\n<div class = \"bs_cf_message\">\n\t<p class=\"contact_title\">Mensaje\n\t<\/p>\n\t<p><span class=\"wpcf7-form-control-wrap\" data-name=\"your-message\"><textarea cols=\"40\" rows=\"10\" class=\"wpcf7-form-control wpcf7-textarea\" aria-invalid=\"false\" name=\"your-message\"><\/textarea><\/span>\n\t<\/p>\n<\/div>\n<div class = \"bs_cf_file\">\n\t<p class=\"contact_title\">Cargue aqu\u00ed su archivo\n\t<\/p>\n\t<p>LOS ARCHIVOS M\u00daLTIPLES DEBEN ESTAR EN UN FORMATO DE ARCHIVO COMPRIMIDO.\n\t<\/p>\n\t<p>Por favor incluya: BOM, GERBER\/PCB FILE para el presupuesto.\n\t<\/p>\n\t<p><span class=\"wpcf7-form-control-wrap\" data-name=\"file-159\"><input size=\"40\" class=\"wpcf7-form-control wpcf7-file\" accept=\"image\/*,.txt,application\/pdf,.zip,.tgz,.7z,.tar,.dxf,.dwg,.xlsx,.xls,.doc,.docx,.xps,.csv,.rtf,.jpg\" aria-invalid=\"false\" type=\"file\" name=\"file-159\" \/><\/span>\n\t<\/p>\n\t<p class=\"contact_detail\">Tipo de archivo cargado aceptado:zip, tgz, 7z, tar, pdf, dxf, dwg, xlsx, xls, doc, docx, txt, xps, csv, rtf, jpg. Tama\u00f1o m\u00e1ximo del archivo: 25 MB\n\t<\/p>\n<\/div>\n<p><input class=\"wpcf7-form-control has-spinner wpcf7-submit\" type=\"submit\" value=\"Enviar\" \/>\n<\/p><div class=\"wpcf7-response-output\" aria-hidden=\"true\"><\/div>\n<input type=\"hidden\" name=\"trp-form-language\" value=\"es\"\/><\/form>\n<\/div>\n\n<\/div><\/div>\n<\/div><\/div>\n\n\n\n<div class = \"bs_logos_outer_group\">\n  <div class = \"bs_logos_outer_group_inner\">\n    <div class = 'base_why_us_same_header'>\n        <h2>Empresas que conf\u00edan en nosotros<\/h2>\n    <\/div>\n    <div class=\"bs_logos\">\n      <div class=\"bs_logos_slide\">\n        <img decoding=\"async\" src=\"https:\/\/www.besterpcba.com\/wp-content\/uploads\/2021\/10\/UL-RED.png\" \/>\n        <img decoding=\"async\" src=\"https:\/\/www.besterpcba.com\/wp-content\/uploads\/2021\/10\/logo-ipc-2.png\" \/>\n        <img decoding=\"async\" src=\"https:\/\/www.besterpcba.com\/wp-content\/uploads\/2021\/10\/rohs-green.png\" \/>\n      <\/div>\n    <\/div>\n  <\/div>\n<\/div>\n\n<script>\n  var copy = document.querySelector(\".bs_logos_slide\").cloneNode(true);\n  document.querySelector(\".bs_logos\").appendChild(copy);\n<\/script>\n\n\n\n<script>(function() {\nfunction onTidioChatApiReady() {\nwindow.tidioChatApi.hide();\n}\n\nif (window.tidioChatApi) {\nwindow.tidioChatApi.on(\"ready\", onTidioChatApiReady);\n}\n\ndocument.querySelector(\".chat-button\").addEventListener(\"click\", function() {\nwindow.tidioChatApi.show();\nwindow.tidioChatApi.open();\n});\n})();<\/script>","protected":false},"excerpt":{"rendered":"","protected":false},"author":1,"featured_media":0,"parent":0,"menu_order":0,"comment_status":"closed","ping_status":"closed","template":"","meta":{"article_term":"","article_term_alternate":"","article_term_def":"","article_hook":"","auto_links":"","article_topic":"","article_fact_check":"","mt_social_share":"","mt_content_meta":"","mt_glossary_display":"","glossary_heading":"","glossary":"","glossary_alter":"","glossary_def":"","article_task":"","footnotes":""},"class_list":["post-6125","page","type-page","status-publish"],"_links":{"self":[{"href":"https:\/\/www.besterpcba.com\/es\/wp-json\/wp\/v2\/pages\/6125","targetHints":{"allow":["GET"]}}],"collection":[{"href":"https:\/\/www.besterpcba.com\/es\/wp-json\/wp\/v2\/pages"}],"about":[{"href":"https:\/\/www.besterpcba.com\/es\/wp-json\/wp\/v2\/types\/page"}],"author":[{"embeddable":true,"href":"https:\/\/www.besterpcba.com\/es\/wp-json\/wp\/v2\/users\/1"}],"replies":[{"embeddable":true,"href":"https:\/\/www.besterpcba.com\/es\/wp-json\/wp\/v2\/comments?post=6125"}],"version-history":[{"count":11,"href":"https:\/\/www.besterpcba.com\/es\/wp-json\/wp\/v2\/pages\/6125\/revisions"}],"predecessor-version":[{"id":6959,"href":"https:\/\/www.besterpcba.com\/es\/wp-json\/wp\/v2\/pages\/6125\/revisions\/6959"}],"wp:attachment":[{"href":"https:\/\/www.besterpcba.com\/es\/wp-json\/wp\/v2\/media?parent=6125"}],"curies":[{"name":"wp","href":"https:\/\/api.w.org\/{rel}","templated":true}]}}