{"id":6755,"date":"2023-07-24T01:44:19","date_gmt":"2023-07-24T01:44:19","guid":{"rendered":"https:\/\/www.besterpcba.com\/?page_id=6755"},"modified":"2023-07-25T07:03:25","modified_gmt":"2023-07-25T07:03:25","slug":"automotive","status":"publish","type":"page","link":"https:\/\/www.besterpcba.com\/es\/automocion\/","title":{"rendered":"Automoci\u00f3n"},"content":{"rendered":"<div class=\"wp-block-cover alignfull is-light base_cover base_cover_overlay_grad\"><span aria-hidden=\"true\" class=\"wp-block-cover__background has-background-dim-0 has-background-dim\"><\/span><img decoding=\"async\" loading=\"lazy\" width=\"1920\" height=\"650\" class=\"wp-block-cover__image-background wp-image-6771\" alt=\"Banner de automoci\u00f3n\" src=\"https:\/\/www.besterpcba.com\/wp-content\/uploads\/2023\/07\/Automotive-banner.jpg\" data-object-fit=\"cover\" srcset=\"https:\/\/www.besterpcba.com\/wp-content\/uploads\/2023\/07\/Automotive-banner.jpg 1920w, https:\/\/www.besterpcba.com\/wp-content\/uploads\/2023\/07\/Automotive-banner-300x102.jpg 300w, https:\/\/www.besterpcba.com\/wp-content\/uploads\/2023\/07\/Automotive-banner-1024x347.jpg 1024w, https:\/\/www.besterpcba.com\/wp-content\/uploads\/2023\/07\/Automotive-banner-768x260.jpg 768w, https:\/\/www.besterpcba.com\/wp-content\/uploads\/2023\/07\/Automotive-banner-1600x542.jpg 1600w, https:\/\/www.besterpcba.com\/wp-content\/uploads\/2023\/07\/Automotive-banner-1536x520.jpg 1536w\" sizes=\"(max-width: 1920px) 100vw, 1920px\" \/><div class=\"wp-block-cover__inner-container\">\n<div class=\"wp-block-group is-layout-constrained\"><div class=\"wp-block-group__inner-container\"><div class=\"breadcrumbs\" typeof=\"BreadcrumbList\" vocab=\"https:\/\/schema.org\/\"><span property=\"itemListElement\" typeof=\"ListItem\"><a property=\"item\" typeof=\"WebPage\" title=\"Ir a One Stop PCBA Manufacturer.\" href=\"https:\/\/www.besterpcba.com\/es\" class=\"home\" aria-current=\"page\"><span property=\"name\">Fabricante integral de PCBA<\/span><\/a><meta property=\"position\" content=\"1\"><\/span><\/div>\n\n<h1 class=\"wp-block-heading\" id=\"automotive\">Automoci\u00f3n<\/h1>\n\n\n<p class=\"has-text-align-left has-large-font-size\">Con m\u00e1s de 10 a\u00f1os de experiencia en la fabricaci\u00f3n de PCB, hemos manejado cientos de miles de proyectos de PCB, y cubierto casi todo tipo de materiales de sustrato, incluyendo FR4, aluminio, Rogers, etc.&nbsp;<\/p>\n\n\n\n<div class='base_cover_button_wrapper'><p class=\"base_header_button\"><a href=\"https:\/\/www.besterpcba.com\/es\/pongase-en-contacto-con\/\" data-type=\"page\" data-id=\"1358\">Obtener presupuesto gratuito<\/a><\/p><\/div>\n<\/div><\/div>\n<\/div><\/div>\n\n\n\n<div class=\"wp-duotone-unset-8 wp-block-cover alignfull base_cover_bg\"><span aria-hidden=\"true\" class=\"wp-block-cover__background has-contrast-background-color has-background-dim-0 has-background-dim\"><\/span><div class=\"wp-block-cover__inner-container\">\n<div class=\"wp-block-group alignfull base_txt_img base_txt_img_r base_txt_img_large is-layout-constrained\"><div class=\"wp-block-group__inner-container\">\n<div class=\"wp-block-group is-layout-constrained\"><div class=\"wp-block-group__inner-container\">\n<figure class=\"wp-block-image size-full\"><img decoding=\"async\" loading=\"lazy\" width=\"1200\" height=\"900\" src=\"https:\/\/www.besterpcba.com\/wp-content\/uploads\/2023\/07\/Untitled-design-1.jpg\" alt=\"Dise\u00f1o sin t\u00edtulo (1)\" class=\"wp-image-6878\" srcset=\"https:\/\/www.besterpcba.com\/wp-content\/uploads\/2023\/07\/Untitled-design-1.jpg 1200w, https:\/\/www.besterpcba.com\/wp-content\/uploads\/2023\/07\/Untitled-design-1-300x225.jpg 300w, https:\/\/www.besterpcba.com\/wp-content\/uploads\/2023\/07\/Untitled-design-1-1024x768.jpg 1024w, https:\/\/www.besterpcba.com\/wp-content\/uploads\/2023\/07\/Untitled-design-1-768x576.jpg 768w\" sizes=\"(max-width: 1200px) 100vw, 1200px\" \/><\/figure>\n<\/div><\/div>\n\n\n\n<div class=\"wp-block-group is-layout-constrained\"><div class=\"wp-block-group__inner-container\">\n<p>Bienvenido a Bester, donde nuestros vanguardistas servicios de PCBA impulsan la industria del autom\u00f3vil. Nuestra experiencia en el montaje de placas de circuitos impresos nos permite crear componentes electr\u00f3nicos de automoci\u00f3n fiables y de alta calidad. Desde sistemas avanzados de asistencia al conductor hasta plataformas de infoentretenimiento, nuestras soluciones de PCBA impulsan los veh\u00edculos de hoy y de ma\u00f1ana. Nuestra dedicaci\u00f3n a la precisi\u00f3n y la eficiencia garantiza que el mercado de la automoci\u00f3n reciba productos y servicios de primera categor\u00eda. Con Bester, puede confiar en que su electr\u00f3nica del autom\u00f3vil est\u00e1 en buenas manos.<\/p>\n<\/div><\/div>\n<\/div><\/div>\n\n\n\n<div class=\"wp-block-group alignfull bs_hide base_txt_img base_txt_img_l base_txt_img_large is-layout-constrained\"><div class=\"wp-block-group__inner-container\">\n<div class=\"wp-block-group is-layout-constrained\"><div class=\"wp-block-group__inner-container\">\n<figure class=\"wp-block-image size-full\"><img decoding=\"async\" loading=\"lazy\" width=\"1200\" height=\"900\" src=\"https:\/\/www.besterpcba.com\/wp-content\/uploads\/2023\/07\/Untitled-design-10.jpg\" alt=\"Dise\u00f1o sin t\u00edtulo (10)\" class=\"wp-image-6882\" srcset=\"https:\/\/www.besterpcba.com\/wp-content\/uploads\/2023\/07\/Untitled-design-10.jpg 1200w, https:\/\/www.besterpcba.com\/wp-content\/uploads\/2023\/07\/Untitled-design-10-300x225.jpg 300w, https:\/\/www.besterpcba.com\/wp-content\/uploads\/2023\/07\/Untitled-design-10-1024x768.jpg 1024w, https:\/\/www.besterpcba.com\/wp-content\/uploads\/2023\/07\/Untitled-design-10-768x576.jpg 768w\" sizes=\"(max-width: 1200px) 100vw, 1200px\" \/><\/figure>\n<\/div><\/div>\n\n\n\n<div class=\"wp-block-group is-layout-constrained\"><div class=\"wp-block-group__inner-container\"><h3 class=\"wp-block-heading\" id=\"if-needed-add-more-content-here\">Si es necesario, a\u00f1ada m\u00e1s contenido aqu\u00ed.<\/h3>\n\n\n<p>En MOKO, realizamos manual y automatizado a trav\u00e9s de agujero PCB montaje seg\u00fan los requisitos de proyecto diferentes. En t\u00e9rminos generales, hacemos inserci\u00f3n de componentes de mano y soldadura de mano para proyectos de montaje muy complicados y utilizar t\u00e9cnicas automatizadas de PCB de agujero pasante para la producci\u00f3n de peque\u00f1o volumen.<\/p>\n<\/div><\/div>\n<\/div><\/div>\n<\/div><\/div>\n\n\n\n<div class=\"wp-block-group bs-slider-outer-group bs-slider-flex-full is-layout-constrained\"><div class=\"wp-block-group__inner-container\"><h2 class=\"wp-block-heading\" id=\"solutions-for-automotive\">Soluciones para automoci\u00f3n<\/h2>\n\n\n<div class=\"wp-block-group bs-slider-group bs-slider-mk is-layout-constrained\"><div class=\"wp-block-group__inner-container\">\n<div class=\"wp-block-group bs-slider-item is-layout-constrained\"><div class=\"wp-block-group__inner-container\">\n<figure class=\"wp-block-image size-full\"><img decoding=\"async\" loading=\"lazy\" width=\"1200\" height=\"900\" src=\"https:\/\/www.besterpcba.com\/wp-content\/uploads\/2023\/07\/Untitled-design-18.jpg\" alt=\"Dise\u00f1o sin t\u00edtulo (18)\" class=\"wp-image-6888\" srcset=\"https:\/\/www.besterpcba.com\/wp-content\/uploads\/2023\/07\/Untitled-design-18.jpg 1200w, https:\/\/www.besterpcba.com\/wp-content\/uploads\/2023\/07\/Untitled-design-18-300x225.jpg 300w, https:\/\/www.besterpcba.com\/wp-content\/uploads\/2023\/07\/Untitled-design-18-1024x768.jpg 1024w, https:\/\/www.besterpcba.com\/wp-content\/uploads\/2023\/07\/Untitled-design-18-768x576.jpg 768w\" sizes=\"(max-width: 1200px) 100vw, 1200px\" \/><\/figure>\n\n\n<h4 class=\"wp-block-heading\" id=\"prototyping\">Creaci\u00f3n de prototipos<\/h4>\n\n\n<p class=\"base_rect_block_button\"><span><a href=\"https:\/\/www.besterpcba.com\/es\/prototipo-pcb\/\">Explorar ahora<\/a><\/span><\/p>\n<\/div><\/div>\n\n\n\n<div class=\"wp-block-group bs-slider-item is-layout-constrained\"><div class=\"wp-block-group__inner-container\">\n<figure class=\"wp-block-image size-full\"><img decoding=\"async\" loading=\"lazy\" width=\"1200\" height=\"900\" src=\"https:\/\/www.besterpcba.com\/wp-content\/uploads\/2023\/07\/Untitled-design-13.jpg\" alt=\"Dise\u00f1o sin t\u00edtulo (13)\" class=\"wp-image-6885\" srcset=\"https:\/\/www.besterpcba.com\/wp-content\/uploads\/2023\/07\/Untitled-design-13.jpg 1200w, https:\/\/www.besterpcba.com\/wp-content\/uploads\/2023\/07\/Untitled-design-13-300x225.jpg 300w, https:\/\/www.besterpcba.com\/wp-content\/uploads\/2023\/07\/Untitled-design-13-1024x768.jpg 1024w, https:\/\/www.besterpcba.com\/wp-content\/uploads\/2023\/07\/Untitled-design-13-768x576.jpg 768w\" sizes=\"(max-width: 1200px) 100vw, 1200px\" \/><\/figure>\n\n\n<h4 class=\"wp-block-heading\" id=\"pcb-design\">Dise\u00f1o de PCB<\/h4>\n\n\n<p class=\"base_rect_block_button\"><span><a href=\"https:\/\/www.besterpcba.com\/es\/pcb-desgin\/\">Explorar ahora<\/a><\/span><\/p>\n<\/div><\/div>\n\n\n\n<div class=\"wp-block-group bs-slider-item is-layout-constrained\"><div class=\"wp-block-group__inner-container\">\n<figure class=\"wp-block-image size-full\"><img decoding=\"async\" loading=\"lazy\" width=\"1200\" height=\"900\" src=\"https:\/\/www.besterpcba.com\/wp-content\/uploads\/2023\/07\/Untitled-design-17.jpg\" alt=\"Dise\u00f1o sin t\u00edtulo (17)\" class=\"wp-image-6887\" srcset=\"https:\/\/www.besterpcba.com\/wp-content\/uploads\/2023\/07\/Untitled-design-17.jpg 1200w, https:\/\/www.besterpcba.com\/wp-content\/uploads\/2023\/07\/Untitled-design-17-300x225.jpg 300w, https:\/\/www.besterpcba.com\/wp-content\/uploads\/2023\/07\/Untitled-design-17-1024x768.jpg 1024w, https:\/\/www.besterpcba.com\/wp-content\/uploads\/2023\/07\/Untitled-design-17-768x576.jpg 768w\" sizes=\"(max-width: 1200px) 100vw, 1200px\" \/><\/figure>\n\n\n<h4 class=\"wp-block-heading\" id=\"pcb-assemly\">Montaje de PCB<\/h4>\n\n\n<p class=\"base_rect_block_button\"><span><a href=\"https:\/\/www.besterpcba.com\/es\/ensamblaje-de-pcb\/\">Explorar ahora<\/a><\/span><\/p>\n<\/div><\/div>\n\n\n\n<div class=\"wp-block-group bs-slider-item is-layout-constrained\"><div class=\"wp-block-group__inner-container\">\n<figure class=\"wp-block-image size-full\"><img decoding=\"async\" loading=\"lazy\" width=\"1200\" height=\"900\" src=\"https:\/\/www.besterpcba.com\/wp-content\/uploads\/2023\/07\/Untitled-design-19.jpg\" alt=\"Dise\u00f1o sin t\u00edtulo (19)\" class=\"wp-image-6889\" srcset=\"https:\/\/www.besterpcba.com\/wp-content\/uploads\/2023\/07\/Untitled-design-19.jpg 1200w, https:\/\/www.besterpcba.com\/wp-content\/uploads\/2023\/07\/Untitled-design-19-300x225.jpg 300w, https:\/\/www.besterpcba.com\/wp-content\/uploads\/2023\/07\/Untitled-design-19-1024x768.jpg 1024w, https:\/\/www.besterpcba.com\/wp-content\/uploads\/2023\/07\/Untitled-design-19-768x576.jpg 768w\" sizes=\"(max-width: 1200px) 100vw, 1200px\" \/><\/figure>\n\n\n<h4 class=\"wp-block-heading\" id=\"testing-and-inspection\">Pruebas e inspecci\u00f3n<\/h4>\n\n\n<p class=\"base_rect_block_button\"><span><a href=\"https:\/\/www.besterpcba.com\/es\/pruebas-funcionales\/\">Explorar ahora<\/a><\/span><\/p>\n<\/div><\/div>\n<\/div><\/div>\n<\/div><\/div>\n\n\n\n<div class=\"wp-block-group bs_hide bs-slider-outer-group bs-slider-flex-full is-layout-constrained\"><div class=\"wp-block-group__inner-container\"><h2 class=\"wp-block-heading\" id=\"products-for-automotive\">Productos para automoci\u00f3n<\/h2>\n\n\n<div class=\"wp-block-group bs-slider-group bs-slider-pd is-layout-constrained\"><div class=\"wp-block-group__inner-container\">\n<div class=\"wp-block-group bs-slider-item is-layout-constrained\"><div class=\"wp-block-group__inner-container\">\n<figure class=\"wp-block-image size-large\"><img decoding=\"async\" loading=\"lazy\" width=\"1024\" height=\"768\" src=\"https:\/\/www.besterpcba.com\/wp-content\/uploads\/2023\/07\/Untitled-design-12-1024x768.jpg\" alt=\"Dise\u00f1o sin t\u00edtulo (12)\" class=\"wp-image-6895\" srcset=\"https:\/\/www.besterpcba.com\/wp-content\/uploads\/2023\/07\/Untitled-design-12-1024x768.jpg 1024w, https:\/\/www.besterpcba.com\/wp-content\/uploads\/2023\/07\/Untitled-design-12-300x225.jpg 300w, https:\/\/www.besterpcba.com\/wp-content\/uploads\/2023\/07\/Untitled-design-12-768x576.jpg 768w, https:\/\/www.besterpcba.com\/wp-content\/uploads\/2023\/07\/Untitled-design-12.jpg 1200w\" sizes=\"(max-width: 1024px) 100vw, 1024px\" \/><\/figure>\n\n\n<h4 class=\"wp-block-heading\" id=\"bike-light\">Luz de bicicleta<\/h4>\n\n\n<p>ssasdffasffafd<\/p>\n<\/div><\/div>\n\n\n\n<div class=\"wp-block-group bs-slider-item is-layout-constrained\"><div class=\"wp-block-group__inner-container\">\n<figure class=\"wp-block-image size-large\"><img decoding=\"async\" loading=\"lazy\" width=\"1024\" height=\"768\" src=\"https:\/\/www.besterpcba.com\/wp-content\/uploads\/2023\/07\/Untitled-design-21-1024x768.jpg\" alt=\"Dise\u00f1o sin t\u00edtulo (21)\" class=\"wp-image-6893\" srcset=\"https:\/\/www.besterpcba.com\/wp-content\/uploads\/2023\/07\/Untitled-design-21-1024x768.jpg 1024w, https:\/\/www.besterpcba.com\/wp-content\/uploads\/2023\/07\/Untitled-design-21-300x225.jpg 300w, https:\/\/www.besterpcba.com\/wp-content\/uploads\/2023\/07\/Untitled-design-21-768x576.jpg 768w, https:\/\/www.besterpcba.com\/wp-content\/uploads\/2023\/07\/Untitled-design-21.jpg 1200w\" sizes=\"(max-width: 1024px) 100vw, 1024px\" \/><\/figure>\n\n\n<h4 class=\"wp-block-heading\" id=\"motion-sensor\">Sensor de movimiento<\/h4>\n\n\n<p>ssasdffasffafd<\/p>\n<\/div><\/div>\n\n\n\n<div class=\"wp-block-group bs-slider-item is-layout-constrained\"><div class=\"wp-block-group__inner-container\">\n<figure class=\"wp-block-image size-large\"><img decoding=\"async\" loading=\"lazy\" width=\"1024\" height=\"768\" src=\"https:\/\/www.besterpcba.com\/wp-content\/uploads\/2023\/07\/Untitled-design-20-1024x768.jpg\" alt=\"Dise\u00f1o sin t\u00edtulo (20)\" class=\"wp-image-6892\" srcset=\"https:\/\/www.besterpcba.com\/wp-content\/uploads\/2023\/07\/Untitled-design-20-1024x768.jpg 1024w, https:\/\/www.besterpcba.com\/wp-content\/uploads\/2023\/07\/Untitled-design-20-300x225.jpg 300w, https:\/\/www.besterpcba.com\/wp-content\/uploads\/2023\/07\/Untitled-design-20-768x576.jpg 768w, https:\/\/www.besterpcba.com\/wp-content\/uploads\/2023\/07\/Untitled-design-20.jpg 1200w\" sizes=\"(max-width: 1024px) 100vw, 1024px\" \/><\/figure>\n\n\n<h4 class=\"wp-block-heading\" id=\"led-light\">Luz LED<\/h4>\n\n\n<p>ssasdffasffafd<\/p>\n<\/div><\/div>\n<\/div><\/div>\n<\/div><\/div>\n\n\n\n<div class=\"wp-block-cover alignfull base_cap base_cap_overlay\"><span aria-hidden=\"true\" class=\"wp-block-cover__background has-contrast-3-background-color has-background-dim-0 has-background-dim\"><\/span><img decoding=\"async\" loading=\"lazy\" width=\"1920\" height=\"1280\" class=\"wp-block-cover__image-background wp-image-2888\" alt=\"\" src=\"https:\/\/www.besterpcba.com\/wp-content\/uploads\/2021\/09\/XP6A4576.jpg\" data-object-fit=\"cover\" srcset=\"https:\/\/www.besterpcba.com\/wp-content\/uploads\/2021\/09\/XP6A4576.jpg 1920w, https:\/\/www.besterpcba.com\/wp-content\/uploads\/2021\/09\/XP6A4576-300x200.jpg 300w, https:\/\/www.besterpcba.com\/wp-content\/uploads\/2021\/09\/XP6A4576-1024x683.jpg 1024w, https:\/\/www.besterpcba.com\/wp-content\/uploads\/2021\/09\/XP6A4576-768x512.jpg 768w, https:\/\/www.besterpcba.com\/wp-content\/uploads\/2021\/09\/XP6A4576-1600x1067.jpg 1600w, https:\/\/www.besterpcba.com\/wp-content\/uploads\/2021\/09\/XP6A4576-1536x1024.jpg 1536w\" sizes=\"(max-width: 1920px) 100vw, 1920px\" \/><div class=\"wp-block-cover__inner-container\">\n<div class=\"wp-block-group base_cap_inner base_cap_inner_1 is-layout-constrained\"><div class=\"wp-block-group__inner-container\"><h2 class=\"wp-block-heading\" id=\"electronics-manufacturing-capabilities-at-bester\">Capacidades de fabricaci\u00f3n electr\u00f3nica en Bester<\/h2>\n\n\n<div class='base_cap_button_wrapper'><p class=\"base_cap_button\"><a href=\"https:\/\/www.besterpcba.com\/es\/pongase-en-contacto-con\/\" data-type=\"page\" data-id=\"1358\">Obtener presupuesto<\/a><\/p><\/div>\n<\/div><\/div>\n\n\n\n<div class=\"wp-block-group base_cap_inner base_cap_inner_2 is-layout-constrained\"><div class=\"wp-block-group__inner-container\"><h3 class=\"wp-block-heading\" id=\"manufacturing-capabilities\">Capacidad de fabricaci\u00f3n<\/h3>\n\n\n<ul>\n<li>100% Control de componentes ESD<\/li>\n\n\n\n<li>4 l\u00edneas SMT<\/li>\n\n\n\n<li>2 l\u00edneas DIP<\/li>\n\n\n\n<li>20 Soldadura autom\u00e1tica robotizada<\/li>\n\n\n\n<li>Mecanizado CNC<\/li>\n\n\n\n<li>Recubrimiento conforme automatizado<\/li>\n\n\n\n<li>Moldeo por inyecci\u00f3n<\/li>\n\n\n\n<li>Impresi\u00f3n 3D<\/li>\n<\/ul>\n<\/div><\/div>\n\n\n\n<div class=\"wp-block-group base_cap_inner base_cap_inner_3 is-layout-constrained\"><div class=\"wp-block-group__inner-container\"><h3 class=\"wp-block-heading\" id=\"certifications\">Certificaciones<\/h3>\n\n\n<ul>\n<li>ISO 9001<\/li>\n\n\n\n<li>UL<\/li>\n\n\n\n<li>SGS<\/li>\n\n\n\n<li>CIP<\/li>\n\n\n\n<li>RoHS<\/li>\n\n\n\n<li>CE<\/li>\n\n\n\n<li>FCC<\/li>\n\n\n\n<li>SRDI<\/li>\n\n\n\n<li>HNTE<\/li>\n<\/ul>\n<\/div><\/div>\n<\/div><\/div>\n\n\n\n<div class = \"bs_logos_outer_group\">\r\n  <div class = \"bs_logos_outer_group_inner\">\r\n    <div class = 'base_why_us_same_header'>\r\n        <h2>Clientes y certificaciones<\/h2>\r\n    <\/div>\r\n    <div class=\"bs_logos\">\r\n      <div class=\"bs_logos_slide\">\r\n        <img decoding=\"async\" src=\"https:\/\/www.besterpcba.com\/wp-content\/uploads\/2021\/10\/UL-RED.png\" \/>\r\n        <img decoding=\"async\" src=\"https:\/\/www.besterpcba.com\/wp-content\/uploads\/2021\/10\/logo-ipc-2.png\" \/>\r\n        <img decoding=\"async\" src=\"https:\/\/www.besterpcba.com\/wp-content\/uploads\/2021\/10\/rohs-green.png\" \/>\r\n      <\/div>\r\n    <\/div>\r\n  <\/div>\r\n<\/div>\r\n\r\n<script>\r\n  var copy = document.querySelector(\".bs_logos_slide\").cloneNode(true);\r\n  document.querySelector(\".bs_logos\").appendChild(copy);\r\n<\/script>\n\n\n\n<div class=\"wp-block-cover alignfull is-light base_why_us base_why_us_2 light_cover why_us_inner_indi_border fill_svg_color_blue\"><span aria-hidden=\"true\" class=\"wp-block-cover__background has-background-dim-0 has-background-dim\"><\/span><div class=\"wp-block-cover__inner-container\">\n<div class=\"wp-block-group base_why_us_inner base_why_us_inner_100 is-layout-constrained\"><div class=\"wp-block-group__inner-container\"><h2 class=\"wp-block-heading\" id=\"why-choose-bester\">Por qu\u00e9 elegir Bester<\/h2><\/div><\/div>\n\n\n\n<div class=\"wp-block-group base_why_us_inner_indi is-layout-constrained\"><div class=\"wp-block-group__inner-container\">\n<div class=\"wp-block-group base_why_us_inner_indi_icon base_why_us_inner_indi_icon_top_left is-layout-constrained\"><div class=\"wp-block-group__inner-container\">\n<figure class=\"wp-block-image size-full\"><img decoding=\"async\" src=\"https:\/\/www.besterpcba.com\/wp-content\/uploads\/2023\/06\/industrial-robot-industry-svgrepo-com.svg\" alt=\"Robots Industriales Svgrepo Com\" class=\"wp-image-5750\"\/><\/figure>\n\n\n<h3 class=\"wp-block-heading\" id=\"strong-assembly-capacities\">Gran capacidad de montaje<\/h3><\/div><\/div>\n\n\n\n<p>Nuestro proceso de montaje SMT sigue estrictamente altos est\u00e1ndares y cumple con ISO9001, IPC y UL. Aplicamos varios m\u00e9todos de prueba e inspecci\u00f3n para garantizar la alta calidad de cada PCBA, incluyendo AOI, pruebas de rayos X, pruebas funcionales, etc.<\/p>\n<\/div><\/div>\n\n\n\n<div class=\"wp-block-group base_why_us_inner_indi is-layout-constrained\"><div class=\"wp-block-group__inner-container\">\n<div class=\"wp-block-group base_why_us_inner_indi_icon base_why_us_inner_indi_icon_top_left is-layout-constrained\"><div class=\"wp-block-group__inner-container\">\n<figure class=\"wp-block-image size-full\"><img decoding=\"async\" src=\"https:\/\/www.besterpcba.com\/wp-content\/uploads\/2023\/06\/worker-svgrepo-com.svg\" alt=\"Trabajador Svgrepo Com\" class=\"wp-image-5748\"\/><\/figure>\n\n\n<h3 class=\"wp-block-heading\" id=\"quality-assurance\">Garant\u00eda de calidad<\/h3><\/div><\/div>\n\n\n\n<p>Nuestro proceso de montaje SMT sigue estrictamente altos est\u00e1ndares y cumple con ISO9001, IPC y UL. Aplicamos varios m\u00e9todos de prueba e inspecci\u00f3n para garantizar la alta calidad de cada PCBA, incluyendo AOI, pruebas de rayos X, pruebas funcionales, etc.<\/p>\n<\/div><\/div>\n\n\n\n<div class=\"wp-block-group base_why_us_inner_indi is-layout-constrained\"><div class=\"wp-block-group__inner-container\">\n<div class=\"wp-block-group base_why_us_inner_indi_icon base_why_us_inner_indi_icon_top_left is-layout-constrained\"><div class=\"wp-block-group__inner-container\">\n<figure class=\"wp-block-image size-full\"><img decoding=\"async\" src=\"https:\/\/www.besterpcba.com\/wp-content\/uploads\/2023\/06\/blueprint-svgrepo-com.svg\" alt=\"Blueprint Svgrepo Com\" class=\"wp-image-5752\"\/><\/figure>\n\n\n<h3 class=\"wp-block-heading\" id=\"onestop-service\">Servicio de ventanilla \u00fanica<\/h3><\/div><\/div>\n\n\n\n<p>Nuestro proceso de montaje SMT sigue estrictamente altos est\u00e1ndares y cumple con ISO9001, IPC y UL. Aplicamos varios m\u00e9todos de prueba e inspecci\u00f3n para garantizar la alta calidad de cada PCBA, incluyendo AOI, pruebas de rayos X, pruebas funcionales, etc.<\/p>\n<\/div><\/div>\n\n\n\n<div class=\"wp-block-group base_why_us_inner_indi is-layout-constrained\"><div class=\"wp-block-group__inner-container\">\n<div class=\"wp-block-group base_why_us_inner_indi_icon base_why_us_inner_indi_icon_top_left is-layout-constrained\"><div class=\"wp-block-group__inner-container\">\n<figure class=\"wp-block-image size-full\"><img decoding=\"async\" src=\"https:\/\/www.besterpcba.com\/wp-content\/uploads\/2023\/06\/pushcart-svgrepo-com.svg\" alt=\"Pushcart Svgrepo Com\" class=\"wp-image-5746\"\/><\/figure>\n\n\n<h3 class=\"wp-block-heading\" id=\"fast-turnaround\">Entrega r\u00e1pida<\/h3><\/div><\/div>\n\n\n\n<p>Nuestro proceso de montaje SMT sigue estrictamente altos est\u00e1ndares y cumple con ISO9001, IPC y UL. Aplicamos varios m\u00e9todos de prueba e inspecci\u00f3n para garantizar la alta calidad de cada PCBA, incluyendo AOI, pruebas de rayos X, pruebas funcionales, etc.<\/p>\n<\/div><\/div>\n<\/div><\/div>\n\n\n\n<div class=\"wp-block-cover alignfull is-light base_footer\"><span aria-hidden=\"true\" class=\"wp-block-cover__background has-background-dim-0 has-background-dim\"><\/span><img decoding=\"async\" loading=\"lazy\" width=\"3226\" height=\"1400\" class=\"wp-block-cover__image-background wp-image-5726\" alt=\"5d10fb377791dacec4062c61 Bg Mid\" src=\"https:\/\/www.besterpcba.com\/wp-content\/uploads\/2023\/06\/5d10fb377791dacec4062c61_bg-mid.png\" data-object-fit=\"cover\" srcset=\"https:\/\/www.besterpcba.com\/wp-content\/uploads\/2023\/06\/5d10fb377791dacec4062c61_bg-mid.png 3226w, https:\/\/www.besterpcba.com\/wp-content\/uploads\/2023\/06\/5d10fb377791dacec4062c61_bg-mid-300x130.png 300w, https:\/\/www.besterpcba.com\/wp-content\/uploads\/2023\/06\/5d10fb377791dacec4062c61_bg-mid-1024x444.png 1024w, https:\/\/www.besterpcba.com\/wp-content\/uploads\/2023\/06\/5d10fb377791dacec4062c61_bg-mid-768x333.png 768w, https:\/\/www.besterpcba.com\/wp-content\/uploads\/2023\/06\/5d10fb377791dacec4062c61_bg-mid-1600x694.png 1600w, https:\/\/www.besterpcba.com\/wp-content\/uploads\/2023\/06\/5d10fb377791dacec4062c61_bg-mid-1536x667.png 1536w, https:\/\/www.besterpcba.com\/wp-content\/uploads\/2023\/06\/5d10fb377791dacec4062c61_bg-mid-2048x889.png 2048w\" sizes=\"(max-width: 3226px) 100vw, 3226px\" \/><div class=\"wp-block-cover__inner-container\">\n<p class=\"has-text-align-center has-large-font-size\">\u00bfPreparado para iniciar sus proyectos de montaje de placas de circuito impreso?<\/p>\n\n\n\n<div class='base_cover_button_wrapper'><p class=\"base_cover_button\"><a href=\"https:\/\/www.besterpcba.com\/es\/pongase-en-contacto-con\/\" data-type=\"page\" data-id=\"1358\">Contacte con nosotros<\/a><\/p><\/div>\n<\/div><\/div>","protected":false},"excerpt":{"rendered":"<p>Fabricante integral de PCBA<\/p>\n<p>Automoci\u00f3n<\/p>\n<p>Con m\u00e1s de 10 a\u00f1os de experiencia en la fabricaci\u00f3n de PCB, hemos manejado cientos de miles de proyectos de PCB, y cubierto casi todo tipo de materiales de sustrato, incluyendo FR4, aluminio, Rogers, etc.&nbsp;<\/p>","protected":false},"author":1,"featured_media":0,"parent":0,"menu_order":0,"comment_status":"closed","ping_status":"closed","template":"","meta":{"article_term":"","article_term_alternate":"","article_term_def":"","article_hook":"","auto_links":"","article_topic":"","article_fact_check":"","mt_social_share":"","mt_content_meta":"","mt_glossary_display":"","glossary_heading":"","glossary":"","glossary_alter":"","glossary_def":"","article_task":""},"_links":{"self":[{"href":"https:\/\/www.besterpcba.com\/es\/wp-json\/wp\/v2\/pages\/6755"}],"collection":[{"href":"https:\/\/www.besterpcba.com\/es\/wp-json\/wp\/v2\/pages"}],"about":[{"href":"https:\/\/www.besterpcba.com\/es\/wp-json\/wp\/v2\/types\/page"}],"author":[{"embeddable":true,"href":"https:\/\/www.besterpcba.com\/es\/wp-json\/wp\/v2\/users\/1"}],"replies":[{"embeddable":true,"href":"https:\/\/www.besterpcba.com\/es\/wp-json\/wp\/v2\/comments?post=6755"}],"version-history":[{"count":55,"href":"https:\/\/www.besterpcba.com\/es\/wp-json\/wp\/v2\/pages\/6755\/revisions"}],"predecessor-version":[{"id":7147,"href":"https:\/\/www.besterpcba.com\/es\/wp-json\/wp\/v2\/pages\/6755\/revisions\/7147"}],"wp:attachment":[{"href":"https:\/\/www.besterpcba.com\/es\/wp-json\/wp\/v2\/media?parent=6755"}],"curies":[{"name":"wp","href":"https:\/\/api.w.org\/{rel}","templated":true}]}}