{"id":7217,"date":"2023-07-28T07:22:49","date_gmt":"2023-07-28T07:22:49","guid":{"rendered":"https:\/\/www.besterpcba.com\/?page_id=7217"},"modified":"2023-08-08T02:11:36","modified_gmt":"2023-08-08T02:11:36","slug":"smt-stencil","status":"publish","type":"page","link":"https:\/\/www.besterpcba.com\/es\/smt-stencil\/","title":{"rendered":"Est\u00e9ncil SMT"},"content":{"rendered":"<div class=\"wp-block-cover alignfull base_cover base_cover_overlay_grad\"><span aria-hidden=\"true\" class=\"wp-block-cover__background has-background-dim-0 has-background-dim\"><\/span><img decoding=\"async\" loading=\"lazy\" width=\"1920\" height=\"768\" class=\"wp-block-cover__image-background wp-image-5170\" alt=\"Gorra Banner\" src=\"https:\/\/www.besterpcba.com\/wp-content\/uploads\/2023\/06\/cap-banner.jpg\" data-object-fit=\"cover\" srcset=\"https:\/\/www.besterpcba.com\/wp-content\/uploads\/2023\/06\/cap-banner.jpg 1920w, https:\/\/www.besterpcba.com\/wp-content\/uploads\/2023\/06\/cap-banner-300x120.jpg 300w, https:\/\/www.besterpcba.com\/wp-content\/uploads\/2023\/06\/cap-banner-1024x410.jpg 1024w, https:\/\/www.besterpcba.com\/wp-content\/uploads\/2023\/06\/cap-banner-768x307.jpg 768w, https:\/\/www.besterpcba.com\/wp-content\/uploads\/2023\/06\/cap-banner-1600x640.jpg 1600w, https:\/\/www.besterpcba.com\/wp-content\/uploads\/2023\/06\/cap-banner-1536x614.jpg 1536w\" sizes=\"(max-width: 1920px) 100vw, 1920px\" \/><div class=\"wp-block-cover__inner-container\">\n<div class=\"wp-block-group is-layout-constrained\"><div class=\"wp-block-group__inner-container\"><div class=\"breadcrumbs\" typeof=\"BreadcrumbList\" vocab=\"https:\/\/schema.org\/\"><span property=\"itemListElement\" typeof=\"ListItem\"><a property=\"item\" typeof=\"WebPage\" title=\"Ir a One Stop PCBA Manufacturer.\" href=\"https:\/\/www.besterpcba.com\/es\" class=\"home\" aria-current=\"page\"><span property=\"name\">Fabricante integral de PCBA<\/span><\/a><meta property=\"position\" content=\"1\"><\/span><\/div>\n\n<h1 class=\"wp-block-heading\" id=\"smt-stencil\">Est\u00e9ncil SMT<\/h1>\n\n\n<p>Precisi\u00f3n, eficacia y fiabilidad<\/p>\n\n\n\n<div class='base_cover_button_wrapper'><p class=\"base_header_button\"><a href=\"https:\/\/www.besterpcba.com\/es\/pongase-en-contacto-con\/\" data-type=\"page\" data-id=\"1358\">Obtener presupuesto gratuito<\/a><\/p><\/div>\n<\/div><\/div>\n<\/div><\/div>\n\n\n\n<div class=\"wp-duotone-unset-5 wp-block-cover alignfull base_cover_bg\"><span aria-hidden=\"true\" class=\"wp-block-cover__background has-contrast-background-color has-background-dim-0 has-background-dim\"><\/span><div class=\"wp-block-cover__inner-container\"><h2 class=\"wp-block-heading has-text-align-center bs_hide has-large-font-size\" id=\"why-work-with-us-for-smt-assembly\">\u00bfPor qu\u00e9 trabajar con nosotros en montaje SMT?<\/h2>\n\n\n<div class=\"wp-block-group alignfull base_txt_img base_txt_img_r base_txt_img_large is-layout-constrained\"><div class=\"wp-block-group__inner-container\">\n<div class=\"wp-block-group is-layout-constrained\"><div class=\"wp-block-group__inner-container\">\n<figure class=\"wp-block-image size-large\"><img decoding=\"async\" loading=\"lazy\" width=\"1024\" height=\"768\" src=\"https:\/\/www.besterpcba.com\/wp-content\/uploads\/2023\/07\/smt-stencil-1024x768.jpg\" alt=\"Plantilla Smt\" class=\"wp-image-7218\" srcset=\"https:\/\/www.besterpcba.com\/wp-content\/uploads\/2023\/07\/smt-stencil-1024x768.jpg 1024w, https:\/\/www.besterpcba.com\/wp-content\/uploads\/2023\/07\/smt-stencil-300x225.jpg 300w, https:\/\/www.besterpcba.com\/wp-content\/uploads\/2023\/07\/smt-stencil-768x576.jpg 768w, https:\/\/www.besterpcba.com\/wp-content\/uploads\/2023\/07\/smt-stencil.jpg 1200w\" sizes=\"(max-width: 1024px) 100vw, 1024px\" \/><\/figure>\n<\/div><\/div>\n\n\n\n<div class=\"wp-block-group is-layout-constrained\"><div class=\"wp-block-group__inner-container\"><h2 class=\"wp-block-heading\" id=\"smt-stencil\">Est\u00e9ncil SMT<\/h2>\n\n\n<p>En Bester, nos enorgullecemos de ofrecer una amplia gama de servicios para satisfacer todas sus necesidades de ensamblaje de circuitos impresos (PCBA). Uno de nuestros servicios especializados es el est\u00e9ncil SMT, un paso crucial en el proceso de PCBA. El est\u00e9ncil SMT, tambi\u00e9n conocido como est\u00e9ncil de pasta de soldadura, es una fina l\u00e1mina de metal con aberturas precisas que se utiliza para aplicar pasta de soldadura en la placa de circuito impreso antes de colocar los componentes. Este est\u00e9ncil desempe\u00f1a un papel fundamental a la hora de garantizar una deposici\u00f3n precisa y uniforme de la pasta de soldadura, minimizar los defectos y mejorar la calidad general de la uni\u00f3n soldada. Mediante el uso de t\u00e9cnicas avanzadas y equipos de \u00faltima generaci\u00f3n, somos capaces de proporcionar est\u00e9nciles SMT de alta calidad que se ajustan perfectamente a sus especificaciones de dise\u00f1o de PCB. Nuestro experimentado equipo analiza meticulosamente el dise\u00f1o de su placa de circuito impreso, teniendo en cuenta factores como la colocaci\u00f3n de los componentes y los requisitos de la pasta de soldadura, para crear plantillas que garanticen una aplicaci\u00f3n precisa y fiable de la pasta de soldadura. Con el servicio de plantillas SMT de Bester, puede esperar resultados excepcionales y una mayor eficacia en el montaje de placas de circuito impreso, lo que en \u00faltima instancia se traducir\u00e1 en un rendimiento superior del producto.<\/p>\n<\/div><\/div>\n<\/div><\/div>\n<\/div><\/div>\n\n\n\n<div class=\"wp-block-cover alignfull base_cover_list_side_img base_cover_list base_cover_overlay dark_cover base_cap_overlay_greenblue\"><span aria-hidden=\"true\" class=\"wp-block-cover__background has-background-dim-0 has-background-dim\"><\/span><img decoding=\"async\" loading=\"lazy\" width=\"1920\" height=\"600\" class=\"wp-block-cover__image-background wp-image-2057\" alt=\"\" src=\"https:\/\/www.besterpcba.com\/wp-content\/uploads\/2021\/09\/\u672a\u6807\u9898-1_0004_\u56fe\u5c42-18.jpg\" data-object-fit=\"cover\" srcset=\"https:\/\/www.besterpcba.com\/wp-content\/uploads\/2021\/09\/\u672a\u6807\u9898-1_0004_\u56fe\u5c42-18.jpg 1920w, https:\/\/www.besterpcba.com\/wp-content\/uploads\/2021\/09\/\u672a\u6807\u9898-1_0004_\u56fe\u5c42-18-300x94.jpg 300w, https:\/\/www.besterpcba.com\/wp-content\/uploads\/2021\/09\/\u672a\u6807\u9898-1_0004_\u56fe\u5c42-18-1024x320.jpg 1024w, https:\/\/www.besterpcba.com\/wp-content\/uploads\/2021\/09\/\u672a\u6807\u9898-1_0004_\u56fe\u5c42-18-768x240.jpg 768w, https:\/\/www.besterpcba.com\/wp-content\/uploads\/2021\/09\/\u672a\u6807\u9898-1_0004_\u56fe\u5c42-18-1600x500.jpg 1600w, https:\/\/www.besterpcba.com\/wp-content\/uploads\/2021\/09\/\u672a\u6807\u9898-1_0004_\u56fe\u5c42-18-1536x480.jpg 1536w\" sizes=\"(max-width: 1920px) 100vw, 1920px\" \/><div class=\"wp-block-cover__inner-container\"><h2 class=\"wp-block-heading has-text-align-center has-large-font-size\" id=\"pcba-capabilities\">Capacidades de PCBA<\/h2>\n\n\n<div class=\"wp-block-group is-layout-constrained\"><div class=\"wp-block-group__inner-container\">\n<dl class=\"cap_dl_col_2\">\n<dt>Tipos de montaje<\/dt>\n<dd>\nTHD (dispositivo pasante)<br>SMT (tecnolog\u00eda de montaje en superficie)<br>SMT y THD mixtos<br>Montaje SMT y THD a 2 caras\n<\/dd>\n <dt>Tipos de PCB<\/dt>\n<dd>\nPlacas de circuito impreso r\u00edgidas, flexibles, r\u00edgido-flexibles, MC, cer\u00e1micas, Rogers\n<\/dd>\n <dt>Dimensiones del tablero<\/dt>\n<dd>\nTama\u00f1o m\u00ednimo: 0,2\u2033 x 0,2\u2033.<br>Tama\u00f1o m\u00e1s grande: 15\u2033 x 20\u2033Blanco, amarillo, negro (Solicitar m\u00e1s opciones)\n<\/dd>\n <dt>Forma del tablero<\/dt>\n<dd>Rectangular<br>Redondo<br>Ranuras y recortes<br>Complejo e irregular\n<\/dd>\n <dt>Tipo de tablero<\/dt>\n<dd>R\u00edgido FR-4<br>Tableros r\u00edgido-flexibles\n<\/dd>\n<dt>Formato del archivo de dise\u00f1o<\/dt>\n<dd>Gerber RS-274X<br>Lista de materiales (.xls, .csv, . xlsx)<br>Centroide (Pick-N-Place\/archivo XY)\n<\/dd>\n <dt>Proceso de montaje<\/dt>\n<dd>Proceso con plomo<br>Sin plomo (RoHS)\n<\/dd>\n <dt>Componentes<\/dt>\n<dd>Piezas pasivas, tama\u00f1o m\u00e1s peque\u00f1o 0201<br>Paso fino hasta 8 Mils<br>BGA, uBGA, QFN, POP y chips sin plomo<br>Conectores y terminales\n<\/dd>\n <dt>Paquete de componentes<\/dt>\n<dd>Carretes<br>Cortar cinta<br>Tubo y bandeja<br>Piezas sueltas y a granel\n<\/dd>\n <dt>Adquisici\u00f3n de piezas<\/dt>\n<dd>Llave en mano completa, Llave en mano parcial, Consignado\/equipado\n<\/dd>\n <dt>Tama\u00f1o del componente<\/dt>\n<dd>Componentes m\u00e1s peque\u00f1os, Micro BGA, Montaje de piezas de paso fino\n<\/dd>\n <dt>Plantillas<\/dt>\n<dd>Nanorrevestimiento, Acero inoxidable cortado con l\u00e1ser\n<\/dd>\n <dt>Soldadura<\/dt>\n<dd>Soldadura por reflujo, soldadura por ola\n<\/dd>\n <dt>M\u00e9todo de ensayo<\/dt>\n<dd>AOI (inspecci\u00f3n \u00f3ptica automatizada)<br>Inspecci\u00f3n visual<br>Inspecci\u00f3n por rayos X<br>Prueba de la sonda volante<br>Pruebas TIC<br>Pruebas funcionales\n<\/dd>\n <dt>Reparaci\u00f3n y reparaci\u00f3n<\/dt>\n<dd>Sustituci\u00f3n de la rejilla de bolas, reparaci\u00f3n de IR\n<\/dd>\n <dt>Plazo de entrega<\/dt>\n<dd>1-5 d\u00edas s\u00f3lo para el montaje de placas de circuito impreso<br>10-16 d\u00edas para el montaje llave en mano de placas de circuito impreso\n<\/dd>\n <dt>Capacidad de producci\u00f3n<\/dt>\n<dd>4 l\u00edneas SMT, 2 l\u00edneas de producci\u00f3n DIP, 20 l\u00edneas autom\u00e1ticas de soldadura robotizada\n<\/dd>\n<\/dl>\n<\/div><\/div>\n<\/div><\/div>\n\n\n\n<div class=\"wp-block-cover alignfull is-light base_why_us base_why_us_2 light_cover why_us_inner_indi_border fill_svg_color_blue\"><span aria-hidden=\"true\" class=\"wp-block-cover__background has-background-dim-0 has-background-dim\"><\/span><div class=\"wp-block-cover__inner-container\">\n<div class=\"wp-block-group base_why_us_inner base_why_us_inner_100 is-layout-constrained\"><div class=\"wp-block-group__inner-container\">\n<h2 class=\"wp-block-heading\">Por qu\u00e9 elegir Bester<\/h2>\n<\/div><\/div>\n\n\n\n<div class=\"wp-block-group base_why_us_inner_indi is-layout-constrained\"><div class=\"wp-block-group__inner-container\">\n<div class=\"wp-block-group base_why_us_inner_indi_icon base_why_us_inner_indi_icon_top_left is-layout-constrained\"><div class=\"wp-block-group__inner-container\">\n<figure class=\"wp-block-image size-full\"><img decoding=\"async\" src=\"https:\/\/www.besterpcba.com\/wp-content\/uploads\/2023\/06\/industrial-robot-industry-svgrepo-com.svg\" alt=\"Robots Industriales Svgrepo Com\" class=\"wp-image-5750\"\/><\/figure>\n\n\n\n<h3 class=\"wp-block-heading\">Gran capacidad de montaje<\/h3>\n<\/div><\/div>\n\n\n\n<p>Con unas instalaciones de \u00faltima generaci\u00f3n y un equipo altamente cualificado, tenemos capacidad para gestionar incluso los proyectos de montaje de placas de circuito impreso m\u00e1s complejos, garantizando que sus productos se fabriquen con eficacia y precisi\u00f3n.<\/p>\n<\/div><\/div>\n\n\n\n<div class=\"wp-block-group base_why_us_inner_indi is-layout-constrained\"><div class=\"wp-block-group__inner-container\">\n<div class=\"wp-block-group base_why_us_inner_indi_icon base_why_us_inner_indi_icon_top_left is-layout-constrained\"><div class=\"wp-block-group__inner-container\">\n<figure class=\"wp-block-image size-full\"><img decoding=\"async\" src=\"https:\/\/www.besterpcba.com\/wp-content\/uploads\/2023\/06\/worker-svgrepo-com.svg\" alt=\"Trabajador Svgrepo Com\" class=\"wp-image-5748\"\/><\/figure>\n\n\n\n<h3 class=\"wp-block-heading\">Garant\u00eda de calidad<\/h3>\n<\/div><\/div>\n\n\n\n<p>Nuestros rigurosos procesos de control de calidad y exhaustivos procedimientos de prueba garantizan que todos los montajes de PCB que producimos cumplen las normas m\u00e1s exigentes del sector en cuanto a fiabilidad y rendimiento, lo que le proporciona tranquilidad y confianza en nuestros servicios.<\/p>\n<\/div><\/div>\n\n\n\n<div class=\"wp-block-group base_why_us_inner_indi is-layout-constrained\"><div class=\"wp-block-group__inner-container\">\n<div class=\"wp-block-group base_why_us_inner_indi_icon base_why_us_inner_indi_icon_top_left is-layout-constrained\"><div class=\"wp-block-group__inner-container\">\n<figure class=\"wp-block-image size-full\"><img decoding=\"async\" src=\"https:\/\/www.besterpcba.com\/wp-content\/uploads\/2023\/06\/blueprint-svgrepo-com.svg\" alt=\"Blueprint Svgrepo Com\" class=\"wp-image-5752\"\/><\/figure>\n\n\n\n<h3 class=\"wp-block-heading\">Servicio de ventanilla \u00fanica<\/h3>\n<\/div><\/div>\n\n\n\n<p>Desde la fabricaci\u00f3n y el dise\u00f1o de placas de circuito impreso hasta el suministro de componentes y la programaci\u00f3n de circuitos integrados, Bester ofrece una amplia gama de servicios bajo un mismo techo, lo que agiliza el proceso de producci\u00f3n y le ahorra tiempo y esfuerzo.<\/p>\n<\/div><\/div>\n\n\n\n<div class=\"wp-block-group base_why_us_inner_indi is-layout-constrained\"><div class=\"wp-block-group__inner-container\">\n<div class=\"wp-block-group base_why_us_inner_indi_icon base_why_us_inner_indi_icon_top_left is-layout-constrained\"><div class=\"wp-block-group__inner-container\">\n<figure class=\"wp-block-image size-full\"><img decoding=\"async\" src=\"https:\/\/www.besterpcba.com\/wp-content\/uploads\/2023\/06\/pushcart-svgrepo-com.svg\" alt=\"Pushcart Svgrepo Com\" class=\"wp-image-5746\"\/><\/figure>\n\n\n\n<h3 class=\"wp-block-heading\">Entrega r\u00e1pida<\/h3>\n<\/div><\/div>\n\n\n\n<p>Nuestro compromiso con los plazos de entrega r\u00e1pidos significa que sus proyectos de montaje de PCB se completar\u00e1n a tiempo, lo que le permitir\u00e1 cumplir sus plazos de producci\u00f3n y sacar sus productos al mercado r\u00e1pidamente.<\/p>\n<\/div><\/div>\n<\/div><\/div>\n\n\n\n<div class = \"bs_logos_outer_group\">\r\n  <div class = \"bs_logos_outer_group_inner\">\r\n    <div class = 'base_why_us_same_header'>\r\n        <h2>Clientes y certificaciones<\/h2>\r\n    <\/div>\r\n    <div class=\"bs_logos\">\r\n      <div class=\"bs_logos_slide\">\r\n        <img decoding=\"async\" src=\"https:\/\/www.besterpcba.com\/wp-content\/uploads\/2021\/10\/UL-RED.png\" \/>\r\n        <img decoding=\"async\" src=\"https:\/\/www.besterpcba.com\/wp-content\/uploads\/2021\/10\/logo-ipc-2.png\" \/>\r\n        <img decoding=\"async\" src=\"https:\/\/www.besterpcba.com\/wp-content\/uploads\/2021\/10\/rohs-green.png\" \/>\r\n      <\/div>\r\n    <\/div>\r\n  <\/div>\r\n<\/div>\r\n\r\n<script>\r\n  var copy = document.querySelector(\".bs_logos_slide\").cloneNode(true);\r\n  document.querySelector(\".bs_logos\").appendChild(copy);\r\n<\/script>\n\n\n\n<div class=\"wp-block-cover alignfull base_cap base_cap_overlay\"><span aria-hidden=\"true\" class=\"wp-block-cover__background has-contrast-3-background-color has-background-dim-0 has-background-dim\"><\/span><img decoding=\"async\" loading=\"lazy\" width=\"1920\" height=\"1280\" class=\"wp-block-cover__image-background wp-image-2888\" alt=\"\" src=\"https:\/\/www.besterpcba.com\/wp-content\/uploads\/2021\/09\/XP6A4576.jpg\" data-object-fit=\"cover\" srcset=\"https:\/\/www.besterpcba.com\/wp-content\/uploads\/2021\/09\/XP6A4576.jpg 1920w, https:\/\/www.besterpcba.com\/wp-content\/uploads\/2021\/09\/XP6A4576-300x200.jpg 300w, https:\/\/www.besterpcba.com\/wp-content\/uploads\/2021\/09\/XP6A4576-1024x683.jpg 1024w, https:\/\/www.besterpcba.com\/wp-content\/uploads\/2021\/09\/XP6A4576-768x512.jpg 768w, https:\/\/www.besterpcba.com\/wp-content\/uploads\/2021\/09\/XP6A4576-1600x1067.jpg 1600w, https:\/\/www.besterpcba.com\/wp-content\/uploads\/2021\/09\/XP6A4576-1536x1024.jpg 1536w\" sizes=\"(max-width: 1920px) 100vw, 1920px\" \/><div class=\"wp-block-cover__inner-container\">\n<div class=\"wp-block-group base_cap_inner base_cap_inner_1 is-layout-constrained\"><div class=\"wp-block-group__inner-container\">\n<h2 class=\"wp-block-heading\">Capacidades de fabricaci\u00f3n electr\u00f3nica en Bester<\/h2>\n\n\n\n<div class='base_cap_button_wrapper'><p class=\"base_cap_button\"><a href=\"https:\/\/www.besterpcba.com\/es\/pongase-en-contacto-con\/\" data-type=\"page\" data-id=\"1358\">Obtener presupuesto<\/a><\/p><\/div>\n<\/div><\/div>\n\n\n\n<div class=\"wp-block-group base_cap_inner base_cap_inner_2 is-layout-constrained\"><div class=\"wp-block-group__inner-container\">\n<h3 class=\"wp-block-heading\">Capacidad de fabricaci\u00f3n<\/h3>\n\n\n\n<ul>\n<li>100% Control de componentes ESD<\/li>\n\n\n\n<li>8 l\u00edneas SMT<\/li>\n\n\n\n<li>4 l\u00edneas DIP<\/li>\n\n\n\n<li>40 Soldadura autom\u00e1tica robotizada<\/li>\n\n\n\n<li>Mecanizado CNC<\/li>\n\n\n\n<li>Recubrimiento conforme automatizado<\/li>\n\n\n\n<li>Moldeo por inyecci\u00f3n<\/li>\n\n\n\n<li>Impresi\u00f3n 3D<\/li>\n<\/ul>\n<\/div><\/div>\n\n\n\n<div class=\"wp-block-group base_cap_inner base_cap_inner_3 is-layout-constrained\"><div class=\"wp-block-group__inner-container\">\n<h3 class=\"wp-block-heading\">Certificaciones<\/h3>\n\n\n\n<ul>\n<li>ISO 9001<\/li>\n\n\n\n<li>UL<\/li>\n\n\n\n<li>SGS<\/li>\n\n\n\n<li>CIP<\/li>\n\n\n\n<li>RoHS<\/li>\n\n\n\n<li>CE<\/li>\n\n\n\n<li>FCC<\/li>\n\n\n\n<li>SRDI (Empresa china de \"Especializaci\u00f3n, Perfeccionamiento, Diferenciaci\u00f3n, Innovaci\u00f3n\")<\/li>\n\n\n\n<li>HNTE (Empresa china de alta y nueva tecnolog\u00eda)<\/li>\n<\/ul>\n<\/div><\/div>\n<\/div><\/div>\n\n\n\n<div class=\"wp-block-group alignfull base_rect_blocks bs_shadow_hover_groups is-layout-constrained\"><div class=\"wp-block-group__inner-container\">\n<div class=\"wp-block-group base_why_us_inner base_why_us_inner_100 is-layout-constrained\"><div class=\"wp-block-group__inner-container\">\n<h2 class=\"wp-block-heading\">Industrias a las que servimos<\/h2>\n<\/div><\/div>\n\n\n\n<div class=\"wp-block-group base_rect_block is-layout-constrained\"><div class=\"wp-block-group__inner-container\">\n<figure class=\"wp-block-image size-full\"><img decoding=\"async\" loading=\"lazy\" width=\"1200\" height=\"800\" src=\"https:\/\/www.besterpcba.com\/wp-content\/uploads\/2023\/06\/automotive-market.jpg\" alt=\"Mercado del autom\u00f3vil\" class=\"wp-image-5613\" srcset=\"https:\/\/www.besterpcba.com\/wp-content\/uploads\/2023\/06\/automotive-market.jpg 1200w, https:\/\/www.besterpcba.com\/wp-content\/uploads\/2023\/06\/automotive-market-300x200.jpg 300w, https:\/\/www.besterpcba.com\/wp-content\/uploads\/2023\/06\/automotive-market-1024x683.jpg 1024w, https:\/\/www.besterpcba.com\/wp-content\/uploads\/2023\/06\/automotive-market-768x512.jpg 768w, https:\/\/www.besterpcba.com\/wp-content\/uploads\/2023\/06\/automotive-market-600x400.jpg 600w\" sizes=\"(max-width: 1200px) 100vw, 1200px\" \/><\/figure>\n\n\n\n<div class=\"wp-block-group is-layout-constrained\"><div class=\"wp-block-group__inner-container\">\n<h3 class=\"wp-block-heading\">Automoci\u00f3n<\/h3>\n\n\n\n<p>Somos conscientes del papel fundamental que desempe\u00f1an los PCBA en la industria del autom\u00f3vil. Con nuestros servicios integrales de PCBA, atendemos las necesidades espec\u00edficas de los fabricantes de autom\u00f3viles, ayud\u00e1ndoles a ofrecer sistemas electr\u00f3nicos fiables y de alto rendimiento.<\/p>\n\n\n\n<p class=\"base_rect_block_button\"><span><a href=\"https:\/\/www.besterpcba.com\/es\/automocion\/\">Explorar ahora<\/a><\/span><\/p>\n<\/div><\/div>\n<\/div><\/div>\n\n\n\n<div class=\"wp-block-group base_rect_block is-layout-constrained\"><div class=\"wp-block-group__inner-container\">\n<figure class=\"wp-block-image size-large\"><img decoding=\"async\" loading=\"lazy\" width=\"1024\" height=\"768\" src=\"https:\/\/www.besterpcba.com\/wp-content\/uploads\/2023\/07\/Untitled-design-28-1024x768.jpg\" alt=\"Dise\u00f1o sin t\u00edtulo (28)\" class=\"wp-image-6912\" srcset=\"https:\/\/www.besterpcba.com\/wp-content\/uploads\/2023\/07\/Untitled-design-28-1024x768.jpg 1024w, https:\/\/www.besterpcba.com\/wp-content\/uploads\/2023\/07\/Untitled-design-28-300x225.jpg 300w, https:\/\/www.besterpcba.com\/wp-content\/uploads\/2023\/07\/Untitled-design-28-768x576.jpg 768w, https:\/\/www.besterpcba.com\/wp-content\/uploads\/2023\/07\/Untitled-design-28.jpg 1200w\" sizes=\"(max-width: 1024px) 100vw, 1024px\" \/><\/figure>\n\n\n\n<div class=\"wp-block-group is-layout-constrained\"><div class=\"wp-block-group__inner-container\">\n<h3 class=\"wp-block-heading\">LED<\/h3>\n\n\n\n<p>En el mercado de los LED, Bester proporciona soluciones de PCBA de primera categor\u00eda que son esenciales para la fabricaci\u00f3n de productos de iluminaci\u00f3n LED de alta calidad. Colaboramos estrechamente con los fabricantes de LED para garantizar que sus PCBA cumplan los estrictos requisitos de eficiencia energ\u00e9tica, durabilidad y rendimiento.<\/p>\n\n\n\n<p class=\"base_rect_block_button\"><span><a href=\"https:\/\/www.besterpcba.com\/es\/led\/\">Explorar ahora<\/a><\/span><\/p>\n<\/div><\/div>\n<\/div><\/div>\n\n\n\n<div class=\"wp-block-group base_rect_block is-layout-constrained\"><div class=\"wp-block-group__inner-container\">\n<figure class=\"wp-block-image size-full\"><img decoding=\"async\" loading=\"lazy\" width=\"1200\" height=\"800\" src=\"https:\/\/www.besterpcba.com\/wp-content\/uploads\/2023\/06\/consumer-electronics-market.jpg\" alt=\"Mercado de la electr\u00f3nica de consumo\" class=\"wp-image-5635\" srcset=\"https:\/\/www.besterpcba.com\/wp-content\/uploads\/2023\/06\/consumer-electronics-market.jpg 1200w, https:\/\/www.besterpcba.com\/wp-content\/uploads\/2023\/06\/consumer-electronics-market-300x200.jpg 300w, https:\/\/www.besterpcba.com\/wp-content\/uploads\/2023\/06\/consumer-electronics-market-1024x683.jpg 1024w, https:\/\/www.besterpcba.com\/wp-content\/uploads\/2023\/06\/consumer-electronics-market-768x512.jpg 768w, https:\/\/www.besterpcba.com\/wp-content\/uploads\/2023\/06\/consumer-electronics-market-600x400.jpg 600w\" sizes=\"(max-width: 1200px) 100vw, 1200px\" \/><\/figure>\n\n\n\n<div class=\"wp-block-group is-layout-constrained\"><div class=\"wp-block-group__inner-container\">\n<h3 class=\"wp-block-heading\">Electr\u00f3nica de consumo<\/h3>\n\n\n\n<p>Bester atiende al mercado de la electr\u00f3nica de consumo ofreciendo una amplia gama de servicios de PCBA que permiten la producci\u00f3n de dispositivos electr\u00f3nicos innovadores y f\u00e1ciles de usar. Colaboramos con fabricantes de electr\u00f3nica de consumo para garantizar que sus PCBA cumplan los m\u00e1s altos est\u00e1ndares de calidad y funcionalidad.<\/p>\n\n\n\n<p class=\"base_rect_block_button\"><span><a href=\"https:\/\/www.besterpcba.com\/es\/electronica-de-consumo\/\">Explorar ahora<\/a><\/span><\/p>\n<\/div><\/div>\n<\/div><\/div>\n\n\n\n<div class=\"wp-block-group base_rect_block is-layout-constrained\"><div class=\"wp-block-group__inner-container\">\n<figure class=\"wp-block-image size-full\"><img decoding=\"async\" loading=\"lazy\" width=\"1200\" height=\"800\" src=\"https:\/\/www.besterpcba.com\/wp-content\/uploads\/2023\/06\/industrial-market.jpg\" alt=\"Mercado industrial\" class=\"wp-image-5615\" srcset=\"https:\/\/www.besterpcba.com\/wp-content\/uploads\/2023\/06\/industrial-market.jpg 1200w, https:\/\/www.besterpcba.com\/wp-content\/uploads\/2023\/06\/industrial-market-300x200.jpg 300w, https:\/\/www.besterpcba.com\/wp-content\/uploads\/2023\/06\/industrial-market-1024x683.jpg 1024w, https:\/\/www.besterpcba.com\/wp-content\/uploads\/2023\/06\/industrial-market-768x512.jpg 768w, https:\/\/www.besterpcba.com\/wp-content\/uploads\/2023\/06\/industrial-market-600x400.jpg 600w\" sizes=\"(max-width: 1200px) 100vw, 1200px\" \/><\/figure>\n\n\n\n<div class=\"wp-block-group is-layout-constrained\"><div class=\"wp-block-group__inner-container\">\n<h3 class=\"wp-block-heading\">Industrial<\/h3>\n\n\n\n<p>En el sector industrial, los servicios de PCBA de Bester desempe\u00f1an un papel crucial en el desarrollo de sistemas electr\u00f3nicos fiables y eficientes. Colaboramos estrechamente con los fabricantes de equipos industriales para satisfacer sus requisitos espec\u00edficos, garantizando que nuestros PCBA puedan soportar condiciones ambientales adversas y ofrecer un rendimiento \u00f3ptimo.<\/p>\n\n\n\n<p class=\"base_rect_block_button\"><span><a href=\"https:\/\/www.besterpcba.com\/es\/industrial\/\">Explorar ahora<\/a><\/span><\/p>\n<\/div><\/div>\n<\/div><\/div>\n<\/div><\/div>\n\n\n\n<div class=\"wp-block-cover alignfull is-light base_footer\"><span aria-hidden=\"true\" class=\"wp-block-cover__background has-background-dim-0 has-background-dim\"><\/span><img decoding=\"async\" loading=\"lazy\" width=\"3226\" height=\"1400\" class=\"wp-block-cover__image-background wp-image-5726\" alt=\"5d10fb377791dacec4062c61 Bg Mid\" src=\"https:\/\/www.besterpcba.com\/wp-content\/uploads\/2023\/06\/5d10fb377791dacec4062c61_bg-mid.png\" data-object-fit=\"cover\" srcset=\"https:\/\/www.besterpcba.com\/wp-content\/uploads\/2023\/06\/5d10fb377791dacec4062c61_bg-mid.png 3226w, https:\/\/www.besterpcba.com\/wp-content\/uploads\/2023\/06\/5d10fb377791dacec4062c61_bg-mid-300x130.png 300w, https:\/\/www.besterpcba.com\/wp-content\/uploads\/2023\/06\/5d10fb377791dacec4062c61_bg-mid-1024x444.png 1024w, https:\/\/www.besterpcba.com\/wp-content\/uploads\/2023\/06\/5d10fb377791dacec4062c61_bg-mid-768x333.png 768w, https:\/\/www.besterpcba.com\/wp-content\/uploads\/2023\/06\/5d10fb377791dacec4062c61_bg-mid-1600x694.png 1600w, https:\/\/www.besterpcba.com\/wp-content\/uploads\/2023\/06\/5d10fb377791dacec4062c61_bg-mid-1536x667.png 1536w, https:\/\/www.besterpcba.com\/wp-content\/uploads\/2023\/06\/5d10fb377791dacec4062c61_bg-mid-2048x889.png 2048w\" sizes=\"(max-width: 3226px) 100vw, 3226px\" \/><div class=\"wp-block-cover__inner-container\">\n<p class=\"has-text-align-center has-large-font-size\">\u00bfPreparado para iniciar sus proyectos de montaje de placas de circuito impreso?<\/p>\n\n\n\n<div class='base_cover_button_wrapper'><p class=\"base_cover_button\"><a href=\"https:\/\/www.besterpcba.com\/es\/pongase-en-contacto-con\/\" data-type=\"page\" data-id=\"1358\">Contacte con nosotros<\/a><\/p><\/div>\n<\/div><\/div>","protected":false},"excerpt":{"rendered":"<p>Fabricante integral de PCBA<\/p>\n<p>Est\u00e9ncil SMT<\/p>\n<p>Precisi\u00f3n, eficacia y fiabilidad<\/p>","protected":false},"author":1,"featured_media":0,"parent":0,"menu_order":0,"comment_status":"closed","ping_status":"closed","template":"","meta":{"article_term":"","article_term_alternate":"","article_term_def":"","article_hook":"","auto_links":"","article_topic":"","article_fact_check":"","mt_social_share":"","mt_content_meta":"","mt_glossary_display":"","glossary_heading":"","glossary":"","glossary_alter":"","glossary_def":"","article_task":""},"_links":{"self":[{"href":"https:\/\/www.besterpcba.com\/es\/wp-json\/wp\/v2\/pages\/7217"}],"collection":[{"href":"https:\/\/www.besterpcba.com\/es\/wp-json\/wp\/v2\/pages"}],"about":[{"href":"https:\/\/www.besterpcba.com\/es\/wp-json\/wp\/v2\/types\/page"}],"author":[{"embeddable":true,"href":"https:\/\/www.besterpcba.com\/es\/wp-json\/wp\/v2\/users\/1"}],"replies":[{"embeddable":true,"href":"https:\/\/www.besterpcba.com\/es\/wp-json\/wp\/v2\/comments?post=7217"}],"version-history":[{"count":2,"href":"https:\/\/www.besterpcba.com\/es\/wp-json\/wp\/v2\/pages\/7217\/revisions"}],"predecessor-version":[{"id":7351,"href":"https:\/\/www.besterpcba.com\/es\/wp-json\/wp\/v2\/pages\/7217\/revisions\/7351"}],"wp:attachment":[{"href":"https:\/\/www.besterpcba.com\/es\/wp-json\/wp\/v2\/media?parent=7217"}],"curies":[{"name":"wp","href":"https:\/\/api.w.org\/{rel}","templated":true}]}}