{"id":3316,"date":"2021-09-24T08:53:57","date_gmt":"2021-09-24T08:53:57","guid":{"rendered":"https:\/\/besterpcba.com\/?page_id=3316"},"modified":"2023-07-25T06:27:16","modified_gmt":"2023-07-25T06:27:16","slug":"factory","status":"publish","type":"page","link":"https:\/\/www.besterpcba.com\/fr\/usine\/","title":{"rendered":"Usine"},"content":{"rendered":"<div class=\"wp-block-cover alignfull base_cover base_cover_overlay_grad\"><span aria-hidden=\"true\" class=\"wp-block-cover__background has-background-dim-0 has-background-dim\"><\/span><img decoding=\"async\" loading=\"lazy\" width=\"1920\" height=\"1280\" class=\"wp-block-cover__image-background wp-image-2909\" alt=\"\" src=\"https:\/\/www.besterpcba.com\/wp-content\/uploads\/2021\/09\/XP6A7933.jpg\" data-object-fit=\"cover\" srcset=\"https:\/\/www.besterpcba.com\/wp-content\/uploads\/2021\/09\/XP6A7933.jpg 1920w, https:\/\/www.besterpcba.com\/wp-content\/uploads\/2021\/09\/XP6A7933-300x200.jpg 300w, https:\/\/www.besterpcba.com\/wp-content\/uploads\/2021\/09\/XP6A7933-1024x683.jpg 1024w, https:\/\/www.besterpcba.com\/wp-content\/uploads\/2021\/09\/XP6A7933-768x512.jpg 768w, https:\/\/www.besterpcba.com\/wp-content\/uploads\/2021\/09\/XP6A7933-1600x1067.jpg 1600w, https:\/\/www.besterpcba.com\/wp-content\/uploads\/2021\/09\/XP6A7933-1536x1024.jpg 1536w\" sizes=\"(max-width: 1920px) 100vw, 1920px\" \/><div class=\"wp-block-cover__inner-container\">\n<div class=\"wp-block-group is-layout-constrained\"><div class=\"wp-block-group__inner-container\"><div class=\"breadcrumbs\" typeof=\"BreadcrumbList\" vocab=\"https:\/\/schema.org\/\"><span property=\"itemListElement\" typeof=\"ListItem\"><a property=\"item\" typeof=\"WebPage\" title=\"Aller \u00e0 One Stop PCBA Manufacturer.\" href=\"https:\/\/www.besterpcba.com\/fr\" class=\"home\" aria-current=\"page\"><span property=\"name\">Fabricant de circuits imprim\u00e9s \u00e0 guichet unique<\/span><\/a><meta property=\"position\" content=\"1\"><\/span><\/div>\n\n<h1 class=\"wp-block-heading\" id=\"factory-tour\">Visite de l'usine<\/h1>\n\n\n<p class=\"has-text-align-left has-large-font-size\">Nous vous invitons \u00e0 visiter directement notre usine de Shenzhen ou \u00e0 visionner des vid\u00e9os pour mieux conna\u00eetre Bester Tech.<\/p>\n\n\n\n<div class='base_cover_button_wrapper'><p class=\"base_header_button\"><a href=\"https:\/\/www.besterpcba.com\/fr\/contact\/\" data-type=\"page\" data-id=\"1358\">Obtenir un devis gratuit<\/a><\/p><\/div>\n<\/div><\/div>\n<\/div><\/div>\n\n\n\n<div class=\"wp-block-group base_page_text_group is-layout-flow\"><div class=\"wp-block-group__inner-container\"><h2 class=\"wp-block-heading\" id=\"bester-tech-alibaba-sgs-inspection\">Bester Tech - Alibaba SGS Inspection<\/h2>\n\n\n<p>SGS est l'une des principales soci\u00e9t\u00e9s d'inspection, de v\u00e9rification, d'essai et de certification au monde. Elle est reconnue comme la r\u00e9f\u00e9rence mondiale en mati\u00e8re de qualit\u00e9 et d'int\u00e9grit\u00e9 et compte plus de 2 600 bureaux et laboratoires dans le monde entier.<\/p>\n\n\n\n<p>La technologie Bester a \u00e9t\u00e9 v\u00e9rifi\u00e9e sur place et est \u00e9valu\u00e9e, certifi\u00e9e, authentifi\u00e9e et inspect\u00e9e par le groupe SGS.<\/p>\n\n\n\n<p>Nous sommes maintenant un fournisseur premium v\u00e9rifi\u00e9 de 11 ans sur Alibaba avec l'inspection des mat\u00e9riaux sur place et une surface totale de 1 500\u33a1, rapport\u00e9e et inspect\u00e9e par le groupe SGS de 3 tiers.<\/p>\n\n\n\n<p>Pour une visite rapide de l'usine, consultez la vid\u00e9o de l'inspection sur site de SGS ci-dessous.<\/p>\n\n\n\n<figure class=\"wp-block-video\"><video controls preload=\"none\" src=\"https:\/\/www.besterpcba.com\/wp-content\/uploads\/2023\/06\/bester-factory.mp4\"><\/video><\/figure>\n<\/div><\/div>\n\n\n\n<div class=\"wp-block-group bs_factory_videos is-layout-flow\"><div class=\"wp-block-group__inner-container\"><h2 class=\"wp-block-heading underline--magical\" id=\"manufacturing-videos\">Vid\u00e9os sur la fabrication<\/h2>\n\n\n<div class=\"wp-block-group bs_page_flex_gp flex_gp_3 is-layout-constrained\"><div class=\"wp-block-group__inner-container\">\n<div class=\"wp-block-group is-layout-constrained\"><div class=\"wp-block-group__inner-container\">\n<figure class=\"wp-block-video\"><video controls preload=\"none\" src=\"https:\/\/www.besterpcba.com\/wp-content\/uploads\/2023\/06\/incoming-materials-warehouse.mp4\"><\/video><\/figure>\n\n\n<h3 class=\"wp-block-heading\" id=\"incoming-material-warehouse\">Entrep\u00f4t de mat\u00e9riel entrant<\/h3><\/div><\/div>\n\n\n\n<div class=\"wp-block-group is-layout-constrained\"><div class=\"wp-block-group__inner-container\">\n<figure class=\"wp-block-video\"><video controls preload=\"none\" src=\"https:\/\/www.besterpcba.com\/wp-content\/uploads\/2023\/06\/electronic-components-incoming-inspection.mp4\"><\/video><\/figure>\n\n\n<h3 class=\"wp-block-heading\" id=\"electronic-components-incoming-inspection\">Inspection \u00e0 l'entr\u00e9e des composants \u00e9lectroniques<\/h3><\/div><\/div>\n\n\n\n<div class=\"wp-block-group is-layout-constrained\"><div class=\"wp-block-group__inner-container\">\n<figure class=\"wp-block-video\"><video controls preload=\"none\" src=\"https:\/\/www.besterpcba.com\/wp-content\/uploads\/2023\/06\/dry-cabinet.mp4\"><\/video><\/figure>\n\n\n<h3 class=\"wp-block-heading\" id=\"dry-cabinet\">Armoire s\u00e8che<\/h3><\/div><\/div>\n\n\n\n<div class=\"wp-block-group is-layout-constrained\"><div class=\"wp-block-group__inner-container\">\n<figure class=\"wp-block-video\"><video controls preload=\"none\" src=\"https:\/\/www.besterpcba.com\/wp-content\/uploads\/2023\/06\/smt-workshop.mp4\"><\/video><\/figure>\n\n\n<h3 class=\"wp-block-heading\" id=\"smt-workshop\">Atelier SMT<\/h3><\/div><\/div>\n\n\n\n<div class=\"wp-block-group is-layout-constrained\"><div class=\"wp-block-group__inner-container\">\n<figure class=\"wp-block-video\"><video controls preload=\"none\" src=\"https:\/\/www.besterpcba.com\/wp-content\/uploads\/2023\/06\/gd450-paste-printer.mp4\"><\/video><\/figure>\n\n\n<h3 class=\"wp-block-heading\" id=\"gd-450-paste-printer\">Imprimante \u00e0 p\u00e2te GD 450<\/h3><\/div><\/div>\n\n\n\n<div class=\"wp-block-group is-layout-constrained\"><div class=\"wp-block-group__inner-container\">\n<figure class=\"wp-block-video\"><video controls preload=\"none\" src=\"https:\/\/www.besterpcba.com\/wp-content\/uploads\/2023\/06\/stencil-tension-measurement.mp4\"><\/video><\/figure>\n\n\n<h3 class=\"wp-block-heading\" id=\"stencil-tension-measurement\">Mesure de la tension du pochoir<\/h3><\/div><\/div>\n\n\n\n<div class=\"wp-block-group is-layout-constrained\"><div class=\"wp-block-group__inner-container\">\n<figure class=\"wp-block-video\"><video controls src=\"https:\/\/www.besterpcba.com\/wp-content\/uploads\/2023\/06\/automatic-solder-paste-printer.mp4\"><\/video><\/figure>\n\n\n<h3 class=\"wp-block-heading\" id=\"automatic-solder-paste-printing\">Impression automatique de p\u00e2te \u00e0 braser<\/h3><\/div><\/div>\n\n\n\n<div class=\"wp-block-group is-layout-constrained\"><div class=\"wp-block-group__inner-container\">\n<figure class=\"wp-block-video\"><video controls src=\"https:\/\/www.besterpcba.com\/wp-content\/uploads\/2023\/06\/smt.mp4\"><\/video><\/figure>\n\n\n<h3 class=\"wp-block-heading\" id=\"smt\">SMT<\/h3><\/div><\/div>\n\n\n\n<div class=\"wp-block-group is-layout-constrained\"><div class=\"wp-block-group__inner-container\">\n<figure class=\"wp-block-video\"><video controls src=\"https:\/\/www.besterpcba.com\/wp-content\/uploads\/2023\/06\/reflow.mp4\"><\/video><\/figure>\n\n\n<h3 class=\"wp-block-heading\" id=\"reflow\">Refonte<\/h3><\/div><\/div>\n\n\n\n<div class=\"wp-block-group is-layout-constrained\"><div class=\"wp-block-group__inner-container\">\n<figure class=\"wp-block-video\"><video controls src=\"https:\/\/www.besterpcba.com\/wp-content\/uploads\/2023\/06\/reflow-end.mp4\"><\/video><\/figure>\n\n\n<h3 class=\"wp-block-heading\" id=\"reflow\">Refonte<\/h3><\/div><\/div>\n\n\n\n<div class=\"wp-block-group is-layout-constrained\"><div class=\"wp-block-group__inner-container\">\n<figure class=\"wp-block-video\"><video controls preload=\"none\" src=\"https:\/\/www.besterpcba.com\/wp-content\/uploads\/2023\/06\/AOI.mp4\"><\/video><\/figure>\n\n\n<h3 class=\"wp-block-heading\" id=\"aoi\">AOI<\/h3><\/div><\/div>\n\n\n\n<div class=\"wp-block-group is-layout-constrained\"><div class=\"wp-block-group__inner-container\">\n<figure class=\"wp-block-video\"><video controls preload=\"none\" src=\"https:\/\/www.besterpcba.com\/wp-content\/uploads\/2023\/06\/ok-board-unloader.mp4\"><\/video><\/figure>\n\n\n<h3 class=\"wp-block-heading\" id=\"ok-board-unloader\">OK Board Unloader<\/h3><\/div><\/div>\n\n\n\n<div class=\"wp-block-group is-layout-constrained\"><div class=\"wp-block-group__inner-container\">\n<figure class=\"wp-block-video\"><video controls preload=\"none\" src=\"https:\/\/www.besterpcba.com\/wp-content\/uploads\/2023\/06\/ng-board-unloader.mp4\"><\/video><\/figure>\n\n\n<h3 class=\"wp-block-heading\" id=\"ng-board-unloader\">D\u00e9chargeur de cartes NG<\/h3><\/div><\/div>\n\n\n\n<div class=\"wp-block-group is-layout-constrained\"><div class=\"wp-block-group__inner-container\">\n<figure class=\"wp-block-video\"><video controls preload=\"none\" src=\"https:\/\/www.besterpcba.com\/wp-content\/uploads\/2023\/06\/first-article-inspection.mp4\"><\/video><\/figure>\n\n\n<h3 class=\"wp-block-heading\" id=\"fai\">FAI<\/h3><\/div><\/div>\n\n\n\n<div class=\"wp-block-group is-layout-constrained\"><div class=\"wp-block-group__inner-container\">\n<figure class=\"wp-block-video\"><video controls preload=\"none\" src=\"https:\/\/www.besterpcba.com\/wp-content\/uploads\/2023\/06\/dip-workshop.mp4\"><\/video><\/figure>\n\n\n<h3 class=\"wp-block-heading\" id=\"dip-workshop\">Atelier DIP<\/h3><\/div><\/div>\n\n\n\n<div class=\"wp-block-group is-layout-constrained\"><div class=\"wp-block-group__inner-container\">\n<figure class=\"wp-block-video\"><video controls preload=\"none\" src=\"https:\/\/www.besterpcba.com\/wp-content\/uploads\/2023\/06\/dip-workshop2.mp4\"><\/video><\/figure>\n\n\n<h3 class=\"wp-block-heading\" id=\"dip-workshop\">Atelier DIP<\/h3><\/div><\/div>\n\n\n\n<div class=\"wp-block-group is-layout-constrained\"><div class=\"wp-block-group__inner-container\">\n<figure class=\"wp-block-video\"><video controls preload=\"none\" src=\"https:\/\/www.besterpcba.com\/wp-content\/uploads\/2023\/06\/robotic-soldering.mp4\"><\/video><\/figure>\n\n\n<h3 class=\"wp-block-heading\" id=\"robotic-soldering\">Brasage robotis\u00e9<\/h3><\/div><\/div>\n\n\n\n<div class=\"wp-block-group is-layout-constrained\"><div class=\"wp-block-group__inner-container\">\n<figure class=\"wp-block-video\"><video controls preload=\"none\" src=\"https:\/\/www.besterpcba.com\/wp-content\/uploads\/2023\/06\/automated-conformal-coating.mp4\"><\/video><\/figure>\n\n\n<h3 class=\"wp-block-heading\" id=\"automated-conformal-coating\">Rev\u00eatement conforme automatis\u00e9<\/h3><\/div><\/div>\n<\/div><\/div>\n<\/div><\/div>\n\n\n<h2 class=\"wp-block-heading has-text-align-center factory-sector-heading\" id=\"more-reasons-to-choose-bester-tech\">Plus de raisons de choisir Bester Tech<\/h2>\n\n\n<div class=\"wp-block-cover is-light bs_hp_site_width_cover bs_hp_value bs_video\"><span aria-hidden=\"true\" class=\"wp-block-cover__background has-background-dim-0 has-background-dim\"><\/span><div class=\"wp-block-cover__inner-container\">\n<div class=\"wp-block-group bs_hp_site_width_cover_img is-layout-constrained\"><div class=\"wp-block-group__inner-container\">\n<figure class=\"wp-block-image size-large\"><img decoding=\"async\" loading=\"lazy\" width=\"1024\" height=\"683\" src=\"https:\/\/www.besterpcba.com\/wp-content\/uploads\/2021\/09\/XP6A1125-1024x683.jpg\" alt=\"\" class=\"wp-image-2828\" srcset=\"https:\/\/www.besterpcba.com\/wp-content\/uploads\/2021\/09\/XP6A1125-1024x683.jpg 1024w, https:\/\/www.besterpcba.com\/wp-content\/uploads\/2021\/09\/XP6A1125-300x200.jpg 300w, https:\/\/www.besterpcba.com\/wp-content\/uploads\/2021\/09\/XP6A1125-768x512.jpg 768w, https:\/\/www.besterpcba.com\/wp-content\/uploads\/2021\/09\/XP6A1125-1600x1067.jpg 1600w, https:\/\/www.besterpcba.com\/wp-content\/uploads\/2021\/09\/XP6A1125-1536x1024.jpg 1536w, https:\/\/www.besterpcba.com\/wp-content\/uploads\/2021\/09\/XP6A1125.jpg 1920w\" sizes=\"(max-width: 1024px) 100vw, 1024px\" \/><\/figure>\n<\/div><\/div>\n\n\n\n<div class=\"wp-block-group bs_hp_site_width_cover_txt is-layout-constrained\"><div class=\"wp-block-group__inner-container\"><h3 class=\"wp-block-heading\" id=\"components\">Composants<\/h3>\n\n<h2 class=\"wp-block-heading\" id=\"at-bester-we-have-full-stocking-of-components-for-quick-delievery\">CHEZ BESTER, NOUS DISPOSONS D'UN STOCK COMPLET DE COMPOSANTS POUR UNE LIVRAISON RAPIDE.<\/h2>\n\n\n<p>Au fil des ans, nous avons \u00e9tabli des relations solides et r\u00e9guli\u00e8res avec des fournisseurs de composants de premi\u00e8re qualit\u00e9, tant au niveau national qu'international. Nous disposons d'un stock important de composants courants, largement utilis\u00e9s, que nous pouvons livrer rapidement pour vos projets d'essai. <\/p>\n<\/div><\/div>\n<\/div><\/div>\n\n\n\n<div class=\"wp-block-cover is-light bs_hp_site_width_cover bs_hp_value bs_hp_cover_reverse bs_video\"><span aria-hidden=\"true\" class=\"wp-block-cover__background has-background-dim-0 has-background-dim\"><\/span><div class=\"wp-block-cover__inner-container\">\n<div class=\"wp-block-group bs_hp_site_width_cover_img is-layout-constrained\"><div class=\"wp-block-group__inner-container\">\n<figure class=\"wp-block-image size-large\"><img decoding=\"async\" loading=\"lazy\" width=\"1024\" height=\"683\" src=\"https:\/\/www.besterpcba.com\/wp-content\/uploads\/2021\/09\/XP6A4577-1024x683.jpg\" alt=\"\" class=\"wp-image-2889\" srcset=\"https:\/\/www.besterpcba.com\/wp-content\/uploads\/2021\/09\/XP6A4577-1024x683.jpg 1024w, https:\/\/www.besterpcba.com\/wp-content\/uploads\/2021\/09\/XP6A4577-300x200.jpg 300w, https:\/\/www.besterpcba.com\/wp-content\/uploads\/2021\/09\/XP6A4577-768x512.jpg 768w, https:\/\/www.besterpcba.com\/wp-content\/uploads\/2021\/09\/XP6A4577-1600x1067.jpg 1600w, https:\/\/www.besterpcba.com\/wp-content\/uploads\/2021\/09\/XP6A4577-1536x1024.jpg 1536w, https:\/\/www.besterpcba.com\/wp-content\/uploads\/2021\/09\/XP6A4577.jpg 1920w\" sizes=\"(max-width: 1024px) 100vw, 1024px\" \/><\/figure>\n<\/div><\/div>\n\n\n\n<div class=\"wp-block-group bs_hp_site_width_cover_txt is-layout-constrained\"><div class=\"wp-block-group__inner-container\"><h3 class=\"wp-block-heading\" id=\"quality\">Qualit\u00e9<\/h3>\n\n<h2 class=\"wp-block-heading\" id=\"at-bester-we-check-and-test-every-board-before-delivery\">CHEZ BESTER, NOUS V\u00c9RIFIONS ET TESTONS CHAQUE CARTE AVANT DE LA LIVRER<\/h2>\n\n\n<p>Nous nous effor\u00e7ons de ne livrer aux clients que des produits de la meilleure qualit\u00e9 qui soit, car les produits parlent d'eux-m\u00eames. Chez Bester, nous fournissons le processus d'inspection habituel ainsi que des tests fonctionnels pour des r\u00e9sultats optimaux.<\/p>\n<\/div><\/div>\n<\/div><\/div>\n\n\n\n<div class=\"wp-block-cover is-light bs_hp_site_width_cover bs_hp_value bs_video\"><span aria-hidden=\"true\" class=\"wp-block-cover__background has-background-dim-0 has-background-dim\"><\/span><div class=\"wp-block-cover__inner-container\">\n<div class=\"wp-block-group bs_hp_site_width_cover_img is-layout-constrained\"><div class=\"wp-block-group__inner-container\">\n<figure class=\"wp-block-image size-large\"><img decoding=\"async\" loading=\"lazy\" width=\"1024\" height=\"683\" src=\"https:\/\/www.besterpcba.com\/wp-content\/uploads\/2021\/09\/XP6A4577-1024x683.jpg\" alt=\"\" class=\"wp-image-2889\" srcset=\"https:\/\/www.besterpcba.com\/wp-content\/uploads\/2021\/09\/XP6A4577-1024x683.jpg 1024w, https:\/\/www.besterpcba.com\/wp-content\/uploads\/2021\/09\/XP6A4577-300x200.jpg 300w, https:\/\/www.besterpcba.com\/wp-content\/uploads\/2021\/09\/XP6A4577-768x512.jpg 768w, https:\/\/www.besterpcba.com\/wp-content\/uploads\/2021\/09\/XP6A4577-1600x1067.jpg 1600w, https:\/\/www.besterpcba.com\/wp-content\/uploads\/2021\/09\/XP6A4577-1536x1024.jpg 1536w, https:\/\/www.besterpcba.com\/wp-content\/uploads\/2021\/09\/XP6A4577.jpg 1920w\" sizes=\"(max-width: 1024px) 100vw, 1024px\" \/><\/figure>\n<\/div><\/div>\n\n\n\n<div class=\"wp-block-group bs_hp_site_width_cover_txt is-layout-constrained\"><div class=\"wp-block-group__inner-container\"><h3 class=\"wp-block-heading\" id=\"consistency\">Coh\u00e9rence<\/h3>\n\n<h2 class=\"wp-block-heading\" id=\"at-bester-we-work-with-quality-and-consistency-as-first-priority\">CHEZ BESTER, NOUS TRAVAILLONS AVEC LA QUALIT\u00c9 ET LA COH\u00c9RENCE COMME PREMI\u00c8RE PRIORIT\u00c9<\/h2>\n\n\n<p>La constance dans la qualit\u00e9 de nos produits et de nos services est la cl\u00e9. <\/p>\n\n\n\n<p>Tout le monde peut fournir de bons produits et services \u00e0 un moment donn\u00e9, mais chez Bester, nous nous effor\u00e7ons de fournir la meilleure qualit\u00e9 \u00e0 tout moment, tant pour la performance de nos produits que pour nos services.<\/p>\n\n\n\n<p>La qualit\u00e9 de la commande de masse est aussi bonne que celle de l'\u00e9chantillon test\u00e9, mais elle est meilleure.<\/p>\n<\/div><\/div>\n<\/div><\/div>\n\n\n\n<div class=\"wp-block-cover alignfull is-light base_footer\"><span aria-hidden=\"true\" class=\"wp-block-cover__background has-background-dim-0 has-background-dim\"><\/span><img decoding=\"async\" loading=\"lazy\" width=\"3226\" height=\"1400\" class=\"wp-block-cover__image-background wp-image-5726\" alt=\"5d10fb377791dacec4062c61 Bg Mid\" src=\"https:\/\/www.besterpcba.com\/wp-content\/uploads\/2023\/06\/5d10fb377791dacec4062c61_bg-mid.png\" data-object-fit=\"cover\" srcset=\"https:\/\/www.besterpcba.com\/wp-content\/uploads\/2023\/06\/5d10fb377791dacec4062c61_bg-mid.png 3226w, https:\/\/www.besterpcba.com\/wp-content\/uploads\/2023\/06\/5d10fb377791dacec4062c61_bg-mid-300x130.png 300w, https:\/\/www.besterpcba.com\/wp-content\/uploads\/2023\/06\/5d10fb377791dacec4062c61_bg-mid-1024x444.png 1024w, https:\/\/www.besterpcba.com\/wp-content\/uploads\/2023\/06\/5d10fb377791dacec4062c61_bg-mid-768x333.png 768w, https:\/\/www.besterpcba.com\/wp-content\/uploads\/2023\/06\/5d10fb377791dacec4062c61_bg-mid-1600x694.png 1600w, https:\/\/www.besterpcba.com\/wp-content\/uploads\/2023\/06\/5d10fb377791dacec4062c61_bg-mid-1536x667.png 1536w, https:\/\/www.besterpcba.com\/wp-content\/uploads\/2023\/06\/5d10fb377791dacec4062c61_bg-mid-2048x889.png 2048w\" sizes=\"(max-width: 3226px) 100vw, 3226px\" \/><div class=\"wp-block-cover__inner-container\">\n<p class=\"has-text-align-center has-large-font-size\">Pr\u00eat \u00e0 d\u00e9marrer vos projets d'assemblage de circuits imprim\u00e9s ?<\/p>\n\n\n\n<div class='base_cover_button_wrapper'><p class=\"base_cover_button\"><a href=\"https:\/\/www.besterpcba.com\/fr\/contact\/\" data-type=\"page\" data-id=\"1358\">Nous contacter<\/a><\/p><\/div>\n<\/div><\/div>","protected":false},"excerpt":{"rendered":"<p>Fabricant de circuits imprim\u00e9s \u00e0 guichet unique<\/p>\n<p>Visite de l'usine<\/p>\n<p>Nous vous invitons \u00e0 visiter directement notre usine de Shenzhen ou \u00e0 visionner des vid\u00e9os pour mieux conna\u00eetre Bester Tech.<\/p>","protected":false},"author":1,"featured_media":0,"parent":0,"menu_order":0,"comment_status":"closed","ping_status":"closed","template":"","meta":{"article_term":"","article_term_alternate":"","article_term_def":"","article_hook":"","auto_links":"","article_topic":"","article_fact_check":"","mt_social_share":"","mt_content_meta":"","mt_glossary_display":"","glossary_heading":"","glossary":"","glossary_alter":"","glossary_def":"","article_task":""},"_links":{"self":[{"href":"https:\/\/www.besterpcba.com\/fr\/wp-json\/wp\/v2\/pages\/3316"}],"collection":[{"href":"https:\/\/www.besterpcba.com\/fr\/wp-json\/wp\/v2\/pages"}],"about":[{"href":"https:\/\/www.besterpcba.com\/fr\/wp-json\/wp\/v2\/types\/page"}],"author":[{"embeddable":true,"href":"https:\/\/www.besterpcba.com\/fr\/wp-json\/wp\/v2\/users\/1"}],"replies":[{"embeddable":true,"href":"https:\/\/www.besterpcba.com\/fr\/wp-json\/wp\/v2\/comments?post=3316"}],"version-history":[{"count":30,"href":"https:\/\/www.besterpcba.com\/fr\/wp-json\/wp\/v2\/pages\/3316\/revisions"}],"predecessor-version":[{"id":7097,"href":"https:\/\/www.besterpcba.com\/fr\/wp-json\/wp\/v2\/pages\/3316\/revisions\/7097"}],"wp:attachment":[{"href":"https:\/\/www.besterpcba.com\/fr\/wp-json\/wp\/v2\/media?parent=3316"}],"curies":[{"name":"wp","href":"https:\/\/api.w.org\/{rel}","templated":true}]}}