{"id":3858,"date":"2021-10-09T03:35:00","date_gmt":"2021-10-09T03:35:00","guid":{"rendered":"https:\/\/besterpcba.com\/?page_id=3858"},"modified":"2023-07-25T07:04:30","modified_gmt":"2023-07-25T07:04:30","slug":"company-news","status":"publish","type":"page","link":"https:\/\/www.besterpcba.com\/fr\/nouvelles-de-lentreprise\/","title":{"rendered":"Nouvelles de l'entreprise"},"content":{"rendered":"<div class=\"wp-block-cover alignfull is-light base_cover base_cover_overlay_grad\"><span aria-hidden=\"true\" class=\"wp-block-cover__background has-background-dim-0 has-background-dim\"><\/span><img loading=\"lazy\" decoding=\"async\" width=\"1920\" height=\"1156\" class=\"wp-block-cover__image-background wp-image-3862\" alt=\"\" src=\"https:\/\/www.besterpcba.com\/wp-content\/uploads\/2021\/10\/job-5382501_1920-1.jpg\" data-object-fit=\"cover\" srcset=\"https:\/\/www.besterpcba.com\/wp-content\/uploads\/2021\/10\/job-5382501_1920-1.jpg 1920w, https:\/\/www.besterpcba.com\/wp-content\/uploads\/2021\/10\/job-5382501_1920-1-300x181.jpg 300w, https:\/\/www.besterpcba.com\/wp-content\/uploads\/2021\/10\/job-5382501_1920-1-1024x617.jpg 1024w, https:\/\/www.besterpcba.com\/wp-content\/uploads\/2021\/10\/job-5382501_1920-1-768x462.jpg 768w, https:\/\/www.besterpcba.com\/wp-content\/uploads\/2021\/10\/job-5382501_1920-1-1600x963.jpg 1600w, https:\/\/www.besterpcba.com\/wp-content\/uploads\/2021\/10\/job-5382501_1920-1-1536x925.jpg 1536w\" sizes=\"auto, (max-width: 1920px) 100vw, 1920px\" \/><div class=\"wp-block-cover__inner-container is-layout-flow wp-block-cover-is-layout-flow\">\n<div class=\"wp-block-group\"><div class=\"wp-block-group__inner-container is-layout-constrained wp-block-group-is-layout-constrained\"><div class=\"breadcrumbs\" typeof=\"BreadcrumbList\" vocab=\"https:\/\/schema.org\/\"><span property=\"itemListElement\" typeof=\"ListItem\"><a property=\"item\" typeof=\"WebPage\" title=\"Aller \u00e0 One Stop PCBA Manufacturer.\" href=\"https:\/\/www.besterpcba.com\/fr\" class=\"home\" aria-current=\"page\"><span property=\"name\">Fabricant de circuits imprim\u00e9s \u00e0 guichet unique<\/span><\/a><meta property=\"position\" content=\"1\"><\/span><\/div>\n\n<h1 class=\"wp-block-heading\" id=\"company-news\">Nouvelles de l'entreprise<\/h1>\n\n\n<p class=\"has-text-align-left has-large-font-size\">Derni\u00e8res nouvelles de Bester Tech<\/p>\n\n\n\n<div class='base_cover_button_wrapper'><p class=\"base_header_button\"><a href=\"https:\/\/www.besterpcba.com\/fr\/contact\/\" data-type=\"page\" data-id=\"1358\">Obtenir un devis gratuit<\/a><\/p><\/div>\n<\/div><\/div>\n<\/div><\/div>\n\n\n\n<div class=\"wp-block-group head-font factory-video-section\"><div class=\"wp-block-group__inner-container is-layout-flow wp-block-group-is-layout-flow\"><h2 class=\"wp-block-heading underline--magical\" id=\"news\"> NOUVELLES <\/h2>\n\n\n<div class=\"wp-block-query is-layout-flow wp-block-query-is-layout-flow\"><ul class=\"is-flex-container columns-3 best-home-news-gp-query wp-block-post-template is-layout-flow wp-block-post-template-is-layout-flow\"><li class=\"wp-block-post post-8916 post type-post status-publish format-standard has-post-thumbnail hentry category-news\">\n<figure class=\"alignwide wp-block-post-featured-image\"><a href=\"https:\/\/www.besterpcba.com\/fr\/join-us-china-uae-trade-fair-2023\/\" target=\"_self\"  ><img loading=\"lazy\" decoding=\"async\" width=\"1920\" height=\"1440\" src=\"https:\/\/www.besterpcba.com\/wp-content\/uploads\/2023\/11\/china-uae-fair.jpg\" class=\"attachment-post-thumbnail size-post-thumbnail wp-post-image\" alt=\"Shenzhen Bester Tech Ltd pr\u00e9sentera l&#039;assemblage de circuits imprim\u00e9s et les innovations en mati\u00e8re d&#039;\u00e9conomie d&#039;\u00e9nergie au salon China (UAE) Trade Fair 2023\" style=\"object-fit:cover;\" srcset=\"https:\/\/www.besterpcba.com\/wp-content\/uploads\/2023\/11\/china-uae-fair.jpg 1920w, https:\/\/www.besterpcba.com\/wp-content\/uploads\/2023\/11\/china-uae-fair-300x225.jpg 300w, https:\/\/www.besterpcba.com\/wp-content\/uploads\/2023\/11\/china-uae-fair-1024x768.jpg 1024w, https:\/\/www.besterpcba.com\/wp-content\/uploads\/2023\/11\/china-uae-fair-768x576.jpg 768w, https:\/\/www.besterpcba.com\/wp-content\/uploads\/2023\/11\/china-uae-fair-1536x1152.jpg 1536w, https:\/\/www.besterpcba.com\/wp-content\/uploads\/2023\/11\/china-uae-fair-16x12.jpg 16w\" sizes=\"auto, (max-width: 1920px) 100vw, 1920px\" \/><\/a><\/figure>\n\n<h2 class=\"wp-block-post-title\"><a href=\"https:\/\/www.besterpcba.com\/fr\/join-us-china-uae-trade-fair-2023\/\" target=\"_self\" >Shenzhen Bester Tech Ltd pr\u00e9sentera l'assemblage de circuits imprim\u00e9s et les innovations en mati\u00e8re d'\u00e9conomie d'\u00e9nergie au salon China (UAE) Trade Fair 2023<\/a><\/h2>\n\n<div class=\"wp-block-post-excerpt\"><p class=\"wp-block-post-excerpt__excerpt\">Foire commerciale de Chine (EAU) 2023<\/p><p class=\"wp-block-post-excerpt__more-text\"><a class=\"wp-block-post-excerpt__more-link\" href=\"https:\/\/www.besterpcba.com\/fr\/join-us-china-uae-trade-fair-2023\/\">Lire la suite<\/a><\/p><\/div>\n<\/li><li class=\"wp-block-post post-8911 post type-post status-publish format-standard has-post-thumbnail hentry category-news\">\n<figure class=\"alignwide wp-block-post-featured-image\"><a href=\"https:\/\/www.besterpcba.com\/fr\/join-shenzhen-bester-tech-ltd-at-the-china-indonesia-trade-fair-2023-for-cutting-edge-pcb-assembly-and-energy-saving-solutions\/\" target=\"_self\"  ><img loading=\"lazy\" decoding=\"async\" width=\"1920\" height=\"1080\" src=\"https:\/\/www.besterpcba.com\/wp-content\/uploads\/2023\/11\/china-indonesia-fair.jpg\" class=\"attachment-post-thumbnail size-post-thumbnail wp-post-image\" alt=\"Rejoignez Shenzhen Bester Tech Ltd \u00e0 la foire commerciale China (Indonesia) Trade Fair 2023 pour des solutions d&#039;assemblage de PCB \u00e0 la pointe de la technologie\" style=\"object-fit:cover;\" srcset=\"https:\/\/www.besterpcba.com\/wp-content\/uploads\/2023\/11\/china-indonesia-fair.jpg 1920w, https:\/\/www.besterpcba.com\/wp-content\/uploads\/2023\/11\/china-indonesia-fair-300x169.jpg 300w, https:\/\/www.besterpcba.com\/wp-content\/uploads\/2023\/11\/china-indonesia-fair-1024x576.jpg 1024w, https:\/\/www.besterpcba.com\/wp-content\/uploads\/2023\/11\/china-indonesia-fair-768x432.jpg 768w, https:\/\/www.besterpcba.com\/wp-content\/uploads\/2023\/11\/china-indonesia-fair-1536x864.jpg 1536w, https:\/\/www.besterpcba.com\/wp-content\/uploads\/2023\/11\/china-indonesia-fair-18x10.jpg 18w\" sizes=\"auto, (max-width: 1920px) 100vw, 1920px\" \/><\/a><\/figure>\n\n<h2 class=\"wp-block-post-title\"><a href=\"https:\/\/www.besterpcba.com\/fr\/join-shenzhen-bester-tech-ltd-at-the-china-indonesia-trade-fair-2023-for-cutting-edge-pcb-assembly-and-energy-saving-solutions\/\" target=\"_self\" >Rejoignez Shenzhen Bester Tech Ltd \u00e0 la foire commerciale China (Indonesia) Trade Fair 2023 pour des solutions d'assemblage de PCB \u00e0 la pointe de la technologie<\/a><\/h2>\n\n<div class=\"wp-block-post-excerpt\"><p class=\"wp-block-post-excerpt__excerpt\">Foire commerciale de Chine (Indon\u00e9sie) 2023<\/p><p class=\"wp-block-post-excerpt__more-text\"><a class=\"wp-block-post-excerpt__more-link\" href=\"https:\/\/www.besterpcba.com\/fr\/join-shenzhen-bester-tech-ltd-at-the-china-indonesia-trade-fair-2023-for-cutting-edge-pcb-assembly-and-energy-saving-solutions\/\">Lire la suite<\/a><\/p><\/div>\n<\/li><li class=\"wp-block-post post-8906 post type-post status-publish format-standard has-post-thumbnail hentry category-news\">\n<figure class=\"alignwide wp-block-post-featured-image\"><a href=\"https:\/\/www.besterpcba.com\/fr\/hktdc-hong-kong-international-lighting-fair-autumn-edition-2023\/\" target=\"_self\"  ><img loading=\"lazy\" decoding=\"async\" width=\"1920\" height=\"1440\" src=\"https:\/\/www.besterpcba.com\/wp-content\/uploads\/2023\/11\/hk-fair-oct2.jpg\" class=\"attachment-post-thumbnail size-post-thumbnail wp-post-image\" alt=\"Bester brille de mille feux au salon international de l&#039;\u00e9clairage de HKTDC Hong Kong (\u00e9dition d&#039;automne) 2023\" style=\"object-fit:cover;\" srcset=\"https:\/\/www.besterpcba.com\/wp-content\/uploads\/2023\/11\/hk-fair-oct2.jpg 1920w, https:\/\/www.besterpcba.com\/wp-content\/uploads\/2023\/11\/hk-fair-oct2-300x225.jpg 300w, https:\/\/www.besterpcba.com\/wp-content\/uploads\/2023\/11\/hk-fair-oct2-1024x768.jpg 1024w, https:\/\/www.besterpcba.com\/wp-content\/uploads\/2023\/11\/hk-fair-oct2-768x576.jpg 768w, https:\/\/www.besterpcba.com\/wp-content\/uploads\/2023\/11\/hk-fair-oct2-1536x1152.jpg 1536w, https:\/\/www.besterpcba.com\/wp-content\/uploads\/2023\/11\/hk-fair-oct2-16x12.jpg 16w\" sizes=\"auto, (max-width: 1920px) 100vw, 1920px\" \/><\/a><\/figure>\n\n<h2 class=\"wp-block-post-title\"><a href=\"https:\/\/www.besterpcba.com\/fr\/hktdc-hong-kong-international-lighting-fair-autumn-edition-2023\/\" target=\"_self\" >Bester brille de mille feux au salon international de l'\u00e9clairage de HKTDC Hong Kong (\u00e9dition d'automne) 2023<\/a><\/h2>\n\n<div class=\"wp-block-post-excerpt\"><p class=\"wp-block-post-excerpt__excerpt\">HKTDC Foire internationale de l'\u00e9clairage de Hong Kong 2023<\/p><p class=\"wp-block-post-excerpt__more-text\"><a class=\"wp-block-post-excerpt__more-link\" href=\"https:\/\/www.besterpcba.com\/fr\/hktdc-hong-kong-international-lighting-fair-autumn-edition-2023\/\">Lire la suite<\/a><\/p><\/div>\n<\/li><li class=\"wp-block-post post-8891 post type-post status-publish format-standard has-post-thumbnail hentry category-news\">\n<figure class=\"alignwide wp-block-post-featured-image\"><a href=\"https:\/\/www.besterpcba.com\/fr\/global-sources-smart-home-security-appliances-show-2023\/\" target=\"_self\"  ><img loading=\"lazy\" decoding=\"async\" width=\"1920\" height=\"1440\" src=\"https:\/\/www.besterpcba.com\/wp-content\/uploads\/2023\/11\/smart-home-security-2023.jpg\" class=\"attachment-post-thumbnail size-post-thumbnail wp-post-image\" alt=\"Bester brille au salon Global Sources Smart Home, Security &amp; Appliances Show 2023\" style=\"object-fit:cover;\" srcset=\"https:\/\/www.besterpcba.com\/wp-content\/uploads\/2023\/11\/smart-home-security-2023.jpg 1920w, https:\/\/www.besterpcba.com\/wp-content\/uploads\/2023\/11\/smart-home-security-2023-300x225.jpg 300w, https:\/\/www.besterpcba.com\/wp-content\/uploads\/2023\/11\/smart-home-security-2023-1024x768.jpg 1024w, https:\/\/www.besterpcba.com\/wp-content\/uploads\/2023\/11\/smart-home-security-2023-768x576.jpg 768w, https:\/\/www.besterpcba.com\/wp-content\/uploads\/2023\/11\/smart-home-security-2023-1536x1152.jpg 1536w, https:\/\/www.besterpcba.com\/wp-content\/uploads\/2023\/11\/smart-home-security-2023-16x12.jpg 16w\" sizes=\"auto, (max-width: 1920px) 100vw, 1920px\" \/><\/a><\/figure>\n\n<h2 class=\"wp-block-post-title\"><a href=\"https:\/\/www.besterpcba.com\/fr\/global-sources-smart-home-security-appliances-show-2023\/\" target=\"_self\" >Bester brille au salon Global Sources Smart Home, Security &amp; Appliances Show 2023<\/a><\/h2>\n\n<div class=\"wp-block-post-excerpt\"><p class=\"wp-block-post-excerpt__excerpt\">Bester brille au salon Global Sources Smart Home, Security &amp; Appliances Show 2023<\/p><p class=\"wp-block-post-excerpt__more-text\"><a class=\"wp-block-post-excerpt__more-link\" href=\"https:\/\/www.besterpcba.com\/fr\/global-sources-smart-home-security-appliances-show-2023\/\">Lire la suite<\/a><\/p><\/div>\n<\/li><li class=\"wp-block-post post-4852 post type-post status-publish format-standard has-post-thumbnail hentry category-news\">\n<figure class=\"alignwide wp-block-post-featured-image\"><a href=\"https:\/\/www.besterpcba.com\/fr\/iso-factory-audit-2021\/\" target=\"_self\"  ><img loading=\"lazy\" decoding=\"async\" width=\"1200\" height=\"1698\" src=\"https:\/\/www.besterpcba.com\/wp-content\/uploads\/2021\/09\/bester-iso-certification.jpg\" class=\"attachment-post-thumbnail size-post-thumbnail wp-post-image\" alt=\"Bester passe l&#039;audit de certification ISO 9001:2015\" style=\"object-fit:cover;\" srcset=\"https:\/\/www.besterpcba.com\/wp-content\/uploads\/2021\/09\/bester-iso-certification.jpg 1200w, https:\/\/www.besterpcba.com\/wp-content\/uploads\/2021\/09\/bester-iso-certification-212x300.jpg 212w, https:\/\/www.besterpcba.com\/wp-content\/uploads\/2021\/09\/bester-iso-certification-724x1024.jpg 724w, https:\/\/www.besterpcba.com\/wp-content\/uploads\/2021\/09\/bester-iso-certification-768x1087.jpg 768w, https:\/\/www.besterpcba.com\/wp-content\/uploads\/2021\/09\/bester-iso-certification-1086x1536.jpg 1086w\" sizes=\"auto, (max-width: 1200px) 100vw, 1200px\" \/><\/a><\/figure>\n\n<h2 class=\"wp-block-post-title\"><a href=\"https:\/\/www.besterpcba.com\/fr\/iso-factory-audit-2021\/\" target=\"_self\" >Bester passe l'audit de certification ISO 9001:2015<\/a><\/h2>\n\n<div class=\"wp-block-post-excerpt\"><p class=\"wp-block-post-excerpt__excerpt\">Bester a \u00e9t\u00e9 v\u00e9rifi\u00e9 avec succ\u00e8s en tant qu'expertise de haute technologie (HNTE).<\/p><p class=\"wp-block-post-excerpt__more-text\"><a class=\"wp-block-post-excerpt__more-link\" href=\"https:\/\/www.besterpcba.com\/fr\/iso-factory-audit-2021\/\">Lire la suite<\/a><\/p><\/div>\n<\/li><li class=\"wp-block-post post-4859 post type-post status-publish format-standard has-post-thumbnail hentry category-news\">\n<figure class=\"alignwide wp-block-post-featured-image\"><a href=\"https:\/\/www.besterpcba.com\/fr\/global-sources-smart-home-appliances-trade-show-2023\/\" target=\"_self\"  ><img loading=\"lazy\" decoding=\"async\" width=\"1200\" height=\"800\" src=\"https:\/\/www.besterpcba.com\/wp-content\/uploads\/2021\/09\/bester-hk-fair-23.jpg\" class=\"attachment-post-thumbnail size-post-thumbnail wp-post-image\" alt=\"Sources mondiales Salon de la maison intelligente et des appareils m\u00e9nagers 2023\" style=\"object-fit:cover;\" srcset=\"https:\/\/www.besterpcba.com\/wp-content\/uploads\/2021\/09\/bester-hk-fair-23.jpg 1200w, https:\/\/www.besterpcba.com\/wp-content\/uploads\/2021\/09\/bester-hk-fair-23-300x200.jpg 300w, https:\/\/www.besterpcba.com\/wp-content\/uploads\/2021\/09\/bester-hk-fair-23-1024x683.jpg 1024w, https:\/\/www.besterpcba.com\/wp-content\/uploads\/2021\/09\/bester-hk-fair-23-768x512.jpg 768w, https:\/\/www.besterpcba.com\/wp-content\/uploads\/2021\/09\/bester-hk-fair-23-600x400.jpg 600w\" sizes=\"auto, (max-width: 1200px) 100vw, 1200px\" \/><\/a><\/figure>\n\n<h2 class=\"wp-block-post-title\"><a href=\"https:\/\/www.besterpcba.com\/fr\/global-sources-smart-home-appliances-trade-show-2023\/\" target=\"_self\" >Sources mondiales Salon de la maison intelligente et des appareils m\u00e9nagers 2023<\/a><\/h2>\n\n<div class=\"wp-block-post-excerpt\"><p class=\"wp-block-post-excerpt__excerpt\">Sources mondiales Salon de la maison intelligente et des appareils m\u00e9nagers 2023<\/p><p class=\"wp-block-post-excerpt__more-text\"><a class=\"wp-block-post-excerpt__more-link\" href=\"https:\/\/www.besterpcba.com\/fr\/global-sources-smart-home-appliances-trade-show-2023\/\">Lire la suite<\/a><\/p><\/div>\n<\/li><\/ul><\/div>\n<\/div><\/div>","protected":false},"excerpt":{"rendered":"<p>NOUVELLES CORP\u00c9RATIVES<\/p>\n<p>Sources mondiales Salon de la maison intelligente et des appareils m\u00e9nagers 2023<\/p>\n<p>Horace He | 18 avril 2023 | 4 min read<\/p>","protected":false},"author":1,"featured_media":0,"parent":0,"menu_order":0,"comment_status":"closed","ping_status":"closed","template":"","meta":{"article_term":"","article_term_alternate":"","article_term_def":"","article_hook":"","auto_links":"","article_topic":"","article_fact_check":"","mt_social_share":"","mt_content_meta":"","mt_glossary_display":"","glossary_heading":"","glossary":"","glossary_alter":"","glossary_def":"","article_task":"","footnotes":""},"class_list":["post-3858","page","type-page","status-publish"],"_links":{"self":[{"href":"https:\/\/www.besterpcba.com\/fr\/wp-json\/wp\/v2\/pages\/3858","targetHints":{"allow":["GET"]}}],"collection":[{"href":"https:\/\/www.besterpcba.com\/fr\/wp-json\/wp\/v2\/pages"}],"about":[{"href":"https:\/\/www.besterpcba.com\/fr\/wp-json\/wp\/v2\/types\/page"}],"author":[{"embeddable":true,"href":"https:\/\/www.besterpcba.com\/fr\/wp-json\/wp\/v2\/users\/1"}],"replies":[{"embeddable":true,"href":"https:\/\/www.besterpcba.com\/fr\/wp-json\/wp\/v2\/comments?post=3858"}],"version-history":[{"count":11,"href":"https:\/\/www.besterpcba.com\/fr\/wp-json\/wp\/v2\/pages\/3858\/revisions"}],"predecessor-version":[{"id":7148,"href":"https:\/\/www.besterpcba.com\/fr\/wp-json\/wp\/v2\/pages\/3858\/revisions\/7148"}],"wp:attachment":[{"href":"https:\/\/www.besterpcba.com\/fr\/wp-json\/wp\/v2\/media?parent=3858"}],"curies":[{"name":"wp","href":"https:\/\/api.w.org\/{rel}","templated":true}]}}