{"id":4328,"date":"2021-10-22T03:17:05","date_gmt":"2021-10-22T03:17:05","guid":{"rendered":"https:\/\/besterpcba.com\/?page_id=4328"},"modified":"2023-07-25T07:17:37","modified_gmt":"2023-07-25T07:17:37","slug":"capabilities","status":"publish","type":"page","link":"https:\/\/www.besterpcba.com\/fr\/capacites\/","title":{"rendered":"Capacit\u00e9s"},"content":{"rendered":"<div class=\"wp-block-cover alignfull base_cover base_cover_overlay_grad\"><span aria-hidden=\"true\" class=\"wp-block-cover__background has-background-dim-0 has-background-dim\"><\/span><img loading=\"lazy\" decoding=\"async\" width=\"1920\" height=\"1280\" class=\"wp-block-cover__image-background wp-image-2889\" alt=\"\" src=\"https:\/\/www.besterpcba.com\/wp-content\/uploads\/2021\/09\/XP6A4577.jpg\" data-object-fit=\"cover\" srcset=\"https:\/\/www.besterpcba.com\/wp-content\/uploads\/2021\/09\/XP6A4577.jpg 1920w, https:\/\/www.besterpcba.com\/wp-content\/uploads\/2021\/09\/XP6A4577-300x200.jpg 300w, https:\/\/www.besterpcba.com\/wp-content\/uploads\/2021\/09\/XP6A4577-1024x683.jpg 1024w, https:\/\/www.besterpcba.com\/wp-content\/uploads\/2021\/09\/XP6A4577-768x512.jpg 768w, https:\/\/www.besterpcba.com\/wp-content\/uploads\/2021\/09\/XP6A4577-1600x1067.jpg 1600w, https:\/\/www.besterpcba.com\/wp-content\/uploads\/2021\/09\/XP6A4577-1536x1024.jpg 1536w\" sizes=\"auto, (max-width: 1920px) 100vw, 1920px\" \/><div class=\"wp-block-cover__inner-container is-layout-flow wp-block-cover-is-layout-flow\">\n<div class=\"wp-block-group\"><div class=\"wp-block-group__inner-container is-layout-constrained wp-block-group-is-layout-constrained\"><div class=\"breadcrumbs\" typeof=\"BreadcrumbList\" vocab=\"https:\/\/schema.org\/\"><span property=\"itemListElement\" typeof=\"ListItem\"><a property=\"item\" typeof=\"WebPage\" title=\"Aller \u00e0 One Stop PCBA Manufacturer.\" href=\"https:\/\/www.besterpcba.com\/fr\" class=\"home\" aria-current=\"page\"><span property=\"name\">Fabricant de circuits imprim\u00e9s \u00e0 guichet unique<\/span><\/a><meta property=\"position\" content=\"1\"><\/span><\/div>\n\n<h1 class=\"wp-block-heading\" id=\"pcb-capabilities\">Capacit\u00e9s en mati\u00e8re de circuits imprim\u00e9s<\/h1>\n\n\n<p class=\"has-text-align-left has-large-font-size\">Bester Tech PCB&amp;PCBA Capacit\u00e9s<\/p>\n\n\n\n<div class='base_cover_button_wrapper'><p class=\"base_header_button\"><a href=\"https:\/\/www.besterpcba.com\/fr\/contact\/\" data-type=\"page\" data-id=\"1358\">Obtenir un devis gratuit<\/a><\/p><\/div>\n<\/div><\/div>\n<\/div><\/div>\n\n\n\n<div class=\"wp-block-group faq\"><div class=\"wp-block-group__inner-container is-layout-flow wp-block-group-is-layout-flow\"><h2 class=\"wp-block-heading\" id=\"pcb-fabrication-capabilities\"> Capacit\u00e9s de fabrication de circuits imprim\u00e9s <\/h2>\n\n\n<div class=\"tabs\">\n   <div class=\"tab\">\n      <input type=\"checkbox\" id=\"chck1\">\n      <label class=\"tab-label\" for=\"chck1\">PROTOTYPE DE PCB<\/label>\n      <div class=\"tab-content\">\n         <figure class=\"wp-block-table product-spec-table\"><table><thead><tr><th>Fonctionnalit\u00e9<\/th><th>Capacit\u00e9s<\/th><\/tr><\/thead><tbody><tr><th>Niveau de qualit\u00e9<\/th><td>Norme IPC 1<\/td><\/tr><tr><th>Nombre de couches<\/th><td>1 - 8 couches<\/td><\/tr><tr><th>Quantit\u00e9 command\u00e9e<\/th><td>5 - 100pcs<\/td><\/tr><tr><th>Temps de construction<\/th><td>2 - 7 jours<\/td><\/tr><tr><th>Mat\u00e9riau<\/th><td>FR-4 Standard Tg 140\u00b0C<\/td><\/tr><tr><th>Taille du conseil d'administration<\/th><td>Min 6mm x 6mm<br>Max 500mm x 500mm<\/td><\/tr><tr><th>\u00c9paisseur du panneau<\/th><td>0,4 mm - 2,0 mm<\/td><\/tr><tr><th>Poids du cuivre<\/th><td>1.0oz - 2.0oz<\/td><\/tr><tr><th>Tra\u00e7age\/espacement minimal<\/th><td>5mil\/6mil (poids du cuivre : 1oz)<br>8mil\/8mil (poids du cuivre : 2oz)<\/td><\/tr><tr><th>C\u00f4t\u00e9s du masque de soudure<\/th><td>Selon le dossier<\/td><\/tr><tr><th>Couleur du masque de soudure<\/th><td>Vert, blanc, bleu, noir, rouge, jaune<\/td><\/tr><tr><th><strong>S\u00e9rigraphie C\u00f4t\u00e9s<\/strong><\/th><td>Selon le dossier<\/td><\/tr><tr><th><strong>S\u00e9rigraphie Couleur<\/strong><\/th><td>Blanc, noir<\/td><\/tr><tr><th>Finition de la surface<\/th><td>HASL sans plomb - RoHS<br>HASL - Mise \u00e0 niveau de la soudure \u00e0 l'air chaud<br>ENIG - Nickle chimique\/Immersion Or - RoHS<\/td><\/tr><tr><th>Anneau annulaire min.<\/th><td>5 millions<\/td><\/tr><tr><th>Diam\u00e8tre minimal du trou de forage<\/th><td>8 millions<\/td><\/tr><tr><th>Largeur minimale de la d\u00e9coupe (NPTH)<\/th><td>0,8 mm<\/td><\/tr><tr><th>Largeur minimale du trou de la fente (PTH)<\/th><td>0,6 mm<\/td><\/tr><tr><th>\u00c9paisseur du placage de surface\/de trou<\/th><td>20\u03bcm - 30\u03bcm<\/td><\/tr><tr><th>Rapport d'aspect<\/th><td>10:1 (\u00e9paisseur du panneau : taille du trou)<\/td><\/tr><tr><th>Test<\/th><td>10V - 250V, sonde volante ou dispositif d'essai<\/td><\/tr><\/tbody><\/table><\/figure>\n      <\/div>\n   <\/div>\n   <div class=\"tab\">\n      <input type=\"checkbox\" id=\"chck2\">\n      <label class=\"tab-label\" for=\"chck2\">PCB RIGIDE<\/label>\n      <div class=\"tab-content\">\n         <figure class=\"wp-block-table product-spec-table\"><table><thead><tr><th>Fonctionnalit\u00e9<\/th><th>Capacit\u00e9s<\/th><\/tr><\/thead><tbody><tr><th>Niveau de qualit\u00e9<\/th><td>Standard IPC 2<\/td><\/tr><tr><th>Nombre de couches<\/th><td>1 - 32 couches<\/td><\/tr><tr><th>Quantit\u00e9 command\u00e9e<\/th><td>1 pi\u00e8ce - 10 000 000 pi\u00e8ces<\/td><\/tr><tr><th>Temps de construction<\/th><td>2 jours - 5 semaines<\/td><\/tr><tr><th>Mat\u00e9riau<\/th><td>FR-4 Standard Tg 150\u00b0C, FR4-High Tg 170\u00b0C, FR4-High-Tg 180\u00b0C, FR4-Halogen-free, FR4-Halogen-free &amp; High-Tg<\/td><\/tr><tr><th>Taille du conseil d'administration<\/th><td>Min 6mm x 6mm<br>Max 600mm x 700mm<\/td><\/tr><tr><th>\u00c9paisseur du panneau<\/th><td>0,4 mm - 3,2 mm<\/td><\/tr><tr><th>Poids du cuivre<\/th><td>0,5oz - 6,0oz<\/td><\/tr><tr><th>Tra\u00e7age\/espacement minimal<\/th><td>3mil\/3mil<\/td><\/tr><tr><th>C\u00f4t\u00e9s du masque de soudure<\/th><td>Selon le dossier<\/td><\/tr><tr><th>Couleur du masque de soudure<\/th><td>Vert, blanc, bleu, noir, rouge, jaune<\/td><\/tr><tr><th><strong>S\u00e9rigraphie C\u00f4t\u00e9s<\/strong><\/th><td>Selon le dossier<\/td><\/tr><tr><th>Finition de la surface<\/th><td>HASL - Mise \u00e0 niveau de la soudure \u00e0 l'air chaud<br>HASL sans plomb - RoHS<br>ENIG - Nickle chimique\/Immersion Or - RoHS<br>ENEPIG - Nickel chimique Palladium chimique Or d'immersion - RoHS<br>Argent par immersion - RoHS<br>Etain d'immersion - RoHS<br>OSP -Organic Solderability Preservatives (conservateurs de soudabilit\u00e9 organiques) - RoHS<\/td><\/tr><tr><th>Anneau annulaire min.<\/th><td>3 millions<\/td><\/tr><tr><th>Diam\u00e8tre minimal du trou de forage<\/th><td>6mil, 4mil-per\u00e7age au laser<\/td><\/tr><tr><th>Largeur minimale de la d\u00e9coupe (NPTH)<\/th><td>0,8 mm<\/td><\/tr><tr><th>Largeur minimale du trou de la fente (PTH)<\/th><td>0,6 mm<\/td><\/tr><tr><th>\u00c9paisseur du placage de surface\/de trou<\/th><td>20\u03bcm - 30\u03bcm<\/td><\/tr><tr><th>Rapport d'aspect<\/th><td>1:10 (taille du trou : \u00e9paisseur du panneau)<\/td><\/tr><tr><th>Test<\/th><td>10V - 250V, sonde volante ou dispositif d'essai<\/td><\/tr><tr><th>Tol\u00e9rance d'imp\u00e9dance<\/th><td>\u00b15% - \u00b110%<\/td><\/tr><tr><th>Pas SMD<\/th><td>0,2mm(8mil)<\/td><\/tr><tr><th>Pas du BGA<\/th><td>0,2mm(8mil)<\/td><\/tr><tr><th>Chanfrein des doigts d'or<\/th><td>20, 30, 45, 60<\/td><\/tr><tr><th>Autres techniques<\/th><td>Doigts d'or<br>Trous aveugles et enterr\u00e9s<br>masque de soudure pelable<br>Placage des bords<br>Masque de carbone<br>Ruban de Kapton<br>Fraise\/al\u00e9sage<br>Trou semi-d\u00e9coup\u00e9\/castell\u00e9<br>Trou d'ajustement \u00e0 la presse<br>Via sous tente\/couvert de r\u00e9sine<br>Via bouch\u00e9\/rempli de r\u00e9sine<br>Via in pad<br>Test \u00e9lectrique<\/td><\/tr><\/tbody><\/table><\/figure>\n      <\/div>\n   <\/div>\n   <div class=\"tab\">\n      <input type=\"checkbox\" id=\"chck3\">\n      <label class=\"tab-label\" for=\"chck3\">PCB FLEXIBLE<\/label>\n      <div class=\"tab-content\">\n         <figure class=\"wp-block-table product-spec-table\"><table><thead><tr><th>Fonctionnalit\u00e9<\/th><th>Capacit\u00e9s<\/th><\/tr><\/thead><tbody><tr><th>Niveau de qualit\u00e9<\/th><td>Standard IPC 2<\/td><\/tr><tr><th>Nombre de couches<\/th><td>1 - 8 couches<\/td><\/tr><tr><th>Quantit\u00e9 command\u00e9e<\/th><td>1pc - 10000+pcs<\/td><\/tr><tr><th>Temps de construction<\/th><td>2 jours - 5 semaines<\/td><\/tr><tr><th>Mat\u00e9riau<\/th><td>DuPont PI, Domestic Shengyi PI<\/td><\/tr><tr><th>Taille du conseil d'administration<\/th><td>Min 6mm x 6mm<br>Max 406mm x 610mm<\/td><\/tr><tr><th>\u00c9paisseur du panneau<\/th><td>0,1 mm - 0,8 mm<\/td><\/tr><tr><th>Poids du cuivre (fini)<\/th><td>0,5oz - 2,0oz<\/td><\/tr><tr><th>Tra\u00e7age\/espacement minimal<\/th><td>3mil\/3mil<\/td><\/tr><tr><th>C\u00f4t\u00e9s du masque de soudure<\/th><td>Selon le dossier<\/td><\/tr><tr><th>Couleur du masque de soudure<\/th><td>Vert, blanc, bleu, noir, rouge, jaune<\/td><\/tr><tr><th>Enduit d'arr\u00eat de soudure - Huile de masquage de soudure<\/th><td>Vert, blanc, bleu, noir, rouge, jaune<\/td><\/tr><tr><th>Rev\u00eatement d'arr\u00eat de soudure-Coverlay<\/th><td>Film PI et PET<\/td><\/tr><tr><th><strong>S\u00e9rigraphie C\u00f4t\u00e9s<\/strong><\/th><td>Selon le dossier<\/td><\/tr><tr><th>S\u00e9rigraphie Couleur<\/th><td>Blanc, noir, jaune<\/td><\/tr><tr><th>Finition de la surface<\/th><td>HASL - Nivellement de la soudure \u00e0 l'air chaud<br>HASL sans plomb - RoHS<br>ENIG - RoHS<br>Etain d'immersion - RoHS<br>OSP - RoHS<\/td><\/tr><tr><th>Anneau annulaire min.<\/th><td>4 millions<\/td><\/tr><tr><th>Diam\u00e8tre minimal du trou de forage<\/th><td>8 millions<\/td><\/tr><tr><th>Taille minimale du trou - Forage (PTH)<\/th><td>0,2 million d'euros<\/td><\/tr><tr><th>Taille minimale du trou - poin\u00e7onnage (NPTH)<\/th><td>0,5 million<\/td><\/tr><tr><th>Tol\u00e9rance de dimension<\/th><td>\u00b10,05 mm<\/td><\/tr><tr><th>Autres techniques<\/th><td>Masque de soudure pelable<br>Doigts d'or<br>Raidisseur (uniquement pour le substrat PI\/FR4)<\/td><\/tr><\/tbody><\/table><\/figure>\n      <\/div>\n   <\/div>\n   <div class=\"tab\">\n      <input type=\"checkbox\" id=\"chck4\">\n      <label class=\"tab-label\" for=\"chck4\">RIGID-FLEX PCB<\/label>\n      <div class=\"tab-content\">\n         <figure class=\"wp-block-table product-spec-table\"><table><thead><tr><th>Fonctionnalit\u00e9<\/th><th>Capacit\u00e9s<\/th><\/tr><\/thead><tbody><tr><th>Niveau de qualit\u00e9<\/th><td>Standard IPC 2<\/td><\/tr><tr><th>Nombre de couches<\/th><td>2 - 24 couches<\/td><\/tr><tr><th>Quantit\u00e9 command\u00e9e<\/th><td>1pc - 10000+pcs<\/td><\/tr><tr><th>Temps de construction<\/th><td>2 jours - 5 semaines<\/td><\/tr><tr><th>Mat\u00e9riau<\/th><td>DuPont (PI25UM), FR4<\/td><\/tr><tr><th>Taille du conseil d'administration<\/th><td>Min 6mm x 6mm<br>Max 457mm x 610mm<\/td><\/tr><tr><th>\u00c9paisseur du panneau<\/th><td>0,6 mm - 5,0 mm<\/td><\/tr><tr><th>Poids du cuivre (fini)<\/th><td>0,5oz - 2,0oz<\/td><\/tr><tr><th>Tra\u00e7age\/espacement minimal<\/th><td>3mil\/3mil<\/td><\/tr><tr><th>C\u00f4t\u00e9s du masque de soudure<\/th><td>Selon le dossier<\/td><\/tr><tr><th>Couleur du masque de soudure<\/th><td>Vert, blanc, bleu, noir, rouge, jaune<\/td><\/tr><tr><th><strong>S\u00e9rigraphie C\u00f4t\u00e9s<\/strong><\/th><td>Selon le dossier<\/td><\/tr><tr><th>S\u00e9rigraphie Couleur<\/th><td>Blanc, noir, jaune<\/td><\/tr><tr><th>Finition de la surface<\/th><td>HASL - Nivellement de la soudure \u00e0 l'air chaud<br>HASL sans plomb - RoHS<br>ENIG - RoHS<\/td><\/tr><tr><th>Anneau annulaire min.<\/th><td>4 millions<\/td><\/tr><tr><th>Diam\u00e8tre minimal du trou de forage<\/th><td>8 millions<\/td><\/tr><tr><th>Contr\u00f4le de l'imp\u00e9dance<\/th><td>\u00b110%<\/td><\/tr><tr><th>Autres techniques<\/th><td>HDI<br>Doigts d'or<br>Raidisseur (uniquement pour le substrat PI\/FR4)<\/td><\/tr><\/tbody><\/table><\/figure>\n      <\/div>\n   <\/div>\n   <div class=\"tab\">\n      <input type=\"checkbox\" id=\"chck5\">\n      <label class=\"tab-label\" for=\"chck5\">PCB EN ALUMINIUM<\/label>\n      <div class=\"tab-content\">\n         <figure class=\"wp-block-table product-spec-table\"><table><thead><tr><th>Fonctionnalit\u00e9<\/th><th>Capacit\u00e9s<\/th><\/tr><\/thead><tbody><tr><th>Niveau de qualit\u00e9<\/th><td>Standard IPC 2<\/td><\/tr><tr><th>Nombre de couches<\/th><td>4 - 24 couches<\/td><\/tr><tr><th>Quantit\u00e9 command\u00e9e<\/th><td>1pc - 10000+pcs<\/td><\/tr><tr><th>Temps de construction<\/th><td>2 jours - 5 semaines<\/td><\/tr><tr><th>Mat\u00e9riau<\/th><td>Ame en aluminium (domestique 1060), \u00e2me en cuivre, rev\u00eatement FR4<\/td><\/tr><tr><th>Taille du conseil d'administration<\/th><td>Min 6mm x 6mm<br>Max 610mm x 610mm<\/td><\/tr><tr><th>\u00c9paisseur du panneau<\/th><td>0,8 mm - 5,0 mm<\/td><\/tr><tr><th>Poids du cuivre (fini)<\/th><td>0,5oz - 10,0oz<\/td><\/tr><tr><th>Tra\u00e7age\/espacement minimal<\/th><td>4mil\/4mil<\/td><\/tr><tr><th>C\u00f4t\u00e9s du masque de soudure<\/th><td>Selon le dossier<\/td><\/tr><tr><th>Couleur du masque de soudure<\/th><td>Vert, blanc, bleu, noir, rouge, jaune<\/td><\/tr><tr><th><strong>S\u00e9rigraphie C\u00f4t\u00e9s<\/strong><\/th><td>Selon le dossier<\/td><\/tr><tr><th><strong>S\u00e9rigraphie Couleur<\/strong><\/th><td>Blanc, noir, jaune<\/td><\/tr><tr><th>Finition de la surface<\/th><td>HASL - Mise \u00e0 niveau de la soudure \u00e0 l'air chaud<br>HASL sans plomb - RoHS<br>ENIG - Nickle chimique\/Immersion Or - RoHS<\/td><\/tr><tr><th>Anneau annulaire min.<\/th><td>4 millions<\/td><\/tr><tr><th>Diam\u00e8tre minimal du trou de forage<\/th><td>6 millions<\/td><\/tr><tr><th>Autres techniques<\/th><td>Trous de fraisage<br>Trous de vis<\/td><\/tr><\/tbody><\/table><\/figure>\n      <\/div>\n   <\/div>\n   <div class=\"tab\">\n      <input type=\"checkbox\" id=\"chck6\">\n      <label class=\"tab-label\" for=\"chck6\">PCB HDI<\/label>\n      <div class=\"tab-content\">\n         <figure class=\"wp-block-table product-spec-table\"><table><thead><tr><th>Fonctionnalit\u00e9<\/th><th>Capacit\u00e9s<\/th><\/tr><\/thead><tbody><tr><th>Niveau de qualit\u00e9<\/th><td>Standard IPC 2<\/td><\/tr><tr><th>Nombre de couches<\/th><td>4 - 24 couches<\/td><\/tr><tr><th>Quantit\u00e9 command\u00e9e<\/th><td>1pc - 10000+pcs<\/td><\/tr><tr><th>Temps de construction<\/th><td>2 jours - 5 semaines<\/td><\/tr><tr><th>Mat\u00e9riau<\/th><td>FR4 standard Tg 140\u00b0C, FR4 High Tg 170\u00b0C, FR4 et Rogers lamination combin\u00e9e<\/td><\/tr><tr><th>Taille du conseil d'administration<\/th><td>Min 6*6mm | Max 457*610mm<\/td><\/tr><tr><th>\u00c9paisseur du panneau<\/th><td>0,4 mm - 3,0 mm<\/td><\/tr><tr><th>Poids du cuivre (fini)<\/th><td>0,5oz - 2,0oz<\/td><\/tr><tr><th>Tra\u00e7age\/espacement minimal<\/th><td>2.5mil\/2.5mil<\/td><\/tr><tr><th>C\u00f4t\u00e9s du masque de soudure<\/th><td>Selon le dossier<\/td><\/tr><tr><th>Couleur du masque de soudure<\/th><td>Vert, blanc, bleu, noir, rouge, jaune<\/td><\/tr><tr><th>S\u00e9rigraphie C\u00f4t\u00e9s<\/th><td>Selon le dossier<\/td><\/tr><tr><th>S\u00e9rigraphie Couleur<\/th><td>Blanc, noir, jaune<\/td><\/tr><tr><th>Finition de la surface<\/th><td>HASL - Mise \u00e0 niveau de la soudure \u00e0 l'air chaud<br>HASL sans plomb - RoHS<br>ENIG - Nickle chimique\/Immersion Or - RoHS<br>Argent par immersion - RoHS<br>Etain d'immersion - RoHS<br>OSP - Pr\u00e9servation de la soudabilit\u00e9 organique - RoHS<\/td><\/tr><tr><th>Anneau annulaire min.<\/th><td>4mil, 3mil - per\u00e7age laser<\/td><\/tr><tr><th>Diam\u00e8tre minimal du trou de forage<\/th><td>6mil, 4mil - per\u00e7age laser<\/td><\/tr><tr><th>Exposants maximaux des voies aveugles\/enterr\u00e9es<\/th><td>vias empil\u00e9s pour 3 couches interconnect\u00e9es, vias en quinconce pour 4 couches interconnect\u00e9es<\/td><\/tr><tr><th>Autres techniques<\/th><td>Combinaison flexible-rigide<br>Via In Pad<br>Condensateur enterr\u00e9 (uniquement pour les circuits imprim\u00e9s prototypes d'une surface totale \u22641m\u00b2)<\/td><\/tr><\/tbody><\/table><\/figure>\n      <\/div>\n   <\/div>\n   <div class=\"tab\">\n      <input type=\"checkbox\" id=\"chck7\">\n      <label class=\"tab-label\" for=\"chck7\">CIRCUIT IMPRIM\u00c9 HAUTE FR\u00c9QUENCE<\/label>\n      <div class=\"tab-content\">\n         <figure class=\"wp-block-table product-spec-table\"><table><thead><tr><th>Fonctionnalit\u00e9<\/th><th>Capacit\u00e9s<\/th><\/tr><\/thead><tbody><tr><th>Niveau de qualit\u00e9<\/th><td>Standard IPC 2<\/td><\/tr><tr><th>Nombre de couches<\/th><td>4 - 24 couches<\/td><\/tr><tr><th>Quantit\u00e9 command\u00e9e<\/th><td>1pc - 10000+pcs<\/td><\/tr><tr><th>Temps de construction<\/th><td>2 jours - 5 semaines<\/td><\/tr><tr><th>Mat\u00e9riau<\/th><td>RO4003C, RO4350B, Ro3003, Ro3010, RT5880<\/td><\/tr><tr><th>PP<\/th><td>Rogers 4450F, Domestic-(25FR), Domestic-(RF-27), Domestic-(6700)<\/td><\/tr><tr><th>Taille du conseil d'administration<\/th><td>Min 6mm x 6mm<br>Max 457mm x 610mm<\/td><\/tr><tr><th>\u00c9paisseur du panneau<\/th><td>0,4 mm - 5,0 mm<\/td><\/tr><tr><th>Poids du cuivre (fini)<\/th><td>0,5oz - 2,0oz<\/td><\/tr><tr><th>Tra\u00e7age\/espacement minimal<\/th><td>3mil\/3mil<\/td><\/tr><tr><th>C\u00f4t\u00e9s du masque de soudure<\/th><td>Selon le dossier<\/td><\/tr><tr><th>Couleur du masque de soudure<\/th><td>Vert, blanc, bleu, noir, rouge, jaune<\/td><\/tr><tr><th><strong>S\u00e9rigraphie C\u00f4t\u00e9s<\/strong><\/th><td>Selon le dossier<\/td><\/tr><tr><th><strong>S\u00e9rigraphie Couleur<\/strong><\/th><td>Blanc, noir, jaune<\/td><\/tr><tr><th>Finition de la surface<\/th><td>Nickel chimique \/ or en immersion (ENIG) - RoHS<br>Argent par immersion - RoHS<br>\u00c9tain d'immersion - RoHS<br>Conservateurs de soudabilit\u00e9 organiques - RoHS<\/td><\/tr><tr><th>Anneau annulaire min.<\/th><td>4 millions<\/td><\/tr><tr><th>Diam\u00e8tre minimal du trou de forage<\/th><td>6 millions<\/td><\/tr><tr><th>Tol\u00e9rance d'imp\u00e9dance<\/th><td>\u00b110%<\/td><\/tr><tr><th>Autres techniques<\/th><td>Masque de soudure pelable<br>Doigts d'or<br>Huile de carbone<br>Trous de fraisage<\/td><\/tr><\/tbody><\/table><\/figure>\n      <\/div>\n   <\/div>\n<\/div>\n<\/div><\/div>\n\n\n\n<div class=\"wp-block-group faq\"><div class=\"wp-block-group__inner-container is-layout-flow wp-block-group-is-layout-flow\"><h2 class=\"wp-block-heading\" id=\"pcb-assembly-capabilities\">Capacit\u00e9s d'assemblage de circuits imprim\u00e9s<\/h2>\n\n\n<div class=\"tabs\">\n   <div class=\"tab\">\n      <input type=\"checkbox\" id=\"chck8\">\n      <label class=\"tab-label\" for=\"chck8\">Fabrication de circuits imprim\u00e9s<\/label>\n      <div class=\"tab-content\">\n         <figure class=\"wp-block-table product-spec-table\"><table><thead><tr><th>Fonctionnalit\u00e9<\/th><th>Capacit\u00e9s<\/th><\/tr><\/thead><tbody><tr><th>Sp\u00e9cifications de la carte de circuit imprim\u00e9<\/th><td>Taille maximale du panneau : 19.7\u2033 x 31.5\u2033<br>Nombre maximal de couches : 1-40<br>\u00c9paisseur du cuivre : 0,5 oz \u00e0 5,0 oz<br>Largeur de ligne minimale : 3 mil<br>Espacement minimum des lignes : 3 mil<br>Plus petit trou : 0,006\u2033.<br>Vias aveugles, enterr\u00e9s et bouch\u00e9s<br>Imp\u00e9dance contr\u00f4l\u00e9e<\/td><\/tr><tr><th>Mat\u00e9riau<\/th><td>\u00c9paisseur : de 0,008\u2033 \u00e0 0,240\u2033.<br>FR-4<br>TG \u00e9lev\u00e9 FR-4<br>PTFE<br>Base en aluminium<br>Rogers<br>Mat\u00e9riau sp\u00e9cialis\u00e9 selon votre demande<\/td><\/tr><tr><th>Masque de soudure<\/th><td>LPI - Vert, jaune, noir, rouge, bleu, blanc, etc.<br>Masque pelable<\/td><\/tr><tr><th>Finitions finales<\/th><td>SMOBC (HASL)<br>Carbone<br>Placage d'or s\u00e9lectif<br>L'or dur et l'or mou<br>Immersion Gold<br>Argent d'immersion<br>\u00c9tain d'immersion<br>OSP<\/td><\/tr><tr><th>L\u00e9gende<\/th><td>Blanc, jaune, noir (demander d'autres options)<\/td><\/tr><tr><th>M\u00e9thodes d'inspection<\/th><td>100% Inspection visuelle<br>Essais \u00e9lectriques - Sonde volante ou lit de clous<br>Contr\u00f4le des lots d'\u00e9chantillons<br>Coupe transversale<\/td><\/tr><tr><th>Livraison<\/th><td>Urgence : 24 heures<br>Prototype standard : 5 jours<br>Production standard : 10 jours<\/td><\/tr><\/tbody><\/table><\/figure>\n      <\/div>\n   <\/div>\n   <div class=\"tab\">\n      <input type=\"checkbox\" id=\"chck9\">\n      <label class=\"tab-label\" for=\"chck9\">ASSEMBLAGE DE LA CARTE DE CIRCUIT IMPRIM\u00c9<\/label>\n      <div class=\"tab-content\">\n         <figure class=\"wp-block-table product-spec-table\"><table><thead><tr><th>Fonctionnalit\u00e9<\/th><th>Capacit\u00e9s<\/th><\/tr><\/thead><tbody><tr><th>Types d'assemblages<\/th><td>THD (Thru-Hole Device)<br>SMT (technologie de montage en surface)<br>SMT &amp; THD mixte<br>Assemblage SMT et THD sur 2 faces<\/td><\/tr><tr><th>Quantit\u00e9 command\u00e9e<\/th><td>1 \u00e0 10 000 planches<\/td><\/tr><tr><th>Composants<\/th><td>Pi\u00e8ces passives, plus petite taille 0201<br>Pas fin jusqu'\u00e0 8 milli\u00e8mes de pouce<br>Puces BGA, uBGA, QFN, POP et sans plomb<br>Connecteurs et bornes<\/td><\/tr><tr><th>Paquet de composants<\/th><td>Enrouleurs<br>Couper le ruban<br>Tube et plateau<br>Pi\u00e8ces d\u00e9tach\u00e9es et vrac<\/td><\/tr><tr><th>Dimensions de la carte<\/th><td>Taille la plus petite : 0,2\u2033 x 0,2\u2033<br>Plus grande taille : 15\u2033 x 20\u2033Blanc, jaune, noir (demander pour plus d'options)<\/td><\/tr><tr><th>Forme du conseil<\/th><td>Rectangulaire<br>Rond<br>Fentes et d\u00e9coupes<br>Complexe et irr\u00e9gulier<\/td><\/tr><tr><th>Type de carte<\/th><td>Rigide FR-4<br>Panneaux Rigid-Flex<\/td><\/tr><tr><th>Processus d'assemblage<\/th><td>Processus plomb\u00e9<br>Sans plomb (RoHS)<\/td><\/tr><tr><th>Format du fichier de conception<\/th><td>Gerber RS-274X<br>Nomenclature (Bill of Materials) (.xls, .csv, . xlsx)<br>Centro\u00efde (fichier Pick-N-Place\/XY)<\/td><\/tr><tr><th>Ventes et assistance<\/th><td>Courriels<br>Appels t\u00e9l\u00e9phoniques<br>Devis en ligne pour PCB et assemblage<\/td><\/tr><tr><th>Essais \u00e9lectriques<\/th><td>Inspection par rayons X<br>AOI (Inspection optique automatis\u00e9e)<br>Essais fonctionnels<\/td><\/tr><tr><th><strong>Profil du four<\/strong><\/th><td>Standard<br>Sur mesure<\/td><\/tr><tr><th>D\u00e9lai d'ex\u00e9cution<\/th><td>1-5 jours pour l'assemblage du PCB uniquement<br>10-16 jours pour l'assemblage de PCB cl\u00e9 en main<\/td><\/tr><\/tbody><\/table><\/figure>\n      <\/div>\n   <\/div>\n<\/div>\n<\/div><\/div>","protected":false},"excerpt":{"rendered":"<p>Fabricant de circuits imprim\u00e9s \u00e0 guichet unique<\/p>\n<p>Capacit\u00e9s en mati\u00e8re de circuits imprim\u00e9s<\/p>\n<p>Bester Tech PCB&amp;PCBA Capacit\u00e9s<\/p>","protected":false},"author":1,"featured_media":0,"parent":0,"menu_order":0,"comment_status":"closed","ping_status":"closed","template":"","meta":{"article_term":"","article_term_alternate":"","article_term_def":"","article_hook":"","auto_links":"","article_topic":"","article_fact_check":"","mt_social_share":"","mt_content_meta":"","mt_glossary_display":"","glossary_heading":"","glossary":"","glossary_alter":"","glossary_def":"","article_task":"","footnotes":""},"class_list":["post-4328","page","type-page","status-publish"],"_links":{"self":[{"href":"https:\/\/www.besterpcba.com\/fr\/wp-json\/wp\/v2\/pages\/4328","targetHints":{"allow":["GET"]}}],"collection":[{"href":"https:\/\/www.besterpcba.com\/fr\/wp-json\/wp\/v2\/pages"}],"about":[{"href":"https:\/\/www.besterpcba.com\/fr\/wp-json\/wp\/v2\/types\/page"}],"author":[{"embeddable":true,"href":"https:\/\/www.besterpcba.com\/fr\/wp-json\/wp\/v2\/users\/1"}],"replies":[{"embeddable":true,"href":"https:\/\/www.besterpcba.com\/fr\/wp-json\/wp\/v2\/comments?post=4328"}],"version-history":[{"count":9,"href":"https:\/\/www.besterpcba.com\/fr\/wp-json\/wp\/v2\/pages\/4328\/revisions"}],"predecessor-version":[{"id":7151,"href":"https:\/\/www.besterpcba.com\/fr\/wp-json\/wp\/v2\/pages\/4328\/revisions\/7151"}],"wp:attachment":[{"href":"https:\/\/www.besterpcba.com\/fr\/wp-json\/wp\/v2\/media?parent=4328"}],"curies":[{"name":"wp","href":"https:\/\/api.w.org\/{rel}","templated":true}]}}