{"id":6755,"date":"2023-07-24T01:44:19","date_gmt":"2023-07-24T01:44:19","guid":{"rendered":"https:\/\/www.besterpcba.com\/?page_id=6755"},"modified":"2023-07-25T07:03:25","modified_gmt":"2023-07-25T07:03:25","slug":"automotive","status":"publish","type":"page","link":"https:\/\/www.besterpcba.com\/fr\/automobile\/","title":{"rendered":"Automobile"},"content":{"rendered":"<div class=\"wp-block-cover alignfull is-light base_cover base_cover_overlay_grad\"><span aria-hidden=\"true\" class=\"wp-block-cover__background has-background-dim-0 has-background-dim\"><\/span><img loading=\"lazy\" decoding=\"async\" width=\"1920\" height=\"650\" class=\"wp-block-cover__image-background wp-image-6771\" alt=\"Banni\u00e8re automobile\" src=\"https:\/\/www.besterpcba.com\/wp-content\/uploads\/2023\/07\/Automotive-banner.jpg\" data-object-fit=\"cover\" srcset=\"https:\/\/www.besterpcba.com\/wp-content\/uploads\/2023\/07\/Automotive-banner.jpg 1920w, https:\/\/www.besterpcba.com\/wp-content\/uploads\/2023\/07\/Automotive-banner-300x102.jpg 300w, https:\/\/www.besterpcba.com\/wp-content\/uploads\/2023\/07\/Automotive-banner-1024x347.jpg 1024w, https:\/\/www.besterpcba.com\/wp-content\/uploads\/2023\/07\/Automotive-banner-768x260.jpg 768w, https:\/\/www.besterpcba.com\/wp-content\/uploads\/2023\/07\/Automotive-banner-1600x542.jpg 1600w, https:\/\/www.besterpcba.com\/wp-content\/uploads\/2023\/07\/Automotive-banner-1536x520.jpg 1536w\" sizes=\"auto, (max-width: 1920px) 100vw, 1920px\" \/><div class=\"wp-block-cover__inner-container is-layout-flow wp-block-cover-is-layout-flow\">\n<div class=\"wp-block-group\"><div class=\"wp-block-group__inner-container is-layout-constrained wp-block-group-is-layout-constrained\"><div class=\"breadcrumbs\" typeof=\"BreadcrumbList\" vocab=\"https:\/\/schema.org\/\"><span property=\"itemListElement\" typeof=\"ListItem\"><a property=\"item\" typeof=\"WebPage\" title=\"Aller \u00e0 One Stop PCBA Manufacturer.\" href=\"https:\/\/www.besterpcba.com\/fr\" class=\"home\" aria-current=\"page\"><span property=\"name\">Fabricant de circuits imprim\u00e9s \u00e0 guichet unique<\/span><\/a><meta property=\"position\" content=\"1\"><\/span><\/div>\n\n<h1 class=\"wp-block-heading\" id=\"automotive\">Automobile<\/h1>\n\n\n<p class=\"has-text-align-left has-large-font-size\">Avec plus de 10 ans d'exp\u00e9rience dans la fabrication de circuits imprim\u00e9s, nous avons trait\u00e9 des centaines de milliers de projets de circuits imprim\u00e9s et couvert presque tous les types de mat\u00e9riaux de substrat, y compris le FR4, l'aluminium, le Rogers, etc.&nbsp;<\/p>\n\n\n\n<div class='base_cover_button_wrapper'><p class=\"base_header_button\"><a href=\"https:\/\/www.besterpcba.com\/fr\/contact\/\" data-type=\"page\" data-id=\"1358\">Obtenir un devis gratuit<\/a><\/p><\/div>\n<\/div><\/div>\n<\/div><\/div>\n\n\n\n<div class=\"wp-block-cover alignfull base_cover_bg wp-duotone-unset-1\"><span aria-hidden=\"true\" class=\"wp-block-cover__background has-contrast-background-color has-background-dim-0 has-background-dim\"><\/span><div class=\"wp-block-cover__inner-container is-layout-flow wp-block-cover-is-layout-flow\">\n<div class=\"wp-block-group alignfull base_txt_img base_txt_img_r base_txt_img_large\"><div class=\"wp-block-group__inner-container is-layout-constrained wp-block-group-is-layout-constrained\">\n<div class=\"wp-block-group\"><div class=\"wp-block-group__inner-container is-layout-constrained wp-block-group-is-layout-constrained\">\n<figure class=\"wp-block-image size-full\"><img loading=\"lazy\" decoding=\"async\" width=\"1200\" height=\"900\" src=\"https:\/\/www.besterpcba.com\/wp-content\/uploads\/2023\/07\/Untitled-design-1.jpg\" alt=\"Untitled Design (1)\" class=\"wp-image-6878\" srcset=\"https:\/\/www.besterpcba.com\/wp-content\/uploads\/2023\/07\/Untitled-design-1.jpg 1200w, https:\/\/www.besterpcba.com\/wp-content\/uploads\/2023\/07\/Untitled-design-1-300x225.jpg 300w, https:\/\/www.besterpcba.com\/wp-content\/uploads\/2023\/07\/Untitled-design-1-1024x768.jpg 1024w, https:\/\/www.besterpcba.com\/wp-content\/uploads\/2023\/07\/Untitled-design-1-768x576.jpg 768w\" sizes=\"auto, (max-width: 1200px) 100vw, 1200px\" \/><\/figure>\n<\/div><\/div>\n\n\n\n<div class=\"wp-block-group\"><div class=\"wp-block-group__inner-container is-layout-constrained wp-block-group-is-layout-constrained\">\n<p>Bienvenue chez Bester, o\u00f9 nos services de pointe en mati\u00e8re de circuits imprim\u00e9s font progresser l'industrie automobile. Notre expertise en mati\u00e8re d'assemblage de cartes de circuits imprim\u00e9s nous permet de cr\u00e9er des composants \u00e9lectroniques automobiles fiables et de haute qualit\u00e9. Des syst\u00e8mes avanc\u00e9s d'aide \u00e0 la conduite aux plates-formes d'infodivertissement, nos solutions PCBA alimentent les v\u00e9hicules d'aujourd'hui et de demain. Notre souci de pr\u00e9cision et d'efficacit\u00e9 garantit au march\u00e9 de l'automobile des produits et des services de premier ordre. Avec Bester, vous pouvez \u00eatre s\u00fbr que votre \u00e9lectronique automobile est entre de bonnes mains.<\/p>\n<\/div><\/div>\n<\/div><\/div>\n\n\n\n<div class=\"wp-block-group alignfull bs_hide base_txt_img base_txt_img_l base_txt_img_large\"><div class=\"wp-block-group__inner-container is-layout-constrained wp-block-group-is-layout-constrained\">\n<div class=\"wp-block-group\"><div class=\"wp-block-group__inner-container is-layout-constrained wp-block-group-is-layout-constrained\">\n<figure class=\"wp-block-image size-full\"><img loading=\"lazy\" decoding=\"async\" width=\"1200\" height=\"900\" src=\"https:\/\/www.besterpcba.com\/wp-content\/uploads\/2023\/07\/Untitled-design-10.jpg\" alt=\"Untitled Design (10)\" class=\"wp-image-6882\" srcset=\"https:\/\/www.besterpcba.com\/wp-content\/uploads\/2023\/07\/Untitled-design-10.jpg 1200w, https:\/\/www.besterpcba.com\/wp-content\/uploads\/2023\/07\/Untitled-design-10-300x225.jpg 300w, https:\/\/www.besterpcba.com\/wp-content\/uploads\/2023\/07\/Untitled-design-10-1024x768.jpg 1024w, https:\/\/www.besterpcba.com\/wp-content\/uploads\/2023\/07\/Untitled-design-10-768x576.jpg 768w\" sizes=\"auto, (max-width: 1200px) 100vw, 1200px\" \/><\/figure>\n<\/div><\/div>\n\n\n\n<div class=\"wp-block-group\"><div class=\"wp-block-group__inner-container is-layout-constrained wp-block-group-is-layout-constrained\"><h3 class=\"wp-block-heading\" id=\"if-needed-add-more-content-here\">Si n\u00e9cessaire, ajoutez du contenu ici.<\/h3>\n\n\n<p>Chez MOKO, nous r\u00e9alisons des assemblages manuels et automatis\u00e9s de circuits imprim\u00e9s \u00e0 trous traversants en fonction des exigences des diff\u00e9rents projets. En r\u00e8gle g\u00e9n\u00e9rale, nous proc\u00e9dons \u00e0 l'insertion et \u00e0 la soudure manuelles des composants pour les projets d'assemblage tr\u00e8s complexes et nous utilisons des techniques d'assemblage automatis\u00e9 de circuits imprim\u00e9s \u00e0 trous traversants pour la production de petits volumes.<\/p>\n<\/div><\/div>\n<\/div><\/div>\n<\/div><\/div>\n\n\n\n<div class=\"wp-block-group bs-slider-outer-group bs-slider-flex-full\"><div class=\"wp-block-group__inner-container is-layout-constrained wp-block-group-is-layout-constrained\"><h2 class=\"wp-block-heading\" id=\"solutions-for-automotive\">Solutions pour l'automobile<\/h2>\n\n\n<div class=\"wp-block-group bs-slider-group bs-slider-mk\"><div class=\"wp-block-group__inner-container is-layout-constrained wp-block-group-is-layout-constrained\">\n<div class=\"wp-block-group bs-slider-item\"><div class=\"wp-block-group__inner-container is-layout-constrained wp-block-group-is-layout-constrained\">\n<figure class=\"wp-block-image size-full\"><img loading=\"lazy\" decoding=\"async\" width=\"1200\" height=\"900\" src=\"https:\/\/www.besterpcba.com\/wp-content\/uploads\/2023\/07\/Untitled-design-18.jpg\" alt=\"Untitled Design (18)\" class=\"wp-image-6888\" srcset=\"https:\/\/www.besterpcba.com\/wp-content\/uploads\/2023\/07\/Untitled-design-18.jpg 1200w, https:\/\/www.besterpcba.com\/wp-content\/uploads\/2023\/07\/Untitled-design-18-300x225.jpg 300w, https:\/\/www.besterpcba.com\/wp-content\/uploads\/2023\/07\/Untitled-design-18-1024x768.jpg 1024w, https:\/\/www.besterpcba.com\/wp-content\/uploads\/2023\/07\/Untitled-design-18-768x576.jpg 768w\" sizes=\"auto, (max-width: 1200px) 100vw, 1200px\" \/><\/figure>\n\n\n<h4 class=\"wp-block-heading\" id=\"prototyping\">Prototypage<\/h4>\n\n\n<p class=\"base_rect_block_button\"><span><a href=\"https:\/\/www.besterpcba.com\/fr\/prototype-de-circuit-imprime\/\">Explorer maintenant<\/a><\/span><\/p>\n<\/div><\/div>\n\n\n\n<div class=\"wp-block-group bs-slider-item\"><div class=\"wp-block-group__inner-container is-layout-constrained wp-block-group-is-layout-constrained\">\n<figure class=\"wp-block-image size-full\"><img loading=\"lazy\" decoding=\"async\" width=\"1200\" height=\"900\" src=\"https:\/\/www.besterpcba.com\/wp-content\/uploads\/2023\/07\/Untitled-design-13.jpg\" alt=\"Untitled Design (13)\" class=\"wp-image-6885\" srcset=\"https:\/\/www.besterpcba.com\/wp-content\/uploads\/2023\/07\/Untitled-design-13.jpg 1200w, https:\/\/www.besterpcba.com\/wp-content\/uploads\/2023\/07\/Untitled-design-13-300x225.jpg 300w, https:\/\/www.besterpcba.com\/wp-content\/uploads\/2023\/07\/Untitled-design-13-1024x768.jpg 1024w, https:\/\/www.besterpcba.com\/wp-content\/uploads\/2023\/07\/Untitled-design-13-768x576.jpg 768w\" sizes=\"auto, (max-width: 1200px) 100vw, 1200px\" \/><\/figure>\n\n\n<h4 class=\"wp-block-heading\" id=\"pcb-design\">Conception de circuits imprim\u00e9s<\/h4>\n\n\n<p class=\"base_rect_block_button\"><span><a href=\"https:\/\/www.besterpcba.com\/fr\/pcb-desgin\/\">Explorer maintenant<\/a><\/span><\/p>\n<\/div><\/div>\n\n\n\n<div class=\"wp-block-group bs-slider-item\"><div class=\"wp-block-group__inner-container is-layout-constrained wp-block-group-is-layout-constrained\">\n<figure class=\"wp-block-image size-full\"><img loading=\"lazy\" decoding=\"async\" width=\"1200\" height=\"900\" src=\"https:\/\/www.besterpcba.com\/wp-content\/uploads\/2023\/07\/Untitled-design-17.jpg\" alt=\"Untitled Design (17)\" class=\"wp-image-6887\" srcset=\"https:\/\/www.besterpcba.com\/wp-content\/uploads\/2023\/07\/Untitled-design-17.jpg 1200w, https:\/\/www.besterpcba.com\/wp-content\/uploads\/2023\/07\/Untitled-design-17-300x225.jpg 300w, https:\/\/www.besterpcba.com\/wp-content\/uploads\/2023\/07\/Untitled-design-17-1024x768.jpg 1024w, https:\/\/www.besterpcba.com\/wp-content\/uploads\/2023\/07\/Untitled-design-17-768x576.jpg 768w\" sizes=\"auto, (max-width: 1200px) 100vw, 1200px\" \/><\/figure>\n\n\n<h4 class=\"wp-block-heading\" id=\"pcb-assemly\">Assemblage du PCB<\/h4>\n\n\n<p class=\"base_rect_block_button\"><span><a href=\"https:\/\/www.besterpcba.com\/fr\/assemblage-de-circuits-imprimes\/\">Explorer maintenant<\/a><\/span><\/p>\n<\/div><\/div>\n\n\n\n<div class=\"wp-block-group bs-slider-item\"><div class=\"wp-block-group__inner-container is-layout-constrained wp-block-group-is-layout-constrained\">\n<figure class=\"wp-block-image size-full\"><img loading=\"lazy\" decoding=\"async\" width=\"1200\" height=\"900\" src=\"https:\/\/www.besterpcba.com\/wp-content\/uploads\/2023\/07\/Untitled-design-19.jpg\" alt=\"Untitled Design (19)\" class=\"wp-image-6889\" srcset=\"https:\/\/www.besterpcba.com\/wp-content\/uploads\/2023\/07\/Untitled-design-19.jpg 1200w, https:\/\/www.besterpcba.com\/wp-content\/uploads\/2023\/07\/Untitled-design-19-300x225.jpg 300w, https:\/\/www.besterpcba.com\/wp-content\/uploads\/2023\/07\/Untitled-design-19-1024x768.jpg 1024w, https:\/\/www.besterpcba.com\/wp-content\/uploads\/2023\/07\/Untitled-design-19-768x576.jpg 768w\" sizes=\"auto, (max-width: 1200px) 100vw, 1200px\" \/><\/figure>\n\n\n<h4 class=\"wp-block-heading\" id=\"testing-and-inspection\">Essais et inspections<\/h4>\n\n\n<p class=\"base_rect_block_button\"><span><a href=\"https:\/\/www.besterpcba.com\/fr\/test-fonctionnel\/\">Explorer maintenant<\/a><\/span><\/p>\n<\/div><\/div>\n<\/div><\/div>\n<\/div><\/div>\n\n\n\n<div class=\"wp-block-group bs_hide bs-slider-outer-group bs-slider-flex-full\"><div class=\"wp-block-group__inner-container is-layout-constrained wp-block-group-is-layout-constrained\"><h2 class=\"wp-block-heading\" id=\"products-for-automotive\">Produits pour l'automobile<\/h2>\n\n\n<div class=\"wp-block-group bs-slider-group bs-slider-pd\"><div class=\"wp-block-group__inner-container is-layout-constrained wp-block-group-is-layout-constrained\">\n<div class=\"wp-block-group bs-slider-item\"><div class=\"wp-block-group__inner-container is-layout-constrained wp-block-group-is-layout-constrained\">\n<figure class=\"wp-block-image size-large\"><img loading=\"lazy\" decoding=\"async\" width=\"1024\" height=\"768\" src=\"https:\/\/www.besterpcba.com\/wp-content\/uploads\/2023\/07\/Untitled-design-12-1024x768.jpg\" alt=\"Untitled Design (12)\" class=\"wp-image-6895\" srcset=\"https:\/\/www.besterpcba.com\/wp-content\/uploads\/2023\/07\/Untitled-design-12-1024x768.jpg 1024w, https:\/\/www.besterpcba.com\/wp-content\/uploads\/2023\/07\/Untitled-design-12-300x225.jpg 300w, https:\/\/www.besterpcba.com\/wp-content\/uploads\/2023\/07\/Untitled-design-12-768x576.jpg 768w, https:\/\/www.besterpcba.com\/wp-content\/uploads\/2023\/07\/Untitled-design-12.jpg 1200w\" sizes=\"auto, (max-width: 1024px) 100vw, 1024px\" \/><\/figure>\n\n\n<h4 class=\"wp-block-heading\" id=\"bike-light\">Lumi\u00e8re pour v\u00e9lo<\/h4>\n\n\n<p>ssasdffasffafd<\/p>\n<\/div><\/div>\n\n\n\n<div class=\"wp-block-group bs-slider-item\"><div class=\"wp-block-group__inner-container is-layout-constrained wp-block-group-is-layout-constrained\">\n<figure class=\"wp-block-image size-large\"><img loading=\"lazy\" decoding=\"async\" width=\"1024\" height=\"768\" src=\"https:\/\/www.besterpcba.com\/wp-content\/uploads\/2023\/07\/Untitled-design-21-1024x768.jpg\" alt=\"Untitled Design (21)\" class=\"wp-image-6893\" srcset=\"https:\/\/www.besterpcba.com\/wp-content\/uploads\/2023\/07\/Untitled-design-21-1024x768.jpg 1024w, https:\/\/www.besterpcba.com\/wp-content\/uploads\/2023\/07\/Untitled-design-21-300x225.jpg 300w, https:\/\/www.besterpcba.com\/wp-content\/uploads\/2023\/07\/Untitled-design-21-768x576.jpg 768w, https:\/\/www.besterpcba.com\/wp-content\/uploads\/2023\/07\/Untitled-design-21.jpg 1200w\" sizes=\"auto, (max-width: 1024px) 100vw, 1024px\" \/><\/figure>\n\n\n<h4 class=\"wp-block-heading\" id=\"motion-sensor\">D\u00e9tecteur de mouvement<\/h4>\n\n\n<p>ssasdffasffafd<\/p>\n<\/div><\/div>\n\n\n\n<div class=\"wp-block-group bs-slider-item\"><div class=\"wp-block-group__inner-container is-layout-constrained wp-block-group-is-layout-constrained\">\n<figure class=\"wp-block-image size-large\"><img loading=\"lazy\" decoding=\"async\" width=\"1024\" height=\"768\" src=\"https:\/\/www.besterpcba.com\/wp-content\/uploads\/2023\/07\/Untitled-design-20-1024x768.jpg\" alt=\"Untitled Design (20)\" class=\"wp-image-6892\" srcset=\"https:\/\/www.besterpcba.com\/wp-content\/uploads\/2023\/07\/Untitled-design-20-1024x768.jpg 1024w, https:\/\/www.besterpcba.com\/wp-content\/uploads\/2023\/07\/Untitled-design-20-300x225.jpg 300w, https:\/\/www.besterpcba.com\/wp-content\/uploads\/2023\/07\/Untitled-design-20-768x576.jpg 768w, https:\/\/www.besterpcba.com\/wp-content\/uploads\/2023\/07\/Untitled-design-20.jpg 1200w\" sizes=\"auto, (max-width: 1024px) 100vw, 1024px\" \/><\/figure>\n\n\n<h4 class=\"wp-block-heading\" id=\"led-light\">Lumi\u00e8re LED<\/h4>\n\n\n<p>ssasdffasffafd<\/p>\n<\/div><\/div>\n<\/div><\/div>\n<\/div><\/div>\n\n\n\n<div class=\"wp-block-cover alignfull base_cap base_cap_overlay\"><span aria-hidden=\"true\" class=\"wp-block-cover__background has-contrast-3-background-color has-background-dim-0 has-background-dim\"><\/span><img loading=\"lazy\" decoding=\"async\" width=\"1920\" height=\"1280\" class=\"wp-block-cover__image-background wp-image-2888\" alt=\"\" src=\"https:\/\/www.besterpcba.com\/wp-content\/uploads\/2021\/09\/XP6A4576.jpg\" data-object-fit=\"cover\" srcset=\"https:\/\/www.besterpcba.com\/wp-content\/uploads\/2021\/09\/XP6A4576.jpg 1920w, https:\/\/www.besterpcba.com\/wp-content\/uploads\/2021\/09\/XP6A4576-300x200.jpg 300w, https:\/\/www.besterpcba.com\/wp-content\/uploads\/2021\/09\/XP6A4576-1024x683.jpg 1024w, https:\/\/www.besterpcba.com\/wp-content\/uploads\/2021\/09\/XP6A4576-768x512.jpg 768w, https:\/\/www.besterpcba.com\/wp-content\/uploads\/2021\/09\/XP6A4576-1600x1067.jpg 1600w, https:\/\/www.besterpcba.com\/wp-content\/uploads\/2021\/09\/XP6A4576-1536x1024.jpg 1536w\" sizes=\"auto, (max-width: 1920px) 100vw, 1920px\" \/><div class=\"wp-block-cover__inner-container is-layout-flow wp-block-cover-is-layout-flow\">\n<div class=\"wp-block-group base_cap_inner base_cap_inner_1\"><div class=\"wp-block-group__inner-container is-layout-constrained wp-block-group-is-layout-constrained\"><h2 class=\"wp-block-heading\" id=\"electronics-manufacturing-capabilities-at-bester\">Capacit\u00e9s de fabrication de produits \u00e9lectroniques \u00e0 Bester<\/h2>\n\n\n<div class='base_cap_button_wrapper'><p class=\"base_cap_button\"><a href=\"https:\/\/www.besterpcba.com\/fr\/contact\/\" data-type=\"page\" data-id=\"1358\">Obtenir un devis<\/a><\/p><\/div>\n<\/div><\/div>\n\n\n\n<div class=\"wp-block-group base_cap_inner base_cap_inner_2\"><div class=\"wp-block-group__inner-container is-layout-constrained wp-block-group-is-layout-constrained\"><h3 class=\"wp-block-heading\" id=\"manufacturing-capabilities\">Capacit\u00e9s de production<\/h3>\n\n\n<ul class=\"wp-block-list\">\n<li>100% Contr\u00f4le des composants ESD<\/li>\n\n\n\n<li>4 lignes SMT<\/li>\n\n\n\n<li>2 lignes DIP<\/li>\n\n\n\n<li>20 Brasage robotis\u00e9 automatique<\/li>\n\n\n\n<li>Usinage CNC<\/li>\n\n\n\n<li>Rev\u00eatement conforme automatis\u00e9<\/li>\n\n\n\n<li>Moulage par injection<\/li>\n\n\n\n<li>Impression 3D<\/li>\n<\/ul>\n<\/div><\/div>\n\n\n\n<div class=\"wp-block-group base_cap_inner base_cap_inner_3\"><div class=\"wp-block-group__inner-container is-layout-constrained wp-block-group-is-layout-constrained\"><h3 class=\"wp-block-heading\" id=\"certifications\">Certifications<\/h3>\n\n\n<ul class=\"wp-block-list\">\n<li>ISO 9001<\/li>\n\n\n\n<li>UL<\/li>\n\n\n\n<li>SGS<\/li>\n\n\n\n<li>IPC<\/li>\n\n\n\n<li>RoHS<\/li>\n\n\n\n<li>CE<\/li>\n\n\n\n<li>FCC<\/li>\n\n\n\n<li>SRDI<\/li>\n\n\n\n<li>HNTE<\/li>\n<\/ul>\n<\/div><\/div>\n<\/div><\/div>\n\n\n\n<div class = \"bs_logos_outer_group\">\r\n  <div class = \"bs_logos_outer_group_inner\">\r\n    <div class = 'base_why_us_same_header'>\r\n        <h2>Clients et certifications<\/h2>\r\n    <\/div>\r\n    <div class=\"bs_logos\">\r\n      <div class=\"bs_logos_slide\">\r\n        <img decoding=\"async\" src=\"https:\/\/www.besterpcba.com\/wp-content\/uploads\/2021\/10\/UL-RED.png\" \/>\r\n        <img decoding=\"async\" src=\"https:\/\/www.besterpcba.com\/wp-content\/uploads\/2021\/10\/logo-ipc-2.png\" \/>\r\n        <img decoding=\"async\" src=\"https:\/\/www.besterpcba.com\/wp-content\/uploads\/2021\/10\/rohs-green.png\" \/>\r\n      <\/div>\r\n    <\/div>\r\n  <\/div>\r\n<\/div>\r\n\r\n<script>\r\n  var copy = document.querySelector(\".bs_logos_slide\").cloneNode(true);\r\n  document.querySelector(\".bs_logos\").appendChild(copy);\r\n<\/script>\n\n\n\n<div class=\"wp-block-cover alignfull is-light base_why_us base_why_us_2 light_cover why_us_inner_indi_border fill_svg_color_blue\"><span aria-hidden=\"true\" class=\"wp-block-cover__background has-background-dim-0 has-background-dim\"><\/span><div class=\"wp-block-cover__inner-container is-layout-flow wp-block-cover-is-layout-flow\">\n<div class=\"wp-block-group base_why_us_inner base_why_us_inner_100\"><div class=\"wp-block-group__inner-container is-layout-constrained wp-block-group-is-layout-constrained\"><h2 class=\"wp-block-heading\" id=\"why-choose-bester\">Pourquoi choisir Bester<\/h2><\/div><\/div>\n\n\n\n<div class=\"wp-block-group base_why_us_inner_indi\"><div class=\"wp-block-group__inner-container is-layout-constrained wp-block-group-is-layout-constrained\">\n<div class=\"wp-block-group base_why_us_inner_indi_icon base_why_us_inner_indi_icon_top_left\"><div class=\"wp-block-group__inner-container is-layout-constrained wp-block-group-is-layout-constrained\">\n<figure class=\"wp-block-image size-full\"><img decoding=\"async\" src=\"https:\/\/www.besterpcba.com\/wp-content\/uploads\/2023\/06\/industrial-robot-industry-svgrepo-com.svg\" alt=\"Industrie des robots industriels Svgrepo Com\" class=\"wp-image-5750\"\/><\/figure>\n\n\n<h3 class=\"wp-block-heading\" id=\"strong-assembly-capacities\">Capacit\u00e9s d'assemblage \u00e9lev\u00e9es<\/h3><\/div><\/div>\n\n\n\n<p>Notre processus d'assemblage SMT respecte strictement des normes \u00e9lev\u00e9es et est conforme aux normes ISO9001, IPC et UL. Nous appliquons plusieurs m\u00e9thodes de test et d'inspection pour garantir la haute qualit\u00e9 de chaque PCBA, notamment les tests AOI, les tests aux rayons X, les tests fonctionnels, etc.<\/p>\n<\/div><\/div>\n\n\n\n<div class=\"wp-block-group base_why_us_inner_indi\"><div class=\"wp-block-group__inner-container is-layout-constrained wp-block-group-is-layout-constrained\">\n<div class=\"wp-block-group base_why_us_inner_indi_icon base_why_us_inner_indi_icon_top_left\"><div class=\"wp-block-group__inner-container is-layout-constrained wp-block-group-is-layout-constrained\">\n<figure class=\"wp-block-image size-full\"><img decoding=\"async\" src=\"https:\/\/www.besterpcba.com\/wp-content\/uploads\/2023\/06\/worker-svgrepo-com.svg\" alt=\"Travailleur Svgrepo Com\" class=\"wp-image-5748\"\/><\/figure>\n\n\n<h3 class=\"wp-block-heading\" id=\"quality-assurance\">Assurance qualit\u00e9<\/h3><\/div><\/div>\n\n\n\n<p>Notre processus d'assemblage SMT respecte strictement des normes \u00e9lev\u00e9es et est conforme aux normes ISO9001, IPC et UL. Nous appliquons plusieurs m\u00e9thodes de test et d'inspection pour garantir la haute qualit\u00e9 de chaque PCBA, notamment les tests AOI, les tests aux rayons X, les tests fonctionnels, etc.<\/p>\n<\/div><\/div>\n\n\n\n<div class=\"wp-block-group base_why_us_inner_indi\"><div class=\"wp-block-group__inner-container is-layout-constrained wp-block-group-is-layout-constrained\">\n<div class=\"wp-block-group base_why_us_inner_indi_icon base_why_us_inner_indi_icon_top_left\"><div class=\"wp-block-group__inner-container is-layout-constrained wp-block-group-is-layout-constrained\">\n<figure class=\"wp-block-image size-full\"><img decoding=\"async\" src=\"https:\/\/www.besterpcba.com\/wp-content\/uploads\/2023\/06\/blueprint-svgrepo-com.svg\" alt=\"Plan directeur Svgrepo Com\" class=\"wp-image-5752\"\/><\/figure>\n\n\n<h3 class=\"wp-block-heading\" id=\"onestop-service\">Service \u00e0 guichet unique<\/h3><\/div><\/div>\n\n\n\n<p>Notre processus d'assemblage SMT respecte strictement des normes \u00e9lev\u00e9es et est conforme aux normes ISO9001, IPC et UL. Nous appliquons plusieurs m\u00e9thodes de test et d'inspection pour garantir la haute qualit\u00e9 de chaque PCBA, notamment les tests AOI, les tests aux rayons X, les tests fonctionnels, etc.<\/p>\n<\/div><\/div>\n\n\n\n<div class=\"wp-block-group base_why_us_inner_indi\"><div class=\"wp-block-group__inner-container is-layout-constrained wp-block-group-is-layout-constrained\">\n<div class=\"wp-block-group base_why_us_inner_indi_icon base_why_us_inner_indi_icon_top_left\"><div class=\"wp-block-group__inner-container is-layout-constrained wp-block-group-is-layout-constrained\">\n<figure class=\"wp-block-image size-full\"><img decoding=\"async\" src=\"https:\/\/www.besterpcba.com\/wp-content\/uploads\/2023\/06\/pushcart-svgrepo-com.svg\" alt=\"Pushcart Svgrepo Com\" class=\"wp-image-5746\"\/><\/figure>\n\n\n<h3 class=\"wp-block-heading\" id=\"fast-turnaround\">D\u00e9lai d'ex\u00e9cution rapide<\/h3><\/div><\/div>\n\n\n\n<p>Notre processus d'assemblage SMT respecte strictement des normes \u00e9lev\u00e9es et est conforme aux normes ISO9001, IPC et UL. Nous appliquons plusieurs m\u00e9thodes de test et d'inspection pour garantir la haute qualit\u00e9 de chaque PCBA, notamment les tests AOI, les tests aux rayons X, les tests fonctionnels, etc.<\/p>\n<\/div><\/div>\n<\/div><\/div>\n\n\n\n<div class=\"wp-block-cover alignfull is-light base_footer\"><span aria-hidden=\"true\" class=\"wp-block-cover__background has-background-dim-0 has-background-dim\"><\/span><img loading=\"lazy\" decoding=\"async\" width=\"3226\" height=\"1400\" class=\"wp-block-cover__image-background wp-image-5726\" alt=\"5d10fb377791dacec4062c61 Bg Mid\" src=\"https:\/\/www.besterpcba.com\/wp-content\/uploads\/2023\/06\/5d10fb377791dacec4062c61_bg-mid.png\" data-object-fit=\"cover\" srcset=\"https:\/\/www.besterpcba.com\/wp-content\/uploads\/2023\/06\/5d10fb377791dacec4062c61_bg-mid.png 3226w, https:\/\/www.besterpcba.com\/wp-content\/uploads\/2023\/06\/5d10fb377791dacec4062c61_bg-mid-300x130.png 300w, https:\/\/www.besterpcba.com\/wp-content\/uploads\/2023\/06\/5d10fb377791dacec4062c61_bg-mid-1024x444.png 1024w, https:\/\/www.besterpcba.com\/wp-content\/uploads\/2023\/06\/5d10fb377791dacec4062c61_bg-mid-768x333.png 768w, https:\/\/www.besterpcba.com\/wp-content\/uploads\/2023\/06\/5d10fb377791dacec4062c61_bg-mid-1600x694.png 1600w, https:\/\/www.besterpcba.com\/wp-content\/uploads\/2023\/06\/5d10fb377791dacec4062c61_bg-mid-1536x667.png 1536w, https:\/\/www.besterpcba.com\/wp-content\/uploads\/2023\/06\/5d10fb377791dacec4062c61_bg-mid-2048x889.png 2048w\" sizes=\"auto, (max-width: 3226px) 100vw, 3226px\" \/><div class=\"wp-block-cover__inner-container is-layout-flow wp-block-cover-is-layout-flow\">\n<p class=\"has-text-align-center has-large-font-size\">Pr\u00eat \u00e0 d\u00e9marrer vos projets d'assemblage de circuits imprim\u00e9s ?<\/p>\n\n\n\n<div class='base_cover_button_wrapper'><p class=\"base_cover_button\"><a href=\"https:\/\/www.besterpcba.com\/fr\/contact\/\" data-type=\"page\" data-id=\"1358\">Nous contacter<\/a><\/p><\/div>\n<\/div><\/div>","protected":false},"excerpt":{"rendered":"<p>Fabricant de circuits imprim\u00e9s \u00e0 guichet unique<\/p>\n<p>Automobile<\/p>\n<p>Avec plus de 10 ans d'exp\u00e9rience dans la fabrication de circuits imprim\u00e9s, nous avons trait\u00e9 des centaines de milliers de projets de circuits imprim\u00e9s et couvert presque tous les types de mat\u00e9riaux de substrat, y compris le FR4, l'aluminium, le Rogers, etc.&nbsp;<\/p>","protected":false},"author":1,"featured_media":0,"parent":0,"menu_order":0,"comment_status":"closed","ping_status":"closed","template":"","meta":{"article_term":"","article_term_alternate":"","article_term_def":"","article_hook":"","auto_links":"","article_topic":"","article_fact_check":"","mt_social_share":"","mt_content_meta":"","mt_glossary_display":"","glossary_heading":"","glossary":"","glossary_alter":"","glossary_def":"","article_task":"","footnotes":""},"class_list":["post-6755","page","type-page","status-publish"],"_links":{"self":[{"href":"https:\/\/www.besterpcba.com\/fr\/wp-json\/wp\/v2\/pages\/6755","targetHints":{"allow":["GET"]}}],"collection":[{"href":"https:\/\/www.besterpcba.com\/fr\/wp-json\/wp\/v2\/pages"}],"about":[{"href":"https:\/\/www.besterpcba.com\/fr\/wp-json\/wp\/v2\/types\/page"}],"author":[{"embeddable":true,"href":"https:\/\/www.besterpcba.com\/fr\/wp-json\/wp\/v2\/users\/1"}],"replies":[{"embeddable":true,"href":"https:\/\/www.besterpcba.com\/fr\/wp-json\/wp\/v2\/comments?post=6755"}],"version-history":[{"count":55,"href":"https:\/\/www.besterpcba.com\/fr\/wp-json\/wp\/v2\/pages\/6755\/revisions"}],"predecessor-version":[{"id":7147,"href":"https:\/\/www.besterpcba.com\/fr\/wp-json\/wp\/v2\/pages\/6755\/revisions\/7147"}],"wp:attachment":[{"href":"https:\/\/www.besterpcba.com\/fr\/wp-json\/wp\/v2\/media?parent=6755"}],"curies":[{"name":"wp","href":"https:\/\/api.w.org\/{rel}","templated":true}]}}