{"id":3911,"date":"2021-10-11T06:37:00","date_gmt":"2021-10-11T06:37:00","guid":{"rendered":"https:\/\/besterpcba.com\/?page_id=3911"},"modified":"2023-07-25T07:04:34","modified_gmt":"2023-07-25T07:04:34","slug":"blog","status":"publish","type":"page","link":"https:\/\/www.besterpcba.com\/it\/blog\/","title":{"rendered":"Blog"},"content":{"rendered":"<div class=\"wp-block-cover alignfull is-light base_cover base_cover_overlay_grad\"><span aria-hidden=\"true\" class=\"wp-block-cover__background has-background-dim-0 has-background-dim\"><\/span><img loading=\"lazy\" decoding=\"async\" width=\"1920\" height=\"1156\" class=\"wp-block-cover__image-background wp-image-3862\" alt=\"\" src=\"https:\/\/www.besterpcba.com\/wp-content\/uploads\/2021\/10\/job-5382501_1920-1.jpg\" data-object-fit=\"cover\" srcset=\"https:\/\/www.besterpcba.com\/wp-content\/uploads\/2021\/10\/job-5382501_1920-1.jpg 1920w, https:\/\/www.besterpcba.com\/wp-content\/uploads\/2021\/10\/job-5382501_1920-1-300x181.jpg 300w, https:\/\/www.besterpcba.com\/wp-content\/uploads\/2021\/10\/job-5382501_1920-1-1024x617.jpg 1024w, https:\/\/www.besterpcba.com\/wp-content\/uploads\/2021\/10\/job-5382501_1920-1-768x462.jpg 768w, https:\/\/www.besterpcba.com\/wp-content\/uploads\/2021\/10\/job-5382501_1920-1-1600x963.jpg 1600w, https:\/\/www.besterpcba.com\/wp-content\/uploads\/2021\/10\/job-5382501_1920-1-1536x925.jpg 1536w\" sizes=\"auto, (max-width: 1920px) 100vw, 1920px\" \/><div class=\"wp-block-cover__inner-container is-layout-flow wp-block-cover-is-layout-flow\">\n<div class=\"wp-block-group\"><div class=\"wp-block-group__inner-container is-layout-constrained wp-block-group-is-layout-constrained\"><div class=\"breadcrumbs\" typeof=\"BreadcrumbList\" vocab=\"https:\/\/schema.org\/\"><span property=\"itemListElement\" typeof=\"ListItem\"><a property=\"item\" typeof=\"WebPage\" title=\"Vai a One Stop PCBA Manufacturer.\" href=\"https:\/\/www.besterpcba.com\/it\" class=\"home\" aria-current=\"page\"><span property=\"name\">Produttore PCBA One Stop<\/span><\/a><meta property=\"position\" content=\"1\"><\/span><\/div>\n\n<h1 class=\"wp-block-heading\" id=\"blog\">Blog<\/h1>\n\n\n<p class=\"has-text-align-left has-large-font-size\">Leggi i nostri blog e approfondimenti sul settore PCB e PCBA.<\/p>\n\n\n\n<div class='base_cover_button_wrapper'><p class=\"base_header_button\"><a href=\"https:\/\/www.besterpcba.com\/it\/contatto\/\" data-type=\"page\" data-id=\"1358\">Ottieni un preventivo gratuito<\/a><\/p><\/div>\n<\/div><\/div>\n<\/div><\/div>\n\n\n\n<div class=\"wp-block-group bs_common_page_group bs_group_gap\"><div class=\"wp-block-group__inner-container is-layout-flow wp-block-group-is-layout-flow\"><h2 class=\"wp-block-heading underline--magical\" id=\"blog\"> Blog <\/h2>\n\n\n<div class=\"wp-block-query is-layout-flow wp-block-query-is-layout-flow\"><ul class=\"is-flex-container columns-3 best-home-news-gp-query wp-block-post-template is-layout-flow wp-block-post-template-is-layout-flow\"><li class=\"wp-block-post post-10727 post type-post status-publish format-standard has-post-thumbnail hentry category-blog\">\n<figure class=\"alignwide wp-block-post-featured-image\"><a href=\"https:\/\/www.besterpcba.com\/it\/contenimento-dellacquisto-del-broker\/\" target=\"_self\"  ><img loading=\"lazy\" decoding=\"async\" width=\"1200\" height=\"800\" src=\"https:\/\/www.besterpcba.com\/wp-content\/uploads\/2026\/01\/electronics-quarantine-hold-bin-factory-inspection.png\" class=\"attachment-post-thumbnail size-post-thumbnail wp-post-image\" alt=\"Contenimento dell&#039;acquisto tramite broker, in pratica: una guida sul campo per i team PCBA che non possono permettersi Vibes\" style=\"object-fit:cover;\" srcset=\"https:\/\/www.besterpcba.com\/wp-content\/uploads\/2026\/01\/electronics-quarantine-hold-bin-factory-inspection.png 1200w, https:\/\/www.besterpcba.com\/wp-content\/uploads\/2026\/01\/electronics-quarantine-hold-bin-factory-inspection-300x200.png 300w, https:\/\/www.besterpcba.com\/wp-content\/uploads\/2026\/01\/electronics-quarantine-hold-bin-factory-inspection-1024x683.png 1024w, https:\/\/www.besterpcba.com\/wp-content\/uploads\/2026\/01\/electronics-quarantine-hold-bin-factory-inspection-768x512.png 768w, https:\/\/www.besterpcba.com\/wp-content\/uploads\/2026\/01\/electronics-quarantine-hold-bin-factory-inspection-18x12.png 18w, https:\/\/www.besterpcba.com\/wp-content\/uploads\/2026\/01\/electronics-quarantine-hold-bin-factory-inspection-600x400.png 600w\" sizes=\"auto, (max-width: 1200px) 100vw, 1200px\" \/><\/a><\/figure>\n\n<h2 class=\"wp-block-post-title\"><a href=\"https:\/\/www.besterpcba.com\/it\/contenimento-dellacquisto-del-broker\/\" target=\"_self\" >Contenimento dell'acquisto tramite broker, in pratica: una guida sul campo per i team PCBA che non possono permettersi Vibes<\/a><\/h2>\n\n<div class=\"wp-block-post-excerpt\"><p class=\"wp-block-post-excerpt__excerpt\">Una guida pratica sul campo per i team PCBA che acquistano tramite broker: come mettere in quarantena, classificare il rischio, scegliere campioni difendibili e usare l'escalation basata su trigger in modo che l'incertezza si riduca prima che i pezzi arrivino in produzione.<\/p><p class=\"wp-block-post-excerpt__more-text\"><a class=\"wp-block-post-excerpt__more-link\" href=\"https:\/\/www.besterpcba.com\/it\/contenimento-dellacquisto-del-broker\/\">Leggi di pi\u00f9<\/a><\/p><\/div>\n<\/li><li class=\"wp-block-post post-10721 post type-post status-publish format-standard has-post-thumbnail hentry category-blog\">\n<figure class=\"alignwide wp-block-post-featured-image\"><a href=\"https:\/\/www.besterpcba.com\/it\/trappole-di-calore-per-il-potenziamento-dello-staking\/\" target=\"_self\"  ><img loading=\"lazy\" decoding=\"async\" width=\"1200\" height=\"800\" src=\"https:\/\/www.besterpcba.com\/wp-content\/uploads\/2026\/01\/unpotted-vs-potted-mosfet-heat-trap.png\" class=\"attachment-post-thumbnail size-post-thumbnail wp-post-image\" alt=\"Staking e potting senza il trappola del calore: una guida sul campo per indurire gli assemblaggi\" style=\"object-fit:cover;\" srcset=\"https:\/\/www.besterpcba.com\/wp-content\/uploads\/2026\/01\/unpotted-vs-potted-mosfet-heat-trap.png 1200w, https:\/\/www.besterpcba.com\/wp-content\/uploads\/2026\/01\/unpotted-vs-potted-mosfet-heat-trap-300x200.png 300w, https:\/\/www.besterpcba.com\/wp-content\/uploads\/2026\/01\/unpotted-vs-potted-mosfet-heat-trap-1024x683.png 1024w, https:\/\/www.besterpcba.com\/wp-content\/uploads\/2026\/01\/unpotted-vs-potted-mosfet-heat-trap-768x512.png 768w, https:\/\/www.besterpcba.com\/wp-content\/uploads\/2026\/01\/unpotted-vs-potted-mosfet-heat-trap-18x12.png 18w, https:\/\/www.besterpcba.com\/wp-content\/uploads\/2026\/01\/unpotted-vs-potted-mosfet-heat-trap-600x400.png 600w\" sizes=\"auto, (max-width: 1200px) 100vw, 1200px\" \/><\/a><\/figure>\n\n<h2 class=\"wp-block-post-title\"><a href=\"https:\/\/www.besterpcba.com\/it\/trappole-di-calore-per-il-potenziamento-dello-staking\/\" target=\"_self\" >Staking e potting senza il trappola del calore: una guida sul campo per indurire gli assemblaggi<\/a><\/h2>\n\n<div class=\"wp-block-post-excerpt\"><p class=\"wp-block-post-excerpt__excerpt\">Il potting e lo staking possono indurire l'elettronica mentre silenziosamente rompono i percorsi termici e la manutenibilit\u00e0. Questa guida sul campo mostra come mappare i percorsi di carico e calore, scegliere la soluzione meno irreversibile e convalidare con un semplice MVQ A\/B strumentato.<\/p><p class=\"wp-block-post-excerpt__more-text\"><a class=\"wp-block-post-excerpt__more-link\" href=\"https:\/\/www.besterpcba.com\/it\/trappole-di-calore-per-il-potenziamento-dello-staking\/\">Leggi di pi\u00f9<\/a><\/p><\/div>\n<\/li><li class=\"wp-block-post post-10722 post type-post status-publish format-standard has-post-thumbnail hentry category-blog\">\n<figure class=\"alignwide wp-block-post-featured-image\"><a href=\"https:\/\/www.besterpcba.com\/it\/ciclo-di-analisi-del-fallimento-rma\/\" target=\"_self\"  ><img loading=\"lazy\" decoding=\"async\" width=\"1200\" height=\"800\" src=\"https:\/\/www.besterpcba.com\/wp-content\/uploads\/2026\/01\/factory-triage-meeting-digital-dashboard.png\" class=\"attachment-post-thumbnail size-post-thumbnail wp-post-image\" alt=\"Analisi delle cause di fallimento RMA che chiude davvero il ciclo (velocemente)\" style=\"object-fit:cover;\" srcset=\"https:\/\/www.besterpcba.com\/wp-content\/uploads\/2026\/01\/factory-triage-meeting-digital-dashboard.png 1200w, https:\/\/www.besterpcba.com\/wp-content\/uploads\/2026\/01\/factory-triage-meeting-digital-dashboard-300x200.png 300w, https:\/\/www.besterpcba.com\/wp-content\/uploads\/2026\/01\/factory-triage-meeting-digital-dashboard-1024x683.png 1024w, https:\/\/www.besterpcba.com\/wp-content\/uploads\/2026\/01\/factory-triage-meeting-digital-dashboard-768x512.png 768w, https:\/\/www.besterpcba.com\/wp-content\/uploads\/2026\/01\/factory-triage-meeting-digital-dashboard-18x12.png 18w, https:\/\/www.besterpcba.com\/wp-content\/uploads\/2026\/01\/factory-triage-meeting-digital-dashboard-600x400.png 600w\" sizes=\"auto, (max-width: 1200px) 100vw, 1200px\" \/><\/a><\/figure>\n\n<h2 class=\"wp-block-post-title\"><a href=\"https:\/\/www.besterpcba.com\/it\/ciclo-di-analisi-del-fallimento-rma\/\" target=\"_self\" >Analisi delle cause di fallimento RMA che chiude davvero il ciclo (velocemente)<\/a><\/h2>\n\n<div class=\"wp-block-post-excerpt\"><p class=\"wp-block-post-excerpt__excerpt\">Un ciclo di analisi delle cause di fallimento RMA a fasi che guida decisioni rapide senza esagerare: accoglienza disciplinata, triage in 48 ore, contenimento parallelo e azioni correttive che finiscono in documenti controllati. Ferma l'incertezza nelle spedizioni e inizia a chiudere il ciclo con prove che sopravvivono alla scrutinio.<\/p><p class=\"wp-block-post-excerpt__more-text\"><a class=\"wp-block-post-excerpt__more-link\" href=\"https:\/\/www.besterpcba.com\/it\/ciclo-di-analisi-del-fallimento-rma\/\">Leggi di pi\u00f9<\/a><\/p><\/div>\n<\/li><li class=\"wp-block-post post-10720 post type-post status-publish format-standard has-post-thumbnail hentry category-blog\">\n<figure class=\"alignwide wp-block-post-featured-image\"><a href=\"https:\/\/www.besterpcba.com\/it\/testabilita-del-rivestimento-conformale-selettivo\/\" target=\"_self\"  ><img loading=\"lazy\" decoding=\"async\" width=\"1200\" height=\"800\" src=\"https:\/\/www.besterpcba.com\/wp-content\/uploads\/2026\/01\/robotic-nozzle-selective-coating-pcb.png\" class=\"attachment-post-thumbnail size-post-thumbnail wp-post-image\" alt=\"Rivestimento conformale selettivo che non uccide i test n\u00e9 trasforma il rework in folklore\" style=\"object-fit:cover;\" srcset=\"https:\/\/www.besterpcba.com\/wp-content\/uploads\/2026\/01\/robotic-nozzle-selective-coating-pcb.png 1200w, https:\/\/www.besterpcba.com\/wp-content\/uploads\/2026\/01\/robotic-nozzle-selective-coating-pcb-300x200.png 300w, https:\/\/www.besterpcba.com\/wp-content\/uploads\/2026\/01\/robotic-nozzle-selective-coating-pcb-1024x683.png 1024w, https:\/\/www.besterpcba.com\/wp-content\/uploads\/2026\/01\/robotic-nozzle-selective-coating-pcb-768x512.png 768w, https:\/\/www.besterpcba.com\/wp-content\/uploads\/2026\/01\/robotic-nozzle-selective-coating-pcb-18x12.png 18w, https:\/\/www.besterpcba.com\/wp-content\/uploads\/2026\/01\/robotic-nozzle-selective-coating-pcb-600x400.png 600w\" sizes=\"auto, (max-width: 1200px) 100vw, 1200px\" \/><\/a><\/figure>\n\n<h2 class=\"wp-block-post-title\"><a href=\"https:\/\/www.besterpcba.com\/it\/testabilita-del-rivestimento-conformale-selettivo\/\" target=\"_self\" >Rivestimento conformale selettivo che non uccide i test n\u00e9 trasforma il rework in folklore<\/a><\/h2>\n\n<div class=\"wp-block-post-excerpt\"><p class=\"wp-block-post-excerpt__excerpt\">Il rivestimento conformale selettivo pu\u00f2 aumentare l'affidabilit\u00e0 mentre silenziosamente compromette ICT, prestazioni del connettore, comportamento RF e tempo di rework. Questo articolo mostra come le zone di esclusione, lo spessore controllato, le prove di verifica e un ciclo di rework definito prevengano falsi fallimenti costosi e intermittenti 'misteriosi'.<\/p><p class=\"wp-block-post-excerpt__more-text\"><a class=\"wp-block-post-excerpt__more-link\" href=\"https:\/\/www.besterpcba.com\/it\/testabilita-del-rivestimento-conformale-selettivo\/\">Leggi di pi\u00f9<\/a><\/p><\/div>\n<\/li><li class=\"wp-block-post post-10717 post type-post status-publish format-standard has-post-thumbnail hentry category-blog\">\n<figure class=\"alignwide wp-block-post-featured-image\"><a href=\"https:\/\/www.besterpcba.com\/it\/velocita-della-linea-di-tracciabilita-smt\/\" target=\"_self\"  ><img loading=\"lazy\" decoding=\"async\" width=\"1200\" height=\"800\" src=\"https:\/\/www.besterpcba.com\/wp-content\/uploads\/2026\/01\/smt-team-reviewing-recall-spreadsheet-at-monitor.png\" class=\"attachment-post-thumbnail size-post-thumbnail wp-post-image\" alt=\"Tracciabilit\u00e0 che non ruba secondi: una guida sul campo per i team SMT che devono ancora spedire\" style=\"object-fit:cover;\" srcset=\"https:\/\/www.besterpcba.com\/wp-content\/uploads\/2026\/01\/smt-team-reviewing-recall-spreadsheet-at-monitor.png 1200w, https:\/\/www.besterpcba.com\/wp-content\/uploads\/2026\/01\/smt-team-reviewing-recall-spreadsheet-at-monitor-300x200.png 300w, https:\/\/www.besterpcba.com\/wp-content\/uploads\/2026\/01\/smt-team-reviewing-recall-spreadsheet-at-monitor-1024x683.png 1024w, https:\/\/www.besterpcba.com\/wp-content\/uploads\/2026\/01\/smt-team-reviewing-recall-spreadsheet-at-monitor-768x512.png 768w, https:\/\/www.besterpcba.com\/wp-content\/uploads\/2026\/01\/smt-team-reviewing-recall-spreadsheet-at-monitor-18x12.png 18w, https:\/\/www.besterpcba.com\/wp-content\/uploads\/2026\/01\/smt-team-reviewing-recall-spreadsheet-at-monitor-600x400.png 600w\" sizes=\"auto, (max-width: 1200px) 100vw, 1200px\" \/><\/a><\/figure>\n\n<h2 class=\"wp-block-post-title\"><a href=\"https:\/\/www.besterpcba.com\/it\/velocita-della-linea-di-tracciabilita-smt\/\" target=\"_self\" >Tracciabilit\u00e0 che non ruba secondi: una guida sul campo per i team SMT che devono ancora spedire<\/a><\/h2>\n\n<div class=\"wp-block-post-excerpt\"><p class=\"wp-block-post-excerpt__excerpt\">La tracciabilit\u00e0 di livello richiamo \u00e8 la capacit\u00e0 di rispondere rapidamente alla domanda di contenimento: quali seriali spediti hanno utilizzato un lotto specifico del fornitore. Questa guida sul campo mostra come catturare collegamenti materiali difendibili a monte, progettare per le eccezioni e spedire report di cui procurement e qualit\u00e0 possono fidarsi senza rallentare la linea.<\/p><p class=\"wp-block-post-excerpt__more-text\"><a class=\"wp-block-post-excerpt__more-link\" href=\"https:\/\/www.besterpcba.com\/it\/velocita-della-linea-di-tracciabilita-smt\/\">Leggi di pi\u00f9<\/a><\/p><\/div>\n<\/li><li class=\"wp-block-post post-10716 post type-post status-publish format-standard has-post-thumbnail hentry category-blog\">\n<figure class=\"alignwide wp-block-post-featured-image\"><a href=\"https:\/\/www.besterpcba.com\/it\/controllo-delle-build-in-corso\/\" target=\"_self\"  ><img loading=\"lazy\" decoding=\"async\" width=\"1200\" height=\"800\" src=\"https:\/\/www.besterpcba.com\/wp-content\/uploads\/2026\/01\/electronics-assembly-floor-with-wip-totes.png\" class=\"attachment-post-thumbnail size-post-thumbnail wp-post-image\" alt=\"Build stagiate senza caos di doppio handling: una guida sul campo che tratta il WIP come un processo\" style=\"object-fit:cover;\" srcset=\"https:\/\/www.besterpcba.com\/wp-content\/uploads\/2026\/01\/electronics-assembly-floor-with-wip-totes.png 1200w, https:\/\/www.besterpcba.com\/wp-content\/uploads\/2026\/01\/electronics-assembly-floor-with-wip-totes-300x200.png 300w, https:\/\/www.besterpcba.com\/wp-content\/uploads\/2026\/01\/electronics-assembly-floor-with-wip-totes-1024x683.png 1024w, https:\/\/www.besterpcba.com\/wp-content\/uploads\/2026\/01\/electronics-assembly-floor-with-wip-totes-768x512.png 768w, https:\/\/www.besterpcba.com\/wp-content\/uploads\/2026\/01\/electronics-assembly-floor-with-wip-totes-18x12.png 18w, https:\/\/www.besterpcba.com\/wp-content\/uploads\/2026\/01\/electronics-assembly-floor-with-wip-totes-600x400.png 600w\" sizes=\"auto, (max-width: 1200px) 100vw, 1200px\" \/><\/a><\/figure>\n\n<h2 class=\"wp-block-post-title\"><a href=\"https:\/\/www.besterpcba.com\/it\/controllo-delle-build-in-corso\/\" target=\"_self\" >Build stagiate senza caos di doppio handling: una guida sul campo che tratta il WIP come un processo<\/a><\/h2>\n\n<div class=\"wp-block-post-excerpt\"><p class=\"wp-block-post-excerpt__excerpt\">Le build stagiate falliscono quando il lavoro in corso diventa inosservabile. Questa guida sul campo mostra come gestire lo staging come un vero processo con stati WIP definiti, punti di fermo, quarantena, controlli termici e MSL, e disciplina di stoccaggio\/kitting\u2014cos\u00ec che 'quasi completato' non si trasformi mai in rework irtracciabile.<\/p><p class=\"wp-block-post-excerpt__more-text\"><a class=\"wp-block-post-excerpt__more-link\" href=\"https:\/\/www.besterpcba.com\/it\/controllo-delle-build-in-corso\/\">Leggi di pi\u00f9<\/a><\/p><\/div>\n<\/li><\/ul>\n\n<nav class=\"wp-block-query-pagination is-layout-flex wp-block-query-pagination-is-layout-flex\" aria-label=\"Paginazione\">\n\n\n<div class=\"wp-block-query-pagination-numbers\"><span aria-current=\"page\" class=\"page-numbers current\">1<\/span>\n<a class=\"page-numbers\" href=\"?query-45-page=2\">2<\/a>\n<a class=\"page-numbers\" href=\"?query-45-page=3\">3<\/a>\n<span class=\"page-numbers dots\">\u2026<\/span>\n<a class=\"page-numbers\" href=\"?query-45-page=31\">31<\/a><\/div>\n\n<a href=\"\/it\/wp-json\/wp\/v2\/pages\/3911?query-45-page=2\" class=\"wp-block-query-pagination-next\">Pagina successiva<\/a>\n<\/nav><\/div>\n<\/div><\/div>","protected":false},"excerpt":{"rendered":"<p>Un lotto di un broker pu\u00f2 arrivare dall'aspetto pulito, con un prezzo come un miracolo e un timing come una risposta a una preghiera. \u00c8 esattamente in quel momento che diventa pericoloso.<\/p>","protected":false},"author":1,"featured_media":0,"parent":0,"menu_order":0,"comment_status":"closed","ping_status":"closed","template":"","meta":{"article_term":"","article_term_alternate":"","article_term_def":"","article_hook":"","auto_links":"","article_topic":"","article_fact_check":"","mt_social_share":"","mt_content_meta":"","mt_glossary_display":"","glossary_heading":"","glossary":"","glossary_alter":"","glossary_def":"","article_task":"","footnotes":""},"class_list":["post-3911","page","type-page","status-publish"],"_links":{"self":[{"href":"https:\/\/www.besterpcba.com\/it\/wp-json\/wp\/v2\/pages\/3911","targetHints":{"allow":["GET"]}}],"collection":[{"href":"https:\/\/www.besterpcba.com\/it\/wp-json\/wp\/v2\/pages"}],"about":[{"href":"https:\/\/www.besterpcba.com\/it\/wp-json\/wp\/v2\/types\/page"}],"author":[{"embeddable":true,"href":"https:\/\/www.besterpcba.com\/it\/wp-json\/wp\/v2\/users\/1"}],"replies":[{"embeddable":true,"href":"https:\/\/www.besterpcba.com\/it\/wp-json\/wp\/v2\/comments?post=3911"}],"version-history":[{"count":14,"href":"https:\/\/www.besterpcba.com\/it\/wp-json\/wp\/v2\/pages\/3911\/revisions"}],"predecessor-version":[{"id":7149,"href":"https:\/\/www.besterpcba.com\/it\/wp-json\/wp\/v2\/pages\/3911\/revisions\/7149"}],"wp:attachment":[{"href":"https:\/\/www.besterpcba.com\/it\/wp-json\/wp\/v2\/media?parent=3911"}],"curies":[{"name":"wp","href":"https:\/\/api.w.org\/{rel}","templated":true}]}}