{"id":3911,"date":"2021-10-11T06:37:00","date_gmt":"2021-10-11T06:37:00","guid":{"rendered":"https:\/\/besterpcba.com\/?page_id=3911"},"modified":"2023-07-25T07:04:34","modified_gmt":"2023-07-25T07:04:34","slug":"blog","status":"publish","type":"page","link":"https:\/\/www.besterpcba.com\/pl\/blog\/","title":{"rendered":"Blog"},"content":{"rendered":"<div class=\"wp-block-cover alignfull is-light base_cover base_cover_overlay_grad\"><span aria-hidden=\"true\" class=\"wp-block-cover__background has-background-dim-0 has-background-dim\"><\/span><img loading=\"lazy\" decoding=\"async\" width=\"1920\" height=\"1156\" class=\"wp-block-cover__image-background wp-image-3862\" alt=\"\" src=\"https:\/\/www.besterpcba.com\/wp-content\/uploads\/2021\/10\/job-5382501_1920-1.jpg\" data-object-fit=\"cover\" srcset=\"https:\/\/www.besterpcba.com\/wp-content\/uploads\/2021\/10\/job-5382501_1920-1.jpg 1920w, https:\/\/www.besterpcba.com\/wp-content\/uploads\/2021\/10\/job-5382501_1920-1-300x181.jpg 300w, https:\/\/www.besterpcba.com\/wp-content\/uploads\/2021\/10\/job-5382501_1920-1-1024x617.jpg 1024w, https:\/\/www.besterpcba.com\/wp-content\/uploads\/2021\/10\/job-5382501_1920-1-768x462.jpg 768w, https:\/\/www.besterpcba.com\/wp-content\/uploads\/2021\/10\/job-5382501_1920-1-1600x963.jpg 1600w, https:\/\/www.besterpcba.com\/wp-content\/uploads\/2021\/10\/job-5382501_1920-1-1536x925.jpg 1536w\" sizes=\"auto, (max-width: 1920px) 100vw, 1920px\" \/><div class=\"wp-block-cover__inner-container is-layout-flow wp-block-cover-is-layout-flow\">\n<div class=\"wp-block-group\"><div class=\"wp-block-group__inner-container is-layout-constrained wp-block-group-is-layout-constrained\"><div class=\"breadcrumbs\" typeof=\"BreadcrumbList\" vocab=\"https:\/\/schema.org\/\"><span property=\"itemListElement\" typeof=\"ListItem\"><a property=\"item\" typeof=\"WebPage\" title=\"Przejd\u017a do One Stop PCBA Manufacturer.\" href=\"https:\/\/www.besterpcba.com\/pl\" class=\"home\" aria-current=\"page\"><span property=\"name\">Kompleksowy producent PCBA<\/span><\/a><meta property=\"position\" content=\"1\"><\/span><\/div>\n\n<h1 class=\"wp-block-heading\" id=\"blog\">Blog<\/h1>\n\n\n<p class=\"has-text-align-left has-large-font-size\">Przeczytaj nasze blogi i spostrze\u017cenia na temat bran\u017cy PCB i PCBA.<\/p>\n\n\n\n<div class='base_cover_button_wrapper'><p class=\"base_header_button\"><a href=\"https:\/\/www.besterpcba.com\/pl\/kontakt\/\" data-type=\"page\" data-id=\"1358\">Bezp\u0142atna wycena<\/a><\/p><\/div>\n<\/div><\/div>\n<\/div><\/div>\n\n\n\n<div class=\"wp-block-group bs_common_page_group bs_group_gap\"><div class=\"wp-block-group__inner-container is-layout-flow wp-block-group-is-layout-flow\"><h2 class=\"wp-block-heading underline--magical\" id=\"blog\"> Blog <\/h2>\n\n\n<div class=\"wp-block-query is-layout-flow wp-block-query-is-layout-flow\"><ul class=\"is-flex-container columns-3 best-home-news-gp-query wp-block-post-template is-layout-flow wp-block-post-template-is-layout-flow\"><li class=\"wp-block-post post-10727 post type-post status-publish format-standard has-post-thumbnail hentry category-blog\">\n<figure class=\"alignwide wp-block-post-featured-image\"><a href=\"https:\/\/www.besterpcba.com\/pl\/zatrzymanie-zakupu-przez-brokera\/\" target=\"_self\"  ><img loading=\"lazy\" decoding=\"async\" width=\"1200\" height=\"800\" src=\"https:\/\/www.besterpcba.com\/wp-content\/uploads\/2026\/01\/electronics-quarantine-hold-bin-factory-inspection.png\" class=\"attachment-post-thumbnail size-post-thumbnail wp-post-image\" alt=\"Kontrola zakupu brokera, w praktyce: Przewodnik dla zespo\u0142\u00f3w PCBA, kt\u00f3re nie mog\u0105 sobie pozwoli\u0107 na vibes\" style=\"object-fit:cover;\" srcset=\"https:\/\/www.besterpcba.com\/wp-content\/uploads\/2026\/01\/electronics-quarantine-hold-bin-factory-inspection.png 1200w, https:\/\/www.besterpcba.com\/wp-content\/uploads\/2026\/01\/electronics-quarantine-hold-bin-factory-inspection-300x200.png 300w, https:\/\/www.besterpcba.com\/wp-content\/uploads\/2026\/01\/electronics-quarantine-hold-bin-factory-inspection-1024x683.png 1024w, https:\/\/www.besterpcba.com\/wp-content\/uploads\/2026\/01\/electronics-quarantine-hold-bin-factory-inspection-768x512.png 768w, https:\/\/www.besterpcba.com\/wp-content\/uploads\/2026\/01\/electronics-quarantine-hold-bin-factory-inspection-18x12.png 18w, https:\/\/www.besterpcba.com\/wp-content\/uploads\/2026\/01\/electronics-quarantine-hold-bin-factory-inspection-600x400.png 600w\" sizes=\"auto, (max-width: 1200px) 100vw, 1200px\" \/><\/a><\/figure>\n\n<h2 class=\"wp-block-post-title\"><a href=\"https:\/\/www.besterpcba.com\/pl\/zatrzymanie-zakupu-przez-brokera\/\" target=\"_self\" >Kontrola zakupu brokera, w praktyce: Przewodnik dla zespo\u0142\u00f3w PCBA, kt\u00f3re nie mog\u0105 sobie pozwoli\u0107 na vibes<\/a><\/h2>\n\n<div class=\"wp-block-post-excerpt\"><p class=\"wp-block-post-excerpt__excerpt\">Praktyczny przewodnik dla zespo\u0142\u00f3w PCBA kupuj\u0105cych przez broker\u00f3w: jak kwarantannowa\u0107, ocenia\u0107 ryzyko wed\u0142ug poziom\u00f3w, wybiera\u0107 obronne metody pobierania pr\u00f3bek i korzysta\u0107 z eskalacji opartej na wyzwalaczach, aby niepewno\u015b\u0107 zmniejsza\u0142a si\u0119 zanim cz\u0119\u015bci trafi\u0105 do produkcji.<\/p><p class=\"wp-block-post-excerpt__more-text\"><a class=\"wp-block-post-excerpt__more-link\" href=\"https:\/\/www.besterpcba.com\/pl\/zatrzymanie-zakupu-przez-brokera\/\">Czytaj wi\u0119cej<\/a><\/p><\/div>\n<\/li><li class=\"wp-block-post post-10722 post type-post status-publish format-standard has-post-thumbnail hentry category-blog\">\n<figure class=\"alignwide wp-block-post-featured-image\"><a href=\"https:\/\/www.besterpcba.com\/pl\/petla-analizy-awarii-rma\/\" target=\"_self\"  ><img loading=\"lazy\" decoding=\"async\" width=\"1200\" height=\"800\" src=\"https:\/\/www.besterpcba.com\/wp-content\/uploads\/2026\/01\/factory-triage-meeting-digital-dashboard.png\" class=\"attachment-post-thumbnail size-post-thumbnail wp-post-image\" alt=\"Analiza awarii RMA, kt\u00f3ra faktycznie zamyka p\u0119tl\u0119 (szybko)\" style=\"object-fit:cover;\" srcset=\"https:\/\/www.besterpcba.com\/wp-content\/uploads\/2026\/01\/factory-triage-meeting-digital-dashboard.png 1200w, https:\/\/www.besterpcba.com\/wp-content\/uploads\/2026\/01\/factory-triage-meeting-digital-dashboard-300x200.png 300w, https:\/\/www.besterpcba.com\/wp-content\/uploads\/2026\/01\/factory-triage-meeting-digital-dashboard-1024x683.png 1024w, https:\/\/www.besterpcba.com\/wp-content\/uploads\/2026\/01\/factory-triage-meeting-digital-dashboard-768x512.png 768w, https:\/\/www.besterpcba.com\/wp-content\/uploads\/2026\/01\/factory-triage-meeting-digital-dashboard-18x12.png 18w, https:\/\/www.besterpcba.com\/wp-content\/uploads\/2026\/01\/factory-triage-meeting-digital-dashboard-600x400.png 600w\" sizes=\"auto, (max-width: 1200px) 100vw, 1200px\" \/><\/a><\/figure>\n\n<h2 class=\"wp-block-post-title\"><a href=\"https:\/\/www.besterpcba.com\/pl\/petla-analizy-awarii-rma\/\" target=\"_self\" >Analiza awarii RMA, kt\u00f3ra faktycznie zamyka p\u0119tl\u0119 (szybko)<\/a><\/h2>\n\n<div class=\"wp-block-post-excerpt\"><p class=\"wp-block-post-excerpt__excerpt\">Sztuczna p\u0119tla analizy awarii RMA, kt\u00f3ra umo\u017cliwia szybkie decyzje bez nadmiernych roszcze\u0144: zdyscyplinowane przyj\u0119cie, triage w ci\u0105gu 48 godzin, r\u00f3wnoleg\u0142e ograniczanie i dzia\u0142ania koryguj\u0105ce, kt\u00f3re trafiaj\u0105 do kontrolowanych dokument\u00f3w. Przesta\u0144my wysy\u0142a\u0107 niepewno\u015b\u0107 i zacznijmy zamyka\u0107 p\u0119tl\u0119 z dowodami, kt\u00f3re przetrwaj\u0105 kontrol\u0119.<\/p><p class=\"wp-block-post-excerpt__more-text\"><a class=\"wp-block-post-excerpt__more-link\" href=\"https:\/\/www.besterpcba.com\/pl\/petla-analizy-awarii-rma\/\">Czytaj wi\u0119cej<\/a><\/p><\/div>\n<\/li><li class=\"wp-block-post post-10721 post type-post status-publish format-standard has-post-thumbnail hentry category-blog\">\n<figure class=\"alignwide wp-block-post-featured-image\"><a href=\"https:\/\/www.besterpcba.com\/pl\/pulapki-termiczne-podczas-zalewania-i-mocowania\/\" target=\"_self\"  ><img loading=\"lazy\" decoding=\"async\" width=\"1200\" height=\"800\" src=\"https:\/\/www.besterpcba.com\/wp-content\/uploads\/2026\/01\/unpotted-vs-potted-mosfet-heat-trap.png\" class=\"attachment-post-thumbnail size-post-thumbnail wp-post-image\" alt=\"Staking i potowanie bez pu\u0142apki cieplnej: Przewodnik dla utwardzania zespo\u0142\u00f3w\" style=\"object-fit:cover;\" srcset=\"https:\/\/www.besterpcba.com\/wp-content\/uploads\/2026\/01\/unpotted-vs-potted-mosfet-heat-trap.png 1200w, https:\/\/www.besterpcba.com\/wp-content\/uploads\/2026\/01\/unpotted-vs-potted-mosfet-heat-trap-300x200.png 300w, https:\/\/www.besterpcba.com\/wp-content\/uploads\/2026\/01\/unpotted-vs-potted-mosfet-heat-trap-1024x683.png 1024w, https:\/\/www.besterpcba.com\/wp-content\/uploads\/2026\/01\/unpotted-vs-potted-mosfet-heat-trap-768x512.png 768w, https:\/\/www.besterpcba.com\/wp-content\/uploads\/2026\/01\/unpotted-vs-potted-mosfet-heat-trap-18x12.png 18w, https:\/\/www.besterpcba.com\/wp-content\/uploads\/2026\/01\/unpotted-vs-potted-mosfet-heat-trap-600x400.png 600w\" sizes=\"auto, (max-width: 1200px) 100vw, 1200px\" \/><\/a><\/figure>\n\n<h2 class=\"wp-block-post-title\"><a href=\"https:\/\/www.besterpcba.com\/pl\/pulapki-termiczne-podczas-zalewania-i-mocowania\/\" target=\"_self\" >Staking i potowanie bez pu\u0142apki cieplnej: Przewodnik dla utwardzania zespo\u0142\u00f3w<\/a><\/h2>\n\n<div class=\"wp-block-post-excerpt\"><p class=\"wp-block-post-excerpt__excerpt\">Zalewanie i mocowanie mog\u0105 utwardzi\u0107 elektronik\u0119, jednocze\u015bnie cicho \u0142ami\u0105c \u015bcie\u017cki termiczne i serwisowalno\u015b\u0107. Ten przewodnik pokazuje, jak mapowa\u0107 \u015bcie\u017cki obci\u0105\u017cenia i ciep\u0142a, wybra\u0107 najmniej nieodwracaln\u0105 napraw\u0119 i zweryfikowa\u0107 j\u0105 za pomoc\u0105 prostego instrumentowanego testu A\/B MVQ.<\/p><p class=\"wp-block-post-excerpt__more-text\"><a class=\"wp-block-post-excerpt__more-link\" href=\"https:\/\/www.besterpcba.com\/pl\/pulapki-termiczne-podczas-zalewania-i-mocowania\/\">Czytaj wi\u0119cej<\/a><\/p><\/div>\n<\/li><li class=\"wp-block-post post-10720 post type-post status-publish format-standard has-post-thumbnail hentry category-blog\">\n<figure class=\"alignwide wp-block-post-featured-image\"><a href=\"https:\/\/www.besterpcba.com\/pl\/testowalnosc-selektywnej-powloki-konformalnej\/\" target=\"_self\"  ><img loading=\"lazy\" decoding=\"async\" width=\"1200\" height=\"800\" src=\"https:\/\/www.besterpcba.com\/wp-content\/uploads\/2026\/01\/robotic-nozzle-selective-coating-pcb.png\" class=\"attachment-post-thumbnail size-post-thumbnail wp-post-image\" alt=\"Selektywny konformalny lakier, kt\u00f3ry nie zabija test\u00f3w ani nie zamienia poprawek w folklor\" style=\"object-fit:cover;\" srcset=\"https:\/\/www.besterpcba.com\/wp-content\/uploads\/2026\/01\/robotic-nozzle-selective-coating-pcb.png 1200w, https:\/\/www.besterpcba.com\/wp-content\/uploads\/2026\/01\/robotic-nozzle-selective-coating-pcb-300x200.png 300w, https:\/\/www.besterpcba.com\/wp-content\/uploads\/2026\/01\/robotic-nozzle-selective-coating-pcb-1024x683.png 1024w, https:\/\/www.besterpcba.com\/wp-content\/uploads\/2026\/01\/robotic-nozzle-selective-coating-pcb-768x512.png 768w, https:\/\/www.besterpcba.com\/wp-content\/uploads\/2026\/01\/robotic-nozzle-selective-coating-pcb-18x12.png 18w, https:\/\/www.besterpcba.com\/wp-content\/uploads\/2026\/01\/robotic-nozzle-selective-coating-pcb-600x400.png 600w\" sizes=\"auto, (max-width: 1200px) 100vw, 1200px\" \/><\/a><\/figure>\n\n<h2 class=\"wp-block-post-title\"><a href=\"https:\/\/www.besterpcba.com\/pl\/testowalnosc-selektywnej-powloki-konformalnej\/\" target=\"_self\" >Selektywny konformalny lakier, kt\u00f3ry nie zabija test\u00f3w ani nie zamienia poprawek w folklor<\/a><\/h2>\n\n<div class=\"wp-block-post-excerpt\"><p class=\"wp-block-post-excerpt__excerpt\">Selektywne pow\u0142oki konformalne mog\u0105 zwi\u0119kszy\u0107 niezawodno\u015b\u0107, jednocze\u015bnie cicho psuj\u0105c ICT, wydajno\u015b\u0107 z\u0142\u0105czy, zachowanie RF i czas naprawy. Ten artyku\u0142 pokazuje, jak uniki, kontrolowana grubo\u015b\u0107, dowody weryfikacji i zdefiniowana p\u0119tla naprawcza zapobiegaj\u0105 kosztownym fa\u0142szywym awariom i \u201etajemniczym\u201d przerywnikom.<\/p><p class=\"wp-block-post-excerpt__more-text\"><a class=\"wp-block-post-excerpt__more-link\" href=\"https:\/\/www.besterpcba.com\/pl\/testowalnosc-selektywnej-powloki-konformalnej\/\">Czytaj wi\u0119cej<\/a><\/p><\/div>\n<\/li><li class=\"wp-block-post post-10717 post type-post status-publish format-standard has-post-thumbnail hentry category-blog\">\n<figure class=\"alignwide wp-block-post-featured-image\"><a href=\"https:\/\/www.besterpcba.com\/pl\/predkosc-linii-sledzenia-smt\/\" target=\"_self\"  ><img loading=\"lazy\" decoding=\"async\" width=\"1200\" height=\"800\" src=\"https:\/\/www.besterpcba.com\/wp-content\/uploads\/2026\/01\/smt-team-reviewing-recall-spreadsheet-at-monitor.png\" class=\"attachment-post-thumbnail size-post-thumbnail wp-post-image\" alt=\"\u015aledzenie, kt\u00f3re nie zabiera sekund: Przewodnik dla zespo\u0142\u00f3w SMT, kt\u00f3re nadal musz\u0105 wys\u0142a\u0107\" style=\"object-fit:cover;\" srcset=\"https:\/\/www.besterpcba.com\/wp-content\/uploads\/2026\/01\/smt-team-reviewing-recall-spreadsheet-at-monitor.png 1200w, https:\/\/www.besterpcba.com\/wp-content\/uploads\/2026\/01\/smt-team-reviewing-recall-spreadsheet-at-monitor-300x200.png 300w, https:\/\/www.besterpcba.com\/wp-content\/uploads\/2026\/01\/smt-team-reviewing-recall-spreadsheet-at-monitor-1024x683.png 1024w, https:\/\/www.besterpcba.com\/wp-content\/uploads\/2026\/01\/smt-team-reviewing-recall-spreadsheet-at-monitor-768x512.png 768w, https:\/\/www.besterpcba.com\/wp-content\/uploads\/2026\/01\/smt-team-reviewing-recall-spreadsheet-at-monitor-18x12.png 18w, https:\/\/www.besterpcba.com\/wp-content\/uploads\/2026\/01\/smt-team-reviewing-recall-spreadsheet-at-monitor-600x400.png 600w\" sizes=\"auto, (max-width: 1200px) 100vw, 1200px\" \/><\/a><\/figure>\n\n<h2 class=\"wp-block-post-title\"><a href=\"https:\/\/www.besterpcba.com\/pl\/predkosc-linii-sledzenia-smt\/\" target=\"_self\" >\u015aledzenie, kt\u00f3re nie zabiera sekund: Przewodnik dla zespo\u0142\u00f3w SMT, kt\u00f3re nadal musz\u0105 wys\u0142a\u0107<\/a><\/h2>\n\n<div class=\"wp-block-post-excerpt\"><p class=\"wp-block-post-excerpt__excerpt\">\u015aledzenie stopnia przyporz\u0105dkowania to zdolno\u015b\u0107 do szybkiego udzielenia odpowiedzi na pytanie o zawarto\u015b\u0107: kt\u00f3re wyprodukowane serie u\u017cy\u0142y konkretnej partii dostawcy. Ten przewodnik pokazuje, jak uchwyci\u0107 obronne powi\u0105zania materia\u0142owe na wy\u017cszym poziomie, projektowa\u0107 na wypadek wyj\u0105tk\u00f3w oraz dostarcza\u0107 raporty, kt\u00f3rym zaopatrzenie i jako\u015b\u0107 mog\u0105 zaufa\u0107 bez spowalniania linii.<\/p><p class=\"wp-block-post-excerpt__more-text\"><a class=\"wp-block-post-excerpt__more-link\" href=\"https:\/\/www.besterpcba.com\/pl\/predkosc-linii-sledzenia-smt\/\">Czytaj wi\u0119cej<\/a><\/p><\/div>\n<\/li><li class=\"wp-block-post post-10716 post type-post status-publish format-standard has-post-thumbnail hentry category-blog\">\n<figure class=\"alignwide wp-block-post-featured-image\"><a href=\"https:\/\/www.besterpcba.com\/pl\/kontrola-wip-dla-wersji-staging\/\" target=\"_self\"  ><img loading=\"lazy\" decoding=\"async\" width=\"1200\" height=\"800\" src=\"https:\/\/www.besterpcba.com\/wp-content\/uploads\/2026\/01\/electronics-assembly-floor-with-wip-totes.png\" class=\"attachment-post-thumbnail size-post-thumbnail wp-post-image\" alt=\"Etapowe budowy bez chaosu podw\u00f3jnego obs\u0142ugi: Przewodnik, kt\u00f3ry traktuje WIP jak proces\" style=\"object-fit:cover;\" srcset=\"https:\/\/www.besterpcba.com\/wp-content\/uploads\/2026\/01\/electronics-assembly-floor-with-wip-totes.png 1200w, https:\/\/www.besterpcba.com\/wp-content\/uploads\/2026\/01\/electronics-assembly-floor-with-wip-totes-300x200.png 300w, https:\/\/www.besterpcba.com\/wp-content\/uploads\/2026\/01\/electronics-assembly-floor-with-wip-totes-1024x683.png 1024w, https:\/\/www.besterpcba.com\/wp-content\/uploads\/2026\/01\/electronics-assembly-floor-with-wip-totes-768x512.png 768w, https:\/\/www.besterpcba.com\/wp-content\/uploads\/2026\/01\/electronics-assembly-floor-with-wip-totes-18x12.png 18w, https:\/\/www.besterpcba.com\/wp-content\/uploads\/2026\/01\/electronics-assembly-floor-with-wip-totes-600x400.png 600w\" sizes=\"auto, (max-width: 1200px) 100vw, 1200px\" \/><\/a><\/figure>\n\n<h2 class=\"wp-block-post-title\"><a href=\"https:\/\/www.besterpcba.com\/pl\/kontrola-wip-dla-wersji-staging\/\" target=\"_self\" >Etapowe budowy bez chaosu podw\u00f3jnego obs\u0142ugi: Przewodnik, kt\u00f3ry traktuje WIP jak proces<\/a><\/h2>\n\n<div class=\"wp-block-post-excerpt\"><p class=\"wp-block-post-excerpt__excerpt\">Wersje testowe ko\u0144cz\u0105 si\u0119 niepowodzeniem, gdy prace w toku staj\u0105 si\u0119 niepoznawalne. Ten przewodnik pokazuje, jak prowadzi\u0107 staging jak prawdziwy proces z okre\u015blonymi stanami WIP, punktami kontrolnymi, kwarantann\u0105, kontrolami termicznymi i MSL oraz dyscyplin\u0105 przechowywania\/kompletacji \u2014 aby \u201ew du\u017cej mierze uko\u0144czone\u201d nigdy nie zamienia\u0142o si\u0119 w nieodtwarzaln\u0105 prac\u0119 poprawkow\u0105.<\/p><p class=\"wp-block-post-excerpt__more-text\"><a class=\"wp-block-post-excerpt__more-link\" href=\"https:\/\/www.besterpcba.com\/pl\/kontrola-wip-dla-wersji-staging\/\">Czytaj wi\u0119cej<\/a><\/p><\/div>\n<\/li><\/ul>\n\n<nav class=\"wp-block-query-pagination is-layout-flex wp-block-query-pagination-is-layout-flex\" aria-label=\"Stronicowanie\">\n\n\n<div class=\"wp-block-query-pagination-numbers\"><span aria-current=\"page\" class=\"page-numbers current\">1<\/span>\n<a class=\"page-numbers\" href=\"?query-45-page=2\">2<\/a>\n<a class=\"page-numbers\" href=\"?query-45-page=3\">3<\/a>\n<span class=\"page-numbers dots\">\u2026<\/span>\n<a class=\"page-numbers\" href=\"?query-45-page=31\">31<\/a><\/div>\n\n<a href=\"\/pl\/wp-json\/wp\/v2\/pages\/3911?query-45-page=2\" class=\"wp-block-query-pagination-next\">Nast\u0119pna strona<\/a>\n<\/nav><\/div>\n<\/div><\/div>","protected":false},"excerpt":{"rendered":"<p>Partia brokera mo\u017ce wygl\u0105da\u0107 na czyst\u0105, wycenion\u0105 jak cud i czasowo dopasowan\u0105 do modlitwy. To w\u0142a\u015bnie wtedy staje si\u0119 niebezpieczna.<\/p>","protected":false},"author":1,"featured_media":0,"parent":0,"menu_order":0,"comment_status":"closed","ping_status":"closed","template":"","meta":{"article_term":"","article_term_alternate":"","article_term_def":"","article_hook":"","auto_links":"","article_topic":"","article_fact_check":"","mt_social_share":"","mt_content_meta":"","mt_glossary_display":"","glossary_heading":"","glossary":"","glossary_alter":"","glossary_def":"","article_task":"","footnotes":""},"class_list":["post-3911","page","type-page","status-publish"],"_links":{"self":[{"href":"https:\/\/www.besterpcba.com\/pl\/wp-json\/wp\/v2\/pages\/3911","targetHints":{"allow":["GET"]}}],"collection":[{"href":"https:\/\/www.besterpcba.com\/pl\/wp-json\/wp\/v2\/pages"}],"about":[{"href":"https:\/\/www.besterpcba.com\/pl\/wp-json\/wp\/v2\/types\/page"}],"author":[{"embeddable":true,"href":"https:\/\/www.besterpcba.com\/pl\/wp-json\/wp\/v2\/users\/1"}],"replies":[{"embeddable":true,"href":"https:\/\/www.besterpcba.com\/pl\/wp-json\/wp\/v2\/comments?post=3911"}],"version-history":[{"count":14,"href":"https:\/\/www.besterpcba.com\/pl\/wp-json\/wp\/v2\/pages\/3911\/revisions"}],"predecessor-version":[{"id":7149,"href":"https:\/\/www.besterpcba.com\/pl\/wp-json\/wp\/v2\/pages\/3911\/revisions\/7149"}],"wp:attachment":[{"href":"https:\/\/www.besterpcba.com\/pl\/wp-json\/wp\/v2\/media?parent=3911"}],"curies":[{"name":"wp","href":"https:\/\/api.w.org\/{rel}","templated":true}]}}