{"id":4328,"date":"2021-10-22T03:17:05","date_gmt":"2021-10-22T03:17:05","guid":{"rendered":"https:\/\/besterpcba.com\/?page_id=4328"},"modified":"2023-07-25T07:17:37","modified_gmt":"2023-07-25T07:17:37","slug":"capabilities","status":"publish","type":"page","link":"https:\/\/www.besterpcba.com\/pl\/mozliwosci\/","title":{"rendered":"Mo\u017cliwo\u015bci"},"content":{"rendered":"<div class=\"wp-block-cover alignfull base_cover base_cover_overlay_grad\"><span aria-hidden=\"true\" class=\"wp-block-cover__background has-background-dim-0 has-background-dim\"><\/span><img loading=\"lazy\" decoding=\"async\" width=\"1920\" height=\"1280\" class=\"wp-block-cover__image-background wp-image-2889\" alt=\"\" src=\"https:\/\/www.besterpcba.com\/wp-content\/uploads\/2021\/09\/XP6A4577.jpg\" data-object-fit=\"cover\" srcset=\"https:\/\/www.besterpcba.com\/wp-content\/uploads\/2021\/09\/XP6A4577.jpg 1920w, https:\/\/www.besterpcba.com\/wp-content\/uploads\/2021\/09\/XP6A4577-300x200.jpg 300w, https:\/\/www.besterpcba.com\/wp-content\/uploads\/2021\/09\/XP6A4577-1024x683.jpg 1024w, https:\/\/www.besterpcba.com\/wp-content\/uploads\/2021\/09\/XP6A4577-768x512.jpg 768w, https:\/\/www.besterpcba.com\/wp-content\/uploads\/2021\/09\/XP6A4577-1600x1067.jpg 1600w, https:\/\/www.besterpcba.com\/wp-content\/uploads\/2021\/09\/XP6A4577-1536x1024.jpg 1536w\" sizes=\"auto, (max-width: 1920px) 100vw, 1920px\" \/><div class=\"wp-block-cover__inner-container is-layout-flow wp-block-cover-is-layout-flow\">\n<div class=\"wp-block-group\"><div class=\"wp-block-group__inner-container is-layout-constrained wp-block-group-is-layout-constrained\"><div class=\"breadcrumbs\" typeof=\"BreadcrumbList\" vocab=\"https:\/\/schema.org\/\"><span property=\"itemListElement\" typeof=\"ListItem\"><a property=\"item\" typeof=\"WebPage\" title=\"Przejd\u017a do One Stop PCBA Manufacturer.\" href=\"https:\/\/www.besterpcba.com\/pl\" class=\"home\" aria-current=\"page\"><span property=\"name\">Kompleksowy producent PCBA<\/span><\/a><meta property=\"position\" content=\"1\"><\/span><\/div>\n\n<h1 class=\"wp-block-heading\" id=\"pcb-capabilities\">Mo\u017cliwo\u015bci PCB<\/h1>\n\n\n<p class=\"has-text-align-left has-large-font-size\">Mo\u017cliwo\u015bci Bester Tech PCB&amp;PCBA<\/p>\n\n\n\n<div class='base_cover_button_wrapper'><p class=\"base_header_button\"><a href=\"https:\/\/www.besterpcba.com\/pl\/kontakt\/\" data-type=\"page\" data-id=\"1358\">Bezp\u0142atna wycena<\/a><\/p><\/div>\n<\/div><\/div>\n<\/div><\/div>\n\n\n\n<div class=\"wp-block-group faq\"><div class=\"wp-block-group__inner-container is-layout-flow wp-block-group-is-layout-flow\"><h2 class=\"wp-block-heading\" id=\"pcb-fabrication-capabilities\"> Mo\u017cliwo\u015bci produkcji PCB <\/h2>\n\n\n<div class=\"tabs\">\n   <div class=\"tab\">\n      <input type=\"checkbox\" id=\"chck1\">\n      <label class=\"tab-label\" for=\"chck1\">PROTOTYP PCB<\/label>\n      <div class=\"tab-content\">\n         <figure class=\"wp-block-table product-spec-table\"><table><thead><tr><th>Funkcja<\/th><th>Mo\u017cliwo\u015bci<\/th><\/tr><\/thead><tbody><tr><th>Klasa jako\u015bci<\/th><td>Standard IPC 1<\/td><\/tr><tr><th>Liczba warstw<\/th><td>1 \u2013 8 warstw<\/td><\/tr><tr><th>Ilo\u015b\u0107 zam\u00f3wienia<\/th><td>5 \u2013 100 szt.<\/td><\/tr><tr><th>Czas budowy<\/th><td>2 \u2013 7 dni<\/td><\/tr><tr><th>Materia\u0142<\/th><td>FR-4 Standard Tg 140\u00b0C<\/td><\/tr><tr><th>Rozmiar p\u0142ytki<\/th><td>Min 6mm x 6mm<br>Max 500mm x 500mm<\/td><\/tr><tr><th>Grubo\u015b\u0107 p\u0142ytki<\/th><td>0.4mm \u2013 2.0mm<\/td><\/tr><tr><th>Waga miedzi<\/th><td>1.0oz \u2013 2.0oz<\/td><\/tr><tr><th>Min. \u015acie\u017cka\/Odst\u0119p<\/th><td>5mil\/6mil (waga miedzi: 1oz)<br>8mil\/8mil (waga miedzi: 2oz)<\/td><\/tr><tr><th>Strony maski lutowniczej<\/th><td>Zgodnie z plikiem<\/td><\/tr><tr><th>Kolor maski lutowniczej<\/th><td>Zielony, Bia\u0142y, Niebieski, Czarny, Czerwony, \u017b\u00f3\u0142ty<\/td><\/tr><tr><th><strong>Strony sitodruku<\/strong><\/th><td>Zgodnie z plikiem<\/td><\/tr><tr><th><strong>Kolor sitodruku<\/strong><\/th><td>Bia\u0142y, Czarny<\/td><\/tr><tr><th>Wyko\u0144czenie powierzchni<\/th><td>HASL bezo\u0142owiowy \u2013 RoHS<br>HASL \u2013 wyr\u00f3wnywanie cyn\u0105 na gor\u0105co<br>ENIG \u2013 Nikiel bezpr\u0105dowy\/Z\u0142oto zanurzeniowe \u2013 RoHS<\/td><\/tr><tr><th>Minimalny pier\u015bcie\u0144 obwodowy<\/th><td>5mil<\/td><\/tr><tr><th>Minimalna \u015brednica otworu wierconego<\/th><td>8mil<\/td><\/tr><tr><th>Minimalna szeroko\u015b\u0107 wyci\u0119cia (NPTH)<\/th><td>0.8mm<\/td><\/tr><tr><th>Minimalna szeroko\u015b\u0107 otworu szczelinowego (PTH)<\/th><td>0.6mm<\/td><\/tr><tr><th>Grubo\u015b\u0107 pow\u0142oki powierzchniowej\/otworu<\/th><td>20\u03bcm \u2013 30\u03bcm<\/td><\/tr><tr><th>Wsp\u00f3\u0142czynnik proporcji<\/th><td>10:1 (grubo\u015b\u0107 p\u0142ytki: rozmiar otworu)<\/td><\/tr><tr><th>Test<\/th><td>10V \u2013 250V, sonda lataj\u0105ca lub urz\u0105dzenie testuj\u0105ce<\/td><\/tr><\/tbody><\/table><\/figure>\n      <\/div>\n   <\/div>\n   <div class=\"tab\">\n      <input type=\"checkbox\" id=\"chck2\">\n      <label class=\"tab-label\" for=\"chck2\">SZTYWNA PCB<\/label>\n      <div class=\"tab-content\">\n         <figure class=\"wp-block-table product-spec-table\"><table><thead><tr><th>Funkcja<\/th><th>Mo\u017cliwo\u015bci<\/th><\/tr><\/thead><tbody><tr><th>Klasa jako\u015bci<\/th><td>Standard IPC 2<\/td><\/tr><tr><th>Liczba warstw<\/th><td>1 \u2013 32 warstwy<\/td><\/tr><tr><th>Ilo\u015b\u0107 zam\u00f3wienia<\/th><td>1 szt. \u2013 10 000 000 szt.<\/td><\/tr><tr><th>Czas budowy<\/th><td>2 dni \u2013 5 tygodni<\/td><\/tr><tr><th>Materia\u0142<\/th><td>FR-4 Standard Tg 150\u00b0C, FR4-High Tg 170\u00b0C, FR4-High-Tg 180\u00b0C, FR4-Halogen-free, FR4-Halogen-free &amp; High-Tg<\/td><\/tr><tr><th>Rozmiar p\u0142ytki<\/th><td>Min 6mm x 6mm<br>Max 600mm x 700mm<\/td><\/tr><tr><th>Grubo\u015b\u0107 p\u0142ytki<\/th><td>0,4 mm \u2013 3,2 mm<\/td><\/tr><tr><th>Waga miedzi<\/th><td>0,5 uncji \u2013 6,0 uncji<\/td><\/tr><tr><th>Min. \u015acie\u017cka\/Odst\u0119p<\/th><td>3mil\/3mil<\/td><\/tr><tr><th>Strony maski lutowniczej<\/th><td>Zgodnie z plikiem<\/td><\/tr><tr><th>Kolor maski lutowniczej<\/th><td>Zielony, Bia\u0142y, Niebieski, Czarny, Czerwony, \u017b\u00f3\u0142ty<\/td><\/tr><tr><th><strong>Strony sitodruku<\/strong><\/th><td>Zgodnie z plikiem<\/td><\/tr><tr><th>Wyko\u0144czenie powierzchni<\/th><td>HASL \u2013 wyr\u00f3wnywanie cyn\u0105 na gor\u0105co<br>HASL bezo\u0142owiowy \u2013 RoHS<br>ENIG \u2013 Nikiel bezpr\u0105dowy\/Z\u0142oto zanurzeniowe \u2013 RoHS<br>ENEPIG \u2013 Nikiel bezpr\u0105dowy, pallad bezpr\u0105dowy, z\u0142oto zanurzeniowe \u2013 RoHS<br>Srebro zanurzeniowe \u2013 RoHS<br>Cyna zanurzeniowa \u2013 RoHS<br>OSP - Organiczne \u015brodki konserwuj\u0105ce lutowno\u015b\u0107 \u2013 RoHS<\/td><\/tr><tr><th>Minimalny pier\u015bcie\u0144 obwodowy<\/th><td>3 mil<\/td><\/tr><tr><th>Minimalna \u015brednica otworu wierconego<\/th><td>6 mil, 4 mil - wiercenie laserowe<\/td><\/tr><tr><th>Minimalna szeroko\u015b\u0107 wyci\u0119cia (NPTH)<\/th><td>0.8mm<\/td><\/tr><tr><th>Minimalna szeroko\u015b\u0107 otworu szczelinowego (PTH)<\/th><td>0.6mm<\/td><\/tr><tr><th>Grubo\u015b\u0107 pow\u0142oki powierzchniowej\/otworu<\/th><td>20\u03bcm \u2013 30\u03bcm<\/td><\/tr><tr><th>Wsp\u00f3\u0142czynnik proporcji<\/th><td>1:10 (rozmiar otworu: grubo\u015b\u0107 p\u0142ytki)<\/td><\/tr><tr><th>Test<\/th><td>10V \u2013 250V, sonda lataj\u0105ca lub urz\u0105dzenie testuj\u0105ce<\/td><\/tr><tr><th>Tolerancja impedancji<\/th><td>\u00b15% \u2013 \u00b110%<\/td><\/tr><tr><th>Podzia\u0142ka SMD<\/th><td>0,2 mm (8 mil)<\/td><\/tr><tr><th>Podzia\u0142ka BGA<\/th><td>0,2 mm (8 mil)<\/td><\/tr><tr><th>Fazowanie z\u0142otych styk\u00f3w<\/th><td>20, 30, 45, 60<\/td><\/tr><tr><th>Inne techniki<\/th><td>Z\u0142ote palce<br>Otwory \u015blepe i zakopane<br>Maska lutownicza zdejmowalna<br>Metalizacja kraw\u0119dzi<br>Maska w\u0119glowa<br>Ta\u015bma Kapton<br>Otw\u00f3r sto\u017ckowy\/pog\u0142\u0119biany<br>Otw\u00f3r p\u00f3\u0142ci\u0119ty\/krenela\u017cowy<br>Otw\u00f3r wciskany<br>Przelotka zakryta\/pokryta \u017cywic\u0105<br>Przelotka za\u015blepiona\/wype\u0142niona \u017cywic\u0105<br>Przelotka w padzie<br>Test Elektryczny<\/td><\/tr><\/tbody><\/table><\/figure>\n      <\/div>\n   <\/div>\n   <div class=\"tab\">\n      <input type=\"checkbox\" id=\"chck3\">\n      <label class=\"tab-label\" for=\"chck3\">FLEXIBLE PCB<\/label>\n      <div class=\"tab-content\">\n         <figure class=\"wp-block-table product-spec-table\"><table><thead><tr><th>Funkcja<\/th><th>Mo\u017cliwo\u015bci<\/th><\/tr><\/thead><tbody><tr><th>Klasa jako\u015bci<\/th><td>Standard IPC 2<\/td><\/tr><tr><th>Liczba warstw<\/th><td>1 \u2013 8 warstw<\/td><\/tr><tr><th>Ilo\u015b\u0107 zam\u00f3wienia<\/th><td>1 szt. \u2013 10000+ szt.<\/td><\/tr><tr><th>Czas budowy<\/th><td>2 dni \u2013 5 tygodni<\/td><\/tr><tr><th>Materia\u0142<\/th><td>DuPont PI, krajowy Shengyi PI<\/td><\/tr><tr><th>Rozmiar p\u0142ytki<\/th><td>Min 6mm x 6mm<br>Max 406mm x 610mm<\/td><\/tr><tr><th>Grubo\u015b\u0107 p\u0142ytki<\/th><td>0.1mm \u2013 0.8mm<\/td><\/tr><tr><th>Waga miedzi (wyko\u0144czona)<\/th><td>0,5 uncji \u2013 2,0 uncji<\/td><\/tr><tr><th>Min. \u015acie\u017cka\/Odst\u0119p<\/th><td>3mil\/3mil<\/td><\/tr><tr><th>Strony maski lutowniczej<\/th><td>Zgodnie z plikiem<\/td><\/tr><tr><th>Kolor maski lutowniczej<\/th><td>Zielony, Bia\u0142y, Niebieski, Czarny, Czerwony, \u017b\u00f3\u0142ty<\/td><\/tr><tr><th>Pow\u0142oka zatrzymuj\u0105ca lutowanie \u2014 olej Soldermask<\/th><td>Zielony, Bia\u0142y, Niebieski, Czarny, Czerwony, \u017b\u00f3\u0142ty<\/td><\/tr><tr><th>Pow\u0142oka zatrzymuj\u0105ca lutowanie \u2014 Coverlay<\/th><td>Folia PI i PET<\/td><\/tr><tr><th><strong>Strony sitodruku<\/strong><\/th><td>Zgodnie z plikiem<\/td><\/tr><tr><th>Kolor sitodruku<\/th><td>Bia\u0142y, Czarny, \u017b\u00f3\u0142ty<\/td><\/tr><tr><th>Wyko\u0144czenie powierzchni<\/th><td>HASL \u2013 Wyr\u00f3wnywanie cyny gor\u0105cym powietrzem<br>HASL bezo\u0142owiowy \u2013 RoHS<br>ENIG \u2013 RoHS<br>Cyna zanurzeniowa \u2013 RoHS<br>OSP \u2013 RoHS<\/td><\/tr><tr><th>Minimalny pier\u015bcie\u0144 obwodowy<\/th><td>4mil<\/td><\/tr><tr><th>Minimalna \u015brednica otworu wierconego<\/th><td>8mil<\/td><\/tr><tr><th>Min. rozmiar otworu \u2014 wiercenie (PTH)<\/th><td>0.2mil<\/td><\/tr><tr><th>Min. rozmiar otworu \u2014 wykrawanie (NPTH)<\/th><td>0.5mil<\/td><\/tr><tr><th>Tolerancja wymiaru<\/th><td>\u00b10.05mm<\/td><\/tr><tr><th>Inne techniki<\/th><td>Maska lutownicza zdejmowalna<br>Z\u0142ote palce<br>Usztywniacz (tylko dla pod\u0142o\u017ca PI\/FR4)<\/td><\/tr><\/tbody><\/table><\/figure>\n      <\/div>\n   <\/div>\n   <div class=\"tab\">\n      <input type=\"checkbox\" id=\"chck4\">\n      <label class=\"tab-label\" for=\"chck4\">RIGID-FLEX PCB<\/label>\n      <div class=\"tab-content\">\n         <figure class=\"wp-block-table product-spec-table\"><table><thead><tr><th>Funkcja<\/th><th>Mo\u017cliwo\u015bci<\/th><\/tr><\/thead><tbody><tr><th>Klasa jako\u015bci<\/th><td>Standard IPC 2<\/td><\/tr><tr><th>Liczba warstw<\/th><td>2 \u2013 24 warstwy<\/td><\/tr><tr><th>Ilo\u015b\u0107 zam\u00f3wienia<\/th><td>1 szt. \u2013 10000+ szt.<\/td><\/tr><tr><th>Czas budowy<\/th><td>2 dni \u2013 5 tygodni<\/td><\/tr><tr><th>Materia\u0142<\/th><td>DuPont (PI25UM), FR4<\/td><\/tr><tr><th>Rozmiar p\u0142ytki<\/th><td>Min 6mm x 6mm<br>Max 457mm x 610mm<\/td><\/tr><tr><th>Grubo\u015b\u0107 p\u0142ytki<\/th><td>0.6mm \u2013 5.0mm<\/td><\/tr><tr><th>Waga miedzi (wyko\u0144czona)<\/th><td>0,5 uncji \u2013 2,0 uncji<\/td><\/tr><tr><th>Min. \u015acie\u017cka\/Odst\u0119p<\/th><td>3mil\/3mil<\/td><\/tr><tr><th>Strony maski lutowniczej<\/th><td>Zgodnie z plikiem<\/td><\/tr><tr><th>Kolor maski lutowniczej<\/th><td>Zielony, Bia\u0142y, Niebieski, Czarny, Czerwony, \u017b\u00f3\u0142ty<\/td><\/tr><tr><th><strong>Strony sitodruku<\/strong><\/th><td>Zgodnie z plikiem<\/td><\/tr><tr><th>Kolor sitodruku<\/th><td>Bia\u0142y, Czarny, \u017b\u00f3\u0142ty<\/td><\/tr><tr><th>Wyko\u0144czenie powierzchni<\/th><td>HASL \u2013 Wyr\u00f3wnywanie cyny gor\u0105cym powietrzem<br>HASL bezo\u0142owiowy \u2013 RoHS<br>ENIG \u2013 RoHS<\/td><\/tr><tr><th>Minimalny pier\u015bcie\u0144 obwodowy<\/th><td>4mil<\/td><\/tr><tr><th>Minimalna \u015brednica otworu wierconego<\/th><td>8mil<\/td><\/tr><tr><th>Kontrola impedancji<\/th><td>\u00b110%<\/td><\/tr><tr><th>Inne techniki<\/th><td>HDI<br>Z\u0142ote palce<br>Usztywniacz (tylko dla pod\u0142o\u017ca PI\/FR4)<\/td><\/tr><\/tbody><\/table><\/figure>\n      <\/div>\n   <\/div>\n   <div class=\"tab\">\n      <input type=\"checkbox\" id=\"chck5\">\n      <label class=\"tab-label\" for=\"chck5\">ALUMINUM PCB<\/label>\n      <div class=\"tab-content\">\n         <figure class=\"wp-block-table product-spec-table\"><table><thead><tr><th>Funkcja<\/th><th>Mo\u017cliwo\u015bci<\/th><\/tr><\/thead><tbody><tr><th>Klasa jako\u015bci<\/th><td>Standard IPC 2<\/td><\/tr><tr><th>Liczba warstw<\/th><td>4 \u2013 24 warstwy<\/td><\/tr><tr><th>Ilo\u015b\u0107 zam\u00f3wienia<\/th><td>1 szt. \u2013 10000+ szt.<\/td><\/tr><tr><th>Czas budowy<\/th><td>2 dni \u2013 5 tygodni<\/td><\/tr><tr><th>Materia\u0142<\/th><td>Rdze\u0144 aluminiowy (krajowy 1060), rdze\u0144 miedziany, pokrycie FR4<\/td><\/tr><tr><th>Rozmiar p\u0142ytki<\/th><td>Min 6mm x 6mm<br>Max 610mm x 610mm<\/td><\/tr><tr><th>Grubo\u015b\u0107 p\u0142ytki<\/th><td>0,8 mm \u2013 5,0 mm<\/td><\/tr><tr><th>Waga miedzi (wyko\u0144czona)<\/th><td>0,5 uncji \u2013 10,0 uncji<\/td><\/tr><tr><th>Min. \u015acie\u017cka\/Odst\u0119p<\/th><td>4mil\/4mil<\/td><\/tr><tr><th>Strony maski lutowniczej<\/th><td>Zgodnie z plikiem<\/td><\/tr><tr><th>Kolor maski lutowniczej<\/th><td>Zielony, Bia\u0142y, Niebieski, Czarny, Czerwony, \u017b\u00f3\u0142ty<\/td><\/tr><tr><th><strong>Strony sitodruku<\/strong><\/th><td>Zgodnie z plikiem<\/td><\/tr><tr><th><strong>Kolor sitodruku<\/strong><\/th><td>Bia\u0142y, Czarny, \u017b\u00f3\u0142ty<\/td><\/tr><tr><th>Wyko\u0144czenie powierzchni<\/th><td>HASL \u2013 wyr\u00f3wnywanie cyn\u0105 na gor\u0105co<br>HASL bezo\u0142owiowy \u2013 RoHS<br>ENIG \u2013 Nikiel bezpr\u0105dowy\/Z\u0142oto zanurzeniowe \u2013 RoHS<\/td><\/tr><tr><th>Minimalny pier\u015bcie\u0144 obwodowy<\/th><td>4mil<\/td><\/tr><tr><th>Minimalna \u015brednica otworu wierconego<\/th><td>6mil<\/td><\/tr><tr><th>Inne techniki<\/th><td>Otwory sto\u017ckowe<br>Otwory na \u015bruby<\/td><\/tr><\/tbody><\/table><\/figure>\n      <\/div>\n   <\/div>\n   <div class=\"tab\">\n      <input type=\"checkbox\" id=\"chck6\">\n      <label class=\"tab-label\" for=\"chck6\">HDI PCB<\/label>\n      <div class=\"tab-content\">\n         <figure class=\"wp-block-table product-spec-table\"><table><thead><tr><th>Funkcja<\/th><th>Mo\u017cliwo\u015bci<\/th><\/tr><\/thead><tbody><tr><th>Klasa jako\u015bci<\/th><td>Standard IPC 2<\/td><\/tr><tr><th>Liczba warstw<\/th><td>4 \u2013 24 warstwy<\/td><\/tr><tr><th>Ilo\u015b\u0107 zam\u00f3wienia<\/th><td>1 szt. \u2013 10000+ szt.<\/td><\/tr><tr><th>Czas budowy<\/th><td>2 dni \u2013 5 tygodni<\/td><\/tr><tr><th>Materia\u0142<\/th><td>FR4 standard Tg 140\u00b0C, FR4 High Tg 170\u00b0C, FR4 i Rogers po\u0142\u0105czone laminowanie<\/td><\/tr><tr><th>Rozmiar p\u0142ytki<\/th><td>Min. 6*6mm | Maks. 457*610mm<\/td><\/tr><tr><th>Grubo\u015b\u0107 p\u0142ytki<\/th><td>0,4 mm \u2013 3,0 mm<\/td><\/tr><tr><th>Waga miedzi (wyko\u0144czona)<\/th><td>0,5 uncji \u2013 2,0 uncji<\/td><\/tr><tr><th>Min. \u015acie\u017cka\/Odst\u0119p<\/th><td>2,5 mil\/2,5 mil<\/td><\/tr><tr><th>Strony maski lutowniczej<\/th><td>Zgodnie z plikiem<\/td><\/tr><tr><th>Kolor maski lutowniczej<\/th><td>Zielony, Bia\u0142y, Niebieski, Czarny, Czerwony, \u017b\u00f3\u0142ty<\/td><\/tr><tr><th>Strony sitodruku<\/th><td>Zgodnie z plikiem<\/td><\/tr><tr><th>Kolor sitodruku<\/th><td>Bia\u0142y, Czarny, \u017b\u00f3\u0142ty<\/td><\/tr><tr><th>Wyko\u0144czenie powierzchni<\/th><td>HASL \u2013 wyr\u00f3wnywanie cyn\u0105 na gor\u0105co<br>HASL bezo\u0142owiowy \u2013 RoHS<br>ENIG \u2013 Nikiel bezpr\u0105dowy\/Z\u0142oto zanurzeniowe \u2013 RoHS<br>Srebro zanurzeniowe \u2013 RoHS<br>Cyna zanurzeniowa \u2013 RoHS<br>OSP \u2013 Organiczne \u015brodki konserwuj\u0105ce lutowno\u015b\u0107 \u2013 RoHS<\/td><\/tr><tr><th>Minimalny pier\u015bcie\u0144 obwodowy<\/th><td>4mil, 3mil \u2013 wiercenie laserowe<\/td><\/tr><tr><th>Minimalna \u015brednica otworu wierconego<\/th><td>6mil, 4mil \u2013 wiercenie laserowe<\/td><\/tr><tr><th>Maksymalne wyk\u0142adniki przelotek \u015blepych\/pogrzebanych<\/th><td>przelotki uk\u0142adane w stos dla 3 warstw po\u0142\u0105czonych ze sob\u0105, przelotki przesuni\u0119te dla 4 warstw po\u0142\u0105czonych ze sob\u0105<\/td><\/tr><tr><th>Inne techniki<\/th><td>Po\u0142\u0105czenie elastyczne i sztywne<br>Via In Pad<br>Kondensator wtopiony (tylko dla prototypu PCB o \u0142\u0105cznej powierzchni \u22641m\u00b2)<\/td><\/tr><\/tbody><\/table><\/figure>\n      <\/div>\n   <\/div>\n   <div class=\"tab\">\n      <input type=\"checkbox\" id=\"chck7\">\n      <label class=\"tab-label\" for=\"chck7\">HIGH FREQUENCY PCB<\/label>\n      <div class=\"tab-content\">\n         <figure class=\"wp-block-table product-spec-table\"><table><thead><tr><th>Funkcja<\/th><th>Mo\u017cliwo\u015bci<\/th><\/tr><\/thead><tbody><tr><th>Klasa jako\u015bci<\/th><td>Standard IPC 2<\/td><\/tr><tr><th>Liczba warstw<\/th><td>4 \u2013 24 warstwy<\/td><\/tr><tr><th>Ilo\u015b\u0107 zam\u00f3wienia<\/th><td>1 szt. \u2013 10000+ szt.<\/td><\/tr><tr><th>Czas budowy<\/th><td>2 dni \u2013 5 tygodni<\/td><\/tr><tr><th>Materia\u0142<\/th><td>RO4003C, RO4350B, Ro3003, Ro3010, RT5880<\/td><\/tr><tr><th>PP<\/th><td>Rogers 4450F, Domestic-(25FR), Domestic-(RF-27), Domestic-(6700)<\/td><\/tr><tr><th>Rozmiar p\u0142ytki<\/th><td>Min 6mm x 6mm<br>Max 457mm x 610mm<\/td><\/tr><tr><th>Grubo\u015b\u0107 p\u0142ytki<\/th><td>0.4mm \u2013 5.0mm<\/td><\/tr><tr><th>Waga miedzi (wyko\u0144czona)<\/th><td>0,5 uncji \u2013 2,0 uncji<\/td><\/tr><tr><th>Min. \u015acie\u017cka\/Odst\u0119p<\/th><td>3mil\/3mil<\/td><\/tr><tr><th>Strony maski lutowniczej<\/th><td>Zgodnie z plikiem<\/td><\/tr><tr><th>Kolor maski lutowniczej<\/th><td>Zielony, Bia\u0142y, Niebieski, Czarny, Czerwony, \u017b\u00f3\u0142ty<\/td><\/tr><tr><th><strong>Strony sitodruku<\/strong><\/th><td>Zgodnie z plikiem<\/td><\/tr><tr><th><strong>Kolor sitodruku<\/strong><\/th><td>Bia\u0142y, Czarny, \u017b\u00f3\u0142ty<\/td><\/tr><tr><th>Wyko\u0144czenie powierzchni<\/th><td>Nikiel elektrolityczny\/z\u0142oto immersyjne (ENIG) \u2013 RoHS<br>Srebro immersyjne \u2013 RoHS<br>Cyna immersyjna \u2013 RoHS<br>Organiczne \u015brodki konserwuj\u0105ce lutowno\u015b\u0107 \u2013 RoHS<\/td><\/tr><tr><th>Minimalny pier\u015bcie\u0144 obwodowy<\/th><td>4mil<\/td><\/tr><tr><th>Minimalna \u015brednica otworu wierconego<\/th><td>6mil<\/td><\/tr><tr><th>Tolerancja impedancji<\/th><td>\u00b110%<\/td><\/tr><tr><th>Inne techniki<\/th><td>Maska lutownicza zdejmowalna<br>Z\u0142ote palce<br>Olej w\u0119glowy<br>Otwory sto\u017ckowe<\/td><\/tr><\/tbody><\/table><\/figure>\n      <\/div>\n   <\/div>\n<\/div>\n<\/div><\/div>\n\n\n\n<div class=\"wp-block-group faq\"><div class=\"wp-block-group__inner-container is-layout-flow wp-block-group-is-layout-flow\"><h2 class=\"wp-block-heading\" id=\"pcb-assembly-capabilities\">Mo\u017cliwo\u015bci monta\u017cu PCB<\/h2>\n\n\n<div class=\"tabs\">\n   <div class=\"tab\">\n      <input type=\"checkbox\" id=\"chck8\">\n      <label class=\"tab-label\" for=\"chck8\">Produkcja PCB<\/label>\n      <div class=\"tab-content\">\n         <figure class=\"wp-block-table product-spec-table\"><table><thead><tr><th>Funkcja<\/th><th>Mo\u017cliwo\u015bci<\/th><\/tr><\/thead><tbody><tr><th>Specyfikacje p\u0142ytek drukowanych<\/th><td>Maksymalny rozmiar panelu: 19,7\u2033 x 31,5\u2033<br>Maksymalna liczba warstw: 1-40<br>Grubo\u015b\u0107 miedzi: od 0,5 uncji do 5,0 uncji<br>Minimalna szeroko\u015b\u0107 linii: 3 mil<br>Minimalny odst\u0119p mi\u0119dzy liniami: 3 mil<br>Najmniejszy otw\u00f3r: 0,006\u2033<br>Przelotki \u015blepe, zagrzebane i za\u015blepione<br>Kontrolowana impedancja<\/td><\/tr><tr><th>Materia\u0142<\/th><td>Grubo\u015b\u0107: od 0,008\u2033 do 0,240\u2033<br>FR-4<br>Wysoka TG FR-4<br>PTFE<br>Podstawa aluminiowa<br>Rogers<br>Specjalistyczny materia\u0142 na \u017cyczenie<\/td><\/tr><tr><th>Maska Lutownicza<\/th><td>LPI \u2013 zielony, \u017c\u00f3\u0142ty, czarny, czerwony, niebieski, bia\u0142y itp. (Zapytaj o wi\u0119cej opcji)<br>Maska odrywana<\/td><\/tr><tr><th>Wyko\u0144czenia ko\u0144cowe<\/th><td>SMOBC (HASL)<br>W\u0119giel<br>Selektywne z\u0142ocenie<br>Twarde i mi\u0119kkie z\u0142oto<br>Z\u0142oto immersyjne<br>Srebro immersyjne<br>Cyna immersyjna<br>OSP<\/td><\/tr><tr><th>Legenda<\/th><td>Bia\u0142y, \u017c\u00f3\u0142ty, czarny (Zapytaj o wi\u0119cej opcji)<\/td><\/tr><tr><th>Metody inspekcji<\/th><td>100% Kontrola wizualna<br>Testowanie elektryczne \u2013 sonda lataj\u0105ca lub \u0142o\u017ce ig\u0142owe<br>Kontrola partii pr\u00f3bek<br>Przekr\u00f3j poprzeczny<\/td><\/tr><tr><th>Dostawa<\/th><td>Ekspres: 24 godziny<br>Standardowy prototyp: 5 dni<br>Standardowa produkcja: 10 dni<\/td><\/tr><\/tbody><\/table><\/figure>\n      <\/div>\n   <\/div>\n   <div class=\"tab\">\n      <input type=\"checkbox\" id=\"chck9\">\n      <label class=\"tab-label\" for=\"chck9\">MONTA\u017b PCB<\/label>\n      <div class=\"tab-content\">\n         <figure class=\"wp-block-table product-spec-table\"><table><thead><tr><th>Funkcja<\/th><th>Mo\u017cliwo\u015bci<\/th><\/tr><\/thead><tbody><tr><th>Rodzaje monta\u017cu<\/th><td>THD (urz\u0105dzenie przewlekane)<br>SMT (technologia monta\u017cu powierzchniowego)<br>Mieszanka SMT i THD<br>Dwustronny monta\u017c SMT i THD<\/td><\/tr><tr><th>Ilo\u015b\u0107 zam\u00f3wienia<\/th><td>Od 1 do 10 000 p\u0142ytek<\/td><\/tr><tr><th>Komponenty<\/th><td>Elementy pasywne, najmniejszy rozmiar 0201<br>Drobny raster do 8 Mils<br>BGA, uBGA, QFN, POP i uk\u0142ady bez wyprowadze\u0144<br>Z\u0142\u0105cza i zaciski<\/td><\/tr><tr><th>Pakiet komponent\u00f3w<\/th><td>Szpule<br>Ci\u0119ta ta\u015bma<br>Tuby i tacki<br>Lu\u017ane cz\u0119\u015bci i luzem<\/td><\/tr><tr><th>Wymiary p\u0142ytki<\/th><td>Najmniejszy rozmiar: 0,2\u2033 x 0,2\u2033<br>Najwi\u0119kszy rozmiar: 15\u2033 x 20\u2033Bia\u0142y, \u017b\u00f3\u0142ty, Czarny (Zapytaj o wi\u0119cej opcji)<\/td><\/tr><tr><th>Kszta\u0142t p\u0142ytki<\/th><td>Prostok\u0105tny<br>Okr\u0105g\u0142y<br>Szczeliny i wyci\u0119cia<br>Z\u0142o\u017cone i nieregularne<\/td><\/tr><tr><th>Typ p\u0142ytki<\/th><td>Sztywne FR-4<br>P\u0142ytki sztywno-elastyczne<\/td><\/tr><tr><th>Proces monta\u017cu<\/th><td>Proces o\u0142owiowy<br>Bezo\u0142owiowy (RoHS)<\/td><\/tr><tr><th>Format pliku projektowego<\/th><td>Gerber RS-274X<br>BOM (Bill of Materials) (.xls, .csv, .xlsx)<br>Centroid (Pick-N-Place\/Plik XY)<\/td><\/tr><tr><th>Sprzeda\u017c i wsparcie<\/th><td>E-maile<br>Rozmowy telefoniczne<br>Internetowa wycena PCB i monta\u017cu<\/td><\/tr><tr><th>Testowanie elektryczne<\/th><td>Kontrola rentgenowska<br>AOI (Automatyczna inspekcja optyczna)<br>Testowanie funkcjonalne<\/td><\/tr><tr><th><strong>Profil pieca<\/strong><\/th><td>Standardowy<br>Niestandardowy<\/td><\/tr><tr><th>Czas realizacji<\/th><td>1-5 dni tylko dla monta\u017cu PCB<br>10-16 dni dla monta\u017cu PCB \"pod klucz\"<\/td><\/tr><\/tbody><\/table><\/figure>\n      <\/div>\n   <\/div>\n<\/div>\n<\/div><\/div>","protected":false},"excerpt":{"rendered":"<p>Kompleksowy producent PCBA<\/p>\n<p>Mo\u017cliwo\u015bci PCB<\/p>\n<p>Mo\u017cliwo\u015bci Bester Tech PCB&amp;PCBA<\/p>","protected":false},"author":1,"featured_media":0,"parent":0,"menu_order":0,"comment_status":"closed","ping_status":"closed","template":"","meta":{"article_term":"","article_term_alternate":"","article_term_def":"","article_hook":"","auto_links":"","article_topic":"","article_fact_check":"","mt_social_share":"","mt_content_meta":"","mt_glossary_display":"","glossary_heading":"","glossary":"","glossary_alter":"","glossary_def":"","article_task":"","footnotes":""},"class_list":["post-4328","page","type-page","status-publish"],"_links":{"self":[{"href":"https:\/\/www.besterpcba.com\/pl\/wp-json\/wp\/v2\/pages\/4328","targetHints":{"allow":["GET"]}}],"collection":[{"href":"https:\/\/www.besterpcba.com\/pl\/wp-json\/wp\/v2\/pages"}],"about":[{"href":"https:\/\/www.besterpcba.com\/pl\/wp-json\/wp\/v2\/types\/page"}],"author":[{"embeddable":true,"href":"https:\/\/www.besterpcba.com\/pl\/wp-json\/wp\/v2\/users\/1"}],"replies":[{"embeddable":true,"href":"https:\/\/www.besterpcba.com\/pl\/wp-json\/wp\/v2\/comments?post=4328"}],"version-history":[{"count":9,"href":"https:\/\/www.besterpcba.com\/pl\/wp-json\/wp\/v2\/pages\/4328\/revisions"}],"predecessor-version":[{"id":7151,"href":"https:\/\/www.besterpcba.com\/pl\/wp-json\/wp\/v2\/pages\/4328\/revisions\/7151"}],"wp:attachment":[{"href":"https:\/\/www.besterpcba.com\/pl\/wp-json\/wp\/v2\/media?parent=4328"}],"curies":[{"name":"wp","href":"https:\/\/api.w.org\/{rel}","templated":true}]}}