{"id":6125,"date":"2023-07-06T01:31:41","date_gmt":"2023-07-06T01:31:41","guid":{"rendered":"https:\/\/www.besterpcba.com\/?page_id=6125"},"modified":"2023-07-25T02:13:22","modified_gmt":"2023-07-25T02:13:22","slug":"get-a-quote","status":"publish","type":"page","link":"https:\/\/www.besterpcba.com\/pl\/uzyskaj-wycene\/","title":{"rendered":"Uzyskaj wycen\u0119"},"content":{"rendered":"<div class=\"wp-block-cover alignfull base_cover base_cover_overlay_grad\"><span aria-hidden=\"true\" class=\"wp-block-cover__background has-background-dim-0 has-background-dim\"><\/span><img loading=\"lazy\" decoding=\"async\" width=\"1920\" height=\"768\" class=\"wp-block-cover__image-background wp-image-5170\" alt=\"Baner na czapce\" src=\"https:\/\/www.besterpcba.com\/wp-content\/uploads\/2023\/06\/cap-banner.jpg\" data-object-fit=\"cover\" srcset=\"https:\/\/www.besterpcba.com\/wp-content\/uploads\/2023\/06\/cap-banner.jpg 1920w, https:\/\/www.besterpcba.com\/wp-content\/uploads\/2023\/06\/cap-banner-300x120.jpg 300w, https:\/\/www.besterpcba.com\/wp-content\/uploads\/2023\/06\/cap-banner-1024x410.jpg 1024w, https:\/\/www.besterpcba.com\/wp-content\/uploads\/2023\/06\/cap-banner-768x307.jpg 768w, https:\/\/www.besterpcba.com\/wp-content\/uploads\/2023\/06\/cap-banner-1600x640.jpg 1600w, https:\/\/www.besterpcba.com\/wp-content\/uploads\/2023\/06\/cap-banner-1536x614.jpg 1536w\" sizes=\"auto, (max-width: 1920px) 100vw, 1920px\" \/><div class=\"wp-block-cover__inner-container is-layout-flow wp-block-cover-is-layout-flow\">\n<div class=\"wp-block-group\"><div class=\"wp-block-group__inner-container is-layout-constrained wp-block-group-is-layout-constrained\"><div class=\"breadcrumbs\" typeof=\"BreadcrumbList\" vocab=\"https:\/\/schema.org\/\"><span property=\"itemListElement\" typeof=\"ListItem\"><a property=\"item\" typeof=\"WebPage\" title=\"Przejd\u017a do One Stop PCBA Manufacturer.\" href=\"https:\/\/www.besterpcba.com\/pl\" class=\"home\" aria-current=\"page\"><span property=\"name\">Kompleksowy producent PCBA<\/span><\/a><meta property=\"position\" content=\"1\"><\/span><\/div>\n\n<h1 class=\"wp-block-heading\" id=\"get-a-quote\">Uzyskaj wycen\u0119<\/h1>\n\n\n<p class=\"has-text-align-left has-large-font-size\">Uzyskaj wycen\u0119 dla swoich potrzeb w zakresie monta\u017cu PCB ju\u017c dzi\u015b!<\/p>\n<\/div><\/div>\n<\/div><\/div>\n\n\n\n<div class=\"wp-block-group alignfull bs_contact_group base_group\"><div class=\"wp-block-group__inner-container is-layout-constrained wp-block-group-is-layout-constrained\">\n<div class=\"wp-block-group bs_contact_info\"><div class=\"wp-block-group__inner-container is-layout-constrained wp-block-group-is-layout-constrained\">\n<div class=\"wp-block-group bs_contact_info_pro\"><div class=\"wp-block-group__inner-container is-layout-constrained wp-block-group-is-layout-constrained\"><h2 class=\"wp-block-heading\" id=\"why-consider-bester-as-your-pcba-partner\">Dlaczego warto rozwa\u017cy\u0107 Bester jako partnera PCBA?<\/h2>\n\n\n<ul class=\"wp-block-list\">\n<li>Bogate do\u015bwiadczenie<\/li>\n\n\n\n<li>Zapewnienie jako\u015bci<\/li>\n\n\n\n<li>Wiedza techniczna<\/li>\n\n\n\n<li>Opcje dostosowywania<\/li>\n\n\n\n<li>Konkurencyjne ceny<\/li>\n\n\n\n<li>Terminowa dostawa<\/li>\n\n\n\n<li>Doskona\u0142a obs\u0142uga klienta<\/li>\n\n\n\n<li>Kompleksowe us\u0142ugi PCB<\/li>\n\n\n\n<li>Gwarancja satysfakcji<\/li>\n<\/ul>\n<\/div><\/div>\n\n\n\n<div class=\"wp-block-group bs_contact_info_pro\"><div class=\"wp-block-group__inner-container is-layout-constrained wp-block-group-is-layout-constrained\"><h2 class=\"wp-block-heading\" id=\"for-an-accurate-quote-please-upload-any-of-the-following-information\">Aby uzyska\u0107 dok\u0142adn\u0105 wycen\u0119, prze\u015blij dowolne z poni\u017cszych informacji.<\/h2>\n\n\n<ul class=\"wp-block-list\">\n<li>Dane Gerber<\/li>\n\n\n\n<li>Schemat<\/li>\n\n\n\n<li>Rysunek monta\u017cowy<\/li>\n\n\n\n<li>BOM<\/li>\n\n\n\n<li>Rysunek produkcyjny<\/li>\n\n\n\n<li>Wszystkie inne istotne informacje<\/li>\n<\/ul>\n<\/div><\/div>\n\n\n\n<div class=\"wp-block-group bs_contact_info_connect\"><div class=\"wp-block-group__inner-container is-layout-constrained wp-block-group-is-layout-constrained\">\n<div class=\"wp-block-group\"><div class=\"wp-block-group__inner-container is-layout-constrained wp-block-group-is-layout-constrained\">\n<figure class=\"wp-block-image size-full\"><img decoding=\"async\" src=\"https:\/\/www.besterpcba.com\/wp-content\/uploads\/2023\/06\/worker-svgrepo-com.svg\" alt=\"Worker Svgrepo Com\" class=\"wp-image-5748\"\/><\/figure>\n\n\n\n<div class=\"wp-block-group\"><div class=\"wp-block-group__inner-container is-layout-constrained wp-block-group-is-layout-constrained\"><h3 class=\"wp-block-heading\" id=\"live-support\">Wsparcie na \u017cywo<\/h3>\n\n\n<p>Uzyskaj wsparcie w czasie rzeczywistym, zadawaj pytania lub om\u00f3w wymagania swojego projektu.<\/p>\n\n\n\n<div class='base_cover_button_wrapper chat-button'><p class=\"base_header_button\">Czat na \u017cywo<\/p><\/div>\n<\/div><\/div>\n<\/div><\/div>\n<\/div><\/div>\n<\/div><\/div>\n\n\n\n<div class=\"wp-block-group bs_contact_gg\"><div class=\"wp-block-group__inner-container is-layout-constrained wp-block-group-is-layout-constrained\">\n<div class='contact_form_title'><h2>Szybka pro\u015bba o wycen\u0119<\/h2><\/div>\n\n\n\n<div class=\"wpcf7 no-js\" id=\"wpcf7-f6156-o1\" lang=\"en-US\" dir=\"ltr\">\n<div class=\"screen-reader-response\"><p role=\"status\" aria-live=\"polite\" aria-atomic=\"true\"><\/p> <ul><\/ul><\/div>\n<form action=\"\/pl\/wp-json\/wp\/v2\/pages\/6125#wpcf7-f6156-o1\" method=\"post\" class=\"wpcf7-form init\" aria-label=\"Formularz kontaktowy\" enctype=\"multipart\/form-data\" novalidate=\"novalidate\" data-status=\"init\" data-trp-original-action=\"\/pl\/wp-json\/wp\/v2\/pages\/6125#wpcf7-f6156-o1\">\n<div style=\"display: none;\">\n<input type=\"hidden\" name=\"_wpcf7\" value=\"6156\" \/>\n<input type=\"hidden\" name=\"_wpcf7_version\" value=\"5.7.7\" \/>\n<input type=\"hidden\" name=\"_wpcf7_locale\" value=\"en_US\" \/>\n<input type=\"hidden\" name=\"_wpcf7_unit_tag\" value=\"wpcf7-f6156-o1\" \/>\n<input type=\"hidden\" name=\"_wpcf7_container_post\" value=\"0\" \/>\n<input type=\"hidden\" name=\"_wpcf7_posted_data_hash\" value=\"\" \/>\n<\/div>\n<div class = \"bs_cf_type\">\n\t<p class=\"contact_title\">Rodzaj wyceny:\n\t<\/p>\n\t<p><span class=\"wpcf7-form-control-wrap\" data-name=\"your-quote-type\"><span class=\"wpcf7-form-control wpcf7-checkbox\"><span class=\"wpcf7-list-item first\"><input type=\"checkbox\" name=\"your-quote-type[]\" value=\"Consigned Assembly\" \/><span class=\"wpcf7-list-item-label\">Monta\u017c powierzony<\/span><\/span><span class=\"wpcf7-list-item\"><input type=\"checkbox\" name=\"your-quote-type[]\" value=\"Turnkey Assembly\" \/><span class=\"wpcf7-list-item-label\">Monta\u017c \"pod klucz\"<\/span><\/span><span class=\"wpcf7-list-item\"><input type=\"checkbox\" name=\"your-quote-type[]\" value=\"Partial Turnkey Assembly\" \/><span class=\"wpcf7-list-item-label\">Cz\u0119\u015bciowy monta\u017c \"pod klucz\"<\/span><\/span><span class=\"wpcf7-list-item last\"><input type=\"checkbox\" name=\"your-quote-type[]\" value=\"Other\" \/><span class=\"wpcf7-list-item-label\">Inne<\/span><\/span><\/span><\/span>\n\t<\/p>\n\t<p class=\"contact_detail\">Powierzony = Klient dostarcza cz\u0119\u015bci, \"Pod klucz\" = Bester kupuje cz\u0119\u015bci, Cz\u0119\u015bciowy \"pod klucz\" = Klient dostarcza niekt\u00f3re cz\u0119\u015bci, a Bester kupuje reszt\u0119.\n\t<\/p>\n<\/div>\n<div class = \"bs_cf_name\">\n\t<p class=\"contact_title\">Twoje imi\u0119 i nazwisko\n\t<\/p>\n\t<div>\n\t\t<p><span> <span class=\"wpcf7-form-control-wrap\" data-name=\"your-name-first\"><input size=\"40\" class=\"wpcf7-form-control wpcf7-text wpcf7-validates-as-required\" aria-required=\"true\" aria-invalid=\"false\" value=\"First Name\" type=\"text\" name=\"your-name-first\" \/><\/span> <\/span><span> <span class=\"wpcf7-form-control-wrap\" data-name=\"your-name-last\"><input size=\"40\" class=\"wpcf7-form-control wpcf7-text wpcf7-validates-as-required\" aria-required=\"true\" aria-invalid=\"false\" value=\"Last Name\" type=\"text\" name=\"your-name-last\" \/><\/span> <\/span>\n\t\t<\/p>\n\t<\/div>\n<\/div>\n<div class = \"bs_cf_mail\">\n\t<p class=\"contact_title\">Email*\n\t<\/p>\n\t<p><label> <span class=\"wpcf7-form-control-wrap\" data-name=\"your-email\"><input size=\"40\" class=\"wpcf7-form-control wpcf7-text wpcf7-email wpcf7-validates-as-required wpcf7-validates-as-email\" aria-required=\"true\" aria-invalid=\"false\" value=\"\" type=\"email\" name=\"your-email\" \/><\/span> <\/label>\n\t<\/p>\n<\/div>\n<div class = \"bs_cf_phone\">\n\t<p class=\"contact_title\">Telefon*\n\t<\/p>\n\t<p><label> <span class=\"wpcf7-form-control-wrap\" data-name=\"your-phone\"><input size=\"40\" class=\"wpcf7-form-control wpcf7-text wpcf7-validates-as-required\" aria-required=\"true\" aria-invalid=\"false\" value=\"\" type=\"text\" name=\"your-phone\" \/><\/span> <\/label>\n\t<\/p>\n<\/div>\n<div class = \"bs_cf_company\">\n\t<p class=\"contact_title\">Nazwa firmy*\n\t<\/p>\n\t<p><label> <span class=\"wpcf7-form-control-wrap\" data-name=\"your-company\"><input size=\"40\" class=\"wpcf7-form-control wpcf7-text wpcf7-validates-as-required\" aria-required=\"true\" aria-invalid=\"false\" value=\"\" type=\"text\" name=\"your-company\" \/><\/span> <\/label>\n\t<\/p>\n<\/div>\n<div class = \"bs_cf_country\">\n\t<p class=\"contact_title\">Kraj\n\t<\/p>\n\t<p><label> <span class=\"wpcf7-form-control-wrap\" data-name=\"country\"><select class=\"wpcf7-form-control wpcf7-select\" aria-invalid=\"false\" name=\"country\"><option value=\"\"><\/option><option value=\"Afghanistan\">Afganistan<\/option><option value=\"Albania\">Albania<\/option><option value=\"Algeria\">Algieria<\/option><option value=\"American Samoa\">Samoa Ameryka\u0144skie<\/option><option value=\"Andorra\">Andora<\/option><option value=\"Angola\">Angola<\/option><option value=\"Anguilla\">Anguilla<\/option><option value=\"Antigua and Barbuda\">Antigua i Barbuda<\/option><option value=\"Argentina\">Argentyna<\/option><option value=\"Armenia\">Armenia<\/option><option value=\"Armenia\">Armenia<\/option><option value=\"Aruba\">Aruba<\/option><option value=\"Australia\">Australia<\/option><option value=\"Austria\">Austria<\/option><option value=\"Azerbaijan\">Azerbejd\u017can<\/option><option value=\"Azerbaijan\">Azerbejd\u017can<\/option><option value=\"Bahamas\">Bahamy<\/option><option value=\"Bahrain\">Bahrajn<\/option><option value=\"Bangladesh\">Bangladesz<\/option><option value=\"Barbados\">Barbados<\/option><option value=\"Belarus\">Bia\u0142oru\u015b<\/option><option value=\"Belgium\">Belgia<\/option><option value=\"Belize\">Belize<\/option><option value=\"Benin\">Benin<\/option><option value=\"Bermuda\">Bermudy<\/option><option value=\"Bhutan\">Bhutan<\/option><option value=\"Bolivia\">Boliwia<\/option><option value=\"Bonaire\">Bonaire<\/option><option value=\"Bosnia and Herzegovina\">Bo\u015bnia i Hercegowina<\/option><option value=\"Botswana\">Botswana<\/option><option value=\"Bouvet Island (Bouvetoya)\">Wyspa Bouveta (Bouvetoya)<\/option><option value=\"Brazil\">Brazylia<\/option><option value=\"British Indian Ocean Territory (Chagos Archipelago)\">Brytyjskie Terytorium Oceanu Indyjskiego (Archipelag Czagos)<\/option><option value=\"British Virgin Islands\">Brytyjskie Wyspy Dziewicze<\/option><option value=\"Brunei Darussalam\">Brunei Darussalam<\/option><option value=\"Bulgaria\">Bu\u0142garia<\/option><option value=\"Burkina Faso\">Burkina Faso<\/option><option value=\"Burundi\">Burundi<\/option><option value=\"Canada\">Kanada<\/option><option value=\"Cambodia\">Kambod\u017ca<\/option><option value=\"Cameroon\">Kamerun<\/option><option value=\"Cape Verde\">Republika Zielonego Przyl\u0105dka<\/option><option value=\"Cayman Islands\">Kajmany<\/option><option value=\"Central African Republic\">Republika \u015arodkowoafryka\u0144ska<\/option><option value=\"Chad\">Czad<\/option><option value=\"Chile\">Chile<\/option><option value=\"China\">Chiny<\/option><option value=\"Christmas Island\">Wyspa Bo\u017cego Narodzenia<\/option><option value=\"Cocos (Keeling) Islands\">Wyspy Kokosowe (Keelinga)<\/option><option value=\"Colombia\">Kolumbia<\/option><option value=\"Comoros\">Komory<\/option><option value=\"Congo\">Kongo<\/option><option value=\"Congo\">Kongo<\/option><option value=\"Cook Islands\">Wyspy Cooka<\/option><option value=\"Costa Rica\">Kostaryka<\/option><option value=\"Cote d&#039;Ivoire\">Cote d&#039;Ivoire<\/option><option value=\"Croatia\">Chorwacja<\/option><option value=\"Cuba\">Kuba<\/option><option value=\"Cura\u00e7ao\">Cura\u00e7ao<\/option><option value=\"Cyprus\">Cypr<\/option><option value=\"Cyprus\">Cypr<\/option><option value=\"Czech Republic\">Czechy<\/option><option value=\"Denmark\">Dania<\/option><option value=\"Djibouti\">D\u017cibuti<\/option><option value=\"Dominica\">Dominika<\/option><option value=\"Dominican Republic\">Republika Dominikany<\/option><option value=\"Ecuador\">Ekwador<\/option><option value=\"Egypt\">Egipt<\/option><option value=\"El Salvador\">Salwador<\/option><option value=\"Equatorial Guinea\">Gwinea R\u00f3wnikowa<\/option><option value=\"Eritrea\">Erytrea<\/option><option value=\"Estonia\">Estonia<\/option><option value=\"Ethiopia\">Etiopia<\/option><option value=\"Falkland Islands (Malvinas)\">Falklandy (Malwiny)<\/option><option value=\"Faroe Islands\">Wyspy Owcze<\/option><option value=\"Fiji\">Fid\u017ci<\/option><option value=\"Finland\">Finlandia<\/option><option value=\"France\">Francja<\/option><option value=\"French Guiana\">Gujana Francuska<\/option><option value=\"French Polynesia\">Polinezja Francuska<\/option><option value=\"French Southern Territories\">Francuskie Terytoria Po\u0142udniowe i Antarktyczne<\/option><option value=\"Gabon\">Gabon<\/option><option value=\"Gambia\">Gambia<\/option><option value=\"Georgia\">Gruzja<\/option><option value=\"Germany\">Niemcy<\/option><option value=\"Ghana\">Ghana<\/option><option value=\"Gibraltar\">Gibraltar<\/option><option value=\"Greece\">Grecja<\/option><option value=\"Greenland\">Grenlandia<\/option><option value=\"Grenada\">Grenada<\/option><option value=\"Guadeloupe\">Gwadelupa<\/option><option value=\"Guam\">Guam<\/option><option value=\"Guatemala\">Gwatemala<\/option><option value=\"Guernsey\">Guernsey<\/option><option value=\"Guinea\">Gwinea<\/option><option value=\"Guinea-Bissau\">Gwinea Bissau<\/option><option value=\"Guyana\">Gujana<\/option><option value=\"Haiti\">Haiti<\/option><option value=\"Heard Island and McDonald Islands\">Wyspa Heard i Wyspy McDonalda<\/option><option value=\"Holy See (Vatican City State)\">Stolica Apostolska (Pa\u0144stwo Watyka\u0144skie)<\/option><option value=\"Honduras\">Honduras<\/option><option value=\"Hong Kong\">Hongkong<\/option><option value=\"Hungary\">W\u0119gry<\/option><option value=\"Iceland\">Islandia<\/option><option value=\"India\">Indie<\/option><option value=\"Indonesia\">Indonezja<\/option><option value=\"Iran\">Iran<\/option><option value=\"Iraq\">Irak<\/option><option value=\"Ireland\">Irlandia<\/option><option value=\"Isle of Man\">Wyspa Man<\/option><option value=\"Israel\">Izrael<\/option><option value=\"Italy\">W\u0142ochy<\/option><option value=\"Jamaica\">Jamajka<\/option><option value=\"Japan\">Japonia<\/option><option value=\"Jersey\">Jersey<\/option><option value=\"Jordan\">Jordania<\/option><option value=\"Kazakhstan\">Kazachstan<\/option><option value=\"Kazakhstan\">Kazachstan<\/option><option value=\"Kenya\">Kenia<\/option><option value=\"Kiribati\">Kiribati<\/option><option value=\"Korea\">Korea<\/option><option value=\"Korea\">Korea<\/option><option value=\"Kuwait\">Kuwejt<\/option><option value=\"Kyrgyz Republic\">Kirgistan<\/option><option value=\"Lao People&#039;s Democratic Republic\">Laota\u0144ska Republika Ludowo-Demokratyczna&amp;#039<\/option><option value=\"Latvia\">\u0141otwa<\/option><option value=\"Lebanon\">Liban<\/option><option value=\"Lesotho\">Lesotho<\/option><option value=\"Liberia\">Liberia<\/option><option value=\"Libyan Arab Jamahiriya\">Libijska Arabska D\u017camahirija<\/option><option value=\"Liechtenstein\">Liechtenstein<\/option><option value=\"Lithuania\">Litwa<\/option><option value=\"Luxembourg\">Luksemburg<\/option><option value=\"Macao\">Makau<\/option><option value=\"Macedonia\">Macedonia<\/option><option value=\"Madagascar\">Madagaskar<\/option><option value=\"Malawi\">Malawi<\/option><option value=\"Malaysia\">Malezja<\/option><option value=\"Maldives\">Malediwy<\/option><option value=\"Mali\">Mali<\/option><option value=\"Malta\">Malta<\/option><option value=\"Marshall Islands\">Wyspy Marshalla<\/option><option value=\"Martinique\">Martynika<\/option><option value=\"Mauritania\">Mauretania<\/option><option value=\"Mauritius\">Mauritius<\/option><option value=\"Mayotte\">Majotta<\/option><option value=\"Mexico\">Meksyk<\/option><option value=\"Micronesia\">Mikronezja<\/option><option value=\"Moldova\">Mo\u0142dawia<\/option><option value=\"Monaco\">Monako<\/option><option value=\"Mongolia\">Mongolia<\/option><option value=\"Montenegro\">Czarnog\u00f3ra<\/option><option value=\"Montserrat\">Montserrat<\/option><option value=\"Morocco\">Maroko<\/option><option value=\"Mozambique\">Mozambik<\/option><option value=\"Myanmar\">Mjanma<\/option><option value=\"Namibia\">Namibia<\/option><option value=\"Nauru\">Nauru<\/option><option value=\"Nepal\">Nepal<\/option><option value=\"Netherlands\">Holandia<\/option><option value=\"Netherlands Antilles\">Antyle Holenderskie<\/option><option value=\"New Caledonia\">Nowa Kaledonia<\/option><option value=\"New Zealand\">Nowa Zelandia<\/option><option value=\"Nicaragua\">Nikaragua<\/option><option value=\"Niger\">Niger<\/option><option value=\"Nigeria\">Nigeria<\/option><option value=\"Niue\">Niue<\/option><option value=\"Norfolk Island\">Wyspa Norfolk<\/option><option value=\"Northern Mariana Islands\">Mariany P\u00f3\u0142nocne<\/option><option value=\"Norway\">Norwegia<\/option><option value=\"Oman\">Oman<\/option><option value=\"Pakistan\">Pakistan<\/option><option value=\"Palau\">Palau<\/option><option value=\"Palestinian Territory\">Terytorium Palesty\u0144skie<\/option><option value=\"Panama\">Panama<\/option><option value=\"Papua New Guinea\">Papua Nowa Gwinea<\/option><option value=\"Paraguay\">Paragwaj<\/option><option value=\"Peru\">Peru<\/option><option value=\"Philippines\">Filipiny<\/option><option value=\"Pitcairn Islands\">Wyspy Pitcairn<\/option><option value=\"Poland\">Polska<\/option><option value=\"Portugal\">Portugalia<\/option><option value=\"Puerto Rico\">Portoryko<\/option><option value=\"Qatar\">Katar<\/option><option value=\"Reunion\">Reunion<\/option><option value=\"Romania\">Rumunia<\/option><option value=\"Russian Federation\">Federacja Rosyjska<\/option><option value=\"Rwanda\">Rwanda<\/option><option value=\"Saint Barthelemy\">Saint Barthelemy<\/option><option value=\"Saint Helena\">Wyspa \u015awi\u0119tej Heleny<\/option><option value=\"Saint Kitts and Nevis\">Saint Kitts i Nevis<\/option><option value=\"Saint Lucia\">Saint Lucia<\/option><option value=\"Saint Martin\">Saint Martin<\/option><option value=\"Saint Pierre and Miquelon\">Saint Pierre i Miquelon<\/option><option value=\"Saint Vincent and the Grenadines\">Saint Vincent i Grenadyny<\/option><option value=\"Samoa\">Samoa<\/option><option value=\"San Marino\">San Marino<\/option><option value=\"Sao Tome and Principe\">Wyspy \u015awi\u0119tego Tomasza i Ksi\u0105\u017c\u0119ca<\/option><option value=\"Saudi Arabia\">Arabia Saudyjska<\/option><option value=\"Senegal\">Senegal<\/option><option value=\"Serbia\">Serbia<\/option><option value=\"Seychelles\">Seszele<\/option><option value=\"Sierra Leone\">Sierra Leone<\/option><option value=\"Singapore\">Singapur<\/option><option value=\"Sint Maarten (Netherlands)\">Sint Maarten (Holandia)<\/option><option value=\"Slovakia (Slovak Republic)\">S\u0142owacja (Republika S\u0142owacka)<\/option><option value=\"Slovenia\">S\u0142owenia<\/option><option value=\"Solomon Islands\">Wyspy Salomona<\/option><option value=\"Somalia\">Somalia<\/option><option value=\"South Africa\">Afryka Po\u0142udniowa<\/option><option value=\"South Georgia &amp; S. Sandwich Islands\">Georgia Po\u0142udniowa i Sandwich Po\u0142udniowy<\/option><option value=\"Spain\">Hiszpania<\/option><option value=\"Sri Lanka\">Sri Lanka<\/option><option value=\"Sudan\">Sudan<\/option><option value=\"Suriname\">Surinam<\/option><option value=\"Svalbard &amp; Jan Mayen Islands\">Svalbard i Jan Mayen<\/option><option value=\"Swaziland\">Suazi<\/option><option value=\"Sweden\">Szwecja<\/option><option value=\"Switzerland\">Szwajcaria<\/option><option value=\"Syrian Arab Republic\">Syryjska Republika Arabska<\/option><option value=\"Taiwan\">Tajwan<\/option><option value=\"Tajikistan\">Tad\u017cykistan<\/option><option value=\"Tanzania\">Tanzania<\/option><option value=\"Thailand\">Tajlandia<\/option><option value=\"Timor-Leste\">Timor Wschodni<\/option><option value=\"Togo\">Togo<\/option><option value=\"Tokelau\">Tokelau<\/option><option value=\"Tonga\">Tonga<\/option><option value=\"Trinidad and Tobago\">Trynidad i Tobago<\/option><option value=\"Tunisia\">Tunezja<\/option><option value=\"Turkey\">Turcja<\/option><option value=\"Turkey\">Turcja<\/option><option value=\"Turkmenistan\">Turkmenistan<\/option><option value=\"Turks and Caicos Islands\">Turks i Caicos<\/option><option value=\"Tuvalu\">Tuvalu<\/option><option value=\"U.S. Virgin Islands\">Wyspy Dziewicze Stan\u00f3w Zjednoczonych<\/option><option value=\"U.S. Minor Outlying Islands\">Dalekie Wyspy Mniejsze Stan\u00f3w Zjednoczonych<\/option><option value=\"Uganda\">Uganda<\/option><option value=\"Ukraine\">Ukraina<\/option><option value=\"United Arab Emirates\">Zjednoczone Emiraty Arabskie<\/option><option value=\"Uruguay\">Urugwaj<\/option><option value=\"Uzbekistan\">Uzbekistan<\/option><option value=\"United Kingdom\">Wielka Brytania<\/option><option value=\"United States\">Stany Zjednoczone<\/option><option value=\"Vanuatu\">Vanuatu<\/option><option value=\"Venezuela\">Wenezuela<\/option><option value=\"Vietnam\">Wietnam<\/option><option value=\"Wallis and Futuna\">Wallis i Futuna<\/option><option value=\"Western Sahara\">Sahara Zachodnia<\/option><option value=\"Yemen\">Jemen<\/option><option value=\"Zambia\">Zambia<\/option><option value=\"Zimbabwe\">Zimbabwe<\/option><\/select><\/span><\/label>\n\t<\/p>\n<\/div>\n<div class = \"bs_cf_message\">\n\t<p class=\"contact_title\">Wiadomo\u015b\u0107\n\t<\/p>\n\t<p><span class=\"wpcf7-form-control-wrap\" data-name=\"your-message\"><textarea cols=\"40\" rows=\"10\" class=\"wpcf7-form-control wpcf7-textarea\" aria-invalid=\"false\" name=\"your-message\"><\/textarea><\/span>\n\t<\/p>\n<\/div>\n<div class = \"bs_cf_file\">\n\t<p class=\"contact_title\">Prze\u015blij tutaj sw\u00f3j plik\n\t<\/p>\n\t<p>WIELE PLIK\u00d3W MUSI BY\u0106 W SKOMPRESOWANYM FORMACIE PLIKU.\n\t<\/p>\n\t<p>Prosz\u0119 do\u0142\u0105czy\u0107: BOM, PLIK GERBER\/PCB do wyceny.\n\t<\/p>\n\t<p><span class=\"wpcf7-form-control-wrap\" data-name=\"file-159\"><input size=\"40\" class=\"wpcf7-form-control wpcf7-file\" accept=\"image\/*,.txt,application\/pdf,.zip,.tgz,.7z,.tar,.dxf,.dwg,.xlsx,.xls,.doc,.docx,.xps,.csv,.rtf,.jpg\" aria-invalid=\"false\" type=\"file\" name=\"file-159\" \/><\/span>\n\t<\/p>\n\t<p class=\"contact_detail\">Zaakceptowany typ przes\u0142anego pliku: zip, tgz, 7z, tar, pdf, dxf, dwg, xlsx, xls, doc, docx, txt, xps, csv, rtf, jpg. Maks. rozmiar pliku: 25 MB\n\t<\/p>\n<\/div>\n<p><input class=\"wpcf7-form-control has-spinner wpcf7-submit\" type=\"submit\" value=\"Wy\u015blij\" \/>\n<\/p><div class=\"wpcf7-response-output\" aria-hidden=\"true\"><\/div>\n<input type=\"hidden\" name=\"trp-form-language\" value=\"pl\"\/><\/form>\n<\/div>\n\n<\/div><\/div>\n<\/div><\/div>\n\n\n\n<div class = \"bs_logos_outer_group\">\n  <div class = \"bs_logos_outer_group_inner\">\n    <div class = 'base_why_us_same_header'>\n        <h2>Firmy, kt\u00f3re nam zaufa\u0142y<\/h2>\n    <\/div>\n    <div class=\"bs_logos\">\n      <div class=\"bs_logos_slide\">\n        <img decoding=\"async\" src=\"https:\/\/www.besterpcba.com\/wp-content\/uploads\/2021\/10\/UL-RED.png\" \/>\n        <img decoding=\"async\" src=\"https:\/\/www.besterpcba.com\/wp-content\/uploads\/2021\/10\/logo-ipc-2.png\" \/>\n        <img decoding=\"async\" src=\"https:\/\/www.besterpcba.com\/wp-content\/uploads\/2021\/10\/rohs-green.png\" \/>\n      <\/div>\n    <\/div>\n  <\/div>\n<\/div>\n\n<script>\n  var copy = document.querySelector(\".bs_logos_slide\").cloneNode(true);\n  document.querySelector(\".bs_logos\").appendChild(copy);\n<\/script>\n\n\n\n<script>(function() {\nfunction onTidioChatApiReady() {\nwindow.tidioChatApi.hide();\n}\n\nif (window.tidioChatApi) {\nwindow.tidioChatApi.on(\"ready\", onTidioChatApiReady);\n}\n\ndocument.querySelector(\".chat-button\").addEventListener(\"click\", function() {\nwindow.tidioChatApi.show();\nwindow.tidioChatApi.open();\n});\n})();<\/script>","protected":false},"excerpt":{"rendered":"","protected":false},"author":1,"featured_media":0,"parent":0,"menu_order":0,"comment_status":"closed","ping_status":"closed","template":"","meta":{"article_term":"","article_term_alternate":"","article_term_def":"","article_hook":"","auto_links":"","article_topic":"","article_fact_check":"","mt_social_share":"","mt_content_meta":"","mt_glossary_display":"","glossary_heading":"","glossary":"","glossary_alter":"","glossary_def":"","article_task":"","footnotes":""},"class_list":["post-6125","page","type-page","status-publish"],"_links":{"self":[{"href":"https:\/\/www.besterpcba.com\/pl\/wp-json\/wp\/v2\/pages\/6125","targetHints":{"allow":["GET"]}}],"collection":[{"href":"https:\/\/www.besterpcba.com\/pl\/wp-json\/wp\/v2\/pages"}],"about":[{"href":"https:\/\/www.besterpcba.com\/pl\/wp-json\/wp\/v2\/types\/page"}],"author":[{"embeddable":true,"href":"https:\/\/www.besterpcba.com\/pl\/wp-json\/wp\/v2\/users\/1"}],"replies":[{"embeddable":true,"href":"https:\/\/www.besterpcba.com\/pl\/wp-json\/wp\/v2\/comments?post=6125"}],"version-history":[{"count":11,"href":"https:\/\/www.besterpcba.com\/pl\/wp-json\/wp\/v2\/pages\/6125\/revisions"}],"predecessor-version":[{"id":6959,"href":"https:\/\/www.besterpcba.com\/pl\/wp-json\/wp\/v2\/pages\/6125\/revisions\/6959"}],"wp:attachment":[{"href":"https:\/\/www.besterpcba.com\/pl\/wp-json\/wp\/v2\/media?parent=6125"}],"curies":[{"name":"wp","href":"https:\/\/api.w.org\/{rel}","templated":true}]}}