{"id":6773,"date":"2023-07-24T03:04:50","date_gmt":"2023-07-24T03:04:50","guid":{"rendered":"https:\/\/www.besterpcba.com\/?page_id=6773"},"modified":"2023-07-25T07:02:34","modified_gmt":"2023-07-25T07:02:34","slug":"led","status":"publish","type":"page","link":"https:\/\/www.besterpcba.com\/pl\/dioda-led\/","title":{"rendered":"LED"},"content":{"rendered":"<div class=\"wp-block-cover alignfull is-light base_cover base_cover_overlay_grad\"><span aria-hidden=\"true\" class=\"wp-block-cover__background has-background-dim-0 has-background-dim\"><\/span><img loading=\"lazy\" decoding=\"async\" width=\"1920\" height=\"650\" class=\"wp-block-cover__image-background wp-image-6776\" alt=\"Baner Rynku LED\" src=\"https:\/\/www.besterpcba.com\/wp-content\/uploads\/2023\/07\/led-market-banner.jpg\" data-object-fit=\"cover\" srcset=\"https:\/\/www.besterpcba.com\/wp-content\/uploads\/2023\/07\/led-market-banner.jpg 1920w, https:\/\/www.besterpcba.com\/wp-content\/uploads\/2023\/07\/led-market-banner-300x102.jpg 300w, https:\/\/www.besterpcba.com\/wp-content\/uploads\/2023\/07\/led-market-banner-1024x347.jpg 1024w, https:\/\/www.besterpcba.com\/wp-content\/uploads\/2023\/07\/led-market-banner-768x260.jpg 768w, https:\/\/www.besterpcba.com\/wp-content\/uploads\/2023\/07\/led-market-banner-1600x542.jpg 1600w, https:\/\/www.besterpcba.com\/wp-content\/uploads\/2023\/07\/led-market-banner-1536x520.jpg 1536w\" sizes=\"auto, (max-width: 1920px) 100vw, 1920px\" \/><div class=\"wp-block-cover__inner-container is-layout-flow wp-block-cover-is-layout-flow\">\n<div class=\"wp-block-group\"><div class=\"wp-block-group__inner-container is-layout-constrained wp-block-group-is-layout-constrained\"><div class=\"breadcrumbs\" typeof=\"BreadcrumbList\" vocab=\"https:\/\/schema.org\/\"><span property=\"itemListElement\" typeof=\"ListItem\"><a property=\"item\" typeof=\"WebPage\" title=\"Przejd\u017a do One Stop PCBA Manufacturer.\" href=\"https:\/\/www.besterpcba.com\/pl\" class=\"home\" aria-current=\"page\"><span property=\"name\">Kompleksowy producent PCBA<\/span><\/a><meta property=\"position\" content=\"1\"><\/span><\/div>\n\n<h1 class=\"wp-block-heading\" id=\"led\">LED<\/h1>\n\n\n<p class=\"has-text-align-left has-large-font-size\">Maj\u0105c ponad 10 lat do\u015bwiadczenia w produkcji PCB, obs\u0142u\u017cyli\u015bmy setki tysi\u0119cy projekt\u00f3w PCB i obj\u0119li\u015bmy prawie wszystkie rodzaje materia\u0142\u00f3w pod\u0142o\u017ca, w tym FR4, aluminium, Rogers itp.&nbsp;<\/p>\n\n\n\n<div class='base_cover_button_wrapper'><p class=\"base_header_button\"><a href=\"https:\/\/www.besterpcba.com\/pl\/kontakt\/\" data-type=\"page\" data-id=\"1358\">Bezp\u0142atna wycena<\/a><\/p><\/div>\n<\/div><\/div>\n<\/div><\/div>\n\n\n\n<div class=\"wp-block-cover alignfull base_cover_bg wp-duotone-unset-1\"><span aria-hidden=\"true\" class=\"wp-block-cover__background has-contrast-background-color has-background-dim-0 has-background-dim\"><\/span><div class=\"wp-block-cover__inner-container is-layout-flow wp-block-cover-is-layout-flow\">\n<div class=\"wp-block-group alignfull base_txt_img base_txt_img_r base_txt_img_large\"><div class=\"wp-block-group__inner-container is-layout-constrained wp-block-group-is-layout-constrained\">\n<div class=\"wp-block-group\"><div class=\"wp-block-group__inner-container is-layout-constrained wp-block-group-is-layout-constrained\">\n<figure class=\"wp-block-image size-full\"><img loading=\"lazy\" decoding=\"async\" width=\"1200\" height=\"900\" src=\"https:\/\/www.besterpcba.com\/wp-content\/uploads\/2023\/07\/Untitled-design-23.jpg\" alt=\"Projekt bez tytu\u0142u (23)\" class=\"wp-image-6904\" srcset=\"https:\/\/www.besterpcba.com\/wp-content\/uploads\/2023\/07\/Untitled-design-23.jpg 1200w, https:\/\/www.besterpcba.com\/wp-content\/uploads\/2023\/07\/Untitled-design-23-300x225.jpg 300w, https:\/\/www.besterpcba.com\/wp-content\/uploads\/2023\/07\/Untitled-design-23-1024x768.jpg 1024w, https:\/\/www.besterpcba.com\/wp-content\/uploads\/2023\/07\/Untitled-design-23-768x576.jpg 768w\" sizes=\"auto, (max-width: 1200px) 100vw, 1200px\" \/><\/figure>\n<\/div><\/div>\n\n\n\n<div class=\"wp-block-group\"><div class=\"wp-block-group__inner-container is-layout-constrained wp-block-group-is-layout-constrained\">\n<p>Bester to Twoje g\u0142\u00f3wne miejsce docelowe dla najwy\u017cszej klasy us\u0142ug PCBA dostosowanych do dynamicznie rozwijaj\u0105cego si\u0119 rynku LED. Nasza najnowocze\u015bniejsza technologia i wiedza specjalistyczna pozwalaj\u0105 nam zapewni\u0107 bezproblemow\u0105 integracj\u0119 komponent\u00f3w LED w r\u00f3\u017cnych zastosowaniach. Od system\u00f3w o\u015bwietlenia LED po wy\u015bwietlacze cyfrowe, nasze us\u0142ugi PCBA zapewniaj\u0105 nienagann\u0105 wydajno\u015b\u0107 i niezawodno\u015b\u0107. Niezale\u017cnie od tego, czy potrzebujesz wydajnej produkcji PCB, precyzyjnego projektowania PCB, czy bezproblemowego pozyskiwania komponent\u00f3w, Bester zapewni Ci wszystko. Do\u0142\u0105cz do rewolucji LED i odkryj niezliczone mo\u017cliwo\u015bci z Bester ju\u017c dzi\u015b!<\/p>\n<\/div><\/div>\n<\/div><\/div>\n\n\n\n<div class=\"wp-block-group alignfull bs_hide base_txt_img base_txt_img_l base_txt_img_large\"><div class=\"wp-block-group__inner-container is-layout-constrained wp-block-group-is-layout-constrained\">\n<div class=\"wp-block-group\"><div class=\"wp-block-group__inner-container is-layout-constrained wp-block-group-is-layout-constrained\">\n<figure class=\"wp-block-image size-full\"><img loading=\"lazy\" decoding=\"async\" width=\"1200\" height=\"900\" src=\"https:\/\/www.besterpcba.com\/wp-content\/uploads\/2023\/07\/Untitled-design-10.jpg\" alt=\"Projekt bez tytu\u0142u (10)\" class=\"wp-image-6882\" srcset=\"https:\/\/www.besterpcba.com\/wp-content\/uploads\/2023\/07\/Untitled-design-10.jpg 1200w, https:\/\/www.besterpcba.com\/wp-content\/uploads\/2023\/07\/Untitled-design-10-300x225.jpg 300w, https:\/\/www.besterpcba.com\/wp-content\/uploads\/2023\/07\/Untitled-design-10-1024x768.jpg 1024w, https:\/\/www.besterpcba.com\/wp-content\/uploads\/2023\/07\/Untitled-design-10-768x576.jpg 768w\" sizes=\"auto, (max-width: 1200px) 100vw, 1200px\" \/><\/figure>\n<\/div><\/div>\n\n\n\n<div class=\"wp-block-group\"><div class=\"wp-block-group__inner-container is-layout-constrained wp-block-group-is-layout-constrained\"><h3 class=\"wp-block-heading\" id=\"if-needed-add-more-content-here\">W razie potrzeby dodaj tutaj wi\u0119cej tre\u015bci.<\/h3>\n\n\n<p>W MOKO wykonujemy zar\u00f3wno r\u0119czny, jak i automatyczny monta\u017c przewlekany PCB zgodnie z r\u00f3\u017cnymi wymaganiami projektowymi. Og\u00f3lnie rzecz bior\u0105c, wykonujemy r\u0119czne wk\u0142adanie komponent\u00f3w i r\u0119czne lutowanie w przypadku bardzo skomplikowanych projekt\u00f3w monta\u017cowych oraz stosujemy zautomatyzowane techniki przewlekane PCB w przypadku produkcji ma\u0142oseryjnej.<\/p>\n<\/div><\/div>\n<\/div><\/div>\n<\/div><\/div>\n\n\n\n<div class=\"wp-block-group bs-slider-outer-group bs-slider-flex-full\"><div class=\"wp-block-group__inner-container is-layout-constrained wp-block-group-is-layout-constrained\"><h2 class=\"wp-block-heading\" id=\"solutions-for-led\">Rozwi\u0105zania dla LED<\/h2>\n\n\n<div class=\"wp-block-group bs-slider-group bs-slider-mk\"><div class=\"wp-block-group__inner-container is-layout-constrained wp-block-group-is-layout-constrained\">\n<div class=\"wp-block-group bs-slider-item\"><div class=\"wp-block-group__inner-container is-layout-constrained wp-block-group-is-layout-constrained\">\n<figure class=\"wp-block-image size-full\"><img loading=\"lazy\" decoding=\"async\" width=\"1200\" height=\"900\" src=\"https:\/\/www.besterpcba.com\/wp-content\/uploads\/2023\/07\/Untitled-design-18.jpg\" alt=\"Projekt bez tytu\u0142u (18)\" class=\"wp-image-6888\" srcset=\"https:\/\/www.besterpcba.com\/wp-content\/uploads\/2023\/07\/Untitled-design-18.jpg 1200w, https:\/\/www.besterpcba.com\/wp-content\/uploads\/2023\/07\/Untitled-design-18-300x225.jpg 300w, https:\/\/www.besterpcba.com\/wp-content\/uploads\/2023\/07\/Untitled-design-18-1024x768.jpg 1024w, https:\/\/www.besterpcba.com\/wp-content\/uploads\/2023\/07\/Untitled-design-18-768x576.jpg 768w\" sizes=\"auto, (max-width: 1200px) 100vw, 1200px\" \/><\/figure>\n\n\n<h4 class=\"wp-block-heading\" id=\"prototyping\">Prototypowanie<\/h4>\n\n\n<p class=\"base_rect_block_button\"><span><a href=\"https:\/\/www.besterpcba.com\/pl\/prototyp-pcb\/\">Odkryj teraz<\/a><\/span><\/p>\n<\/div><\/div>\n\n\n\n<div class=\"wp-block-group bs-slider-item\"><div class=\"wp-block-group__inner-container is-layout-constrained wp-block-group-is-layout-constrained\">\n<figure class=\"wp-block-image size-full\"><img loading=\"lazy\" decoding=\"async\" width=\"1200\" height=\"900\" src=\"https:\/\/www.besterpcba.com\/wp-content\/uploads\/2023\/07\/Untitled-design-13.jpg\" alt=\"Projekt bez tytu\u0142u (13)\" class=\"wp-image-6885\" srcset=\"https:\/\/www.besterpcba.com\/wp-content\/uploads\/2023\/07\/Untitled-design-13.jpg 1200w, https:\/\/www.besterpcba.com\/wp-content\/uploads\/2023\/07\/Untitled-design-13-300x225.jpg 300w, https:\/\/www.besterpcba.com\/wp-content\/uploads\/2023\/07\/Untitled-design-13-1024x768.jpg 1024w, https:\/\/www.besterpcba.com\/wp-content\/uploads\/2023\/07\/Untitled-design-13-768x576.jpg 768w\" sizes=\"auto, (max-width: 1200px) 100vw, 1200px\" \/><\/figure>\n\n\n<h4 class=\"wp-block-heading\" id=\"pcb-design\">Projektowanie PCB<\/h4>\n\n\n<p class=\"base_rect_block_button\"><span><a href=\"https:\/\/www.besterpcba.com\/pl\/projekt-pcb\/\">Odkryj teraz<\/a><\/span><\/p>\n<\/div><\/div>\n\n\n\n<div class=\"wp-block-group bs-slider-item\"><div class=\"wp-block-group__inner-container is-layout-constrained wp-block-group-is-layout-constrained\">\n<figure class=\"wp-block-image size-full\"><img loading=\"lazy\" decoding=\"async\" width=\"1200\" height=\"900\" src=\"https:\/\/www.besterpcba.com\/wp-content\/uploads\/2023\/07\/Untitled-design-17.jpg\" alt=\"Projekt bez tytu\u0142u (17)\" class=\"wp-image-6887\" srcset=\"https:\/\/www.besterpcba.com\/wp-content\/uploads\/2023\/07\/Untitled-design-17.jpg 1200w, https:\/\/www.besterpcba.com\/wp-content\/uploads\/2023\/07\/Untitled-design-17-300x225.jpg 300w, https:\/\/www.besterpcba.com\/wp-content\/uploads\/2023\/07\/Untitled-design-17-1024x768.jpg 1024w, https:\/\/www.besterpcba.com\/wp-content\/uploads\/2023\/07\/Untitled-design-17-768x576.jpg 768w\" sizes=\"auto, (max-width: 1200px) 100vw, 1200px\" \/><\/figure>\n\n\n<h4 class=\"wp-block-heading\" id=\"pcb-assemly\">Monta\u017c PCB<\/h4>\n\n\n<p class=\"base_rect_block_button\"><span><a href=\"https:\/\/www.besterpcba.com\/pl\/montaz-pcb\/\">Odkryj teraz<\/a><\/span><\/p>\n<\/div><\/div>\n\n\n\n<div class=\"wp-block-group bs-slider-item\"><div class=\"wp-block-group__inner-container is-layout-constrained wp-block-group-is-layout-constrained\">\n<figure class=\"wp-block-image size-full\"><img loading=\"lazy\" decoding=\"async\" width=\"1200\" height=\"900\" src=\"https:\/\/www.besterpcba.com\/wp-content\/uploads\/2023\/07\/Untitled-design-19.jpg\" alt=\"Projekt bez tytu\u0142u (19)\" class=\"wp-image-6889\" srcset=\"https:\/\/www.besterpcba.com\/wp-content\/uploads\/2023\/07\/Untitled-design-19.jpg 1200w, https:\/\/www.besterpcba.com\/wp-content\/uploads\/2023\/07\/Untitled-design-19-300x225.jpg 300w, https:\/\/www.besterpcba.com\/wp-content\/uploads\/2023\/07\/Untitled-design-19-1024x768.jpg 1024w, https:\/\/www.besterpcba.com\/wp-content\/uploads\/2023\/07\/Untitled-design-19-768x576.jpg 768w\" sizes=\"auto, (max-width: 1200px) 100vw, 1200px\" \/><\/figure>\n\n\n<h4 class=\"wp-block-heading\" id=\"testing-and-inspection\">Testowanie i kontrola<\/h4>\n\n\n<p class=\"base_rect_block_button\"><span><a href=\"https:\/\/www.besterpcba.com\/pl\/testowanie-funkcjonalne\/\">Odkryj teraz<\/a><\/span><\/p>\n<\/div><\/div>\n<\/div><\/div>\n<\/div><\/div>\n\n\n\n<div class=\"wp-block-group bs_hide bs-slider-outer-group bs-slider-flex-full\"><div class=\"wp-block-group__inner-container is-layout-constrained wp-block-group-is-layout-constrained\"><h2 class=\"wp-block-heading\" id=\"products-for-industrial\">Produkty dla przemys\u0142u<\/h2>\n\n\n<div class=\"wp-block-group bs-slider-group bs-slider-pd\"><div class=\"wp-block-group__inner-container is-layout-constrained wp-block-group-is-layout-constrained\">\n<div class=\"wp-block-group bs-slider-item\"><div class=\"wp-block-group__inner-container is-layout-constrained wp-block-group-is-layout-constrained\">\n<figure class=\"wp-block-image size-large\"><img loading=\"lazy\" decoding=\"async\" width=\"1024\" height=\"768\" src=\"https:\/\/www.besterpcba.com\/wp-content\/uploads\/2023\/07\/Untitled-design-12-1024x768.jpg\" alt=\"Projekt bez tytu\u0142u (12)\" class=\"wp-image-6895\" srcset=\"https:\/\/www.besterpcba.com\/wp-content\/uploads\/2023\/07\/Untitled-design-12-1024x768.jpg 1024w, https:\/\/www.besterpcba.com\/wp-content\/uploads\/2023\/07\/Untitled-design-12-300x225.jpg 300w, https:\/\/www.besterpcba.com\/wp-content\/uploads\/2023\/07\/Untitled-design-12-768x576.jpg 768w, https:\/\/www.besterpcba.com\/wp-content\/uploads\/2023\/07\/Untitled-design-12.jpg 1200w\" sizes=\"auto, (max-width: 1024px) 100vw, 1024px\" \/><\/figure>\n\n\n<h4 class=\"wp-block-heading\" id=\"bike-light\">\u015awiat\u0142o rowerowe<\/h4>\n\n\n<p>ssasdffasffafd<\/p>\n<\/div><\/div>\n\n\n\n<div class=\"wp-block-group bs-slider-item\"><div class=\"wp-block-group__inner-container is-layout-constrained wp-block-group-is-layout-constrained\">\n<figure class=\"wp-block-image size-large\"><img loading=\"lazy\" decoding=\"async\" width=\"1024\" height=\"768\" src=\"https:\/\/www.besterpcba.com\/wp-content\/uploads\/2023\/07\/Untitled-design-21-1024x768.jpg\" alt=\"Projekt bez tytu\u0142u (21)\" class=\"wp-image-6893\" srcset=\"https:\/\/www.besterpcba.com\/wp-content\/uploads\/2023\/07\/Untitled-design-21-1024x768.jpg 1024w, https:\/\/www.besterpcba.com\/wp-content\/uploads\/2023\/07\/Untitled-design-21-300x225.jpg 300w, https:\/\/www.besterpcba.com\/wp-content\/uploads\/2023\/07\/Untitled-design-21-768x576.jpg 768w, https:\/\/www.besterpcba.com\/wp-content\/uploads\/2023\/07\/Untitled-design-21.jpg 1200w\" sizes=\"auto, (max-width: 1024px) 100vw, 1024px\" \/><\/figure>\n\n\n<h4 class=\"wp-block-heading\" id=\"motion-sensor\">Czujnik ruchu<\/h4>\n\n\n<p>ssasdffasffafd<\/p>\n<\/div><\/div>\n\n\n\n<div class=\"wp-block-group bs-slider-item\"><div class=\"wp-block-group__inner-container is-layout-constrained wp-block-group-is-layout-constrained\">\n<figure class=\"wp-block-image size-large\"><img loading=\"lazy\" decoding=\"async\" width=\"1024\" height=\"768\" src=\"https:\/\/www.besterpcba.com\/wp-content\/uploads\/2023\/07\/Untitled-design-20-1024x768.jpg\" alt=\"Projekt bez tytu\u0142u (20)\" class=\"wp-image-6892\" srcset=\"https:\/\/www.besterpcba.com\/wp-content\/uploads\/2023\/07\/Untitled-design-20-1024x768.jpg 1024w, https:\/\/www.besterpcba.com\/wp-content\/uploads\/2023\/07\/Untitled-design-20-300x225.jpg 300w, https:\/\/www.besterpcba.com\/wp-content\/uploads\/2023\/07\/Untitled-design-20-768x576.jpg 768w, https:\/\/www.besterpcba.com\/wp-content\/uploads\/2023\/07\/Untitled-design-20.jpg 1200w\" sizes=\"auto, (max-width: 1024px) 100vw, 1024px\" \/><\/figure>\n\n\n<h4 class=\"wp-block-heading\" id=\"led-light\">\u015awiat\u0142o LED<\/h4>\n\n\n<p>ssasdffasffafd<\/p>\n<\/div><\/div>\n<\/div><\/div>\n<\/div><\/div>\n\n\n\n<div class=\"wp-block-cover alignfull base_cap base_cap_overlay\"><span aria-hidden=\"true\" class=\"wp-block-cover__background has-contrast-3-background-color has-background-dim-0 has-background-dim\"><\/span><img loading=\"lazy\" decoding=\"async\" width=\"1920\" height=\"1280\" class=\"wp-block-cover__image-background wp-image-2888\" alt=\"\" src=\"https:\/\/www.besterpcba.com\/wp-content\/uploads\/2021\/09\/XP6A4576.jpg\" data-object-fit=\"cover\" srcset=\"https:\/\/www.besterpcba.com\/wp-content\/uploads\/2021\/09\/XP6A4576.jpg 1920w, https:\/\/www.besterpcba.com\/wp-content\/uploads\/2021\/09\/XP6A4576-300x200.jpg 300w, https:\/\/www.besterpcba.com\/wp-content\/uploads\/2021\/09\/XP6A4576-1024x683.jpg 1024w, https:\/\/www.besterpcba.com\/wp-content\/uploads\/2021\/09\/XP6A4576-768x512.jpg 768w, https:\/\/www.besterpcba.com\/wp-content\/uploads\/2021\/09\/XP6A4576-1600x1067.jpg 1600w, https:\/\/www.besterpcba.com\/wp-content\/uploads\/2021\/09\/XP6A4576-1536x1024.jpg 1536w\" sizes=\"auto, (max-width: 1920px) 100vw, 1920px\" \/><div class=\"wp-block-cover__inner-container is-layout-flow wp-block-cover-is-layout-flow\">\n<div class=\"wp-block-group base_cap_inner base_cap_inner_1\"><div class=\"wp-block-group__inner-container is-layout-constrained wp-block-group-is-layout-constrained\"><h2 class=\"wp-block-heading\" id=\"electronics-manufacturing-capabilities-at-bester\">Mo\u017cliwo\u015bci produkcyjne elektroniki w Bester<\/h2>\n\n\n<div class='base_cap_button_wrapper'><p class=\"base_cap_button\"><a href=\"https:\/\/www.besterpcba.com\/pl\/kontakt\/\" data-type=\"page\" data-id=\"1358\">Uzyskaj wycen\u0119<\/a><\/p><\/div>\n<\/div><\/div>\n\n\n\n<div class=\"wp-block-group base_cap_inner base_cap_inner_2\"><div class=\"wp-block-group__inner-container is-layout-constrained wp-block-group-is-layout-constrained\"><h3 class=\"wp-block-heading\" id=\"manufacturing-capabilities\">Mo\u017cliwo\u015bci produkcyjne<\/h3>\n\n\n<ul class=\"wp-block-list\">\n<li>Kontrola komponent\u00f3w ESD 100%<\/li>\n\n\n\n<li>4 linie SMT<\/li>\n\n\n\n<li>2 linie DIP<\/li>\n\n\n\n<li>20 Automatyczne lutowanie robotyczne<\/li>\n\n\n\n<li>Obr\u00f3bka CNC<\/li>\n\n\n\n<li>Automatyczne powlekanie konforemne<\/li>\n\n\n\n<li>Formowanie wtryskowe<\/li>\n\n\n\n<li>Druk 3D<\/li>\n<\/ul>\n<\/div><\/div>\n\n\n\n<div class=\"wp-block-group base_cap_inner base_cap_inner_3\"><div class=\"wp-block-group__inner-container is-layout-constrained wp-block-group-is-layout-constrained\"><h3 class=\"wp-block-heading\" id=\"certifications\">Certyfikaty<\/h3>\n\n\n<ul class=\"wp-block-list\">\n<li>ISO 9001<\/li>\n\n\n\n<li>UL<\/li>\n\n\n\n<li>SGS<\/li>\n\n\n\n<li>IPC<\/li>\n\n\n\n<li>RoHS<\/li>\n\n\n\n<li>CE<\/li>\n\n\n\n<li>FCC<\/li>\n\n\n\n<li>SRDI<\/li>\n\n\n\n<li>HNTE<\/li>\n<\/ul>\n<\/div><\/div>\n<\/div><\/div>\n\n\n\n<div class = \"bs_logos_outer_group\">\r\n  <div class = \"bs_logos_outer_group_inner\">\r\n    <div class = 'base_why_us_same_header'>\r\n        <h2>Klienci i Certyfikaty<\/h2>\r\n    <\/div>\r\n    <div class=\"bs_logos\">\r\n      <div class=\"bs_logos_slide\">\r\n        <img decoding=\"async\" src=\"https:\/\/www.besterpcba.com\/wp-content\/uploads\/2021\/10\/UL-RED.png\" \/>\r\n        <img decoding=\"async\" src=\"https:\/\/www.besterpcba.com\/wp-content\/uploads\/2021\/10\/logo-ipc-2.png\" \/>\r\n        <img decoding=\"async\" src=\"https:\/\/www.besterpcba.com\/wp-content\/uploads\/2021\/10\/rohs-green.png\" \/>\r\n      <\/div>\r\n    <\/div>\r\n  <\/div>\r\n<\/div>\r\n\r\n<script>\r\n  var copy = document.querySelector(\".bs_logos_slide\").cloneNode(true);\r\n  document.querySelector(\".bs_logos\").appendChild(copy);\r\n<\/script>\n\n\n\n<div class=\"wp-block-cover alignfull is-light base_why_us base_why_us_2 light_cover why_us_inner_indi_border fill_svg_color_blue\"><span aria-hidden=\"true\" class=\"wp-block-cover__background has-background-dim-0 has-background-dim\"><\/span><div class=\"wp-block-cover__inner-container is-layout-flow wp-block-cover-is-layout-flow\">\n<div class=\"wp-block-group base_why_us_inner base_why_us_inner_100\"><div class=\"wp-block-group__inner-container is-layout-constrained wp-block-group-is-layout-constrained\"><h2 class=\"wp-block-heading\" id=\"why-choose-bester\">Dlaczego warto wybra\u0107 Bester<\/h2><\/div><\/div>\n\n\n\n<div class=\"wp-block-group base_why_us_inner_indi\"><div class=\"wp-block-group__inner-container is-layout-constrained wp-block-group-is-layout-constrained\">\n<div class=\"wp-block-group base_why_us_inner_indi_icon base_why_us_inner_indi_icon_top_left\"><div class=\"wp-block-group__inner-container is-layout-constrained wp-block-group-is-layout-constrained\">\n<figure class=\"wp-block-image size-full\"><img decoding=\"async\" src=\"https:\/\/www.besterpcba.com\/wp-content\/uploads\/2023\/06\/industrial-robot-industry-svgrepo-com.svg\" alt=\"Industrial Robot Industry Svgrepo Com\" class=\"wp-image-5750\"\/><\/figure>\n\n\n<h3 class=\"wp-block-heading\" id=\"strong-assembly-capacities\">Du\u017ce mo\u017cliwo\u015bci monta\u017cowe<\/h3><\/div><\/div>\n\n\n\n<p>Nasz proces monta\u017cu SMT \u015bci\u015ble przestrzega wysokich standard\u00f3w i jest zgodny z ISO9001, IPC i UL. Stosujemy kilka metod testowania i kontroli, aby zagwarantowa\u0107 wysok\u0105 jako\u015b\u0107 ka\u017cdego PCBA, w tym AOI, testowanie rentgenowskie, testowanie funkcjonalne itp.<\/p>\n<\/div><\/div>\n\n\n\n<div class=\"wp-block-group base_why_us_inner_indi\"><div class=\"wp-block-group__inner-container is-layout-constrained wp-block-group-is-layout-constrained\">\n<div class=\"wp-block-group base_why_us_inner_indi_icon base_why_us_inner_indi_icon_top_left\"><div class=\"wp-block-group__inner-container is-layout-constrained wp-block-group-is-layout-constrained\">\n<figure class=\"wp-block-image size-full\"><img decoding=\"async\" src=\"https:\/\/www.besterpcba.com\/wp-content\/uploads\/2023\/06\/worker-svgrepo-com.svg\" alt=\"Worker Svgrepo Com\" class=\"wp-image-5748\"\/><\/figure>\n\n\n<h3 class=\"wp-block-heading\" id=\"quality-assurance\">Zapewnienie jako\u015bci<\/h3><\/div><\/div>\n\n\n\n<p>Nasz proces monta\u017cu SMT \u015bci\u015ble przestrzega wysokich standard\u00f3w i jest zgodny z ISO9001, IPC i UL. Stosujemy kilka metod testowania i kontroli, aby zagwarantowa\u0107 wysok\u0105 jako\u015b\u0107 ka\u017cdego PCBA, w tym AOI, testowanie rentgenowskie, testowanie funkcjonalne itp.<\/p>\n<\/div><\/div>\n\n\n\n<div class=\"wp-block-group base_why_us_inner_indi\"><div class=\"wp-block-group__inner-container is-layout-constrained wp-block-group-is-layout-constrained\">\n<div class=\"wp-block-group base_why_us_inner_indi_icon base_why_us_inner_indi_icon_top_left\"><div class=\"wp-block-group__inner-container is-layout-constrained wp-block-group-is-layout-constrained\">\n<figure class=\"wp-block-image size-full\"><img decoding=\"async\" src=\"https:\/\/www.besterpcba.com\/wp-content\/uploads\/2023\/06\/blueprint-svgrepo-com.svg\" alt=\"Blueprint Svgrepo Com\" class=\"wp-image-5752\"\/><\/figure>\n\n\n<h3 class=\"wp-block-heading\" id=\"onestop-service\">Kompleksowa obs\u0142uga<\/h3><\/div><\/div>\n\n\n\n<p>Nasz proces monta\u017cu SMT \u015bci\u015ble przestrzega wysokich standard\u00f3w i jest zgodny z ISO9001, IPC i UL. Stosujemy kilka metod testowania i kontroli, aby zagwarantowa\u0107 wysok\u0105 jako\u015b\u0107 ka\u017cdego PCBA, w tym AOI, testowanie rentgenowskie, testowanie funkcjonalne itp.<\/p>\n<\/div><\/div>\n\n\n\n<div class=\"wp-block-group base_why_us_inner_indi\"><div class=\"wp-block-group__inner-container is-layout-constrained wp-block-group-is-layout-constrained\">\n<div class=\"wp-block-group base_why_us_inner_indi_icon base_why_us_inner_indi_icon_top_left\"><div class=\"wp-block-group__inner-container is-layout-constrained wp-block-group-is-layout-constrained\">\n<figure class=\"wp-block-image size-full\"><img decoding=\"async\" src=\"https:\/\/www.besterpcba.com\/wp-content\/uploads\/2023\/06\/pushcart-svgrepo-com.svg\" alt=\"Pushcart Svgrepo Com\" class=\"wp-image-5746\"\/><\/figure>\n\n\n<h3 class=\"wp-block-heading\" id=\"fast-turnaround\">Szybki czas realizacji<\/h3><\/div><\/div>\n\n\n\n<p>Nasz proces monta\u017cu SMT \u015bci\u015ble przestrzega wysokich standard\u00f3w i jest zgodny z ISO9001, IPC i UL. Stosujemy kilka metod testowania i kontroli, aby zagwarantowa\u0107 wysok\u0105 jako\u015b\u0107 ka\u017cdego PCBA, w tym AOI, testowanie rentgenowskie, testowanie funkcjonalne itp.<\/p>\n<\/div><\/div>\n<\/div><\/div>\n\n\n\n<div class=\"wp-block-cover alignfull is-light base_footer\"><span aria-hidden=\"true\" class=\"wp-block-cover__background has-background-dim-0 has-background-dim\"><\/span><img loading=\"lazy\" decoding=\"async\" width=\"3226\" height=\"1400\" class=\"wp-block-cover__image-background wp-image-5726\" alt=\"5d10fb377791dacec4062c61 Bg Mid\" src=\"https:\/\/www.besterpcba.com\/wp-content\/uploads\/2023\/06\/5d10fb377791dacec4062c61_bg-mid.png\" data-object-fit=\"cover\" srcset=\"https:\/\/www.besterpcba.com\/wp-content\/uploads\/2023\/06\/5d10fb377791dacec4062c61_bg-mid.png 3226w, https:\/\/www.besterpcba.com\/wp-content\/uploads\/2023\/06\/5d10fb377791dacec4062c61_bg-mid-300x130.png 300w, https:\/\/www.besterpcba.com\/wp-content\/uploads\/2023\/06\/5d10fb377791dacec4062c61_bg-mid-1024x444.png 1024w, https:\/\/www.besterpcba.com\/wp-content\/uploads\/2023\/06\/5d10fb377791dacec4062c61_bg-mid-768x333.png 768w, https:\/\/www.besterpcba.com\/wp-content\/uploads\/2023\/06\/5d10fb377791dacec4062c61_bg-mid-1600x694.png 1600w, https:\/\/www.besterpcba.com\/wp-content\/uploads\/2023\/06\/5d10fb377791dacec4062c61_bg-mid-1536x667.png 1536w, https:\/\/www.besterpcba.com\/wp-content\/uploads\/2023\/06\/5d10fb377791dacec4062c61_bg-mid-2048x889.png 2048w\" sizes=\"auto, (max-width: 3226px) 100vw, 3226px\" \/><div class=\"wp-block-cover__inner-container is-layout-flow wp-block-cover-is-layout-flow\">\n<p class=\"has-text-align-center has-large-font-size\">Gotowy, aby rozpocz\u0105\u0107 swoje projekty monta\u017cu PCB?<\/p>\n\n\n\n<div class='base_cover_button_wrapper'><p class=\"base_cover_button\"><a href=\"https:\/\/www.besterpcba.com\/pl\/kontakt\/\" data-type=\"page\" data-id=\"1358\">Skontaktuj si\u0119 z nami<\/a><\/p><\/div>\n<\/div><\/div>","protected":false},"excerpt":{"rendered":"<p>Kompleksowy producent PCBA<\/p>\n<p>LED<\/p>\n<p>Maj\u0105c ponad 10 lat do\u015bwiadczenia w produkcji PCB, obs\u0142u\u017cyli\u015bmy setki tysi\u0119cy projekt\u00f3w PCB i obj\u0119li\u015bmy prawie wszystkie rodzaje materia\u0142\u00f3w pod\u0142o\u017ca, w tym FR4, aluminium, Rogers itp.&nbsp;<\/p>","protected":false},"author":1,"featured_media":0,"parent":0,"menu_order":0,"comment_status":"closed","ping_status":"closed","template":"","meta":{"article_term":"","article_term_alternate":"","article_term_def":"","article_hook":"","auto_links":"","article_topic":"","article_fact_check":"","mt_social_share":"","mt_content_meta":"","mt_glossary_display":"","glossary_heading":"","glossary":"","glossary_alter":"","glossary_def":"","article_task":"","footnotes":""},"class_list":["post-6773","page","type-page","status-publish"],"_links":{"self":[{"href":"https:\/\/www.besterpcba.com\/pl\/wp-json\/wp\/v2\/pages\/6773","targetHints":{"allow":["GET"]}}],"collection":[{"href":"https:\/\/www.besterpcba.com\/pl\/wp-json\/wp\/v2\/pages"}],"about":[{"href":"https:\/\/www.besterpcba.com\/pl\/wp-json\/wp\/v2\/types\/page"}],"author":[{"embeddable":true,"href":"https:\/\/www.besterpcba.com\/pl\/wp-json\/wp\/v2\/users\/1"}],"replies":[{"embeddable":true,"href":"https:\/\/www.besterpcba.com\/pl\/wp-json\/wp\/v2\/comments?post=6773"}],"version-history":[{"count":8,"href":"https:\/\/www.besterpcba.com\/pl\/wp-json\/wp\/v2\/pages\/6773\/revisions"}],"predecessor-version":[{"id":10742,"href":"https:\/\/www.besterpcba.com\/pl\/wp-json\/wp\/v2\/pages\/6773\/revisions\/10742"}],"wp:attachment":[{"href":"https:\/\/www.besterpcba.com\/pl\/wp-json\/wp\/v2\/media?parent=6773"}],"curies":[{"name":"wp","href":"https:\/\/api.w.org\/{rel}","templated":true}]}}