{"id":7217,"date":"2023-07-28T07:22:49","date_gmt":"2023-07-28T07:22:49","guid":{"rendered":"https:\/\/www.besterpcba.com\/?page_id=7217"},"modified":"2023-08-08T02:11:36","modified_gmt":"2023-08-08T02:11:36","slug":"smt-stencil","status":"publish","type":"page","link":"https:\/\/www.besterpcba.com\/pl\/szablon-smt\/","title":{"rendered":"Szablon SMT"},"content":{"rendered":"<div class=\"wp-block-cover alignfull base_cover base_cover_overlay_grad\"><span aria-hidden=\"true\" class=\"wp-block-cover__background has-background-dim-0 has-background-dim\"><\/span><img decoding=\"async\" loading=\"lazy\" width=\"1920\" height=\"768\" class=\"wp-block-cover__image-background wp-image-5170\" alt=\"Baner na czapce\" src=\"https:\/\/www.besterpcba.com\/wp-content\/uploads\/2023\/06\/cap-banner.jpg\" data-object-fit=\"cover\" srcset=\"https:\/\/www.besterpcba.com\/wp-content\/uploads\/2023\/06\/cap-banner.jpg 1920w, https:\/\/www.besterpcba.com\/wp-content\/uploads\/2023\/06\/cap-banner-300x120.jpg 300w, https:\/\/www.besterpcba.com\/wp-content\/uploads\/2023\/06\/cap-banner-1024x410.jpg 1024w, https:\/\/www.besterpcba.com\/wp-content\/uploads\/2023\/06\/cap-banner-768x307.jpg 768w, https:\/\/www.besterpcba.com\/wp-content\/uploads\/2023\/06\/cap-banner-1600x640.jpg 1600w, https:\/\/www.besterpcba.com\/wp-content\/uploads\/2023\/06\/cap-banner-1536x614.jpg 1536w\" sizes=\"(max-width: 1920px) 100vw, 1920px\" \/><div class=\"wp-block-cover__inner-container\">\n<div class=\"wp-block-group is-layout-constrained\"><div class=\"wp-block-group__inner-container\"><div class=\"breadcrumbs\" typeof=\"BreadcrumbList\" vocab=\"https:\/\/schema.org\/\"><span property=\"itemListElement\" typeof=\"ListItem\"><a property=\"item\" typeof=\"WebPage\" title=\"Przejd\u017a do One Stop PCBA Manufacturer.\" href=\"https:\/\/www.besterpcba.com\/pl\" class=\"home\" aria-current=\"page\"><span property=\"name\">Kompleksowy producent PCBA<\/span><\/a><meta property=\"position\" content=\"1\"><\/span><\/div>\n\n<h1 class=\"wp-block-heading\" id=\"smt-stencil\">Szablon SMT<\/h1>\n\n\n<p>Precyzja, wydajno\u015b\u0107 i niezawodno\u015b\u0107<\/p>\n\n\n\n<div class='base_cover_button_wrapper'><p class=\"base_header_button\"><a href=\"https:\/\/www.besterpcba.com\/pl\/kontakt\/\" data-type=\"page\" data-id=\"1358\">Bezp\u0142atna wycena<\/a><\/p><\/div>\n<\/div><\/div>\n<\/div><\/div>\n\n\n\n<div class=\"wp-duotone-unset-5 wp-block-cover alignfull base_cover_bg\"><span aria-hidden=\"true\" class=\"wp-block-cover__background has-contrast-background-color has-background-dim-0 has-background-dim\"><\/span><div class=\"wp-block-cover__inner-container\"><h2 class=\"wp-block-heading has-text-align-center bs_hide has-large-font-size\" id=\"why-work-with-us-for-smt-assembly\">Dlaczego warto z nami wsp\u00f3\u0142pracowa\u0107 przy monta\u017cu SMT?<\/h2>\n\n\n<div class=\"wp-block-group alignfull base_txt_img base_txt_img_r base_txt_img_large is-layout-constrained\"><div class=\"wp-block-group__inner-container\">\n<div class=\"wp-block-group is-layout-constrained\"><div class=\"wp-block-group__inner-container\">\n<figure class=\"wp-block-image size-large\"><img decoding=\"async\" loading=\"lazy\" width=\"1024\" height=\"768\" src=\"https:\/\/www.besterpcba.com\/wp-content\/uploads\/2023\/07\/smt-stencil-1024x768.jpg\" alt=\"Smt Stencil\" class=\"wp-image-7218\" srcset=\"https:\/\/www.besterpcba.com\/wp-content\/uploads\/2023\/07\/smt-stencil-1024x768.jpg 1024w, https:\/\/www.besterpcba.com\/wp-content\/uploads\/2023\/07\/smt-stencil-300x225.jpg 300w, https:\/\/www.besterpcba.com\/wp-content\/uploads\/2023\/07\/smt-stencil-768x576.jpg 768w, https:\/\/www.besterpcba.com\/wp-content\/uploads\/2023\/07\/smt-stencil.jpg 1200w\" sizes=\"(max-width: 1024px) 100vw, 1024px\" \/><\/figure>\n<\/div><\/div>\n\n\n\n<div class=\"wp-block-group is-layout-constrained\"><div class=\"wp-block-group__inner-container\"><h2 class=\"wp-block-heading\" id=\"smt-stencil\">Szablon SMT<\/h2>\n\n\n<p>W Bester jeste\u015bmy dumni z oferowania kompleksowej gamy us\u0142ug, kt\u00f3re spe\u0142niaj\u0105 wszystkie Twoje potrzeby w zakresie monta\u017cu p\u0142ytek drukowanych (PCBA). Jedn\u0105 z naszych specjalistycznych us\u0142ug jest SMT Stencil, kluczowy krok w procesie PCBA. SMT Stencil, znany r\u00f3wnie\u017c jako szablon pasty lutowniczej, to cienka blacha z precyzyjnymi otworami, kt\u00f3ra s\u0142u\u017cy do nak\u0142adania pasty lutowniczej na PCB przed umieszczeniem komponent\u00f3w. Szablon ten odgrywa kluczow\u0105 rol\u0119 w zapewnieniu dok\u0142adnego i sp\u00f3jnego nak\u0142adania pasty lutowniczej, minimalizuj\u0105c wady i poprawiaj\u0105c og\u00f3ln\u0105 jako\u015b\u0107 po\u0142\u0105cze\u0144 lutowanych. Dzi\u0119ki zastosowaniu zaawansowanych technik i najnowocze\u015bniejszego sprz\u0119tu jeste\u015bmy w stanie dostarczy\u0107 wysokiej jako\u015bci szablony SMT, kt\u00f3re idealnie pasuj\u0105 do specyfikacji projektu PCB. Nasz do\u015bwiadczony zesp\u00f3\u0142 skrupulatnie analizuje uk\u0142ad PCB, bior\u0105c pod uwag\u0119 czynniki takie jak rozmieszczenie komponent\u00f3w i wymagania dotycz\u0105ce pasty lutowniczej, aby tworzy\u0107 szablony, kt\u00f3re gwarantuj\u0105 precyzyjne i niezawodne nak\u0142adanie pasty lutowniczej. Dzi\u0119ki us\u0142udze SMT Stencil firmy Bester mo\u017cesz oczekiwa\u0107 wyj\u0105tkowych rezultat\u00f3w i zwi\u0119kszonej wydajno\u015bci monta\u017cu PCB, co ostatecznie prowadzi do doskona\u0142ej wydajno\u015bci produktu.<\/p>\n<\/div><\/div>\n<\/div><\/div>\n<\/div><\/div>\n\n\n\n<div class=\"wp-block-cover alignfull base_cover_list_side_img base_cover_list base_cover_overlay dark_cover base_cap_overlay_greenblue\"><span aria-hidden=\"true\" class=\"wp-block-cover__background has-background-dim-0 has-background-dim\"><\/span><img decoding=\"async\" loading=\"lazy\" width=\"1920\" height=\"600\" class=\"wp-block-cover__image-background wp-image-2057\" alt=\"\" src=\"https:\/\/www.besterpcba.com\/wp-content\/uploads\/2021\/09\/\u672a\u6807\u9898-1_0004_\u56fe\u5c42-18.jpg\" data-object-fit=\"cover\" srcset=\"https:\/\/www.besterpcba.com\/wp-content\/uploads\/2021\/09\/\u672a\u6807\u9898-1_0004_\u56fe\u5c42-18.jpg 1920w, https:\/\/www.besterpcba.com\/wp-content\/uploads\/2021\/09\/\u672a\u6807\u9898-1_0004_\u56fe\u5c42-18-300x94.jpg 300w, https:\/\/www.besterpcba.com\/wp-content\/uploads\/2021\/09\/\u672a\u6807\u9898-1_0004_\u56fe\u5c42-18-1024x320.jpg 1024w, https:\/\/www.besterpcba.com\/wp-content\/uploads\/2021\/09\/\u672a\u6807\u9898-1_0004_\u56fe\u5c42-18-768x240.jpg 768w, https:\/\/www.besterpcba.com\/wp-content\/uploads\/2021\/09\/\u672a\u6807\u9898-1_0004_\u56fe\u5c42-18-1600x500.jpg 1600w, https:\/\/www.besterpcba.com\/wp-content\/uploads\/2021\/09\/\u672a\u6807\u9898-1_0004_\u56fe\u5c42-18-1536x480.jpg 1536w\" sizes=\"(max-width: 1920px) 100vw, 1920px\" \/><div class=\"wp-block-cover__inner-container\"><h2 class=\"wp-block-heading has-text-align-center has-large-font-size\" id=\"pcba-capabilities\">Mo\u017cliwo\u015bci PCBA<\/h2>\n\n\n<div class=\"wp-block-group is-layout-constrained\"><div class=\"wp-block-group__inner-container\">\n<dl class=\"cap_dl_col_2\">\n<dt>Rodzaje monta\u017cu<\/dt>\n<dd>\nTHD (urz\u0105dzenie przewlekane)<br>SMT (technologia monta\u017cu powierzchniowego)<br>Mieszanka SMT i THD<br>Dwustronny monta\u017c SMT i THD\n<\/dd>\n <dt>Rodzaje PCB<\/dt>\n<dd>\nSztywne, elastyczne, sztywno-elastyczne PCB, MC PCB, ceramiczne PCB, Rogers PCB\n<\/dd>\n <dt>Wymiary p\u0142ytki<\/dt>\n<dd>\nNajmniejszy rozmiar: 0,2\u2033 x 0,2\u2033<br>Najwi\u0119kszy rozmiar: 15\u2033 x 20\u2033Bia\u0142y, \u017b\u00f3\u0142ty, Czarny (Zapytaj o wi\u0119cej opcji)\n<\/dd>\n <dt>Kszta\u0142t p\u0142ytki<\/dt>\n<dd>Prostok\u0105tny<br>Okr\u0105g\u0142y<br>Szczeliny i wyci\u0119cia<br>Z\u0142o\u017cone i nieregularne\n<\/dd>\n <dt>Typ p\u0142ytki<\/dt>\n<dd>Sztywne FR-4<br>P\u0142ytki sztywno-elastyczne\n<\/dd>\n<dt>Format pliku projektu<\/dt>\n<dd>Gerber RS-274X<br>BOM (Bill of Materials) (.xls, .csv, .xlsx)<br>Centroid (Pick-N-Place\/Plik XY)\n<\/dd>\n <dt>Proces monta\u017cu<\/dt>\n<dd>Proces o\u0142owiowy<br>Bezo\u0142owiowy (RoHS)\n<\/dd>\n <dt>Komponenty<\/dt>\n<dd>Elementy pasywne, najmniejszy rozmiar 0201<br>Drobny raster do 8 Mils<br>BGA, uBGA, QFN, POP i uk\u0142ady bez wyprowadze\u0144<br>Z\u0142\u0105cza i zaciski\n<\/dd>\n <dt>Pakiet komponent\u00f3w<\/dt>\n<dd>Szpule<br>Ci\u0119ta ta\u015bma<br>Tuby i tacki<br>Lu\u017ane cz\u0119\u015bci i luzem\n<\/dd>\n <dt>Pozyskiwanie cz\u0119\u015bci<\/dt>\n<dd>Pe\u0142ny \"pod klucz\", cz\u0119\u015bciowy \"pod klucz\", powierzony\/kompletowany\n<\/dd>\n <dt>Rozmiar komponentu<\/dt>\n<dd>Najmniejsze komponenty, Micro BGA, monta\u017c cz\u0119\u015bci o drobnym rastrze\n<\/dd>\n <dt>Szablony<\/dt>\n<dd>Nanopow\u0142oka, stal nierdzewna ci\u0119ta laserowo\n<\/dd>\n <dt>Lutowanie<\/dt>\n<dd>Lutowanie rozp\u0142ywowe, lutowanie na fali\n<\/dd>\n <dt>Metoda testowania<\/dt>\n<dd>AOI (Automatyczna inspekcja optyczna)<br>Kontrola wizualna<br>Kontrola rentgenowska<br>Testowanie sond\u0105 lataj\u0105c\u0105<br>Testowanie ICT<br>Testowanie funkcjonalne\n<\/dd>\n <dt>Naprawa i przer\u00f3bki<\/dt>\n<dd>Wymiana Ball Grid Array, przer\u00f3bki IR\n<\/dd>\n <dt>Czas realizacji<\/dt>\n<dd>1-5 dni tylko dla monta\u017cu PCB<br>10-16 dni dla monta\u017cu PCB \"pod klucz\"\n<\/dd>\n <dt>Zdolno\u015b\u0107 produkcyjna<\/dt>\n<dd>4 linie SMT, 2 linie produkcyjne DIP, 20 automatycznych linii lutowania robotycznego\n<\/dd>\n<\/dl>\n<\/div><\/div>\n<\/div><\/div>\n\n\n\n<div class=\"wp-block-cover alignfull is-light base_why_us base_why_us_2 light_cover why_us_inner_indi_border fill_svg_color_blue\"><span aria-hidden=\"true\" class=\"wp-block-cover__background has-background-dim-0 has-background-dim\"><\/span><div class=\"wp-block-cover__inner-container\">\n<div class=\"wp-block-group base_why_us_inner base_why_us_inner_100 is-layout-constrained\"><div class=\"wp-block-group__inner-container\">\n<h2 class=\"wp-block-heading\">Dlaczego warto wybra\u0107 Bester<\/h2>\n<\/div><\/div>\n\n\n\n<div class=\"wp-block-group base_why_us_inner_indi is-layout-constrained\"><div class=\"wp-block-group__inner-container\">\n<div class=\"wp-block-group base_why_us_inner_indi_icon base_why_us_inner_indi_icon_top_left is-layout-constrained\"><div class=\"wp-block-group__inner-container\">\n<figure class=\"wp-block-image size-full\"><img decoding=\"async\" src=\"https:\/\/www.besterpcba.com\/wp-content\/uploads\/2023\/06\/industrial-robot-industry-svgrepo-com.svg\" alt=\"Industrial Robot Industry Svgrepo Com\" class=\"wp-image-5750\"\/><\/figure>\n\n\n\n<h3 class=\"wp-block-heading\">Du\u017ce mo\u017cliwo\u015bci monta\u017cowe<\/h3>\n<\/div><\/div>\n\n\n\n<p>Dzi\u0119ki najnowocze\u015bniejszym obiektom i wysoko wykwalifikowanemu zespo\u0142owi jeste\u015bmy w stanie obs\u0142u\u017cy\u0107 nawet najbardziej z\u0142o\u017cone projekty monta\u017cu PCB, zapewniaj\u0105c wydajn\u0105 i dok\u0142adn\u0105 produkcj\u0119 Twoich produkt\u00f3w.<\/p>\n<\/div><\/div>\n\n\n\n<div class=\"wp-block-group base_why_us_inner_indi is-layout-constrained\"><div class=\"wp-block-group__inner-container\">\n<div class=\"wp-block-group base_why_us_inner_indi_icon base_why_us_inner_indi_icon_top_left is-layout-constrained\"><div class=\"wp-block-group__inner-container\">\n<figure class=\"wp-block-image size-full\"><img decoding=\"async\" src=\"https:\/\/www.besterpcba.com\/wp-content\/uploads\/2023\/06\/worker-svgrepo-com.svg\" alt=\"Worker Svgrepo Com\" class=\"wp-image-5748\"\/><\/figure>\n\n\n\n<h3 class=\"wp-block-heading\">Zapewnienie jako\u015bci<\/h3>\n<\/div><\/div>\n\n\n\n<p>Nasze rygorystyczne procesy kontroli jako\u015bci i rozbudowane procedury testowania gwarantuj\u0105, \u017ce ka\u017cdy monta\u017c PCB, kt\u00f3ry produkujemy, spe\u0142nia najwy\u017csze standardy bran\u017cowe pod wzgl\u0119dem niezawodno\u015bci i wydajno\u015bci, daj\u0105c Ci spok\u00f3j ducha i pewno\u015b\u0107 co do naszych us\u0142ug.<\/p>\n<\/div><\/div>\n\n\n\n<div class=\"wp-block-group base_why_us_inner_indi is-layout-constrained\"><div class=\"wp-block-group__inner-container\">\n<div class=\"wp-block-group base_why_us_inner_indi_icon base_why_us_inner_indi_icon_top_left is-layout-constrained\"><div class=\"wp-block-group__inner-container\">\n<figure class=\"wp-block-image size-full\"><img decoding=\"async\" src=\"https:\/\/www.besterpcba.com\/wp-content\/uploads\/2023\/06\/blueprint-svgrepo-com.svg\" alt=\"Blueprint Svgrepo Com\" class=\"wp-image-5752\"\/><\/figure>\n\n\n\n<h3 class=\"wp-block-heading\">Kompleksowa obs\u0142uga<\/h3>\n<\/div><\/div>\n\n\n\n<p>Od produkcji i projektowania PCB po pozyskiwanie komponent\u00f3w i programowanie uk\u0142ad\u00f3w scalonych, Bester oferuje kompleksowy zakres us\u0142ug pod jednym dachem, usprawniaj\u0105c proces produkcji i oszcz\u0119dzaj\u0105c czas i wysi\u0142ek.<\/p>\n<\/div><\/div>\n\n\n\n<div class=\"wp-block-group base_why_us_inner_indi is-layout-constrained\"><div class=\"wp-block-group__inner-container\">\n<div class=\"wp-block-group base_why_us_inner_indi_icon base_why_us_inner_indi_icon_top_left is-layout-constrained\"><div class=\"wp-block-group__inner-container\">\n<figure class=\"wp-block-image size-full\"><img decoding=\"async\" src=\"https:\/\/www.besterpcba.com\/wp-content\/uploads\/2023\/06\/pushcart-svgrepo-com.svg\" alt=\"Pushcart Svgrepo Com\" class=\"wp-image-5746\"\/><\/figure>\n\n\n\n<h3 class=\"wp-block-heading\">Szybki czas realizacji<\/h3>\n<\/div><\/div>\n\n\n\n<p>Nasze zaanga\u017cowanie w szybkie czasy realizacji oznacza, \u017ce Twoje projekty monta\u017cu PCB zostan\u0105 uko\u0144czone zgodnie z harmonogramem, co pozwoli Ci dotrzyma\u0107 termin\u00f3w produkcji i szybko wprowadzi\u0107 produkty na rynek.<\/p>\n<\/div><\/div>\n<\/div><\/div>\n\n\n\n<div class = \"bs_logos_outer_group\">\r\n  <div class = \"bs_logos_outer_group_inner\">\r\n    <div class = 'base_why_us_same_header'>\r\n        <h2>Klienci i Certyfikaty<\/h2>\r\n    <\/div>\r\n    <div class=\"bs_logos\">\r\n      <div class=\"bs_logos_slide\">\r\n        <img decoding=\"async\" src=\"https:\/\/www.besterpcba.com\/wp-content\/uploads\/2021\/10\/UL-RED.png\" \/>\r\n        <img decoding=\"async\" src=\"https:\/\/www.besterpcba.com\/wp-content\/uploads\/2021\/10\/logo-ipc-2.png\" \/>\r\n        <img decoding=\"async\" src=\"https:\/\/www.besterpcba.com\/wp-content\/uploads\/2021\/10\/rohs-green.png\" \/>\r\n      <\/div>\r\n    <\/div>\r\n  <\/div>\r\n<\/div>\r\n\r\n<script>\r\n  var copy = document.querySelector(\".bs_logos_slide\").cloneNode(true);\r\n  document.querySelector(\".bs_logos\").appendChild(copy);\r\n<\/script>\n\n\n\n<div class=\"wp-block-cover alignfull base_cap base_cap_overlay\"><span aria-hidden=\"true\" class=\"wp-block-cover__background has-contrast-3-background-color has-background-dim-0 has-background-dim\"><\/span><img decoding=\"async\" loading=\"lazy\" width=\"1920\" height=\"1280\" class=\"wp-block-cover__image-background wp-image-2888\" alt=\"\" src=\"https:\/\/www.besterpcba.com\/wp-content\/uploads\/2021\/09\/XP6A4576.jpg\" data-object-fit=\"cover\" srcset=\"https:\/\/www.besterpcba.com\/wp-content\/uploads\/2021\/09\/XP6A4576.jpg 1920w, https:\/\/www.besterpcba.com\/wp-content\/uploads\/2021\/09\/XP6A4576-300x200.jpg 300w, https:\/\/www.besterpcba.com\/wp-content\/uploads\/2021\/09\/XP6A4576-1024x683.jpg 1024w, https:\/\/www.besterpcba.com\/wp-content\/uploads\/2021\/09\/XP6A4576-768x512.jpg 768w, https:\/\/www.besterpcba.com\/wp-content\/uploads\/2021\/09\/XP6A4576-1600x1067.jpg 1600w, https:\/\/www.besterpcba.com\/wp-content\/uploads\/2021\/09\/XP6A4576-1536x1024.jpg 1536w\" sizes=\"(max-width: 1920px) 100vw, 1920px\" \/><div class=\"wp-block-cover__inner-container\">\n<div class=\"wp-block-group base_cap_inner base_cap_inner_1 is-layout-constrained\"><div class=\"wp-block-group__inner-container\">\n<h2 class=\"wp-block-heading\">Mo\u017cliwo\u015bci produkcyjne elektroniki w Bester<\/h2>\n\n\n\n<div class='base_cap_button_wrapper'><p class=\"base_cap_button\"><a href=\"https:\/\/www.besterpcba.com\/pl\/kontakt\/\" data-type=\"page\" data-id=\"1358\">Uzyskaj wycen\u0119<\/a><\/p><\/div>\n<\/div><\/div>\n\n\n\n<div class=\"wp-block-group base_cap_inner base_cap_inner_2 is-layout-constrained\"><div class=\"wp-block-group__inner-container\">\n<h3 class=\"wp-block-heading\">Mo\u017cliwo\u015bci produkcyjne<\/h3>\n\n\n\n<ul>\n<li>Kontrola komponent\u00f3w ESD 100%<\/li>\n\n\n\n<li>8 linii SMT<\/li>\n\n\n\n<li>4 linie DIP<\/li>\n\n\n\n<li>40 Automatyczne robotyczne lutowanie<\/li>\n\n\n\n<li>Obr\u00f3bka CNC<\/li>\n\n\n\n<li>Automatyczne powlekanie konforemne<\/li>\n\n\n\n<li>Formowanie wtryskowe<\/li>\n\n\n\n<li>Druk 3D<\/li>\n<\/ul>\n<\/div><\/div>\n\n\n\n<div class=\"wp-block-group base_cap_inner base_cap_inner_3 is-layout-constrained\"><div class=\"wp-block-group__inner-container\">\n<h3 class=\"wp-block-heading\">Certyfikaty<\/h3>\n\n\n\n<ul>\n<li>ISO 9001<\/li>\n\n\n\n<li>UL<\/li>\n\n\n\n<li>SGS<\/li>\n\n\n\n<li>IPC<\/li>\n\n\n\n<li>RoHS<\/li>\n\n\n\n<li>CE<\/li>\n\n\n\n<li>FCC<\/li>\n\n\n\n<li>SRDI (chi\u0144skie przedsi\u0119biorstwo \u201eSpecjalistyczne, Udoskonalone, Zr\u00f3\u017cnicowane, Innowacyjne\u201d)<\/li>\n\n\n\n<li>HNTE (chi\u0144skie przedsi\u0119biorstwo High and New Technology)<\/li>\n<\/ul>\n<\/div><\/div>\n<\/div><\/div>\n\n\n\n<div class=\"wp-block-group alignfull base_rect_blocks bs_shadow_hover_groups is-layout-constrained\"><div class=\"wp-block-group__inner-container\">\n<div class=\"wp-block-group base_why_us_inner base_why_us_inner_100 is-layout-constrained\"><div class=\"wp-block-group__inner-container\">\n<h2 class=\"wp-block-heading\">Bran\u017ce, kt\u00f3re obs\u0142ugujemy<\/h2>\n<\/div><\/div>\n\n\n\n<div class=\"wp-block-group base_rect_block is-layout-constrained\"><div class=\"wp-block-group__inner-container\">\n<figure class=\"wp-block-image size-full\"><img decoding=\"async\" loading=\"lazy\" width=\"1200\" height=\"800\" src=\"https:\/\/www.besterpcba.com\/wp-content\/uploads\/2023\/06\/automotive-market.jpg\" alt=\"Automotive Market\" class=\"wp-image-5613\" srcset=\"https:\/\/www.besterpcba.com\/wp-content\/uploads\/2023\/06\/automotive-market.jpg 1200w, https:\/\/www.besterpcba.com\/wp-content\/uploads\/2023\/06\/automotive-market-300x200.jpg 300w, https:\/\/www.besterpcba.com\/wp-content\/uploads\/2023\/06\/automotive-market-1024x683.jpg 1024w, https:\/\/www.besterpcba.com\/wp-content\/uploads\/2023\/06\/automotive-market-768x512.jpg 768w, https:\/\/www.besterpcba.com\/wp-content\/uploads\/2023\/06\/automotive-market-600x400.jpg 600w\" sizes=\"(max-width: 1200px) 100vw, 1200px\" \/><\/figure>\n\n\n\n<div class=\"wp-block-group is-layout-constrained\"><div class=\"wp-block-group__inner-container\">\n<h3 class=\"wp-block-heading\">Motoryzacja<\/h3>\n\n\n\n<p>Rozumiemy kluczow\u0105 rol\u0119, jak\u0105 odgrywa PCBA w przemy\u015ble motoryzacyjnym. Dzi\u0119ki naszym kompleksowym us\u0142ugom PCBA zaspokajamy specyficzne potrzeby producent\u00f3w samochod\u00f3w, pomagaj\u0105c im dostarcza\u0107 niezawodne i wydajne systemy elektroniczne.<\/p>\n\n\n\n<p class=\"base_rect_block_button\"><span><a href=\"https:\/\/www.besterpcba.com\/pl\/motoryzacyjny\/\">Odkryj teraz<\/a><\/span><\/p>\n<\/div><\/div>\n<\/div><\/div>\n\n\n\n<div class=\"wp-block-group base_rect_block is-layout-constrained\"><div class=\"wp-block-group__inner-container\">\n<figure class=\"wp-block-image size-large\"><img decoding=\"async\" loading=\"lazy\" width=\"1024\" height=\"768\" src=\"https:\/\/www.besterpcba.com\/wp-content\/uploads\/2023\/07\/Untitled-design-28-1024x768.jpg\" alt=\"Untitled Design (28)\" class=\"wp-image-6912\" srcset=\"https:\/\/www.besterpcba.com\/wp-content\/uploads\/2023\/07\/Untitled-design-28-1024x768.jpg 1024w, https:\/\/www.besterpcba.com\/wp-content\/uploads\/2023\/07\/Untitled-design-28-300x225.jpg 300w, https:\/\/www.besterpcba.com\/wp-content\/uploads\/2023\/07\/Untitled-design-28-768x576.jpg 768w, https:\/\/www.besterpcba.com\/wp-content\/uploads\/2023\/07\/Untitled-design-28.jpg 1200w\" sizes=\"(max-width: 1024px) 100vw, 1024px\" \/><\/figure>\n\n\n\n<div class=\"wp-block-group is-layout-constrained\"><div class=\"wp-block-group__inner-container\">\n<h3 class=\"wp-block-heading\">LED<\/h3>\n\n\n\n<p>Na rynku LED Bester zapewnia najwy\u017cszej klasy rozwi\u0105zania PCBA, kt\u00f3re s\u0105 niezb\u0119dne do produkcji wysokiej jako\u015bci produkt\u00f3w o\u015bwietleniowych LED. \u015aci\u015ble wsp\u00f3\u0142pracujemy z producentami LED, aby zapewni\u0107, \u017ce ich PCBA spe\u0142niaj\u0105 rygorystyczne wymagania dotycz\u0105ce efektywno\u015bci energetycznej, trwa\u0142o\u015bci i wydajno\u015bci.<\/p>\n\n\n\n<p class=\"base_rect_block_button\"><span><a href=\"https:\/\/www.besterpcba.com\/pl\/dioda-led\/\">Odkryj teraz<\/a><\/span><\/p>\n<\/div><\/div>\n<\/div><\/div>\n\n\n\n<div class=\"wp-block-group base_rect_block is-layout-constrained\"><div class=\"wp-block-group__inner-container\">\n<figure class=\"wp-block-image size-full\"><img decoding=\"async\" loading=\"lazy\" width=\"1200\" height=\"800\" src=\"https:\/\/www.besterpcba.com\/wp-content\/uploads\/2023\/06\/consumer-electronics-market.jpg\" alt=\"Consumer Electronics Market\" class=\"wp-image-5635\" srcset=\"https:\/\/www.besterpcba.com\/wp-content\/uploads\/2023\/06\/consumer-electronics-market.jpg 1200w, https:\/\/www.besterpcba.com\/wp-content\/uploads\/2023\/06\/consumer-electronics-market-300x200.jpg 300w, https:\/\/www.besterpcba.com\/wp-content\/uploads\/2023\/06\/consumer-electronics-market-1024x683.jpg 1024w, https:\/\/www.besterpcba.com\/wp-content\/uploads\/2023\/06\/consumer-electronics-market-768x512.jpg 768w, https:\/\/www.besterpcba.com\/wp-content\/uploads\/2023\/06\/consumer-electronics-market-600x400.jpg 600w\" sizes=\"(max-width: 1200px) 100vw, 1200px\" \/><\/figure>\n\n\n\n<div class=\"wp-block-group is-layout-constrained\"><div class=\"wp-block-group__inner-container\">\n<h3 class=\"wp-block-heading\">Elektronika u\u017cytkowa<\/h3>\n\n\n\n<p>Bester obs\u0142uguje rynek elektroniki u\u017cytkowej, oferuj\u0105c szerok\u0105 gam\u0119 us\u0142ug PCBA, kt\u00f3re umo\u017cliwiaj\u0105 produkcj\u0119 innowacyjnych i przyjaznych dla u\u017cytkownika urz\u0105dze\u0144 elektronicznych. Wsp\u00f3\u0142pracujemy z producentami elektroniki u\u017cytkowej, aby zapewni\u0107, \u017ce ich PCBA spe\u0142niaj\u0105 najwy\u017csze standardy jako\u015bci i funkcjonalno\u015bci.<\/p>\n\n\n\n<p class=\"base_rect_block_button\"><span><a href=\"https:\/\/www.besterpcba.com\/pl\/elektronika-uzytkowa\/\">Odkryj teraz<\/a><\/span><\/p>\n<\/div><\/div>\n<\/div><\/div>\n\n\n\n<div class=\"wp-block-group base_rect_block is-layout-constrained\"><div class=\"wp-block-group__inner-container\">\n<figure class=\"wp-block-image size-full\"><img decoding=\"async\" loading=\"lazy\" width=\"1200\" height=\"800\" src=\"https:\/\/www.besterpcba.com\/wp-content\/uploads\/2023\/06\/industrial-market.jpg\" alt=\"Rynek przemys\u0142owy\" class=\"wp-image-5615\" srcset=\"https:\/\/www.besterpcba.com\/wp-content\/uploads\/2023\/06\/industrial-market.jpg 1200w, https:\/\/www.besterpcba.com\/wp-content\/uploads\/2023\/06\/industrial-market-300x200.jpg 300w, https:\/\/www.besterpcba.com\/wp-content\/uploads\/2023\/06\/industrial-market-1024x683.jpg 1024w, https:\/\/www.besterpcba.com\/wp-content\/uploads\/2023\/06\/industrial-market-768x512.jpg 768w, https:\/\/www.besterpcba.com\/wp-content\/uploads\/2023\/06\/industrial-market-600x400.jpg 600w\" sizes=\"(max-width: 1200px) 100vw, 1200px\" \/><\/figure>\n\n\n\n<div class=\"wp-block-group is-layout-constrained\"><div class=\"wp-block-group__inner-container\">\n<h3 class=\"wp-block-heading\">Przemys\u0142owe<\/h3>\n\n\n\n<p>W sektorze przemys\u0142owym us\u0142ugi PCBA firmy Bester odgrywaj\u0105 kluczow\u0105 rol\u0119 w rozwoju niezawodnych i wydajnych system\u00f3w elektronicznych. \u015aci\u015ble wsp\u00f3\u0142pracujemy z producentami urz\u0105dze\u0144 przemys\u0142owych, aby spe\u0142ni\u0107 ich specyficzne wymagania, zapewniaj\u0105c, \u017ce nasze PCBA wytrzymuj\u0105 trudne warunki \u015brodowiskowe i zapewniaj\u0105 optymaln\u0105 wydajno\u015b\u0107.<\/p>\n\n\n\n<p class=\"base_rect_block_button\"><span><a href=\"https:\/\/www.besterpcba.com\/pl\/przemyslowy\/\">Odkryj teraz<\/a><\/span><\/p>\n<\/div><\/div>\n<\/div><\/div>\n<\/div><\/div>\n\n\n\n<div class=\"wp-block-cover alignfull is-light base_footer\"><span aria-hidden=\"true\" class=\"wp-block-cover__background has-background-dim-0 has-background-dim\"><\/span><img decoding=\"async\" loading=\"lazy\" width=\"3226\" height=\"1400\" class=\"wp-block-cover__image-background wp-image-5726\" alt=\"5d10fb377791dacec4062c61 Bg Mid\" src=\"https:\/\/www.besterpcba.com\/wp-content\/uploads\/2023\/06\/5d10fb377791dacec4062c61_bg-mid.png\" data-object-fit=\"cover\" srcset=\"https:\/\/www.besterpcba.com\/wp-content\/uploads\/2023\/06\/5d10fb377791dacec4062c61_bg-mid.png 3226w, https:\/\/www.besterpcba.com\/wp-content\/uploads\/2023\/06\/5d10fb377791dacec4062c61_bg-mid-300x130.png 300w, https:\/\/www.besterpcba.com\/wp-content\/uploads\/2023\/06\/5d10fb377791dacec4062c61_bg-mid-1024x444.png 1024w, https:\/\/www.besterpcba.com\/wp-content\/uploads\/2023\/06\/5d10fb377791dacec4062c61_bg-mid-768x333.png 768w, https:\/\/www.besterpcba.com\/wp-content\/uploads\/2023\/06\/5d10fb377791dacec4062c61_bg-mid-1600x694.png 1600w, https:\/\/www.besterpcba.com\/wp-content\/uploads\/2023\/06\/5d10fb377791dacec4062c61_bg-mid-1536x667.png 1536w, https:\/\/www.besterpcba.com\/wp-content\/uploads\/2023\/06\/5d10fb377791dacec4062c61_bg-mid-2048x889.png 2048w\" sizes=\"(max-width: 3226px) 100vw, 3226px\" \/><div class=\"wp-block-cover__inner-container\">\n<p class=\"has-text-align-center has-large-font-size\">Gotowy, aby rozpocz\u0105\u0107 swoje projekty monta\u017cu PCB?<\/p>\n\n\n\n<div class='base_cover_button_wrapper'><p class=\"base_cover_button\"><a href=\"https:\/\/www.besterpcba.com\/pl\/kontakt\/\" data-type=\"page\" data-id=\"1358\">Skontaktuj si\u0119 z nami<\/a><\/p><\/div>\n<\/div><\/div>","protected":false},"excerpt":{"rendered":"<p>Kompleksowy producent PCBA<\/p>\n<p>Szablon SMT<\/p>\n<p>Precyzja, wydajno\u015b\u0107 i niezawodno\u015b\u0107<\/p>","protected":false},"author":1,"featured_media":0,"parent":0,"menu_order":0,"comment_status":"closed","ping_status":"closed","template":"","meta":{"article_term":"","article_term_alternate":"","article_term_def":"","article_hook":"","auto_links":"","article_topic":"","article_fact_check":"","mt_social_share":"","mt_content_meta":"","mt_glossary_display":"","glossary_heading":"","glossary":"","glossary_alter":"","glossary_def":"","article_task":""},"_links":{"self":[{"href":"https:\/\/www.besterpcba.com\/pl\/wp-json\/wp\/v2\/pages\/7217"}],"collection":[{"href":"https:\/\/www.besterpcba.com\/pl\/wp-json\/wp\/v2\/pages"}],"about":[{"href":"https:\/\/www.besterpcba.com\/pl\/wp-json\/wp\/v2\/types\/page"}],"author":[{"embeddable":true,"href":"https:\/\/www.besterpcba.com\/pl\/wp-json\/wp\/v2\/users\/1"}],"replies":[{"embeddable":true,"href":"https:\/\/www.besterpcba.com\/pl\/wp-json\/wp\/v2\/comments?post=7217"}],"version-history":[{"count":2,"href":"https:\/\/www.besterpcba.com\/pl\/wp-json\/wp\/v2\/pages\/7217\/revisions"}],"predecessor-version":[{"id":7351,"href":"https:\/\/www.besterpcba.com\/pl\/wp-json\/wp\/v2\/pages\/7217\/revisions\/7351"}],"wp:attachment":[{"href":"https:\/\/www.besterpcba.com\/pl\/wp-json\/wp\/v2\/media?parent=7217"}],"curies":[{"name":"wp","href":"https:\/\/api.w.org\/{rel}","templated":true}]}}