{"id":3,"date":"2019-08-21T10:24:42","date_gmt":"2019-08-21T10:24:42","guid":{"rendered":"https:\/\/besterpcba.com\/?page_id=3"},"modified":"2021-09-28T04:02:50","modified_gmt":"2021-09-28T04:02:50","slug":"privacy-policy","status":"publish","type":"page","link":"https:\/\/www.besterpcba.com\/pt\/politica-de-privacidade\/","title":{"rendered":"Pol\u00edtica de privacidade"},"content":{"rendered":"<div class=\"wp-block-group terms-page-header-gp is-layout-flow\"><div class=\"wp-block-group__inner-container\"><h1 class=\"wp-block-heading\" id=\"privacy-policy\"> Pol\u00edtica de privacidade<\/h1><\/div><\/div>\n\n\n\n<div class=\"wp-block-group terms-page-header-content-gp is-layout-flow\"><div class=\"wp-block-group__inner-container\"><h1 class=\"wp-block-heading\" id=\"privacy-policy\">Pol\u00edtica de privacidade<\/h1>\n\n\n<p>Obrigado por escolher fazer parte da nossa comunidade na Rayzeek (\"Empresa\", \"n\u00f3s\", \"nos\", \"nosso\"). Estamos empenhados em proteger as suas informa\u00e7\u00f5es pessoais e o seu direito \u00e0 privacidade. Se tiver quaisquer quest\u00f5es ou preocupa\u00e7\u00f5es sobre este aviso de privacidade, ou sobre as nossas pr\u00e1ticas relativamente \u00e0s suas informa\u00e7\u00f5es pessoais, contacte-nos atrav\u00e9s do endere\u00e7o info@rayzeek.com<\/p>\n\n\n\n<p>Quando visita o nosso s\u00edtio Web rayzeek.com (o \"S\u00edtio Web\") e, de um modo mais geral, utiliza qualquer um dos nossos servi\u00e7os (os \"Servi\u00e7os\", que incluem o S\u00edtio Web), agradecemos o facto de nos confiar as suas informa\u00e7\u00f5es pessoais. Levamos a sua privacidade muito a s\u00e9rio. Neste aviso de privacidade, procuramos explicar-lhe da forma mais clara poss\u00edvel quais as informa\u00e7\u00f5es que recolhemos, como as utilizamos e quais os direitos que tem em rela\u00e7\u00e3o \u00e0s mesmas. Esperamos que dedique algum tempo a l\u00ea-la cuidadosamente, pois \u00e9 importante. Se houver algum termo deste aviso de privacidade com o qual n\u00e3o concorde, interrompa imediatamente a utiliza\u00e7\u00e3o dos nossos Servi\u00e7os.<\/p>\n\n\n\n<p>Este aviso de privacidade aplica-se a todas as informa\u00e7\u00f5es recolhidas atrav\u00e9s dos nossos Servi\u00e7os (que, conforme descrito acima, inclui o nosso s\u00edtio Web), bem como a quaisquer servi\u00e7os, vendas, marketing ou eventos relacionados.<\/p>\n\n\n\n<p>Leia atentamente esta declara\u00e7\u00e3o de privacidade, que o ajudar\u00e1 a compreender o que fazemos com as informa\u00e7\u00f5es que recolhemos.<\/p>\n\n\n<h2 class=\"wp-block-heading\" id=\"1-what-information-do-we-collect\">1. QUE INFORMA\u00c7\u00d5ES RECOLHEMOS?<\/h2>\n\n\n<p>Informa\u00e7\u00f5es recolhidas automaticamente<br>Resumindo: Algumas informa\u00e7\u00f5es - como o seu endere\u00e7o IP (Internet Protocol) e\/ou carater\u00edsticas do browser e do dispositivo - s\u00e3o recolhidas automaticamente quando visita o nosso s\u00edtio Web.<\/p>\n\n\n\n<p>Recolhemos automaticamente determinadas informa\u00e7\u00f5es quando o utilizador visita, utiliza ou navega no s\u00edtio Web. Estas informa\u00e7\u00f5es n\u00e3o revelam a sua identidade espec\u00edfica (como o seu nome ou informa\u00e7\u00f5es de contacto), mas podem incluir informa\u00e7\u00f5es sobre o dispositivo e a utiliza\u00e7\u00e3o, tais como o seu endere\u00e7o IP, carater\u00edsticas do browser e do dispositivo, sistema operativo, prefer\u00eancias de idioma, URLs de refer\u00eancia, nome do dispositivo, pa\u00eds, localiza\u00e7\u00e3o, informa\u00e7\u00f5es sobre como e quando utiliza o nosso Website e outras informa\u00e7\u00f5es t\u00e9cnicas. Estas informa\u00e7\u00f5es s\u00e3o necess\u00e1rias principalmente para manter a seguran\u00e7a e o funcionamento do nosso S\u00edtio Web e para os nossos fins de an\u00e1lise e relat\u00f3rios internos.<\/p>\n\n\n\n<p>Tal como muitas empresas, tamb\u00e9m recolhemos informa\u00e7\u00f5es atrav\u00e9s de cookies e tecnologias semelhantes.<\/p>\n\n\n\n<p>As informa\u00e7\u00f5es que recolhemos incluem:<br>Dados de registo e de utiliza\u00e7\u00e3o. Os dados de registo e utiliza\u00e7\u00e3o s\u00e3o informa\u00e7\u00f5es relacionadas com o servi\u00e7o, diagn\u00f3stico, utiliza\u00e7\u00e3o e desempenho que os nossos servidores recolhem automaticamente quando o utilizador acede ou utiliza o nosso Website e que registamos em ficheiros de registo. Dependendo da forma como interage connosco, estes dados de registo podem incluir o seu endere\u00e7o IP, informa\u00e7\u00f5es do dispositivo, tipo e defini\u00e7\u00f5es do browser e informa\u00e7\u00f5es sobre a sua atividade no Website (tais como os carimbos de data\/hora associados \u00e0 sua utiliza\u00e7\u00e3o, p\u00e1ginas e ficheiros visualizados, pesquisas e outras ac\u00e7\u00f5es que executa, tais como as funcionalidades que utiliza), informa\u00e7\u00f5es de eventos do dispositivo (tais como a atividade do sistema, relat\u00f3rios de erros (por vezes designados por \"crash dumps\") e defini\u00e7\u00f5es de hardware).<br>Dados do dispositivo. Recolhemos dados do dispositivo, tais como informa\u00e7\u00f5es sobre o seu computador, telem\u00f3vel, tablet ou outro dispositivo que utilize para aceder ao Website. Dependendo do dispositivo utilizado, estes dados do dispositivo podem incluir informa\u00e7\u00f5es como o seu endere\u00e7o IP (ou servidor proxy), n\u00fameros de identifica\u00e7\u00e3o do dispositivo e da aplica\u00e7\u00e3o, localiza\u00e7\u00e3o, tipo de browser, modelo de hardware, fornecedor de servi\u00e7os de Internet e\/ou operadora m\u00f3vel, sistema operativo e informa\u00e7\u00f5es de configura\u00e7\u00e3o do sistema.<br>Dados de localiza\u00e7\u00e3o. Recolhemos dados de localiza\u00e7\u00e3o, tais como informa\u00e7\u00f5es sobre a localiza\u00e7\u00e3o do seu dispositivo, que podem ser precisas ou imprecisas. A quantidade de informa\u00e7\u00f5es que recolhemos depende do tipo e das defini\u00e7\u00f5es do dispositivo que utiliza para aceder ao Website. Por exemplo, podemos utilizar GPS e outras tecnologias para recolher dados de geolocaliza\u00e7\u00e3o que nos indicam a sua localiza\u00e7\u00e3o atual (com base no seu endere\u00e7o IP). O utilizador pode optar por n\u00e3o permitir a recolha destas informa\u00e7\u00f5es, recusando o acesso \u00e0s mesmas ou desactivando a defini\u00e7\u00e3o de Localiza\u00e7\u00e3o no seu dispositivo. No entanto, se o utilizador optar por recusar, poder\u00e1 n\u00e3o conseguir utilizar determinados aspectos dos Servi\u00e7os.<\/p>\n\n\n<h2 class=\"wp-block-heading\" id=\"2-how-do-we-use-your-information\">2. COMO UTILIZAMOS AS SUAS INFORMA\u00c7\u00d5ES?<\/h2>\n\n\n<p>Resumindo: processamos as suas informa\u00e7\u00f5es para fins baseados em interesses comerciais leg\u00edtimos, no cumprimento do nosso contrato consigo, no cumprimento das nossas obriga\u00e7\u00f5es legais e\/ou no seu consentimento.<\/p>\n\n\n\n<p>Utilizamos as informa\u00e7\u00f5es pessoais recolhidas atrav\u00e9s do nosso s\u00edtio Web para uma variedade de fins comerciais descritos abaixo. Processamos as suas informa\u00e7\u00f5es pessoais para estes fins com base nos nossos interesses comerciais leg\u00edtimos, para celebrar ou executar um contrato consigo, com o seu consentimento, e\/ou para cumprir as nossas obriga\u00e7\u00f5es legais. Indicamos os fundamentos de processamento espec\u00edficos em que nos baseamos junto a cada finalidade listada abaixo.<\/p>\n\n\n\n<p>Utilizamos as informa\u00e7\u00f5es que recolhemos ou recebemos:<br>Para facilitar a cria\u00e7\u00e3o da conta e o processo de in\u00edcio de sess\u00e3o. Se optar por associar a sua conta connosco a uma conta de terceiros (como a sua conta Google ou Facebook), utilizamos as informa\u00e7\u00f5es que nos permitiu recolher desses terceiros para facilitar a cria\u00e7\u00e3o da conta e o processo de in\u00edcio de sess\u00e3o para a execu\u00e7\u00e3o do contrato.<br>Para publicar testemunhos. Publicamos testemunhos no nosso Website que podem conter informa\u00e7\u00f5es pessoais. Antes de publicar um testemunho, obteremos o seu consentimento para utilizar o seu nome e o conte\u00fado do testemunho. Se pretender atualizar ou eliminar o seu testemunho, contacte-nos atrav\u00e9s do endere\u00e7o info@rayzeek.com e n\u00e3o se esque\u00e7a de incluir o seu nome, a localiza\u00e7\u00e3o do testemunho e as informa\u00e7\u00f5es de contacto.<br>Pedir feedback. Poderemos utilizar as suas informa\u00e7\u00f5es para solicitar feedback e para o contactar sobre a sua utiliza\u00e7\u00e3o do nosso Website.<br>Para permitir comunica\u00e7\u00f5es entre utilizadores. Podemos utilizar as suas informa\u00e7\u00f5es para permitir comunica\u00e7\u00f5es entre utilizadores com o consentimento de cada utilizador.<br>Para gerir contas de utilizador. Podemos utilizar as informa\u00e7\u00f5es do utilizador para gerir a nossa conta e mant\u00ea-la em condi\u00e7\u00f5es de funcionamento.<br>Para enviar informa\u00e7\u00f5es administrativas ao utilizador. Podemos utilizar as suas informa\u00e7\u00f5es pessoais para lhe enviar informa\u00e7\u00f5es sobre produtos, servi\u00e7os e novas funcionalidades e\/ou informa\u00e7\u00f5es sobre altera\u00e7\u00f5es aos nossos termos, condi\u00e7\u00f5es e pol\u00edticas.<br>Para proteger os nossos Servi\u00e7os. Poderemos utilizar as suas informa\u00e7\u00f5es como parte dos nossos esfor\u00e7os para manter o nosso Web site seguro e protegido (por exemplo, para monitoriza\u00e7\u00e3o e preven\u00e7\u00e3o de fraudes).<br>Para fazer cumprir os nossos termos, condi\u00e7\u00f5es e pol\u00edticas para fins comerciais, para cumprir os requisitos legais e regulamentares ou em rela\u00e7\u00e3o ao nosso contrato.<br>Para responder a pedidos legais e evitar danos. Se recebermos uma intima\u00e7\u00e3o ou outro pedido legal, poderemos ter de inspecionar os dados que possu\u00edmos para determinar como responder.<br>Cumprir e gerir as suas encomendas. Podemos utilizar as suas informa\u00e7\u00f5es para satisfazer e gerir as suas encomendas, pagamentos, devolu\u00e7\u00f5es e trocas efectuadas atrav\u00e9s do Website.<br>Administrar sorteios de pr\u00e9mios e concursos. Podemos utilizar as suas informa\u00e7\u00f5es para administrar sorteios de pr\u00e9mios e concursos quando optar por participar nos nossos concursos.<br>Para fornecer e facilitar a presta\u00e7\u00e3o de servi\u00e7os ao utilizador. Podemos utilizar as informa\u00e7\u00f5es do utilizador para lhe fornecer o servi\u00e7o solicitado.<br>Para responder a quest\u00f5es dos utilizadores\/oferecer apoio aos utilizadores. Poderemos utilizar as informa\u00e7\u00f5es do utilizador para responder aos seus pedidos de informa\u00e7\u00e3o e resolver quaisquer problemas potenciais que possa ter com a utiliza\u00e7\u00e3o dos nossos Servi\u00e7os.<br>Para lhe enviar comunica\u00e7\u00f5es de marketing e promocionais. N\u00f3s e\/ou os nossos parceiros de marketing terceiros podemos utilizar as informa\u00e7\u00f5es pessoais que nos envia para os nossos fins de marketing, se tal estiver de acordo com as suas prefer\u00eancias de marketing. Por exemplo, ao manifestar interesse em obter informa\u00e7\u00f5es sobre n\u00f3s ou sobre o nosso Web site, ao subscrever marketing ou ao contactar-nos de outra forma, recolheremos informa\u00e7\u00f5es pessoais do utilizador. O utilizador pode optar por n\u00e3o receber os nossos e-mails de marketing em qualquer altura (ver \"QUAIS S\u00c3O OS SEUS DIREITOS DE PRIVACIDADE\" abaixo).<br>Apresentar publicidade direcionada ao utilizador. Podemos utilizar as suas informa\u00e7\u00f5es para desenvolver e apresentar conte\u00fado e publicidade personalizados (e trabalhar com terceiros que o fa\u00e7am) adaptados aos seus interesses e\/ou localiza\u00e7\u00e3o e para medir a sua efic\u00e1cia.<br>Para outros fins comerciais. Podemos utilizar as informa\u00e7\u00f5es do utilizador para outros fins comerciais, tais como an\u00e1lise de dados, identifica\u00e7\u00e3o de tend\u00eancias de utiliza\u00e7\u00e3o, determina\u00e7\u00e3o da efic\u00e1cia das nossas campanhas promocionais e para avaliar e melhorar o nosso Web site, produtos, marketing e a experi\u00eancia do utilizador. Podemos utilizar e armazenar estas informa\u00e7\u00f5es de forma agregada e an\u00f3nima para que n\u00e3o sejam associadas a utilizadores finais individuais e n\u00e3o incluam informa\u00e7\u00f5es pessoais. N\u00e3o utilizaremos informa\u00e7\u00f5es pessoais identific\u00e1veis sem o consentimento do utilizador.<\/p>\n\n\n<h2 class=\"wp-block-heading\" id=\"3-will-your-information-be-shared-with-anyone\">3. AS SUAS INFORMA\u00c7\u00d5ES SER\u00c3O PARTILHADAS COM ALGU\u00c9M?<\/h2>\n\n\n<p>Resumindo: S\u00f3 partilhamos informa\u00e7\u00f5es com o seu consentimento, para cumprir a legisla\u00e7\u00e3o, para lhe prestar servi\u00e7os, para proteger os seus direitos ou para cumprir obriga\u00e7\u00f5es comerciais.<\/p>\n\n\n\n<p>Podemos processar ou partilhar os dados que possu\u00edmos com base nos seguintes fundamentos jur\u00eddicos:<br>Consentimento: Podemos processar os seus dados se nos tiver dado o seu consentimento espec\u00edfico para utilizar as suas informa\u00e7\u00f5es pessoais para um fim espec\u00edfico.<br>Interesses leg\u00edtimos: Podemos processar os seus dados quando for razoavelmente necess\u00e1rio para atingir os nossos interesses comerciais leg\u00edtimos.<br>Execu\u00e7\u00e3o de um contrato: Se tivermos celebrado um contrato com o utilizador, poderemos processar as suas informa\u00e7\u00f5es pessoais para cumprir os termos do nosso contrato.<br>Obriga\u00e7\u00f5es legais: Podemos divulgar as suas informa\u00e7\u00f5es quando formos legalmente obrigados a faz\u00ea-lo para cumprir a lei aplic\u00e1vel, pedidos governamentais, um processo judicial, uma ordem judicial ou um processo legal, como em resposta a uma ordem judicial ou uma intima\u00e7\u00e3o (incluindo em resposta a autoridades p\u00fablicas para cumprir requisitos de seguran\u00e7a nacional ou de aplica\u00e7\u00e3o da lei).<br>Interesses vitais: Podemos divulgar as suas informa\u00e7\u00f5es quando considerarmos que \u00e9 necess\u00e1rio investigar, prevenir ou tomar medidas relativamente a potenciais viola\u00e7\u00f5es das nossas pol\u00edticas, suspeitas de fraude, situa\u00e7\u00f5es que envolvam potenciais amea\u00e7as \u00e0 seguran\u00e7a de qualquer pessoa e actividades ilegais, ou como prova num lit\u00edgio em que estejamos envolvidos.<br>Mais especificamente, poderemos ter de processar os seus dados ou partilhar as suas informa\u00e7\u00f5es pessoais nas seguintes situa\u00e7\u00f5es:<br>Transfer\u00eancias comerciais. Podemos partilhar ou transferir as suas informa\u00e7\u00f5es em liga\u00e7\u00e3o com, ou durante as negocia\u00e7\u00f5es de, qualquer fus\u00e3o, venda de activos da empresa, financiamento ou aquisi\u00e7\u00e3o da totalidade ou de uma parte da nossa atividade a outra empresa.<br>Parceiros comerciais. Podemos partilhar as suas informa\u00e7\u00f5es com os nossos parceiros comerciais para lhe oferecer determinados produtos, servi\u00e7os ou promo\u00e7\u00f5es.<\/p>\n\n\n<h2 class=\"wp-block-heading\" id=\"4-do-we-use-cookies-and-other-tracking-technologies\">4. UTILIZAMOS COOKIES E OUTRAS TECNOLOGIAS DE RASTREIO?<\/h2>\n\n\n<p>Em resumo: Podemos utilizar cookies e outras tecnologias de rastreio para recolher e armazenar as suas informa\u00e7\u00f5es.<\/p>\n\n\n\n<p>Podemos utilizar cookies e tecnologias de rastreio semelhantes (como web beacons e p\u00edxeis) para aceder ou armazenar informa\u00e7\u00f5es. As informa\u00e7\u00f5es espec\u00edficas sobre a forma como utilizamos essas tecnologias e como o utilizador pode recusar determinados cookies s\u00e3o apresentadas no nosso Aviso sobre cookies.<\/p>\n\n\n<h2 class=\"wp-block-heading\" id=\"5-is-your-information-transferred-internationally\">5. AS SUAS INFORMA\u00c7\u00d5ES S\u00c3O TRANSFERIDAS INTERNACIONALMENTE?<\/h2>\n\n\n<p>Resumindo: podemos transferir, armazenar e processar as suas informa\u00e7\u00f5es em pa\u00edses diferentes do seu.<\/p>\n\n\n\n<p>Os nossos servidores est\u00e3o localizados em. Se estiver a aceder ao nosso s\u00edtio Web a partir do exterior, tenha em aten\u00e7\u00e3o que as suas informa\u00e7\u00f5es podem ser transferidas para, armazenadas e processadas por n\u00f3s nas nossas instala\u00e7\u00f5es e por terceiros com quem possamos partilhar as suas informa\u00e7\u00f5es pessoais (ver \"AS SUAS INFORMA\u00c7\u00d5ES SER\u00c3O PARTILHADAS COM ALGU\u00c9M?\" acima), em e outros pa\u00edses.<\/p>\n\n\n\n<p>Se o utilizador for residente no Espa\u00e7o Econ\u00f3mico Europeu, esses pa\u00edses poder\u00e3o n\u00e3o ter necessariamente leis de prote\u00e7\u00e3o de dados ou outras leis semelhantes t\u00e3o abrangentes como as do seu pa\u00eds. No entanto, tomaremos todas as medidas necess\u00e1rias para proteger as suas informa\u00e7\u00f5es pessoais de acordo com este aviso de privacidade e a legisla\u00e7\u00e3o aplic\u00e1vel.<\/p>\n\n\n<h2 class=\"wp-block-heading\" id=\"6-how-long-do-we-keep-your-information\">6. DURANTE QUANTO TEMPO CONSERVAMOS AS SUAS INFORMA\u00c7\u00d5ES?<\/h2>\n\n\n<p>Resumindo: Conservamos as informa\u00e7\u00f5es do utilizador durante o tempo necess\u00e1rio para cumprir os objectivos descritos nesta declara\u00e7\u00e3o de privacidade, salvo disposi\u00e7\u00e3o legal em contr\u00e1rio.<\/p>\n\n\n\n<p>Apenas conservaremos as suas informa\u00e7\u00f5es pessoais durante o tempo necess\u00e1rio para os fins definidos na presente declara\u00e7\u00e3o de privacidade, a menos que a lei exija ou permita um per\u00edodo de conserva\u00e7\u00e3o mais longo (por exemplo, para efeitos fiscais, contabil\u00edsticos ou outros requisitos legais). Nenhuma das finalidades previstas na presente declara\u00e7\u00e3o exigir\u00e1 a conserva\u00e7\u00e3o das suas informa\u00e7\u00f5es pessoais por um per\u00edodo superior a 90 dias.<\/p>\n\n\n\n<p>Quando n\u00e3o tivermos qualquer necessidade comercial leg\u00edtima de processar as suas informa\u00e7\u00f5es pessoais, eliminaremos ou tornaremos an\u00f3nimas essas informa\u00e7\u00f5es ou, se tal n\u00e3o for poss\u00edvel (por exemplo, porque as suas informa\u00e7\u00f5es pessoais foram armazenadas em arquivos de seguran\u00e7a), armazenaremos de forma segura as suas informa\u00e7\u00f5es pessoais e isol\u00e1-las-emos de qualquer outro processamento at\u00e9 que a elimina\u00e7\u00e3o seja poss\u00edvel.<\/p>\n\n\n<h2 class=\"wp-block-heading\" id=\"7-how-do-we-keep-your-information-safe\">7. COMO \u00c9 QUE MANTEMOS AS SUAS INFORMA\u00c7\u00d5ES SEGURAS?<\/h2>\n\n\n<p>Em resumo: O nosso objetivo \u00e9 proteger as suas informa\u00e7\u00f5es pessoais atrav\u00e9s de um sistema de medidas de seguran\u00e7a organizacionais e t\u00e9cnicas.<\/p>\n\n\n\n<p>Implement\u00e1mos medidas de seguran\u00e7a t\u00e9cnicas e organizacionais adequadas, concebidas para proteger a seguran\u00e7a de todas as informa\u00e7\u00f5es pessoais que processamos. No entanto, apesar das nossas salvaguardas e esfor\u00e7os para proteger as suas informa\u00e7\u00f5es, nenhuma transmiss\u00e3o eletr\u00f3nica atrav\u00e9s da Internet ou tecnologia de armazenamento de informa\u00e7\u00f5es pode ser garantida como sendo 100% segura, pelo que n\u00e3o podemos prometer ou garantir que hackers, cibercriminosos ou outros terceiros n\u00e3o autorizados n\u00e3o consigam anular a nossa seguran\u00e7a e recolher, aceder, roubar ou modificar indevidamente as suas informa\u00e7\u00f5es. Embora fa\u00e7amos o nosso melhor para proteger as suas informa\u00e7\u00f5es pessoais, a transmiss\u00e3o de informa\u00e7\u00f5es pessoais de e para o nosso Web site \u00e9 feita por sua conta e risco. O utilizador s\u00f3 deve aceder ao Website num ambiente seguro.<\/p>\n\n\n<h2 class=\"wp-block-heading\" id=\"8-do-we-collect-information-from-minors\">8. RECOLHEMOS INFORMA\u00c7\u00d5ES DE MENORES?<\/h2>\n\n\n<p>Resumindo: n\u00e3o recolhemos intencionalmente dados de crian\u00e7as com menos de 18 anos de idade nem as comercializamos.<\/p>\n\n\n\n<p>N\u00e3o solicitamos intencionalmente dados de ou comercializamos para crian\u00e7as com menos de 18 anos de idade. Ao utilizar o Web site, o utilizador declara que tem pelo menos 18 anos ou que \u00e9 o pai ou tutor de um menor e autoriza a utiliza\u00e7\u00e3o do Web site por esse menor dependente. Se tivermos conhecimento de que foram recolhidas informa\u00e7\u00f5es pessoais de utilizadores com menos de 18 anos de idade, desactivaremos a conta e tomaremos medidas razo\u00e1veis para eliminar imediatamente esses dados dos nossos registos. Se tiver conhecimento de quaisquer dados que possamos ter recolhido de crian\u00e7as com menos de 18 anos, contacte-nos atrav\u00e9s do endere\u00e7o info@rayzeek.com<\/p>\n\n\n<h2 class=\"wp-block-heading\" id=\"9-what-are-your-privacy-rights\">9. QUAIS S\u00c3O OS SEUS DIREITOS DE PRIVACIDADE?<\/h2>\n\n\n<p>Em resumo: O utilizador pode rever, alterar ou encerrar a sua conta em qualquer altura.<\/p>\n\n\n\n<p>Se for residente no Espa\u00e7o Econ\u00f3mico Europeu e considerar que estamos a processar ilegalmente as suas informa\u00e7\u00f5es pessoais, tamb\u00e9m tem o direito de apresentar queixa \u00e0 autoridade local de supervis\u00e3o da prote\u00e7\u00e3o de dados. Pode encontrar os seus dados de contacto aqui: http:\/\/ec.europa.eu\/justice\/data-protection\/bodies\/authorities\/index_en.htm.<\/p>\n\n\n\n<p>Se residir na Su\u00ed\u00e7a, os dados de contacto das autoridades de prote\u00e7\u00e3o de dados est\u00e3o dispon\u00edveis aqui: https:\/\/www.edoeb.admin.ch\/edoeb\/en\/home.html.<\/p>\n\n\n\n<p>Cookies e tecnologias semelhantes: A maioria dos navegadores Web est\u00e1 definida para aceitar cookies por defeito. Se preferir, o utilizador pode normalmente optar por configurar o seu browser para remover ou rejeitar cookies. Se optar por remover ou rejeitar cookies, isso poder\u00e1 afetar determinadas funcionalidades ou servi\u00e7os do nosso s\u00edtio Web. Para optar por n\u00e3o receber publicidade baseada em interesses dos anunciantes no nosso Web site, visite http:\/\/www.aboutads.info\/choices\/.<\/p>\n\n\n<h2 class=\"wp-block-heading\" id=\"10-controls-for-donottrack-features\">10. CONTROLOS DAS FUN\u00c7\u00d5ES DE N\u00c3O RASTREIO<\/h2>\n\n\n<p>A maioria dos navegadores Web e alguns sistemas operativos m\u00f3veis e aplica\u00e7\u00f5es m\u00f3veis incluem uma funcionalidade ou defini\u00e7\u00e3o Do-Not-Track (\"DNT\") que pode ser activada para assinalar a sua prefer\u00eancia de privacidade de n\u00e3o ter dados sobre as suas actividades de navega\u00e7\u00e3o online monitorizados e recolhidos. Nesta fase, n\u00e3o foi finalizada uma norma tecnol\u00f3gica uniforme para o reconhecimento e implementa\u00e7\u00e3o de sinais DNT. Como tal, atualmente n\u00e3o respondemos aos sinais DNT do browser ou a qualquer outro mecanismo que comunique automaticamente a sua op\u00e7\u00e3o de n\u00e3o ser rastreado online. Se for adoptada uma norma para o rastreio online que tenhamos de seguir no futuro, informaremos o utilizador sobre essa pr\u00e1tica numa vers\u00e3o revista deste aviso de privacidade.<\/p>\n\n\n<h2 class=\"wp-block-heading\" id=\"11-do-we-make-updates-to-this-notice\">11. FAZEMOS ACTUALIZA\u00c7\u00d5ES A ESTE AVISO?<\/h2>\n\n\n<p>Em resumo: Sim, actualizaremos este aviso sempre que necess\u00e1rio para nos mantermos em conformidade com a legisla\u00e7\u00e3o relevante.<\/p>\n\n\n\n<p>A presente declara\u00e7\u00e3o de privacidade pode ser actualizada periodicamente. A vers\u00e3o actualizada ser\u00e1 indicada por uma data \"Revisto\" actualizada e a vers\u00e3o actualizada entrar\u00e1 em vigor assim que estiver acess\u00edvel. Se fizermos altera\u00e7\u00f5es substanciais a esta declara\u00e7\u00e3o de privacidade, poderemos notific\u00e1-lo, quer colocando um aviso em destaque sobre essas altera\u00e7\u00f5es, quer enviando-lhe diretamente uma notifica\u00e7\u00e3o. Recomendamos que reveja frequentemente esta declara\u00e7\u00e3o de privacidade para se manter informado sobre a forma como estamos a proteger as suas informa\u00e7\u00f5es.<\/p>\n\n\n<h2 class=\"wp-block-heading\" id=\"12-how-can-you-contact-us-about-this-notice\">12. COMO PODE CONTACTAR-NOS SOBRE ESTE AVISO?<\/h2>\n\n\n<p>Se tiver perguntas ou coment\u00e1rios sobre este aviso, pode enviar-nos uma mensagem de correio eletr\u00f3nico para info@rayzeek.com<\/p>\n\n\n<h2 class=\"wp-block-heading\" id=\"13-how-can-you-review-update-or-delete-the-data-we-collect-from-you\">13. COMO PODE REVER, ACTUALIZAR OU APAGAR OS DADOS QUE RECOLHEMOS SOBRE SI?<\/h2>\n\n\n<p>Com base na legisla\u00e7\u00e3o aplic\u00e1vel do seu pa\u00eds, o utilizador pode ter o direito de solicitar o acesso \u00e0s informa\u00e7\u00f5es pessoais que recolhemos sobre si, alterar essas informa\u00e7\u00f5es ou elimin\u00e1-las em algumas circunst\u00e2ncias. Para solicitar a revis\u00e3o, atualiza\u00e7\u00e3o ou elimina\u00e7\u00e3o das suas informa\u00e7\u00f5es pessoais, envie um formul\u00e1rio de pedido clicando aqui. Responderemos ao seu pedido no prazo de 30 dias.<\/p>\n<\/div><\/div>","protected":false},"excerpt":{"rendered":"<p>Pol\u00edtica de privacidade<\/p>\n<p>Pol\u00edtica de privacidade<\/p>\n<p>Obrigado por escolher fazer parte da nossa comunidade na Rayzeek (\"Empresa\", \"n\u00f3s\", \"nos\", \"nosso\"). Estamos empenhados em proteger as suas informa\u00e7\u00f5es pessoais e o seu direito \u00e0 privacidade.<\/p>","protected":false},"author":1,"featured_media":0,"parent":0,"menu_order":0,"comment_status":"closed","ping_status":"open","template":"","meta":{"article_term":"","article_term_alternate":"","article_term_def":"","article_hook":"","auto_links":"","article_topic":"","article_fact_check":"","mt_social_share":"","mt_content_meta":"","mt_glossary_display":"","glossary_heading":"","glossary":"","glossary_alter":"","glossary_def":"","article_task":""},"_links":{"self":[{"href":"https:\/\/www.besterpcba.com\/pt\/wp-json\/wp\/v2\/pages\/3"}],"collection":[{"href":"https:\/\/www.besterpcba.com\/pt\/wp-json\/wp\/v2\/pages"}],"about":[{"href":"https:\/\/www.besterpcba.com\/pt\/wp-json\/wp\/v2\/types\/page"}],"author":[{"embeddable":true,"href":"https:\/\/www.besterpcba.com\/pt\/wp-json\/wp\/v2\/users\/1"}],"replies":[{"embeddable":true,"href":"https:\/\/www.besterpcba.com\/pt\/wp-json\/wp\/v2\/comments?post=3"}],"version-history":[{"count":4,"href":"https:\/\/www.besterpcba.com\/pt\/wp-json\/wp\/v2\/pages\/3\/revisions"}],"predecessor-version":[{"id":6561,"href":"https:\/\/www.besterpcba.com\/pt\/wp-json\/wp\/v2\/pages\/3\/revisions\/6561"}],"wp:attachment":[{"href":"https:\/\/www.besterpcba.com\/pt\/wp-json\/wp\/v2\/media?parent=3"}],"curies":[{"name":"wp","href":"https:\/\/api.w.org\/{rel}","templated":true}]}}