{"id":3316,"date":"2021-09-24T08:53:57","date_gmt":"2021-09-24T08:53:57","guid":{"rendered":"https:\/\/besterpcba.com\/?page_id=3316"},"modified":"2023-07-25T06:27:16","modified_gmt":"2023-07-25T06:27:16","slug":"factory","status":"publish","type":"page","link":"https:\/\/www.besterpcba.com\/pt\/fabrica\/","title":{"rendered":"F\u00e1brica"},"content":{"rendered":"<div class=\"wp-block-cover alignfull base_cover base_cover_overlay_grad\"><span aria-hidden=\"true\" class=\"wp-block-cover__background has-background-dim-0 has-background-dim\"><\/span><img loading=\"lazy\" decoding=\"async\" width=\"1920\" height=\"1280\" class=\"wp-block-cover__image-background wp-image-2909\" alt=\"\" src=\"https:\/\/www.besterpcba.com\/wp-content\/uploads\/2021\/09\/XP6A7933.jpg\" data-object-fit=\"cover\" srcset=\"https:\/\/www.besterpcba.com\/wp-content\/uploads\/2021\/09\/XP6A7933.jpg 1920w, https:\/\/www.besterpcba.com\/wp-content\/uploads\/2021\/09\/XP6A7933-300x200.jpg 300w, https:\/\/www.besterpcba.com\/wp-content\/uploads\/2021\/09\/XP6A7933-1024x683.jpg 1024w, https:\/\/www.besterpcba.com\/wp-content\/uploads\/2021\/09\/XP6A7933-768x512.jpg 768w, https:\/\/www.besterpcba.com\/wp-content\/uploads\/2021\/09\/XP6A7933-1600x1067.jpg 1600w, https:\/\/www.besterpcba.com\/wp-content\/uploads\/2021\/09\/XP6A7933-1536x1024.jpg 1536w\" sizes=\"auto, (max-width: 1920px) 100vw, 1920px\" \/><div class=\"wp-block-cover__inner-container is-layout-flow wp-block-cover-is-layout-flow\">\n<div class=\"wp-block-group\"><div class=\"wp-block-group__inner-container is-layout-constrained wp-block-group-is-layout-constrained\"><div class=\"breadcrumbs\" typeof=\"BreadcrumbList\" vocab=\"https:\/\/schema.org\/\"><span property=\"itemListElement\" typeof=\"ListItem\"><a property=\"item\" typeof=\"WebPage\" title=\"Ir para o One Stop PCBA Fabricante.\" href=\"https:\/\/www.besterpcba.com\/pt\" class=\"home\" aria-current=\"page\"><span property=\"name\">Fabricante de PCBA de uma s\u00f3 vez<\/span><\/a><meta property=\"position\" content=\"1\"><\/span><\/div>\n\n<h1 class=\"wp-block-heading\" id=\"factory-tour\">Visita \u00e0 f\u00e1brica<\/h1>\n\n\n<p class=\"has-text-align-left has-large-font-size\">Bem-vindo a uma visita diretamente \u00e0 nossa f\u00e1brica em Shenzhen ou pode ver v\u00eddeos para conhecer melhor a Bester Tech.<\/p>\n\n\n\n<div class='base_cover_button_wrapper'><p class=\"base_header_button\"><a href=\"https:\/\/www.besterpcba.com\/pt\/contacto\/\" data-type=\"page\" data-id=\"1358\">Obter um or\u00e7amento gratuito<\/a><\/p><\/div>\n<\/div><\/div>\n<\/div><\/div>\n\n\n\n<div class=\"wp-block-group base_page_text_group\"><div class=\"wp-block-group__inner-container is-layout-flow wp-block-group-is-layout-flow\"><h2 class=\"wp-block-heading\" id=\"bester-tech-alibaba-sgs-inspection\">Bester Tech - Inspe\u00e7\u00e3o Alibaba SGS<\/h2>\n\n\n<p>Como uma das principais empresas de inspe\u00e7\u00e3o, verifica\u00e7\u00e3o, testes e certifica\u00e7\u00e3o do mundo, a SGS \u00e9 reconhecida como a refer\u00eancia global de qualidade e integridade, possuindo mais de 2600 escrit\u00f3rios e laborat\u00f3rios em todo o mundo.<\/p>\n\n\n\n<p>A Tecnologia Bester foi verificada no local e \u00e9 avaliada, certificada, autenticada e inspeccionada pelo Grupo SGS.<\/p>\n\n\n\n<p>Somos agora um fornecedor premium verificado de 11 anos no Alibaba com inspe\u00e7\u00e3o de material no local e um espa\u00e7o total de 1.500\u33a1, relatado e inspecionado pelo grupo SGS de 3 terceiros.<\/p>\n\n\n\n<p>Veja o v\u00eddeo da inspe\u00e7\u00e3o no local da SGS abaixo para uma r\u00e1pida visita \u00e0 f\u00e1brica.<\/p>\n\n\n\n<figure class=\"wp-block-video\"><video height=\"1080\" style=\"aspect-ratio: 1920 \/ 1080;\" width=\"1920\" controls preload=\"none\" src=\"https:\/\/www.besterpcba.com\/wp-content\/uploads\/2023\/06\/bester-factory.mp4\"><\/video><\/figure>\n<\/div><\/div>\n\n\n\n<div class=\"wp-block-group bs_factory_videos\"><div class=\"wp-block-group__inner-container is-layout-flow wp-block-group-is-layout-flow\"><h2 class=\"wp-block-heading underline--magical\" id=\"manufacturing-videos\">V\u00eddeos de fabrico<\/h2>\n\n\n<div class=\"wp-block-group bs_page_flex_gp flex_gp_3\"><div class=\"wp-block-group__inner-container is-layout-constrained wp-block-group-is-layout-constrained\">\n<div class=\"wp-block-group\"><div class=\"wp-block-group__inner-container is-layout-constrained wp-block-group-is-layout-constrained\">\n<figure class=\"wp-block-video\"><video height=\"1080\" style=\"aspect-ratio: 1920 \/ 1080;\" width=\"1920\" controls preload=\"none\" src=\"https:\/\/www.besterpcba.com\/wp-content\/uploads\/2023\/06\/incoming-materials-warehouse.mp4\"><\/video><\/figure>\n\n\n<h3 class=\"wp-block-heading\" id=\"incoming-material-warehouse\">Armaz\u00e9m de entrada de material<\/h3><\/div><\/div>\n\n\n\n<div class=\"wp-block-group\"><div class=\"wp-block-group__inner-container is-layout-constrained wp-block-group-is-layout-constrained\">\n<figure class=\"wp-block-video\"><video height=\"1080\" style=\"aspect-ratio: 1920 \/ 1080;\" width=\"1920\" controls preload=\"none\" src=\"https:\/\/www.besterpcba.com\/wp-content\/uploads\/2023\/06\/electronic-components-incoming-inspection.mp4\"><\/video><\/figure>\n\n\n<h3 class=\"wp-block-heading\" id=\"electronic-components-incoming-inspection\">Inspe\u00e7\u00e3o de entrada de componentes electr\u00f3nicos<\/h3><\/div><\/div>\n\n\n\n<div class=\"wp-block-group\"><div class=\"wp-block-group__inner-container is-layout-constrained wp-block-group-is-layout-constrained\">\n<figure class=\"wp-block-video\"><video height=\"1080\" style=\"aspect-ratio: 1920 \/ 1080;\" width=\"1920\" controls preload=\"none\" src=\"https:\/\/www.besterpcba.com\/wp-content\/uploads\/2023\/06\/dry-cabinet.mp4\"><\/video><\/figure>\n\n\n<h3 class=\"wp-block-heading\" id=\"dry-cabinet\">Arm\u00e1rio seco<\/h3><\/div><\/div>\n\n\n\n<div class=\"wp-block-group\"><div class=\"wp-block-group__inner-container is-layout-constrained wp-block-group-is-layout-constrained\">\n<figure class=\"wp-block-video\"><video height=\"1080\" style=\"aspect-ratio: 1920 \/ 1080;\" width=\"1920\" controls preload=\"none\" src=\"https:\/\/www.besterpcba.com\/wp-content\/uploads\/2023\/06\/smt-workshop.mp4\"><\/video><\/figure>\n\n\n<h3 class=\"wp-block-heading\" id=\"smt-workshop\">Oficina SMT<\/h3><\/div><\/div>\n\n\n\n<div class=\"wp-block-group\"><div class=\"wp-block-group__inner-container is-layout-constrained wp-block-group-is-layout-constrained\">\n<figure class=\"wp-block-video\"><video height=\"1080\" style=\"aspect-ratio: 1920 \/ 1080;\" width=\"1920\" controls preload=\"none\" src=\"https:\/\/www.besterpcba.com\/wp-content\/uploads\/2023\/06\/gd450-paste-printer.mp4\"><\/video><\/figure>\n\n\n<h3 class=\"wp-block-heading\" id=\"gd-450-paste-printer\">Impressora de pasta GD 450+<\/h3><\/div><\/div>\n\n\n\n<div class=\"wp-block-group\"><div class=\"wp-block-group__inner-container is-layout-constrained wp-block-group-is-layout-constrained\">\n<figure class=\"wp-block-video\"><video height=\"1080\" style=\"aspect-ratio: 1920 \/ 1080;\" width=\"1920\" controls preload=\"none\" src=\"https:\/\/www.besterpcba.com\/wp-content\/uploads\/2023\/06\/stencil-tension-measurement.mp4\"><\/video><\/figure>\n\n\n<h3 class=\"wp-block-heading\" id=\"stencil-tension-measurement\">Medi\u00e7\u00e3o da tens\u00e3o do est\u00eancil<\/h3><\/div><\/div>\n\n\n\n<div class=\"wp-block-group\"><div class=\"wp-block-group__inner-container is-layout-constrained wp-block-group-is-layout-constrained\">\n<figure class=\"wp-block-video\"><video height=\"1080\" style=\"aspect-ratio: 1920 \/ 1080;\" width=\"1920\" controls src=\"https:\/\/www.besterpcba.com\/wp-content\/uploads\/2023\/06\/automatic-solder-paste-printer.mp4\"><\/video><\/figure>\n\n\n<h3 class=\"wp-block-heading\" id=\"automatic-solder-paste-printing\">Impress\u00e3o autom\u00e1tica de pasta de solda<\/h3><\/div><\/div>\n\n\n\n<div class=\"wp-block-group\"><div class=\"wp-block-group__inner-container is-layout-constrained wp-block-group-is-layout-constrained\">\n<figure class=\"wp-block-video\"><video height=\"1080\" style=\"aspect-ratio: 1920 \/ 1080;\" width=\"1920\" controls src=\"https:\/\/www.besterpcba.com\/wp-content\/uploads\/2023\/06\/smt.mp4\"><\/video><\/figure>\n\n\n<h3 class=\"wp-block-heading\" id=\"smt\">SMT<\/h3><\/div><\/div>\n\n\n\n<div class=\"wp-block-group\"><div class=\"wp-block-group__inner-container is-layout-constrained wp-block-group-is-layout-constrained\">\n<figure class=\"wp-block-video\"><video height=\"1080\" style=\"aspect-ratio: 1920 \/ 1080;\" width=\"1920\" controls src=\"https:\/\/www.besterpcba.com\/wp-content\/uploads\/2023\/06\/reflow.mp4\"><\/video><\/figure>\n\n\n<h3 class=\"wp-block-heading\" id=\"reflow\">Refluxo<\/h3><\/div><\/div>\n\n\n\n<div class=\"wp-block-group\"><div class=\"wp-block-group__inner-container is-layout-constrained wp-block-group-is-layout-constrained\">\n<figure class=\"wp-block-video\"><video height=\"1080\" style=\"aspect-ratio: 1920 \/ 1080;\" width=\"1920\" controls src=\"https:\/\/www.besterpcba.com\/wp-content\/uploads\/2023\/06\/reflow-end.mp4\"><\/video><\/figure>\n\n\n<h3 class=\"wp-block-heading\" id=\"reflow\">Refluxo<\/h3><\/div><\/div>\n\n\n\n<div class=\"wp-block-group\"><div class=\"wp-block-group__inner-container is-layout-constrained wp-block-group-is-layout-constrained\">\n<figure class=\"wp-block-video\"><video height=\"1080\" style=\"aspect-ratio: 1920 \/ 1080;\" width=\"1920\" controls preload=\"none\" src=\"https:\/\/www.besterpcba.com\/wp-content\/uploads\/2023\/06\/AOI.mp4\"><\/video><\/figure>\n\n\n<h3 class=\"wp-block-heading\" id=\"aoi\">AOI<\/h3><\/div><\/div>\n\n\n\n<div class=\"wp-block-group\"><div class=\"wp-block-group__inner-container is-layout-constrained wp-block-group-is-layout-constrained\">\n<figure class=\"wp-block-video\"><video height=\"1080\" style=\"aspect-ratio: 1920 \/ 1080;\" width=\"1920\" controls preload=\"none\" src=\"https:\/\/www.besterpcba.com\/wp-content\/uploads\/2023\/06\/ok-board-unloader.mp4\"><\/video><\/figure>\n\n\n<h3 class=\"wp-block-heading\" id=\"ok-board-unloader\">Descarregador de placa OK<\/h3><\/div><\/div>\n\n\n\n<div class=\"wp-block-group\"><div class=\"wp-block-group__inner-container is-layout-constrained wp-block-group-is-layout-constrained\">\n<figure class=\"wp-block-video\"><video height=\"1080\" style=\"aspect-ratio: 1920 \/ 1080;\" width=\"1920\" controls preload=\"none\" src=\"https:\/\/www.besterpcba.com\/wp-content\/uploads\/2023\/06\/ng-board-unloader.mp4\"><\/video><\/figure>\n\n\n<h3 class=\"wp-block-heading\" id=\"ng-board-unloader\">Descarregador de placas NG<\/h3><\/div><\/div>\n\n\n\n<div class=\"wp-block-group\"><div class=\"wp-block-group__inner-container is-layout-constrained wp-block-group-is-layout-constrained\">\n<figure class=\"wp-block-video\"><video height=\"1080\" style=\"aspect-ratio: 1920 \/ 1080;\" width=\"1920\" controls preload=\"none\" src=\"https:\/\/www.besterpcba.com\/wp-content\/uploads\/2023\/06\/first-article-inspection.mp4\"><\/video><\/figure>\n\n\n<h3 class=\"wp-block-heading\" id=\"fai\">FAI<\/h3><\/div><\/div>\n\n\n\n<div class=\"wp-block-group\"><div class=\"wp-block-group__inner-container is-layout-constrained wp-block-group-is-layout-constrained\">\n<figure class=\"wp-block-video\"><video height=\"1080\" style=\"aspect-ratio: 1920 \/ 1080;\" width=\"1920\" controls preload=\"none\" src=\"https:\/\/www.besterpcba.com\/wp-content\/uploads\/2023\/06\/dip-workshop.mp4\"><\/video><\/figure>\n\n\n<h3 class=\"wp-block-heading\" id=\"dip-workshop\">Oficina DIP<\/h3><\/div><\/div>\n\n\n\n<div class=\"wp-block-group\"><div class=\"wp-block-group__inner-container is-layout-constrained wp-block-group-is-layout-constrained\">\n<figure class=\"wp-block-video\"><video height=\"1080\" style=\"aspect-ratio: 1920 \/ 1080;\" width=\"1920\" controls preload=\"none\" src=\"https:\/\/www.besterpcba.com\/wp-content\/uploads\/2023\/06\/dip-workshop2.mp4\"><\/video><\/figure>\n\n\n<h3 class=\"wp-block-heading\" id=\"dip-workshop\">Oficina DIP<\/h3><\/div><\/div>\n\n\n\n<div class=\"wp-block-group\"><div class=\"wp-block-group__inner-container is-layout-constrained wp-block-group-is-layout-constrained\">\n<figure class=\"wp-block-video\"><video height=\"1080\" style=\"aspect-ratio: 1920 \/ 1080;\" width=\"1920\" controls preload=\"none\" src=\"https:\/\/www.besterpcba.com\/wp-content\/uploads\/2023\/06\/robotic-soldering.mp4\"><\/video><\/figure>\n\n\n<h3 class=\"wp-block-heading\" id=\"robotic-soldering\">Soldadura Rob\u00f3tica<\/h3><\/div><\/div>\n\n\n\n<div class=\"wp-block-group\"><div class=\"wp-block-group__inner-container is-layout-constrained wp-block-group-is-layout-constrained\">\n<figure class=\"wp-block-video\"><video height=\"1080\" style=\"aspect-ratio: 1920 \/ 1080;\" width=\"1920\" controls preload=\"none\" src=\"https:\/\/www.besterpcba.com\/wp-content\/uploads\/2023\/06\/automated-conformal-coating.mp4\"><\/video><\/figure>\n\n\n<h3 class=\"wp-block-heading\" id=\"automated-conformal-coating\">Revestimento Conformal Automatizado<\/h3><\/div><\/div>\n<\/div><\/div>\n<\/div><\/div>\n\n\n<h2 class=\"wp-block-heading has-text-align-center factory-sector-heading\" id=\"more-reasons-to-choose-bester-tech\">Mais raz\u00f5es para escolher a tecnologia Bester<\/h2>\n\n\n<div class=\"wp-block-cover is-light bs_hp_site_width_cover bs_hp_value bs_video\"><span aria-hidden=\"true\" class=\"wp-block-cover__background has-background-dim-0 has-background-dim\"><\/span><div class=\"wp-block-cover__inner-container is-layout-flow wp-block-cover-is-layout-flow\">\n<div class=\"wp-block-group bs_hp_site_width_cover_img\"><div class=\"wp-block-group__inner-container is-layout-constrained wp-block-group-is-layout-constrained\">\n<figure class=\"wp-block-image size-large\"><img loading=\"lazy\" decoding=\"async\" width=\"1024\" height=\"683\" src=\"https:\/\/www.besterpcba.com\/wp-content\/uploads\/2021\/09\/XP6A1125-1024x683.jpg\" alt=\"\" class=\"wp-image-2828\" srcset=\"https:\/\/www.besterpcba.com\/wp-content\/uploads\/2021\/09\/XP6A1125-1024x683.jpg 1024w, https:\/\/www.besterpcba.com\/wp-content\/uploads\/2021\/09\/XP6A1125-300x200.jpg 300w, https:\/\/www.besterpcba.com\/wp-content\/uploads\/2021\/09\/XP6A1125-768x512.jpg 768w, https:\/\/www.besterpcba.com\/wp-content\/uploads\/2021\/09\/XP6A1125-1600x1067.jpg 1600w, https:\/\/www.besterpcba.com\/wp-content\/uploads\/2021\/09\/XP6A1125-1536x1024.jpg 1536w, https:\/\/www.besterpcba.com\/wp-content\/uploads\/2021\/09\/XP6A1125.jpg 1920w\" sizes=\"auto, (max-width: 1024px) 100vw, 1024px\" \/><\/figure>\n<\/div><\/div>\n\n\n\n<div class=\"wp-block-group bs_hp_site_width_cover_txt\"><div class=\"wp-block-group__inner-container is-layout-constrained wp-block-group-is-layout-constrained\"><h3 class=\"wp-block-heading\" id=\"components\">Componentes<\/h3>\n\n<h2 class=\"wp-block-heading\" id=\"at-bester-we-have-full-stocking-of-components-for-quick-delievery\">NA BESTER, DISPOMOS DE UM STOCK COMPLETO DE COMPONENTES PARA UMA ENTREGA R\u00c1PIDA<\/h2>\n\n\n<p>Ao longo dos anos, estabelecemos rela\u00e7\u00f5es s\u00f3lidas e est\u00e1veis com fornecedores de componentes de primeira qualidade, tanto nacionais como estrangeiros. Dispomos de um grande stock de componentes comuns e amplamente utilizados para uma entrega r\u00e1pida dos seus projectos de ensaio. <\/p>\n<\/div><\/div>\n<\/div><\/div>\n\n\n\n<div class=\"wp-block-cover is-light bs_hp_site_width_cover bs_hp_value bs_hp_cover_reverse bs_video\"><span aria-hidden=\"true\" class=\"wp-block-cover__background has-background-dim-0 has-background-dim\"><\/span><div class=\"wp-block-cover__inner-container is-layout-flow wp-block-cover-is-layout-flow\">\n<div class=\"wp-block-group bs_hp_site_width_cover_img\"><div class=\"wp-block-group__inner-container is-layout-constrained wp-block-group-is-layout-constrained\">\n<figure class=\"wp-block-image size-large\"><img loading=\"lazy\" decoding=\"async\" width=\"1024\" height=\"683\" src=\"https:\/\/www.besterpcba.com\/wp-content\/uploads\/2021\/09\/XP6A4577-1024x683.jpg\" alt=\"\" class=\"wp-image-2889\" srcset=\"https:\/\/www.besterpcba.com\/wp-content\/uploads\/2021\/09\/XP6A4577-1024x683.jpg 1024w, https:\/\/www.besterpcba.com\/wp-content\/uploads\/2021\/09\/XP6A4577-300x200.jpg 300w, https:\/\/www.besterpcba.com\/wp-content\/uploads\/2021\/09\/XP6A4577-768x512.jpg 768w, https:\/\/www.besterpcba.com\/wp-content\/uploads\/2021\/09\/XP6A4577-1600x1067.jpg 1600w, https:\/\/www.besterpcba.com\/wp-content\/uploads\/2021\/09\/XP6A4577-1536x1024.jpg 1536w, https:\/\/www.besterpcba.com\/wp-content\/uploads\/2021\/09\/XP6A4577.jpg 1920w\" sizes=\"auto, (max-width: 1024px) 100vw, 1024px\" \/><\/figure>\n<\/div><\/div>\n\n\n\n<div class=\"wp-block-group bs_hp_site_width_cover_txt\"><div class=\"wp-block-group__inner-container is-layout-constrained wp-block-group-is-layout-constrained\"><h3 class=\"wp-block-heading\" id=\"quality\">Qualidade<\/h3>\n\n<h2 class=\"wp-block-heading\" id=\"at-bester-we-check-and-test-every-board-before-delivery\">NA BESTER, VERIFICAMOS E TESTAMOS CADA PLACA ANTES DA ENTREGA<\/h2>\n\n\n<p>Esfor\u00e7amo-nos por fornecer aos clientes apenas os melhores produtos de qualidade, porque os produtos falam por si. Na Bester, fornecemos o processo de inspe\u00e7\u00e3o habitual juntamente com testes funcionais para obter o m\u00e1ximo de bons resultados.<\/p>\n<\/div><\/div>\n<\/div><\/div>\n\n\n\n<div class=\"wp-block-cover is-light bs_hp_site_width_cover bs_hp_value bs_video\"><span aria-hidden=\"true\" class=\"wp-block-cover__background has-background-dim-0 has-background-dim\"><\/span><div class=\"wp-block-cover__inner-container is-layout-flow wp-block-cover-is-layout-flow\">\n<div class=\"wp-block-group bs_hp_site_width_cover_img\"><div class=\"wp-block-group__inner-container is-layout-constrained wp-block-group-is-layout-constrained\">\n<figure class=\"wp-block-image size-large\"><img loading=\"lazy\" decoding=\"async\" width=\"1024\" height=\"683\" src=\"https:\/\/www.besterpcba.com\/wp-content\/uploads\/2021\/09\/XP6A4577-1024x683.jpg\" alt=\"\" class=\"wp-image-2889\" srcset=\"https:\/\/www.besterpcba.com\/wp-content\/uploads\/2021\/09\/XP6A4577-1024x683.jpg 1024w, https:\/\/www.besterpcba.com\/wp-content\/uploads\/2021\/09\/XP6A4577-300x200.jpg 300w, https:\/\/www.besterpcba.com\/wp-content\/uploads\/2021\/09\/XP6A4577-768x512.jpg 768w, https:\/\/www.besterpcba.com\/wp-content\/uploads\/2021\/09\/XP6A4577-1600x1067.jpg 1600w, https:\/\/www.besterpcba.com\/wp-content\/uploads\/2021\/09\/XP6A4577-1536x1024.jpg 1536w, https:\/\/www.besterpcba.com\/wp-content\/uploads\/2021\/09\/XP6A4577.jpg 1920w\" sizes=\"auto, (max-width: 1024px) 100vw, 1024px\" \/><\/figure>\n<\/div><\/div>\n\n\n\n<div class=\"wp-block-group bs_hp_site_width_cover_txt\"><div class=\"wp-block-group__inner-container is-layout-constrained wp-block-group-is-layout-constrained\"><h3 class=\"wp-block-heading\" id=\"consistency\">Consist\u00eancia<\/h3>\n\n<h2 class=\"wp-block-heading\" id=\"at-bester-we-work-with-quality-and-consistency-as-first-priority\">NA BESTER, TRABALHAMOS COM QUALIDADE E CONSIST\u00caNCIA COMO PRIMEIRA PRIORIDADE<\/h2>\n\n\n<p>A consist\u00eancia dos nossos produtos e servi\u00e7os de alta qualidade \u00e9 a chave. <\/p>\n\n\n\n<p>Todos podem fornecer bons produtos e servi\u00e7os em algum momento, mas na Bester, esfor\u00e7amo-nos por fornecer a melhor qualidade em todos os momentos, tanto para o desempenho dos nossos produtos como para os servi\u00e7os.<\/p>\n\n\n\n<p>A qualidade da encomenda em massa \u00e9 t\u00e3o boa como a qualidade do seu teste de amostra, s\u00f3 que melhor.<\/p>\n<\/div><\/div>\n<\/div><\/div>\n\n\n\n<div class=\"wp-block-cover alignfull is-light base_footer\"><span aria-hidden=\"true\" class=\"wp-block-cover__background has-background-dim-0 has-background-dim\"><\/span><img loading=\"lazy\" decoding=\"async\" width=\"3226\" height=\"1400\" class=\"wp-block-cover__image-background wp-image-5726\" alt=\"5d10fb377791dacec4062c61 Bg Mid\" src=\"https:\/\/www.besterpcba.com\/wp-content\/uploads\/2023\/06\/5d10fb377791dacec4062c61_bg-mid.png\" data-object-fit=\"cover\" srcset=\"https:\/\/www.besterpcba.com\/wp-content\/uploads\/2023\/06\/5d10fb377791dacec4062c61_bg-mid.png 3226w, https:\/\/www.besterpcba.com\/wp-content\/uploads\/2023\/06\/5d10fb377791dacec4062c61_bg-mid-300x130.png 300w, https:\/\/www.besterpcba.com\/wp-content\/uploads\/2023\/06\/5d10fb377791dacec4062c61_bg-mid-1024x444.png 1024w, https:\/\/www.besterpcba.com\/wp-content\/uploads\/2023\/06\/5d10fb377791dacec4062c61_bg-mid-768x333.png 768w, https:\/\/www.besterpcba.com\/wp-content\/uploads\/2023\/06\/5d10fb377791dacec4062c61_bg-mid-1600x694.png 1600w, https:\/\/www.besterpcba.com\/wp-content\/uploads\/2023\/06\/5d10fb377791dacec4062c61_bg-mid-1536x667.png 1536w, https:\/\/www.besterpcba.com\/wp-content\/uploads\/2023\/06\/5d10fb377791dacec4062c61_bg-mid-2048x889.png 2048w\" sizes=\"auto, (max-width: 3226px) 100vw, 3226px\" \/><div class=\"wp-block-cover__inner-container is-layout-flow wp-block-cover-is-layout-flow\">\n<p class=\"has-text-align-center has-large-font-size\">Pronto para iniciar os seus projectos de montagem de PCB?<\/p>\n\n\n\n<div class='base_cover_button_wrapper'><p class=\"base_cover_button\"><a href=\"https:\/\/www.besterpcba.com\/pt\/contacto\/\" data-type=\"page\" data-id=\"1358\">Contactar-nos<\/a><\/p><\/div>\n<\/div><\/div>","protected":false},"excerpt":{"rendered":"<p>Fabricante de PCBA de uma s\u00f3 vez<\/p>\n<p>Visita \u00e0 f\u00e1brica<\/p>\n<p>Bem-vindo a uma visita diretamente \u00e0 nossa f\u00e1brica em Shenzhen ou pode ver v\u00eddeos para conhecer melhor a Bester Tech.<\/p>","protected":false},"author":1,"featured_media":0,"parent":0,"menu_order":0,"comment_status":"closed","ping_status":"closed","template":"","meta":{"article_term":"","article_term_alternate":"","article_term_def":"","article_hook":"","auto_links":"","article_topic":"","article_fact_check":"","mt_social_share":"","mt_content_meta":"","mt_glossary_display":"","glossary_heading":"","glossary":"","glossary_alter":"","glossary_def":"","article_task":"","footnotes":""},"class_list":["post-3316","page","type-page","status-publish"],"_links":{"self":[{"href":"https:\/\/www.besterpcba.com\/pt\/wp-json\/wp\/v2\/pages\/3316","targetHints":{"allow":["GET"]}}],"collection":[{"href":"https:\/\/www.besterpcba.com\/pt\/wp-json\/wp\/v2\/pages"}],"about":[{"href":"https:\/\/www.besterpcba.com\/pt\/wp-json\/wp\/v2\/types\/page"}],"author":[{"embeddable":true,"href":"https:\/\/www.besterpcba.com\/pt\/wp-json\/wp\/v2\/users\/1"}],"replies":[{"embeddable":true,"href":"https:\/\/www.besterpcba.com\/pt\/wp-json\/wp\/v2\/comments?post=3316"}],"version-history":[{"count":30,"href":"https:\/\/www.besterpcba.com\/pt\/wp-json\/wp\/v2\/pages\/3316\/revisions"}],"predecessor-version":[{"id":7097,"href":"https:\/\/www.besterpcba.com\/pt\/wp-json\/wp\/v2\/pages\/3316\/revisions\/7097"}],"wp:attachment":[{"href":"https:\/\/www.besterpcba.com\/pt\/wp-json\/wp\/v2\/media?parent=3316"}],"curies":[{"name":"wp","href":"https:\/\/api.w.org\/{rel}","templated":true}]}}