{"id":3911,"date":"2021-10-11T06:37:00","date_gmt":"2021-10-11T06:37:00","guid":{"rendered":"https:\/\/besterpcba.com\/?page_id=3911"},"modified":"2023-07-25T07:04:34","modified_gmt":"2023-07-25T07:04:34","slug":"blog","status":"publish","type":"page","link":"https:\/\/www.besterpcba.com\/pt\/blogue\/","title":{"rendered":"Blogue"},"content":{"rendered":"<div class=\"wp-block-cover alignfull is-light base_cover base_cover_overlay_grad\"><span aria-hidden=\"true\" class=\"wp-block-cover__background has-background-dim-0 has-background-dim\"><\/span><img loading=\"lazy\" decoding=\"async\" width=\"1920\" height=\"1156\" class=\"wp-block-cover__image-background wp-image-3862\" alt=\"\" src=\"https:\/\/www.besterpcba.com\/wp-content\/uploads\/2021\/10\/job-5382501_1920-1.jpg\" data-object-fit=\"cover\" srcset=\"https:\/\/www.besterpcba.com\/wp-content\/uploads\/2021\/10\/job-5382501_1920-1.jpg 1920w, https:\/\/www.besterpcba.com\/wp-content\/uploads\/2021\/10\/job-5382501_1920-1-300x181.jpg 300w, https:\/\/www.besterpcba.com\/wp-content\/uploads\/2021\/10\/job-5382501_1920-1-1024x617.jpg 1024w, https:\/\/www.besterpcba.com\/wp-content\/uploads\/2021\/10\/job-5382501_1920-1-768x462.jpg 768w, https:\/\/www.besterpcba.com\/wp-content\/uploads\/2021\/10\/job-5382501_1920-1-1600x963.jpg 1600w, https:\/\/www.besterpcba.com\/wp-content\/uploads\/2021\/10\/job-5382501_1920-1-1536x925.jpg 1536w\" sizes=\"auto, (max-width: 1920px) 100vw, 1920px\" \/><div class=\"wp-block-cover__inner-container is-layout-flow wp-block-cover-is-layout-flow\">\n<div class=\"wp-block-group\"><div class=\"wp-block-group__inner-container is-layout-constrained wp-block-group-is-layout-constrained\"><div class=\"breadcrumbs\" typeof=\"BreadcrumbList\" vocab=\"https:\/\/schema.org\/\"><span property=\"itemListElement\" typeof=\"ListItem\"><a property=\"item\" typeof=\"WebPage\" title=\"Ir para o One Stop PCBA Fabricante.\" href=\"https:\/\/www.besterpcba.com\/pt\" class=\"home\" aria-current=\"page\"><span property=\"name\">Fabricante de PCBA de uma s\u00f3 vez<\/span><\/a><meta property=\"position\" content=\"1\"><\/span><\/div>\n\n<h1 class=\"wp-block-heading\" id=\"blog\">Blogue<\/h1>\n\n\n<p class=\"has-text-align-left has-large-font-size\">Leia os nossos blogues e as nossas ideias sobre a ind\u00fastria de PCB e PCBA.<\/p>\n\n\n\n<div class='base_cover_button_wrapper'><p class=\"base_header_button\"><a href=\"https:\/\/www.besterpcba.com\/pt\/contacto\/\" data-type=\"page\" data-id=\"1358\">Obter um or\u00e7amento gratuito<\/a><\/p><\/div>\n<\/div><\/div>\n<\/div><\/div>\n\n\n\n<div class=\"wp-block-group bs_common_page_group bs_group_gap\"><div class=\"wp-block-group__inner-container is-layout-flow wp-block-group-is-layout-flow\"><h2 class=\"wp-block-heading underline--magical\" id=\"blog\"> Blogue <\/h2>\n\n\n<div class=\"wp-block-query is-layout-flow wp-block-query-is-layout-flow\"><ul class=\"is-flex-container columns-3 best-home-news-gp-query wp-block-post-template is-layout-flow wp-block-post-template-is-layout-flow\"><li class=\"wp-block-post post-10727 post type-post status-publish format-standard has-post-thumbnail hentry category-blog\">\n<figure class=\"alignwide wp-block-post-featured-image\"><a href=\"https:\/\/www.besterpcba.com\/pt\/compra-do-corretor-de-contencao\/\" target=\"_self\"  ><img loading=\"lazy\" decoding=\"async\" width=\"1200\" height=\"800\" src=\"https:\/\/www.besterpcba.com\/wp-content\/uploads\/2026\/01\/electronics-quarantine-hold-bin-factory-inspection.png\" class=\"attachment-post-thumbnail size-post-thumbnail wp-post-image\" alt=\"Conten\u00e7\u00e3o de Compra por Corretor, na Pr\u00e1tica: Um Guia de Campo para Equipes PCBA que N\u00e3o Podem Permitir Vibes\" style=\"object-fit:cover;\" srcset=\"https:\/\/www.besterpcba.com\/wp-content\/uploads\/2026\/01\/electronics-quarantine-hold-bin-factory-inspection.png 1200w, https:\/\/www.besterpcba.com\/wp-content\/uploads\/2026\/01\/electronics-quarantine-hold-bin-factory-inspection-300x200.png 300w, https:\/\/www.besterpcba.com\/wp-content\/uploads\/2026\/01\/electronics-quarantine-hold-bin-factory-inspection-1024x683.png 1024w, https:\/\/www.besterpcba.com\/wp-content\/uploads\/2026\/01\/electronics-quarantine-hold-bin-factory-inspection-768x512.png 768w, https:\/\/www.besterpcba.com\/wp-content\/uploads\/2026\/01\/electronics-quarantine-hold-bin-factory-inspection-18x12.png 18w, https:\/\/www.besterpcba.com\/wp-content\/uploads\/2026\/01\/electronics-quarantine-hold-bin-factory-inspection-600x400.png 600w\" sizes=\"auto, (max-width: 1200px) 100vw, 1200px\" \/><\/a><\/figure>\n\n<h2 class=\"wp-block-post-title\"><a href=\"https:\/\/www.besterpcba.com\/pt\/compra-do-corretor-de-contencao\/\" target=\"_self\" >Conten\u00e7\u00e3o de Compra por Corretor, na Pr\u00e1tica: Um Guia de Campo para Equipes PCBA que N\u00e3o Podem Permitir Vibes<\/a><\/h2>\n\n<div class=\"wp-block-post-excerpt\"><p class=\"wp-block-post-excerpt__excerpt\">Um guia de campo pr\u00e1tico para equipes PCBA comprando por meio de corretores: como isolar, classificar risco, escolher amostragem defens\u00e1vel e usar escalonamento baseado em gatilhos para que a incerteza diminua antes que as pe\u00e7as cheguem \u00e0 produ\u00e7\u00e3o.<\/p><p class=\"wp-block-post-excerpt__more-text\"><a class=\"wp-block-post-excerpt__more-link\" href=\"https:\/\/www.besterpcba.com\/pt\/compra-do-corretor-de-contencao\/\">Ler mais<\/a><\/p><\/div>\n<\/li><li class=\"wp-block-post post-10721 post type-post status-publish format-standard has-post-thumbnail hentry category-blog\">\n<figure class=\"alignwide wp-block-post-featured-image\"><a href=\"https:\/\/www.besterpcba.com\/pt\/armadilha-de-calor-de-potting-de-staking\/\" target=\"_self\"  ><img loading=\"lazy\" decoding=\"async\" width=\"1200\" height=\"800\" src=\"https:\/\/www.besterpcba.com\/wp-content\/uploads\/2026\/01\/unpotted-vs-potted-mosfet-heat-trap.png\" class=\"attachment-post-thumbnail size-post-thumbnail wp-post-image\" alt=\"Staking and Potting Without the Heat Trap: A Field Guide for Hardening Assemblies\" style=\"object-fit:cover;\" srcset=\"https:\/\/www.besterpcba.com\/wp-content\/uploads\/2026\/01\/unpotted-vs-potted-mosfet-heat-trap.png 1200w, https:\/\/www.besterpcba.com\/wp-content\/uploads\/2026\/01\/unpotted-vs-potted-mosfet-heat-trap-300x200.png 300w, https:\/\/www.besterpcba.com\/wp-content\/uploads\/2026\/01\/unpotted-vs-potted-mosfet-heat-trap-1024x683.png 1024w, https:\/\/www.besterpcba.com\/wp-content\/uploads\/2026\/01\/unpotted-vs-potted-mosfet-heat-trap-768x512.png 768w, https:\/\/www.besterpcba.com\/wp-content\/uploads\/2026\/01\/unpotted-vs-potted-mosfet-heat-trap-18x12.png 18w, https:\/\/www.besterpcba.com\/wp-content\/uploads\/2026\/01\/unpotted-vs-potted-mosfet-heat-trap-600x400.png 600w\" sizes=\"auto, (max-width: 1200px) 100vw, 1200px\" \/><\/a><\/figure>\n\n<h2 class=\"wp-block-post-title\"><a href=\"https:\/\/www.besterpcba.com\/pt\/armadilha-de-calor-de-potting-de-staking\/\" target=\"_self\" >Staking and Potting Without the Heat Trap: A Field Guide for Hardening Assemblies<\/a><\/h2>\n\n<div class=\"wp-block-post-excerpt\"><p class=\"wp-block-post-excerpt__excerpt\">Potting e staking podem endurecer eletr\u00f4nicos enquanto silenciosamente quebram caminhos t\u00e9rmicos e de manuten\u00e7\u00e3o. Este guia de campo mostra como mapear caminhos de carga e calor, escolher a solu\u00e7\u00e3o menos irrevers\u00edvel e validar com um A\/B MVQ simples.<\/p><p class=\"wp-block-post-excerpt__more-text\"><a class=\"wp-block-post-excerpt__more-link\" href=\"https:\/\/www.besterpcba.com\/pt\/armadilha-de-calor-de-potting-de-staking\/\">Ler mais<\/a><\/p><\/div>\n<\/li><li class=\"wp-block-post post-10722 post type-post status-publish format-standard has-post-thumbnail hentry category-blog\">\n<figure class=\"alignwide wp-block-post-featured-image\"><a href=\"https:\/\/www.besterpcba.com\/pt\/laco-de-analise-de-falhas-rma\/\" target=\"_self\"  ><img loading=\"lazy\" decoding=\"async\" width=\"1200\" height=\"800\" src=\"https:\/\/www.besterpcba.com\/wp-content\/uploads\/2026\/01\/factory-triage-meeting-digital-dashboard.png\" class=\"attachment-post-thumbnail size-post-thumbnail wp-post-image\" alt=\"An\u00e1lise de Falhas RMA que Realmente Fecha o Ciclo (R\u00e1pido)\" style=\"object-fit:cover;\" srcset=\"https:\/\/www.besterpcba.com\/wp-content\/uploads\/2026\/01\/factory-triage-meeting-digital-dashboard.png 1200w, https:\/\/www.besterpcba.com\/wp-content\/uploads\/2026\/01\/factory-triage-meeting-digital-dashboard-300x200.png 300w, https:\/\/www.besterpcba.com\/wp-content\/uploads\/2026\/01\/factory-triage-meeting-digital-dashboard-1024x683.png 1024w, https:\/\/www.besterpcba.com\/wp-content\/uploads\/2026\/01\/factory-triage-meeting-digital-dashboard-768x512.png 768w, https:\/\/www.besterpcba.com\/wp-content\/uploads\/2026\/01\/factory-triage-meeting-digital-dashboard-18x12.png 18w, https:\/\/www.besterpcba.com\/wp-content\/uploads\/2026\/01\/factory-triage-meeting-digital-dashboard-600x400.png 600w\" sizes=\"auto, (max-width: 1200px) 100vw, 1200px\" \/><\/a><\/figure>\n\n<h2 class=\"wp-block-post-title\"><a href=\"https:\/\/www.besterpcba.com\/pt\/laco-de-analise-de-falhas-rma\/\" target=\"_self\" >An\u00e1lise de Falhas RMA que Realmente Fecha o Ciclo (R\u00e1pido)<\/a><\/h2>\n\n<div class=\"wp-block-post-excerpt\"><p class=\"wp-block-post-excerpt__excerpt\">Um ciclo de an\u00e1lise de falhas RMA em etapas que impulsiona decis\u00f5es r\u00e1pidas sem exagerar: entrada disciplinada, triagem em 48 horas, conten\u00e7\u00e3o paralela e a\u00e7\u00f5es corretivas que ficam em documentos controlados. Pare de enviar incertezas e comece a fechar o ciclo com evid\u00eancias que resistem ao escrut\u00ednio.<\/p><p class=\"wp-block-post-excerpt__more-text\"><a class=\"wp-block-post-excerpt__more-link\" href=\"https:\/\/www.besterpcba.com\/pt\/laco-de-analise-de-falhas-rma\/\">Ler mais<\/a><\/p><\/div>\n<\/li><li class=\"wp-block-post post-10720 post type-post status-publish format-standard has-post-thumbnail hentry category-blog\">\n<figure class=\"alignwide wp-block-post-featured-image\"><a href=\"https:\/\/www.besterpcba.com\/pt\/testabilidade-de-revestimento-conformal-seletivo\/\" target=\"_self\"  ><img loading=\"lazy\" decoding=\"async\" width=\"1200\" height=\"800\" src=\"https:\/\/www.besterpcba.com\/wp-content\/uploads\/2026\/01\/robotic-nozzle-selective-coating-pcb.png\" class=\"attachment-post-thumbnail size-post-thumbnail wp-post-image\" alt=\"Revestimento Conformal Seletivo que N\u00e3o Mata Testes nem Transforma Rework em Folclore\" style=\"object-fit:cover;\" srcset=\"https:\/\/www.besterpcba.com\/wp-content\/uploads\/2026\/01\/robotic-nozzle-selective-coating-pcb.png 1200w, https:\/\/www.besterpcba.com\/wp-content\/uploads\/2026\/01\/robotic-nozzle-selective-coating-pcb-300x200.png 300w, https:\/\/www.besterpcba.com\/wp-content\/uploads\/2026\/01\/robotic-nozzle-selective-coating-pcb-1024x683.png 1024w, https:\/\/www.besterpcba.com\/wp-content\/uploads\/2026\/01\/robotic-nozzle-selective-coating-pcb-768x512.png 768w, https:\/\/www.besterpcba.com\/wp-content\/uploads\/2026\/01\/robotic-nozzle-selective-coating-pcb-18x12.png 18w, https:\/\/www.besterpcba.com\/wp-content\/uploads\/2026\/01\/robotic-nozzle-selective-coating-pcb-600x400.png 600w\" sizes=\"auto, (max-width: 1200px) 100vw, 1200px\" \/><\/a><\/figure>\n\n<h2 class=\"wp-block-post-title\"><a href=\"https:\/\/www.besterpcba.com\/pt\/testabilidade-de-revestimento-conformal-seletivo\/\" target=\"_self\" >Revestimento Conformal Seletivo que N\u00e3o Mata Testes nem Transforma Rework em Folclore<\/a><\/h2>\n\n<div class=\"wp-block-post-excerpt\"><p class=\"wp-block-post-excerpt__excerpt\">Revestimento conformal seletivo pode aumentar a confiabilidade enquanto silenciosamente prejudica ICT, desempenho de conectores, comportamento RF e tempo de retrabalho. Este artigo mostra como zonas de exclus\u00e3o, espessura controlada, evid\u00eancias de verifica\u00e7\u00e3o e um ciclo de rework definido evitam falsos falhos caros e intermitentes de 'mist\u00e9rio'.<\/p><p class=\"wp-block-post-excerpt__more-text\"><a class=\"wp-block-post-excerpt__more-link\" href=\"https:\/\/www.besterpcba.com\/pt\/testabilidade-de-revestimento-conformal-seletivo\/\">Ler mais<\/a><\/p><\/div>\n<\/li><li class=\"wp-block-post post-10717 post type-post status-publish format-standard has-post-thumbnail hentry category-blog\">\n<figure class=\"alignwide wp-block-post-featured-image\"><a href=\"https:\/\/www.besterpcba.com\/pt\/velocidade-da-linha-de-rastreabilidade-smt\/\" target=\"_self\"  ><img loading=\"lazy\" decoding=\"async\" width=\"1200\" height=\"800\" src=\"https:\/\/www.besterpcba.com\/wp-content\/uploads\/2026\/01\/smt-team-reviewing-recall-spreadsheet-at-monitor.png\" class=\"attachment-post-thumbnail size-post-thumbnail wp-post-image\" alt=\"Rastreabilidade que N\u00e3o Rouba Segundos: Um Guia de Campo para Equipes SMT que Ainda Precisam Enviar\" style=\"object-fit:cover;\" srcset=\"https:\/\/www.besterpcba.com\/wp-content\/uploads\/2026\/01\/smt-team-reviewing-recall-spreadsheet-at-monitor.png 1200w, https:\/\/www.besterpcba.com\/wp-content\/uploads\/2026\/01\/smt-team-reviewing-recall-spreadsheet-at-monitor-300x200.png 300w, https:\/\/www.besterpcba.com\/wp-content\/uploads\/2026\/01\/smt-team-reviewing-recall-spreadsheet-at-monitor-1024x683.png 1024w, https:\/\/www.besterpcba.com\/wp-content\/uploads\/2026\/01\/smt-team-reviewing-recall-spreadsheet-at-monitor-768x512.png 768w, https:\/\/www.besterpcba.com\/wp-content\/uploads\/2026\/01\/smt-team-reviewing-recall-spreadsheet-at-monitor-18x12.png 18w, https:\/\/www.besterpcba.com\/wp-content\/uploads\/2026\/01\/smt-team-reviewing-recall-spreadsheet-at-monitor-600x400.png 600w\" sizes=\"auto, (max-width: 1200px) 100vw, 1200px\" \/><\/a><\/figure>\n\n<h2 class=\"wp-block-post-title\"><a href=\"https:\/\/www.besterpcba.com\/pt\/velocidade-da-linha-de-rastreabilidade-smt\/\" target=\"_self\" >Rastreabilidade que N\u00e3o Rouba Segundos: Um Guia de Campo para Equipes SMT que Ainda Precisam Enviar<\/a><\/h2>\n\n<div class=\"wp-block-post-excerpt\"><p class=\"wp-block-post-excerpt__excerpt\">A rastreabilidade de notas de recall \u00e9 a capacidade de responder rapidamente \u00e0 quest\u00e3o da conten\u00e7\u00e3o: quais s\u00e9ries enviadas usaram um lote espec\u00edfico do fornecedor. Este guia mostra como capturar liga\u00e7\u00f5es de materiais defens\u00e1veis a montante, projetar para exce\u00e7\u00f5es e enviar relat\u00f3rios de compras e qualidade em que a equipe confia sem desacelerar a linha.<\/p><p class=\"wp-block-post-excerpt__more-text\"><a class=\"wp-block-post-excerpt__more-link\" href=\"https:\/\/www.besterpcba.com\/pt\/velocidade-da-linha-de-rastreabilidade-smt\/\">Ler mais<\/a><\/p><\/div>\n<\/li><li class=\"wp-block-post post-10716 post type-post status-publish format-standard has-post-thumbnail hentry category-blog\">\n<figure class=\"alignwide wp-block-post-featured-image\"><a href=\"https:\/\/www.besterpcba.com\/pt\/controle-de-build-em-andamento\/\" target=\"_self\"  ><img loading=\"lazy\" decoding=\"async\" width=\"1200\" height=\"800\" src=\"https:\/\/www.besterpcba.com\/wp-content\/uploads\/2026\/01\/electronics-assembly-floor-with-wip-totes.png\" class=\"attachment-post-thumbnail size-post-thumbnail wp-post-image\" alt=\"Builds em Est\u00e1gio Sem Caos de Dupla Manipula\u00e7\u00e3o: Um Guia de Campo que Trata WIP Como um Processo\" style=\"object-fit:cover;\" srcset=\"https:\/\/www.besterpcba.com\/wp-content\/uploads\/2026\/01\/electronics-assembly-floor-with-wip-totes.png 1200w, https:\/\/www.besterpcba.com\/wp-content\/uploads\/2026\/01\/electronics-assembly-floor-with-wip-totes-300x200.png 300w, https:\/\/www.besterpcba.com\/wp-content\/uploads\/2026\/01\/electronics-assembly-floor-with-wip-totes-1024x683.png 1024w, https:\/\/www.besterpcba.com\/wp-content\/uploads\/2026\/01\/electronics-assembly-floor-with-wip-totes-768x512.png 768w, https:\/\/www.besterpcba.com\/wp-content\/uploads\/2026\/01\/electronics-assembly-floor-with-wip-totes-18x12.png 18w, https:\/\/www.besterpcba.com\/wp-content\/uploads\/2026\/01\/electronics-assembly-floor-with-wip-totes-600x400.png 600w\" sizes=\"auto, (max-width: 1200px) 100vw, 1200px\" \/><\/a><\/figure>\n\n<h2 class=\"wp-block-post-title\"><a href=\"https:\/\/www.besterpcba.com\/pt\/controle-de-build-em-andamento\/\" target=\"_self\" >Builds em Est\u00e1gio Sem Caos de Dupla Manipula\u00e7\u00e3o: Um Guia de Campo que Trata WIP Como um Processo<\/a><\/h2>\n\n<div class=\"wp-block-post-excerpt\"><p class=\"wp-block-post-excerpt__excerpt\">Compila\u00e7\u00f5es em staging falham quando o trabalho em andamento se torna desconhecido. Este guia pr\u00e1tico mostra como executar o staging como um processo real com estados de WIP definidos, pontos de reten\u00e7\u00e3o, quarentena, controles t\u00e9rmicos e MSL, e disciplina de armazenamento\/kit\u2014para que \u201cquase pronto\u201d nunca se transforme em retrabalho n\u00e3o rastre\u00e1vel.<\/p><p class=\"wp-block-post-excerpt__more-text\"><a class=\"wp-block-post-excerpt__more-link\" href=\"https:\/\/www.besterpcba.com\/pt\/controle-de-build-em-andamento\/\">Ler mais<\/a><\/p><\/div>\n<\/li><\/ul>\n\n<nav class=\"wp-block-query-pagination is-layout-flex wp-block-query-pagination-is-layout-flex\" aria-label=\"Pagina\u00e7\u00e3o\">\n\n\n<div class=\"wp-block-query-pagination-numbers\"><span aria-current=\"page\" class=\"page-numbers current\">1<\/span>\n<a class=\"page-numbers\" href=\"?query-45-page=2\">2<\/a>\n<a class=\"page-numbers\" href=\"?query-45-page=3\">3<\/a>\n<span class=\"page-numbers dots\">...<\/span>\n<a class=\"page-numbers\" href=\"?query-45-page=31\">31<\/a><\/div>\n\n<a href=\"\/pt\/wp-json\/wp\/v2\/pages\/3911?query-45-page=2\" class=\"wp-block-query-pagination-next\">P\u00e1gina seguinte<\/a>\n<\/nav><\/div>\n<\/div><\/div>","protected":false},"excerpt":{"rendered":"<p>Um lote de corretora pode chegar parecendo limpo, com pre\u00e7o como um milagre, e com tempo como uma resposta \u00e0 ora\u00e7\u00e3o. \u00c9 exatamente a\u00ed que fica perigoso.<\/p>","protected":false},"author":1,"featured_media":0,"parent":0,"menu_order":0,"comment_status":"closed","ping_status":"closed","template":"","meta":{"article_term":"","article_term_alternate":"","article_term_def":"","article_hook":"","auto_links":"","article_topic":"","article_fact_check":"","mt_social_share":"","mt_content_meta":"","mt_glossary_display":"","glossary_heading":"","glossary":"","glossary_alter":"","glossary_def":"","article_task":"","footnotes":""},"class_list":["post-3911","page","type-page","status-publish"],"_links":{"self":[{"href":"https:\/\/www.besterpcba.com\/pt\/wp-json\/wp\/v2\/pages\/3911","targetHints":{"allow":["GET"]}}],"collection":[{"href":"https:\/\/www.besterpcba.com\/pt\/wp-json\/wp\/v2\/pages"}],"about":[{"href":"https:\/\/www.besterpcba.com\/pt\/wp-json\/wp\/v2\/types\/page"}],"author":[{"embeddable":true,"href":"https:\/\/www.besterpcba.com\/pt\/wp-json\/wp\/v2\/users\/1"}],"replies":[{"embeddable":true,"href":"https:\/\/www.besterpcba.com\/pt\/wp-json\/wp\/v2\/comments?post=3911"}],"version-history":[{"count":14,"href":"https:\/\/www.besterpcba.com\/pt\/wp-json\/wp\/v2\/pages\/3911\/revisions"}],"predecessor-version":[{"id":7149,"href":"https:\/\/www.besterpcba.com\/pt\/wp-json\/wp\/v2\/pages\/3911\/revisions\/7149"}],"wp:attachment":[{"href":"https:\/\/www.besterpcba.com\/pt\/wp-json\/wp\/v2\/media?parent=3911"}],"curies":[{"name":"wp","href":"https:\/\/api.w.org\/{rel}","templated":true}]}}