{"id":4328,"date":"2021-10-22T03:17:05","date_gmt":"2021-10-22T03:17:05","guid":{"rendered":"https:\/\/besterpcba.com\/?page_id=4328"},"modified":"2023-07-25T07:17:37","modified_gmt":"2023-07-25T07:17:37","slug":"capabilities","status":"publish","type":"page","link":"https:\/\/www.besterpcba.com\/pt\/capacidades\/","title":{"rendered":"Capacidades"},"content":{"rendered":"<div class=\"wp-block-cover alignfull base_cover base_cover_overlay_grad\"><span aria-hidden=\"true\" class=\"wp-block-cover__background has-background-dim-0 has-background-dim\"><\/span><img loading=\"lazy\" decoding=\"async\" width=\"1920\" height=\"1280\" class=\"wp-block-cover__image-background wp-image-2889\" alt=\"\" src=\"https:\/\/www.besterpcba.com\/wp-content\/uploads\/2021\/09\/XP6A4577.jpg\" data-object-fit=\"cover\" srcset=\"https:\/\/www.besterpcba.com\/wp-content\/uploads\/2021\/09\/XP6A4577.jpg 1920w, https:\/\/www.besterpcba.com\/wp-content\/uploads\/2021\/09\/XP6A4577-300x200.jpg 300w, https:\/\/www.besterpcba.com\/wp-content\/uploads\/2021\/09\/XP6A4577-1024x683.jpg 1024w, https:\/\/www.besterpcba.com\/wp-content\/uploads\/2021\/09\/XP6A4577-768x512.jpg 768w, https:\/\/www.besterpcba.com\/wp-content\/uploads\/2021\/09\/XP6A4577-1600x1067.jpg 1600w, https:\/\/www.besterpcba.com\/wp-content\/uploads\/2021\/09\/XP6A4577-1536x1024.jpg 1536w\" sizes=\"auto, (max-width: 1920px) 100vw, 1920px\" \/><div class=\"wp-block-cover__inner-container is-layout-flow wp-block-cover-is-layout-flow\">\n<div class=\"wp-block-group\"><div class=\"wp-block-group__inner-container is-layout-constrained wp-block-group-is-layout-constrained\"><div class=\"breadcrumbs\" typeof=\"BreadcrumbList\" vocab=\"https:\/\/schema.org\/\"><span property=\"itemListElement\" typeof=\"ListItem\"><a property=\"item\" typeof=\"WebPage\" title=\"Ir para o One Stop PCBA Fabricante.\" href=\"https:\/\/www.besterpcba.com\/pt\" class=\"home\" aria-current=\"page\"><span property=\"name\">Fabricante de PCBA de uma s\u00f3 vez<\/span><\/a><meta property=\"position\" content=\"1\"><\/span><\/div>\n\n<h1 class=\"wp-block-heading\" id=\"pcb-capabilities\">Capacidades de PCB<\/h1>\n\n\n<p class=\"has-text-align-left has-large-font-size\">Bester Tech Capacidades PCB&amp;PCBA<\/p>\n\n\n\n<div class='base_cover_button_wrapper'><p class=\"base_header_button\"><a href=\"https:\/\/www.besterpcba.com\/pt\/contacto\/\" data-type=\"page\" data-id=\"1358\">Obter um or\u00e7amento gratuito<\/a><\/p><\/div>\n<\/div><\/div>\n<\/div><\/div>\n\n\n\n<div class=\"wp-block-group faq\"><div class=\"wp-block-group__inner-container is-layout-flow wp-block-group-is-layout-flow\"><h2 class=\"wp-block-heading\" id=\"pcb-fabrication-capabilities\"> Capacidades de fabrico de PCB <\/h2>\n\n\n<div class=\"tabs\">\n   <div class=\"tab\">\n      <input type=\"checkbox\" id=\"chck1\">\n      <label class=\"tab-label\" for=\"chck1\">PROT\u00d3TIPO DE PLACA DE CIRCUITO IMPRESSO<\/label>\n      <div class=\"tab-content\">\n         <figure class=\"wp-block-table product-spec-table\"><table><thead><tr><th>Carater\u00edstica<\/th><th>Capacidades<\/th><\/tr><\/thead><tbody><tr><th>Grau de qualidade<\/th><td>Norma IPC 1<\/td><\/tr><tr><th>N\u00famero de camadas<\/th><td>1 - 8 camadas<\/td><\/tr><tr><th>Quantidade da encomenda<\/th><td>5 - 100pcs<\/td><\/tr><tr><th>Tempo de constru\u00e7\u00e3o<\/th><td>2 - 7 dias<\/td><\/tr><tr><th>Material<\/th><td>FR-4 Padr\u00e3o Tg 140\u00b0C<\/td><\/tr><tr><th>Tamanho do quadro<\/th><td>M\u00ednimo 6mm x 6mm<br>M\u00e1ximo 500 mm x 500 mm<\/td><\/tr><tr><th>Espessura da placa<\/th><td>0,4 mm - 2,0 mm<\/td><\/tr><tr><th>Peso do cobre<\/th><td>1.0oz - 2.0oz<\/td><\/tr><tr><th>Tra\u00e7ado\/espa\u00e7amento m\u00ednimo<\/th><td>5mil\/6mil (peso do cobre: 1oz)<br>8mil\/8mil (peso do cobre: 2oz)<\/td><\/tr><tr><th>Lados da m\u00e1scara de solda<\/th><td>De acordo com o ficheiro<\/td><\/tr><tr><th>Cor da m\u00e1scara de solda<\/th><td>Verde, Branco, Azul, Preto, Vermelho, Amarelo<\/td><\/tr><tr><th><strong>Lados serigrafados<\/strong><\/th><td>De acordo com o ficheiro<\/td><\/tr><tr><th><strong>Cor da serigrafia<\/strong><\/th><td>Branco, preto<\/td><\/tr><tr><th>Acabamento da superf\u00edcie<\/th><td>HASL sem chumbo - RoHS<br>HASL - Nivelamento de solda por ar quente<br>ENIG - N\u00edquel eletrol\u00edtico\/Imers\u00e3o de ouro - RoHS<\/td><\/tr><tr><th>Anel anular m\u00ednimo<\/th><td>5mil<\/td><\/tr><tr><th>Di\u00e2metro m\u00ednimo do furo de perfura\u00e7\u00e3o<\/th><td>8mil<\/td><\/tr><tr><th>Largura m\u00ednima do recorte (NPTH)<\/th><td>0,8 mm<\/td><\/tr><tr><th>Largura m\u00ednima do orif\u00edcio da ranhura (PTH)<\/th><td>0,6 mm<\/td><\/tr><tr><th>Espessura de revestimento da superf\u00edcie\/furo<\/th><td>20\u03bcm - 30\u03bcm<\/td><\/tr><tr><th>Rela\u00e7\u00e3o de aspeto<\/th><td>10:1 (espessura da placa: tamanho do furo)<\/td><\/tr><tr><th>Teste<\/th><td>10V - 250V, sonda voadora ou dispositivo de teste<\/td><\/tr><\/tbody><\/table><\/figure>\n      <\/div>\n   <\/div>\n   <div class=\"tab\">\n      <input type=\"checkbox\" id=\"chck2\">\n      <label class=\"tab-label\" for=\"chck2\">PCB R\u00cdGIDA<\/label>\n      <div class=\"tab-content\">\n         <figure class=\"wp-block-table product-spec-table\"><table><thead><tr><th>Carater\u00edstica<\/th><th>Capacidades<\/th><\/tr><\/thead><tbody><tr><th>Grau de qualidade<\/th><td>Norma IPC 2<\/td><\/tr><tr><th>N\u00famero de camadas<\/th><td>1 - 32layers<\/td><\/tr><tr><th>Quantidade da encomenda<\/th><td>1 unidade - 10.000.000 unidades<\/td><\/tr><tr><th>Tempo de constru\u00e7\u00e3o<\/th><td>2dias - 5semanas<\/td><\/tr><tr><th>Material<\/th><td>FR-4 Standard Tg 150\u00b0C, FR4-High Tg 170\u00b0C, FR4-High-Tg 180\u00b0C, FR4-Halogen-free, FR4-Halogen-free &amp; High-Tg<\/td><\/tr><tr><th>Tamanho do quadro<\/th><td>M\u00ednimo 6mm x 6mm<br>M\u00e1ximo de 600 mm x 700 mm<\/td><\/tr><tr><th>Espessura da placa<\/th><td>0,4 mm - 3,2 mm<\/td><\/tr><tr><th>Peso do cobre<\/th><td>0,5 on\u00e7as - 6,0 on\u00e7as<\/td><\/tr><tr><th>Tra\u00e7ado\/espa\u00e7amento m\u00ednimo<\/th><td>3mil\/3mil<\/td><\/tr><tr><th>Lados da m\u00e1scara de solda<\/th><td>De acordo com o ficheiro<\/td><\/tr><tr><th>Cor da m\u00e1scara de solda<\/th><td>Verde, Branco, Azul, Preto, Vermelho, Amarelo<\/td><\/tr><tr><th><strong>Lados serigrafados<\/strong><\/th><td>De acordo com o ficheiro<\/td><\/tr><tr><th>Acabamento da superf\u00edcie<\/th><td>HASL - Nivelamento de solda por ar quente<br>HASL sem chumbo - RoHS<br>ENIG - N\u00edquel eletrol\u00edtico\/Imers\u00e3o de ouro - RoHS<br>ENEPIG - Ouro de imers\u00e3o em n\u00edquel eletrol\u00edtico e pal\u00e1dio eletrol\u00edtico - RoHS<br>Prata de imers\u00e3o - RoHS<br>Estanho de imers\u00e3o - RoHS<br>OSP - Conservantes org\u00e2nicos de soldabilidade - RoHS<\/td><\/tr><tr><th>Anel anular m\u00ednimo<\/th><td>3mil<\/td><\/tr><tr><th>Di\u00e2metro m\u00ednimo do furo de perfura\u00e7\u00e3o<\/th><td>6mil, 4mil - broca laser<\/td><\/tr><tr><th>Largura m\u00ednima do recorte (NPTH)<\/th><td>0,8 mm<\/td><\/tr><tr><th>Largura m\u00ednima do orif\u00edcio da ranhura (PTH)<\/th><td>0,6 mm<\/td><\/tr><tr><th>Espessura de revestimento da superf\u00edcie\/furo<\/th><td>20\u03bcm - 30\u03bcm<\/td><\/tr><tr><th>Rela\u00e7\u00e3o de aspeto<\/th><td>1:10 (tamanho do furo: espessura da placa)<\/td><\/tr><tr><th>Teste<\/th><td>10V - 250V, sonda voadora ou dispositivo de teste<\/td><\/tr><tr><th>Toler\u00e2ncia de imped\u00e2ncia<\/th><td>\u00b15% - \u00b110%<\/td><\/tr><tr><th>Passo SMD<\/th><td>0,2mm (8mil)<\/td><\/tr><tr><th>Passo BGA<\/th><td>0,2mm (8mil)<\/td><\/tr><tr><th>Chanfro dos dedos de ouro<\/th><td>20, 30, 45, 60<\/td><\/tr><tr><th>Outras t\u00e9cnicas<\/th><td>Dedos de ouro<br>Furos cegos e enterrados<br>m\u00e1scara de solda destac\u00e1vel<br>Revestimento de bordos<br>M\u00e1scara de carbono<br>Fita Kapton<br>Escareador\/furo de escarea\u00e7\u00e3o<br>Furo meio cortado\/castelado<br>Orif\u00edcio de encaixe por press\u00e3o<br>Via tenda\/coberta com resina<br>Via obstru\u00edda\/preenchida com resina<br>Via in pad<br>Teste el\u00e9trico<\/td><\/tr><\/tbody><\/table><\/figure>\n      <\/div>\n   <\/div>\n   <div class=\"tab\">\n      <input type=\"checkbox\" id=\"chck3\">\n      <label class=\"tab-label\" for=\"chck3\">PCB FLEX\u00cdVEL<\/label>\n      <div class=\"tab-content\">\n         <figure class=\"wp-block-table product-spec-table\"><table><thead><tr><th>Carater\u00edstica<\/th><th>Capacidades<\/th><\/tr><\/thead><tbody><tr><th>Grau de qualidade<\/th><td>Norma IPC 2<\/td><\/tr><tr><th>N\u00famero de camadas<\/th><td>1 - 8 camadas<\/td><\/tr><tr><th>Quantidade da encomenda<\/th><td>1 unidade - 10000+ unidades<\/td><\/tr><tr><th>Tempo de constru\u00e7\u00e3o<\/th><td>2dias - 5semanas<\/td><\/tr><tr><th>Material<\/th><td>DuPont PI, Dom\u00e9stica Shengyi PI<\/td><\/tr><tr><th>Tamanho do quadro<\/th><td>M\u00ednimo 6mm x 6mm<br>M\u00e1ximo 406 mm x 610 mm<\/td><\/tr><tr><th>Espessura da placa<\/th><td>0,1 mm - 0,8 mm<\/td><\/tr><tr><th>Peso do cobre (acabado)<\/th><td>0,5 on\u00e7as - 2,0 on\u00e7as<\/td><\/tr><tr><th>Tra\u00e7ado\/espa\u00e7amento m\u00ednimo<\/th><td>3mil\/3mil<\/td><\/tr><tr><th>Lados da m\u00e1scara de solda<\/th><td>De acordo com o ficheiro<\/td><\/tr><tr><th>Cor da m\u00e1scara de solda<\/th><td>Verde, Branco, Azul, Preto, Vermelho, Amarelo<\/td><\/tr><tr><th>Revestimento anti-solda - \u00f3leo para m\u00e1scaras de solda<\/th><td>Verde, Branco, Azul, Preto, Vermelho, Amarelo<\/td><\/tr><tr><th>Revestimento anti-solda-Coverlay<\/th><td>Pel\u00edcula PI e PET<\/td><\/tr><tr><th><strong>Lados serigrafados<\/strong><\/th><td>De acordo com o ficheiro<\/td><\/tr><tr><th>Cor da serigrafia<\/th><td>Branco, preto, amarelo<\/td><\/tr><tr><th>Acabamento da superf\u00edcie<\/th><td>HASL - Nivelamento por solda a ar quente<br>HASL sem chumbo - RoHS<br>ENIG - RoHS<br>Estanho de imers\u00e3o - RoHS<br>OSP - RoHS<\/td><\/tr><tr><th>Anel anular m\u00ednimo<\/th><td>4mil<\/td><\/tr><tr><th>Di\u00e2metro m\u00ednimo do furo de perfura\u00e7\u00e3o<\/th><td>8mil<\/td><\/tr><tr><th>Tamanho m\u00ednimo do furo - Perfura\u00e7\u00e3o (PTH)<\/th><td>0,2mil<\/td><\/tr><tr><th>Tamanho m\u00ednimo do furo - perfura\u00e7\u00e3o (NPTH)<\/th><td>0,5mil<\/td><\/tr><tr><th>Toler\u00e2ncia de dimens\u00e3o<\/th><td>\u00b10,05mm<\/td><\/tr><tr><th>Outras t\u00e9cnicas<\/th><td>M\u00e1scara de solda destac\u00e1vel<br>Dedos de ouro<br>Refor\u00e7o (apenas para substrato PI\/FR4)<\/td><\/tr><\/tbody><\/table><\/figure>\n      <\/div>\n   <\/div>\n   <div class=\"tab\">\n      <input type=\"checkbox\" id=\"chck4\">\n      <label class=\"tab-label\" for=\"chck4\">PCB RIGID-FLEX<\/label>\n      <div class=\"tab-content\">\n         <figure class=\"wp-block-table product-spec-table\"><table><thead><tr><th>Carater\u00edstica<\/th><th>Capacidades<\/th><\/tr><\/thead><tbody><tr><th>Grau de qualidade<\/th><td>Norma IPC 2<\/td><\/tr><tr><th>N\u00famero de camadas<\/th><td>2 - 24 camadas<\/td><\/tr><tr><th>Quantidade da encomenda<\/th><td>1 unidade - 10000+ unidades<\/td><\/tr><tr><th>Tempo de constru\u00e7\u00e3o<\/th><td>2dias - 5semanas<\/td><\/tr><tr><th>Material<\/th><td>DuPont (PI25UM), FR4<\/td><\/tr><tr><th>Tamanho do quadro<\/th><td>M\u00ednimo 6mm x 6mm<br>M\u00e1ximo 457 mm x 610 mm<\/td><\/tr><tr><th>Espessura da placa<\/th><td>0,6 mm - 5,0 mm<\/td><\/tr><tr><th>Peso do cobre (acabado)<\/th><td>0,5 on\u00e7as - 2,0 on\u00e7as<\/td><\/tr><tr><th>Tra\u00e7ado\/espa\u00e7amento m\u00ednimo<\/th><td>3mil\/3mil<\/td><\/tr><tr><th>Lados da m\u00e1scara de solda<\/th><td>De acordo com o ficheiro<\/td><\/tr><tr><th>Cor da m\u00e1scara de solda<\/th><td>Verde, Branco, Azul, Preto, Vermelho, Amarelo<\/td><\/tr><tr><th><strong>Lados serigrafados<\/strong><\/th><td>De acordo com o ficheiro<\/td><\/tr><tr><th>Cor da serigrafia<\/th><td>Branco, preto, amarelo<\/td><\/tr><tr><th>Acabamento da superf\u00edcie<\/th><td>HASL - Nivelamento por solda a ar quente<br>HASL sem chumbo - RoHS<br>ENIG - RoHS<\/td><\/tr><tr><th>Anel anular m\u00ednimo<\/th><td>4mil<\/td><\/tr><tr><th>Di\u00e2metro m\u00ednimo do furo de perfura\u00e7\u00e3o<\/th><td>8mil<\/td><\/tr><tr><th>Controlo da imped\u00e2ncia<\/th><td>\u00b110%<\/td><\/tr><tr><th>Outras t\u00e9cnicas<\/th><td>IDH<br>Dedos de ouro<br>Refor\u00e7o (apenas para substrato PI\/FR4)<\/td><\/tr><\/tbody><\/table><\/figure>\n      <\/div>\n   <\/div>\n   <div class=\"tab\">\n      <input type=\"checkbox\" id=\"chck5\">\n      <label class=\"tab-label\" for=\"chck5\">PLACA DE CIRCUITO IMPRESSO EM ALUM\u00cdNIO<\/label>\n      <div class=\"tab-content\">\n         <figure class=\"wp-block-table product-spec-table\"><table><thead><tr><th>Carater\u00edstica<\/th><th>Capacidades<\/th><\/tr><\/thead><tbody><tr><th>Grau de qualidade<\/th><td>Norma IPC 2<\/td><\/tr><tr><th>N\u00famero de camadas<\/th><td>4 - 24 camadas<\/td><\/tr><tr><th>Quantidade da encomenda<\/th><td>1 unidade - 10000+ unidades<\/td><\/tr><tr><th>Tempo de constru\u00e7\u00e3o<\/th><td>2dias - 5semanas<\/td><\/tr><tr><th>Material<\/th><td>N\u00facleo de alum\u00ednio (dom\u00e9stico 1060), n\u00facleo de cobre, revestimento FR4<\/td><\/tr><tr><th>Tamanho do quadro<\/th><td>M\u00ednimo 6mm x 6mm<br>M\u00e1ximo 610 mm x 610 mm<\/td><\/tr><tr><th>Espessura da placa<\/th><td>0,8 mm - 5,0 mm<\/td><\/tr><tr><th>Peso do cobre (acabado)<\/th><td>0,5 on\u00e7as - 10,0 on\u00e7as<\/td><\/tr><tr><th>Tra\u00e7ado\/espa\u00e7amento m\u00ednimo<\/th><td>4mil\/4mil<\/td><\/tr><tr><th>Lados da m\u00e1scara de solda<\/th><td>De acordo com o ficheiro<\/td><\/tr><tr><th>Cor da m\u00e1scara de solda<\/th><td>Verde, Branco, Azul, Preto, Vermelho, Amarelo<\/td><\/tr><tr><th><strong>Lados serigrafados<\/strong><\/th><td>De acordo com o ficheiro<\/td><\/tr><tr><th><strong>Cor da serigrafia<\/strong><\/th><td>Branco, preto, amarelo<\/td><\/tr><tr><th>Acabamento da superf\u00edcie<\/th><td>HASL - Nivelamento de solda por ar quente<br>HASL sem chumbo - RoHS<br>ENIG - N\u00edquel eletrol\u00edtico\/Imers\u00e3o de ouro - RoHS<\/td><\/tr><tr><th>Anel anular m\u00ednimo<\/th><td>4mil<\/td><\/tr><tr><th>Di\u00e2metro m\u00ednimo do furo de perfura\u00e7\u00e3o<\/th><td>6mil<\/td><\/tr><tr><th>Outras t\u00e9cnicas<\/th><td>Furos de rebaixamento<br>Furos para parafusos<\/td><\/tr><\/tbody><\/table><\/figure>\n      <\/div>\n   <\/div>\n   <div class=\"tab\">\n      <input type=\"checkbox\" id=\"chck6\">\n      <label class=\"tab-label\" for=\"chck6\">PCB HDI<\/label>\n      <div class=\"tab-content\">\n         <figure class=\"wp-block-table product-spec-table\"><table><thead><tr><th>Carater\u00edstica<\/th><th>Capacidades<\/th><\/tr><\/thead><tbody><tr><th>Grau de qualidade<\/th><td>Norma IPC 2<\/td><\/tr><tr><th>N\u00famero de camadas<\/th><td>4 - 24 camadas<\/td><\/tr><tr><th>Quantidade da encomenda<\/th><td>1 unidade - 10000+ unidades<\/td><\/tr><tr><th>Tempo de constru\u00e7\u00e3o<\/th><td>2dias - 5semanas<\/td><\/tr><tr><th>Material<\/th><td>FR4 standard Tg 140\u00b0C, FR4 High Tg 170\u00b0C, lamina\u00e7\u00e3o combinada FR4 e Rogers<\/td><\/tr><tr><th>Tamanho do quadro<\/th><td>M\u00ednimo 6*6mm | M\u00e1ximo 457*610mm<\/td><\/tr><tr><th>Espessura da placa<\/th><td>0,4 mm - 3,0 mm<\/td><\/tr><tr><th>Peso do cobre (acabado)<\/th><td>0,5 on\u00e7as - 2,0 on\u00e7as<\/td><\/tr><tr><th>Tra\u00e7ado\/espa\u00e7amento m\u00ednimo<\/th><td>2,5mil\/2,5mil<\/td><\/tr><tr><th>Lados da m\u00e1scara de solda<\/th><td>De acordo com o ficheiro<\/td><\/tr><tr><th>Cor da m\u00e1scara de solda<\/th><td>Verde, Branco, Azul, Preto, Vermelho, Amarelo<\/td><\/tr><tr><th>Lados serigrafados<\/th><td>De acordo com o ficheiro<\/td><\/tr><tr><th>Cor da serigrafia<\/th><td>Branco, preto, amarelo<\/td><\/tr><tr><th>Acabamento da superf\u00edcie<\/th><td>HASL - Nivelamento de solda por ar quente<br>HASL sem chumbo - RoHS<br>ENIG - N\u00edquel eletrol\u00edtico\/Imers\u00e3o de ouro - RoHS<br>Prata de imers\u00e3o - RoHS<br>Estanho de imers\u00e3o - RoHS<br>OSP - Conservantes org\u00e2nicos de soldabilidade - RoHS<\/td><\/tr><tr><th>Anel anular m\u00ednimo<\/th><td>4mil, 3mil - broca a laser<\/td><\/tr><tr><th>Di\u00e2metro m\u00ednimo do furo de perfura\u00e7\u00e3o<\/th><td>6mil, 4mil - broca a laser<\/td><\/tr><tr><th>Expoentes m\u00e1ximos de vias cegas\/enterradas<\/th><td>vias empilhadas para 3 camadas interligadas, vias escalonadas para 4 camadas interligadas<\/td><\/tr><tr><th>Outras t\u00e9cnicas<\/th><td>Combina\u00e7\u00e3o flex\u00edvel-r\u00edgida<br>Via In Pad<br>Condensador enterrado (apenas para prot\u00f3tipos de PCB com \u00e1rea total \u22641m\u00b2)<\/td><\/tr><\/tbody><\/table><\/figure>\n      <\/div>\n   <\/div>\n   <div class=\"tab\">\n      <input type=\"checkbox\" id=\"chck7\">\n      <label class=\"tab-label\" for=\"chck7\">PLACA DE CIRCUITO IMPRESSO DE ALTA FREQU\u00caNCIA<\/label>\n      <div class=\"tab-content\">\n         <figure class=\"wp-block-table product-spec-table\"><table><thead><tr><th>Carater\u00edstica<\/th><th>Capacidades<\/th><\/tr><\/thead><tbody><tr><th>Grau de qualidade<\/th><td>Norma IPC 2<\/td><\/tr><tr><th>N\u00famero de camadas<\/th><td>4 - 24 camadas<\/td><\/tr><tr><th>Quantidade da encomenda<\/th><td>1 unidade - 10000+ unidades<\/td><\/tr><tr><th>Tempo de constru\u00e7\u00e3o<\/th><td>2dias - 5semanas<\/td><\/tr><tr><th>Material<\/th><td>RO4003C, RO4350B, Ro3003, Ro3010, RT5880<\/td><\/tr><tr><th>PP<\/th><td>Rogers 4450F, Dom\u00e9stico-(25FR), Dom\u00e9stico-(RF-27), Dom\u00e9stico-(6700)<\/td><\/tr><tr><th>Tamanho do quadro<\/th><td>M\u00ednimo 6mm x 6mm<br>M\u00e1ximo 457 mm x 610 mm<\/td><\/tr><tr><th>Espessura da placa<\/th><td>0,4 mm - 5,0 mm<\/td><\/tr><tr><th>Peso do cobre (acabado)<\/th><td>0,5 on\u00e7as - 2,0 on\u00e7as<\/td><\/tr><tr><th>Tra\u00e7ado\/espa\u00e7amento m\u00ednimo<\/th><td>3mil\/3mil<\/td><\/tr><tr><th>Lados da m\u00e1scara de solda<\/th><td>De acordo com o ficheiro<\/td><\/tr><tr><th>Cor da m\u00e1scara de solda<\/th><td>Verde, Branco, Azul, Preto, Vermelho, Amarelo<\/td><\/tr><tr><th><strong>Lados serigrafados<\/strong><\/th><td>De acordo com o ficheiro<\/td><\/tr><tr><th><strong>Cor da serigrafia<\/strong><\/th><td>Branco, preto, amarelo<\/td><\/tr><tr><th>Acabamento da superf\u00edcie<\/th><td>N\u00edquel eletrol\u00edtico\/ouro de imers\u00e3o (ENIG) - RoHS<br>Prata de imers\u00e3o - RoHS<br>Estanho de imers\u00e3o - RoHS<br>Conservantes org\u00e2nicos de soldabilidade - RoHS<\/td><\/tr><tr><th>Anel anular m\u00ednimo<\/th><td>4mil<\/td><\/tr><tr><th>Di\u00e2metro m\u00ednimo do furo de perfura\u00e7\u00e3o<\/th><td>6mil<\/td><\/tr><tr><th>Toler\u00e2ncia de imped\u00e2ncia<\/th><td>\u00b110%<\/td><\/tr><tr><th>Outras t\u00e9cnicas<\/th><td>M\u00e1scara de solda destac\u00e1vel<br>Dedos de ouro<br>\u00d3leo de carbono<br>Furos de rebaixamento<\/td><\/tr><\/tbody><\/table><\/figure>\n      <\/div>\n   <\/div>\n<\/div>\n<\/div><\/div>\n\n\n\n<div class=\"wp-block-group faq\"><div class=\"wp-block-group__inner-container is-layout-flow wp-block-group-is-layout-flow\"><h2 class=\"wp-block-heading\" id=\"pcb-assembly-capabilities\">Capacidades de montagem de PCB<\/h2>\n\n\n<div class=\"tabs\">\n   <div class=\"tab\">\n      <input type=\"checkbox\" id=\"chck8\">\n      <label class=\"tab-label\" for=\"chck8\">Fabrico de PCB<\/label>\n      <div class=\"tab-content\">\n         <figure class=\"wp-block-table product-spec-table\"><table><thead><tr><th>Carater\u00edstica<\/th><th>Capacidades<\/th><\/tr><\/thead><tbody><tr><th>Especifica\u00e7\u00f5es da placa de circuito impresso<\/th><td>Tamanho m\u00e1ximo do painel: 19,7\u2033 x 31,5\u2033<br>N\u00famero m\u00e1ximo de camadas: 1-40<br>Espessura do cobre: 0,5 oz a 5,0 oz<br>Largura m\u00ednima da linha: 3 mil<br>Espa\u00e7amento m\u00ednimo entre linhas: 3 mil<br>Furo mais pequeno: 0,006\u2033<br>Vias cegas, enterradas e tapadas<br>Imped\u00e2ncia controlada<\/td><\/tr><tr><th>Material<\/th><td>Espessura: 0,008\u2033 a 0,240\u2033<br>FR-4<br>FR-4 de alto TG<br>PTFE<br>Base de alum\u00ednio<br>Rogers<br>Material especializado a seu pedido<\/td><\/tr><tr><th>M\u00e1scara de solda<\/th><td>LPI - Verde, Amarelo, Preto, Vermelho, Azul, Branco, etc. (Consultar para mais op\u00e7\u00f5es)<br>M\u00e1scara descasc\u00e1vel<\/td><\/tr><tr><th>Acabamentos finais<\/th><td>SMOBC (HASL)<br>Carbono<br>Revestimento de ouro seletivo<br>Ouro duro e macio<br>Ouro de imers\u00e3o<br>Prata de imers\u00e3o<br>Lata de imers\u00e3o<br>OSP<\/td><\/tr><tr><th>Legenda<\/th><td>Branco, Amarelo, Preto (Consultar para mais op\u00e7\u00f5es)<\/td><\/tr><tr><th>M\u00e9todos de inspe\u00e7\u00e3o<\/th><td>100% Inspe\u00e7\u00e3o visual<br>Ensaios el\u00e9ctricos - Sonda voadora ou cama de pregos<br>Inspe\u00e7\u00e3o de lotes de amostras<br>Corte transversal<\/td><\/tr><tr><th>Entrega<\/th><td>Urg\u00eancia: 24 horas<br>Prot\u00f3tipo padr\u00e3o: 5 dias<br>Produ\u00e7\u00e3o padr\u00e3o: 10 dias<\/td><\/tr><\/tbody><\/table><\/figure>\n      <\/div>\n   <\/div>\n   <div class=\"tab\">\n      <input type=\"checkbox\" id=\"chck9\">\n      <label class=\"tab-label\" for=\"chck9\">MONTAGEM DA PLACA DE CIRCUITO IMPRESSO<\/label>\n      <div class=\"tab-content\">\n         <figure class=\"wp-block-table product-spec-table\"><table><thead><tr><th>Carater\u00edstica<\/th><th>Capacidades<\/th><\/tr><\/thead><tbody><tr><th>Tipos de montagem<\/th><td>THD (Dispositivo Thru-Hole)<br>SMT (Tecnologia de Montagem em Superf\u00edcie)<br>Mistura de SMT e THD<br>Montagem SMT e THD de 2 faces<\/td><\/tr><tr><th>Quantidade da encomenda<\/th><td>1 a 10.000 placas<\/td><\/tr><tr><th>Componentes<\/th><td>Pe\u00e7as passivas, tamanho mais pequeno 0201<br>Passo fino at\u00e9 8 Mils<br>BGA, uBGA, QFN, POP e chips sem chumbo<br>Conectores e terminais<\/td><\/tr><tr><th>Pacote de componentes<\/th><td>Carret\u00e9is<br>Cortar fita<br>Tubo e tabuleiro<br>Pe\u00e7as soltas e a granel<\/td><\/tr><tr><th>Dimens\u00f5es do quadro<\/th><td>Tamanho mais pequeno: 0,2\u2033 x 0,2\u2033<br>Maior dimens\u00e3o: 15\u2033 x 20\u2033Branco, amarelo, preto (consultar para mais op\u00e7\u00f5es)<\/td><\/tr><tr><th>Forma da placa<\/th><td>Retangular<br>Redondo<br>Ranhuras e recortes<br>Complexo e Irregular<\/td><\/tr><tr><th>Tipo de placa<\/th><td>R\u00edgido FR-4<br>Placas Rigid-Flex<\/td><\/tr><tr><th>Processo de montagem<\/th><td>Processo com chumbo<br>Sem chumbo (RoHS)<\/td><\/tr><tr><th>Formato do ficheiro de desenho<\/th><td>Gerber RS-274X<br>Lista t\u00e9cnica (Bill of Materials) (.xls, .csv, . xlsx)<br>Centroide (ficheiro Pick-N-Place\/XY)<\/td><\/tr><tr><th>Vendas e assist\u00eancia<\/th><td>Emails<br>Chamadas telef\u00f3nicas<br>Cota\u00e7\u00e3o em linha na Web para PCB e montagem<\/td><\/tr><tr><th>Ensaios el\u00e9ctricos<\/th><td>Inspe\u00e7\u00e3o por raios X<br>AOI (Inspe\u00e7\u00e3o \u00d3tica Automatizada)<br>Ensaios funcionais<\/td><\/tr><tr><th><strong>Perfil do forno<\/strong><\/th><td>Padr\u00e3o<br>Personalizado<\/td><\/tr><tr><th>Prazo de execu\u00e7\u00e3o<\/th><td>1-5 dias apenas para a montagem de PCB<br>10-16 dias para montagem de PCB chave na m\u00e3o<\/td><\/tr><\/tbody><\/table><\/figure>\n      <\/div>\n   <\/div>\n<\/div>\n<\/div><\/div>","protected":false},"excerpt":{"rendered":"<p>Fabricante de PCBA de uma s\u00f3 vez<\/p>\n<p>Capacidades de PCB<\/p>\n<p>Bester Tech Capacidades PCB&amp;PCBA<\/p>","protected":false},"author":1,"featured_media":0,"parent":0,"menu_order":0,"comment_status":"closed","ping_status":"closed","template":"","meta":{"article_term":"","article_term_alternate":"","article_term_def":"","article_hook":"","auto_links":"","article_topic":"","article_fact_check":"","mt_social_share":"","mt_content_meta":"","mt_glossary_display":"","glossary_heading":"","glossary":"","glossary_alter":"","glossary_def":"","article_task":"","footnotes":""},"class_list":["post-4328","page","type-page","status-publish"],"_links":{"self":[{"href":"https:\/\/www.besterpcba.com\/pt\/wp-json\/wp\/v2\/pages\/4328","targetHints":{"allow":["GET"]}}],"collection":[{"href":"https:\/\/www.besterpcba.com\/pt\/wp-json\/wp\/v2\/pages"}],"about":[{"href":"https:\/\/www.besterpcba.com\/pt\/wp-json\/wp\/v2\/types\/page"}],"author":[{"embeddable":true,"href":"https:\/\/www.besterpcba.com\/pt\/wp-json\/wp\/v2\/users\/1"}],"replies":[{"embeddable":true,"href":"https:\/\/www.besterpcba.com\/pt\/wp-json\/wp\/v2\/comments?post=4328"}],"version-history":[{"count":9,"href":"https:\/\/www.besterpcba.com\/pt\/wp-json\/wp\/v2\/pages\/4328\/revisions"}],"predecessor-version":[{"id":7151,"href":"https:\/\/www.besterpcba.com\/pt\/wp-json\/wp\/v2\/pages\/4328\/revisions\/7151"}],"wp:attachment":[{"href":"https:\/\/www.besterpcba.com\/pt\/wp-json\/wp\/v2\/media?parent=4328"}],"curies":[{"name":"wp","href":"https:\/\/api.w.org\/{rel}","templated":true}]}}