{"id":6755,"date":"2023-07-24T01:44:19","date_gmt":"2023-07-24T01:44:19","guid":{"rendered":"https:\/\/www.besterpcba.com\/?page_id=6755"},"modified":"2023-07-25T07:03:25","modified_gmt":"2023-07-25T07:03:25","slug":"automotive","status":"publish","type":"page","link":"https:\/\/www.besterpcba.com\/pt\/automovel\/","title":{"rendered":"Autom\u00f3vel"},"content":{"rendered":"<div class=\"wp-block-cover alignfull is-light base_cover base_cover_overlay_grad\"><span aria-hidden=\"true\" class=\"wp-block-cover__background has-background-dim-0 has-background-dim\"><\/span><img decoding=\"async\" loading=\"lazy\" width=\"1920\" height=\"650\" class=\"wp-block-cover__image-background wp-image-6771\" alt=\"Banner autom\u00f3vel\" src=\"https:\/\/www.besterpcba.com\/wp-content\/uploads\/2023\/07\/Automotive-banner.jpg\" data-object-fit=\"cover\" srcset=\"https:\/\/www.besterpcba.com\/wp-content\/uploads\/2023\/07\/Automotive-banner.jpg 1920w, https:\/\/www.besterpcba.com\/wp-content\/uploads\/2023\/07\/Automotive-banner-300x102.jpg 300w, https:\/\/www.besterpcba.com\/wp-content\/uploads\/2023\/07\/Automotive-banner-1024x347.jpg 1024w, https:\/\/www.besterpcba.com\/wp-content\/uploads\/2023\/07\/Automotive-banner-768x260.jpg 768w, https:\/\/www.besterpcba.com\/wp-content\/uploads\/2023\/07\/Automotive-banner-1600x542.jpg 1600w, https:\/\/www.besterpcba.com\/wp-content\/uploads\/2023\/07\/Automotive-banner-1536x520.jpg 1536w\" sizes=\"(max-width: 1920px) 100vw, 1920px\" \/><div class=\"wp-block-cover__inner-container\">\n<div class=\"wp-block-group is-layout-constrained\"><div class=\"wp-block-group__inner-container\"><div class=\"breadcrumbs\" typeof=\"BreadcrumbList\" vocab=\"https:\/\/schema.org\/\"><span property=\"itemListElement\" typeof=\"ListItem\"><a property=\"item\" typeof=\"WebPage\" title=\"Ir para o One Stop PCBA Fabricante.\" href=\"https:\/\/www.besterpcba.com\/pt\" class=\"home\" aria-current=\"page\"><span property=\"name\">Fabricante de PCBA de uma s\u00f3 vez<\/span><\/a><meta property=\"position\" content=\"1\"><\/span><\/div>\n\n<h1 class=\"wp-block-heading\" id=\"automotive\">Autom\u00f3vel<\/h1>\n\n\n<p class=\"has-text-align-left has-large-font-size\">Com mais de 10 anos de experi\u00eancia no fabrico de placas de circuito impresso, trat\u00e1mos centenas de milhares de projectos de placas de circuito impresso e cobrimos quase todos os tipos de materiais de substrato, incluindo FR4, alum\u00ednio, Rogers, etc.&nbsp;<\/p>\n\n\n\n<div class='base_cover_button_wrapper'><p class=\"base_header_button\"><a href=\"https:\/\/www.besterpcba.com\/pt\/contacto\/\" data-type=\"page\" data-id=\"1358\">Obter um or\u00e7amento gratuito<\/a><\/p><\/div>\n<\/div><\/div>\n<\/div><\/div>\n\n\n\n<div class=\"wp-duotone-unset-8 wp-block-cover alignfull base_cover_bg\"><span aria-hidden=\"true\" class=\"wp-block-cover__background has-contrast-background-color has-background-dim-0 has-background-dim\"><\/span><div class=\"wp-block-cover__inner-container\">\n<div class=\"wp-block-group alignfull base_txt_img base_txt_img_r base_txt_img_large is-layout-constrained\"><div class=\"wp-block-group__inner-container\">\n<div class=\"wp-block-group is-layout-constrained\"><div class=\"wp-block-group__inner-container\">\n<figure class=\"wp-block-image size-full\"><img decoding=\"async\" loading=\"lazy\" width=\"1200\" height=\"900\" src=\"https:\/\/www.besterpcba.com\/wp-content\/uploads\/2023\/07\/Untitled-design-1.jpg\" alt=\"Desenho sem t\u00edtulo (1)\" class=\"wp-image-6878\" srcset=\"https:\/\/www.besterpcba.com\/wp-content\/uploads\/2023\/07\/Untitled-design-1.jpg 1200w, https:\/\/www.besterpcba.com\/wp-content\/uploads\/2023\/07\/Untitled-design-1-300x225.jpg 300w, https:\/\/www.besterpcba.com\/wp-content\/uploads\/2023\/07\/Untitled-design-1-1024x768.jpg 1024w, https:\/\/www.besterpcba.com\/wp-content\/uploads\/2023\/07\/Untitled-design-1-768x576.jpg 768w\" sizes=\"(max-width: 1200px) 100vw, 1200px\" \/><\/figure>\n<\/div><\/div>\n\n\n\n<div class=\"wp-block-group is-layout-constrained\"><div class=\"wp-block-group__inner-container\">\n<p>Bem-vindo \u00e0 Bester, onde os nossos servi\u00e7os PCBA de ponta impulsionam a ind\u00fastria autom\u00f3vel. A nossa experi\u00eancia na montagem de placas de circuitos impressos permite-nos criar eletr\u00f3nica autom\u00f3vel fi\u00e1vel e de alta qualidade. De sistemas avan\u00e7ados de assist\u00eancia ao motorista a plataformas de infoentretenimento, nossas solu\u00e7\u00f5es PCBA alimentam os ve\u00edculos de hoje e de amanh\u00e3. A nossa dedica\u00e7\u00e3o \u00e0 precis\u00e3o e \u00e0 efici\u00eancia garante que o mercado autom\u00f3vel receba produtos e servi\u00e7os de primeira qualidade. Com a Bester, pode confiar que a sua eletr\u00f3nica autom\u00f3vel est\u00e1 em boas m\u00e3os.<\/p>\n<\/div><\/div>\n<\/div><\/div>\n\n\n\n<div class=\"wp-block-group alignfull bs_hide base_txt_img base_txt_img_l base_txt_img_large is-layout-constrained\"><div class=\"wp-block-group__inner-container\">\n<div class=\"wp-block-group is-layout-constrained\"><div class=\"wp-block-group__inner-container\">\n<figure class=\"wp-block-image size-full\"><img decoding=\"async\" loading=\"lazy\" width=\"1200\" height=\"900\" src=\"https:\/\/www.besterpcba.com\/wp-content\/uploads\/2023\/07\/Untitled-design-10.jpg\" alt=\"Desenho sem t\u00edtulo (10)\" class=\"wp-image-6882\" srcset=\"https:\/\/www.besterpcba.com\/wp-content\/uploads\/2023\/07\/Untitled-design-10.jpg 1200w, https:\/\/www.besterpcba.com\/wp-content\/uploads\/2023\/07\/Untitled-design-10-300x225.jpg 300w, https:\/\/www.besterpcba.com\/wp-content\/uploads\/2023\/07\/Untitled-design-10-1024x768.jpg 1024w, https:\/\/www.besterpcba.com\/wp-content\/uploads\/2023\/07\/Untitled-design-10-768x576.jpg 768w\" sizes=\"(max-width: 1200px) 100vw, 1200px\" \/><\/figure>\n<\/div><\/div>\n\n\n\n<div class=\"wp-block-group is-layout-constrained\"><div class=\"wp-block-group__inner-container\"><h3 class=\"wp-block-heading\" id=\"if-needed-add-more-content-here\">Se necess\u00e1rio, adicione mais conte\u00fado aqui.<\/h3>\n\n\n<p>Na MOKO, realizamos montagem manual e automatizada de PCBs de furo passante de acordo com os diferentes requisitos do projeto. De um modo geral, fazemos inser\u00e7\u00e3o manual de componentes e solda manual para projetos de montagem altamente complicados e usamos t\u00e9cnicas automatizadas de PCBs de orif\u00edcio passante para produ\u00e7\u00e3o de pequeno volume.<\/p>\n<\/div><\/div>\n<\/div><\/div>\n<\/div><\/div>\n\n\n\n<div class=\"wp-block-group bs-slider-outer-group bs-slider-flex-full is-layout-constrained\"><div class=\"wp-block-group__inner-container\"><h2 class=\"wp-block-heading\" id=\"solutions-for-automotive\">Solu\u00e7\u00f5es para o sector autom\u00f3vel<\/h2>\n\n\n<div class=\"wp-block-group bs-slider-group bs-slider-mk is-layout-constrained\"><div class=\"wp-block-group__inner-container\">\n<div class=\"wp-block-group bs-slider-item is-layout-constrained\"><div class=\"wp-block-group__inner-container\">\n<figure class=\"wp-block-image size-full\"><img decoding=\"async\" loading=\"lazy\" width=\"1200\" height=\"900\" src=\"https:\/\/www.besterpcba.com\/wp-content\/uploads\/2023\/07\/Untitled-design-18.jpg\" alt=\"Desenho sem t\u00edtulo (18)\" class=\"wp-image-6888\" srcset=\"https:\/\/www.besterpcba.com\/wp-content\/uploads\/2023\/07\/Untitled-design-18.jpg 1200w, https:\/\/www.besterpcba.com\/wp-content\/uploads\/2023\/07\/Untitled-design-18-300x225.jpg 300w, https:\/\/www.besterpcba.com\/wp-content\/uploads\/2023\/07\/Untitled-design-18-1024x768.jpg 1024w, https:\/\/www.besterpcba.com\/wp-content\/uploads\/2023\/07\/Untitled-design-18-768x576.jpg 768w\" sizes=\"(max-width: 1200px) 100vw, 1200px\" \/><\/figure>\n\n\n<h4 class=\"wp-block-heading\" id=\"prototyping\">Prototipagem<\/h4>\n\n\n<p class=\"base_rect_block_button\"><span><a href=\"https:\/\/www.besterpcba.com\/pt\/prototipo-de-placa-de-circuito-impresso\/\">Explorar agora<\/a><\/span><\/p>\n<\/div><\/div>\n\n\n\n<div class=\"wp-block-group bs-slider-item is-layout-constrained\"><div class=\"wp-block-group__inner-container\">\n<figure class=\"wp-block-image size-full\"><img decoding=\"async\" loading=\"lazy\" width=\"1200\" height=\"900\" src=\"https:\/\/www.besterpcba.com\/wp-content\/uploads\/2023\/07\/Untitled-design-13.jpg\" alt=\"Desenho sem t\u00edtulo (13)\" class=\"wp-image-6885\" srcset=\"https:\/\/www.besterpcba.com\/wp-content\/uploads\/2023\/07\/Untitled-design-13.jpg 1200w, https:\/\/www.besterpcba.com\/wp-content\/uploads\/2023\/07\/Untitled-design-13-300x225.jpg 300w, https:\/\/www.besterpcba.com\/wp-content\/uploads\/2023\/07\/Untitled-design-13-1024x768.jpg 1024w, https:\/\/www.besterpcba.com\/wp-content\/uploads\/2023\/07\/Untitled-design-13-768x576.jpg 768w\" sizes=\"(max-width: 1200px) 100vw, 1200px\" \/><\/figure>\n\n\n<h4 class=\"wp-block-heading\" id=\"pcb-design\">Conce\u00e7\u00e3o de PCB<\/h4>\n\n\n<p class=\"base_rect_block_button\"><span><a href=\"https:\/\/www.besterpcba.com\/pt\/concecao-de-placas-de-circuito-impresso\/\">Explorar agora<\/a><\/span><\/p>\n<\/div><\/div>\n\n\n\n<div class=\"wp-block-group bs-slider-item is-layout-constrained\"><div class=\"wp-block-group__inner-container\">\n<figure class=\"wp-block-image size-full\"><img decoding=\"async\" loading=\"lazy\" width=\"1200\" height=\"900\" src=\"https:\/\/www.besterpcba.com\/wp-content\/uploads\/2023\/07\/Untitled-design-17.jpg\" alt=\"Desenho sem t\u00edtulo (17)\" class=\"wp-image-6887\" srcset=\"https:\/\/www.besterpcba.com\/wp-content\/uploads\/2023\/07\/Untitled-design-17.jpg 1200w, https:\/\/www.besterpcba.com\/wp-content\/uploads\/2023\/07\/Untitled-design-17-300x225.jpg 300w, https:\/\/www.besterpcba.com\/wp-content\/uploads\/2023\/07\/Untitled-design-17-1024x768.jpg 1024w, https:\/\/www.besterpcba.com\/wp-content\/uploads\/2023\/07\/Untitled-design-17-768x576.jpg 768w\" sizes=\"(max-width: 1200px) 100vw, 1200px\" \/><\/figure>\n\n\n<h4 class=\"wp-block-heading\" id=\"pcb-assemly\">Montagem de PCB<\/h4>\n\n\n<p class=\"base_rect_block_button\"><span><a href=\"https:\/\/www.besterpcba.com\/pt\/montagem-de-placas-de-circuito-impresso\/\">Explorar agora<\/a><\/span><\/p>\n<\/div><\/div>\n\n\n\n<div class=\"wp-block-group bs-slider-item is-layout-constrained\"><div class=\"wp-block-group__inner-container\">\n<figure class=\"wp-block-image size-full\"><img decoding=\"async\" loading=\"lazy\" width=\"1200\" height=\"900\" src=\"https:\/\/www.besterpcba.com\/wp-content\/uploads\/2023\/07\/Untitled-design-19.jpg\" alt=\"Desenho sem t\u00edtulo (19)\" class=\"wp-image-6889\" srcset=\"https:\/\/www.besterpcba.com\/wp-content\/uploads\/2023\/07\/Untitled-design-19.jpg 1200w, https:\/\/www.besterpcba.com\/wp-content\/uploads\/2023\/07\/Untitled-design-19-300x225.jpg 300w, https:\/\/www.besterpcba.com\/wp-content\/uploads\/2023\/07\/Untitled-design-19-1024x768.jpg 1024w, https:\/\/www.besterpcba.com\/wp-content\/uploads\/2023\/07\/Untitled-design-19-768x576.jpg 768w\" sizes=\"(max-width: 1200px) 100vw, 1200px\" \/><\/figure>\n\n\n<h4 class=\"wp-block-heading\" id=\"testing-and-inspection\">Testes e inspec\u00e7\u00f5es<\/h4>\n\n\n<p class=\"base_rect_block_button\"><span><a href=\"https:\/\/www.besterpcba.com\/pt\/testes-funcionais\/\">Explorar agora<\/a><\/span><\/p>\n<\/div><\/div>\n<\/div><\/div>\n<\/div><\/div>\n\n\n\n<div class=\"wp-block-group bs_hide bs-slider-outer-group bs-slider-flex-full is-layout-constrained\"><div class=\"wp-block-group__inner-container\"><h2 class=\"wp-block-heading\" id=\"products-for-automotive\">Produtos para o sector autom\u00f3vel<\/h2>\n\n\n<div class=\"wp-block-group bs-slider-group bs-slider-pd is-layout-constrained\"><div class=\"wp-block-group__inner-container\">\n<div class=\"wp-block-group bs-slider-item is-layout-constrained\"><div class=\"wp-block-group__inner-container\">\n<figure class=\"wp-block-image size-large\"><img decoding=\"async\" loading=\"lazy\" width=\"1024\" height=\"768\" src=\"https:\/\/www.besterpcba.com\/wp-content\/uploads\/2023\/07\/Untitled-design-12-1024x768.jpg\" alt=\"Desenho sem t\u00edtulo (12)\" class=\"wp-image-6895\" srcset=\"https:\/\/www.besterpcba.com\/wp-content\/uploads\/2023\/07\/Untitled-design-12-1024x768.jpg 1024w, https:\/\/www.besterpcba.com\/wp-content\/uploads\/2023\/07\/Untitled-design-12-300x225.jpg 300w, https:\/\/www.besterpcba.com\/wp-content\/uploads\/2023\/07\/Untitled-design-12-768x576.jpg 768w, https:\/\/www.besterpcba.com\/wp-content\/uploads\/2023\/07\/Untitled-design-12.jpg 1200w\" sizes=\"(max-width: 1024px) 100vw, 1024px\" \/><\/figure>\n\n\n<h4 class=\"wp-block-heading\" id=\"bike-light\">Luz para bicicleta<\/h4>\n\n\n<p>ssasdffasffafd<\/p>\n<\/div><\/div>\n\n\n\n<div class=\"wp-block-group bs-slider-item is-layout-constrained\"><div class=\"wp-block-group__inner-container\">\n<figure class=\"wp-block-image size-large\"><img decoding=\"async\" loading=\"lazy\" width=\"1024\" height=\"768\" src=\"https:\/\/www.besterpcba.com\/wp-content\/uploads\/2023\/07\/Untitled-design-21-1024x768.jpg\" alt=\"Desenho sem t\u00edtulo (21)\" class=\"wp-image-6893\" srcset=\"https:\/\/www.besterpcba.com\/wp-content\/uploads\/2023\/07\/Untitled-design-21-1024x768.jpg 1024w, https:\/\/www.besterpcba.com\/wp-content\/uploads\/2023\/07\/Untitled-design-21-300x225.jpg 300w, https:\/\/www.besterpcba.com\/wp-content\/uploads\/2023\/07\/Untitled-design-21-768x576.jpg 768w, https:\/\/www.besterpcba.com\/wp-content\/uploads\/2023\/07\/Untitled-design-21.jpg 1200w\" sizes=\"(max-width: 1024px) 100vw, 1024px\" \/><\/figure>\n\n\n<h4 class=\"wp-block-heading\" id=\"motion-sensor\">Sensor de movimento<\/h4>\n\n\n<p>ssasdffasffafd<\/p>\n<\/div><\/div>\n\n\n\n<div class=\"wp-block-group bs-slider-item is-layout-constrained\"><div class=\"wp-block-group__inner-container\">\n<figure class=\"wp-block-image size-large\"><img decoding=\"async\" loading=\"lazy\" width=\"1024\" height=\"768\" src=\"https:\/\/www.besterpcba.com\/wp-content\/uploads\/2023\/07\/Untitled-design-20-1024x768.jpg\" alt=\"Desenho sem t\u00edtulo (20)\" class=\"wp-image-6892\" srcset=\"https:\/\/www.besterpcba.com\/wp-content\/uploads\/2023\/07\/Untitled-design-20-1024x768.jpg 1024w, https:\/\/www.besterpcba.com\/wp-content\/uploads\/2023\/07\/Untitled-design-20-300x225.jpg 300w, https:\/\/www.besterpcba.com\/wp-content\/uploads\/2023\/07\/Untitled-design-20-768x576.jpg 768w, https:\/\/www.besterpcba.com\/wp-content\/uploads\/2023\/07\/Untitled-design-20.jpg 1200w\" sizes=\"(max-width: 1024px) 100vw, 1024px\" \/><\/figure>\n\n\n<h4 class=\"wp-block-heading\" id=\"led-light\">Luz LED<\/h4>\n\n\n<p>ssasdffasffafd<\/p>\n<\/div><\/div>\n<\/div><\/div>\n<\/div><\/div>\n\n\n\n<div class=\"wp-block-cover alignfull base_cap base_cap_overlay\"><span aria-hidden=\"true\" class=\"wp-block-cover__background has-contrast-3-background-color has-background-dim-0 has-background-dim\"><\/span><img decoding=\"async\" loading=\"lazy\" width=\"1920\" height=\"1280\" class=\"wp-block-cover__image-background wp-image-2888\" alt=\"\" src=\"https:\/\/www.besterpcba.com\/wp-content\/uploads\/2021\/09\/XP6A4576.jpg\" data-object-fit=\"cover\" srcset=\"https:\/\/www.besterpcba.com\/wp-content\/uploads\/2021\/09\/XP6A4576.jpg 1920w, https:\/\/www.besterpcba.com\/wp-content\/uploads\/2021\/09\/XP6A4576-300x200.jpg 300w, https:\/\/www.besterpcba.com\/wp-content\/uploads\/2021\/09\/XP6A4576-1024x683.jpg 1024w, https:\/\/www.besterpcba.com\/wp-content\/uploads\/2021\/09\/XP6A4576-768x512.jpg 768w, https:\/\/www.besterpcba.com\/wp-content\/uploads\/2021\/09\/XP6A4576-1600x1067.jpg 1600w, https:\/\/www.besterpcba.com\/wp-content\/uploads\/2021\/09\/XP6A4576-1536x1024.jpg 1536w\" sizes=\"(max-width: 1920px) 100vw, 1920px\" \/><div class=\"wp-block-cover__inner-container\">\n<div class=\"wp-block-group base_cap_inner base_cap_inner_1 is-layout-constrained\"><div class=\"wp-block-group__inner-container\"><h2 class=\"wp-block-heading\" id=\"electronics-manufacturing-capabilities-at-bester\">Capacidades de fabrico de eletr\u00f3nica no Bester<\/h2>\n\n\n<div class='base_cap_button_wrapper'><p class=\"base_cap_button\"><a href=\"https:\/\/www.besterpcba.com\/pt\/contacto\/\" data-type=\"page\" data-id=\"1358\">Obter cota\u00e7\u00e3o<\/a><\/p><\/div>\n<\/div><\/div>\n\n\n\n<div class=\"wp-block-group base_cap_inner base_cap_inner_2 is-layout-constrained\"><div class=\"wp-block-group__inner-container\"><h3 class=\"wp-block-heading\" id=\"manufacturing-capabilities\">Capacidades de fabrico<\/h3>\n\n\n<ul>\n<li>100% Controlo de componentes ESD<\/li>\n\n\n\n<li>4 linhas SMT<\/li>\n\n\n\n<li>2 linhas DIP<\/li>\n\n\n\n<li>20 Soldadura Rob\u00f3tica Autom\u00e1tica<\/li>\n\n\n\n<li>Maquina\u00e7\u00e3o CNC<\/li>\n\n\n\n<li>Revestimento Conformal Automatizado<\/li>\n\n\n\n<li>Moldagem por inje\u00e7\u00e3o<\/li>\n\n\n\n<li>Impress\u00e3o 3D<\/li>\n<\/ul>\n<\/div><\/div>\n\n\n\n<div class=\"wp-block-group base_cap_inner base_cap_inner_3 is-layout-constrained\"><div class=\"wp-block-group__inner-container\"><h3 class=\"wp-block-heading\" id=\"certifications\">Certifica\u00e7\u00f5es<\/h3>\n\n\n<ul>\n<li>ISO 9001<\/li>\n\n\n\n<li>UL<\/li>\n\n\n\n<li>SGS<\/li>\n\n\n\n<li>IPC<\/li>\n\n\n\n<li>RoHS<\/li>\n\n\n\n<li>CE<\/li>\n\n\n\n<li>FCC<\/li>\n\n\n\n<li>SRDI<\/li>\n\n\n\n<li>HNTE<\/li>\n<\/ul>\n<\/div><\/div>\n<\/div><\/div>\n\n\n\n<div class = \"bs_logos_outer_group\">\r\n  <div class = \"bs_logos_outer_group_inner\">\r\n    <div class = 'base_why_us_same_header'>\r\n        <h2>Clientes e certifica\u00e7\u00f5es<\/h2>\r\n    <\/div>\r\n    <div class=\"bs_logos\">\r\n      <div class=\"bs_logos_slide\">\r\n        <img decoding=\"async\" src=\"https:\/\/www.besterpcba.com\/wp-content\/uploads\/2021\/10\/UL-RED.png\" \/>\r\n        <img decoding=\"async\" src=\"https:\/\/www.besterpcba.com\/wp-content\/uploads\/2021\/10\/logo-ipc-2.png\" \/>\r\n        <img decoding=\"async\" src=\"https:\/\/www.besterpcba.com\/wp-content\/uploads\/2021\/10\/rohs-green.png\" \/>\r\n      <\/div>\r\n    <\/div>\r\n  <\/div>\r\n<\/div>\r\n\r\n<script>\r\n  var copy = document.querySelector(\".bs_logos_slide\").cloneNode(true);\r\n  document.querySelector(\".bs_logos\").appendChild(copy);\r\n<\/script>\n\n\n\n<div class=\"wp-block-cover alignfull is-light base_why_us base_why_us_2 light_cover why_us_inner_indi_border fill_svg_color_blue\"><span aria-hidden=\"true\" class=\"wp-block-cover__background has-background-dim-0 has-background-dim\"><\/span><div class=\"wp-block-cover__inner-container\">\n<div class=\"wp-block-group base_why_us_inner base_why_us_inner_100 is-layout-constrained\"><div class=\"wp-block-group__inner-container\"><h2 class=\"wp-block-heading\" id=\"why-choose-bester\">Porqu\u00ea escolher o Bester<\/h2><\/div><\/div>\n\n\n\n<div class=\"wp-block-group base_why_us_inner_indi is-layout-constrained\"><div class=\"wp-block-group__inner-container\">\n<div class=\"wp-block-group base_why_us_inner_indi_icon base_why_us_inner_indi_icon_top_left is-layout-constrained\"><div class=\"wp-block-group__inner-container\">\n<figure class=\"wp-block-image size-full\"><img decoding=\"async\" src=\"https:\/\/www.besterpcba.com\/wp-content\/uploads\/2023\/06\/industrial-robot-industry-svgrepo-com.svg\" alt=\"Ind\u00fastria de rob\u00f4s industriais Svgrepo Com\" class=\"wp-image-5750\"\/><\/figure>\n\n\n<h3 class=\"wp-block-heading\" id=\"strong-assembly-capacities\">Fortes capacidades de montagem<\/h3><\/div><\/div>\n\n\n\n<p>O nosso processo de montagem SMT segue rigorosamente padr\u00f5es elevados e est\u00e1 em conformidade com ISO9001, IPC e UL. Aplicamos v\u00e1rios m\u00e9todos de teste e inspe\u00e7\u00e3o para garantir a elevada qualidade de cada PCBA, incluindo AOI, testes de raios X, testes funcionais, etc.<\/p>\n<\/div><\/div>\n\n\n\n<div class=\"wp-block-group base_why_us_inner_indi is-layout-constrained\"><div class=\"wp-block-group__inner-container\">\n<div class=\"wp-block-group base_why_us_inner_indi_icon base_why_us_inner_indi_icon_top_left is-layout-constrained\"><div class=\"wp-block-group__inner-container\">\n<figure class=\"wp-block-image size-full\"><img decoding=\"async\" src=\"https:\/\/www.besterpcba.com\/wp-content\/uploads\/2023\/06\/worker-svgrepo-com.svg\" alt=\"Trabalhador Svgrepo Com\" class=\"wp-image-5748\"\/><\/figure>\n\n\n<h3 class=\"wp-block-heading\" id=\"quality-assurance\">Garantia de qualidade<\/h3><\/div><\/div>\n\n\n\n<p>O nosso processo de montagem SMT segue rigorosamente padr\u00f5es elevados e est\u00e1 em conformidade com ISO9001, IPC e UL. Aplicamos v\u00e1rios m\u00e9todos de teste e inspe\u00e7\u00e3o para garantir a elevada qualidade de cada PCBA, incluindo AOI, testes de raios X, testes funcionais, etc.<\/p>\n<\/div><\/div>\n\n\n\n<div class=\"wp-block-group base_why_us_inner_indi is-layout-constrained\"><div class=\"wp-block-group__inner-container\">\n<div class=\"wp-block-group base_why_us_inner_indi_icon base_why_us_inner_indi_icon_top_left is-layout-constrained\"><div class=\"wp-block-group__inner-container\">\n<figure class=\"wp-block-image size-full\"><img decoding=\"async\" src=\"https:\/\/www.besterpcba.com\/wp-content\/uploads\/2023\/06\/blueprint-svgrepo-com.svg\" alt=\"Projeto Svgrepo Com\" class=\"wp-image-5752\"\/><\/figure>\n\n\n<h3 class=\"wp-block-heading\" id=\"onestop-service\">Servi\u00e7o de balc\u00e3o \u00fanico<\/h3><\/div><\/div>\n\n\n\n<p>O nosso processo de montagem SMT segue rigorosamente padr\u00f5es elevados e est\u00e1 em conformidade com ISO9001, IPC e UL. Aplicamos v\u00e1rios m\u00e9todos de teste e inspe\u00e7\u00e3o para garantir a elevada qualidade de cada PCBA, incluindo AOI, testes de raios X, testes funcionais, etc.<\/p>\n<\/div><\/div>\n\n\n\n<div class=\"wp-block-group base_why_us_inner_indi is-layout-constrained\"><div class=\"wp-block-group__inner-container\">\n<div class=\"wp-block-group base_why_us_inner_indi_icon base_why_us_inner_indi_icon_top_left is-layout-constrained\"><div class=\"wp-block-group__inner-container\">\n<figure class=\"wp-block-image size-full\"><img decoding=\"async\" src=\"https:\/\/www.besterpcba.com\/wp-content\/uploads\/2023\/06\/pushcart-svgrepo-com.svg\" alt=\"Pushcart Svgrepo Com\" class=\"wp-image-5746\"\/><\/figure>\n\n\n<h3 class=\"wp-block-heading\" id=\"fast-turnaround\">R\u00e1pida rota\u00e7\u00e3o<\/h3><\/div><\/div>\n\n\n\n<p>O nosso processo de montagem SMT segue rigorosamente padr\u00f5es elevados e est\u00e1 em conformidade com ISO9001, IPC e UL. Aplicamos v\u00e1rios m\u00e9todos de teste e inspe\u00e7\u00e3o para garantir a elevada qualidade de cada PCBA, incluindo AOI, testes de raios X, testes funcionais, etc.<\/p>\n<\/div><\/div>\n<\/div><\/div>\n\n\n\n<div class=\"wp-block-cover alignfull is-light base_footer\"><span aria-hidden=\"true\" class=\"wp-block-cover__background has-background-dim-0 has-background-dim\"><\/span><img decoding=\"async\" loading=\"lazy\" width=\"3226\" height=\"1400\" class=\"wp-block-cover__image-background wp-image-5726\" alt=\"5d10fb377791dacec4062c61 Bg Mid\" src=\"https:\/\/www.besterpcba.com\/wp-content\/uploads\/2023\/06\/5d10fb377791dacec4062c61_bg-mid.png\" data-object-fit=\"cover\" srcset=\"https:\/\/www.besterpcba.com\/wp-content\/uploads\/2023\/06\/5d10fb377791dacec4062c61_bg-mid.png 3226w, https:\/\/www.besterpcba.com\/wp-content\/uploads\/2023\/06\/5d10fb377791dacec4062c61_bg-mid-300x130.png 300w, https:\/\/www.besterpcba.com\/wp-content\/uploads\/2023\/06\/5d10fb377791dacec4062c61_bg-mid-1024x444.png 1024w, https:\/\/www.besterpcba.com\/wp-content\/uploads\/2023\/06\/5d10fb377791dacec4062c61_bg-mid-768x333.png 768w, https:\/\/www.besterpcba.com\/wp-content\/uploads\/2023\/06\/5d10fb377791dacec4062c61_bg-mid-1600x694.png 1600w, https:\/\/www.besterpcba.com\/wp-content\/uploads\/2023\/06\/5d10fb377791dacec4062c61_bg-mid-1536x667.png 1536w, https:\/\/www.besterpcba.com\/wp-content\/uploads\/2023\/06\/5d10fb377791dacec4062c61_bg-mid-2048x889.png 2048w\" sizes=\"(max-width: 3226px) 100vw, 3226px\" \/><div class=\"wp-block-cover__inner-container\">\n<p class=\"has-text-align-center has-large-font-size\">Pronto para iniciar os seus projectos de montagem de PCB?<\/p>\n\n\n\n<div class='base_cover_button_wrapper'><p class=\"base_cover_button\"><a href=\"https:\/\/www.besterpcba.com\/pt\/contacto\/\" data-type=\"page\" data-id=\"1358\">Contactar-nos<\/a><\/p><\/div>\n<\/div><\/div>","protected":false},"excerpt":{"rendered":"<p>Fabricante de PCBA de uma s\u00f3 vez<\/p>\n<p>Autom\u00f3vel<\/p>\n<p>Com mais de 10 anos de experi\u00eancia no fabrico de placas de circuito impresso, trat\u00e1mos centenas de milhares de projectos de placas de circuito impresso e cobrimos quase todos os tipos de materiais de substrato, incluindo FR4, alum\u00ednio, Rogers, etc.&nbsp;<\/p>","protected":false},"author":1,"featured_media":0,"parent":0,"menu_order":0,"comment_status":"closed","ping_status":"closed","template":"","meta":{"article_term":"","article_term_alternate":"","article_term_def":"","article_hook":"","auto_links":"","article_topic":"","article_fact_check":"","mt_social_share":"","mt_content_meta":"","mt_glossary_display":"","glossary_heading":"","glossary":"","glossary_alter":"","glossary_def":"","article_task":""},"_links":{"self":[{"href":"https:\/\/www.besterpcba.com\/pt\/wp-json\/wp\/v2\/pages\/6755"}],"collection":[{"href":"https:\/\/www.besterpcba.com\/pt\/wp-json\/wp\/v2\/pages"}],"about":[{"href":"https:\/\/www.besterpcba.com\/pt\/wp-json\/wp\/v2\/types\/page"}],"author":[{"embeddable":true,"href":"https:\/\/www.besterpcba.com\/pt\/wp-json\/wp\/v2\/users\/1"}],"replies":[{"embeddable":true,"href":"https:\/\/www.besterpcba.com\/pt\/wp-json\/wp\/v2\/comments?post=6755"}],"version-history":[{"count":55,"href":"https:\/\/www.besterpcba.com\/pt\/wp-json\/wp\/v2\/pages\/6755\/revisions"}],"predecessor-version":[{"id":7147,"href":"https:\/\/www.besterpcba.com\/pt\/wp-json\/wp\/v2\/pages\/6755\/revisions\/7147"}],"wp:attachment":[{"href":"https:\/\/www.besterpcba.com\/pt\/wp-json\/wp\/v2\/media?parent=6755"}],"curies":[{"name":"wp","href":"https:\/\/api.w.org\/{rel}","templated":true}]}}