{"id":3,"date":"2019-08-21T10:24:42","date_gmt":"2019-08-21T10:24:42","guid":{"rendered":"https:\/\/besterpcba.com\/?page_id=3"},"modified":"2021-09-28T04:02:50","modified_gmt":"2021-09-28T04:02:50","slug":"privacy-policy","status":"publish","type":"page","link":"https:\/\/www.besterpcba.com\/pt_br\/politica-de-privacidade\/","title":{"rendered":"Pol\u00edtica de Privacidade"},"content":{"rendered":"<div class=\"wp-block-group terms-page-header-gp\"><div class=\"wp-block-group__inner-container is-layout-flow wp-block-group-is-layout-flow\"><h1 class=\"wp-block-heading\" id=\"privacy-policy\"> Pol\u00edtica de Privacidade<\/h1><\/div><\/div>\n\n\n\n<div class=\"wp-block-group terms-page-header-content-gp\"><div class=\"wp-block-group__inner-container is-layout-flow wp-block-group-is-layout-flow\"><h1 class=\"wp-block-heading\" id=\"privacy-policy\">Pol\u00edtica de Privacidade<\/h1>\n\n\n<p>Obrigado por escolher fazer parte da nossa comunidade na Rayzeek (\u201cEmpresa\u201d, \u201cn\u00f3s\u201d, \u201cnosso\u201d). Estamos comprometidos em proteger suas informa\u00e7\u00f5es pessoais e seu direito \u00e0 privacidade. Se voc\u00ea tiver alguma d\u00favida ou preocupa\u00e7\u00e3o sobre este aviso de privacidade, ou nossas pr\u00e1ticas em rela\u00e7\u00e3o \u00e0s suas informa\u00e7\u00f5es pessoais, entre em contato conosco pelo email info@rayzeek.com<\/p>\n\n\n\n<p>Quando voc\u00ea visita nosso site rayzeek.com (o \u201cSite\u201d), e mais geralmente, usa qualquer um de nossos servi\u00e7os (os \u201cServi\u00e7os\u201d, que incluem o Site), agradecemos por confiar em n\u00f3s suas informa\u00e7\u00f5es pessoais. Levamos sua privacidade muito a s\u00e9rio. Neste aviso de privacidade, buscamos explicar de forma clara o que coletamos, como usamos essas informa\u00e7\u00f5es e quais direitos voc\u00ea tem em rela\u00e7\u00e3o a elas. Esperamos que voc\u00ea reserve um tempo para l\u00ea-lo cuidadosamente, pois \u00e9 importante. Se houver algum termo neste aviso de privacidade com o qual voc\u00ea n\u00e3o concorde, por favor, interrompa imediatamente o uso de nossos Servi\u00e7os.<\/p>\n\n\n\n<p>Este aviso de privacidade se aplica a todas as informa\u00e7\u00f5es coletadas atrav\u00e9s de nossos Servi\u00e7os (que, conforme descrito acima, inclui nosso Site), bem como quaisquer servi\u00e7os relacionados, vendas, marketing ou eventos.<\/p>\n\n\n\n<p>Por favor, leia este aviso de privacidade cuidadosamente, pois ajudar\u00e1 voc\u00ea a entender o que fazemos com as informa\u00e7\u00f5es que coletamos.<\/p>\n\n\n<h2 class=\"wp-block-heading\" id=\"1-what-information-do-we-collect\">1. QUE INFORMA\u00c7\u00d5ES COLETAMOS?<\/h2>\n\n\n<p>Informa\u00e7\u00f5es coletadas automaticamente<br>Resumidamente: Algumas informa\u00e7\u00f5es \u2014 como seu endere\u00e7o de Protocolo de Internet (IP) e\/ou caracter\u00edsticas do navegador e do dispositivo \u2014 s\u00e3o coletadas automaticamente quando voc\u00ea visita nosso Site.<\/p>\n\n\n\n<p>Coletamos automaticamente certas informa\u00e7\u00f5es quando voc\u00ea visita, usa ou navega pelo Site. Essas informa\u00e7\u00f5es n\u00e3o revelam sua identidade espec\u00edfica (como seu nome ou informa\u00e7\u00f5es de contato), mas podem incluir informa\u00e7\u00f5es do dispositivo e uso, como seu endere\u00e7o IP, caracter\u00edsticas do navegador e do dispositivo, sistema operacional, prefer\u00eancias de idioma, URLs de refer\u00eancia, nome do dispositivo, pa\u00eds, localiza\u00e7\u00e3o, informa\u00e7\u00f5es sobre como e quando voc\u00ea usa nosso Site e outras informa\u00e7\u00f5es t\u00e9cnicas. Essas informa\u00e7\u00f5es s\u00e3o principalmente necess\u00e1rias para manter a seguran\u00e7a e opera\u00e7\u00e3o do nosso Site, e para nossos prop\u00f3sitos internos de an\u00e1lise e relat\u00f3rios.<\/p>\n\n\n\n<p>Como muitas empresas, tamb\u00e9m coletamos informa\u00e7\u00f5es atrav\u00e9s de cookies e tecnologias similares.<\/p>\n\n\n\n<p>As informa\u00e7\u00f5es que coletamos incluem:<br>Dados de registro e uso. Dados de registro e uso s\u00e3o informa\u00e7\u00f5es relacionadas ao servi\u00e7o, diagn\u00f3stico, uso e desempenho que nossos servidores coletam automaticamente quando voc\u00ea acessa ou usa nosso Site e que registramos em arquivos de log. Dependendo de como voc\u00ea interage conosco, esses dados de log podem incluir seu endere\u00e7o IP, informa\u00e7\u00f5es do dispositivo, tipo e configura\u00e7\u00f5es do navegador e informa\u00e7\u00f5es sobre sua atividade no Site (como carimbos de data\/hora associados ao seu uso, p\u00e1ginas e arquivos visualizados, buscas e outras a\u00e7\u00f5es que voc\u00ea realiza, como quais recursos voc\u00ea usa), informa\u00e7\u00f5es de eventos do dispositivo (como atividade do sistema, relat\u00f3rios de erros (\u00e0s vezes chamados de \u2018crash dumps\u2019) e configura\u00e7\u00f5es de hardware).<br>Dados do dispositivo. Coletamos dados do dispositivo, como informa\u00e7\u00f5es sobre seu computador, telefone, tablet ou outro dispositivo que voc\u00ea usa para acessar o Site. Dependendo do dispositivo utilizado, esses dados podem incluir informa\u00e7\u00f5es como seu endere\u00e7o IP (ou servidor proxy), n\u00fameros de identifica\u00e7\u00e3o do dispositivo e do aplicativo, localiza\u00e7\u00e3o, tipo de navegador, modelo de hardware, provedor de servi\u00e7os de internet e\/ou operadora m\u00f3vel, sistema operacional e informa\u00e7\u00f5es de configura\u00e7\u00e3o do sistema.<br>Dados de localiza\u00e7\u00e3o. Coletamos dados de localiza\u00e7\u00e3o, como informa\u00e7\u00f5es sobre a localiza\u00e7\u00e3o do seu dispositivo, que podem ser precisas ou imprecisas. A quantidade de informa\u00e7\u00f5es que coletamos depende do tipo e configura\u00e7\u00f5es do dispositivo que voc\u00ea usa para acessar o Site. Por exemplo, podemos usar GPS e outras tecnologias para coletar dados de geolocaliza\u00e7\u00e3o que nos dizem sua localiza\u00e7\u00e3o atual (com base no seu endere\u00e7o IP). Voc\u00ea pode optar por n\u00e3o permitir que coletemos essas informa\u00e7\u00f5es, recusando o acesso ou desativando a configura\u00e7\u00e3o de Localiza\u00e7\u00e3o no seu dispositivo. No entanto, se voc\u00ea optar por n\u00e3o permitir, pode n\u00e3o conseguir usar certos recursos dos Servi\u00e7os.<\/p>\n\n\n<h2 class=\"wp-block-heading\" id=\"2-how-do-we-use-your-information\">2. COMO USAMOS SUAS INFORMA\u00c7\u00d5ES?<\/h2>\n\n\n<p>Resumidamente: Processamos suas informa\u00e7\u00f5es para fins baseados em interesses comerciais leg\u00edtimos, cumprimento do nosso contrato com voc\u00ea, conformidade com nossas obriga\u00e7\u00f5es legais e\/ou seu consentimento.<\/p>\n\n\n\n<p>Usamos informa\u00e7\u00f5es pessoais coletadas via nosso Site para uma variedade de prop\u00f3sitos comerciais descritos abaixo. Processamos suas informa\u00e7\u00f5es pessoais para esses prop\u00f3sitos com base em nossos interesses comerciais leg\u00edtimos, para celebrar ou executar um contrato com voc\u00ea, com seu consentimento e\/ou para cumprir nossas obriga\u00e7\u00f5es legais. Indicamos as bases espec\u00edficas de processamento em que confiamos ao lado de cada prop\u00f3sito listado abaixo.<\/p>\n\n\n\n<p>Usamos as informa\u00e7\u00f5es que coletamos ou recebemos:<br>Para facilitar a cria\u00e7\u00e3o de conta e o processo de login. Se voc\u00ea optar por vincular sua conta conosco a uma conta de terceiros (como sua conta do Google ou Facebook), usamos as informa\u00e7\u00f5es que voc\u00ea nos permitiu coletar desses terceiros para facilitar a cria\u00e7\u00e3o de conta e o processo de login para a execu\u00e7\u00e3o do contrato.<br>Para postar depoimentos. Postamos depoimentos em nosso Site que podem conter informa\u00e7\u00f5es pessoais. Antes de postar um depoimento, obteremos seu consentimento para usar seu nome e o conte\u00fado do depoimento. Se desejar atualizar ou excluir seu depoimento, entre em contato conosco pelo email info@rayzeek.com e n\u00e3o se esque\u00e7a de incluir seu nome, local do depoimento e informa\u00e7\u00f5es de contato.<br>Solicitar feedback. Podemos usar suas informa\u00e7\u00f5es para solicitar feedback e para entrar em contato com voc\u00ea sobre o uso do nosso Site.<br>Para permitir comunica\u00e7\u00f5es entre usu\u00e1rios. Podemos usar suas informa\u00e7\u00f5es para permitir comunica\u00e7\u00f5es entre usu\u00e1rios com o consentimento de cada usu\u00e1rio.<br>Para gerenciar contas de usu\u00e1rio. Podemos usar suas informa\u00e7\u00f5es para gerenciar nossa conta e mant\u00ea-la em funcionamento.<br>Para enviar informa\u00e7\u00f5es administrativas a voc\u00ea. Podemos usar suas informa\u00e7\u00f5es pessoais para enviar informa\u00e7\u00f5es sobre produtos, servi\u00e7os e novas funcionalidades e\/ou informa\u00e7\u00f5es sobre altera\u00e7\u00f5es em nossos termos, condi\u00e7\u00f5es e pol\u00edticas.<br>Para proteger nossos Servi\u00e7os. Podemos usar suas informa\u00e7\u00f5es como parte de nossos esfor\u00e7os para manter nosso Site seguro e protegido (por exemplo, para monitoramento e preven\u00e7\u00e3o de fraudes).<br>Para fazer cumprir nossos termos, condi\u00e7\u00f5es e pol\u00edticas para fins comerciais, cumprir requisitos legais e regulat\u00f3rios ou em conex\u00e3o com nosso contrato.<br>Para responder a solicita\u00e7\u00f5es legais e prevenir danos. Se recebermos uma intima\u00e7\u00e3o ou outra solicita\u00e7\u00e3o legal, podemos precisar inspecionar os dados que possu\u00edmos para determinar como responder.<br>Cumprir e gerenciar seus pedidos. Podemos usar suas informa\u00e7\u00f5es para cumprir e gerenciar seus pedidos, pagamentos, devolu\u00e7\u00f5es e trocas feitos atrav\u00e9s do Site.<br>Administrar sorteios e concursos. Podemos usar suas informa\u00e7\u00f5es para administrar sorteios e concursos quando voc\u00ea optar por participar de nossos concursos.<br>Para entregar e facilitar a entrega de servi\u00e7os ao usu\u00e1rio. Podemos usar suas informa\u00e7\u00f5es para fornecer o servi\u00e7o solicitado.<br>Para responder \u00e0s perguntas dos usu\u00e1rios\/oferecer suporte aos usu\u00e1rios. Podemos usar suas informa\u00e7\u00f5es para responder \u00e0s suas perguntas e resolver quaisquer problemas potenciais que voc\u00ea possa ter com o uso de nossos Servi\u00e7os.<br>Para enviar comunica\u00e7\u00f5es de marketing e promocionais. N\u00f3s e\/ou nossos parceiros de marketing de terceiros podemos usar as informa\u00e7\u00f5es pessoais que voc\u00ea nos envia para nossos prop\u00f3sitos de marketing, se isso estiver de acordo com suas prefer\u00eancias de marketing. Por exemplo, ao demonstrar interesse em obter informa\u00e7\u00f5es sobre n\u00f3s ou nosso Website, inscrever-se em marketing ou entrar em contato conosco de outra forma, coletaremos informa\u00e7\u00f5es pessoais suas. Voc\u00ea pode optar por n\u00e3o receber nossos e-mails de marketing a qualquer momento (veja os \u201cQUAIS S\u00c3O SEUS DIREITOS DE PRIVACIDADE\u201d abaixo).<br>Exibir publicidade direcionada para voc\u00ea. Podemos usar suas informa\u00e7\u00f5es para desenvolver e exibir conte\u00fado e publicidade personalizados (e trabalhar com terceiros que fa\u00e7am isso) adaptados aos seus interesses e\/ou localiza\u00e7\u00e3o e para medir sua efic\u00e1cia.<br>Para outros fins comerciais. Podemos usar suas informa\u00e7\u00f5es para outros fins comerciais, como an\u00e1lise de dados, identifica\u00e7\u00e3o de tend\u00eancias de uso, avalia\u00e7\u00e3o da efic\u00e1cia de nossas campanhas promocionais e para avaliar e melhorar nosso Website, produtos, marketing e sua experi\u00eancia. Podemos usar e armazenar essas informa\u00e7\u00f5es de forma agrupada e anonimizada para que n\u00e3o estejam associadas a usu\u00e1rios finais individuais e n\u00e3o incluam informa\u00e7\u00f5es pessoais. N\u00e3o usaremos informa\u00e7\u00f5es pessoais identific\u00e1veis sem seu consentimento.<\/p>\n\n\n<h2 class=\"wp-block-heading\" id=\"3-will-your-information-be-shared-with-anyone\">3. AS SUAS INFORMA\u00c7\u00d5ES SER\u00c3O COMPARTILHADAS COM ALGU\u00c9M?<\/h2>\n\n\n<p>Resumidamente: N\u00f3s s\u00f3 compartilhamos informa\u00e7\u00f5es com seu consentimento, para cumprir leis, fornecer-lhe servi\u00e7os, proteger seus direitos ou cumprir obriga\u00e7\u00f5es comerciais.<\/p>\n\n\n\n<p>Podemos processar ou compartilhar seus dados que mantemos com base nas seguintes bases legais:<br>Consentimento: Podemos processar seus dados se voc\u00ea nos deu consentimento espec\u00edfico para usar suas informa\u00e7\u00f5es pessoais para um prop\u00f3sito espec\u00edfico.<br>Interesses leg\u00edtimos: Podemos processar seus dados quando for razoavelmente necess\u00e1rio para alcan\u00e7ar nossos interesses comerciais leg\u00edtimos.<br>Execu\u00e7\u00e3o de um Contrato: Quando firmamos um contrato com voc\u00ea, podemos processar suas informa\u00e7\u00f5es pessoais para cumprir os termos do nosso contrato.<br>Obriga\u00e7\u00f5es Legais: Podemos divulgar suas informa\u00e7\u00f5es quando somos legalmente obrigados a faz\u00ea-lo para cumprir a lei aplic\u00e1vel, solicita\u00e7\u00f5es governamentais, procedimento judicial, ordem judicial ou processo legal, como resposta a uma ordem judicial ou intima\u00e7\u00e3o (incluindo em resposta a autoridades p\u00fablicas para atender a requisitos de seguran\u00e7a nacional ou aplica\u00e7\u00e3o da lei).<br>Interesses Vitais: Podemos divulgar suas informa\u00e7\u00f5es quando acreditarmos que seja necess\u00e1rio para investigar, prevenir ou tomar provid\u00eancias relativas a poss\u00edveis viola\u00e7\u00f5es de nossas pol\u00edticas, suspeita de fraude, situa\u00e7\u00f5es envolvendo amea\u00e7as potenciais \u00e0 seguran\u00e7a de qualquer pessoa e atividades ilegais, ou como prova em lit\u00edgios nos quais estamos envolvidos.<br>Mais especificamente, podemos precisar processar seus dados ou compartilhar suas informa\u00e7\u00f5es pessoais nas seguintes situa\u00e7\u00f5es:<br>Transfer\u00eancias de Neg\u00f3cios. Podemos compartilhar ou transferir suas informa\u00e7\u00f5es em conex\u00e3o com, ou durante negocia\u00e7\u00f5es de, qualquer fus\u00e3o, venda de ativos da empresa, financiamento ou aquisi\u00e7\u00e3o de toda ou parte de nossos neg\u00f3cios por outra empresa.<br>Parceiros de Neg\u00f3cios. Podemos compartilhar suas informa\u00e7\u00f5es com nossos parceiros comerciais para oferecer certos produtos, servi\u00e7os ou promo\u00e7\u00f5es.<\/p>\n\n\n<h2 class=\"wp-block-heading\" id=\"4-do-we-use-cookies-and-other-tracking-technologies\">4. UTILIZAMOS COOKIES E OUTRAS TECNOLOGIAS DE RASTREAMENTO?<\/h2>\n\n\n<p>Resumindo: Podemos usar cookies e outras tecnologias de rastreamento para coletar e armazenar suas informa\u00e7\u00f5es.<\/p>\n\n\n\n<p>Podemos usar cookies e tecnologias de rastreamento semelhantes (como web beacons e pixels) para acessar ou armazenar informa\u00e7\u00f5es. Informa\u00e7\u00f5es espec\u00edficas sobre como usamos essas tecnologias e como voc\u00ea pode recusar certos cookies est\u00e3o detalhadas em nosso Aviso de Cookies.<\/p>\n\n\n<h2 class=\"wp-block-heading\" id=\"5-is-your-information-transferred-internationally\">5. AS SUAS INFORMA\u00c7\u00d5ES S\u00c3O TRANSFERIDAS INTERNACIONALMENTE?<\/h2>\n\n\n<p>Resumindo: Podemos transferir, armazenar e processar suas informa\u00e7\u00f5es em pa\u00edses diferentes do seu pr\u00f3prio.<\/p>\n\n\n\n<p>Nossos servidores est\u00e3o localizados em. Se voc\u00ea estiver acessando nosso site de fora, esteja ciente de que suas informa\u00e7\u00f5es podem ser transferidas, armazenadas e processadas por n\u00f3s em nossas instala\u00e7\u00f5es e por terceiros com quem podemos compartilhar suas informa\u00e7\u00f5es pessoais (veja \u201cAS SUAS INFORMA\u00c7\u00d5ES SER\u00c3O COMPARTILHADAS COM ALGU\u00c9M?\u201d acima), em outros pa\u00edses.<\/p>\n\n\n\n<p>Se voc\u00ea \u00e9 residente na \u00c1rea Econ\u00f4mica Europeia, esses pa\u00edses podem n\u00e3o ter leis de prote\u00e7\u00e3o de dados ou outras leis semelhantes t\u00e3o abrangentes quanto as do seu pa\u00eds. No entanto, tomaremos todas as medidas necess\u00e1rias para proteger suas informa\u00e7\u00f5es pessoais de acordo com este aviso de privacidade e a lei aplic\u00e1vel.<\/p>\n\n\n<h2 class=\"wp-block-heading\" id=\"6-how-long-do-we-keep-your-information\">6. POR QUANTO TEMPO GUARDAMOS SUAS INFORMA\u00c7\u00d5ES?<\/h2>\n\n\n<p>Resumindo: Guardamos suas informa\u00e7\u00f5es pelo tempo necess\u00e1rio para cumprir os prop\u00f3sitos descritos neste aviso de privacidade, salvo se exigido por lei.<\/p>\n\n\n\n<p>S\u00f3 manteremos suas informa\u00e7\u00f5es pessoais pelo tempo necess\u00e1rio para os prop\u00f3sitos estabelecidos neste aviso de privacidade, a menos que um per\u00edodo de reten\u00e7\u00e3o mais longo seja exigido ou permitido por lei (como requisitos fiscais, cont\u00e1beis ou outros requisitos legais). Nenhum prop\u00f3sito neste aviso exigir\u00e1 que mantenhamos suas informa\u00e7\u00f5es pessoais por mais de 90 dias.<\/p>\n\n\n\n<p>Quando n\u00e3o houver necessidade leg\u00edtima cont\u00ednua de processar suas informa\u00e7\u00f5es pessoais, excluiremos ou anonimizaremos essas informa\u00e7\u00f5es, ou, se isso n\u00e3o for poss\u00edvel (por exemplo, porque suas informa\u00e7\u00f5es pessoais foram armazenadas em backups), armazenaremos suas informa\u00e7\u00f5es de forma segura e as isolaremos de qualquer processamento adicional at\u00e9 que a exclus\u00e3o seja poss\u00edvel.<\/p>\n\n\n<h2 class=\"wp-block-heading\" id=\"7-how-do-we-keep-your-information-safe\">7. COMO MANTEMOS SUAS INFORMA\u00c7\u00d5ES SEGURAS?<\/h2>\n\n\n<p>Resumindo: Nosso objetivo \u00e9 proteger suas informa\u00e7\u00f5es pessoais por meio de um sistema de medidas de seguran\u00e7a organizacionais e t\u00e9cnicas.<\/p>\n\n\n\n<p>Implementamos medidas de seguran\u00e7a t\u00e9cnicas e organizacionais adequadas para proteger a seguran\u00e7a de quaisquer informa\u00e7\u00f5es pessoais que processamos. No entanto, apesar de nossas salvaguardas e esfor\u00e7os para proteger suas informa\u00e7\u00f5es, nenhuma transmiss\u00e3o eletr\u00f4nica pela Internet ou tecnologia de armazenamento de informa\u00e7\u00f5es pode ser garantida como 100% segura, portanto, n\u00e3o podemos prometer ou garantir que hackers, cibercriminosos ou terceiros n\u00e3o autorizados n\u00e3o conseguir\u00e3o derrotar nossa seguran\u00e7a, coletar, acessar, roubar ou modificar suas informa\u00e7\u00f5es de forma indevida. Embora faremos o poss\u00edvel para proteger suas informa\u00e7\u00f5es pessoais, a transmiss\u00e3o de informa\u00e7\u00f5es pessoais para e de nosso site \u00e9 por sua conta e risco. Voc\u00ea deve acessar o site apenas em um ambiente seguro.<\/p>\n\n\n<h2 class=\"wp-block-heading\" id=\"8-do-we-collect-information-from-minors\">8. COLETAMOS INFORMA\u00c7\u00d5ES DE MENORES?<\/h2>\n\n\n<p>Resumindo: N\u00e3o coletamos conscientemente dados de ou fazemos marketing para crian\u00e7as menores de 18 anos.<\/p>\n\n\n\n<p>N\u00e3o solicitamos conscientemente dados de ou fazemos marketing para crian\u00e7as menores de 18 anos. Ao usar o Site, voc\u00ea declara que tem pelo menos 18 anos ou que \u00e9 o pai ou respons\u00e1vel por tal menor e consente com o uso do Site por esse menor dependente. Se soubermos que informa\u00e7\u00f5es pessoais de usu\u00e1rios com menos de 18 anos foram coletadas, desativaremos a conta e tomaremos medidas razo\u00e1veis para excluir esses dados de nossos registros de forma r\u00e1pida. Se voc\u00ea tomar conhecimento de quaisquer dados que possamos ter coletado de crian\u00e7as menores de 18 anos, entre em contato conosco em info@rayzeek.com<\/p>\n\n\n<h2 class=\"wp-block-heading\" id=\"9-what-are-your-privacy-rights\">9. QUAIS S\u00c3O SEUS DIREITOS DE PRIVACIDADE?<\/h2>\n\n\n<p>Resumidamente: Voc\u00ea pode revisar, alterar ou encerrar sua conta a qualquer momento.<\/p>\n\n\n\n<p>Se voc\u00ea for residente na \u00c1rea Econ\u00f4mica Europeia e acreditar que estamos processando suas informa\u00e7\u00f5es pessoais de forma ilegal, voc\u00ea tamb\u00e9m tem o direito de reclamar junto \u00e0 autoridade de prote\u00e7\u00e3o de dados local. Voc\u00ea pode encontrar os detalhes de contato deles aqui: http:\/\/ec.europa.eu\/justice\/data-protection\/bodies\/authorities\/index_en.htm.<\/p>\n\n\n\n<p>Se voc\u00ea for residente na Su\u00ed\u00e7a, os detalhes de contato das autoridades de prote\u00e7\u00e3o de dados est\u00e3o dispon\u00edveis aqui: https:\/\/www.edoeb.admin.ch\/edoeb\/en\/home.html.<\/p>\n\n\n\n<p>Cookies e tecnologias semelhantes: A maioria dos navegadores da Web est\u00e1 configurada para aceitar cookies por padr\u00e3o. Se preferir, voc\u00ea geralmente pode escolher configurar seu navegador para remover cookies e rejeitar cookies. Se optar por remover cookies ou rejeitar cookies, isso pode afetar certas funcionalidades ou servi\u00e7os do nosso Site. Para optar por n\u00e3o receber publicidade baseada em interesses por anunciantes em nosso Site, visite http:\/\/www.aboutads.info\/choices\/.<\/p>\n\n\n<h2 class=\"wp-block-heading\" id=\"10-controls-for-donottrack-features\">10. CONTROLES PARA RECURSOS DE N\u00c3O RASTREAMENTO<\/h2>\n\n\n<p>A maioria dos navegadores web e alguns sistemas operacionais m\u00f3veis e aplicativos m\u00f3veis incluem um recurso ou configura\u00e7\u00e3o de N\u00e3o Rastrear (\u201cDNT\u201d) que voc\u00ea pode ativar para sinalizar sua prefer\u00eancia de privacidade de n\u00e3o ter dados sobre suas atividades de navega\u00e7\u00e3o online monitorados e coletados. At\u00e9 o momento, nenhum padr\u00e3o tecnol\u00f3gico uniforme para reconhecer e implementar sinais DNT foi finalizado. Assim, atualmente n\u00e3o respondemos a sinais de navegador DNT ou qualquer outro mecanismo que comunique automaticamente sua escolha de n\u00e3o ser rastreado online. Se um padr\u00e3o para rastreamento online for adotado no futuro que precisarmos seguir, informaremos voc\u00ea sobre essa pr\u00e1tica em uma vers\u00e3o revisada deste aviso de privacidade.<\/p>\n\n\n<h2 class=\"wp-block-heading\" id=\"11-do-we-make-updates-to-this-notice\">11. FAZEMOS ATUALIZA\u00c7\u00d5ES A ESTE AVISO?<\/h2>\n\n\n<p>Resumidamente: Sim, atualizaremos este aviso conforme necess\u00e1rio para permanecer em conformidade com as leis relevantes.<\/p>\n\n\n\n<p>Podemos atualizar este aviso de privacidade de tempos em tempos. A vers\u00e3o atualizada ser\u00e1 indicada por uma data de \u201cRevisado\u201d atualizada e a vers\u00e3o atualizada entrar\u00e1 em vigor assim que estiver acess\u00edvel. Se fizermos altera\u00e7\u00f5es materiais neste aviso de privacidade, podemos notific\u00e1-lo seja publicando um aviso dessas altera\u00e7\u00f5es de forma destacada, seja enviando uma notifica\u00e7\u00e3o diretamente a voc\u00ea. Recomendamos que revise este aviso de privacidade com frequ\u00eancia para estar informado sobre como estamos protegendo suas informa\u00e7\u00f5es.<\/p>\n\n\n<h2 class=\"wp-block-heading\" id=\"12-how-can-you-contact-us-about-this-notice\">12. COMO VOC\u00ca PODE NOS CONTACTAR SOBRE ESTE AVISO?<\/h2>\n\n\n<p>Se voc\u00ea tiver d\u00favidas ou coment\u00e1rios sobre este aviso, pode nos enviar um e-mail para info@rayzeek.com<\/p>\n\n\n<h2 class=\"wp-block-heading\" id=\"13-how-can-you-review-update-or-delete-the-data-we-collect-from-you\">13. COMO VOC\u00ca PODE REVISAR, ATUALIZAR OU EXCLUIR OS DADOS QUE COLETAMOS DE VOC\u00ca?<\/h2>\n\n\n<p>Com base nas leis aplic\u00e1veis do seu pa\u00eds, voc\u00ea pode ter o direito de solicitar acesso \u00e0s informa\u00e7\u00f5es pessoais que coletamos de voc\u00ea, alterar essas informa\u00e7\u00f5es ou exclu\u00ed-las em algumas circunst\u00e2ncias. Para solicitar a revis\u00e3o, atualiza\u00e7\u00e3o ou exclus\u00e3o de suas informa\u00e7\u00f5es pessoais, envie um formul\u00e1rio de solicita\u00e7\u00e3o clicando aqui. Respondemos \u00e0 sua solicita\u00e7\u00e3o dentro de 30 dias.<\/p>\n<\/div><\/div>","protected":false},"excerpt":{"rendered":"<p>Pol\u00edtica de Privacidade<\/p>\n<p>Pol\u00edtica de Privacidade<\/p>\n<p>Obrigado por escolher fazer parte da nossa comunidade na Rayzeek (\u201cEmpresa\u201d, \u201cn\u00f3s\u201d, \u201cnos\u201d, \u201cnosso\u201d). Estamos comprometidos em proteger suas informa\u00e7\u00f5es pessoais e seu direito \u00e0 privacidade.<\/p>","protected":false},"author":1,"featured_media":0,"parent":0,"menu_order":0,"comment_status":"closed","ping_status":"open","template":"","meta":{"article_term":"","article_term_alternate":"","article_term_def":"","article_hook":"","auto_links":"","article_topic":"","article_fact_check":"","mt_social_share":"","mt_content_meta":"","mt_glossary_display":"","glossary_heading":"","glossary":"","glossary_alter":"","glossary_def":"","article_task":"","footnotes":""},"class_list":["post-3","page","type-page","status-publish"],"_links":{"self":[{"href":"https:\/\/www.besterpcba.com\/pt_br\/wp-json\/wp\/v2\/pages\/3","targetHints":{"allow":["GET"]}}],"collection":[{"href":"https:\/\/www.besterpcba.com\/pt_br\/wp-json\/wp\/v2\/pages"}],"about":[{"href":"https:\/\/www.besterpcba.com\/pt_br\/wp-json\/wp\/v2\/types\/page"}],"author":[{"embeddable":true,"href":"https:\/\/www.besterpcba.com\/pt_br\/wp-json\/wp\/v2\/users\/1"}],"replies":[{"embeddable":true,"href":"https:\/\/www.besterpcba.com\/pt_br\/wp-json\/wp\/v2\/comments?post=3"}],"version-history":[{"count":4,"href":"https:\/\/www.besterpcba.com\/pt_br\/wp-json\/wp\/v2\/pages\/3\/revisions"}],"predecessor-version":[{"id":6561,"href":"https:\/\/www.besterpcba.com\/pt_br\/wp-json\/wp\/v2\/pages\/3\/revisions\/6561"}],"wp:attachment":[{"href":"https:\/\/www.besterpcba.com\/pt_br\/wp-json\/wp\/v2\/media?parent=3"}],"curies":[{"name":"wp","href":"https:\/\/api.w.org\/{rel}","templated":true}]}}