{"id":3316,"date":"2021-09-24T08:53:57","date_gmt":"2021-09-24T08:53:57","guid":{"rendered":"https:\/\/besterpcba.com\/?page_id=3316"},"modified":"2023-07-25T06:27:16","modified_gmt":"2023-07-25T06:27:16","slug":"factory","status":"publish","type":"page","link":"https:\/\/www.besterpcba.com\/pt_br\/fabrica\/","title":{"rendered":"F\u00e1brica"},"content":{"rendered":"<div class=\"wp-block-cover alignfull base_cover base_cover_overlay_grad\"><span aria-hidden=\"true\" class=\"wp-block-cover__background has-background-dim-0 has-background-dim\"><\/span><img decoding=\"async\" loading=\"lazy\" width=\"1920\" height=\"1280\" class=\"wp-block-cover__image-background wp-image-2909\" alt=\"\" src=\"https:\/\/www.besterpcba.com\/wp-content\/uploads\/2021\/09\/XP6A7933.jpg\" data-object-fit=\"cover\" srcset=\"https:\/\/www.besterpcba.com\/wp-content\/uploads\/2021\/09\/XP6A7933.jpg 1920w, https:\/\/www.besterpcba.com\/wp-content\/uploads\/2021\/09\/XP6A7933-300x200.jpg 300w, https:\/\/www.besterpcba.com\/wp-content\/uploads\/2021\/09\/XP6A7933-1024x683.jpg 1024w, https:\/\/www.besterpcba.com\/wp-content\/uploads\/2021\/09\/XP6A7933-768x512.jpg 768w, https:\/\/www.besterpcba.com\/wp-content\/uploads\/2021\/09\/XP6A7933-1600x1067.jpg 1600w, https:\/\/www.besterpcba.com\/wp-content\/uploads\/2021\/09\/XP6A7933-1536x1024.jpg 1536w\" sizes=\"(max-width: 1920px) 100vw, 1920px\" \/><div class=\"wp-block-cover__inner-container\">\n<div class=\"wp-block-group is-layout-constrained\"><div class=\"wp-block-group__inner-container\"><div class=\"breadcrumbs\" typeof=\"BreadcrumbList\" vocab=\"https:\/\/schema.org\/\"><span property=\"itemListElement\" typeof=\"ListItem\"><a property=\"item\" typeof=\"WebPage\" title=\"V\u00e1 para o Fabricante de PCBA One Stop.\" href=\"https:\/\/www.besterpcba.com\/pt_br\" class=\"home\" aria-current=\"page\"><span property=\"name\">Fabricante de PCBA One Stop<\/span><\/a><meta property=\"position\" content=\"1\"><\/span><\/div>\n\n<h1 class=\"wp-block-heading\" id=\"factory-tour\">Tour pela F\u00e1brica<\/h1>\n\n\n<p class=\"has-text-align-left has-large-font-size\">Bem-vindo a uma visita direta \u00e0 nossa f\u00e1brica em Shenzhen ou voc\u00ea pode assistir a v\u00eddeos para conhecer melhor a Bester Tech.<\/p>\n\n\n\n<div class='base_cover_button_wrapper'><p class=\"base_header_button\"><a href=\"https:\/\/www.besterpcba.com\/pt_br\/contato\/\" data-type=\"page\" data-id=\"1358\">Solicite Or\u00e7amento Gratuito<\/a><\/p><\/div>\n<\/div><\/div>\n<\/div><\/div>\n\n\n\n<div class=\"wp-block-group base_page_text_group is-layout-flow\"><div class=\"wp-block-group__inner-container\"><h2 class=\"wp-block-heading\" id=\"bester-tech-alibaba-sgs-inspection\">Bester Tech \u2013 Inspe\u00e7\u00e3o SGS da Alibaba<\/h2>\n\n\n<p>Como uma das principais empresas de inspe\u00e7\u00e3o, verifica\u00e7\u00e3o, teste e certifica\u00e7\u00e3o do mundo, a SGS \u00e9 reconhecida como o padr\u00e3o global de qualidade e integridade, possuindo mais de 2600 escrit\u00f3rios e laborat\u00f3rios ao redor do mundo.<\/p>\n\n\n\n<p>A tecnologia Bester foi verificada no local e \u00e9 avaliada, certificada, autenticada e inspecionada pelo Grupo SGS.<\/p>\n\n\n\n<p>Somos agora um fornecedor premium verificado h\u00e1 11 anos no Alibaba, com inspe\u00e7\u00e3o de materiais no local e uma \u00e1rea total de 1.500\u33a1, reportada e inspecionada pelo grupo SGS, terceiro independente.<\/p>\n\n\n\n<p>Assista ao v\u00eddeo de inspe\u00e7\u00e3o no local da SGS abaixo para um tour r\u00e1pido pela f\u00e1brica.<\/p>\n\n\n\n<figure class=\"wp-block-video\"><video controls preload=\"none\" src=\"https:\/\/www.besterpcba.com\/wp-content\/uploads\/2023\/06\/bester-factory.mp4\"><\/video><\/figure>\n<\/div><\/div>\n\n\n\n<div class=\"wp-block-group bs_factory_videos is-layout-flow\"><div class=\"wp-block-group__inner-container\"><h2 class=\"wp-block-heading underline--magical\" id=\"manufacturing-videos\">V\u00eddeos de Fabrica\u00e7\u00e3o<\/h2>\n\n\n<div class=\"wp-block-group bs_page_flex_gp flex_gp_3 is-layout-constrained\"><div class=\"wp-block-group__inner-container\">\n<div class=\"wp-block-group is-layout-constrained\"><div class=\"wp-block-group__inner-container\">\n<figure class=\"wp-block-video\"><video controls preload=\"none\" src=\"https:\/\/www.besterpcba.com\/wp-content\/uploads\/2023\/06\/incoming-materials-warehouse.mp4\"><\/video><\/figure>\n\n\n<h3 class=\"wp-block-heading\" id=\"incoming-material-warehouse\">Armaz\u00e9m de Materiais de Entrada<\/h3><\/div><\/div>\n\n\n\n<div class=\"wp-block-group is-layout-constrained\"><div class=\"wp-block-group__inner-container\">\n<figure class=\"wp-block-video\"><video controls preload=\"none\" src=\"https:\/\/www.besterpcba.com\/wp-content\/uploads\/2023\/06\/electronic-components-incoming-inspection.mp4\"><\/video><\/figure>\n\n\n<h3 class=\"wp-block-heading\" id=\"electronic-components-incoming-inspection\">Inspe\u00e7\u00e3o de Entrada de Componentes Eletr\u00f4nicos<\/h3><\/div><\/div>\n\n\n\n<div class=\"wp-block-group is-layout-constrained\"><div class=\"wp-block-group__inner-container\">\n<figure class=\"wp-block-video\"><video controls preload=\"none\" src=\"https:\/\/www.besterpcba.com\/wp-content\/uploads\/2023\/06\/dry-cabinet.mp4\"><\/video><\/figure>\n\n\n<h3 class=\"wp-block-heading\" id=\"dry-cabinet\">Arm\u00e1rio Seco<\/h3><\/div><\/div>\n\n\n\n<div class=\"wp-block-group is-layout-constrained\"><div class=\"wp-block-group__inner-container\">\n<figure class=\"wp-block-video\"><video controls preload=\"none\" src=\"https:\/\/www.besterpcba.com\/wp-content\/uploads\/2023\/06\/smt-workshop.mp4\"><\/video><\/figure>\n\n\n<h3 class=\"wp-block-heading\" id=\"smt-workshop\">Oficina SMT<\/h3><\/div><\/div>\n\n\n\n<div class=\"wp-block-group is-layout-constrained\"><div class=\"wp-block-group__inner-container\">\n<figure class=\"wp-block-video\"><video controls preload=\"none\" src=\"https:\/\/www.besterpcba.com\/wp-content\/uploads\/2023\/06\/gd450-paste-printer.mp4\"><\/video><\/figure>\n\n\n<h3 class=\"wp-block-heading\" id=\"gd-450-paste-printer\">Impressora de Pasta GD 450+<\/h3><\/div><\/div>\n\n\n\n<div class=\"wp-block-group is-layout-constrained\"><div class=\"wp-block-group__inner-container\">\n<figure class=\"wp-block-video\"><video controls preload=\"none\" src=\"https:\/\/www.besterpcba.com\/wp-content\/uploads\/2023\/06\/stencil-tension-measurement.mp4\"><\/video><\/figure>\n\n\n<h3 class=\"wp-block-heading\" id=\"stencil-tension-measurement\">Medida de Tens\u00e3o de Est\u00eancil<\/h3><\/div><\/div>\n\n\n\n<div class=\"wp-block-group is-layout-constrained\"><div class=\"wp-block-group__inner-container\">\n<figure class=\"wp-block-video\"><video controls src=\"https:\/\/www.besterpcba.com\/wp-content\/uploads\/2023\/06\/automatic-solder-paste-printer.mp4\"><\/video><\/figure>\n\n\n<h3 class=\"wp-block-heading\" id=\"automatic-solder-paste-printing\">Impress\u00e3o Autom\u00e1tica de Pasta de Solda<\/h3><\/div><\/div>\n\n\n\n<div class=\"wp-block-group is-layout-constrained\"><div class=\"wp-block-group__inner-container\">\n<figure class=\"wp-block-video\"><video controls src=\"https:\/\/www.besterpcba.com\/wp-content\/uploads\/2023\/06\/smt.mp4\"><\/video><\/figure>\n\n\n<h3 class=\"wp-block-heading\" id=\"smt\">SMT<\/h3><\/div><\/div>\n\n\n\n<div class=\"wp-block-group is-layout-constrained\"><div class=\"wp-block-group__inner-container\">\n<figure class=\"wp-block-video\"><video controls src=\"https:\/\/www.besterpcba.com\/wp-content\/uploads\/2023\/06\/reflow.mp4\"><\/video><\/figure>\n\n\n<h3 class=\"wp-block-heading\" id=\"reflow\">Reflow<\/h3><\/div><\/div>\n\n\n\n<div class=\"wp-block-group is-layout-constrained\"><div class=\"wp-block-group__inner-container\">\n<figure class=\"wp-block-video\"><video controls src=\"https:\/\/www.besterpcba.com\/wp-content\/uploads\/2023\/06\/reflow-end.mp4\"><\/video><\/figure>\n\n\n<h3 class=\"wp-block-heading\" id=\"reflow\">Reflow<\/h3><\/div><\/div>\n\n\n\n<div class=\"wp-block-group is-layout-constrained\"><div class=\"wp-block-group__inner-container\">\n<figure class=\"wp-block-video\"><video controls preload=\"none\" src=\"https:\/\/www.besterpcba.com\/wp-content\/uploads\/2023\/06\/AOI.mp4\"><\/video><\/figure>\n\n\n<h3 class=\"wp-block-heading\" id=\"aoi\">AOI<\/h3><\/div><\/div>\n\n\n\n<div class=\"wp-block-group is-layout-constrained\"><div class=\"wp-block-group__inner-container\">\n<figure class=\"wp-block-video\"><video controls preload=\"none\" src=\"https:\/\/www.besterpcba.com\/wp-content\/uploads\/2023\/06\/ok-board-unloader.mp4\"><\/video><\/figure>\n\n\n<h3 class=\"wp-block-heading\" id=\"ok-board-unloader\">Descarregador de Placa OK<\/h3><\/div><\/div>\n\n\n\n<div class=\"wp-block-group is-layout-constrained\"><div class=\"wp-block-group__inner-container\">\n<figure class=\"wp-block-video\"><video controls preload=\"none\" src=\"https:\/\/www.besterpcba.com\/wp-content\/uploads\/2023\/06\/ng-board-unloader.mp4\"><\/video><\/figure>\n\n\n<h3 class=\"wp-block-heading\" id=\"ng-board-unloader\">Descarregador de Placa NG<\/h3><\/div><\/div>\n\n\n\n<div class=\"wp-block-group is-layout-constrained\"><div class=\"wp-block-group__inner-container\">\n<figure class=\"wp-block-video\"><video controls preload=\"none\" src=\"https:\/\/www.besterpcba.com\/wp-content\/uploads\/2023\/06\/first-article-inspection.mp4\"><\/video><\/figure>\n\n\n<h3 class=\"wp-block-heading\" id=\"fai\">FAI<\/h3><\/div><\/div>\n\n\n\n<div class=\"wp-block-group is-layout-constrained\"><div class=\"wp-block-group__inner-container\">\n<figure class=\"wp-block-video\"><video controls preload=\"none\" src=\"https:\/\/www.besterpcba.com\/wp-content\/uploads\/2023\/06\/dip-workshop.mp4\"><\/video><\/figure>\n\n\n<h3 class=\"wp-block-heading\" id=\"dip-workshop\">Oficina DIP<\/h3><\/div><\/div>\n\n\n\n<div class=\"wp-block-group is-layout-constrained\"><div class=\"wp-block-group__inner-container\">\n<figure class=\"wp-block-video\"><video controls preload=\"none\" src=\"https:\/\/www.besterpcba.com\/wp-content\/uploads\/2023\/06\/dip-workshop2.mp4\"><\/video><\/figure>\n\n\n<h3 class=\"wp-block-heading\" id=\"dip-workshop\">Oficina DIP<\/h3><\/div><\/div>\n\n\n\n<div class=\"wp-block-group is-layout-constrained\"><div class=\"wp-block-group__inner-container\">\n<figure class=\"wp-block-video\"><video controls preload=\"none\" src=\"https:\/\/www.besterpcba.com\/wp-content\/uploads\/2023\/06\/robotic-soldering.mp4\"><\/video><\/figure>\n\n\n<h3 class=\"wp-block-heading\" id=\"robotic-soldering\">Soldagem Rob\u00f3tica<\/h3><\/div><\/div>\n\n\n\n<div class=\"wp-block-group is-layout-constrained\"><div class=\"wp-block-group__inner-container\">\n<figure class=\"wp-block-video\"><video controls preload=\"none\" src=\"https:\/\/www.besterpcba.com\/wp-content\/uploads\/2023\/06\/automated-conformal-coating.mp4\"><\/video><\/figure>\n\n\n<h3 class=\"wp-block-heading\" id=\"automated-conformal-coating\">Revestimento Conformal Automatizado<\/h3><\/div><\/div>\n<\/div><\/div>\n<\/div><\/div>\n\n\n<h2 class=\"wp-block-heading has-text-align-center factory-sector-heading\" id=\"more-reasons-to-choose-bester-tech\">Mais Raz\u00f5es para Escolher a Tecnologia Bester<\/h2>\n\n\n<div class=\"wp-block-cover is-light bs_hp_site_width_cover bs_hp_value bs_video\"><span aria-hidden=\"true\" class=\"wp-block-cover__background has-background-dim-0 has-background-dim\"><\/span><div class=\"wp-block-cover__inner-container\">\n<div class=\"wp-block-group bs_hp_site_width_cover_img is-layout-constrained\"><div class=\"wp-block-group__inner-container\">\n<figure class=\"wp-block-image size-large\"><img decoding=\"async\" loading=\"lazy\" width=\"1024\" height=\"683\" src=\"https:\/\/www.besterpcba.com\/wp-content\/uploads\/2021\/09\/XP6A1125-1024x683.jpg\" alt=\"\" class=\"wp-image-2828\" srcset=\"https:\/\/www.besterpcba.com\/wp-content\/uploads\/2021\/09\/XP6A1125-1024x683.jpg 1024w, https:\/\/www.besterpcba.com\/wp-content\/uploads\/2021\/09\/XP6A1125-300x200.jpg 300w, https:\/\/www.besterpcba.com\/wp-content\/uploads\/2021\/09\/XP6A1125-768x512.jpg 768w, https:\/\/www.besterpcba.com\/wp-content\/uploads\/2021\/09\/XP6A1125-1600x1067.jpg 1600w, https:\/\/www.besterpcba.com\/wp-content\/uploads\/2021\/09\/XP6A1125-1536x1024.jpg 1536w, https:\/\/www.besterpcba.com\/wp-content\/uploads\/2021\/09\/XP6A1125.jpg 1920w\" sizes=\"(max-width: 1024px) 100vw, 1024px\" \/><\/figure>\n<\/div><\/div>\n\n\n\n<div class=\"wp-block-group bs_hp_site_width_cover_txt is-layout-constrained\"><div class=\"wp-block-group__inner-container\"><h3 class=\"wp-block-heading\" id=\"components\">Componentes<\/h3>\n\n<h2 class=\"wp-block-heading\" id=\"at-bester-we-have-full-stocking-of-components-for-quick-delievery\">NA Bester, TEMOS ESTOQUE COMPLETO DE COMPONENTES PARA ENTREGA R\u00c1PIDA<\/h2>\n\n\n<p>Ao longo dos anos, constru\u00edmos relacionamentos s\u00f3lidos e est\u00e1veis com fornecedores de componentes premium, tanto nacionais quanto internacionais. Temos um grande estoque de componentes comuns e amplamente utilizados para entrega r\u00e1pida em seus projetos de teste. <\/p>\n<\/div><\/div>\n<\/div><\/div>\n\n\n\n<div class=\"wp-block-cover is-light bs_hp_site_width_cover bs_hp_value bs_hp_cover_reverse bs_video\"><span aria-hidden=\"true\" class=\"wp-block-cover__background has-background-dim-0 has-background-dim\"><\/span><div class=\"wp-block-cover__inner-container\">\n<div class=\"wp-block-group bs_hp_site_width_cover_img is-layout-constrained\"><div class=\"wp-block-group__inner-container\">\n<figure class=\"wp-block-image size-large\"><img decoding=\"async\" loading=\"lazy\" width=\"1024\" height=\"683\" src=\"https:\/\/www.besterpcba.com\/wp-content\/uploads\/2021\/09\/XP6A4577-1024x683.jpg\" alt=\"\" class=\"wp-image-2889\" srcset=\"https:\/\/www.besterpcba.com\/wp-content\/uploads\/2021\/09\/XP6A4577-1024x683.jpg 1024w, https:\/\/www.besterpcba.com\/wp-content\/uploads\/2021\/09\/XP6A4577-300x200.jpg 300w, https:\/\/www.besterpcba.com\/wp-content\/uploads\/2021\/09\/XP6A4577-768x512.jpg 768w, https:\/\/www.besterpcba.com\/wp-content\/uploads\/2021\/09\/XP6A4577-1600x1067.jpg 1600w, https:\/\/www.besterpcba.com\/wp-content\/uploads\/2021\/09\/XP6A4577-1536x1024.jpg 1536w, https:\/\/www.besterpcba.com\/wp-content\/uploads\/2021\/09\/XP6A4577.jpg 1920w\" sizes=\"(max-width: 1024px) 100vw, 1024px\" \/><\/figure>\n<\/div><\/div>\n\n\n\n<div class=\"wp-block-group bs_hp_site_width_cover_txt is-layout-constrained\"><div class=\"wp-block-group__inner-container\"><h3 class=\"wp-block-heading\" id=\"quality\">Qualidade<\/h3>\n\n<h2 class=\"wp-block-heading\" id=\"at-bester-we-check-and-test-every-board-before-delivery\">NA Bester, VERIFICAMOS E TESTAMOS CADA PLACA ANTES DA ENTREGA<\/h2>\n\n\n<p>Nos esfor\u00e7amos para entregar produtos de qualidade de primeira linha aos clientes, pois os produtos falar\u00e3o por si mesmos. Na Bester, realizamos o processo de inspe\u00e7\u00e3o habitual juntamente com testes funcionais para obter os melhores resultados.<\/p>\n<\/div><\/div>\n<\/div><\/div>\n\n\n\n<div class=\"wp-block-cover is-light bs_hp_site_width_cover bs_hp_value bs_video\"><span aria-hidden=\"true\" class=\"wp-block-cover__background has-background-dim-0 has-background-dim\"><\/span><div class=\"wp-block-cover__inner-container\">\n<div class=\"wp-block-group bs_hp_site_width_cover_img is-layout-constrained\"><div class=\"wp-block-group__inner-container\">\n<figure class=\"wp-block-image size-large\"><img decoding=\"async\" loading=\"lazy\" width=\"1024\" height=\"683\" src=\"https:\/\/www.besterpcba.com\/wp-content\/uploads\/2021\/09\/XP6A4577-1024x683.jpg\" alt=\"\" class=\"wp-image-2889\" srcset=\"https:\/\/www.besterpcba.com\/wp-content\/uploads\/2021\/09\/XP6A4577-1024x683.jpg 1024w, https:\/\/www.besterpcba.com\/wp-content\/uploads\/2021\/09\/XP6A4577-300x200.jpg 300w, https:\/\/www.besterpcba.com\/wp-content\/uploads\/2021\/09\/XP6A4577-768x512.jpg 768w, https:\/\/www.besterpcba.com\/wp-content\/uploads\/2021\/09\/XP6A4577-1600x1067.jpg 1600w, https:\/\/www.besterpcba.com\/wp-content\/uploads\/2021\/09\/XP6A4577-1536x1024.jpg 1536w, https:\/\/www.besterpcba.com\/wp-content\/uploads\/2021\/09\/XP6A4577.jpg 1920w\" sizes=\"(max-width: 1024px) 100vw, 1024px\" \/><\/figure>\n<\/div><\/div>\n\n\n\n<div class=\"wp-block-group bs_hp_site_width_cover_txt is-layout-constrained\"><div class=\"wp-block-group__inner-container\"><h3 class=\"wp-block-heading\" id=\"consistency\">Consist\u00eancia<\/h3>\n\n<h2 class=\"wp-block-heading\" id=\"at-bester-we-work-with-quality-and-consistency-as-first-priority\">NA Bester, TRABALHAMOS COM QUALIDADE E CONSIST\u00caNCIA COMO PRIMEIRA PRIORIDADE<\/h2>\n\n\n<p>Consist\u00eancia em nossos produtos e servi\u00e7os de alta qualidade \u00e9 a chave. <\/p>\n\n\n\n<p>Todos podem fornecer alguns bons produtos e servi\u00e7os em algum momento, mas na Bester, nos esfor\u00e7amos para oferecer a melhor qualidade o tempo todo, tanto no desempenho do nosso produto quanto nos servi\u00e7os.<\/p>\n\n\n\n<p>A qualidade do pedido em massa \u00e9 t\u00e3o boa quanto a qualidade do seu teste de amostra, s\u00f3 que melhor.<\/p>\n<\/div><\/div>\n<\/div><\/div>\n\n\n\n<div class=\"wp-block-cover alignfull is-light base_footer\"><span aria-hidden=\"true\" class=\"wp-block-cover__background has-background-dim-0 has-background-dim\"><\/span><img decoding=\"async\" loading=\"lazy\" width=\"3226\" height=\"1400\" class=\"wp-block-cover__image-background wp-image-5726\" alt=\"5d10fb377791dacec4062c61 Bg Mid\" src=\"https:\/\/www.besterpcba.com\/wp-content\/uploads\/2023\/06\/5d10fb377791dacec4062c61_bg-mid.png\" data-object-fit=\"cover\" srcset=\"https:\/\/www.besterpcba.com\/wp-content\/uploads\/2023\/06\/5d10fb377791dacec4062c61_bg-mid.png 3226w, https:\/\/www.besterpcba.com\/wp-content\/uploads\/2023\/06\/5d10fb377791dacec4062c61_bg-mid-300x130.png 300w, https:\/\/www.besterpcba.com\/wp-content\/uploads\/2023\/06\/5d10fb377791dacec4062c61_bg-mid-1024x444.png 1024w, https:\/\/www.besterpcba.com\/wp-content\/uploads\/2023\/06\/5d10fb377791dacec4062c61_bg-mid-768x333.png 768w, https:\/\/www.besterpcba.com\/wp-content\/uploads\/2023\/06\/5d10fb377791dacec4062c61_bg-mid-1600x694.png 1600w, https:\/\/www.besterpcba.com\/wp-content\/uploads\/2023\/06\/5d10fb377791dacec4062c61_bg-mid-1536x667.png 1536w, https:\/\/www.besterpcba.com\/wp-content\/uploads\/2023\/06\/5d10fb377791dacec4062c61_bg-mid-2048x889.png 2048w\" sizes=\"(max-width: 3226px) 100vw, 3226px\" \/><div class=\"wp-block-cover__inner-container\">\n<p class=\"has-text-align-center has-large-font-size\">Pronto para Come\u00e7ar Seus Projetos de Montagem de PCB?<\/p>\n\n\n\n<div class='base_cover_button_wrapper'><p class=\"base_cover_button\"><a href=\"https:\/\/www.besterpcba.com\/pt_br\/contato\/\" data-type=\"page\" data-id=\"1358\">Fale Conosco<\/a><\/p><\/div>\n<\/div><\/div>","protected":false},"excerpt":{"rendered":"<p>Fabricante de PCBA One Stop<\/p>\n<p>Tour pela F\u00e1brica<\/p>\n<p>Bem-vindo a uma visita direta \u00e0 nossa f\u00e1brica em Shenzhen ou voc\u00ea pode assistir a v\u00eddeos para conhecer melhor a Bester Tech.<\/p>","protected":false},"author":1,"featured_media":0,"parent":0,"menu_order":0,"comment_status":"closed","ping_status":"closed","template":"","meta":{"article_term":"","article_term_alternate":"","article_term_def":"","article_hook":"","auto_links":"","article_topic":"","article_fact_check":"","mt_social_share":"","mt_content_meta":"","mt_glossary_display":"","glossary_heading":"","glossary":"","glossary_alter":"","glossary_def":"","article_task":""},"_links":{"self":[{"href":"https:\/\/www.besterpcba.com\/pt_br\/wp-json\/wp\/v2\/pages\/3316"}],"collection":[{"href":"https:\/\/www.besterpcba.com\/pt_br\/wp-json\/wp\/v2\/pages"}],"about":[{"href":"https:\/\/www.besterpcba.com\/pt_br\/wp-json\/wp\/v2\/types\/page"}],"author":[{"embeddable":true,"href":"https:\/\/www.besterpcba.com\/pt_br\/wp-json\/wp\/v2\/users\/1"}],"replies":[{"embeddable":true,"href":"https:\/\/www.besterpcba.com\/pt_br\/wp-json\/wp\/v2\/comments?post=3316"}],"version-history":[{"count":30,"href":"https:\/\/www.besterpcba.com\/pt_br\/wp-json\/wp\/v2\/pages\/3316\/revisions"}],"predecessor-version":[{"id":7097,"href":"https:\/\/www.besterpcba.com\/pt_br\/wp-json\/wp\/v2\/pages\/3316\/revisions\/7097"}],"wp:attachment":[{"href":"https:\/\/www.besterpcba.com\/pt_br\/wp-json\/wp\/v2\/media?parent=3316"}],"curies":[{"name":"wp","href":"https:\/\/api.w.org\/{rel}","templated":true}]}}