{"id":4328,"date":"2021-10-22T03:17:05","date_gmt":"2021-10-22T03:17:05","guid":{"rendered":"https:\/\/besterpcba.com\/?page_id=4328"},"modified":"2023-07-25T07:17:37","modified_gmt":"2023-07-25T07:17:37","slug":"capabilities","status":"publish","type":"page","link":"https:\/\/www.besterpcba.com\/pt_br\/capacidades\/","title":{"rendered":"Capacidades"},"content":{"rendered":"<div class=\"wp-block-cover alignfull base_cover base_cover_overlay_grad\"><span aria-hidden=\"true\" class=\"wp-block-cover__background has-background-dim-0 has-background-dim\"><\/span><img loading=\"lazy\" decoding=\"async\" width=\"1920\" height=\"1280\" class=\"wp-block-cover__image-background wp-image-2889\" alt=\"\" src=\"https:\/\/www.besterpcba.com\/wp-content\/uploads\/2021\/09\/XP6A4577.jpg\" data-object-fit=\"cover\" srcset=\"https:\/\/www.besterpcba.com\/wp-content\/uploads\/2021\/09\/XP6A4577.jpg 1920w, https:\/\/www.besterpcba.com\/wp-content\/uploads\/2021\/09\/XP6A4577-300x200.jpg 300w, https:\/\/www.besterpcba.com\/wp-content\/uploads\/2021\/09\/XP6A4577-1024x683.jpg 1024w, https:\/\/www.besterpcba.com\/wp-content\/uploads\/2021\/09\/XP6A4577-768x512.jpg 768w, https:\/\/www.besterpcba.com\/wp-content\/uploads\/2021\/09\/XP6A4577-1600x1067.jpg 1600w, https:\/\/www.besterpcba.com\/wp-content\/uploads\/2021\/09\/XP6A4577-1536x1024.jpg 1536w\" sizes=\"auto, (max-width: 1920px) 100vw, 1920px\" \/><div class=\"wp-block-cover__inner-container is-layout-flow wp-block-cover-is-layout-flow\">\n<div class=\"wp-block-group\"><div class=\"wp-block-group__inner-container is-layout-constrained wp-block-group-is-layout-constrained\"><div class=\"breadcrumbs\" typeof=\"BreadcrumbList\" vocab=\"https:\/\/schema.org\/\"><span property=\"itemListElement\" typeof=\"ListItem\"><a property=\"item\" typeof=\"WebPage\" title=\"V\u00e1 para o Fabricante de PCBA One Stop.\" href=\"https:\/\/www.besterpcba.com\/pt_br\" class=\"home\" aria-current=\"page\"><span property=\"name\">Fabricante de PCBA One Stop<\/span><\/a><meta property=\"position\" content=\"1\"><\/span><\/div>\n\n<h1 class=\"wp-block-heading\" id=\"pcb-capabilities\">Capacidades de PCB<\/h1>\n\n\n<p class=\"has-text-align-left has-large-font-size\">Capacidades de PCB&amp;PCBA da Tecnologia Bester<\/p>\n\n\n\n<div class='base_cover_button_wrapper'><p class=\"base_header_button\"><a href=\"https:\/\/www.besterpcba.com\/pt_br\/contato\/\" data-type=\"page\" data-id=\"1358\">Solicite Or\u00e7amento Gratuito<\/a><\/p><\/div>\n<\/div><\/div>\n<\/div><\/div>\n\n\n\n<div class=\"wp-block-group faq\"><div class=\"wp-block-group__inner-container is-layout-flow wp-block-group-is-layout-flow\"><h2 class=\"wp-block-heading\" id=\"pcb-fabrication-capabilities\"> Capacidades de Fabrica\u00e7\u00e3o de PCB <\/h2>\n\n\n<div class=\"tabs\">\n   <div class=\"tab\">\n      <input type=\"checkbox\" id=\"chck1\">\n      <label class=\"tab-label\" for=\"chck1\">PROTOIPO de PCB<\/label>\n      <div class=\"tab-content\">\n         <figure class=\"wp-block-table product-spec-table\"><table><thead><tr><th>Recurso<\/th><th>Capacidades<\/th><\/tr><\/thead><tbody><tr><th>Classe de Qualidade<\/th><td>Padr\u00e3o IPC 1<\/td><\/tr><tr><th>N\u00famero de Camadas<\/th><td>1 \u2013 8 camadas<\/td><\/tr><tr><th>Quantidade de Pedido<\/th><td>5 \u2013 100 pe\u00e7as<\/td><\/tr><tr><th>Tempo de Fabrica\u00e7\u00e3o<\/th><td>2 \u2013 7 dias<\/td><\/tr><tr><th>Material<\/th><td>FR-4 Padr\u00e3o Tg 140\u00b0C<\/td><\/tr><tr><th>Tamanho da Placa<\/th><td>M\u00edn 6mm x 6mm<br>M\u00e1x 500mm x 500mm<\/td><\/tr><tr><th>Espessura da Placa<\/th><td>0.4mm \u2013 2.0mm<\/td><\/tr><tr><th>Peso de Cobre<\/th><td>1.0oz \u2013 2.0oz<\/td><\/tr><tr><th>Minimo de Tra\u00e7ado\/ Espa\u00e7amento<\/th><td>6mil\/6mil (espessura de cobre: 1oz)<br>8mil\/8mil (espessura de cobre: 2oz)<\/td><\/tr><tr><th>Lados da M\u00e1scara de Solda<\/th><td>Conforme o arquivo<\/td><\/tr><tr><th>Cor da M\u00e1scara de Solda<\/th><td>Verde, Branco, Azul, Preto, Vermelho, Amarelo<\/td><\/tr><tr><th><strong>Lados da Serigrafia<\/strong><\/th><td>Conforme o arquivo<\/td><\/tr><tr><th><strong>Cor de serigrafia<\/strong><\/th><td>Branco, Preto<\/td><\/tr><tr><th>Acabamento de Superf\u00edcie<\/th><td>Sem chumbo HASL \u2013 RoHS<br>HASL \u2013 Nivelamento por Solda a Ar Quente<br>ENIG \u2013 N\u00edquel sem eletrodo\/ Ouro por imers\u00e3o \u2013 RoHS<\/td><\/tr><tr><th>Anel Anular M\u00ednimo<\/th><td>5mil<\/td><\/tr><tr><th>Di\u00e2metro m\u00ednimo do furo de perfura\u00e7\u00e3o<\/th><td>8mil<\/td><\/tr><tr><th>Largura m\u00ednima do recorte (NPTH)<\/th><td>0,8mm<\/td><\/tr><tr><th>Largura m\u00ednima do furo de ranhura (PTH)<\/th><td>0,6mm<\/td><\/tr><tr><th>Espessura do revestimento\/superf\u00edcie do furo<\/th><td>20\u03bcm \u2013 30\u03bcm<\/td><\/tr><tr><th>Propor\u00e7\u00e3o de aspecto<\/th><td>10:1 (espessura da placa: tamanho do furo)<\/td><\/tr><tr><th>Teste<\/th><td>10V \u2013 250V, sonda voadora ou fixture de teste<\/td><\/tr><\/tbody><\/table><\/figure>\n      <\/div>\n   <\/div>\n   <div class=\"tab\">\n      <input type=\"checkbox\" id=\"chck2\">\n      <label class=\"tab-label\" for=\"chck2\">PCB R\u00cdGIDO<\/label>\n      <div class=\"tab-content\">\n         <figure class=\"wp-block-table product-spec-table\"><table><thead><tr><th>Recurso<\/th><th>Capacidades<\/th><\/tr><\/thead><tbody><tr><th>Classe de Qualidade<\/th><td>Padr\u00e3o IPC 2<\/td><\/tr><tr><th>N\u00famero de Camadas<\/th><td>1 \u2013 32 camadas<\/td><\/tr><tr><th>Quantidade de Pedido<\/th><td>1 pe\u00e7a \u2013 10.000.000 pe\u00e7as<\/td><\/tr><tr><th>Tempo de Fabrica\u00e7\u00e3o<\/th><td>2 dias \u2013 5 semanas<\/td><\/tr><tr><th>Material<\/th><td>FR-4 Padr\u00e3o Tg 150\u00b0C, FR4-High Tg 170\u00b0C, FR4-High-Tg 180\u00b0C, FR4-Halogenado, FR4-Halogenado &amp; High-Tg<\/td><\/tr><tr><th>Tamanho da Placa<\/th><td>M\u00edn 6mm x 6mm<br>M\u00e1x 600mm x 700mm<\/td><\/tr><tr><th>Espessura da Placa<\/th><td>0.4mm \u2013 3.2mm<\/td><\/tr><tr><th>Peso de Cobre<\/th><td>0.5oz \u2013 6.0oz<\/td><\/tr><tr><th>Minimo de Tra\u00e7ado\/ Espa\u00e7amento<\/th><td>3mil\/3mil<\/td><\/tr><tr><th>Lados da M\u00e1scara de Solda<\/th><td>Conforme o arquivo<\/td><\/tr><tr><th>Cor da M\u00e1scara de Solda<\/th><td>Verde, Branco, Azul, Preto, Vermelho, Amarelo<\/td><\/tr><tr><th><strong>Lados da Serigrafia<\/strong><\/th><td>Conforme o arquivo<\/td><\/tr><tr><th>Acabamento de Superf\u00edcie<\/th><td>HASL \u2013 Nivelamento por Solda a Ar Quente<br>Sem chumbo HASL \u2013 RoHS<br>ENIG \u2013 N\u00edquel sem eletrodo\/ Ouro por imers\u00e3o \u2013 RoHS<br>ENEPIG \u2013 N\u00edquel sem eletrodo\/Palladium sem eletrodo\/Ouro por imers\u00e3o \u2013 RoHS<br>Prata por imers\u00e3o \u2013 RoHS<br>Chumbo de Imers\u00e3o \u2013 RoHS<br>OSP - Preservativos de Soldabilidade Org\u00e2nica \u2013 RoHS<\/td><\/tr><tr><th>Anel Anular M\u00ednimo<\/th><td>3mil<\/td><\/tr><tr><th>Di\u00e2metro m\u00ednimo do furo de perfura\u00e7\u00e3o<\/th><td>6mil, perfura\u00e7\u00e3o a laser de 4mil<\/td><\/tr><tr><th>Largura m\u00ednima do recorte (NPTH)<\/th><td>0,8mm<\/td><\/tr><tr><th>Largura m\u00ednima do furo de ranhura (PTH)<\/th><td>0,6mm<\/td><\/tr><tr><th>Espessura do revestimento\/superf\u00edcie do furo<\/th><td>20\u03bcm \u2013 30\u03bcm<\/td><\/tr><tr><th>Propor\u00e7\u00e3o de aspecto<\/th><td>1:10 (tamanho do furo: espessura da placa)<\/td><\/tr><tr><th>Teste<\/th><td>10V \u2013 250V, sonda voadora ou fixture de teste<\/td><\/tr><tr><th>Toler\u00e2ncia de imped\u00e2ncia<\/th><td>\u00b15% \u2013 \u00b110%<\/td><\/tr><tr><th>Passo SMD<\/th><td>0,2mm(8mil)<\/td><\/tr><tr><th>Passo BGA<\/th><td>0,2mm(8mil)<\/td><\/tr><tr><th>Chanfro dos dedos de ouro<\/th><td>20, 30, 45, 60<\/td><\/tr><tr><th>Outras T\u00e9cnicas<\/th><td>Dedos de Ouro<br>Furos Cegos e Enterrados<br>M\u00e1scara de solda descol\u00e1vel<br>Revestimento de borda<br>M\u00e1scara de carbono<br>Fita de Kapton<br>Furo de rebaixamento\/contra-rebaixo<br>Furo semi-cortado\/castelado<br>Furo de encaixe por press\u00e3o<br>Via coberta com resina<br>Via plugada\/preenchida com resina<br>Via em pad<br>Teste El\u00e9trico<\/td><\/tr><\/tbody><\/table><\/figure>\n      <\/div>\n   <\/div>\n   <div class=\"tab\">\n      <input type=\"checkbox\" id=\"chck3\">\n      <label class=\"tab-label\" for=\"chck3\">PCB FLEX\u00cdVEL<\/label>\n      <div class=\"tab-content\">\n         <figure class=\"wp-block-table product-spec-table\"><table><thead><tr><th>Recurso<\/th><th>Capacidades<\/th><\/tr><\/thead><tbody><tr><th>Classe de Qualidade<\/th><td>Padr\u00e3o IPC 2<\/td><\/tr><tr><th>N\u00famero de Camadas<\/th><td>1 \u2013 8 camadas<\/td><\/tr><tr><th>Quantidade de Pedido<\/th><td>1 pe\u00e7a \u2013 mais de 10.000 pe\u00e7as<\/td><\/tr><tr><th>Tempo de Fabrica\u00e7\u00e3o<\/th><td>2 dias \u2013 5 semanas<\/td><\/tr><tr><th>Material<\/th><td>DuPont PI, PI Shengyi dom\u00e9stico<\/td><\/tr><tr><th>Tamanho da Placa<\/th><td>M\u00edn 6mm x 6mm<br>M\u00e1x. 406mm x 610mm<\/td><\/tr><tr><th>Espessura da Placa<\/th><td>0,1mm \u2013 0,8mm<\/td><\/tr><tr><th>Peso de Cobre (Acabado)<\/th><td>0,5oz \u2013 2,0oz<\/td><\/tr><tr><th>Minimo de Tra\u00e7ado\/ Espa\u00e7amento<\/th><td>3mil\/3mil<\/td><\/tr><tr><th>Lados da M\u00e1scara de Solda<\/th><td>Conforme o arquivo<\/td><\/tr><tr><th>Cor da M\u00e1scara de Solda<\/th><td>Verde, Branco, Azul, Preto, Vermelho, Amarelo<\/td><\/tr><tr><th>Revestimento de parada de solda\u2014\u00d3leo de m\u00e1scara de solda<\/th><td>Verde, Branco, Azul, Preto, Vermelho, Amarelo<\/td><\/tr><tr><th>Revestimento de parada de solda\u2014Coverlay<\/th><td>Filme de PI e PET<\/td><\/tr><tr><th><strong>Lados da Serigrafia<\/strong><\/th><td>Conforme o arquivo<\/td><\/tr><tr><th>Cor de serigrafia<\/th><td>Branco, Preto, Amarelo<\/td><\/tr><tr><th>Acabamento de Superf\u00edcie<\/th><td>HASL \u2013 Nivelamento de solda a ar quente<br>Lead \u2013 livre de HASL \u2013 RoHS<br>ENIG \u2013 RoHS<br>Chumbo de Imers\u00e3o \u2013 RoHS<br>OSP \u2013 RoHS<\/td><\/tr><tr><th>Anel Anular M\u00ednimo<\/th><td>4mil<\/td><\/tr><tr><th>Di\u00e2metro m\u00ednimo do furo de perfura\u00e7\u00e3o<\/th><td>8mil<\/td><\/tr><tr><th>Tamanho m\u00ednimo do orif\u00edcio\u2014Perfura\u00e7\u00e3o (PTH)<\/th><td>0,2mil<\/td><\/tr><tr><th>Tamanho m\u00ednimo do orif\u00edcio\u2014Dobragem (NPTH)<\/th><td>0,5mil<\/td><\/tr><tr><th>Toler\u00e2ncia de dimens\u00e3o<\/th><td>\u00b10,05mm<\/td><\/tr><tr><th>Outras T\u00e9cnicas<\/th><td>M\u00e1scara de solda peelable<br>Dedos de Ouro<br>Refor\u00e7ador (apenas para substrato PI\/FR4)<\/td><\/tr><\/tbody><\/table><\/figure>\n      <\/div>\n   <\/div>\n   <div class=\"tab\">\n      <input type=\"checkbox\" id=\"chck4\">\n      <label class=\"tab-label\" for=\"chck4\">PCB R\u00cdGIDO-FLEX<\/label>\n      <div class=\"tab-content\">\n         <figure class=\"wp-block-table product-spec-table\"><table><thead><tr><th>Recurso<\/th><th>Capacidades<\/th><\/tr><\/thead><tbody><tr><th>Classe de Qualidade<\/th><td>Padr\u00e3o IPC 2<\/td><\/tr><tr><th>N\u00famero de Camadas<\/th><td>2 \u2013 24 camadas<\/td><\/tr><tr><th>Quantidade de Pedido<\/th><td>1 pe\u00e7a \u2013 mais de 10.000 pe\u00e7as<\/td><\/tr><tr><th>Tempo de Fabrica\u00e7\u00e3o<\/th><td>2 dias \u2013 5 semanas<\/td><\/tr><tr><th>Material<\/th><td>DuPont (PI25UM), FR4<\/td><\/tr><tr><th>Tamanho da Placa<\/th><td>M\u00edn 6mm x 6mm<br>M\u00e1x 457mm x 610mm<\/td><\/tr><tr><th>Espessura da Placa<\/th><td>0,6mm \u2013 5,0mm<\/td><\/tr><tr><th>Peso de Cobre (Acabado)<\/th><td>0,5oz \u2013 2,0oz<\/td><\/tr><tr><th>Minimo de Tra\u00e7ado\/ Espa\u00e7amento<\/th><td>3mil\/3mil<\/td><\/tr><tr><th>Lados da M\u00e1scara de Solda<\/th><td>Conforme o arquivo<\/td><\/tr><tr><th>Cor da M\u00e1scara de Solda<\/th><td>Verde, Branco, Azul, Preto, Vermelho, Amarelo<\/td><\/tr><tr><th><strong>Lados da Serigrafia<\/strong><\/th><td>Conforme o arquivo<\/td><\/tr><tr><th>Cor de serigrafia<\/th><td>Branco, Preto, Amarelo<\/td><\/tr><tr><th>Acabamento de Superf\u00edcie<\/th><td>HASL \u2013 Nivelamento de solda a ar quente<br>Lead \u2013 livre de HASL \u2013 RoHS<br>ENIG \u2013 RoHS<\/td><\/tr><tr><th>Anel Anular M\u00ednimo<\/th><td>4mil<\/td><\/tr><tr><th>Di\u00e2metro m\u00ednimo do furo de perfura\u00e7\u00e3o<\/th><td>8mil<\/td><\/tr><tr><th>Controle de imped\u00e2ncia<\/th><td>\u00b110%<\/td><\/tr><tr><th>Outras T\u00e9cnicas<\/th><td>HDI<br>Dedos de Ouro<br>Refor\u00e7ador (apenas para substrato PI\/FR4)<\/td><\/tr><\/tbody><\/table><\/figure>\n      <\/div>\n   <\/div>\n   <div class=\"tab\">\n      <input type=\"checkbox\" id=\"chck5\">\n      <label class=\"tab-label\" for=\"chck5\">PCB de ALUM\u00cdNIO<\/label>\n      <div class=\"tab-content\">\n         <figure class=\"wp-block-table product-spec-table\"><table><thead><tr><th>Recurso<\/th><th>Capacidades<\/th><\/tr><\/thead><tbody><tr><th>Classe de Qualidade<\/th><td>Padr\u00e3o IPC 2<\/td><\/tr><tr><th>N\u00famero de Camadas<\/th><td>4 \u2013 24 camadas<\/td><\/tr><tr><th>Quantidade de Pedido<\/th><td>1 pe\u00e7a \u2013 mais de 10.000 pe\u00e7as<\/td><\/tr><tr><th>Tempo de Fabrica\u00e7\u00e3o<\/th><td>2 dias \u2013 5 semanas<\/td><\/tr><tr><th>Material<\/th><td>N\u00facleo de alum\u00ednio (Nacional 1060), n\u00facleo de cobre, cobertura de FR4<\/td><\/tr><tr><th>Tamanho da Placa<\/th><td>M\u00edn 6mm x 6mm<br>M\u00e1x 610mm x 610mm<\/td><\/tr><tr><th>Espessura da Placa<\/th><td>0,8mm \u2013 5,0mm<\/td><\/tr><tr><th>Peso de Cobre (Acabado)<\/th><td>0,5oz \u2013 10,0oz<\/td><\/tr><tr><th>Minimo de Tra\u00e7ado\/ Espa\u00e7amento<\/th><td>4mil\/4mil<\/td><\/tr><tr><th>Lados da M\u00e1scara de Solda<\/th><td>Conforme o arquivo<\/td><\/tr><tr><th>Cor da M\u00e1scara de Solda<\/th><td>Verde, Branco, Azul, Preto, Vermelho, Amarelo<\/td><\/tr><tr><th><strong>Lados da Serigrafia<\/strong><\/th><td>Conforme o arquivo<\/td><\/tr><tr><th><strong>Cor de serigrafia<\/strong><\/th><td>Branco, Preto, Amarelo<\/td><\/tr><tr><th>Acabamento de Superf\u00edcie<\/th><td>HASL \u2013 Nivelamento por Solda a Ar Quente<br>Sem chumbo HASL \u2013 RoHS<br>ENIG \u2013 N\u00edquel sem eletrodo\/ Ouro por imers\u00e3o \u2013 RoHS<\/td><\/tr><tr><th>Anel Anular M\u00ednimo<\/th><td>4mil<\/td><\/tr><tr><th>Di\u00e2metro m\u00ednimo do furo de perfura\u00e7\u00e3o<\/th><td>6mil<\/td><\/tr><tr><th>Outras T\u00e9cnicas<\/th><td>Furos de contrafura\u00e7\u00e3o<br>Furos para parafusos<\/td><\/tr><\/tbody><\/table><\/figure>\n      <\/div>\n   <\/div>\n   <div class=\"tab\">\n      <input type=\"checkbox\" id=\"chck6\">\n      <label class=\"tab-label\" for=\"chck6\">PCB HDI<\/label>\n      <div class=\"tab-content\">\n         <figure class=\"wp-block-table product-spec-table\"><table><thead><tr><th>Recurso<\/th><th>Capacidades<\/th><\/tr><\/thead><tbody><tr><th>Classe de Qualidade<\/th><td>Padr\u00e3o IPC 2<\/td><\/tr><tr><th>N\u00famero de Camadas<\/th><td>4 \u2013 24 camadas<\/td><\/tr><tr><th>Quantidade de Pedido<\/th><td>1 pe\u00e7a \u2013 mais de 10.000 pe\u00e7as<\/td><\/tr><tr><th>Tempo de Fabrica\u00e7\u00e3o<\/th><td>2 dias \u2013 5 semanas<\/td><\/tr><tr><th>Material<\/th><td>FR4 padr\u00e3o Tg 140\u00b0C, FR4 High Tg 170\u00b0C, lamina\u00e7\u00e3o combinada de FR4 e Rogers<\/td><\/tr><tr><th>Tamanho da Placa<\/th><td>M\u00ednimo 6*6mm | M\u00e1ximo 457*610mm<\/td><\/tr><tr><th>Espessura da Placa<\/th><td>0,4mm \u2013 3,0mm<\/td><\/tr><tr><th>Peso de Cobre (Acabado)<\/th><td>0,5oz \u2013 2,0oz<\/td><\/tr><tr><th>Minimo de Tra\u00e7ado\/ Espa\u00e7amento<\/th><td>2,5mil\/2,5mil<\/td><\/tr><tr><th>Lados da M\u00e1scara de Solda<\/th><td>Conforme o arquivo<\/td><\/tr><tr><th>Cor da M\u00e1scara de Solda<\/th><td>Verde, Branco, Azul, Preto, Vermelho, Amarelo<\/td><\/tr><tr><th>Lados da Serigrafia<\/th><td>Conforme o arquivo<\/td><\/tr><tr><th>Cor de serigrafia<\/th><td>Branco, Preto, Amarelo<\/td><\/tr><tr><th>Acabamento de Superf\u00edcie<\/th><td>HASL \u2013 Nivelamento por Solda a Ar Quente<br>Sem chumbo HASL \u2013 RoHS<br>ENIG \u2013 N\u00edquel sem eletrodo\/ Ouro por imers\u00e3o \u2013 RoHS<br>Prata por imers\u00e3o \u2013 RoHS<br>Chumbo de Imers\u00e3o \u2013 RoHS<br>OSP \u2013 Preservativos org\u00e2nicos de solda \u2013 RoHS<\/td><\/tr><tr><th>Anel Anular M\u00ednimo<\/th><td>4mil, 3mil \u2013 perfura\u00e7\u00e3o a laser<\/td><\/tr><tr><th>Di\u00e2metro m\u00ednimo do furo de perfura\u00e7\u00e3o<\/th><td>6mil, 4mil \u2013 perfura\u00e7\u00e3o a laser<\/td><\/tr><tr><th>Expoentes m\u00e1ximos de vias cegas\/ enterradas<\/th><td>vias empilhadas para 3 camadas interconectadas, vias escalonadas para 4 camadas interconectadas<\/td><\/tr><tr><th>Outras T\u00e9cnicas<\/th><td>Combina\u00e7\u00e3o flex-r\u00edgida<br>Via In Pad<br>Capacitor Enterrado (apenas para PCB de Prot\u00f3tipo com \u00e1rea total \u22641m\u00b2)<\/td><\/tr><\/tbody><\/table><\/figure>\n      <\/div>\n   <\/div>\n   <div class=\"tab\">\n      <input type=\"checkbox\" id=\"chck7\">\n      <label class=\"tab-label\" for=\"chck7\">PCB de ALTA FREQU\u00caNCIA<\/label>\n      <div class=\"tab-content\">\n         <figure class=\"wp-block-table product-spec-table\"><table><thead><tr><th>Recurso<\/th><th>Capacidades<\/th><\/tr><\/thead><tbody><tr><th>Classe de Qualidade<\/th><td>Padr\u00e3o IPC 2<\/td><\/tr><tr><th>N\u00famero de Camadas<\/th><td>4 \u2013 24 camadas<\/td><\/tr><tr><th>Quantidade de Pedido<\/th><td>1 pe\u00e7a \u2013 mais de 10.000 pe\u00e7as<\/td><\/tr><tr><th>Tempo de Fabrica\u00e7\u00e3o<\/th><td>2 dias \u2013 5 semanas<\/td><\/tr><tr><th>Material<\/th><td>RO4003C, RO4350B, Ro3003, Ro3010, RT5880<\/td><\/tr><tr><th>PP<\/th><td>Rogers 4450F, Nacional-(25FR), Nacional-(RF-27), Nacional-(6700)<\/td><\/tr><tr><th>Tamanho da Placa<\/th><td>M\u00edn 6mm x 6mm<br>M\u00e1x 457mm x 610mm<\/td><\/tr><tr><th>Espessura da Placa<\/th><td>0,4mm \u2013 5,0mm<\/td><\/tr><tr><th>Peso de Cobre (Acabado)<\/th><td>0,5oz \u2013 2,0oz<\/td><\/tr><tr><th>Minimo de Tra\u00e7ado\/ Espa\u00e7amento<\/th><td>3mil\/3mil<\/td><\/tr><tr><th>Lados da M\u00e1scara de Solda<\/th><td>Conforme o arquivo<\/td><\/tr><tr><th>Cor da M\u00e1scara de Solda<\/th><td>Verde, Branco, Azul, Preto, Vermelho, Amarelo<\/td><\/tr><tr><th><strong>Lados da Serigrafia<\/strong><\/th><td>Conforme o arquivo<\/td><\/tr><tr><th><strong>Cor de serigrafia<\/strong><\/th><td>Branco, Preto, Amarelo<\/td><\/tr><tr><th>Acabamento de Superf\u00edcie<\/th><td>N\u00edquel sem eletrodo\/ouro por imers\u00e3o (ENIG) \u2013 RoHS<br>Prata por imers\u00e3o \u2013 RoHS<br>Estanho por imers\u00e3o \u2013 RoHS<br>Preservativos org\u00e2nicos de soldabilidade \u2013 RoHS<\/td><\/tr><tr><th>Anel Anular M\u00ednimo<\/th><td>4mil<\/td><\/tr><tr><th>Di\u00e2metro m\u00ednimo do furo de perfura\u00e7\u00e3o<\/th><td>6mil<\/td><\/tr><tr><th>Toler\u00e2ncia de imped\u00e2ncia<\/th><td>\u00b110%<\/td><\/tr><tr><th>Outras T\u00e9cnicas<\/th><td>M\u00e1scara de solda peelable<br>Dedos de Ouro<br>\u00d3leo de carbono<br>Furos de contrafura\u00e7\u00e3o<\/td><\/tr><\/tbody><\/table><\/figure>\n      <\/div>\n   <\/div>\n<\/div>\n<\/div><\/div>\n\n\n\n<div class=\"wp-block-group faq\"><div class=\"wp-block-group__inner-container is-layout-flow wp-block-group-is-layout-flow\"><h2 class=\"wp-block-heading\" id=\"pcb-assembly-capabilities\">Capacidades de Montagem de PCB<\/h2>\n\n\n<div class=\"tabs\">\n   <div class=\"tab\">\n      <input type=\"checkbox\" id=\"chck8\">\n      <label class=\"tab-label\" for=\"chck8\">Fabrica\u00e7\u00e3o de PCB<\/label>\n      <div class=\"tab-content\">\n         <figure class=\"wp-block-table product-spec-table\"><table><thead><tr><th>Recurso<\/th><th>Capacidades<\/th><\/tr><\/thead><tbody><tr><th>Especifica\u00e7\u00f5es da Placa de Circuito<\/th><td>Tamanho m\u00e1ximo do painel: 19,7\u2033 x 31,5\u2033<br>N\u00famero m\u00e1ximo de camadas: 1-40<br>Espessura de cobre: 0,5 oz a 5,0 oz<br>Largura m\u00ednima da linha: 3 mil<br>Espa\u00e7amento m\u00ednimo entre linhas: 3 mil<br>Menor furo: 0,006\u2033<br>Vias cegadas, enterradas e tampadas<br>Imped\u00e2ncia controlada<\/td><\/tr><tr><th>Material<\/th><td>Espessura: 0.008\u2033 a 0.240\u2033<br>FR-4<br>FR-4 de alto TG<br>PTFE<br>Base de alum\u00ednio<br>Rogers<br>Material especializado conforme sua solicita\u00e7\u00e3o<\/td><\/tr><tr><th>M\u00e1scara de Solda<\/th><td>LPI \u2013 Verde, Amarelo, Preto, Vermelho, Azul, Branco, etc. (Consulte para mais op\u00e7\u00f5es)<br>M\u00e1scara descol\u00e1vel<\/td><\/tr><tr><th>Acabamentos finais<\/th><td>SMOBC (HASL)<br>Carbono<br>Revestimento de ouro seletivo<br>Ouro duro e macio<br>Ouro por imers\u00e3o<br>Prata por imers\u00e3o<br>Estanho por imers\u00e3o<br>OSP<\/td><\/tr><tr><th>Legenda<\/th><td>Branco, Amarelo, Preto (Consulte para mais op\u00e7\u00f5es)<\/td><\/tr><tr><th>M\u00e9todos de Inspe\u00e7\u00e3o<\/th><td>Inspe\u00e7\u00e3o visual 100%<br>Testes el\u00e9tricos \u2013 Sonda voadora ou cama de pregos<br>Inspe\u00e7\u00e3o do lote de amostras<br>Seccionamento transversal<\/td><\/tr><tr><th>Entrega<\/th><td>Urg\u00eancia: 24 horas<br>Prot\u00f3tipo padr\u00e3o: 5 dias<br>Produ\u00e7\u00e3o padr\u00e3o: 10 dias<\/td><\/tr><\/tbody><\/table><\/figure>\n      <\/div>\n   <\/div>\n   <div class=\"tab\">\n      <input type=\"checkbox\" id=\"chck9\">\n      <label class=\"tab-label\" for=\"chck9\">Montagem de PCB<\/label>\n      <div class=\"tab-content\">\n         <figure class=\"wp-block-table product-spec-table\"><table><thead><tr><th>Recurso<\/th><th>Capacidades<\/th><\/tr><\/thead><tbody><tr><th>Tipos de Montagem<\/th><td>THD (Dispositivo de Orif\u00edcio Passante)<br>SMT (Tecnologia de Montagem de Superf\u00edcie)<br>SMT &amp; THD misturados<br>Montagem SMT e THD de 2 lados<\/td><\/tr><tr><th>Quantidade do pedido<\/th><td>De 1 a 10.000 placas<\/td><\/tr><tr><th>Componentes<\/th><td>Partes passivas, menor tamanho 0201<br>Passo fino at\u00e9 8 Mils<br>BGA, uBGA, QFN, POP e chips sem pinos<br>Conectores e terminais<\/td><\/tr><tr><th>Pacote de componentes<\/th><td>Bobinas<br>Fita cortada<br>Tubo e bandeja<br>Pe\u00e7as soltas e a granel<\/td><\/tr><tr><th>Dimens\u00f5es da placa<\/th><td>Tamanho menor: 0,2\u2033 x 0,2\u2033<br>Tamanho maior: 15\u2033 x 20\u2033 Branca, Amarela, Preta (Consulte para mais op\u00e7\u00f5es)<\/td><\/tr><tr><th>Forma da placa<\/th><td>Retangular<br>Redonda<br>Ranhuras e recortes<br>Complexo e Irregular<\/td><\/tr><tr><th>Tipo de placa<\/th><td>R\u00edgido FR-4<br>Placas R\u00edgido-Flex<\/td><\/tr><tr><th>Processo de montagem<\/th><td>Processo com Pinos<br>Sem Chumbo (RoHS)<\/td><\/tr><tr><th>Formato do arquivo de design<\/th><td>Gerber RS-274X<br>BOM (Lista de Materiais) (.xls, .csv, .xlsx)<br>Centroid (Arquivo Pick-N-Place\/XY)<\/td><\/tr><tr><th>Vendas e suporte<\/th><td>E-mails<br>Chamadas telef\u00f4nicas<br>Cota\u00e7\u00e3o online na web para PCB e montagem<\/td><\/tr><tr><th>Testes el\u00e9tricos<\/th><td>Inspe\u00e7\u00e3o por Raios-X<br>AOI (Inspe\u00e7\u00e3o \u00d3ptica Automatizada)<br>Testes funcionais<\/td><\/tr><tr><th><strong>Perfil do forno<\/strong><\/th><td>Padr\u00e3o<br>Personalizado<\/td><\/tr><tr><th>Tempo de entrega<\/th><td>De 1 a 5 dias apenas para montagem de PCB<br>De 10 a 16 dias para montagem turnkey de PCB<\/td><\/tr><\/tbody><\/table><\/figure>\n      <\/div>\n   <\/div>\n<\/div>\n<\/div><\/div>","protected":false},"excerpt":{"rendered":"<p>Fabricante de PCBA One Stop<\/p>\n<p>Capacidades de PCB<\/p>\n<p>Capacidades de PCB&amp;PCBA da Tecnologia Bester<\/p>","protected":false},"author":1,"featured_media":0,"parent":0,"menu_order":0,"comment_status":"closed","ping_status":"closed","template":"","meta":{"article_term":"","article_term_alternate":"","article_term_def":"","article_hook":"","auto_links":"","article_topic":"","article_fact_check":"","mt_social_share":"","mt_content_meta":"","mt_glossary_display":"","glossary_heading":"","glossary":"","glossary_alter":"","glossary_def":"","article_task":"","footnotes":""},"class_list":["post-4328","page","type-page","status-publish"],"_links":{"self":[{"href":"https:\/\/www.besterpcba.com\/pt_br\/wp-json\/wp\/v2\/pages\/4328","targetHints":{"allow":["GET"]}}],"collection":[{"href":"https:\/\/www.besterpcba.com\/pt_br\/wp-json\/wp\/v2\/pages"}],"about":[{"href":"https:\/\/www.besterpcba.com\/pt_br\/wp-json\/wp\/v2\/types\/page"}],"author":[{"embeddable":true,"href":"https:\/\/www.besterpcba.com\/pt_br\/wp-json\/wp\/v2\/users\/1"}],"replies":[{"embeddable":true,"href":"https:\/\/www.besterpcba.com\/pt_br\/wp-json\/wp\/v2\/comments?post=4328"}],"version-history":[{"count":9,"href":"https:\/\/www.besterpcba.com\/pt_br\/wp-json\/wp\/v2\/pages\/4328\/revisions"}],"predecessor-version":[{"id":7151,"href":"https:\/\/www.besterpcba.com\/pt_br\/wp-json\/wp\/v2\/pages\/4328\/revisions\/7151"}],"wp:attachment":[{"href":"https:\/\/www.besterpcba.com\/pt_br\/wp-json\/wp\/v2\/media?parent=4328"}],"curies":[{"name":"wp","href":"https:\/\/api.w.org\/{rel}","templated":true}]}}