{"id":6125,"date":"2023-07-06T01:31:41","date_gmt":"2023-07-06T01:31:41","guid":{"rendered":"https:\/\/www.besterpcba.com\/?page_id=6125"},"modified":"2023-07-25T02:13:22","modified_gmt":"2023-07-25T02:13:22","slug":"get-a-quote","status":"publish","type":"page","link":"https:\/\/www.besterpcba.com\/pt_br\/obter-uma-cotacao\/","title":{"rendered":"Solicitar uma Cota\u00e7\u00e3o"},"content":{"rendered":"<div class=\"wp-block-cover alignfull base_cover base_cover_overlay_grad\"><span aria-hidden=\"true\" class=\"wp-block-cover__background has-background-dim-0 has-background-dim\"><\/span><img loading=\"lazy\" decoding=\"async\" width=\"1920\" height=\"768\" class=\"wp-block-cover__image-background wp-image-5170\" alt=\"Banner de Cap\" src=\"https:\/\/www.besterpcba.com\/wp-content\/uploads\/2023\/06\/cap-banner.jpg\" data-object-fit=\"cover\" srcset=\"https:\/\/www.besterpcba.com\/wp-content\/uploads\/2023\/06\/cap-banner.jpg 1920w, https:\/\/www.besterpcba.com\/wp-content\/uploads\/2023\/06\/cap-banner-300x120.jpg 300w, https:\/\/www.besterpcba.com\/wp-content\/uploads\/2023\/06\/cap-banner-1024x410.jpg 1024w, https:\/\/www.besterpcba.com\/wp-content\/uploads\/2023\/06\/cap-banner-768x307.jpg 768w, https:\/\/www.besterpcba.com\/wp-content\/uploads\/2023\/06\/cap-banner-1600x640.jpg 1600w, https:\/\/www.besterpcba.com\/wp-content\/uploads\/2023\/06\/cap-banner-1536x614.jpg 1536w\" sizes=\"auto, (max-width: 1920px) 100vw, 1920px\" \/><div class=\"wp-block-cover__inner-container is-layout-flow wp-block-cover-is-layout-flow\">\n<div class=\"wp-block-group\"><div class=\"wp-block-group__inner-container is-layout-constrained wp-block-group-is-layout-constrained\"><div class=\"breadcrumbs\" typeof=\"BreadcrumbList\" vocab=\"https:\/\/schema.org\/\"><span property=\"itemListElement\" typeof=\"ListItem\"><a property=\"item\" typeof=\"WebPage\" title=\"V\u00e1 para o Fabricante de PCBA One Stop.\" href=\"https:\/\/www.besterpcba.com\/pt_br\" class=\"home\" aria-current=\"page\"><span property=\"name\">Fabricante de PCBA One Stop<\/span><\/a><meta property=\"position\" content=\"1\"><\/span><\/div>\n\n<h1 class=\"wp-block-heading\" id=\"get-a-quote\">Solicitar uma Cota\u00e7\u00e3o<\/h1>\n\n\n<p class=\"has-text-align-left has-large-font-size\">Obtenha uma Cota\u00e7\u00e3o para suas Necessidades de Montagem de PCB hoje!<\/p>\n<\/div><\/div>\n<\/div><\/div>\n\n\n\n<div class=\"wp-block-group alignfull bs_contact_group base_group\"><div class=\"wp-block-group__inner-container is-layout-constrained wp-block-group-is-layout-constrained\">\n<div class=\"wp-block-group bs_contact_info\"><div class=\"wp-block-group__inner-container is-layout-constrained wp-block-group-is-layout-constrained\">\n<div class=\"wp-block-group bs_contact_info_pro\"><div class=\"wp-block-group__inner-container is-layout-constrained wp-block-group-is-layout-constrained\"><h2 class=\"wp-block-heading\" id=\"why-consider-bester-as-your-pcba-partner\">Por que Considerar Bester como seu Parceiro de PCBA?<\/h2>\n\n\n<ul class=\"wp-block-list\">\n<li>Experi\u00eancia Extensiva<\/li>\n\n\n\n<li>Garantia de Qualidade<\/li>\n\n\n\n<li>Expertise T\u00e9cnica<\/li>\n\n\n\n<li>Op\u00e7\u00f5es de Personaliza\u00e7\u00e3o<\/li>\n\n\n\n<li>Pre\u00e7os Competitivos<\/li>\n\n\n\n<li>Entrega Pontual<\/li>\n\n\n\n<li>Excelente Suporte ao Cliente<\/li>\n\n\n\n<li>Servi\u00e7os Abrangentes de PCB<\/li>\n\n\n\n<li>Satisfa\u00e7\u00e3o Garantida<\/li>\n<\/ul>\n<\/div><\/div>\n\n\n\n<div class=\"wp-block-group bs_contact_info_pro\"><div class=\"wp-block-group__inner-container is-layout-constrained wp-block-group-is-layout-constrained\"><h2 class=\"wp-block-heading\" id=\"for-an-accurate-quote-please-upload-any-of-the-following-information\">Para uma cota\u00e7\u00e3o precisa, por favor envie qualquer uma das seguintes informa\u00e7\u00f5es.<\/h2>\n\n\n<ul class=\"wp-block-list\">\n<li>Dados Gerber<\/li>\n\n\n\n<li>Esquem\u00e1tico<\/li>\n\n\n\n<li>Desenho de Montagem<\/li>\n\n\n\n<li>BOM<\/li>\n\n\n\n<li>Desenho de Fabrica\u00e7\u00e3o<\/li>\n\n\n\n<li>Todas as Outras Informa\u00e7\u00f5es Relevantes<\/li>\n<\/ul>\n<\/div><\/div>\n\n\n\n<div class=\"wp-block-group bs_contact_info_connect\"><div class=\"wp-block-group__inner-container is-layout-constrained wp-block-group-is-layout-constrained\">\n<div class=\"wp-block-group\"><div class=\"wp-block-group__inner-container is-layout-constrained wp-block-group-is-layout-constrained\">\n<figure class=\"wp-block-image size-full\"><img decoding=\"async\" src=\"https:\/\/www.besterpcba.com\/wp-content\/uploads\/2023\/06\/worker-svgrepo-com.svg\" alt=\"Trabalhador Svgrepo Com\" class=\"wp-image-5748\"\/><\/figure>\n\n\n\n<div class=\"wp-block-group\"><div class=\"wp-block-group__inner-container is-layout-constrained wp-block-group-is-layout-constrained\"><h3 class=\"wp-block-heading\" id=\"live-support\">Suporte ao Vivo<\/h3>\n\n\n<p>Obtenha suporte em tempo real, fa\u00e7a perguntas ou discuta os requisitos do seu projeto.<\/p>\n\n\n\n<div class='base_cover_button_wrapper chat-button'><p class=\"base_header_button\">Chat ao Vivo<\/p><\/div>\n<\/div><\/div>\n<\/div><\/div>\n<\/div><\/div>\n<\/div><\/div>\n\n\n\n<div class=\"wp-block-group bs_contact_gg\"><div class=\"wp-block-group__inner-container is-layout-constrained wp-block-group-is-layout-constrained\">\n<div class='contact_form_title'><h2>Solicita\u00e7\u00e3o de Or\u00e7amento R\u00e1pido<\/h2><\/div>\n\n\n\n<div class=\"wpcf7 no-js\" id=\"wpcf7-f6156-o1\" lang=\"en-US\" dir=\"ltr\">\n<div class=\"screen-reader-response\"><p role=\"status\" aria-live=\"polite\" aria-atomic=\"true\"><\/p> <ul><\/ul><\/div>\n<form action=\"\/pt_br\/wp-json\/wp\/v2\/pages\/6125#wpcf7-f6156-o1\" method=\"post\" class=\"wpcf7-form init\" aria-label=\"Formul\u00e1rio de contato\" enctype=\"multipart\/form-data\" novalidate=\"novalidate\" data-status=\"init\" data-trp-original-action=\"\/pt_br\/wp-json\/wp\/v2\/pages\/6125#wpcf7-f6156-o1\">\n<div style=\"display: none;\">\n<input type=\"hidden\" name=\"_wpcf7\" value=\"6156\" \/>\n<input type=\"hidden\" name=\"_wpcf7_version\" value=\"5.7.7\" \/>\n<input type=\"hidden\" name=\"_wpcf7_locale\" value=\"en_US\" \/>\n<input type=\"hidden\" name=\"_wpcf7_unit_tag\" value=\"wpcf7-f6156-o1\" \/>\n<input type=\"hidden\" name=\"_wpcf7_container_post\" value=\"0\" \/>\n<input type=\"hidden\" name=\"_wpcf7_posted_data_hash\" value=\"\" \/>\n<\/div>\n<div class = \"bs_cf_type\">\n\t<p class=\"contact_title\">Tipo de Or\u00e7amento:\n\t<\/p>\n\t<p><span class=\"wpcf7-form-control-wrap\" data-name=\"your-quote-type\"><span class=\"wpcf7-form-control wpcf7-checkbox\"><span class=\"wpcf7-list-item first\"><input type=\"checkbox\" name=\"your-quote-type[]\" value=\"Consigned Assembly\" \/><span class=\"wpcf7-list-item-label\">Montagem Consignada<\/span><\/span><span class=\"wpcf7-list-item\"><input type=\"checkbox\" name=\"your-quote-type[]\" value=\"Turnkey Assembly\" \/><span class=\"wpcf7-list-item-label\">Montagem Chave na M\u00e3o<\/span><\/span><span class=\"wpcf7-list-item\"><input type=\"checkbox\" name=\"your-quote-type[]\" value=\"Partial Turnkey Assembly\" \/><span class=\"wpcf7-list-item-label\">Montagem Parcial Chave na M\u00e3o<\/span><\/span><span class=\"wpcf7-list-item last\"><input type=\"checkbox\" name=\"your-quote-type[]\" value=\"Other\" \/><span class=\"wpcf7-list-item-label\">Outro<\/span><\/span><\/span><\/span>\n\t<\/p>\n\t<p class=\"contact_detail\">Consignado = Cliente fornece pe\u00e7as, Chave na M\u00e3o = Bester compra pe\u00e7as, Chave na M\u00e3o Parcial = Cliente fornece algumas pe\u00e7as e Bester compra o restante.\n\t<\/p>\n<\/div>\n<div class = \"bs_cf_name\">\n\t<p class=\"contact_title\">Seu Nome\n\t<\/p>\n\t<div>\n\t\t<p><span> <span class=\"wpcf7-form-control-wrap\" data-name=\"your-name-first\"><input size=\"40\" class=\"wpcf7-form-control wpcf7-text wpcf7-validates-as-required\" aria-required=\"true\" aria-invalid=\"false\" value=\"First Name\" type=\"text\" name=\"your-name-first\" \/><\/span> <\/span><span> <span class=\"wpcf7-form-control-wrap\" data-name=\"your-name-last\"><input size=\"40\" class=\"wpcf7-form-control wpcf7-text wpcf7-validates-as-required\" aria-required=\"true\" aria-invalid=\"false\" value=\"Last Name\" type=\"text\" name=\"your-name-last\" \/><\/span> <\/span>\n\t\t<\/p>\n\t<\/div>\n<\/div>\n<div class = \"bs_cf_mail\">\n\t<p class=\"contact_title\">Email*\n\t<\/p>\n\t<p><label> <span class=\"wpcf7-form-control-wrap\" data-name=\"your-email\"><input size=\"40\" class=\"wpcf7-form-control wpcf7-text wpcf7-email wpcf7-validates-as-required wpcf7-validates-as-email\" aria-required=\"true\" aria-invalid=\"false\" value=\"\" type=\"email\" name=\"your-email\" \/><\/span> <\/label>\n\t<\/p>\n<\/div>\n<div class = \"bs_cf_phone\">\n\t<p class=\"contact_title\">Telefone*\n\t<\/p>\n\t<p><label> <span class=\"wpcf7-form-control-wrap\" data-name=\"your-phone\"><input size=\"40\" class=\"wpcf7-form-control wpcf7-text wpcf7-validates-as-required\" aria-required=\"true\" aria-invalid=\"false\" value=\"\" type=\"text\" name=\"your-phone\" \/><\/span> <\/label>\n\t<\/p>\n<\/div>\n<div class = \"bs_cf_company\">\n\t<p class=\"contact_title\">Nome da Empresa*\n\t<\/p>\n\t<p><label> <span class=\"wpcf7-form-control-wrap\" data-name=\"your-company\"><input size=\"40\" class=\"wpcf7-form-control wpcf7-text wpcf7-validates-as-required\" aria-required=\"true\" aria-invalid=\"false\" value=\"\" type=\"text\" name=\"your-company\" \/><\/span> <\/label>\n\t<\/p>\n<\/div>\n<div class = \"bs_cf_country\">\n\t<p class=\"contact_title\">Pa\u00eds\n\t<\/p>\n\t<p><label> <span class=\"wpcf7-form-control-wrap\" data-name=\"country\"><select class=\"wpcf7-form-control wpcf7-select\" aria-invalid=\"false\" name=\"country\"><option value=\"\"><\/option><option value=\"Afghanistan\">Afeganist\u00e3o<\/option><option value=\"Albania\">Alb\u00e2nia<\/option><option value=\"Algeria\">Arg\u00e9lia<\/option><option value=\"American Samoa\">Samoa Americana<\/option><option value=\"Andorra\">Andorra<\/option><option value=\"Angola\">Angola<\/option><option value=\"Anguilla\">Anguilla<\/option><option value=\"Antigua and Barbuda\">Ant\u00edgua e Barbuda<\/option><option value=\"Argentina\">Argentina<\/option><option value=\"Armenia\">Arm\u00eania<\/option><option value=\"Armenia\">Arm\u00eania<\/option><option value=\"Aruba\">Aruba<\/option><option value=\"Australia\">Austr\u00e1lia<\/option><option value=\"Austria\">\u00c1ustria<\/option><option value=\"Azerbaijan\">Azerbaij\u00e3o<\/option><option value=\"Azerbaijan\">Azerbaij\u00e3o<\/option><option value=\"Bahamas\">Bahamas<\/option><option value=\"Bahrain\">Bahrein<\/option><option value=\"Bangladesh\">Bangladesh<\/option><option value=\"Barbados\">Barbados<\/option><option value=\"Belarus\">Bielorr\u00fassia<\/option><option value=\"Belgium\">B\u00e9lgica<\/option><option value=\"Belize\">Belize<\/option><option value=\"Benin\">Benim<\/option><option value=\"Bermuda\">Bermudas<\/option><option value=\"Bhutan\">But\u00e3o<\/option><option value=\"Bolivia\">Bol\u00edvia<\/option><option value=\"Bonaire\">Bonaire<\/option><option value=\"Bosnia and Herzegovina\">B\u00f3snia e Herzegovina<\/option><option value=\"Botswana\">Botswana<\/option><option value=\"Bouvet Island (Bouvetoya)\">Ilha Bouvet (Bouvetoya)<\/option><option value=\"Brazil\">Brasil<\/option><option value=\"British Indian Ocean Territory (Chagos Archipelago)\">Territ\u00f3rio Brit\u00e2nico do Oceano \u00cdndico (Arquip\u00e9lago de Chagos)<\/option><option value=\"British Virgin Islands\">Ilhas Virgens Brit\u00e2nicas<\/option><option value=\"Brunei Darussalam\">Brunei Darussalam<\/option><option value=\"Bulgaria\">Bulg\u00e1ria<\/option><option value=\"Burkina Faso\">Burkina Faso<\/option><option value=\"Burundi\">Burundi<\/option><option value=\"Canada\">Canad\u00e1<\/option><option value=\"Cambodia\">Cambodja<\/option><option value=\"Cameroon\">Camar\u00f5es<\/option><option value=\"Cape Verde\">Cabo Verde<\/option><option value=\"Cayman Islands\">Ilhas Cayman<\/option><option value=\"Central African Republic\">Rep\u00fablica Centro-Africana<\/option><option value=\"Chad\">Chade<\/option><option value=\"Chile\">Chile<\/option><option value=\"China\">China<\/option><option value=\"Christmas Island\">Ilha Christmas<\/option><option value=\"Cocos (Keeling) Islands\">Ilhas Cocos (Keeling)<\/option><option value=\"Colombia\">Col\u00f4mbia<\/option><option value=\"Comoros\">Comores<\/option><option value=\"Congo\">Congo<\/option><option value=\"Congo\">Congo<\/option><option value=\"Cook Islands\">Ilhas Cook<\/option><option value=\"Costa Rica\">Costa Rica<\/option><option value=\"Cote d&#039;Ivoire\">Costa do Marfim<\/option><option value=\"Croatia\">Cro\u00e1cia<\/option><option value=\"Cuba\">Cuba<\/option><option value=\"Cura\u00e7ao\">Cura\u00e7ao<\/option><option value=\"Cyprus\">Chipre<\/option><option value=\"Cyprus\">Chipre<\/option><option value=\"Czech Republic\">Rep\u00fablica Tcheca<\/option><option value=\"Denmark\">Dinamarca<\/option><option value=\"Djibouti\">Djibuti<\/option><option value=\"Dominica\">Dominica<\/option><option value=\"Dominican Republic\">Rep\u00fablica Dominicana<\/option><option value=\"Ecuador\">Equador<\/option><option value=\"Egypt\">Egito<\/option><option value=\"El Salvador\">El Salvador<\/option><option value=\"Equatorial Guinea\">Guin\u00e9 Equatorial<\/option><option value=\"Eritrea\">Eritreia<\/option><option value=\"Estonia\">Est\u00f4nia<\/option><option value=\"Ethiopia\">Eti\u00f3pia<\/option><option value=\"Falkland Islands (Malvinas)\">Ilhas Malvinas (Falkland)<\/option><option value=\"Faroe Islands\">Ilhas Faroe<\/option><option value=\"Fiji\">Fiji<\/option><option value=\"Finland\">Finl\u00e2ndia<\/option><option value=\"France\">Fran\u00e7a<\/option><option value=\"French Guiana\">Guiana Francesa<\/option><option value=\"French Polynesia\">Polin\u00e9sia Francesa<\/option><option value=\"French Southern Territories\">Territ\u00f3rios Franceses do Sul<\/option><option value=\"Gabon\">Gab\u00e3o<\/option><option value=\"Gambia\">G\u00e2mbia<\/option><option value=\"Georgia\">Ge\u00f3rgia<\/option><option value=\"Germany\">Alemanha<\/option><option value=\"Ghana\">Gana<\/option><option value=\"Gibraltar\">Gibraltar<\/option><option value=\"Greece\">Gr\u00e9cia<\/option><option value=\"Greenland\">Groenl\u00e2ndia<\/option><option value=\"Grenada\">Granada<\/option><option value=\"Guadeloupe\">Guadalupe<\/option><option value=\"Guam\">Guam<\/option><option value=\"Guatemala\">Guatemala<\/option><option value=\"Guernsey\">Guernsey<\/option><option value=\"Guinea\">Guin\u00e9<\/option><option value=\"Guinea-Bissau\">Guin\u00e9-Bissau<\/option><option value=\"Guyana\">Guiana<\/option><option value=\"Haiti\">Haiti<\/option><option value=\"Heard Island and McDonald Islands\">Ilha Heard e Ilhas McDonald<\/option><option value=\"Holy See (Vatican City State)\">Santa S\u00e9 (Estado da Cidade do Vaticano)<\/option><option value=\"Honduras\">Honduras<\/option><option value=\"Hong Kong\">Hong Kong<\/option><option value=\"Hungary\">Hungria<\/option><option value=\"Iceland\">Isl\u00e2ndia<\/option><option value=\"India\">\u00cdndia<\/option><option value=\"Indonesia\">Indon\u00e9sia<\/option><option value=\"Iran\">Ir\u00e3<\/option><option value=\"Iraq\">Iraque<\/option><option value=\"Ireland\">Irlanda<\/option><option value=\"Isle of Man\">Ilha de Man<\/option><option value=\"Israel\">Israel<\/option><option value=\"Italy\">It\u00e1lia<\/option><option value=\"Jamaica\">Jamaica<\/option><option value=\"Japan\">Jap\u00e3o<\/option><option value=\"Jersey\">Jersey<\/option><option value=\"Jordan\">Jord\u00e2nia<\/option><option value=\"Kazakhstan\">Cazaquist\u00e3o<\/option><option value=\"Kazakhstan\">Cazaquist\u00e3o<\/option><option value=\"Kenya\">Qu\u00eania<\/option><option value=\"Kiribati\">Kiribati<\/option><option value=\"Korea\">Coreia<\/option><option value=\"Korea\">Coreia<\/option><option value=\"Kuwait\">Kuwait<\/option><option value=\"Kyrgyz Republic\">Rep\u00fablica Kirguisa<\/option><option value=\"Lao People&#039;s Democratic Republic\">Rep\u00fablica Popular Democr\u00e1tica do Laos<\/option><option value=\"Latvia\">Let\u00f4nia<\/option><option value=\"Lebanon\">L\u00edbano<\/option><option value=\"Lesotho\">Lesoto<\/option><option value=\"Liberia\">Lib\u00e9ria<\/option><option value=\"Libyan Arab Jamahiriya\">Jamahiriya \u00c1rabe L\u00edbia<\/option><option value=\"Liechtenstein\">Liechtenstein<\/option><option value=\"Lithuania\">Litu\u00e2nia<\/option><option value=\"Luxembourg\">Luxemburgo<\/option><option value=\"Macao\">Macau<\/option><option value=\"Macedonia\">Maced\u00f4nia<\/option><option value=\"Madagascar\">Madagascar<\/option><option value=\"Malawi\">Malawi<\/option><option value=\"Malaysia\">Mal\u00e1sia<\/option><option value=\"Maldives\">Maldivas<\/option><option value=\"Mali\">Mali<\/option><option value=\"Malta\">Malta<\/option><option value=\"Marshall Islands\">Ilhas Marshall<\/option><option value=\"Martinique\">Martinica<\/option><option value=\"Mauritania\">Maurit\u00e2nia<\/option><option value=\"Mauritius\">Maur\u00edcio<\/option><option value=\"Mayotte\">Mayotte<\/option><option value=\"Mexico\">M\u00e9xico<\/option><option value=\"Micronesia\">Micron\u00e9sia<\/option><option value=\"Moldova\">Mold\u00e1via<\/option><option value=\"Monaco\">M\u00f4naco<\/option><option value=\"Mongolia\">Mong\u00f3lia<\/option><option value=\"Montenegro\">Montenegro<\/option><option value=\"Montserrat\">Montserrat<\/option><option value=\"Morocco\">Marrocos<\/option><option value=\"Mozambique\">Mo\u00e7ambique<\/option><option value=\"Myanmar\">Myanmar<\/option><option value=\"Namibia\">Nam\u00edbia<\/option><option value=\"Nauru\">Nauru<\/option><option value=\"Nepal\">Nepal<\/option><option value=\"Netherlands\">Pa\u00edses Baixos<\/option><option value=\"Netherlands Antilles\">Antilhas Holandesas<\/option><option value=\"New Caledonia\">Nova Caled\u00f4nia<\/option><option value=\"New Zealand\">Nova Zel\u00e2ndia<\/option><option value=\"Nicaragua\">Nicar\u00e1gua<\/option><option value=\"Niger\">N\u00edger<\/option><option value=\"Nigeria\">Nig\u00e9ria<\/option><option value=\"Niue\">Niue<\/option><option value=\"Norfolk Island\">Ilha Norfolk<\/option><option value=\"Northern Mariana Islands\">Ilhas Marianas do Norte<\/option><option value=\"Norway\">Noruega<\/option><option value=\"Oman\">Om\u00e3<\/option><option value=\"Pakistan\">Paquist\u00e3o<\/option><option value=\"Palau\">Palau<\/option><option value=\"Palestinian Territory\">Territ\u00f3rio Palestino<\/option><option value=\"Panama\">Panam\u00e1<\/option><option value=\"Papua New Guinea\">Papua-Nova Guin\u00e9<\/option><option value=\"Paraguay\">Paraguai<\/option><option value=\"Peru\">Peru<\/option><option value=\"Philippines\">Filipinas<\/option><option value=\"Pitcairn Islands\">Ilhas Pitcairn<\/option><option value=\"Poland\">Pol\u00f4nia<\/option><option value=\"Portugal\">Portugal<\/option><option value=\"Puerto Rico\">Porto Rico<\/option><option value=\"Qatar\">Catar<\/option><option value=\"Reunion\">Reuni\u00e3o<\/option><option value=\"Romania\">Rom\u00eania<\/option><option value=\"Russian Federation\">Federa\u00e7\u00e3o Russa<\/option><option value=\"Rwanda\">Ruanda<\/option><option value=\"Saint Barthelemy\">Saint Barthelemy<\/option><option value=\"Saint Helena\">Santa Helena<\/option><option value=\"Saint Kitts and Nevis\">S\u00e3o Crist\u00f3v\u00e3o e Nevis<\/option><option value=\"Saint Lucia\">Santa L\u00facia<\/option><option value=\"Saint Martin\">S\u00e3o Martinho<\/option><option value=\"Saint Pierre and Miquelon\">S\u00e3o Pedro e Miquel\u00e3o<\/option><option value=\"Saint Vincent and the Grenadines\">S\u00e3o Vicente e Granadinas<\/option><option value=\"Samoa\">Samoa<\/option><option value=\"San Marino\">San Marino<\/option><option value=\"Sao Tome and Principe\">S\u00e3o Tom\u00e9 e Pr\u00edncipe<\/option><option value=\"Saudi Arabia\">Ar\u00e1bia Saudita<\/option><option value=\"Senegal\">Senegal<\/option><option value=\"Serbia\">S\u00e9rvia<\/option><option value=\"Seychelles\">Seychelles<\/option><option value=\"Sierra Leone\">Serra Leoa<\/option><option value=\"Singapore\">Singapura<\/option><option value=\"Sint Maarten (Netherlands)\">Sint Maarten (Holanda)<\/option><option value=\"Slovakia (Slovak Republic)\">Eslov\u00e1quia (Rep\u00fablica Eslovaca)<\/option><option value=\"Slovenia\">Eslov\u00eania<\/option><option value=\"Solomon Islands\">Ilhas Salom\u00e3o<\/option><option value=\"Somalia\">Som\u00e1lia<\/option><option value=\"South Africa\">\u00c1frica do Sul<\/option><option value=\"South Georgia &amp; S. Sandwich Islands\">Ilha de Ge\u00f3rgia do Sul e Ilhas Sandwich do Sul<\/option><option value=\"Spain\">Espanha<\/option><option value=\"Sri Lanka\">Sri Lanka<\/option><option value=\"Sudan\">Sud\u00e3o<\/option><option value=\"Suriname\">Suriname<\/option><option value=\"Svalbard &amp; Jan Mayen Islands\">Ilhas Svalbard e Jan Mayen<\/option><option value=\"Swaziland\">Suazil\u00e2ndia<\/option><option value=\"Sweden\">Su\u00e9cia<\/option><option value=\"Switzerland\">Su\u00ed\u00e7a<\/option><option value=\"Syrian Arab Republic\">Rep\u00fablica \u00c1rabe S\u00edria<\/option><option value=\"Taiwan\">Taiwan<\/option><option value=\"Tajikistan\">Tadjiquist\u00e3o<\/option><option value=\"Tanzania\">Tanz\u00e2nia<\/option><option value=\"Thailand\">Tail\u00e2ndia<\/option><option value=\"Timor-Leste\">Timor-Leste<\/option><option value=\"Togo\">Togo<\/option><option value=\"Tokelau\">Tokelau<\/option><option value=\"Tonga\">Tonga<\/option><option value=\"Trinidad and Tobago\">Trindade e Tobago<\/option><option value=\"Tunisia\">Tun\u00edsia<\/option><option value=\"Turkey\">Turquia<\/option><option value=\"Turkey\">Turquia<\/option><option value=\"Turkmenistan\">Turquemenist\u00e3o<\/option><option value=\"Turks and Caicos Islands\">Ilhas Turcas e Caicos<\/option><option value=\"Tuvalu\">Tuvalu<\/option><option value=\"U.S. Virgin Islands\">Ilhas Virgens dos EUA<\/option><option value=\"U.S. Minor Outlying Islands\">Ilhas Menores Distantes dos EUA<\/option><option value=\"Uganda\">Uganda<\/option><option value=\"Ukraine\">Ucr\u00e2nia<\/option><option value=\"United Arab Emirates\">Emirados \u00c1rabes Unidos<\/option><option value=\"Uruguay\">Uruguai<\/option><option value=\"Uzbekistan\">Uzbequist\u00e3o<\/option><option value=\"United Kingdom\">Reino Unido<\/option><option value=\"United States\">Estados Unidos<\/option><option value=\"Vanuatu\">Vanuatu<\/option><option value=\"Venezuela\">Venezuela<\/option><option value=\"Vietnam\">Vietn\u00e3<\/option><option value=\"Wallis and Futuna\">Wallis e Futuna<\/option><option value=\"Western Sahara\">Saara Ocidental<\/option><option value=\"Yemen\">I\u00eamen<\/option><option value=\"Zambia\">Z\u00e2mbia<\/option><option value=\"Zimbabwe\">Zimb\u00e1bue<\/option><\/select><\/span><\/label>\n\t<\/p>\n<\/div>\n<div class = \"bs_cf_message\">\n\t<p class=\"contact_title\">Mensagem\n\t<\/p>\n\t<p><span class=\"wpcf7-form-control-wrap\" data-name=\"your-message\"><textarea cols=\"40\" rows=\"10\" class=\"wpcf7-form-control wpcf7-textarea\" aria-invalid=\"false\" name=\"your-message\"><\/textarea><\/span>\n\t<\/p>\n<\/div>\n<div class = \"bs_cf_file\">\n\t<p class=\"contact_title\">Envie Seu Arquivo Aqui\n\t<\/p>\n\t<p>M\u00daLTIPLOS ARQUIVOS DEVEM ESTAR EM UM FORMATO DE ARQUIVO COMPRIMIDO.\n\t<\/p>\n\t<p>Por favor, inclua: BOM, ARQUIVO GERBER\/PCB para cota\u00e7\u00e3o.\n\t<\/p>\n\t<p><span class=\"wpcf7-form-control-wrap\" data-name=\"file-159\"><input size=\"40\" class=\"wpcf7-form-control wpcf7-file\" accept=\"image\/*,.txt,application\/pdf,.zip,.tgz,.7z,.tar,.dxf,.dwg,.xlsx,.xls,.doc,.docx,.xps,.csv,.rtf,.jpg\" aria-invalid=\"false\" type=\"file\" name=\"file-159\" \/><\/span>\n\t<\/p>\n\t<p class=\"contact_detail\">Tipo de arquivo enviado aceito: zip, tgz, 7z, tar, pdf, dxf, dwg, xlsx, xls, doc, docx, txt, xps, csv, rtf, jpg. Tamanho m\u00e1ximo do arquivo: 25 MB\n\t<\/p>\n<\/div>\n<p><input class=\"wpcf7-form-control has-spinner wpcf7-submit\" type=\"submit\" value=\"Enviar\" \/>\n<\/p><div class=\"wpcf7-response-output\" aria-hidden=\"true\"><\/div>\n<input type=\"hidden\" name=\"trp-form-language\" value=\"pt_br\"\/><\/form>\n<\/div>\n\n<\/div><\/div>\n<\/div><\/div>\n\n\n\n<div class = \"bs_logos_outer_group\">\n  <div class = \"bs_logos_outer_group_inner\">\n    <div class = 'base_why_us_same_header'>\n        <h2>Empresas que confiam em n\u00f3s<\/h2>\n    <\/div>\n    <div class=\"bs_logos\">\n      <div class=\"bs_logos_slide\">\n        <img decoding=\"async\" src=\"https:\/\/www.besterpcba.com\/wp-content\/uploads\/2021\/10\/UL-RED.png\" \/>\n        <img decoding=\"async\" src=\"https:\/\/www.besterpcba.com\/wp-content\/uploads\/2021\/10\/logo-ipc-2.png\" \/>\n        <img decoding=\"async\" src=\"https:\/\/www.besterpcba.com\/wp-content\/uploads\/2021\/10\/rohs-green.png\" \/>\n      <\/div>\n    <\/div>\n  <\/div>\n<\/div>\n\n<script>\n  var copy = document.querySelector(\".bs_logos_slide\").cloneNode(true);\n  document.querySelector(\".bs_logos\").appendChild(copy);\n<\/script>\n\n\n\n<script>(function() {\nfunction onTidioChatApiReady() {\nwindow.tidioChatApi.hide();\n}\n\nif (window.tidioChatApi) {\nwindow.tidioChatApi.on(\"ready\", onTidioChatApiReady);\n}\n\ndocument.querySelector(\".chat-button\").addEventListener(\"click\", function() {\nwindow.tidioChatApi.show();\nwindow.tidioChatApi.open();\n});\n})();<\/script>","protected":false},"excerpt":{"rendered":"","protected":false},"author":1,"featured_media":0,"parent":0,"menu_order":0,"comment_status":"closed","ping_status":"closed","template":"","meta":{"article_term":"","article_term_alternate":"","article_term_def":"","article_hook":"","auto_links":"","article_topic":"","article_fact_check":"","mt_social_share":"","mt_content_meta":"","mt_glossary_display":"","glossary_heading":"","glossary":"","glossary_alter":"","glossary_def":"","article_task":"","footnotes":""},"class_list":["post-6125","page","type-page","status-publish"],"_links":{"self":[{"href":"https:\/\/www.besterpcba.com\/pt_br\/wp-json\/wp\/v2\/pages\/6125","targetHints":{"allow":["GET"]}}],"collection":[{"href":"https:\/\/www.besterpcba.com\/pt_br\/wp-json\/wp\/v2\/pages"}],"about":[{"href":"https:\/\/www.besterpcba.com\/pt_br\/wp-json\/wp\/v2\/types\/page"}],"author":[{"embeddable":true,"href":"https:\/\/www.besterpcba.com\/pt_br\/wp-json\/wp\/v2\/users\/1"}],"replies":[{"embeddable":true,"href":"https:\/\/www.besterpcba.com\/pt_br\/wp-json\/wp\/v2\/comments?post=6125"}],"version-history":[{"count":11,"href":"https:\/\/www.besterpcba.com\/pt_br\/wp-json\/wp\/v2\/pages\/6125\/revisions"}],"predecessor-version":[{"id":6959,"href":"https:\/\/www.besterpcba.com\/pt_br\/wp-json\/wp\/v2\/pages\/6125\/revisions\/6959"}],"wp:attachment":[{"href":"https:\/\/www.besterpcba.com\/pt_br\/wp-json\/wp\/v2\/media?parent=6125"}],"curies":[{"name":"wp","href":"https:\/\/api.w.org\/{rel}","templated":true}]}}